{"id":6201,"date":"2021-05-19T05:29:24","date_gmt":"2021-05-19T02:29:24","guid":{"rendered":"https:\/\/groupflorence.com\/en\/?page_id=6201"},"modified":"2022-08-25T09:56:30","modified_gmt":"2022-08-25T06:56:30","slug":"mehmet-ezelsoy-m-d","status":"publish","type":"page","link":"https:\/\/groupflorence.com\/sv\/doctors\/mehmet-ezelsoy-m-d\/","title":{"rendered":"Mehmet Ezelsoy, M.D."},"content":{"rendered":"<section id=\"bt_section69ec97e93d4c5\"  class=\"boldSection gutter\" ><div class=\"port\"><div class=\"boldCell\"><div class=\"boldCellInner\"><div class=\"boldRow  \" ><div class=\"boldRowInner\"><div class=\"rowItem col-md-4 col-ms-12 btTextLeft inherit btDoublePadding\"  ><div class=\"rowItemContent\" ><div class=\"btClear btSeparator bottomExtraSpaced noBorder\" ><hr><\/div><header class=\"header btClear medium btDash topDash  btAccentDash bt_bb_hidden_sm bt_bb_hidden_md bt_bb_hidden_lg\" ><div class=\"dash\"><h3><span class=\"headline\">Mehmet Ezelsoy, M.D.<\/span><\/h3><\/div><\/header><div class=\"btClear btSeparator bottomSemiSpaced noBorder\" ><hr><\/div><div class=\"bpgPhoto btTextCenter\" ><div class=\"btImage\"><img decoding=\"async\" src=\"https:\/\/groupflorence.com\/sv\/wp-content\/uploads\/2021\/05\/mehmet-ezelsoy.jpg\" alt=\"\" title=\"\"><\/div><\/div><\/div><\/div><div class=\"rowItem col-md-8 col-ms-12 btTextLeft inherit\"  ><div class=\"rowItemContent\" ><div class=\"btClear btSeparator bottomSpaced noBorder bt_bb_hidden_xs bt_bb_hidden_ms\" ><hr><\/div><header class=\"header btClear medium btDash topDash  btAccentDash bt_bb_hidden_xs bt_bb_hidden_ms\" ><div class=\"dash\"><h3><span class=\"headline\">Mehmet Ezelsoy, M.D.<\/span><\/h3><\/div><\/header><div class=\"btClear btSeparator bottomSemiSpaced noBorder bt_bb_hidden_xs bt_bb_hidden_ms\" ><hr><\/div><div class=\"btClear btSeparator bottomSemiSpaced noBorder bt_bb_hidden_sm bt_bb_hidden_md bt_bb_hidden_lg\" ><hr><\/div><div class=\"btText\" ><h3 style=\"text-align: left;\"><strong>Education<\/strong><\/h3>\n<p style=\"text-align: left;\"><strong>2020<\/strong><\/p>\n<p style=\"text-align: left;\">Istanbul Florence Nightingale Hospital<\/p>\n<p style=\"text-align: left;\">Cardiac Surgery<\/p>\n<p style=\"text-align: left;\"><strong>2016<\/strong><\/p>\n<p style=\"text-align: left;\">\u015ei\u015fli Florence Nightingale Hospital<\/p>\n<p style=\"text-align: left;\">Cardiac Surgery<\/p>\n<p style=\"text-align: left;\"><strong>2014 &#8211; 2015<\/strong><\/p>\n<p style=\"text-align: left;\">Antakya State Hospital<\/p>\n<p style=\"text-align: left;\">Specialist Doctor (Compulsory Service)<\/p>\n<p style=\"text-align: left;\"><strong>2013<\/strong><\/p>\n<p style=\"text-align: left;\">University Hospital of Liege, Belgium<\/p>\n<p style=\"text-align: left;\">Specialist Doctor (Compulsory Service)<\/p>\n<p style=\"text-align: left;\"><strong>2008 &#8211; 2013<\/strong><\/p>\n<p style=\"text-align: left;\">Istanbul Bilim University<\/p>\n<p style=\"text-align: left;\">PhD \/ S. Proficiency \/ Medical Specialization &#8211; Cardiovascular Surgery<\/p>\n<p style=\"text-align: left;\"><strong>2008 &#8211; 2013<\/strong><\/p>\n<p style=\"text-align: left;\">Istanbul Bilim University<\/p>\n<p style=\"text-align: left;\">Research Assistant<\/p>\n<p style=\"text-align: left;\"><strong>2000 &#8211; 2007<\/strong><\/p>\n<p style=\"text-align: left;\">Istanbul Bilim University<\/p>\n<p style=\"text-align: left;\">Undergraduate \/ Faculty of Medicine<\/p>\n<p style=\"text-align: left;\"><strong>\u00a0<\/strong><\/p>\n<h3 style=\"text-align: left;\"><strong>Memberships<\/strong><\/h3>\n<p style=\"text-align: left;\">Turkish Society of Cardiovascular Surgery<\/p>\n<p style=\"text-align: left;\">National Vascular and Endovascular Surgery Association<\/p>\n<p style=\"text-align: left;\">The International Society for Minimally Invasive Cardiothoracic Surgery<\/p>\n<p style=\"text-align: left;\"><strong>\u00a0<\/strong><\/p>\n<h3 style=\"text-align: left;\"><strong>Publications<\/strong><\/h3>\n<ul style=\"text-align: center;\">\n<li style=\"text-align: left;\">Bayramoglu Z. , Caynak B. , Ezelsoy M. , Oral K. , Sagbas E. , Akp\u0131nar B. Angiographic evaluation of graft patency in robotic-assisted coronary artery bypass surgery: 8 year follow-up. Int J Med Robot. 2013 Dec 2. doi: 10. 1002\/rcs.1553.<\/li>\n<li style=\"text-align: left;\">Ozkara A, Ezelsoy M, Onat L, Sanisoglu I. Type B Interrupted Aorta in Adults. Heart Surg Forum. 2014 Apr;17(2):E80-1. doi: 10. 1532\/HSF98.2013309.<\/li>\n<li style=\"text-align: left;\">Kerem Oral, Mehmet Ezelsoy, Kemal Ayalp, Murat Kayabali. Hybrid Vascular Surgery Approaches for Multilevel Arterial Occlusive Disease.The Heart Surgery Forum #2014-390 18 (1), 2015 \u00a0doi: 10.1532\/HSF98.2014390<\/li>\n<li style=\"text-align: left;\">Mehmet Ezelsoy, Ali Coner, Okan Cicek. Severe Upper Gastrointestinal Bleeding from Aortoenteric Fistula: A Late Complication of Esophagojejunostomy. The Heart Surgery Forum #2015-508 18 (1), 2015 doi: 10. 1532\/HSF98.2015508<\/li>\n<li style=\"text-align: left;\">Mehmet Ezelsoy, Baris Caynak, Muhammed Bayram, Kerem Oral, Zehra Bayramoglu, Ertan Sagbas, Vedat Aytekin, Belhhan Akp\u0131nar. The Comparison between Minimally Invasive Coronary Bypass Grafting Surgery and Conventional Bypass Grafting Surgery in Proximal LAD Lesion. The Heart Surgery Forum #2015-471 18 (2), 2015 doi: 10. 1532\/hsf.1239<\/li>\n<li style=\"text-align: left;\">Mehmet Ezelsoy, Gorkem Turunc, Muhammed Bayram. \u00a0Early Outcomes of Pharmacomechanical Thrombectomy in Acute Deep Vein Thrombosis Patients. \u00a0The Heart Surgery Forum #2015-1307 \u00a018 (5), 2015 \u00a0doi: 10.1532\/hsf.1307<\/li>\n<li style=\"text-align: left;\">\u00a0Mehmet Ezelsoy, Kerem Oral, Baris Caynak, Zehra Bayramoglu, Belhhan Akpinar. Pain and the Quality of Life Following Robotic Assisted Minimally Invasive Surgery. The Heart Surgery Forum #2016-1606 \u00a019 (4), 2016 doi: 10.1532\/hsf.1606<\/li>\n<li style=\"text-align: left;\">Muhammed Bayram, Mehmet Ezelsoy, Emrah Usta, Kerem Oral, Ayten Sara\u00e7o\u011flu, Zehra Bayramo\u011flu, \u00d6zg\u00fcr Y\u0131ld\u0131r\u0131m. Rapid Detection of Acute Kidney Injury by Urinary Neutrophil Gelatinase-Associated Lipocalin in Patients Undergoing Cardiopulmonary Bypass. Turk J Anaesth Reanim 2014; 42: 239-44 doi: 10.5152 \/TJAR.2014.65668<\/li>\n<li style=\"text-align: left;\">Uluslararas\u0131 Bilimsel Toplant\u0131larda Sunulan ve Bildiri Kitab\u0131nda Bas\u0131lan Bildiriler<\/li>\n<li style=\"text-align: left;\">Z.Bayramo\u011flu, M.Ezelsoy, B.\u00c7aynak, O.Y\u0131ld\u0131z, E.Sa\u011fba\u015f, N.Yaz\u0131c\u0131o\u011flu, B.Akp\u0131nar. Surgical placement of left ventricular lead for cardiac resynchronization therapy after failure of percutaneous attempts (OP-354) &#8211; 9th Annual Congress of Update on Cardiology and Cardiovascular Surgery Antalya; T\u00fcrkiye, Mart 2013<\/li>\n<li style=\"text-align: left;\">Nurcan Arat Koc, G\u00fcltekin Mehmet Ercan, Serkan Kahraman, Mehmet Ezelsoy, Ahmet \u00d6zkara \u2013 \u0130zole aortik ark interrupsiyonu olan bir hastada kardiyak g\u00f6r\u00fcnt\u00fclemenin yorumlanmas\u0131 (PO-029) &#8211; 29th Turkish Cardiology Congress with International Participation Antalya; T\u00fcrkiye, Ekim 2013<\/li>\n<li style=\"text-align: left;\">Saide Aytekin, Selen Yurdakul, \u00d6zlem Y\u0131ld\u0131r\u0131mt\u00fcrk, Alp Burak \u00c7atako\u011flu, Refik Erdim, Ertan Sa\u011fba\u015f, Zehra Bayramo\u011flu, Mehmet Ezelsoy, Emine Alt\u0131nta\u015f, Belhhan Akp\u0131nar, Vedat Aytekin \u2013 Robot Destekli Koroner Baypas Greft Operasyonu Ge\u00e7irmi\u015f Hastalarda LIMA Greft A\u00e7\u0131kl\u0131\u011f\u0131n\u0131n Strain \u0130nceleme ile Kombine Edilmi\u015f Stress Ekokardiyografi ile De\u011ferlendirilmesi (OP-115) &#8211; 29th Turkish Cardiology Congress with International Participation 2013 Antalya; T\u00fcrkiye, Ekim 2013<\/li>\n<li style=\"text-align: left;\">Bayram, M.; Ezelsoy, M.; Usta, E.; Oral, K.; Saracoglu, A.; Bayramoglu, Z. &#8211; Rapid detection of acute kidney injury by urinary neutrophil gelatinase-associated lipocalin in patients undergoing cardiopulmonary bypass surgery (12AP2-8)\u2014 European Journal of Anaesthesiology: June 2014 &#8211; Volume 31 &#8211; Issue &#8211; p 200 Intensive Care Medicine &#8211; Euroanaesthesia 2014 Stockholm; Sweden, Haziran 2014<\/li>\n<li style=\"text-align: left;\">Mehmet Ezelsoy, Bar\u0131\u015f \u00c7aynak, Zehra Bayramo\u011flu, Kerem Oral, Ertan Sa\u011fba\u015f, Belhhan Akp\u0131nar &#8211; Robotically enhanced coronary artery bypass graft surgery: mid-term clinical and angiographic results &#8211; 10 th Annual Meeting of Euro-Asian Bridge 2014 \u0130stanbul; T\u00fcrkiye, Mart 2014<\/li>\n<li style=\"text-align: left;\">Mehmet Ezelsoy, Ali \u00c7oner, Okan \u00c7i\u00e7ek &#8211; \u00a0Severe Upper Gastrointestinal Bleeding From Aortoenteric Fistula: A Late Complication of Esophagojejunostomy (PP-141) &#8211; 11th Annual Congress of Update on Cardiology and Cardiovascular Surgery 2015 \u0130stanbul; T\u00fcrkiye, Mart 2015<\/li>\n<li style=\"text-align: left;\">\u00a0Mehmet Ezelsoy, Kerem Oral, Belhhan Akp\u0131nar &#8211; Pain and The Quality of Life Following Robotic Assisted Minimally Invasive Surgery-<\/li>\n<li style=\"text-align: left;\">10 th Annual Meeting of Euro-Asian Bridge 2016 Beirut; Lebanon, Nisan 2016<\/li>\n<li style=\"text-align: left;\">Kerem Oral, Mehmet Ezelsoy, \u00a0Belhhan Akp\u0131nar &#8211; 10 th Annual Meeting of Euro-Asian Bridge 2016 Beirut; Lebanon, Nisan 2016<\/li>\n<li style=\"text-align: left;\">Ulusal Hakemli Dergilerde Yay\u0131mlanan Makaleler<\/li>\n<li style=\"text-align: left;\">\u00d6zkara A. ve Ezelsoy M. Ekstrakorporeal Dola\u015f\u0131mda Antikoag\u00fclasyon ve N\u00f6tralizasyon. T\u00fcrkiye Klinikleri J Cardiovasc Surg-Special Topics 2012;4(2):33-9<\/li>\n<li style=\"text-align: left;\">Mehmet Ezelsoy, Ali \u0130hsan Hasde, Mehmet Aslan, Mustafa Mavi. Hemodiyaliz hastalar\u0131nda snuff-box arterioven\u00f6z fist\u00fcllerin de\u011ferlendirilmesi. Damar Cerrahi Dergisi, doi: 10.9739 \/uvcd.2015-44207<\/li>\n<li style=\"text-align: left;\">Kerem Oral, Mehmet Ezelsoy. \u0130leri ya\u015f hastada izole iliak arter anevrizmas\u0131. Damar Cerrahi Dergisi, doi: 10.9739 \/uvcd.2014-41820<\/li>\n<li style=\"text-align: left;\">Ali \u0130hsan Hasde, Mehmet Ezelsoy, Mustafa \u00d6zg\u00fcr, Mehmet Aslan, Mahmut K\u0131\u015f, Mustafa Mavi. Ate\u015fli silah yaralanmalar\u0131nda \u00fcst ekstremite arteriyel yaralanmalar\u0131n\u0131n de\u011ferlendirilmesi. Damar Cerrahi Dergisi, doi: 10.9739\/uvcd.2015-47468<\/li>\n<\/ul>\n<\/div><div class=\"btClear btSeparator bottomSemiSpaced noBorder\" ><hr><\/div><\/div><\/div><\/div><\/div><\/div><\/div><\/div><\/section>","protected":false},"excerpt":{"rendered":"","protected":false},"author":1,"featured_media":0,"parent":4328,"menu_order":0,"comment_status":"closed","ping_status":"closed","template":"","meta":{"footnotes":""},"class_list":["post-6201","page","type-page","status-publish","hentry"],"yoast_head":"<!-- This site is optimized with the Yoast SEO plugin v22.2 - https:\/\/yoast.com\/wordpress\/plugins\/seo\/ -->\n<title>Mehmet Ezelsoy, M.D. - Group Florence Nightingale Hospitals<\/title>\n<meta name=\"robots\" content=\"index, follow, max-snippet:-1, max-image-preview:large, max-video-preview:-1\" \/>\n<link rel=\"canonical\" href=\"https:\/\/groupflorence.com\/sv\/doctors\/mehmet-ezelsoy-m-d\/\" \/>\n<meta property=\"og:locale\" content=\"en_US\" \/>\n<meta property=\"og:type\" content=\"article\" \/>\n<meta property=\"og:title\" content=\"Mehmet Ezelsoy, M.D. - Group Florence Nightingale Hospitals\" \/>\n<meta property=\"og:url\" content=\"https:\/\/groupflorence.com\/sv\/doctors\/mehmet-ezelsoy-m-d\/\" \/>\n<meta property=\"og:site_name\" content=\"Group Florence Nightingale Hospitals\" \/>\n<meta property=\"article:publisher\" content=\"https:\/\/www.facebook.com\/groupflorence\" \/>\n<meta property=\"article:modified_time\" content=\"2022-08-25T06:56:30+00:00\" \/>\n<meta name=\"twitter:card\" content=\"summary_large_image\" \/>\n<meta name=\"twitter:label1\" content=\"Est. reading time\" \/>\n\t<meta name=\"twitter:data1\" content=\"6 minutes\" \/>\n<script type=\"application\/ld+json\" class=\"yoast-schema-graph\">{\"@context\":\"https:\/\/schema.org\",\"@graph\":[{\"@type\":\"WebPage\",\"@id\":\"https:\/\/groupflorence.com\/sv\/doctors\/mehmet-ezelsoy-m-d\/\",\"url\":\"https:\/\/groupflorence.com\/sv\/doctors\/mehmet-ezelsoy-m-d\/\",\"name\":\"Mehmet Ezelsoy, M.D. - Group Florence Nightingale Hospitals\",\"isPartOf\":{\"@id\":\"https:\/\/groupflorence.com\/sv\/#website\"},\"datePublished\":\"2021-05-19T02:29:24+00:00\",\"dateModified\":\"2022-08-25T06:56:30+00:00\",\"breadcrumb\":{\"@id\":\"https:\/\/groupflorence.com\/sv\/doctors\/mehmet-ezelsoy-m-d\/#breadcrumb\"},\"inLanguage\":\"en-US\",\"potentialAction\":[{\"@type\":\"ReadAction\",\"target\":[\"https:\/\/groupflorence.com\/sv\/doctors\/mehmet-ezelsoy-m-d\/\"]}]},{\"@type\":\"BreadcrumbList\",\"@id\":\"https:\/\/groupflorence.com\/sv\/doctors\/mehmet-ezelsoy-m-d\/#breadcrumb\",\"itemListElement\":[{\"@type\":\"ListItem\",\"position\":1,\"name\":\"Home\",\"item\":\"https:\/\/groupflorence.com\/sv\/\"},{\"@type\":\"ListItem\",\"position\":2,\"name\":\"Doctors\",\"item\":\"https:\/\/groupflorence.com\/sv\/doctors\/\"},{\"@type\":\"ListItem\",\"position\":3,\"name\":\"Mehmet Ezelsoy, M.D.\"}]},{\"@type\":\"WebSite\",\"@id\":\"https:\/\/groupflorence.com\/sv\/#website\",\"url\":\"https:\/\/groupflorence.com\/sv\/\",\"name\":\"Group Florence Nightingale Hospitals\",\"description\":\"\",\"publisher\":{\"@id\":\"https:\/\/groupflorence.com\/sv\/#organization\"},\"potentialAction\":[{\"@type\":\"SearchAction\",\"target\":{\"@type\":\"EntryPoint\",\"urlTemplate\":\"https:\/\/groupflorence.com\/sv\/?s={search_term_string}\"},\"query-input\":\"required name=search_term_string\"}],\"inLanguage\":\"en-US\"},{\"@type\":\"Organization\",\"@id\":\"https:\/\/groupflorence.com\/sv\/#organization\",\"name\":\"Group Florence Nightingale Hospitals\",\"url\":\"https:\/\/groupflorence.com\/sv\/\",\"logo\":{\"@type\":\"ImageObject\",\"inLanguage\":\"en-US\",\"@id\":\"https:\/\/groupflorence.com\/sv\/#\/schema\/logo\/image\/\",\"url\":\"https:\/\/groupflorence.com\/en\/wp-content\/uploads\/2021\/01\/gf-logotype-transparent-miniversion.png\",\"contentUrl\":\"https:\/\/groupflorence.com\/en\/wp-content\/uploads\/2021\/01\/gf-logotype-transparent-miniversion.png\",\"width\":245,\"height\":55,\"caption\":\"Group Florence Nightingale Hospitals\"},\"image\":{\"@id\":\"https:\/\/groupflorence.com\/sv\/#\/schema\/logo\/image\/\"},\"sameAs\":[\"https:\/\/www.facebook.com\/groupflorence\",\"https:\/\/www.instagram.com\/group_florence\/\",\"https:\/\/www.youtube.com\/channel\/UC_nlE9Up7N9T68unmJYEnfg\"]}]}<\/script>\n<!-- \/ Yoast SEO plugin. -->","yoast_head_json":{"title":"Mehmet Ezelsoy, M.D. - Group Florence Nightingale Hospitals","robots":{"index":"index","follow":"follow","max-snippet":"max-snippet:-1","max-image-preview":"max-image-preview:large","max-video-preview":"max-video-preview:-1"},"canonical":"https:\/\/groupflorence.com\/sv\/doctors\/mehmet-ezelsoy-m-d\/","og_locale":"en_US","og_type":"article","og_title":"Mehmet Ezelsoy, M.D. - Group Florence Nightingale Hospitals","og_url":"https:\/\/groupflorence.com\/sv\/doctors\/mehmet-ezelsoy-m-d\/","og_site_name":"Group Florence Nightingale Hospitals","article_publisher":"https:\/\/www.facebook.com\/groupflorence","article_modified_time":"2022-08-25T06:56:30+00:00","twitter_card":"summary_large_image","twitter_misc":{"Est. reading time":"6 minutes"},"schema":{"@context":"https:\/\/schema.org","@graph":[{"@type":"WebPage","@id":"https:\/\/groupflorence.com\/sv\/doctors\/mehmet-ezelsoy-m-d\/","url":"https:\/\/groupflorence.com\/sv\/doctors\/mehmet-ezelsoy-m-d\/","name":"Mehmet Ezelsoy, M.D. - Group Florence Nightingale Hospitals","isPartOf":{"@id":"https:\/\/groupflorence.com\/sv\/#website"},"datePublished":"2021-05-19T02:29:24+00:00","dateModified":"2022-08-25T06:56:30+00:00","breadcrumb":{"@id":"https:\/\/groupflorence.com\/sv\/doctors\/mehmet-ezelsoy-m-d\/#breadcrumb"},"inLanguage":"en-US","potentialAction":[{"@type":"ReadAction","target":["https:\/\/groupflorence.com\/sv\/doctors\/mehmet-ezelsoy-m-d\/"]}]},{"@type":"BreadcrumbList","@id":"https:\/\/groupflorence.com\/sv\/doctors\/mehmet-ezelsoy-m-d\/#breadcrumb","itemListElement":[{"@type":"ListItem","position":1,"name":"Home","item":"https:\/\/groupflorence.com\/sv\/"},{"@type":"ListItem","position":2,"name":"Doctors","item":"https:\/\/groupflorence.com\/sv\/doctors\/"},{"@type":"ListItem","position":3,"name":"Mehmet Ezelsoy, M.D."}]},{"@type":"WebSite","@id":"https:\/\/groupflorence.com\/sv\/#website","url":"https:\/\/groupflorence.com\/sv\/","name":"Group Florence Nightingale Hospitals","description":"","publisher":{"@id":"https:\/\/groupflorence.com\/sv\/#organization"},"potentialAction":[{"@type":"SearchAction","target":{"@type":"EntryPoint","urlTemplate":"https:\/\/groupflorence.com\/sv\/?s={search_term_string}"},"query-input":"required name=search_term_string"}],"inLanguage":"en-US"},{"@type":"Organization","@id":"https:\/\/groupflorence.com\/sv\/#organization","name":"Group Florence Nightingale Hospitals","url":"https:\/\/groupflorence.com\/sv\/","logo":{"@type":"ImageObject","inLanguage":"en-US","@id":"https:\/\/groupflorence.com\/sv\/#\/schema\/logo\/image\/","url":"https:\/\/groupflorence.com\/en\/wp-content\/uploads\/2021\/01\/gf-logotype-transparent-miniversion.png","contentUrl":"https:\/\/groupflorence.com\/en\/wp-content\/uploads\/2021\/01\/gf-logotype-transparent-miniversion.png","width":245,"height":55,"caption":"Group Florence Nightingale Hospitals"},"image":{"@id":"https:\/\/groupflorence.com\/sv\/#\/schema\/logo\/image\/"},"sameAs":["https:\/\/www.facebook.com\/groupflorence","https:\/\/www.instagram.com\/group_florence\/","https:\/\/www.youtube.com\/channel\/UC_nlE9Up7N9T68unmJYEnfg"]}]}},"_links":{"self":[{"href":"https:\/\/groupflorence.com\/sv\/wp-json\/wp\/v2\/pages\/6201","targetHints":{"allow":["GET"]}}],"collection":[{"href":"https:\/\/groupflorence.com\/sv\/wp-json\/wp\/v2\/pages"}],"about":[{"href":"https:\/\/groupflorence.com\/sv\/wp-json\/wp\/v2\/types\/page"}],"author":[{"embeddable":true,"href":"https:\/\/groupflorence.com\/sv\/wp-json\/wp\/v2\/users\/1"}],"replies":[{"embeddable":true,"href":"https:\/\/groupflorence.com\/sv\/wp-json\/wp\/v2\/comments?post=6201"}],"version-history":[{"count":3,"href":"https:\/\/groupflorence.com\/sv\/wp-json\/wp\/v2\/pages\/6201\/revisions"}],"predecessor-version":[{"id":6578,"href":"https:\/\/groupflorence.com\/sv\/wp-json\/wp\/v2\/pages\/6201\/revisions\/6578"}],"up":[{"embeddable":true,"href":"https:\/\/groupflorence.com\/sv\/wp-json\/wp\/v2\/pages\/4328"}],"wp:attachment":[{"href":"https:\/\/groupflorence.com\/sv\/wp-json\/wp\/v2\/media?parent=6201"}],"curies":[{"name":"wp","href":"https:\/\/api.w.org\/{rel}","templated":true}]}}