{"id":6193,"date":"2021-05-18T13:05:29","date_gmt":"2021-05-18T10:05:29","guid":{"rendered":"https:\/\/groupflorence.com\/en\/?page_id=6193"},"modified":"2022-08-29T16:06:57","modified_gmt":"2022-08-29T13:06:57","slug":"ali-guven-yorukoglu-md","status":"publish","type":"page","link":"https:\/\/groupflorence.com\/sv\/doctors\/ali-guven-yorukoglu-md\/","title":{"rendered":"Ali G\u00fcven Y\u00f6r\u00fcko\u011flu, M.D."},"content":{"rendered":"<section id=\"bt_section69ec85067c10a\"  class=\"boldSection gutter\" ><div class=\"port\"><div class=\"boldCell\"><div class=\"boldCellInner\"><div class=\"boldRow  \" ><div class=\"boldRowInner\"><div class=\"rowItem col-md-4 col-ms-12 btTextLeft inherit btDoublePadding\"  ><div class=\"rowItemContent\" ><div class=\"btClear btSeparator bottomExtraSpaced noBorder\" ><hr><\/div><header class=\"header btClear medium btDash topDash  btAccentDash bt_bb_hidden_sm bt_bb_hidden_md bt_bb_hidden_lg\" ><div class=\"dash\"><h3><span class=\"headline\">Ali G\u00fcven Y\u00f6r\u00fcko\u011flu, M.D.<\/span><\/h3><\/div><\/header><div class=\"btClear btSeparator bottomSemiSpaced noBorder\" ><hr><\/div><div class=\"bpgPhoto btTextCenter\" ><div class=\"btImage\"><img decoding=\"async\" src=\"https:\/\/groupflorence.com\/sv\/wp-content\/uploads\/2021\/05\/Ali_Guven_Yorukoglu-2.jpg\" alt=\"\" title=\"\"><\/div><\/div><\/div><\/div><div class=\"rowItem col-md-8 col-ms-12 btTextLeft inherit\"  ><div class=\"rowItemContent\" ><div class=\"btClear btSeparator bottomSpaced noBorder bt_bb_hidden_xs bt_bb_hidden_ms\" ><hr><\/div><header class=\"header btClear medium btDash topDash  btAccentDash bt_bb_hidden_xs bt_bb_hidden_ms\" ><div class=\"dash\"><h3><span class=\"headline\">Ali G\u00fcven Y\u00f6r\u00fcko\u011flu, M.D.<\/span><\/h3><\/div><\/header><div class=\"btClear btSeparator bottomSemiSpaced noBorder bt_bb_hidden_xs bt_bb_hidden_ms\" ><hr><\/div><div class=\"btClear btSeparator bottomSemiSpaced noBorder bt_bb_hidden_sm bt_bb_hidden_md bt_bb_hidden_lg\" ><hr><\/div><div class=\"btText\" ><h3><strong>EDUCATION<\/strong><\/h3>\n<h4><em>Degree-Granting Education <\/em><\/h4>\n<p><strong>2003<\/strong><br \/>\nM.D., Doctor of Medicine, Istanbul Medical School, Istanbul University, Istanbul \/ TURKEY<\/p>\n<h4><em>Postgraduate Training<\/em><\/h4>\n<p><strong>2006 &#8211; 2012<\/strong><br \/>\nResident, Department of Neurosurgery, Istanbul Medical School, Istanbul University, Istanbul \/ TURKEY<\/p>\n<h4><em>Short-term Fellowship<\/em><\/h4>\n<p><strong>2010 &#8211; 2011<br \/>\n<\/strong>Department of Spine Surgery And Pain Therapy, Center For Orthopaedics and\u00a0\u00a0Traumatology, St. Anna-Hospital Herne \/ GERMANY<\/p>\n<h4><strong>Professional Experience<\/strong><\/h4>\n<p><strong>2005 &#8211; 2006<\/strong> :\u00a0 Emergency Medical Service 112, Istanbul Metropolitan Municipality, Istanbul \/ TURKEY<\/p>\n<p><strong>2012 &#8211; 2018 :\u00a0 \u00a0<\/strong>Consultant Endoscopic Spine Surgeon, Riwospine GmbH, Knittlingen \/ GERMANY<\/p>\n<p><strong>2013 &#8211; 2014 :\u00a0 <\/strong>Neurosurgeon, Department of Neurosurgery, Artvin State Hospital, Artvin \/ TURKEY<\/p>\n<p><strong>2014 &#8211; 2015 :\u00a0 <\/strong>Neurosurgeon, Department of Neurosurgery, Sultanbeyli State Hospital, Istanbul \/ TURKEY<\/p>\n<p><strong>2015 &#8211; 2018 : <\/strong>Neurosurgeon, Department of Neurosurgery, Avrasya Hospital Gaziosmanpasa \/ Istanbul \/ TURKEY<\/p>\n<p><strong>\u00a0\u00a0\u00a0 \u00a0\u00a0\u00a0<\/strong>Consultant Spine Surgeon, \u00a0Sevgi Medical Center, Istanbul \/ TURKEY<\/p>\n<p><strong>2018\u00a0 &#8211;\u00a0 \u2026\u2026.. : <\/strong>Clinical Manager and Consultant Endoscopic spine Surgeon, Riwospine GmbH \/ Knittlingen \/ GERMANY<\/p>\n<p><strong>2019\u00a0 &#8211;<\/strong> \u2026.. <strong>:\u00a0\u00a0\u00a0 <\/strong>Consultant Neurosurgeon,\u00a0 Istanbul Spine Center at Florance Nightingale Hospital, Istanbul \/ TURKEY<strong>\u00a0\u00a0\u00a0\u00a0\u00a0\u00a0\u00a0\u00a0\u00a0\u00a0 \u00a0\u00a0\u00a0\u00a0\u00a0 \u00a0\u00a0<\/strong><\/p>\n<p><strong>Postgraduate Training<\/strong><strong> Thesis: <\/strong>December 2012,<strong>\u00a0 <\/strong>Percutaneous interlaminar full-endoscopic approach for examination and surgical intervention of filum terminale \u2013 fresh cadaver study.<strong><em>\u00a0<\/em><\/strong><\/p>\n<p><strong><em>Special Clinical Interests:<\/em><\/strong><\/p>\n<ul>\n<li>Full endoscopic lumbar, thoracic and cervical surgery<\/li>\n<\/ul>\n<p><strong>Publications: <\/strong><\/p>\n<ul>\n<li><strong>Y\u00f6r\u00fcko\u011flu AG,<\/strong> G\u00f6ker B, Tahta A, Ak\u00e7akaya MO, Aydoseli A, Sabanc\u0131 PA, Aras Y, Alk\u0131r G, Sencer A, Imer M, Izgi N, Canbolat AT.<a href=\"https:\/\/www.ncbi.nlm.nih.gov\/pubmed\/28532963\">Fully endoscopic interlaminar and transforaminal lumbar discectomy: Analysis of 47 complications encountered in a series of 835 patients.<\/a> : Neurocirugia (Astur). 2017<\/li>\n<li><strong>Y\u00f6r\u00fcko\u011flu AG,<\/strong> Tahta A, Ak\u00e7akaya MO, Sabanc\u0131 PA, Aras Y, Aydoseli A, Dolgun M, Sencer A, Hepg\u00fcl K.: Percutaneous fully endoscopic interlaminar approach to the filum terminale: a cadaveric study. : World Neurosurg. 2016<\/li>\n<li>Ak\u00e7akaya MO, <strong>Y\u00f6r\u00fcko\u011flu AG,<\/strong> Aydoseli A, Aras Y, Sabanc\u0131 PA, Altunrende ME, Dolgun M, G\u00f6ker B, \u015eencan F, Ali A, Sencer A.: Serum creatine phosphokinase levels as an indicator of muscle injury following lumbar disc surgery: Comparison of fully endoscopic discectomy and microdiscectomy. : Clin Neurol Neurosurg. 2016<\/li>\n<li>Sencer A, <strong>Yorukoglu AG,<\/strong> Akcakaya MO, Aras Y, Aydoseli A, Boyali O, Sencan F, Sabanci PA, Gomleksiz C, Imer M, Kiris T, Hepgul K, Unal OF, Izgi N, Canbolat AT : Fully Endoscopic Interlaminar and Transforaminal Lumbar Discectomy: Short-term Clinical Results of 163 Surgically Treated Patients. : World Neurosurg. 2014 Jun<\/li>\n<li>Sencer A, Akcakaya MO, Basaran B, <strong>Yorukoglu AG,<\/strong> Aydoseli A, Aras Y, Sencan F, Satana B, Aslan I, Unal OF, Izgi N, Canbolat AT : Unilateral Endoscopic Optic Nerve Decompression for Idiopathic Intracranial Hypertension: A Series of 10 Patients. : World Neurosurg. 2014 Apr<\/li>\n<li>Akcakaya MO, Aras Y, <strong>Yorukoglu AG,<\/strong> Ovalioglu C, Sencer A : Cervical intradural glass fragment: a rare cause of neuropathic pain. : Turk Neurosurg.2012;22(5)<\/li>\n<\/ul>\n<p><strong>Language:\u00a0\u00a0\u00a0\u00a0 <\/strong>Turkish (Native),\u00a0 English (Advanced), German (Beginner)<\/p>\n<\/div><div class=\"btClear btSeparator bottomSemiSpaced noBorder\" ><hr><\/div><\/div><\/div><\/div><\/div><\/div><\/div><\/div><\/section>","protected":false},"excerpt":{"rendered":"","protected":false},"author":1,"featured_media":0,"parent":4328,"menu_order":0,"comment_status":"closed","ping_status":"closed","template":"","meta":{"footnotes":""},"class_list":["post-6193","page","type-page","status-publish","hentry"],"yoast_head":"<!-- This site is optimized with the Yoast SEO plugin v22.2 - https:\/\/yoast.com\/wordpress\/plugins\/seo\/ -->\n<title>Ali G\u00fcven Y\u00f6r\u00fcko\u011flu, M.D. - Group Florence Nightingale Hospitals<\/title>\n<meta name=\"robots\" content=\"index, follow, max-snippet:-1, max-image-preview:large, max-video-preview:-1\" \/>\n<link rel=\"canonical\" href=\"https:\/\/groupflorence.com\/sv\/doctors\/ali-guven-yorukoglu-md\/\" \/>\n<meta property=\"og:locale\" content=\"en_US\" \/>\n<meta property=\"og:type\" content=\"article\" \/>\n<meta property=\"og:title\" content=\"Ali G\u00fcven Y\u00f6r\u00fcko\u011flu, M.D. - Group Florence Nightingale Hospitals\" \/>\n<meta property=\"og:url\" content=\"https:\/\/groupflorence.com\/sv\/doctors\/ali-guven-yorukoglu-md\/\" \/>\n<meta property=\"og:site_name\" content=\"Group Florence Nightingale Hospitals\" \/>\n<meta property=\"article:publisher\" content=\"https:\/\/www.facebook.com\/groupflorence\" \/>\n<meta property=\"article:modified_time\" content=\"2022-08-29T13:06:57+00:00\" \/>\n<meta name=\"twitter:card\" content=\"summary_large_image\" \/>\n<meta name=\"twitter:label1\" content=\"Est. reading time\" \/>\n\t<meta name=\"twitter:data1\" content=\"4 minutes\" \/>\n<script type=\"application\/ld+json\" class=\"yoast-schema-graph\">{\"@context\":\"https:\/\/schema.org\",\"@graph\":[{\"@type\":\"WebPage\",\"@id\":\"https:\/\/groupflorence.com\/sv\/doctors\/ali-guven-yorukoglu-md\/\",\"url\":\"https:\/\/groupflorence.com\/sv\/doctors\/ali-guven-yorukoglu-md\/\",\"name\":\"Ali G\u00fcven Y\u00f6r\u00fcko\u011flu, M.D. - Group Florence Nightingale Hospitals\",\"isPartOf\":{\"@id\":\"https:\/\/groupflorence.com\/sv\/#website\"},\"datePublished\":\"2021-05-18T10:05:29+00:00\",\"dateModified\":\"2022-08-29T13:06:57+00:00\",\"breadcrumb\":{\"@id\":\"https:\/\/groupflorence.com\/sv\/doctors\/ali-guven-yorukoglu-md\/#breadcrumb\"},\"inLanguage\":\"en-US\",\"potentialAction\":[{\"@type\":\"ReadAction\",\"target\":[\"https:\/\/groupflorence.com\/sv\/doctors\/ali-guven-yorukoglu-md\/\"]}]},{\"@type\":\"BreadcrumbList\",\"@id\":\"https:\/\/groupflorence.com\/sv\/doctors\/ali-guven-yorukoglu-md\/#breadcrumb\",\"itemListElement\":[{\"@type\":\"ListItem\",\"position\":1,\"name\":\"Home\",\"item\":\"https:\/\/groupflorence.com\/sv\/\"},{\"@type\":\"ListItem\",\"position\":2,\"name\":\"Doctors\",\"item\":\"https:\/\/groupflorence.com\/sv\/doctors\/\"},{\"@type\":\"ListItem\",\"position\":3,\"name\":\"Ali G\u00fcven Y\u00f6r\u00fcko\u011flu, M.D.\"}]},{\"@type\":\"WebSite\",\"@id\":\"https:\/\/groupflorence.com\/sv\/#website\",\"url\":\"https:\/\/groupflorence.com\/sv\/\",\"name\":\"Group Florence Nightingale Hospitals\",\"description\":\"\",\"publisher\":{\"@id\":\"https:\/\/groupflorence.com\/sv\/#organization\"},\"potentialAction\":[{\"@type\":\"SearchAction\",\"target\":{\"@type\":\"EntryPoint\",\"urlTemplate\":\"https:\/\/groupflorence.com\/sv\/?s={search_term_string}\"},\"query-input\":\"required name=search_term_string\"}],\"inLanguage\":\"en-US\"},{\"@type\":\"Organization\",\"@id\":\"https:\/\/groupflorence.com\/sv\/#organization\",\"name\":\"Group Florence Nightingale Hospitals\",\"url\":\"https:\/\/groupflorence.com\/sv\/\",\"logo\":{\"@type\":\"ImageObject\",\"inLanguage\":\"en-US\",\"@id\":\"https:\/\/groupflorence.com\/sv\/#\/schema\/logo\/image\/\",\"url\":\"https:\/\/groupflorence.com\/en\/wp-content\/uploads\/2021\/01\/gf-logotype-transparent-miniversion.png\",\"contentUrl\":\"https:\/\/groupflorence.com\/en\/wp-content\/uploads\/2021\/01\/gf-logotype-transparent-miniversion.png\",\"width\":245,\"height\":55,\"caption\":\"Group Florence Nightingale Hospitals\"},\"image\":{\"@id\":\"https:\/\/groupflorence.com\/sv\/#\/schema\/logo\/image\/\"},\"sameAs\":[\"https:\/\/www.facebook.com\/groupflorence\",\"https:\/\/www.instagram.com\/group_florence\/\",\"https:\/\/www.youtube.com\/channel\/UC_nlE9Up7N9T68unmJYEnfg\"]}]}<\/script>\n<!-- \/ Yoast SEO plugin. -->","yoast_head_json":{"title":"Ali G\u00fcven Y\u00f6r\u00fcko\u011flu, M.D. - Group Florence Nightingale Hospitals","robots":{"index":"index","follow":"follow","max-snippet":"max-snippet:-1","max-image-preview":"max-image-preview:large","max-video-preview":"max-video-preview:-1"},"canonical":"https:\/\/groupflorence.com\/sv\/doctors\/ali-guven-yorukoglu-md\/","og_locale":"en_US","og_type":"article","og_title":"Ali G\u00fcven Y\u00f6r\u00fcko\u011flu, M.D. - Group Florence Nightingale Hospitals","og_url":"https:\/\/groupflorence.com\/sv\/doctors\/ali-guven-yorukoglu-md\/","og_site_name":"Group Florence Nightingale Hospitals","article_publisher":"https:\/\/www.facebook.com\/groupflorence","article_modified_time":"2022-08-29T13:06:57+00:00","twitter_card":"summary_large_image","twitter_misc":{"Est. reading time":"4 minutes"},"schema":{"@context":"https:\/\/schema.org","@graph":[{"@type":"WebPage","@id":"https:\/\/groupflorence.com\/sv\/doctors\/ali-guven-yorukoglu-md\/","url":"https:\/\/groupflorence.com\/sv\/doctors\/ali-guven-yorukoglu-md\/","name":"Ali G\u00fcven Y\u00f6r\u00fcko\u011flu, M.D. - Group Florence Nightingale Hospitals","isPartOf":{"@id":"https:\/\/groupflorence.com\/sv\/#website"},"datePublished":"2021-05-18T10:05:29+00:00","dateModified":"2022-08-29T13:06:57+00:00","breadcrumb":{"@id":"https:\/\/groupflorence.com\/sv\/doctors\/ali-guven-yorukoglu-md\/#breadcrumb"},"inLanguage":"en-US","potentialAction":[{"@type":"ReadAction","target":["https:\/\/groupflorence.com\/sv\/doctors\/ali-guven-yorukoglu-md\/"]}]},{"@type":"BreadcrumbList","@id":"https:\/\/groupflorence.com\/sv\/doctors\/ali-guven-yorukoglu-md\/#breadcrumb","itemListElement":[{"@type":"ListItem","position":1,"name":"Home","item":"https:\/\/groupflorence.com\/sv\/"},{"@type":"ListItem","position":2,"name":"Doctors","item":"https:\/\/groupflorence.com\/sv\/doctors\/"},{"@type":"ListItem","position":3,"name":"Ali G\u00fcven Y\u00f6r\u00fcko\u011flu, M.D."}]},{"@type":"WebSite","@id":"https:\/\/groupflorence.com\/sv\/#website","url":"https:\/\/groupflorence.com\/sv\/","name":"Group Florence Nightingale Hospitals","description":"","publisher":{"@id":"https:\/\/groupflorence.com\/sv\/#organization"},"potentialAction":[{"@type":"SearchAction","target":{"@type":"EntryPoint","urlTemplate":"https:\/\/groupflorence.com\/sv\/?s={search_term_string}"},"query-input":"required name=search_term_string"}],"inLanguage":"en-US"},{"@type":"Organization","@id":"https:\/\/groupflorence.com\/sv\/#organization","name":"Group Florence Nightingale Hospitals","url":"https:\/\/groupflorence.com\/sv\/","logo":{"@type":"ImageObject","inLanguage":"en-US","@id":"https:\/\/groupflorence.com\/sv\/#\/schema\/logo\/image\/","url":"https:\/\/groupflorence.com\/en\/wp-content\/uploads\/2021\/01\/gf-logotype-transparent-miniversion.png","contentUrl":"https:\/\/groupflorence.com\/en\/wp-content\/uploads\/2021\/01\/gf-logotype-transparent-miniversion.png","width":245,"height":55,"caption":"Group Florence Nightingale Hospitals"},"image":{"@id":"https:\/\/groupflorence.com\/sv\/#\/schema\/logo\/image\/"},"sameAs":["https:\/\/www.facebook.com\/groupflorence","https:\/\/www.instagram.com\/group_florence\/","https:\/\/www.youtube.com\/channel\/UC_nlE9Up7N9T68unmJYEnfg"]}]}},"_links":{"self":[{"href":"https:\/\/groupflorence.com\/sv\/wp-json\/wp\/v2\/pages\/6193","targetHints":{"allow":["GET"]}}],"collection":[{"href":"https:\/\/groupflorence.com\/sv\/wp-json\/wp\/v2\/pages"}],"about":[{"href":"https:\/\/groupflorence.com\/sv\/wp-json\/wp\/v2\/types\/page"}],"author":[{"embeddable":true,"href":"https:\/\/groupflorence.com\/sv\/wp-json\/wp\/v2\/users\/1"}],"replies":[{"embeddable":true,"href":"https:\/\/groupflorence.com\/sv\/wp-json\/wp\/v2\/comments?post=6193"}],"version-history":[{"count":4,"href":"https:\/\/groupflorence.com\/sv\/wp-json\/wp\/v2\/pages\/6193\/revisions"}],"predecessor-version":[{"id":6626,"href":"https:\/\/groupflorence.com\/sv\/wp-json\/wp\/v2\/pages\/6193\/revisions\/6626"}],"up":[{"embeddable":true,"href":"https:\/\/groupflorence.com\/sv\/wp-json\/wp\/v2\/pages\/4328"}],"wp:attachment":[{"href":"https:\/\/groupflorence.com\/sv\/wp-json\/wp\/v2\/media?parent=6193"}],"curies":[{"name":"wp","href":"https:\/\/api.w.org\/{rel}","templated":true}]}}