{"id":4950,"date":"2020-10-29T16:09:35","date_gmt":"2020-10-29T13:09:35","guid":{"rendered":"https:\/\/groupflorence.com\/en\/?page_id=4950"},"modified":"2022-12-12T15:28:22","modified_gmt":"2022-12-12T12:28:22","slug":"radiation-oncology","status":"publish","type":"page","link":"https:\/\/groupflorence.com\/sv\/centers-treatments\/oncology-center\/radiation-oncology\/","title":{"rendered":"Radiation Oncology"},"content":{"rendered":"<section id=\"bt_section6a093a34eda7a\"  class=\"boldSection gutter\" ><div class=\"port\"><div class=\"boldCell\"><div class=\"boldCellInner\"><div class=\"boldRow  \" ><div class=\"boldRowInner\"><div class=\"rowItem col-md-4 col-ms-12 btTextLeft\"  ><div class=\"rowItemContent\" ><div class=\"btClear btSeparator topSpaced noBorder\" ><hr><\/div><div class=\"btCustomMenu treatment-sidebar\" ><div class=\"menu-oncology-center-container\"><ul id=\"menu-oncology-center\" class=\"menu\"><li id=\"menu-item-3501\" class=\"menu-item menu-item-type-post_type menu-item-object-page menu-item-has-children menu-item-3501\"><a href=\"https:\/\/groupflorence.com\/sv\/centers-treatments\/\">Centrum och avdelningar<\/a><ul class=\"sub-menu\"><li id=\"menu-item-3497\" class=\"menu-item menu-item-type-post_type menu-item-object-page menu-item-has-children menu-item-3497\"><a href=\"https:\/\/groupflorence.com\/sv\/centers-treatments\/oncology-center\/\">Omfattande onkologiskt centrum<\/a><ul class=\"sub-menu\"><li id=\"menu-item-4380\" class=\"menu-item menu-item-type-post_type menu-item-object-page menu-item-4380\"><a href=\"https:\/\/groupflorence.com\/sv\/centers-treatments\/oncology-center\/nuclear-oncology-nuclear-medicine\/\">Nukle\u00e4r onkologi (nukle\u00e4rmedicin)<\/a><\/li><li id=\"menu-item-4832\" class=\"menu-item menu-item-type-post_type menu-item-object-page menu-item-4832\"><a href=\"https:\/\/groupflorence.com\/sv\/centers-treatments\/oncology-center\/molecular-oncology-and-genetics\/\">Molekyl\u00e4r onkologi och genetik<\/a><\/li><li id=\"menu-item-4376\" class=\"menu-item menu-item-type-post_type menu-item-object-page menu-item-4376\"><a href=\"https:\/\/groupflorence.com\/sv\/centers-treatments\/oncology-center\/medical-oncology-and-immunotherapy\/\">Medicinsk onkologi och immunterapi<\/a><\/li><li id=\"menu-item-4952\" class=\"menu-item menu-item-type-post_type menu-item-object-page menu-item-4952\"><a href=\"https:\/\/groupflorence.com\/sv\/centers-treatments\/oncology-center\/radiation-oncology\/\">Str\u00e5lnings onkologi<\/a><\/li><li id=\"menu-item-4373\" class=\"menu-item menu-item-type-post_type menu-item-object-page menu-item-4373\"><a href=\"https:\/\/groupflorence.com\/sv\/centers-treatments\/oncology-center\/interventional-radiology-in-oncology\/\">Interventionell radiologi i onkologi<\/a><\/li><li id=\"menu-item-3513\" class=\"menu-item menu-item-type-post_type menu-item-object-page menu-item-3513\"><a href=\"https:\/\/groupflorence.com\/sv\/centers-treatments\/oncology-center\/why-florence-nightingale-oncology-center\/\">Varf\u00f6r Florence Nightingale Oncology Center?<\/a><\/li><li id=\"menu-item-3506\" class=\"menu-item menu-item-type-post_type menu-item-object-page menu-item-3506\"><a href=\"https:\/\/groupflorence.com\/sv\/centers-treatments\/oncology-center\/multidisciplinary-tumor-board\/\">Multidisciplin\u00e4r tum\u00f6rn\u00e4mnd<\/a><\/li><\/ul><\/li><\/ul><\/li>\n<\/ul><\/div><\/div><div class=\"btClear btSeparator topSemiSpaced noBorder\" ><hr><\/div><div class=\"boldRow boldInnerRow  bt_bb_hidden_xs bt_bb_hidden_ms bt_bb_hidden_sm\" ><div class=\"rowItem rowInnerItem col-md-12  btTextCenter btMiddleVertical\"  ><div class=\"rowItemContent\"><div class=\"bpgPhoto btTextCenter\" > \r\n\t\t\t\t\t<a href=\"https:\/\/groupflorence.com\/sv\/patient-guide\/covid-19-precautions\/\" target=\"_self\" title=\"\"><\/a>\r\n\t\t\t\t\t<div class=\"boldPhotoBox\"><div class=\"bpbItem\"><div class = \"btImage\"><img decoding=\"async\" src=\"https:\/\/groupflorence.com\/sv\/wp-content\/uploads\/2020\/12\/covid-safe-sidebar-320x186.jpg\" alt=\"\" title=\"\" ><\/div><\/div><\/div>\r\n\t\t\t\t\t<div class=\"captionPane\">\r\n\t\t\t\t\t\t<div class=\"captionTable\">\r\n\t\t\t\t\t\t\t<div class=\"captionCell\">\r\n\t\t\t\t\t\t\t\t<div class=\"captionTxt\"><\/div>\r\n\t\t\t\t\t\t\t<\/div>\r\n\t\t\t\t\t\t<\/div>\r\n\t\t\t\t\t<\/div><\/div><div class=\"btClear btSeparator topSmallSpaced bottomSmallSpaced border\" ><hr><\/div><a href=\"https:\/\/groupflorence.com\/sv\/contact-us\/\" class=\"btBtn btBtn btnFilledStyle btnAccentColor btnBig btnNormalWidth btnLeftPosition btnNoIcon\" ><span class=\"btnInnerText\">St\u00e4lla en fr\u00e5ga<\/span><\/a><\/div><\/div><\/div><\/div><\/div><div class=\"rowItem col-md-8 col-ms-12 btTextLeft\"  ><div class=\"rowItemContent\" ><div class=\"btClear btSeparator topSemiSpaced noBorder\" ><hr><\/div><header class=\"header btClear medium btDash bottomDash  btNormalDash\" ><div class=\"dash\"><h3><span class=\"headline\"><b class=\"animate\">Str\u00e5lnings onkologi<\/b><\/span><\/h3><\/div><\/header><div class=\"btClear btSeparator topSemiSpaced noBorder\" ><hr><\/div><div class=\"btText\" ><p>P\u00e5 Group Florence Nightingale Hospitals Department of Radiation Oncology anser vi att det \u00e4r absolut n\u00f6dv\u00e4ndigt att inkludera moderna standardapparater, men inte tillr\u00e4ckligt. Det \u00e4r upplevelsen som g\u00f6r skillnaden.<\/p>\n<p><strong>Str\u00e5lbehandling \u00e4r ett teamjobb och vi har ett erfaret str\u00e5lonkologiskt team.<\/strong><\/p>\n<p>V\u00e5r avdelning var den f\u00f6rsta i Turkiet som utf\u00f6rde 3-D konform str\u00e5lterapiteknik 1998. Efter att ha samlat p\u00e5 oss l\u00e5ng erfarenhet av konform str\u00e5lterapiteknik, hade vi en pionj\u00e4rroll inom densitetsjusterad str\u00e5lterapi (YART) teknik i Turkiet 2005. Vi \u00e4r stolta att vara Onkologiska avdelningen, som har den mest omfattande erfarenheten av YART i v\u00e5rt land.<\/p>\n<p>Str\u00e5lningsonkologiska avdelningen som b\u00f6rjade till\u00e4mpa str\u00e5lbehandling med radiometrisk densitetsjustering med RapidArc-apparat sedan 2010, behandlingstiden f\u00f6r v\u00e5ra patienter med denna metod \u00e4r ganska kortare och patientens minskade vistelsetid i behandlingsapparaten. F\u00f6rkortningen av denna period minimerar ocks\u00e5 positionsf\u00f6r\u00e4ndringar p\u00e5 grund av f\u00f6rl\u00e4ngningen av patientens vistelse vid bordet, vilket g\u00f6r det m\u00f6jligt att \u00f6ka inst\u00e4llningsnoggrannheten och \u00f6ka behandlingens effektivitet.<\/p>\n<p>P\u00e5 v\u00e5r avdelning \u00e4r v\u00e5ra andra enast\u00e5ende h\u00f6gteknologiska enheter;<\/p>\n<ul>\n<li>IMRT (Intensity Modulated Radiotherapy), str\u00e5ldosen formas till m\u00e5lvolymen, medan dosen som tas av normala v\u00e4vnader reduceras. Det \u00e4r ocks\u00e5 m\u00f6jligt att ge olika doser till olika behandlingsvolymer samma dag, vilket kallas Simultaneous Integrated Boost (SIB).<\/li>\n<li>IGRT (Image Guided Radiation Therapy), \u00e4r en typ av konform str\u00e5lbehandling. Konform str\u00e5lbehandling formar str\u00e5lningsstr\u00e5lar efter formen av cancerv\u00e4vnad.<\/li>\n<li>IGRT tar datortomografibilder med hj\u00e4lp av r\u00f6ntgenstr\u00e5lar (f\u00f6re och under behandling). R\u00f6ntgen- och tomografibilder visar cancerv\u00e4vnadens position och form tillsammans med omgivande ben och mjuka v\u00e4vnader.<\/li>\n<li>TrueBeam STx, \u00e4r en avancerad str\u00e5lbehandlingsapparat. Det anv\u00e4nds ofta framg\u00e5ngsrikt vid behandling av tum\u00f6rer i sv\u00e5r\u00e5tkomliga omr\u00e5den. Det som skiljer TrueBeam STx fr\u00e5n liknande teknologier \u00e4r att tack vare sin f\u00f6rm\u00e5ga att n\u00e5 h\u00f6g doshastighet kan den leverera en h\u00f6gre dos p\u00e5 mycket kortare tid, och d\u00e4rf\u00f6r v\u00e4sentligt \u00e4r att den ger h\u00f6gpresterande behandlingsprocesser som minskar.<\/li>\n<li>Real-time Position Management (RPM)-systemet \u00e4r ett icke-invasivt videobaserat bildsystem. Med detta system kan kvalitetsbilder erh\u00e5llas i omr\u00e5dena lungor, br\u00f6st och \u00f6vre delen av buken.<\/li>\n<\/ul>\n<p>Dessutom har vi utf\u00f6rt str\u00e5lbehandling med gyllene mark\u00f6rer i 10 \u00e5r, s\u00e4rskilt vid str\u00e5lbehandling av prostatacancer. Vi \u00f6vervakar prostatar\u00f6relser under behandling med elektromagnetisk s\u00e4ndare insatt i prostata, och stoppar behandlingen n\u00e4r \u00f6verdriven r\u00f6relse observeras vid behandling av millimetrisk prostatacancer. Detta \u00e4r f\u00f6rdelaktigt, eftersom h\u00f6ga doser av str\u00e5lbehandling kan administreras mer effektivt p\u00e5 kortare tid.<\/p>\n<p>Under de senaste 2 \u00e5ren har vi kunnat ta bort \u00e4ndtarmen (tarmen) fr\u00e5n molnet av h\u00f6g dos med gel injicerad mellan \u00e4ndtarmen och prostata, och m\u00e5nga tarmbiverkningar av str\u00e5lbehandling \u00e4r \u00f6vervunna.<\/p>\n<\/div><div class=\"btClear btSeparator topSmallSpaced noBorder\" ><hr><\/div><div class=\"boldRow boldInnerRow  \" ><div class=\"rowItem rowInnerItem col-md-4  btTextCenter inherit btNoPadding\" style=\"border: 1px solid #999;background-color: rgba(241, 241, 241, 1);\" ><div class=\"rowItemContent\"><div class=\"bpgPhoto btTextCenter\" ><div class=\"btImage\"><img decoding=\"async\" src=\"https:\/\/groupflorence.com\/sv\/wp-content\/uploads\/2020\/10\/S_efik-I_g_dem.jpg\" alt=\"\" title=\"\"><\/div><\/div><div class=\"btIconImageRow btIconsHalfHoverPosition\" ><\/div><div class=\"btClear btSeparator topSmallSpaced noBorder\" ><hr><\/div><div class=\"btText\" ><h4><a href=\"https:\/\/groupflorence.com\/sv\/doctors\/sefik-igdem\/\">\u015eefik \u0130\u011fdem, M.D.<\/a><\/h4>\n<\/div><div class=\"btClear btSeparator bottomExtraSmallSpaced noBorder\" ><hr><\/div><a href=\"https:\/\/groupflorence.com\/sv\/doctors\/sefik-igdem\/\" class=\"btBtn btBtn btnFilledStyle btnLightColor btnSmall btnNormalWidth btnRightPosition btnNoIcon\"  target=\"_self\"><span class=\"btnInnerText\">SE CV<\/span><\/a><div class=\"btClear btSeparator topExtraSmallSpaced bottomSmallSpaced noBorder\" ><hr><\/div><\/div><\/div><div class=\"rowItem rowInnerItem col-md-4  btTextCenter inherit btNoPadding\" style=\"background-color: rgba(241, 241, 241, 1);\" ><div class=\"rowItemContent\"><\/div><\/div><div class=\"rowItem rowInnerItem col-md-4  btTextCenter inherit btNoPadding\" style=\"background-color: rgba(241, 241, 241, 1);\" ><div class=\"rowItemContent\"><\/div><\/div><\/div><div class=\"btClear btSeparator topSemiSpaced noBorder\" ><hr><\/div><header class=\"header btClear medium btDash bottomDash  btAccentDash\" ><div class=\"dash\"><h3><span class=\"headline\"><em>Kontakta oss nu<\/em><\/span><\/h3><\/div><\/header><div class=\"btClear btSeparator bottomSmallSpaced noBorder\" ><hr><\/div><div class=\"btText\" >\n<div class=\"wpcf7 no-js\" id=\"wpcf7-f2891-o1\" lang=\"tr-TR\" dir=\"ltr\">\n<div class=\"screen-reader-response\"><p role=\"status\" aria-live=\"polite\" aria-atomic=\"true\"><\/p> <ul><\/ul><\/div>\n<form action=\"\/sv\/wp-json\/wp\/v2\/pages\/4950#wpcf7-f2891-o1\" method=\"post\" class=\"wpcf7-form init wpcf7-acceptance-as-validation\" aria-label=\"Contact form\" novalidate=\"novalidate\" data-status=\"init\">\n<div style=\"display: none;\">\n<input type=\"hidden\" name=\"_wpcf7\" value=\"2891\" \/>\n<input type=\"hidden\" name=\"_wpcf7_version\" value=\"5.9.2\" \/>\n<input type=\"hidden\" name=\"_wpcf7_locale\" value=\"tr_TR\" \/>\n<input type=\"hidden\" name=\"_wpcf7_unit_tag\" value=\"wpcf7-f2891-o1\" \/>\n<input type=\"hidden\" name=\"_wpcf7_container_post\" value=\"0\" \/>\n<input type=\"hidden\" name=\"_wpcf7_posted_data_hash\" value=\"\" \/>\n<\/div>\n<p style=\"margin-bottom:30px !important;\">N\u00e4r du fyller i kontaktformul\u00e4ret nedan kan du ocks\u00e5 skicka din\/patientens medicinska handlingar till oss via <strong>wetransfer<\/strong>. Den medicinska second opinion kommer att presenteras f\u00f6r dig inom 48 timmar.\n<\/p>\n<div class=\"boldRow boldInnerRow  \">\n\t<div class=\"rowItem rowInnerItem col-md-6  btTextLeft\">\n\t\t<div class=\"rowItemContent\">\n\t\t\t<p><label><span class=\"bt_bb_required\">Your Name<\/span><br \/>\n<span class=\"wpcf7-form-control-wrap\" data-name=\"your-name\"><input size=\"40\" class=\"wpcf7-form-control wpcf7-text wpcf7-validates-as-required\" aria-required=\"true\" aria-invalid=\"false\" value=\"\" type=\"text\" name=\"your-name\" \/><\/span> <\/label>\n\t\t\t<\/p>\n\t\t\t<p><label><span class=\"bt_bb_required\">Your Email<\/span><br \/>\n<span class=\"wpcf7-form-control-wrap\" data-name=\"your-email\"><input size=\"40\" class=\"wpcf7-form-control wpcf7-email wpcf7-validates-as-required wpcf7-text wpcf7-validates-as-email\" aria-required=\"true\" aria-invalid=\"false\" value=\"\" type=\"email\" name=\"your-email\" \/><\/span> <\/label>\n\t\t\t<\/p>\n\t\t\t<p><label><span class=\"bt_bb_required\">Your Phone<\/span><br \/>\n<span class=\"wpcf7-form-control-wrap\" data-name=\"your-phone\"><input size=\"40\" class=\"wpcf7-form-control wpcf7-phonetext wpcf7-text wpcf7-validates-as-phonetext\" id=\"int_phone\" aria-invalid=\"false\" value=\"\" type=\"text\" name=\"your-phone\" \/><input type=\"hidden\" name=\"your-phone-country-code\" class=\"wpcf7-phonetext-country-code\" \/><\/span> <\/label>\n\t\t\t<\/p>\n\t\t\t<p><label><span class=\"bt_bb_required\">Your Message<\/span><br \/>\n<span class=\"wpcf7-form-control-wrap\" data-name=\"your-message\"><textarea cols=\"40\" rows=\"10\" class=\"wpcf7-form-control wpcf7-textarea wpcf7-validates-as-required\" aria-required=\"true\" aria-invalid=\"false\" name=\"your-message\"><\/textarea><\/span> <\/label>\n\t\t\t<\/p>\n\t\t\t<p><label><span class=\"bt_bb_required\" style=\"margin-top:25px !important;\"><span class=\"wpcf7-form-control-wrap\" data-name=\"accept-this-1\"><span class=\"wpcf7-form-control wpcf7-acceptance\"><span class=\"wpcf7-list-item\"><label><input type=\"checkbox\" name=\"accept-this-1\" value=\"1\" aria-invalid=\"false\" \/><span class=\"wpcf7-list-item-label\">I agree to <a target=\"_blank\" href=\"https:\/\/groupflorence.com\/en\/terms-of-use\/\">Terms &#038; Services<\/a>.<\/span><\/label><\/span><\/span><\/span><\/span><\/label>\n\t\t\t<\/p>\n\t\t\t<p><input class=\"wpcf7-form-control wpcf7-submit has-spinner contact_button_int\" type=\"submit\" value=\"SEND MESSAGE\" \/>\n\t\t\t<\/p>\n\t\t<\/div>\n\t<\/div>\n\t<div class=\"rowItem rowInnerItem col-md-6  btTextLeft\">\n\t\t<div class=\"rowItemContent\">\n\t\t\t<p align=\"center\" style=\"margin-top:30px;\"><br \/>\n<a href=\"http:\/\/florencenightingale.wetransfer.com\/\" target=\"_blank\" title=\"Click Here To Transfer Your Documents via WeTransfer\"><img decoding=\"async\"  align=\"center\" style=\"max-width:250px !important;\" class=\"lazy loaded\" src=\"https:\/\/groupflorence.com\/ru\/wp-content\/uploads\/2020\/08\/89130-wetransfer-default-logo-rgb-original-1365619064-e1599162229581.png\" data-src=\"https:\/\/groupflorence.com\/ru\/wp-content\/uploads\/2020\/08\/89130-wetransfer-default-logo-rgb-original-1365619064-e1599162229581.png\" alt=\"Click Here To Transfer Your Documents via WeTransfer\" title=\"Click Here To Transfer Your Documents via WeTransfer\" data-was-processed=\"true\" \/><\/a>\n\t\t\t<\/p>\n\t\t\t<h3 align=\"center\"><a href=\"http:\/\/florencenightingale.wetransfer.com\/\" target=\"_blank\" title=\"Click Here To Transfer Your Documents via WeTransfer\">Send via WeTransfer<\/a>\n\t\t\t<\/h3>\n\t\t\t<p align=\"center\">Du kan skicka dina \u00f6verdimensionerade medicinska dokument (MRT-inspelningar, labbresultat, bilder etc.) med v\u00e5rt WeTransfer-konto. Det \u00e4r enkelt, snabbt och s\u00e4kert.\n\t\t\t<\/p>\n\t\t<\/div>\n\t\t<center>\n\t\t\t<p><a href=\"http:\/\/florencenightingale.wetransfer.com\/\" class=\"btBtn btBtn btnFilledStyle btnAccentColor btnSmall btnNormalWidth btnRightPosition btnNoIcon\" target=\"_blank\"><span class=\"btnInnerText\">Send Now<\/span><\/a>\n\t\t\t<\/p>\n\t\t<\/center>\n\t<\/div>\n<\/div><div class=\"wpcf7-response-output\" aria-hidden=\"true\"><\/div>\n<\/form>\n<\/div>\n<\/div><div class=\"btClear btSeparator topSpaced noBorder\" ><hr><\/div><\/div><\/div><\/div><\/div><\/div><\/div><\/div><\/section>","protected":false},"excerpt":{"rendered":"","protected":false},"author":1,"featured_media":0,"parent":2331,"menu_order":0,"comment_status":"closed","ping_status":"closed","template":"","meta":{"footnotes":""},"class_list":["post-4950","page","type-page","status-publish","hentry"],"yoast_head":"<!-- This site is optimized with the Yoast SEO plugin v22.2 - https:\/\/yoast.com\/wordpress\/plugins\/seo\/ -->\n<title>Radiation Oncology - Group Florence Nightingale Hospitals<\/title>\n<meta name=\"robots\" content=\"index, follow, max-snippet:-1, max-image-preview:large, max-video-preview:-1\" \/>\n<link rel=\"canonical\" href=\"https:\/\/groupflorence.com\/sv\/centers-treatments\/oncology-center\/radiation-oncology\/\" \/>\n<meta property=\"og:locale\" content=\"en_US\" \/>\n<meta property=\"og:type\" content=\"article\" \/>\n<meta property=\"og:title\" content=\"Radiation Oncology - Group Florence Nightingale Hospitals\" \/>\n<meta property=\"og:url\" content=\"https:\/\/groupflorence.com\/sv\/centers-treatments\/oncology-center\/radiation-oncology\/\" \/>\n<meta property=\"og:site_name\" content=\"Group Florence Nightingale Hospitals\" \/>\n<meta property=\"article:publisher\" content=\"https:\/\/www.facebook.com\/groupflorence\" \/>\n<meta property=\"article:modified_time\" content=\"2022-12-12T12:28:22+00:00\" \/>\n<meta name=\"twitter:card\" content=\"summary_large_image\" \/>\n<meta name=\"twitter:label1\" content=\"Est. reading time\" \/>\n\t<meta name=\"twitter:data1\" content=\"6 minutes\" \/>\n<script type=\"application\/ld+json\" class=\"yoast-schema-graph\">{\"@context\":\"https:\/\/schema.org\",\"@graph\":[{\"@type\":\"WebPage\",\"@id\":\"https:\/\/groupflorence.com\/sv\/centers-treatments\/oncology-center\/radiation-oncology\/\",\"url\":\"https:\/\/groupflorence.com\/sv\/centers-treatments\/oncology-center\/radiation-oncology\/\",\"name\":\"Radiation Oncology - Group Florence Nightingale Hospitals\",\"isPartOf\":{\"@id\":\"https:\/\/groupflorence.com\/sv\/#website\"},\"datePublished\":\"2020-10-29T13:09:35+00:00\",\"dateModified\":\"2022-12-12T12:28:22+00:00\",\"breadcrumb\":{\"@id\":\"https:\/\/groupflorence.com\/sv\/centers-treatments\/oncology-center\/radiation-oncology\/#breadcrumb\"},\"inLanguage\":\"en-US\",\"potentialAction\":[{\"@type\":\"ReadAction\",\"target\":[\"https:\/\/groupflorence.com\/sv\/centers-treatments\/oncology-center\/radiation-oncology\/\"]}]},{\"@type\":\"BreadcrumbList\",\"@id\":\"https:\/\/groupflorence.com\/sv\/centers-treatments\/oncology-center\/radiation-oncology\/#breadcrumb\",\"itemListElement\":[{\"@type\":\"ListItem\",\"position\":1,\"name\":\"Home\",\"item\":\"https:\/\/groupflorence.com\/sv\/\"},{\"@type\":\"ListItem\",\"position\":2,\"name\":\"Centers &#038; Departments\",\"item\":\"https:\/\/groupflorence.com\/sv\/centers-treatments\/\"},{\"@type\":\"ListItem\",\"position\":3,\"name\":\"Comprehensive Oncology Center\",\"item\":\"https:\/\/groupflorence.com\/sv\/centers-treatments\/oncology-center\/\"},{\"@type\":\"ListItem\",\"position\":4,\"name\":\"Radiation Oncology\"}]},{\"@type\":\"WebSite\",\"@id\":\"https:\/\/groupflorence.com\/sv\/#website\",\"url\":\"https:\/\/groupflorence.com\/sv\/\",\"name\":\"Group Florence Nightingale Hospitals\",\"description\":\"\",\"publisher\":{\"@id\":\"https:\/\/groupflorence.com\/sv\/#organization\"},\"potentialAction\":[{\"@type\":\"SearchAction\",\"target\":{\"@type\":\"EntryPoint\",\"urlTemplate\":\"https:\/\/groupflorence.com\/sv\/?s={search_term_string}\"},\"query-input\":\"required name=search_term_string\"}],\"inLanguage\":\"en-US\"},{\"@type\":\"Organization\",\"@id\":\"https:\/\/groupflorence.com\/sv\/#organization\",\"name\":\"Group Florence Nightingale Hospitals\",\"url\":\"https:\/\/groupflorence.com\/sv\/\",\"logo\":{\"@type\":\"ImageObject\",\"inLanguage\":\"en-US\",\"@id\":\"https:\/\/groupflorence.com\/sv\/#\/schema\/logo\/image\/\",\"url\":\"https:\/\/groupflorence.com\/en\/wp-content\/uploads\/2021\/01\/gf-logotype-transparent-miniversion.png\",\"contentUrl\":\"https:\/\/groupflorence.com\/en\/wp-content\/uploads\/2021\/01\/gf-logotype-transparent-miniversion.png\",\"width\":245,\"height\":55,\"caption\":\"Group Florence Nightingale Hospitals\"},\"image\":{\"@id\":\"https:\/\/groupflorence.com\/sv\/#\/schema\/logo\/image\/\"},\"sameAs\":[\"https:\/\/www.facebook.com\/groupflorence\",\"https:\/\/www.instagram.com\/group_florence\/\",\"https:\/\/www.youtube.com\/channel\/UC_nlE9Up7N9T68unmJYEnfg\"]}]}<\/script>\n<!-- \/ Yoast SEO plugin. -->","yoast_head_json":{"title":"Radiation Oncology - Group Florence Nightingale Hospitals","robots":{"index":"index","follow":"follow","max-snippet":"max-snippet:-1","max-image-preview":"max-image-preview:large","max-video-preview":"max-video-preview:-1"},"canonical":"https:\/\/groupflorence.com\/sv\/centers-treatments\/oncology-center\/radiation-oncology\/","og_locale":"en_US","og_type":"article","og_title":"Radiation Oncology - Group Florence Nightingale Hospitals","og_url":"https:\/\/groupflorence.com\/sv\/centers-treatments\/oncology-center\/radiation-oncology\/","og_site_name":"Group Florence Nightingale Hospitals","article_publisher":"https:\/\/www.facebook.com\/groupflorence","article_modified_time":"2022-12-12T12:28:22+00:00","twitter_card":"summary_large_image","twitter_misc":{"Est. reading time":"6 minutes"},"schema":{"@context":"https:\/\/schema.org","@graph":[{"@type":"WebPage","@id":"https:\/\/groupflorence.com\/sv\/centers-treatments\/oncology-center\/radiation-oncology\/","url":"https:\/\/groupflorence.com\/sv\/centers-treatments\/oncology-center\/radiation-oncology\/","name":"Radiation Oncology - Group Florence Nightingale Hospitals","isPartOf":{"@id":"https:\/\/groupflorence.com\/sv\/#website"},"datePublished":"2020-10-29T13:09:35+00:00","dateModified":"2022-12-12T12:28:22+00:00","breadcrumb":{"@id":"https:\/\/groupflorence.com\/sv\/centers-treatments\/oncology-center\/radiation-oncology\/#breadcrumb"},"inLanguage":"en-US","potentialAction":[{"@type":"ReadAction","target":["https:\/\/groupflorence.com\/sv\/centers-treatments\/oncology-center\/radiation-oncology\/"]}]},{"@type":"BreadcrumbList","@id":"https:\/\/groupflorence.com\/sv\/centers-treatments\/oncology-center\/radiation-oncology\/#breadcrumb","itemListElement":[{"@type":"ListItem","position":1,"name":"Home","item":"https:\/\/groupflorence.com\/sv\/"},{"@type":"ListItem","position":2,"name":"Centers &#038; Departments","item":"https:\/\/groupflorence.com\/sv\/centers-treatments\/"},{"@type":"ListItem","position":3,"name":"Comprehensive Oncology Center","item":"https:\/\/groupflorence.com\/sv\/centers-treatments\/oncology-center\/"},{"@type":"ListItem","position":4,"name":"Radiation Oncology"}]},{"@type":"WebSite","@id":"https:\/\/groupflorence.com\/sv\/#website","url":"https:\/\/groupflorence.com\/sv\/","name":"Group Florence Nightingale Hospitals","description":"","publisher":{"@id":"https:\/\/groupflorence.com\/sv\/#organization"},"potentialAction":[{"@type":"SearchAction","target":{"@type":"EntryPoint","urlTemplate":"https:\/\/groupflorence.com\/sv\/?s={search_term_string}"},"query-input":"required name=search_term_string"}],"inLanguage":"en-US"},{"@type":"Organization","@id":"https:\/\/groupflorence.com\/sv\/#organization","name":"Group Florence Nightingale Hospitals","url":"https:\/\/groupflorence.com\/sv\/","logo":{"@type":"ImageObject","inLanguage":"en-US","@id":"https:\/\/groupflorence.com\/sv\/#\/schema\/logo\/image\/","url":"https:\/\/groupflorence.com\/en\/wp-content\/uploads\/2021\/01\/gf-logotype-transparent-miniversion.png","contentUrl":"https:\/\/groupflorence.com\/en\/wp-content\/uploads\/2021\/01\/gf-logotype-transparent-miniversion.png","width":245,"height":55,"caption":"Group Florence Nightingale Hospitals"},"image":{"@id":"https:\/\/groupflorence.com\/sv\/#\/schema\/logo\/image\/"},"sameAs":["https:\/\/www.facebook.com\/groupflorence","https:\/\/www.instagram.com\/group_florence\/","https:\/\/www.youtube.com\/channel\/UC_nlE9Up7N9T68unmJYEnfg"]}]}},"_links":{"self":[{"href":"https:\/\/groupflorence.com\/sv\/wp-json\/wp\/v2\/pages\/4950","targetHints":{"allow":["GET"]}}],"collection":[{"href":"https:\/\/groupflorence.com\/sv\/wp-json\/wp\/v2\/pages"}],"about":[{"href":"https:\/\/groupflorence.com\/sv\/wp-json\/wp\/v2\/types\/page"}],"author":[{"embeddable":true,"href":"https:\/\/groupflorence.com\/sv\/wp-json\/wp\/v2\/users\/1"}],"replies":[{"embeddable":true,"href":"https:\/\/groupflorence.com\/sv\/wp-json\/wp\/v2\/comments?post=4950"}],"version-history":[{"count":4,"href":"https:\/\/groupflorence.com\/sv\/wp-json\/wp\/v2\/pages\/4950\/revisions"}],"predecessor-version":[{"id":6774,"href":"https:\/\/groupflorence.com\/sv\/wp-json\/wp\/v2\/pages\/4950\/revisions\/6774"}],"up":[{"embeddable":true,"href":"https:\/\/groupflorence.com\/sv\/wp-json\/wp\/v2\/pages\/2331"}],"wp:attachment":[{"href":"https:\/\/groupflorence.com\/sv\/wp-json\/wp\/v2\/media?parent=4950"}],"curies":[{"name":"wp","href":"https:\/\/api.w.org\/{rel}","templated":true}]}}