{"id":4884,"date":"2020-10-27T19:25:17","date_gmt":"2020-10-27T16:25:17","guid":{"rendered":"https:\/\/groupflorence.com\/en\/?page_id=4884"},"modified":"2022-09-01T11:04:48","modified_gmt":"2022-09-01T08:04:48","slug":"kanay-yararbas","status":"publish","type":"page","link":"https:\/\/groupflorence.com\/sv\/doctors\/kanay-yararbas\/","title":{"rendered":"Assoc. Kanay Yararba\u015f, M.D."},"content":{"rendered":"<section id=\"bt_section69ec1068bed2c\"  class=\"boldSection gutter\" ><div class=\"port\"><div class=\"boldCell\"><div class=\"boldCellInner\"><div class=\"boldRow  \" ><div class=\"boldRowInner\"><div class=\"rowItem col-md-4 col-ms-12 btTextLeft inherit btDoublePadding\"  ><div class=\"rowItemContent\" ><div class=\"btClear btSeparator bottomExtraSpaced noBorder\" ><hr><\/div><header class=\"header btClear medium btDash topDash  btAccentDash bt_bb_hidden_sm bt_bb_hidden_md bt_bb_hidden_lg\" ><div class=\"dash\"><h3><span class=\"headline\">Assoc. Kanay Yararba\u015f, M.D.<\/span><\/h3><\/div><\/header><div class=\"btClear btSeparator bottomSemiSpaced noBorder\" ><hr><\/div><div class=\"bpgPhoto btTextCenter\" ><div class=\"btImage\"><img decoding=\"async\" src=\"https:\/\/groupflorence.com\/sv\/wp-content\/uploads\/2020\/10\/Kanay-Yararbas\u0327.jpg\" alt=\"\" title=\"\"><\/div><\/div><\/div><\/div><div class=\"rowItem col-md-8 col-ms-12 btTextLeft inherit\"  ><div class=\"rowItemContent\" ><div class=\"btClear btSeparator bottomSpaced noBorder bt_bb_hidden_xs bt_bb_hidden_ms\" ><hr><\/div><header class=\"header btClear medium btDash topDash  btAccentDash bt_bb_hidden_xs bt_bb_hidden_ms\" ><div class=\"dash\"><h3><span class=\"headline\">Assoc. Kanay Yararba\u015f, M.D.<\/span><\/h3><\/div><\/header><div class=\"btClear btSeparator bottomSemiSpaced noBorder bt_bb_hidden_xs bt_bb_hidden_ms\" ><hr><\/div><div class=\"btClear btSeparator bottomSemiSpaced noBorder bt_bb_hidden_sm bt_bb_hidden_md bt_bb_hidden_lg\" ><hr><\/div><div class=\"btText\" ><h3><strong>\u00d6\u011frenim Bilgisi<\/strong><\/h3>\n<ol>\n<li>2018- Halen (A\u00c7IK\u00d6\u011eRET\u0130M)<\/li>\n<\/ol>\n<p>ANADOLU \u00dcN\u0130VERS\u0130TES\u0130 A\u00c7IK\u00d6\u011eRET\u0130M FAK\u00dcLTES\u0130 SA\u011eLIK Y\u00d6NET\u0130M\u0130 B\u00d6L\u00dcM\u00dc SA\u011eLIK Y\u00d6NET\u0130M\u0130 PR.<\/p>\n<ol start=\"2\">\n<li>Mezun (A\u00c7IK\u00d6\u011eRET\u0130M)<\/li>\n<\/ol>\n<p>ANADOLU \u00dcN\u0130VERS\u0130TES\u0130 \u0130KT\u0130SAT FAK\u00dcLTES\u0130 \u00c7ALI\u015eMA EKONOM\u0130S\u0130 VE END\u00dcSTR\u0130 \u0130L\u0130\u015eK\u0130LER\u0130 B\u00d6L\u00dcM\u00dc \u00c7ALI\u015eMA EKONOM\u0130S\u0130 VE END\u00dcSTR\u0130 \u0130L\u0130\u015eK\u0130LER\u0130 PR.<\/p>\n<ol start=\"3\">\n<li>Mezun (A\u00c7IK\u00d6\u011eRET\u0130M)<\/li>\n<\/ol>\n<p>ANADOLU \u00dcN\u0130VERS\u0130TES\u0130 A\u00c7IK\u00d6\u011eRET\u0130M FAK\u00dcLTES\u0130 Y\u00d6NET\u0130M VE ORGAN\u0130ZASYON B\u00d6L\u00dcM\u00dc SA\u011eLIK KURUMLARI \u0130\u015eLETMEC\u0130L\u0130\u011e\u0130 PR.<\/p>\n<ol start=\"4\">\n<li><strong>T\u0131pta Uzmanl\u0131k: 2002-2006<\/strong><\/li>\n<\/ol>\n<p><strong>ANKARA \u00dcN\u0130VERS\u0130TES\u0130 TIP FAK\u00dcLTES\u0130 DAH\u0130L\u0130 TIP B\u0130L\u0130MLER\u0130 B\u00d6L\u00dcM\u00dc <\/strong><\/p>\n<p><strong>TIBB\u0130 GENET\u0130K ANAB\u0130L\u0130M DALI<\/strong><\/p>\n<p><strong>Tez ad\u0131: Sitogenetik bulgusu ve mikrodelesyonu olmayan infertil erkek hastalarda kar\u015f\u0131la\u015ft\u0131rmal\u0131 genomik hibridizasyon y\u00f6ntemi ile kriptik kromozomal de\u011fi\u015fikliklerin saptanmas\u0131 (2006) Tez Dan\u0131\u015fman\u0131: Hatice Ilg\u0131n Ruhi. <\/strong><\/p>\n<ol start=\"5\">\n<li><strong>Lisans 1993-2000<\/strong><\/li>\n<\/ol>\n<p><strong>ANKARA \u00dcN\u0130VERS\u0130TES\u0130 TIP FAK\u00dcLTES\u0130 TIP PR.<\/strong><\/p>\n<ol start=\"6\">\n<li><strong>\u0130lk\u00f6\u011fretim &#8211; Lise 1982-1983<\/strong><\/li>\n<\/ol>\n<p><strong>TED ANKARA KOLEJ\u0130<\/strong><\/p>\n<p><strong>\u00a0<\/strong><\/p>\n<h3><strong>Board Sertifikas\u0131<\/strong><\/h3>\n<p>European Board of Clinical Laboratory Genetics<\/p>\n<p>European Board of Medical Genetics, European Society of Human Genetics\u2019e ait Board yeterlili\u011fi sertifikas\u0131d\u0131r.<\/p>\n<p>Tecr\u00fcbenin belgelenmesi sonras\u0131 hakemlerce degerlendirilip kabulunden sonra, yaz\u0131l\u0131 ve s\u00f6zl\u00fc s\u0131navlara tabidir.<\/p>\n<p>Italya, Sertifika, 15.04.2018 (Uluslararas\u0131)<\/p>\n<h3><strong>G\u00f6revler<\/strong><strong>\u00a0<\/strong><\/h3>\n<p><strong>2020-<\/strong><\/p>\n<p>DO\u00c7ENT \u00d6\u011eRET\u0130M \u00dcYES\u0130<\/p>\n<p>DEM\u0130RO\u011eLU B\u0130L\u0130M \u00dcN\u0130VERS\u0130TES\u0130 TIP FAK\u00dcLTES\u0130<\/p>\n<p>DAH\u0130L\u0130 TIP B\u0130L\u0130MLER\u0130 B\u00d6L\u00dcM\u00dc TIBB\u0130 GENET\u0130K AD<\/p>\n<p><strong>\u00a0<\/strong><\/p>\n<p><strong>2016 \u2013 2020 <\/strong><\/p>\n<p>DOKTOR \u00d6\u011eRET\u0130M \u00dcYES\u0130<\/p>\n<p>ACIBADEM MEHMET AL\u0130 AYDINLAR \u00dcN\u0130VERS\u0130TES\u0130\/TIP FAK\u00dcLTES\u0130\/DAH\u0130L\u0130 TIP B\u0130L\u0130MLER\u0130 B\u00d6L\u00dcM\u00dc\/TIBB\u0130 GENET\u0130K ANAB\u0130L\u0130M DALI)<\/p>\n<p><strong>2015-2016\u00a0\u00a0\u00a0\u00a0\u00a0\u00a0\u00a0\u00a0\u00a0\u00a0\u00a0\u00a0\u00a0\u00a0\u00a0\u00a0\u00a0\u00a0\u00a0\u00a0\u00a0\u00a0\u00a0\u00a0\u00a0\u00a0\u00a0\u00a0\u00a0\u00a0\u00a0\u00a0\u00a0\u00a0\u00a0\u00a0\u00a0\u00a0\u00a0\u00a0\u00a0\u00a0\u00a0\u00a0\u00a0\u00a0\u00a0\u00a0\u00a0\u00a0\u00a0\u00a0\u00a0\u00a0\u00a0\u00a0\u00a0 <\/strong><\/p>\n<p>DOKTOR \u00d6\u011eRET\u0130M \u00dcYES\u0130<\/p>\n<p>MALTEPE \u00dcN\u0130VERS\u0130TES\u0130\/TIP FAK\u00dcLTES\u0130\/TEMEL TIP B\u0130L\u0130MLER\u0130 B\u00d6L\u00dcM\u00dc\/TIBB\u0130 B\u0130YOLOJ\u0130 VE GENET\u0130K ANAB\u0130L\u0130M DALI)<\/p>\n<\/div><div class=\"btClear btSeparator bottomSemiSpaced noBorder\" ><hr><\/div><\/div><\/div><\/div><\/div><\/div><\/div><\/div><\/section><section id=\"bt_section69ec1068d29c2\"  class=\"boldSection gutter\" ><div class=\"port\"><div class=\"boldCell\"><div class=\"boldCellInner\"><div class=\"boldRow  \" ><div class=\"boldRowInner\"><div class=\"rowItem col-md-12 col-ms-12  btTextLeft inherit btDoublePadding\"  ><div class=\"rowItemContent\" ><div class=\"btClear btSeparator topSemiSpaced border\" ><hr><\/div><div class=\"btClear btSeparator topSmallSpaced noBorder\" ><hr><\/div><header class=\"header btClear medium btDash bottomDash  btAccentDash\" ><div class=\"dash\"><h3><span class=\"headline\"><em>Contact Us Now<\/em><\/span><\/h3><\/div><\/header><div class=\"btClear btSeparator bottomSmallSpaced noBorder\" ><hr><\/div><div class=\"btText\" >\n<div class=\"wpcf7 no-js\" id=\"wpcf7-f2891-o1\" lang=\"tr-TR\" dir=\"ltr\">\n<div class=\"screen-reader-response\"><p role=\"status\" aria-live=\"polite\" aria-atomic=\"true\"><\/p> <ul><\/ul><\/div>\n<form action=\"\/sv\/wp-json\/wp\/v2\/pages\/4884#wpcf7-f2891-o1\" method=\"post\" class=\"wpcf7-form init wpcf7-acceptance-as-validation\" aria-label=\"Contact form\" novalidate=\"novalidate\" data-status=\"init\">\n<div style=\"display: none;\">\n<input type=\"hidden\" name=\"_wpcf7\" value=\"2891\" \/>\n<input type=\"hidden\" name=\"_wpcf7_version\" value=\"5.9.2\" \/>\n<input type=\"hidden\" name=\"_wpcf7_locale\" value=\"tr_TR\" \/>\n<input type=\"hidden\" name=\"_wpcf7_unit_tag\" value=\"wpcf7-f2891-o1\" \/>\n<input type=\"hidden\" name=\"_wpcf7_container_post\" value=\"0\" \/>\n<input type=\"hidden\" name=\"_wpcf7_posted_data_hash\" value=\"\" \/>\n<\/div>\n<p style=\"margin-bottom:30px !important;\">N\u00e4r du fyller i kontaktformul\u00e4ret nedan kan du ocks\u00e5 skicka din\/patientens medicinska handlingar till oss via <strong>wetransfer<\/strong>. Den medicinska second opinion kommer att presenteras f\u00f6r dig inom 48 timmar.\n<\/p>\n<div class=\"boldRow boldInnerRow  \">\n\t<div class=\"rowItem rowInnerItem col-md-6  btTextLeft\">\n\t\t<div class=\"rowItemContent\">\n\t\t\t<p><label><span class=\"bt_bb_required\">Your Name<\/span><br \/>\n<span class=\"wpcf7-form-control-wrap\" data-name=\"your-name\"><input size=\"40\" class=\"wpcf7-form-control wpcf7-text wpcf7-validates-as-required\" aria-required=\"true\" aria-invalid=\"false\" value=\"\" type=\"text\" name=\"your-name\" \/><\/span> <\/label>\n\t\t\t<\/p>\n\t\t\t<p><label><span class=\"bt_bb_required\">Your Email<\/span><br \/>\n<span class=\"wpcf7-form-control-wrap\" data-name=\"your-email\"><input size=\"40\" class=\"wpcf7-form-control wpcf7-email wpcf7-validates-as-required wpcf7-text wpcf7-validates-as-email\" aria-required=\"true\" aria-invalid=\"false\" value=\"\" type=\"email\" name=\"your-email\" \/><\/span> <\/label>\n\t\t\t<\/p>\n\t\t\t<p><label><span class=\"bt_bb_required\">Your Phone<\/span><br \/>\n<span class=\"wpcf7-form-control-wrap\" data-name=\"your-phone\"><input size=\"40\" class=\"wpcf7-form-control wpcf7-phonetext wpcf7-text wpcf7-validates-as-phonetext\" id=\"int_phone\" aria-invalid=\"false\" value=\"\" type=\"text\" name=\"your-phone\" \/><input type=\"hidden\" name=\"your-phone-country-code\" class=\"wpcf7-phonetext-country-code\" \/><\/span> <\/label>\n\t\t\t<\/p>\n\t\t\t<p><label><span class=\"bt_bb_required\">Your Message<\/span><br \/>\n<span class=\"wpcf7-form-control-wrap\" data-name=\"your-message\"><textarea cols=\"40\" rows=\"10\" class=\"wpcf7-form-control wpcf7-textarea wpcf7-validates-as-required\" aria-required=\"true\" aria-invalid=\"false\" name=\"your-message\"><\/textarea><\/span> <\/label>\n\t\t\t<\/p>\n\t\t\t<p><label><span class=\"bt_bb_required\" style=\"margin-top:25px !important;\"><span class=\"wpcf7-form-control-wrap\" data-name=\"accept-this-1\"><span class=\"wpcf7-form-control wpcf7-acceptance\"><span class=\"wpcf7-list-item\"><label><input type=\"checkbox\" name=\"accept-this-1\" value=\"1\" aria-invalid=\"false\" \/><span class=\"wpcf7-list-item-label\">I agree to <a target=\"_blank\" href=\"https:\/\/groupflorence.com\/en\/terms-of-use\/\">Terms &#038; Services<\/a>.<\/span><\/label><\/span><\/span><\/span><\/span><\/label>\n\t\t\t<\/p>\n\t\t\t<p><input class=\"wpcf7-form-control wpcf7-submit has-spinner contact_button_int\" type=\"submit\" value=\"SEND MESSAGE\" \/>\n\t\t\t<\/p>\n\t\t<\/div>\n\t<\/div>\n\t<div class=\"rowItem rowInnerItem col-md-6  btTextLeft\">\n\t\t<div class=\"rowItemContent\">\n\t\t\t<p align=\"center\" style=\"margin-top:30px;\"><br \/>\n<a href=\"http:\/\/florencenightingale.wetransfer.com\/\" target=\"_blank\" title=\"Click Here To Transfer Your Documents via WeTransfer\"><img decoding=\"async\"  align=\"center\" style=\"max-width:250px !important;\" class=\"lazy loaded\" src=\"https:\/\/groupflorence.com\/ru\/wp-content\/uploads\/2020\/08\/89130-wetransfer-default-logo-rgb-original-1365619064-e1599162229581.png\" data-src=\"https:\/\/groupflorence.com\/ru\/wp-content\/uploads\/2020\/08\/89130-wetransfer-default-logo-rgb-original-1365619064-e1599162229581.png\" alt=\"Click Here To Transfer Your Documents via WeTransfer\" title=\"Click Here To Transfer Your Documents via WeTransfer\" data-was-processed=\"true\" \/><\/a>\n\t\t\t<\/p>\n\t\t\t<h3 align=\"center\"><a href=\"http:\/\/florencenightingale.wetransfer.com\/\" target=\"_blank\" title=\"Click Here To Transfer Your Documents via WeTransfer\">Send via WeTransfer<\/a>\n\t\t\t<\/h3>\n\t\t\t<p align=\"center\">Du kan skicka dina \u00f6verdimensionerade medicinska dokument (MRT-inspelningar, labbresultat, bilder etc.) med v\u00e5rt WeTransfer-konto. Det \u00e4r enkelt, snabbt och s\u00e4kert.\n\t\t\t<\/p>\n\t\t<\/div>\n\t\t<center>\n\t\t\t<p><a href=\"http:\/\/florencenightingale.wetransfer.com\/\" class=\"btBtn btBtn btnFilledStyle btnAccentColor btnSmall btnNormalWidth btnRightPosition btnNoIcon\" target=\"_blank\"><span class=\"btnInnerText\">Send Now<\/span><\/a>\n\t\t\t<\/p>\n\t\t<\/center>\n\t<\/div>\n<\/div><div class=\"wpcf7-response-output\" aria-hidden=\"true\"><\/div>\n<\/form>\n<\/div>\n<\/div><div class=\"btClear btSeparator topSpaced noBorder\" ><hr><\/div><\/div><\/div><\/div><\/div><\/div><\/div><\/div><\/section>","protected":false},"excerpt":{"rendered":"","protected":false},"author":1,"featured_media":0,"parent":4328,"menu_order":0,"comment_status":"closed","ping_status":"closed","template":"","meta":{"footnotes":""},"class_list":["post-4884","page","type-page","status-publish","hentry"],"yoast_head":"<!-- This site is optimized with the Yoast SEO plugin v22.2 - https:\/\/yoast.com\/wordpress\/plugins\/seo\/ -->\n<title>Assoc. Kanay Yararba\u015f, M.D. - Group Florence Nightingale Hospitals<\/title>\n<meta name=\"robots\" content=\"index, follow, max-snippet:-1, max-image-preview:large, max-video-preview:-1\" \/>\n<link rel=\"canonical\" href=\"https:\/\/groupflorence.com\/sv\/doctors\/kanay-yararbas\/\" \/>\n<meta property=\"og:locale\" content=\"en_US\" \/>\n<meta property=\"og:type\" content=\"article\" \/>\n<meta property=\"og:title\" content=\"Assoc. Kanay Yararba\u015f, M.D. - Group Florence Nightingale Hospitals\" \/>\n<meta property=\"og:url\" content=\"https:\/\/groupflorence.com\/sv\/doctors\/kanay-yararbas\/\" \/>\n<meta property=\"og:site_name\" content=\"Group Florence Nightingale Hospitals\" \/>\n<meta property=\"article:publisher\" content=\"https:\/\/www.facebook.com\/groupflorence\" \/>\n<meta property=\"article:modified_time\" content=\"2022-09-01T08:04:48+00:00\" \/>\n<meta name=\"twitter:card\" content=\"summary_large_image\" \/>\n<meta name=\"twitter:label1\" content=\"Est. reading time\" \/>\n\t<meta name=\"twitter:data1\" content=\"4 minutes\" \/>\n<script type=\"application\/ld+json\" class=\"yoast-schema-graph\">{\"@context\":\"https:\/\/schema.org\",\"@graph\":[{\"@type\":\"WebPage\",\"@id\":\"https:\/\/groupflorence.com\/sv\/doctors\/kanay-yararbas\/\",\"url\":\"https:\/\/groupflorence.com\/sv\/doctors\/kanay-yararbas\/\",\"name\":\"Assoc. Kanay Yararba\u015f, M.D. - Group Florence Nightingale Hospitals\",\"isPartOf\":{\"@id\":\"https:\/\/groupflorence.com\/sv\/#website\"},\"datePublished\":\"2020-10-27T16:25:17+00:00\",\"dateModified\":\"2022-09-01T08:04:48+00:00\",\"breadcrumb\":{\"@id\":\"https:\/\/groupflorence.com\/sv\/doctors\/kanay-yararbas\/#breadcrumb\"},\"inLanguage\":\"en-US\",\"potentialAction\":[{\"@type\":\"ReadAction\",\"target\":[\"https:\/\/groupflorence.com\/sv\/doctors\/kanay-yararbas\/\"]}]},{\"@type\":\"BreadcrumbList\",\"@id\":\"https:\/\/groupflorence.com\/sv\/doctors\/kanay-yararbas\/#breadcrumb\",\"itemListElement\":[{\"@type\":\"ListItem\",\"position\":1,\"name\":\"Home\",\"item\":\"https:\/\/groupflorence.com\/sv\/\"},{\"@type\":\"ListItem\",\"position\":2,\"name\":\"Doctors\",\"item\":\"https:\/\/groupflorence.com\/sv\/doctors\/\"},{\"@type\":\"ListItem\",\"position\":3,\"name\":\"Assoc. Kanay Yararba\u015f, M.D.\"}]},{\"@type\":\"WebSite\",\"@id\":\"https:\/\/groupflorence.com\/sv\/#website\",\"url\":\"https:\/\/groupflorence.com\/sv\/\",\"name\":\"Group Florence Nightingale Hospitals\",\"description\":\"\",\"publisher\":{\"@id\":\"https:\/\/groupflorence.com\/sv\/#organization\"},\"potentialAction\":[{\"@type\":\"SearchAction\",\"target\":{\"@type\":\"EntryPoint\",\"urlTemplate\":\"https:\/\/groupflorence.com\/sv\/?s={search_term_string}\"},\"query-input\":\"required name=search_term_string\"}],\"inLanguage\":\"en-US\"},{\"@type\":\"Organization\",\"@id\":\"https:\/\/groupflorence.com\/sv\/#organization\",\"name\":\"Group Florence Nightingale Hospitals\",\"url\":\"https:\/\/groupflorence.com\/sv\/\",\"logo\":{\"@type\":\"ImageObject\",\"inLanguage\":\"en-US\",\"@id\":\"https:\/\/groupflorence.com\/sv\/#\/schema\/logo\/image\/\",\"url\":\"https:\/\/groupflorence.com\/en\/wp-content\/uploads\/2021\/01\/gf-logotype-transparent-miniversion.png\",\"contentUrl\":\"https:\/\/groupflorence.com\/en\/wp-content\/uploads\/2021\/01\/gf-logotype-transparent-miniversion.png\",\"width\":245,\"height\":55,\"caption\":\"Group Florence Nightingale Hospitals\"},\"image\":{\"@id\":\"https:\/\/groupflorence.com\/sv\/#\/schema\/logo\/image\/\"},\"sameAs\":[\"https:\/\/www.facebook.com\/groupflorence\",\"https:\/\/www.instagram.com\/group_florence\/\",\"https:\/\/www.youtube.com\/channel\/UC_nlE9Up7N9T68unmJYEnfg\"]}]}<\/script>\n<!-- \/ Yoast SEO plugin. -->","yoast_head_json":{"title":"Assoc. Kanay Yararba\u015f, M.D. - Group Florence Nightingale Hospitals","robots":{"index":"index","follow":"follow","max-snippet":"max-snippet:-1","max-image-preview":"max-image-preview:large","max-video-preview":"max-video-preview:-1"},"canonical":"https:\/\/groupflorence.com\/sv\/doctors\/kanay-yararbas\/","og_locale":"en_US","og_type":"article","og_title":"Assoc. Kanay Yararba\u015f, M.D. - Group Florence Nightingale Hospitals","og_url":"https:\/\/groupflorence.com\/sv\/doctors\/kanay-yararbas\/","og_site_name":"Group Florence Nightingale Hospitals","article_publisher":"https:\/\/www.facebook.com\/groupflorence","article_modified_time":"2022-09-01T08:04:48+00:00","twitter_card":"summary_large_image","twitter_misc":{"Est. reading time":"4 minutes"},"schema":{"@context":"https:\/\/schema.org","@graph":[{"@type":"WebPage","@id":"https:\/\/groupflorence.com\/sv\/doctors\/kanay-yararbas\/","url":"https:\/\/groupflorence.com\/sv\/doctors\/kanay-yararbas\/","name":"Assoc. Kanay Yararba\u015f, M.D. - Group Florence Nightingale Hospitals","isPartOf":{"@id":"https:\/\/groupflorence.com\/sv\/#website"},"datePublished":"2020-10-27T16:25:17+00:00","dateModified":"2022-09-01T08:04:48+00:00","breadcrumb":{"@id":"https:\/\/groupflorence.com\/sv\/doctors\/kanay-yararbas\/#breadcrumb"},"inLanguage":"en-US","potentialAction":[{"@type":"ReadAction","target":["https:\/\/groupflorence.com\/sv\/doctors\/kanay-yararbas\/"]}]},{"@type":"BreadcrumbList","@id":"https:\/\/groupflorence.com\/sv\/doctors\/kanay-yararbas\/#breadcrumb","itemListElement":[{"@type":"ListItem","position":1,"name":"Home","item":"https:\/\/groupflorence.com\/sv\/"},{"@type":"ListItem","position":2,"name":"Doctors","item":"https:\/\/groupflorence.com\/sv\/doctors\/"},{"@type":"ListItem","position":3,"name":"Assoc. Kanay Yararba\u015f, M.D."}]},{"@type":"WebSite","@id":"https:\/\/groupflorence.com\/sv\/#website","url":"https:\/\/groupflorence.com\/sv\/","name":"Group Florence Nightingale Hospitals","description":"","publisher":{"@id":"https:\/\/groupflorence.com\/sv\/#organization"},"potentialAction":[{"@type":"SearchAction","target":{"@type":"EntryPoint","urlTemplate":"https:\/\/groupflorence.com\/sv\/?s={search_term_string}"},"query-input":"required name=search_term_string"}],"inLanguage":"en-US"},{"@type":"Organization","@id":"https:\/\/groupflorence.com\/sv\/#organization","name":"Group Florence Nightingale Hospitals","url":"https:\/\/groupflorence.com\/sv\/","logo":{"@type":"ImageObject","inLanguage":"en-US","@id":"https:\/\/groupflorence.com\/sv\/#\/schema\/logo\/image\/","url":"https:\/\/groupflorence.com\/en\/wp-content\/uploads\/2021\/01\/gf-logotype-transparent-miniversion.png","contentUrl":"https:\/\/groupflorence.com\/en\/wp-content\/uploads\/2021\/01\/gf-logotype-transparent-miniversion.png","width":245,"height":55,"caption":"Group Florence Nightingale Hospitals"},"image":{"@id":"https:\/\/groupflorence.com\/sv\/#\/schema\/logo\/image\/"},"sameAs":["https:\/\/www.facebook.com\/groupflorence","https:\/\/www.instagram.com\/group_florence\/","https:\/\/www.youtube.com\/channel\/UC_nlE9Up7N9T68unmJYEnfg"]}]}},"_links":{"self":[{"href":"https:\/\/groupflorence.com\/sv\/wp-json\/wp\/v2\/pages\/4884","targetHints":{"allow":["GET"]}}],"collection":[{"href":"https:\/\/groupflorence.com\/sv\/wp-json\/wp\/v2\/pages"}],"about":[{"href":"https:\/\/groupflorence.com\/sv\/wp-json\/wp\/v2\/types\/page"}],"author":[{"embeddable":true,"href":"https:\/\/groupflorence.com\/sv\/wp-json\/wp\/v2\/users\/1"}],"replies":[{"embeddable":true,"href":"https:\/\/groupflorence.com\/sv\/wp-json\/wp\/v2\/comments?post=4884"}],"version-history":[{"count":2,"href":"https:\/\/groupflorence.com\/sv\/wp-json\/wp\/v2\/pages\/4884\/revisions"}],"predecessor-version":[{"id":6655,"href":"https:\/\/groupflorence.com\/sv\/wp-json\/wp\/v2\/pages\/4884\/revisions\/6655"}],"up":[{"embeddable":true,"href":"https:\/\/groupflorence.com\/sv\/wp-json\/wp\/v2\/pages\/4328"}],"wp:attachment":[{"href":"https:\/\/groupflorence.com\/sv\/wp-json\/wp\/v2\/media?parent=4884"}],"curies":[{"name":"wp","href":"https:\/\/api.w.org\/{rel}","templated":true}]}}