{"id":4827,"date":"2020-10-23T02:54:59","date_gmt":"2020-10-22T23:54:59","guid":{"rendered":"https:\/\/groupflorence.com\/en\/?page_id=4827"},"modified":"2022-12-12T15:12:46","modified_gmt":"2022-12-12T12:12:46","slug":"molecular-oncology-and-genetics","status":"publish","type":"page","link":"https:\/\/groupflorence.com\/sv\/centers-treatments\/oncology-center\/molecular-oncology-and-genetics\/","title":{"rendered":"Molecular Oncology and Genetics"},"content":{"rendered":"<section id=\"bt_section6a092bc0be124\"  class=\"boldSection gutter\" ><div class=\"port\"><div class=\"boldCell\"><div class=\"boldCellInner\"><div class=\"boldRow  \" ><div class=\"boldRowInner\"><div class=\"rowItem col-md-4 col-ms-12 btTextLeft\"  ><div class=\"rowItemContent\" ><div class=\"btClear btSeparator topSpaced noBorder\" ><hr><\/div><div class=\"btCustomMenu treatment-sidebar\" ><div class=\"menu-oncology-center-container\"><ul id=\"menu-oncology-center\" class=\"menu\"><li id=\"menu-item-3501\" class=\"menu-item menu-item-type-post_type menu-item-object-page menu-item-has-children menu-item-3501\"><a href=\"https:\/\/groupflorence.com\/sv\/centers-treatments\/\">Centrum och avdelningar<\/a><ul class=\"sub-menu\"><li id=\"menu-item-3497\" class=\"menu-item menu-item-type-post_type menu-item-object-page menu-item-has-children menu-item-3497\"><a href=\"https:\/\/groupflorence.com\/sv\/centers-treatments\/oncology-center\/\">Omfattande onkologiskt centrum<\/a><ul class=\"sub-menu\"><li id=\"menu-item-4380\" class=\"menu-item menu-item-type-post_type menu-item-object-page menu-item-4380\"><a href=\"https:\/\/groupflorence.com\/sv\/centers-treatments\/oncology-center\/nuclear-oncology-nuclear-medicine\/\">Nukle\u00e4r onkologi (nukle\u00e4rmedicin)<\/a><\/li><li id=\"menu-item-4832\" class=\"menu-item menu-item-type-post_type menu-item-object-page menu-item-4832\"><a href=\"https:\/\/groupflorence.com\/sv\/centers-treatments\/oncology-center\/molecular-oncology-and-genetics\/\">Molekyl\u00e4r onkologi och genetik<\/a><\/li><li id=\"menu-item-4376\" class=\"menu-item menu-item-type-post_type menu-item-object-page menu-item-4376\"><a href=\"https:\/\/groupflorence.com\/sv\/centers-treatments\/oncology-center\/medical-oncology-and-immunotherapy\/\">Medicinsk onkologi och immunterapi<\/a><\/li><li id=\"menu-item-4952\" class=\"menu-item menu-item-type-post_type menu-item-object-page menu-item-4952\"><a href=\"https:\/\/groupflorence.com\/sv\/centers-treatments\/oncology-center\/radiation-oncology\/\">Str\u00e5lnings onkologi<\/a><\/li><li id=\"menu-item-4373\" class=\"menu-item menu-item-type-post_type menu-item-object-page menu-item-4373\"><a href=\"https:\/\/groupflorence.com\/sv\/centers-treatments\/oncology-center\/interventional-radiology-in-oncology\/\">Interventionell radiologi i onkologi<\/a><\/li><li id=\"menu-item-3513\" class=\"menu-item menu-item-type-post_type menu-item-object-page menu-item-3513\"><a href=\"https:\/\/groupflorence.com\/sv\/centers-treatments\/oncology-center\/why-florence-nightingale-oncology-center\/\">Varf\u00f6r Florence Nightingale Oncology Center?<\/a><\/li><li id=\"menu-item-3506\" class=\"menu-item menu-item-type-post_type menu-item-object-page menu-item-3506\"><a href=\"https:\/\/groupflorence.com\/sv\/centers-treatments\/oncology-center\/multidisciplinary-tumor-board\/\">Multidisciplin\u00e4r tum\u00f6rn\u00e4mnd<\/a><\/li><\/ul><\/li><\/ul><\/li>\n<\/ul><\/div><\/div><div class=\"btClear btSeparator topSemiSpaced noBorder\" ><hr><\/div><div class=\"boldRow boldInnerRow  bt_bb_hidden_xs bt_bb_hidden_ms bt_bb_hidden_sm\" ><div class=\"rowItem rowInnerItem col-md-12  btTextCenter btMiddleVertical\"  ><div class=\"rowItemContent\"><div class=\"bpgPhoto btTextCenter\" > \r\n\t\t\t\t\t<a href=\"https:\/\/groupflorence.com\/sv\/patient-guide\/covid-19-precautions\/\" target=\"_self\" title=\"\"><\/a>\r\n\t\t\t\t\t<div class=\"boldPhotoBox\"><div class=\"bpbItem\"><div class = \"btImage\"><img decoding=\"async\" src=\"https:\/\/groupflorence.com\/sv\/wp-content\/uploads\/2020\/12\/covid-safe-sidebar-320x186.jpg\" alt=\"\" title=\"\" ><\/div><\/div><\/div>\r\n\t\t\t\t\t<div class=\"captionPane\">\r\n\t\t\t\t\t\t<div class=\"captionTable\">\r\n\t\t\t\t\t\t\t<div class=\"captionCell\">\r\n\t\t\t\t\t\t\t\t<div class=\"captionTxt\"><\/div>\r\n\t\t\t\t\t\t\t<\/div>\r\n\t\t\t\t\t\t<\/div>\r\n\t\t\t\t\t<\/div><\/div><div class=\"btClear btSeparator topSmallSpaced bottomSmallSpaced border\" ><hr><\/div><a href=\"https:\/\/groupflorence.com\/sv\/contact-us\/\" class=\"btBtn btBtn btnFilledStyle btnAccentColor btnBig btnNormalWidth btnLeftPosition btnNoIcon\" ><span class=\"btnInnerText\">St\u00e4lla en fr\u00e5ga<\/span><\/a><\/div><\/div><\/div><\/div><\/div><div class=\"rowItem col-md-8 col-ms-12 btTextLeft\"  ><div class=\"rowItemContent\" ><div class=\"btClear btSeparator topSemiSpaced noBorder\" ><hr><\/div><header class=\"header btClear medium btDash bottomDash  btNormalDash\" ><div class=\"dash\"><h3><span class=\"headline\"><b class=\"animate\">Molekyl\u00e4r onkologi och genetik<\/b><\/span><\/h3><\/div><\/header><div class=\"btClear btSeparator topSemiSpaced noBorder\" ><hr><\/div><div class=\"btText\" ><p>Genetiska tester i cancer har blivit specificerade f\u00f6r person (skr\u00e4ddarsydda). De genetiska testerna kan anv\u00e4ndas f\u00f6r att hj\u00e4lpa diagnos, modifiera uppf\u00f6ljningsproceduren, f\u00f6ruts\u00e4ga prognos och val av r\u00e4tt medicin f\u00f6r de onkologiska patienterna. St\u00f6rningar som orsakar cancer, genetiska mutationer, gen\u00f6kning, deletion, translokation och andra avvikelser uppt\u00e4cks med genetiska tester.<\/p>\n<p>I v\u00e5rt Genetic Diagnosis Center som \u00e4r licensierat av h\u00e4lsoministeriet och som har certifikat fr\u00e5n Storbritanniens nationella externa kvalitetsbed\u00f6mningstj\u00e4nst (UKNEQAS), M\u00fcnchen Ludwig Maximilian University (LMU) har alla cytogenetiska, molekylocytogenetiska och molekyl\u00e4rgenetiska tester f\u00f6r cancerdiagnostik, behandling och prognos, som regleras av National Compherensive Cancer Network (NCCN), k\u00f6rs fr\u00e5n blod, benm\u00e4rg, cellodling, f\u00e4rsk tum\u00f6rv\u00e4vnad och paraffinblock.<\/p>\n<h3>Personliga \/ skr\u00e4ddarsydda genetiska tester<\/h3>\n<p>Alla kromosomavvikelser, translokationer, deletioner som orsakar hematologisk cancer uppt\u00e4cks med konventionella cytogenetiska och cytomolekyl\u00e4ra metoder vid Genetiska sjukdomar och diagnostiskt centrum. Dessutom utf\u00f6r vi &#8220;direkt DNA-sekvensering&#8221; f\u00f6r att definiera alla distinkta eller otydliga mutationer f\u00f6r onkologiska och genetiska sjukdomar.<\/p>\n<p>Tillsammans med hematologisk cancer utf\u00f6r vi genetisk analys f\u00f6r br\u00f6st-, kolorektal-, lung- och prostatacancer. Vi f\u00f6rs\u00f6ker definiera inte bara diagnostiska utan \u00e4ven prognostiska genetiska faktorer (faktorer som kommer att p\u00e5verka behandlingsframg\u00e5ng och patientresultat) innan vi planerar behandlingen.<\/p>\n<h3>Br\u00f6stcancer<\/h3>\n<p>BRCA1 och BRCA2 \u00e4r de gener som \u00e4r relevanta f\u00f6r risken f\u00f6r br\u00f6st- och \u00e4ggstockscancer. Det \u00e4r k\u00e4nt att f\u00f6rekomsten av en mutation p\u00e5 dessa gener \u00f6kar riskerna f\u00f6r br\u00f6stcancer och \u00f6verdriven cancer och med en l\u00e4gre andel tjocktarmscancer och bukspottk\u00f6rtelcancer bland kvinnor och riskerna f\u00f6r br\u00f6st- och prostatacancer bland m\u00e4n. Livsl\u00e5ng br\u00f6stcancerrisk bland alla kvinnor i samh\u00e4llet ber\u00e4knas till %13,2, \u00e5 andra sidan ber\u00e4knas samma risk som %36-85 bland kvinnor som b\u00e4r p\u00e5 de muterade formerna av BRCA1- eller BRCA2-gener. I v\u00e5rt centrum analyseras k\u00e4nd eller ok\u00e4nd mutationsexistens genom att skanna axonet som tillh\u00f6r gener med metoden &#8220;direkt DNA-sekvensering&#8221;. Fish och Her2 Neu Gen amplifiering drivs fr\u00e5n br\u00f6stv\u00e4vnadsparaffinblock.<\/p>\n<h3>Kolorektal cancer<\/h3>\n<p>K-ras \u00e4r en proto-onkogen. K-ras-genen ansluter till GTP med en extern stimulans som stimulerar celltillv\u00e4xt och delning och spelar en fysiologisk roll i celltillv\u00e4xt och delning genom att bli aktiv och \u00f6verf\u00f6ra stimulansen till den intracellul\u00e4ra meddelandelinjen. Det har f\u00e5tt betydelse att best\u00e4mma behandlingsmetoden enligt unders\u00f6kning av Kras genetiska omr\u00e5de best\u00e5ende av 7 delar och efter unders\u00f6kningen om genetiska f\u00f6r\u00e4ndringar hittas eller inte hos patienter med tjocktarmscancer. Det \u00e4r fastst\u00e4llt att mutation av den del som ben\u00e4mns kodon 12 och 13 och som ligger i 1:a exo av Kras-genen leder till resistens mot medicin hos patienter. Av denna anledning best\u00e4mmer unders\u00f6kningen av detta omr\u00e5de f\u00f6re behandlingen behandlingss\u00e4ttet. F\u00f6ljaktligen betonas det att liknande tillv\u00e4gag\u00e5ngss\u00e4tt \u00e4r viktigt f\u00f6r patienter i huvud- och halscancer.<\/p>\n<h3>Lungcancer<\/h3>\n<p>Somatiska mutationer av epidermala tillv\u00e4xtfaktorreceptorer (EGFR) i icke-sm\u00e5 lungcancer \u00e4r k\u00e4nd som en faktor som \u00f6kar biotillg\u00e4ngligheten &#8220;gefinitib&#8221;-behandling som anv\u00e4nds som EGFR-h\u00e4mmare. Enligt det faktum att EGFR DNA-analysen kan leda behandlingsprotokollet hos patienter med lung- och pankreascancer och enligt det vetenskapliga datumet som erh\u00e5llits fr\u00e5n studierna finns mutationer ofta p\u00e5 18, 19, 20 och 21:a exon. Primers har designats och optimering har realiserats f\u00f6r att kunna g\u00f6ra sekvensanalysen av dessa fyra viktiga exoner. I v\u00e5rt centrum kan mutationer uppt\u00e4ckas genom att unders\u00f6ka sekvensanalys av dessa fyra viktiga exoner. EGFR, ROS1 amplifiering och ALK EML\/ALK t(2;5) translokation\/fusion unders\u00f6ks med fisk.<\/p>\n<p>MDR1,MDR2, MRP1, MRP2, cytidindeaminas, timidilatsyntas Genuttrycksanalys: Tum\u00f6rceller kan utveckla resistens mot en eller flera cytostatika med olika mekanismer. Resistensen uppst\u00e5r i allm\u00e4nhet fr\u00e5n spontana mutationer i cancerceller. Resistent fenotyp kommer ut tidigt n\u00e4r den inte kan fastst\u00e4llas p\u00e5 kliniken. Behandlingar d\u00e4r l\u00e4kemedel med olika effektmekanism anv\u00e4nds i en kombination och g\u00f6rs i en tidig period innan resistenta cellpopulationer kommer ut \u00f6kar framg\u00e5ngen f\u00f6r cancerbehandlingen. Medicinresistens \u00e4r det viktigaste handikappet f\u00f6r att lyckas med behandlingen av b\u00e5de sm\u00e5cellig och icke-sm\u00e5cellig lungcancer. MDR1, MDR2, MRP1, MRP2, cytidindeaminas, timidilatsyntasgener som \u00e4r ansvariga f\u00f6r multipelmedicinresistensen vid lungcancer spelar en viktig roll i resistensmekanismen. I v\u00e5rt centrum kan genuttryck som tillh\u00f6r alla dessa gener analyseras kvantativt.<\/p>\n<h3>Hj\u00e4rntum\u00f6rer<\/h3>\n<p>EGFR-amplifieringar i enlighet med cancertypen eller 1p,19q Co-deletioner med fisk.<\/p>\n<\/div><div class=\"btClear btSeparator topSemiSpaced noBorder\" ><hr><\/div><div class=\"boldRow boldInnerRow  \" ><div class=\"rowItem rowInnerItem col-md-4  btTextCenter inherit btNoPadding\" style=\"border: 1px solid #999;background-color: rgba(241, 241, 241, 1);\" ><div class=\"rowItemContent\"><div class=\"bpgPhoto btTextCenter\" ><div class=\"btImage\"><img decoding=\"async\" src=\"https:\/\/groupflorence.com\/sv\/wp-content\/uploads\/2020\/10\/Kanay-Yararbas\u0327.jpg\" alt=\"\" title=\"\"><\/div><\/div><div class=\"btIconImageRow btIconsHalfHoverPosition\" ><\/div><div class=\"btClear btSeparator topSmallSpaced noBorder\" ><hr><\/div><div class=\"btText\" ><h4><a href=\"https:\/\/groupflorence.com\/sv\/doctors\/kanay-yararbas\/\">Kanay Yararba\u015f, M.D.<\/a><\/h4>\n<\/div><div class=\"btClear btSeparator bottomExtraSmallSpaced noBorder\" ><hr><\/div><a href=\"https:\/\/groupflorence.com\/sv\/doctors\/kanay-yararbas\/\" class=\"btBtn btBtn btnFilledStyle btnLightColor btnSmall btnNormalWidth btnRightPosition btnNoIcon\"  target=\"_self\"><span class=\"btnInnerText\">SE CV<\/span><\/a><div class=\"btClear btSeparator topExtraSmallSpaced bottomSmallSpaced noBorder\" ><hr><\/div><\/div><\/div><div class=\"rowItem rowInnerItem col-md-4  btTextCenter inherit btNoPadding\" style=\"background-color: rgba(241, 241, 241, 1);\" ><div class=\"rowItemContent\"><\/div><\/div><div class=\"rowItem rowInnerItem col-md-4  btTextCenter inherit btNoPadding\" style=\"background-color: rgba(241, 241, 241, 1);\" ><div class=\"rowItemContent\"><\/div><\/div><\/div><div class=\"btClear btSeparator topSemiSpaced noBorder\" ><hr><\/div><header class=\"header btClear medium btDash bottomDash  btAccentDash\" ><div class=\"dash\"><h3><span class=\"headline\"><em>Kontakta oss nu<\/em><\/span><\/h3><\/div><\/header><div class=\"btClear btSeparator bottomSmallSpaced noBorder\" ><hr><\/div><div class=\"btText\" >\n<div class=\"wpcf7 no-js\" id=\"wpcf7-f2891-o1\" lang=\"tr-TR\" dir=\"ltr\">\n<div class=\"screen-reader-response\"><p role=\"status\" aria-live=\"polite\" aria-atomic=\"true\"><\/p> <ul><\/ul><\/div>\n<form action=\"\/sv\/wp-json\/wp\/v2\/pages\/4827#wpcf7-f2891-o1\" method=\"post\" class=\"wpcf7-form init wpcf7-acceptance-as-validation\" aria-label=\"Contact form\" novalidate=\"novalidate\" data-status=\"init\">\n<div style=\"display: none;\">\n<input type=\"hidden\" name=\"_wpcf7\" value=\"2891\" \/>\n<input type=\"hidden\" name=\"_wpcf7_version\" value=\"5.9.2\" \/>\n<input type=\"hidden\" name=\"_wpcf7_locale\" value=\"tr_TR\" \/>\n<input type=\"hidden\" name=\"_wpcf7_unit_tag\" value=\"wpcf7-f2891-o1\" \/>\n<input type=\"hidden\" name=\"_wpcf7_container_post\" value=\"0\" \/>\n<input type=\"hidden\" name=\"_wpcf7_posted_data_hash\" value=\"\" \/>\n<\/div>\n<p style=\"margin-bottom:30px !important;\">N\u00e4r du fyller i kontaktformul\u00e4ret nedan kan du ocks\u00e5 skicka din\/patientens medicinska handlingar till oss via <strong>wetransfer<\/strong>. Den medicinska second opinion kommer att presenteras f\u00f6r dig inom 48 timmar.\n<\/p>\n<div class=\"boldRow boldInnerRow  \">\n\t<div class=\"rowItem rowInnerItem col-md-6  btTextLeft\">\n\t\t<div class=\"rowItemContent\">\n\t\t\t<p><label><span class=\"bt_bb_required\">Your Name<\/span><br \/>\n<span class=\"wpcf7-form-control-wrap\" data-name=\"your-name\"><input size=\"40\" class=\"wpcf7-form-control wpcf7-text wpcf7-validates-as-required\" aria-required=\"true\" aria-invalid=\"false\" value=\"\" type=\"text\" name=\"your-name\" \/><\/span> <\/label>\n\t\t\t<\/p>\n\t\t\t<p><label><span class=\"bt_bb_required\">Your Email<\/span><br \/>\n<span class=\"wpcf7-form-control-wrap\" data-name=\"your-email\"><input size=\"40\" class=\"wpcf7-form-control wpcf7-email wpcf7-validates-as-required wpcf7-text wpcf7-validates-as-email\" aria-required=\"true\" aria-invalid=\"false\" value=\"\" type=\"email\" name=\"your-email\" \/><\/span> <\/label>\n\t\t\t<\/p>\n\t\t\t<p><label><span class=\"bt_bb_required\">Your Phone<\/span><br \/>\n<span class=\"wpcf7-form-control-wrap\" data-name=\"your-phone\"><input size=\"40\" class=\"wpcf7-form-control wpcf7-phonetext wpcf7-text wpcf7-validates-as-phonetext\" id=\"int_phone\" aria-invalid=\"false\" value=\"\" type=\"text\" name=\"your-phone\" \/><input type=\"hidden\" name=\"your-phone-country-code\" class=\"wpcf7-phonetext-country-code\" \/><\/span> <\/label>\n\t\t\t<\/p>\n\t\t\t<p><label><span class=\"bt_bb_required\">Your Message<\/span><br \/>\n<span class=\"wpcf7-form-control-wrap\" data-name=\"your-message\"><textarea cols=\"40\" rows=\"10\" class=\"wpcf7-form-control wpcf7-textarea wpcf7-validates-as-required\" aria-required=\"true\" aria-invalid=\"false\" name=\"your-message\"><\/textarea><\/span> <\/label>\n\t\t\t<\/p>\n\t\t\t<p><label><span class=\"bt_bb_required\" style=\"margin-top:25px !important;\"><span class=\"wpcf7-form-control-wrap\" data-name=\"accept-this-1\"><span class=\"wpcf7-form-control wpcf7-acceptance\"><span class=\"wpcf7-list-item\"><label><input type=\"checkbox\" name=\"accept-this-1\" value=\"1\" aria-invalid=\"false\" \/><span class=\"wpcf7-list-item-label\">I agree to <a target=\"_blank\" href=\"https:\/\/groupflorence.com\/en\/terms-of-use\/\">Terms &#038; Services<\/a>.<\/span><\/label><\/span><\/span><\/span><\/span><\/label>\n\t\t\t<\/p>\n\t\t\t<p><input class=\"wpcf7-form-control wpcf7-submit has-spinner contact_button_int\" type=\"submit\" value=\"SEND MESSAGE\" \/>\n\t\t\t<\/p>\n\t\t<\/div>\n\t<\/div>\n\t<div class=\"rowItem rowInnerItem col-md-6  btTextLeft\">\n\t\t<div class=\"rowItemContent\">\n\t\t\t<p align=\"center\" style=\"margin-top:30px;\"><br \/>\n<a href=\"http:\/\/florencenightingale.wetransfer.com\/\" target=\"_blank\" title=\"Click Here To Transfer Your Documents via WeTransfer\"><img decoding=\"async\"  align=\"center\" style=\"max-width:250px !important;\" class=\"lazy loaded\" src=\"https:\/\/groupflorence.com\/ru\/wp-content\/uploads\/2020\/08\/89130-wetransfer-default-logo-rgb-original-1365619064-e1599162229581.png\" data-src=\"https:\/\/groupflorence.com\/ru\/wp-content\/uploads\/2020\/08\/89130-wetransfer-default-logo-rgb-original-1365619064-e1599162229581.png\" alt=\"Click Here To Transfer Your Documents via WeTransfer\" title=\"Click Here To Transfer Your Documents via WeTransfer\" data-was-processed=\"true\" \/><\/a>\n\t\t\t<\/p>\n\t\t\t<h3 align=\"center\"><a href=\"http:\/\/florencenightingale.wetransfer.com\/\" target=\"_blank\" title=\"Click Here To Transfer Your Documents via WeTransfer\">Send via WeTransfer<\/a>\n\t\t\t<\/h3>\n\t\t\t<p align=\"center\">Du kan skicka dina \u00f6verdimensionerade medicinska dokument (MRT-inspelningar, labbresultat, bilder etc.) med v\u00e5rt WeTransfer-konto. Det \u00e4r enkelt, snabbt och s\u00e4kert.\n\t\t\t<\/p>\n\t\t<\/div>\n\t\t<center>\n\t\t\t<p><a href=\"http:\/\/florencenightingale.wetransfer.com\/\" class=\"btBtn btBtn btnFilledStyle btnAccentColor btnSmall btnNormalWidth btnRightPosition btnNoIcon\" target=\"_blank\"><span class=\"btnInnerText\">Send Now<\/span><\/a>\n\t\t\t<\/p>\n\t\t<\/center>\n\t<\/div>\n<\/div><div class=\"wpcf7-response-output\" aria-hidden=\"true\"><\/div>\n<\/form>\n<\/div>\n<\/div><div class=\"btClear btSeparator topSpaced noBorder\" ><hr><\/div><\/div><\/div><\/div><\/div><\/div><\/div><\/div><\/section>","protected":false},"excerpt":{"rendered":"","protected":false},"author":1,"featured_media":0,"parent":2331,"menu_order":0,"comment_status":"closed","ping_status":"closed","template":"","meta":{"footnotes":""},"class_list":["post-4827","page","type-page","status-publish","hentry"],"yoast_head":"<!-- This site is optimized with the Yoast SEO plugin v22.2 - https:\/\/yoast.com\/wordpress\/plugins\/seo\/ -->\n<title>Molecular Oncology and Genetics - Group Florence Nightingale Hospitals<\/title>\n<meta name=\"robots\" content=\"index, follow, max-snippet:-1, max-image-preview:large, max-video-preview:-1\" \/>\n<link rel=\"canonical\" href=\"https:\/\/groupflorence.com\/sv\/centers-treatments\/oncology-center\/molecular-oncology-and-genetics\/\" \/>\n<meta property=\"og:locale\" content=\"en_US\" \/>\n<meta property=\"og:type\" content=\"article\" \/>\n<meta property=\"og:title\" content=\"Molecular Oncology and Genetics - Group Florence Nightingale Hospitals\" \/>\n<meta property=\"og:url\" content=\"https:\/\/groupflorence.com\/sv\/centers-treatments\/oncology-center\/molecular-oncology-and-genetics\/\" \/>\n<meta property=\"og:site_name\" content=\"Group Florence Nightingale Hospitals\" \/>\n<meta property=\"article:publisher\" content=\"https:\/\/www.facebook.com\/groupflorence\" \/>\n<meta property=\"article:modified_time\" content=\"2022-12-12T12:12:46+00:00\" \/>\n<meta name=\"twitter:card\" content=\"summary_large_image\" \/>\n<meta name=\"twitter:label1\" content=\"Est. reading time\" \/>\n\t<meta name=\"twitter:data1\" content=\"7 minutes\" \/>\n<script type=\"application\/ld+json\" class=\"yoast-schema-graph\">{\"@context\":\"https:\/\/schema.org\",\"@graph\":[{\"@type\":\"WebPage\",\"@id\":\"https:\/\/groupflorence.com\/sv\/centers-treatments\/oncology-center\/molecular-oncology-and-genetics\/\",\"url\":\"https:\/\/groupflorence.com\/sv\/centers-treatments\/oncology-center\/molecular-oncology-and-genetics\/\",\"name\":\"Molecular Oncology and Genetics - Group Florence Nightingale Hospitals\",\"isPartOf\":{\"@id\":\"https:\/\/groupflorence.com\/sv\/#website\"},\"datePublished\":\"2020-10-22T23:54:59+00:00\",\"dateModified\":\"2022-12-12T12:12:46+00:00\",\"breadcrumb\":{\"@id\":\"https:\/\/groupflorence.com\/sv\/centers-treatments\/oncology-center\/molecular-oncology-and-genetics\/#breadcrumb\"},\"inLanguage\":\"en-US\",\"potentialAction\":[{\"@type\":\"ReadAction\",\"target\":[\"https:\/\/groupflorence.com\/sv\/centers-treatments\/oncology-center\/molecular-oncology-and-genetics\/\"]}]},{\"@type\":\"BreadcrumbList\",\"@id\":\"https:\/\/groupflorence.com\/sv\/centers-treatments\/oncology-center\/molecular-oncology-and-genetics\/#breadcrumb\",\"itemListElement\":[{\"@type\":\"ListItem\",\"position\":1,\"name\":\"Home\",\"item\":\"https:\/\/groupflorence.com\/sv\/\"},{\"@type\":\"ListItem\",\"position\":2,\"name\":\"Centers &#038; Departments\",\"item\":\"https:\/\/groupflorence.com\/sv\/centers-treatments\/\"},{\"@type\":\"ListItem\",\"position\":3,\"name\":\"Comprehensive Oncology Center\",\"item\":\"https:\/\/groupflorence.com\/sv\/centers-treatments\/oncology-center\/\"},{\"@type\":\"ListItem\",\"position\":4,\"name\":\"Molecular Oncology and Genetics\"}]},{\"@type\":\"WebSite\",\"@id\":\"https:\/\/groupflorence.com\/sv\/#website\",\"url\":\"https:\/\/groupflorence.com\/sv\/\",\"name\":\"Group Florence Nightingale Hospitals\",\"description\":\"\",\"publisher\":{\"@id\":\"https:\/\/groupflorence.com\/sv\/#organization\"},\"potentialAction\":[{\"@type\":\"SearchAction\",\"target\":{\"@type\":\"EntryPoint\",\"urlTemplate\":\"https:\/\/groupflorence.com\/sv\/?s={search_term_string}\"},\"query-input\":\"required name=search_term_string\"}],\"inLanguage\":\"en-US\"},{\"@type\":\"Organization\",\"@id\":\"https:\/\/groupflorence.com\/sv\/#organization\",\"name\":\"Group Florence Nightingale Hospitals\",\"url\":\"https:\/\/groupflorence.com\/sv\/\",\"logo\":{\"@type\":\"ImageObject\",\"inLanguage\":\"en-US\",\"@id\":\"https:\/\/groupflorence.com\/sv\/#\/schema\/logo\/image\/\",\"url\":\"https:\/\/groupflorence.com\/en\/wp-content\/uploads\/2021\/01\/gf-logotype-transparent-miniversion.png\",\"contentUrl\":\"https:\/\/groupflorence.com\/en\/wp-content\/uploads\/2021\/01\/gf-logotype-transparent-miniversion.png\",\"width\":245,\"height\":55,\"caption\":\"Group Florence Nightingale Hospitals\"},\"image\":{\"@id\":\"https:\/\/groupflorence.com\/sv\/#\/schema\/logo\/image\/\"},\"sameAs\":[\"https:\/\/www.facebook.com\/groupflorence\",\"https:\/\/www.instagram.com\/group_florence\/\",\"https:\/\/www.youtube.com\/channel\/UC_nlE9Up7N9T68unmJYEnfg\"]}]}<\/script>\n<!-- \/ Yoast SEO plugin. -->","yoast_head_json":{"title":"Molecular Oncology and Genetics - Group Florence Nightingale Hospitals","robots":{"index":"index","follow":"follow","max-snippet":"max-snippet:-1","max-image-preview":"max-image-preview:large","max-video-preview":"max-video-preview:-1"},"canonical":"https:\/\/groupflorence.com\/sv\/centers-treatments\/oncology-center\/molecular-oncology-and-genetics\/","og_locale":"en_US","og_type":"article","og_title":"Molecular Oncology and Genetics - Group Florence Nightingale Hospitals","og_url":"https:\/\/groupflorence.com\/sv\/centers-treatments\/oncology-center\/molecular-oncology-and-genetics\/","og_site_name":"Group Florence Nightingale Hospitals","article_publisher":"https:\/\/www.facebook.com\/groupflorence","article_modified_time":"2022-12-12T12:12:46+00:00","twitter_card":"summary_large_image","twitter_misc":{"Est. reading time":"7 minutes"},"schema":{"@context":"https:\/\/schema.org","@graph":[{"@type":"WebPage","@id":"https:\/\/groupflorence.com\/sv\/centers-treatments\/oncology-center\/molecular-oncology-and-genetics\/","url":"https:\/\/groupflorence.com\/sv\/centers-treatments\/oncology-center\/molecular-oncology-and-genetics\/","name":"Molecular Oncology and Genetics - Group Florence Nightingale Hospitals","isPartOf":{"@id":"https:\/\/groupflorence.com\/sv\/#website"},"datePublished":"2020-10-22T23:54:59+00:00","dateModified":"2022-12-12T12:12:46+00:00","breadcrumb":{"@id":"https:\/\/groupflorence.com\/sv\/centers-treatments\/oncology-center\/molecular-oncology-and-genetics\/#breadcrumb"},"inLanguage":"en-US","potentialAction":[{"@type":"ReadAction","target":["https:\/\/groupflorence.com\/sv\/centers-treatments\/oncology-center\/molecular-oncology-and-genetics\/"]}]},{"@type":"BreadcrumbList","@id":"https:\/\/groupflorence.com\/sv\/centers-treatments\/oncology-center\/molecular-oncology-and-genetics\/#breadcrumb","itemListElement":[{"@type":"ListItem","position":1,"name":"Home","item":"https:\/\/groupflorence.com\/sv\/"},{"@type":"ListItem","position":2,"name":"Centers &#038; Departments","item":"https:\/\/groupflorence.com\/sv\/centers-treatments\/"},{"@type":"ListItem","position":3,"name":"Comprehensive Oncology Center","item":"https:\/\/groupflorence.com\/sv\/centers-treatments\/oncology-center\/"},{"@type":"ListItem","position":4,"name":"Molecular Oncology and Genetics"}]},{"@type":"WebSite","@id":"https:\/\/groupflorence.com\/sv\/#website","url":"https:\/\/groupflorence.com\/sv\/","name":"Group Florence Nightingale Hospitals","description":"","publisher":{"@id":"https:\/\/groupflorence.com\/sv\/#organization"},"potentialAction":[{"@type":"SearchAction","target":{"@type":"EntryPoint","urlTemplate":"https:\/\/groupflorence.com\/sv\/?s={search_term_string}"},"query-input":"required name=search_term_string"}],"inLanguage":"en-US"},{"@type":"Organization","@id":"https:\/\/groupflorence.com\/sv\/#organization","name":"Group Florence Nightingale Hospitals","url":"https:\/\/groupflorence.com\/sv\/","logo":{"@type":"ImageObject","inLanguage":"en-US","@id":"https:\/\/groupflorence.com\/sv\/#\/schema\/logo\/image\/","url":"https:\/\/groupflorence.com\/en\/wp-content\/uploads\/2021\/01\/gf-logotype-transparent-miniversion.png","contentUrl":"https:\/\/groupflorence.com\/en\/wp-content\/uploads\/2021\/01\/gf-logotype-transparent-miniversion.png","width":245,"height":55,"caption":"Group Florence Nightingale Hospitals"},"image":{"@id":"https:\/\/groupflorence.com\/sv\/#\/schema\/logo\/image\/"},"sameAs":["https:\/\/www.facebook.com\/groupflorence","https:\/\/www.instagram.com\/group_florence\/","https:\/\/www.youtube.com\/channel\/UC_nlE9Up7N9T68unmJYEnfg"]}]}},"_links":{"self":[{"href":"https:\/\/groupflorence.com\/sv\/wp-json\/wp\/v2\/pages\/4827","targetHints":{"allow":["GET"]}}],"collection":[{"href":"https:\/\/groupflorence.com\/sv\/wp-json\/wp\/v2\/pages"}],"about":[{"href":"https:\/\/groupflorence.com\/sv\/wp-json\/wp\/v2\/types\/page"}],"author":[{"embeddable":true,"href":"https:\/\/groupflorence.com\/sv\/wp-json\/wp\/v2\/users\/1"}],"replies":[{"embeddable":true,"href":"https:\/\/groupflorence.com\/sv\/wp-json\/wp\/v2\/comments?post=4827"}],"version-history":[{"count":3,"href":"https:\/\/groupflorence.com\/sv\/wp-json\/wp\/v2\/pages\/4827\/revisions"}],"predecessor-version":[{"id":6771,"href":"https:\/\/groupflorence.com\/sv\/wp-json\/wp\/v2\/pages\/4827\/revisions\/6771"}],"up":[{"embeddable":true,"href":"https:\/\/groupflorence.com\/sv\/wp-json\/wp\/v2\/pages\/2331"}],"wp:attachment":[{"href":"https:\/\/groupflorence.com\/sv\/wp-json\/wp\/v2\/media?parent=4827"}],"curies":[{"name":"wp","href":"https:\/\/api.w.org\/{rel}","templated":true}]}}