{"id":4628,"date":"2020-10-22T23:18:18","date_gmt":"2020-10-22T20:18:18","guid":{"rendered":"https:\/\/groupflorence.com\/en\/?page_id=4628"},"modified":"2022-12-12T14:41:41","modified_gmt":"2022-12-12T11:41:41","slug":"percutaneous-mitral-balloon-valvuloplasty","status":"publish","type":"page","link":"https:\/\/groupflorence.com\/sv\/centers-treatments\/heart-center\/percutaneous-mitral-balloon-valvuloplasty\/","title":{"rendered":"Percutaneous Mitral Balloon Valvuloplasty"},"content":{"rendered":"<section id=\"bt_section69ec8da166ecc\"  class=\"boldSection gutter\" ><div class=\"port\"><div class=\"boldCell\"><div class=\"boldCellInner\"><div class=\"boldRow  \" ><div class=\"boldRowInner\"><div class=\"rowItem col-md-4 col-ms-12 btTextLeft\"  ><div class=\"rowItemContent\" ><div class=\"btClear btSeparator topSpaced noBorder\" ><hr><\/div><div class=\"btCustomMenu treatment-sidebar\" ><div class=\"menu-heart-center-container\"><ul id=\"menu-heart-center\" class=\"menu\"><li id=\"menu-item-4478\" class=\"menu-item menu-item-type-post_type menu-item-object-page menu-item-has-children menu-item-4478\"><a href=\"https:\/\/groupflorence.com\/sv\/centers-treatments\/\">Centrum och avdelningar<\/a><ul class=\"sub-menu\"><li id=\"menu-item-4475\" class=\"menu-item menu-item-type-post_type menu-item-object-page menu-item-has-children menu-item-4475\"><a href=\"https:\/\/groupflorence.com\/sv\/centers-treatments\/heart-center\/\">Hj\u00e4rtcenter<\/a><ul class=\"sub-menu\"><li id=\"menu-item-4613\" class=\"menu-item menu-item-type-post_type menu-item-object-page menu-item-4613\"><a href=\"https:\/\/groupflorence.com\/sv\/centers-treatments\/heart-center\/cardiology\/\">Kardiologi<\/a><\/li><li id=\"menu-item-4607\" class=\"menu-item menu-item-type-post_type menu-item-object-page menu-item-4607\"><a href=\"https:\/\/groupflorence.com\/sv\/centers-treatments\/heart-center\/pediatric-heart-diseases\/\">Pediatriska hj\u00e4rtsjukdomar<\/a><\/li><li id=\"menu-item-4477\" class=\"menu-item menu-item-type-post_type menu-item-object-page menu-item-4477\"><a href=\"https:\/\/groupflorence.com\/sv\/centers-treatments\/heart-center\/congenital-heart-diseases\/\">Medf\u00f6dda hj\u00e4rtsjukdomar<\/a><\/li><li id=\"menu-item-4483\" class=\"menu-item menu-item-type-post_type menu-item-object-page menu-item-4483\"><a href=\"https:\/\/groupflorence.com\/sv\/centers-treatments\/heart-center\/arrhythmia\/\">Arytmi<\/a><\/li><li id=\"menu-item-4495\" class=\"menu-item menu-item-type-post_type menu-item-object-page menu-item-4495\"><a href=\"https:\/\/groupflorence.com\/sv\/centers-treatments\/heart-center\/interventional-cardiology\/\">Interventionell kardiologi<\/a><\/li><li id=\"menu-item-4629\" class=\"menu-item menu-item-type-post_type menu-item-object-page menu-item-4629\"><a href=\"https:\/\/groupflorence.com\/sv\/centers-treatments\/heart-center\/cardiac-catheterization-and-angiography\/\">Hj\u00e4rtkateterisering och angiografi<\/a><\/li><li id=\"menu-item-4633\" class=\"menu-item menu-item-type-post_type menu-item-object-page menu-item-4633\"><a href=\"https:\/\/groupflorence.com\/sv\/centers-treatments\/heart-center\/percutaneous-mitral-balloon-valvuloplasty\/\">Perkutan mitralballongvalvuloplastik<\/a><\/li><li id=\"menu-item-4615\" class=\"menu-item menu-item-type-post_type menu-item-object-page menu-item-4615\"><a href=\"https:\/\/groupflorence.com\/sv\/centers-treatments\/heart-center\/cardiovascular-surgery\/\">Kardiovaskul\u00e4r kirurgi<\/a><\/li><li id=\"menu-item-4604\" class=\"menu-item menu-item-type-post_type menu-item-object-page menu-item-4604\"><a href=\"https:\/\/groupflorence.com\/sv\/centers-treatments\/heart-center\/vascular-surgery\/\">K\u00e4rlkirurgi<\/a><\/li><\/ul><\/li><\/ul><\/li>\n<\/ul><\/div><\/div><div class=\"btClear btSeparator topSemiSpaced noBorder\" ><hr><\/div><div class=\"boldRow boldInnerRow  bt_bb_hidden_xs bt_bb_hidden_ms bt_bb_hidden_sm\" ><div class=\"rowItem rowInnerItem col-md-12  btTextCenter btMiddleVertical\"  ><div class=\"rowItemContent\"><div class=\"bpgPhoto btTextCenter\" > \r\n\t\t\t\t\t<a href=\"https:\/\/groupflorence.com\/sv\/patient-guide\/covid-19-precautions\/\" target=\"_self\" title=\"\"><\/a>\r\n\t\t\t\t\t<div class=\"boldPhotoBox\"><div class=\"bpbItem\"><div class = \"btImage\"><img decoding=\"async\" src=\"https:\/\/groupflorence.com\/sv\/wp-content\/uploads\/2020\/12\/covid-safe-sidebar-320x186.jpg\" alt=\"\" title=\"\" ><\/div><\/div><\/div>\r\n\t\t\t\t\t<div class=\"captionPane\">\r\n\t\t\t\t\t\t<div class=\"captionTable\">\r\n\t\t\t\t\t\t\t<div class=\"captionCell\">\r\n\t\t\t\t\t\t\t\t<div class=\"captionTxt\"><\/div>\r\n\t\t\t\t\t\t\t<\/div>\r\n\t\t\t\t\t\t<\/div>\r\n\t\t\t\t\t<\/div><\/div><div class=\"btClear btSeparator topSmallSpaced bottomSmallSpaced border\" ><hr><\/div><a href=\"https:\/\/groupflorence.com\/sv\/contact-us\/\" class=\"btBtn btBtn btnFilledStyle btnAccentColor btnBig btnNormalWidth btnLeftPosition btnNoIcon\" ><span class=\"btnInnerText\">St\u00e4lla en fr\u00e5ga<\/span><\/a><\/div><\/div><\/div><\/div><\/div><div class=\"rowItem col-md-8 col-ms-12 btTextLeft\"  ><div class=\"rowItemContent\" ><div class=\"btClear btSeparator topSemiSpaced noBorder\" ><hr><\/div><header class=\"header btClear medium btDash bottomDash  btNormalDash\" ><div class=\"dash\"><h3><span class=\"headline\"><b class=\"animate\">Perkutan mitralballongvalvuloplastik<\/b><\/span><\/h3><\/div><\/header><div class=\"btClear btSeparator topSemiSpaced noBorder\" ><hr><\/div><div class=\"btText\" ><p>Mitralstenos \u00e4r en hj\u00e4rtklaffsjukdom som utvecklats i samband med akut reumatisk feber som drabbades av barndomen. Mitralklaffen \u00e4r placerad mellan v\u00e4nster f\u00f6rmak och v\u00e4nster kammare. Den har tv\u00e5 broschyrer. Mitralstenos uppst\u00e5r n\u00e4r tv\u00e5 klaffblad tjocknar och f\u00e4ster vid varandra, och k\u00e4nnetecknas av f\u00f6rtr\u00e4ngd klaff som ett resultat av f\u00f6rtjockade och krympta muskler och fibrer som h\u00e5ller i mitralisklaffen. Diagnos av mitralisstenos fastst\u00e4lls genom ett ekokardiogram efter att ha lyssnat p\u00e5 patientklagom\u00e5l och efter en unders\u00f6kning. Auskultation visar s\u00e4llan inga symtom. Slutlig diagnos st\u00e4lls genom eko.<\/p>\n<p>Mitralstenos f\u00f6rhindrar syresatt blod som kommer fr\u00e5n lungorna fr\u00e5n att passera fr\u00e5n v\u00e4nster f\u00f6rmak till v\u00e4nster kammare. D\u00e4rf\u00f6r \u00e4r det v\u00e4nstra f\u00f6rmaket det f\u00f6rsta som f\u00f6rstoras och sedan b\u00f6rjar blodet samlas i lungorna. Intrapulmoniskt tryck \u00f6kar av ackumulerat blod i lungorna, och patienterna kommer att ha besv\u00e4r av andn\u00f6d, hosta, hj\u00e4rtbult och i de avancerade stadierna kan hemoptys (lung\u00f6dem eller lungstockning) f\u00f6rekomma. Mitralklaffen t\u00e4cker normalt en yta p\u00e5 2-3 cm\u00b2. Om mitralisklaffen \u00e4r mindre \u00e4n 1,5 cm\u00b2 kr\u00e4vs en behandling eftersom den h\u00e4r g\u00e5ngen den h\u00f6gra sidan av hj\u00e4rtat p\u00e5verkas som ett resultat av ackumulerat blod i lungorna och \u00f6kat intrapulmoniskt tryck p\u00e5 grund av f\u00f6rtr\u00e4ngd klaff (mindre \u00e4n 1,5) cm\u00b2). H\u00f6ger hj\u00e4rtsvikt och trikuspidalklaffssjukdom uppst\u00e5r i ett framskridet stadium.<\/p>\n<p>Behandling av mitralisstenos varierar beroende p\u00e5 hur allvarlig stenosen \u00e4r. Farmakoterapi b\u00f6r r\u00e4cka f\u00f6r mild stenos. Diuretika kommer att vara till hj\u00e4lp f\u00f6r att f\u00f6rhindra ackumulering i lungorna och betablockerare kommer att vara anv\u00e4ndbara f\u00f6r hj\u00e4rtbult. Med framskriden stenos utf\u00f6rs perkutan mitralisballongplastik (PMBV) eller \u00f6ppen hj\u00e4rtkirurgi (kirurgisk reparation eller utbyte av mitralisklaff).<\/p>\n<p>Mitralballongvalvuloplastik anv\u00e4nds f\u00f6r att f\u00f6rstora f\u00f6rtr\u00e4ngd mitralisklaff med en ballong. N\u00e4r den utf\u00f6rs p\u00e5 l\u00e4mpliga patienter, har mitral ballongklaffplastik m\u00e5nga f\u00f6rdelar j\u00e4mf\u00f6rt med \u00f6ppen hj\u00e4rtkirurgi. Den viktigaste f\u00f6rdelen \u00e4r att patienten inte f\u00e5r generell anestesi och att br\u00f6stkorgen inte \u00f6ppnas. S\u00e5ledes \u00e4r patienten vid medvetande under ingreppet och beh\u00f6ver inte intensivv\u00e5rd efter ingreppet. Dessutom kan patienterna \u00e5terh\u00e4mta sig p\u00e5 kort tid och skrivs oftast ut dagen efter. En annan viktig f\u00f6rdel \u00e4r att ett stort antal patienter, som genomg\u00e5tt en mitralisballongklaffplastik, inte beh\u00f6ver anv\u00e4nda antikoagulantia om ingen arytmi intr\u00e4ffar medan patienterna, som genomg\u00e5tt en \u00f6ppen hj\u00e4rtoperation och implanterat en konstgjord (protes)klaff, beh\u00f6va anv\u00e4nda antikoagulantia (Coumadin-Warfarin) under en livstid.<\/p>\n<p>Mitralballongvalvuloplastikprocedur utf\u00f6rs av interventionella kardiologer vid angiografilaboratorium. Ljumskregionen reng\u00f6rs med en antiseptisk l\u00f6sning f\u00f6r att applicera lokalbed\u00f6vning f\u00f6re proceduren. En kanyl placeras i inguinalart\u00e4ren och venen och leds till hj\u00e4rtats h\u00f6gra f\u00f6rmak av en kateter, varefter v\u00e4ggen mellan hj\u00e4rtats h\u00f6gra och v\u00e4nstra f\u00f6rmak perforeras av en specifik n\u00e5l f\u00f6r att komma till v\u00e4nster f\u00f6rmak. Ballongkatetern styrs fr\u00e5n v\u00e4nster f\u00f6rmak till v\u00e4nster kammare av en specifik tr\u00e5d som sedan bl\u00e5ses upp vid mitralisklaffen f\u00f6r att f\u00f6rstora klaffen s\u00e5 mycket som m\u00f6jligt.<\/p>\n<p>Denna figur visar hur ballongen passerar l\u00e4ngs mitralisklaffen och sedan bl\u00e5ses upp p\u00e5 mitralisklaffen.<\/p>\n<p>Tr\u00e5den och ballongkatetern tas bort efter proceduren och ett bandage appliceras p\u00e5 inguinalomr\u00e5det. Patienten rekommenderas en s\u00e4ngl\u00e4ge och skrivs ut f\u00f6ljande dag om inga problem uppst\u00e5r under uppf\u00f6ljningen. Framg\u00e5ngsfrekvensen f\u00f6r mitralisballongklaffplastik \u00e4r h\u00f6gre \u00e4n 90 %. De flesta patienter kommer att ha ett v\u00e4lbefinnande i cirka 20 \u00e5r. Mitralballongvalvuloplastik kan vid behov upprepas n\u00e4r mitralklaffen blir f\u00f6rtr\u00e4ngd igen. Mitralballongvalvuloplastik har utf\u00f6rts under l\u00e5nga \u00e5r p\u00e5 v\u00e5rt sjukhus. Vi \u00e4r det ledande sjukhuset med 1200 allvarliga fall i v\u00e4rlden och i landet. Vi utf\u00f6r mitral ballongvalvuloplastik s\u00e4kert.<\/p>\n<p>Perkutan mitral ballongvalvuloplastik har risker som med alla invasiva ingrepp. S\u00e5dana risker p\u00e5verkas av vissa faktorer, t.ex. patientens \u00e5lder och f\u00f6rekomsten av andra sjukdomar.<\/p>\n<p>\u00c4ven om dessa h\u00e4ndelser \u00f6vervakas mindre p\u00e5 erfarna centra, kan f\u00f6ljande biverkningar intr\u00e4ffa under proceduren eller inom de f\u00f6rsta 12-24 timmarna.<\/p>\n<ol>\n<li>En allvarlig bristning kan uppst\u00e5 p\u00e5 klaffen (2-10%) och en hj\u00e4rtoperation kan beh\u00f6vas f\u00f6r att reparera bristningen.<\/li>\n<li>En allvarlig defekt kan uppst\u00e5 mellan de sm\u00e5 hj\u00e4rtkamrarna (f\u00f6rmaken)<\/li>\n<li>Under septostomi kan en perikardiell tamponad utvecklas fr\u00e5n ackumulerat blod i perikardbladen p\u00e5 grund av den perforerade hj\u00e4rtv\u00e4ggen, vilket kan leda till d\u00f6den (m\u00f6jligheten \u00e4r 1-2%).<\/li>\n<li>Ljumskbl\u00f6dning kan uppst\u00e5 som kan resultera i inguinala bl\u00e5m\u00e4rken eller pseudoaneurysm och kr\u00e4ver ett kirurgiskt ingrepp.<\/li>\n<li>Stroke kan f\u00f6rekomma (0 %, 5-5) vilket kan resultera i funktionsf\u00f6rlust i ena kroppshalvan och permanent funktionsneds\u00e4ttning.<\/li>\n<\/ol>\n<\/div><div class=\"btClear btSeparator topSemiSpaced noBorder\" ><hr><\/div><div class=\"boldRow boldInnerRow  \" ><div class=\"rowItem rowInnerItem col-md-6  btTextCenter inherit btNoPadding\" style=\"background-color: rgba(241, 241, 241, 1);\" ><div class=\"rowItemContent\"><\/div><\/div><div class=\"rowItem rowInnerItem col-md-6  btTextCenter inherit btNoPadding\" style=\"background-color: rgba(241, 241, 241, 1);\" ><div class=\"rowItemContent\"><\/div><\/div><\/div><div class=\"btClear btSeparator topSemiSpaced noBorder\" ><hr><\/div><header class=\"header btClear medium btDash bottomDash  btAccentDash\" ><div class=\"dash\"><h3><span class=\"headline\"><em>Kontakta oss nu<\/em><\/span><\/h3><\/div><\/header><div class=\"btClear btSeparator bottomSmallSpaced noBorder\" ><hr><\/div><div class=\"btText\" >\n<div class=\"wpcf7 no-js\" id=\"wpcf7-f2891-o1\" lang=\"tr-TR\" dir=\"ltr\">\n<div class=\"screen-reader-response\"><p role=\"status\" aria-live=\"polite\" aria-atomic=\"true\"><\/p> <ul><\/ul><\/div>\n<form action=\"\/sv\/wp-json\/wp\/v2\/pages\/4628#wpcf7-f2891-o1\" method=\"post\" class=\"wpcf7-form init wpcf7-acceptance-as-validation\" aria-label=\"Contact form\" novalidate=\"novalidate\" data-status=\"init\">\n<div style=\"display: none;\">\n<input type=\"hidden\" name=\"_wpcf7\" value=\"2891\" \/>\n<input type=\"hidden\" name=\"_wpcf7_version\" value=\"5.9.2\" \/>\n<input type=\"hidden\" name=\"_wpcf7_locale\" value=\"tr_TR\" \/>\n<input type=\"hidden\" name=\"_wpcf7_unit_tag\" value=\"wpcf7-f2891-o1\" \/>\n<input type=\"hidden\" name=\"_wpcf7_container_post\" value=\"0\" \/>\n<input type=\"hidden\" name=\"_wpcf7_posted_data_hash\" value=\"\" \/>\n<\/div>\n<p style=\"margin-bottom:30px !important;\">N\u00e4r du fyller i kontaktformul\u00e4ret nedan kan du ocks\u00e5 skicka din\/patientens medicinska handlingar till oss via <strong>wetransfer<\/strong>. Den medicinska second opinion kommer att presenteras f\u00f6r dig inom 48 timmar.\n<\/p>\n<div class=\"boldRow boldInnerRow  \">\n\t<div class=\"rowItem rowInnerItem col-md-6  btTextLeft\">\n\t\t<div class=\"rowItemContent\">\n\t\t\t<p><label><span class=\"bt_bb_required\">Your Name<\/span><br \/>\n<span class=\"wpcf7-form-control-wrap\" data-name=\"your-name\"><input size=\"40\" class=\"wpcf7-form-control wpcf7-text wpcf7-validates-as-required\" aria-required=\"true\" aria-invalid=\"false\" value=\"\" type=\"text\" name=\"your-name\" \/><\/span> <\/label>\n\t\t\t<\/p>\n\t\t\t<p><label><span class=\"bt_bb_required\">Your Email<\/span><br \/>\n<span class=\"wpcf7-form-control-wrap\" data-name=\"your-email\"><input size=\"40\" class=\"wpcf7-form-control wpcf7-email wpcf7-validates-as-required wpcf7-text wpcf7-validates-as-email\" aria-required=\"true\" aria-invalid=\"false\" value=\"\" type=\"email\" name=\"your-email\" \/><\/span> <\/label>\n\t\t\t<\/p>\n\t\t\t<p><label><span class=\"bt_bb_required\">Your Phone<\/span><br \/>\n<span class=\"wpcf7-form-control-wrap\" data-name=\"your-phone\"><input size=\"40\" class=\"wpcf7-form-control wpcf7-phonetext wpcf7-text wpcf7-validates-as-phonetext\" id=\"int_phone\" aria-invalid=\"false\" value=\"\" type=\"text\" name=\"your-phone\" \/><input type=\"hidden\" name=\"your-phone-country-code\" class=\"wpcf7-phonetext-country-code\" \/><\/span> <\/label>\n\t\t\t<\/p>\n\t\t\t<p><label><span class=\"bt_bb_required\">Your Message<\/span><br \/>\n<span class=\"wpcf7-form-control-wrap\" data-name=\"your-message\"><textarea cols=\"40\" rows=\"10\" class=\"wpcf7-form-control wpcf7-textarea wpcf7-validates-as-required\" aria-required=\"true\" aria-invalid=\"false\" name=\"your-message\"><\/textarea><\/span> <\/label>\n\t\t\t<\/p>\n\t\t\t<p><label><span class=\"bt_bb_required\" style=\"margin-top:25px !important;\"><span class=\"wpcf7-form-control-wrap\" data-name=\"accept-this-1\"><span class=\"wpcf7-form-control wpcf7-acceptance\"><span class=\"wpcf7-list-item\"><label><input type=\"checkbox\" name=\"accept-this-1\" value=\"1\" aria-invalid=\"false\" \/><span class=\"wpcf7-list-item-label\">I agree to <a target=\"_blank\" href=\"https:\/\/groupflorence.com\/en\/terms-of-use\/\">Terms &#038; Services<\/a>.<\/span><\/label><\/span><\/span><\/span><\/span><\/label>\n\t\t\t<\/p>\n\t\t\t<p><input class=\"wpcf7-form-control wpcf7-submit has-spinner contact_button_int\" type=\"submit\" value=\"SEND MESSAGE\" \/>\n\t\t\t<\/p>\n\t\t<\/div>\n\t<\/div>\n\t<div class=\"rowItem rowInnerItem col-md-6  btTextLeft\">\n\t\t<div class=\"rowItemContent\">\n\t\t\t<p align=\"center\" style=\"margin-top:30px;\"><br \/>\n<a href=\"http:\/\/florencenightingale.wetransfer.com\/\" target=\"_blank\" title=\"Click Here To Transfer Your Documents via WeTransfer\"><img decoding=\"async\"  align=\"center\" style=\"max-width:250px !important;\" class=\"lazy loaded\" src=\"https:\/\/groupflorence.com\/ru\/wp-content\/uploads\/2020\/08\/89130-wetransfer-default-logo-rgb-original-1365619064-e1599162229581.png\" data-src=\"https:\/\/groupflorence.com\/ru\/wp-content\/uploads\/2020\/08\/89130-wetransfer-default-logo-rgb-original-1365619064-e1599162229581.png\" alt=\"Click Here To Transfer Your Documents via WeTransfer\" title=\"Click Here To Transfer Your Documents via WeTransfer\" data-was-processed=\"true\" \/><\/a>\n\t\t\t<\/p>\n\t\t\t<h3 align=\"center\"><a href=\"http:\/\/florencenightingale.wetransfer.com\/\" target=\"_blank\" title=\"Click Here To Transfer Your Documents via WeTransfer\">Send via WeTransfer<\/a>\n\t\t\t<\/h3>\n\t\t\t<p align=\"center\">Du kan skicka dina \u00f6verdimensionerade medicinska dokument (MRT-inspelningar, labbresultat, bilder etc.) med v\u00e5rt WeTransfer-konto. Det \u00e4r enkelt, snabbt och s\u00e4kert.\n\t\t\t<\/p>\n\t\t<\/div>\n\t\t<center>\n\t\t\t<p><a href=\"http:\/\/florencenightingale.wetransfer.com\/\" class=\"btBtn btBtn btnFilledStyle btnAccentColor btnSmall btnNormalWidth btnRightPosition btnNoIcon\" target=\"_blank\"><span class=\"btnInnerText\">Send Now<\/span><\/a>\n\t\t\t<\/p>\n\t\t<\/center>\n\t<\/div>\n<\/div><div class=\"wpcf7-response-output\" aria-hidden=\"true\"><\/div>\n<\/form>\n<\/div>\n<\/div><div class=\"btClear btSeparator topSpaced noBorder\" ><hr><\/div><\/div><\/div><\/div><\/div><\/div><\/div><\/div><\/section>","protected":false},"excerpt":{"rendered":"","protected":false},"author":1,"featured_media":0,"parent":4469,"menu_order":0,"comment_status":"closed","ping_status":"closed","template":"","meta":{"footnotes":""},"class_list":["post-4628","page","type-page","status-publish","hentry"],"yoast_head":"<!-- This site is optimized with the Yoast SEO plugin v22.2 - https:\/\/yoast.com\/wordpress\/plugins\/seo\/ -->\n<title>Percutaneous Mitral Balloon Valvuloplasty - Group Florence Nightingale Hospitals<\/title>\n<meta name=\"robots\" content=\"index, follow, max-snippet:-1, max-image-preview:large, max-video-preview:-1\" \/>\n<link rel=\"canonical\" href=\"https:\/\/groupflorence.com\/sv\/centers-treatments\/heart-center\/percutaneous-mitral-balloon-valvuloplasty\/\" \/>\n<meta property=\"og:locale\" content=\"en_US\" \/>\n<meta property=\"og:type\" content=\"article\" \/>\n<meta property=\"og:title\" content=\"Percutaneous Mitral Balloon Valvuloplasty - Group Florence Nightingale Hospitals\" \/>\n<meta property=\"og:url\" content=\"https:\/\/groupflorence.com\/sv\/centers-treatments\/heart-center\/percutaneous-mitral-balloon-valvuloplasty\/\" \/>\n<meta property=\"og:site_name\" content=\"Group Florence Nightingale Hospitals\" \/>\n<meta property=\"article:publisher\" content=\"https:\/\/www.facebook.com\/groupflorence\" \/>\n<meta property=\"article:modified_time\" content=\"2022-12-12T11:41:41+00:00\" \/>\n<meta name=\"twitter:card\" content=\"summary_large_image\" \/>\n<meta name=\"twitter:label1\" content=\"Est. reading time\" \/>\n\t<meta name=\"twitter:data1\" content=\"7 minutes\" \/>\n<script type=\"application\/ld+json\" class=\"yoast-schema-graph\">{\"@context\":\"https:\/\/schema.org\",\"@graph\":[{\"@type\":\"WebPage\",\"@id\":\"https:\/\/groupflorence.com\/sv\/centers-treatments\/heart-center\/percutaneous-mitral-balloon-valvuloplasty\/\",\"url\":\"https:\/\/groupflorence.com\/sv\/centers-treatments\/heart-center\/percutaneous-mitral-balloon-valvuloplasty\/\",\"name\":\"Percutaneous Mitral Balloon Valvuloplasty - Group Florence Nightingale Hospitals\",\"isPartOf\":{\"@id\":\"https:\/\/groupflorence.com\/sv\/#website\"},\"datePublished\":\"2020-10-22T20:18:18+00:00\",\"dateModified\":\"2022-12-12T11:41:41+00:00\",\"breadcrumb\":{\"@id\":\"https:\/\/groupflorence.com\/sv\/centers-treatments\/heart-center\/percutaneous-mitral-balloon-valvuloplasty\/#breadcrumb\"},\"inLanguage\":\"en-US\",\"potentialAction\":[{\"@type\":\"ReadAction\",\"target\":[\"https:\/\/groupflorence.com\/sv\/centers-treatments\/heart-center\/percutaneous-mitral-balloon-valvuloplasty\/\"]}]},{\"@type\":\"BreadcrumbList\",\"@id\":\"https:\/\/groupflorence.com\/sv\/centers-treatments\/heart-center\/percutaneous-mitral-balloon-valvuloplasty\/#breadcrumb\",\"itemListElement\":[{\"@type\":\"ListItem\",\"position\":1,\"name\":\"Home\",\"item\":\"https:\/\/groupflorence.com\/sv\/\"},{\"@type\":\"ListItem\",\"position\":2,\"name\":\"Centers &#038; Departments\",\"item\":\"https:\/\/groupflorence.com\/sv\/centers-treatments\/\"},{\"@type\":\"ListItem\",\"position\":3,\"name\":\"Heart Center\",\"item\":\"https:\/\/groupflorence.com\/sv\/centers-treatments\/heart-center\/\"},{\"@type\":\"ListItem\",\"position\":4,\"name\":\"Percutaneous Mitral Balloon Valvuloplasty\"}]},{\"@type\":\"WebSite\",\"@id\":\"https:\/\/groupflorence.com\/sv\/#website\",\"url\":\"https:\/\/groupflorence.com\/sv\/\",\"name\":\"Group Florence Nightingale Hospitals\",\"description\":\"\",\"publisher\":{\"@id\":\"https:\/\/groupflorence.com\/sv\/#organization\"},\"potentialAction\":[{\"@type\":\"SearchAction\",\"target\":{\"@type\":\"EntryPoint\",\"urlTemplate\":\"https:\/\/groupflorence.com\/sv\/?s={search_term_string}\"},\"query-input\":\"required name=search_term_string\"}],\"inLanguage\":\"en-US\"},{\"@type\":\"Organization\",\"@id\":\"https:\/\/groupflorence.com\/sv\/#organization\",\"name\":\"Group Florence Nightingale Hospitals\",\"url\":\"https:\/\/groupflorence.com\/sv\/\",\"logo\":{\"@type\":\"ImageObject\",\"inLanguage\":\"en-US\",\"@id\":\"https:\/\/groupflorence.com\/sv\/#\/schema\/logo\/image\/\",\"url\":\"https:\/\/groupflorence.com\/en\/wp-content\/uploads\/2021\/01\/gf-logotype-transparent-miniversion.png\",\"contentUrl\":\"https:\/\/groupflorence.com\/en\/wp-content\/uploads\/2021\/01\/gf-logotype-transparent-miniversion.png\",\"width\":245,\"height\":55,\"caption\":\"Group Florence Nightingale Hospitals\"},\"image\":{\"@id\":\"https:\/\/groupflorence.com\/sv\/#\/schema\/logo\/image\/\"},\"sameAs\":[\"https:\/\/www.facebook.com\/groupflorence\",\"https:\/\/www.instagram.com\/group_florence\/\",\"https:\/\/www.youtube.com\/channel\/UC_nlE9Up7N9T68unmJYEnfg\"]}]}<\/script>\n<!-- \/ Yoast SEO plugin. -->","yoast_head_json":{"title":"Percutaneous Mitral Balloon Valvuloplasty - Group Florence Nightingale Hospitals","robots":{"index":"index","follow":"follow","max-snippet":"max-snippet:-1","max-image-preview":"max-image-preview:large","max-video-preview":"max-video-preview:-1"},"canonical":"https:\/\/groupflorence.com\/sv\/centers-treatments\/heart-center\/percutaneous-mitral-balloon-valvuloplasty\/","og_locale":"en_US","og_type":"article","og_title":"Percutaneous Mitral Balloon Valvuloplasty - Group Florence Nightingale Hospitals","og_url":"https:\/\/groupflorence.com\/sv\/centers-treatments\/heart-center\/percutaneous-mitral-balloon-valvuloplasty\/","og_site_name":"Group Florence Nightingale Hospitals","article_publisher":"https:\/\/www.facebook.com\/groupflorence","article_modified_time":"2022-12-12T11:41:41+00:00","twitter_card":"summary_large_image","twitter_misc":{"Est. reading time":"7 minutes"},"schema":{"@context":"https:\/\/schema.org","@graph":[{"@type":"WebPage","@id":"https:\/\/groupflorence.com\/sv\/centers-treatments\/heart-center\/percutaneous-mitral-balloon-valvuloplasty\/","url":"https:\/\/groupflorence.com\/sv\/centers-treatments\/heart-center\/percutaneous-mitral-balloon-valvuloplasty\/","name":"Percutaneous Mitral Balloon Valvuloplasty - Group Florence Nightingale Hospitals","isPartOf":{"@id":"https:\/\/groupflorence.com\/sv\/#website"},"datePublished":"2020-10-22T20:18:18+00:00","dateModified":"2022-12-12T11:41:41+00:00","breadcrumb":{"@id":"https:\/\/groupflorence.com\/sv\/centers-treatments\/heart-center\/percutaneous-mitral-balloon-valvuloplasty\/#breadcrumb"},"inLanguage":"en-US","potentialAction":[{"@type":"ReadAction","target":["https:\/\/groupflorence.com\/sv\/centers-treatments\/heart-center\/percutaneous-mitral-balloon-valvuloplasty\/"]}]},{"@type":"BreadcrumbList","@id":"https:\/\/groupflorence.com\/sv\/centers-treatments\/heart-center\/percutaneous-mitral-balloon-valvuloplasty\/#breadcrumb","itemListElement":[{"@type":"ListItem","position":1,"name":"Home","item":"https:\/\/groupflorence.com\/sv\/"},{"@type":"ListItem","position":2,"name":"Centers &#038; Departments","item":"https:\/\/groupflorence.com\/sv\/centers-treatments\/"},{"@type":"ListItem","position":3,"name":"Heart Center","item":"https:\/\/groupflorence.com\/sv\/centers-treatments\/heart-center\/"},{"@type":"ListItem","position":4,"name":"Percutaneous Mitral Balloon Valvuloplasty"}]},{"@type":"WebSite","@id":"https:\/\/groupflorence.com\/sv\/#website","url":"https:\/\/groupflorence.com\/sv\/","name":"Group Florence Nightingale Hospitals","description":"","publisher":{"@id":"https:\/\/groupflorence.com\/sv\/#organization"},"potentialAction":[{"@type":"SearchAction","target":{"@type":"EntryPoint","urlTemplate":"https:\/\/groupflorence.com\/sv\/?s={search_term_string}"},"query-input":"required name=search_term_string"}],"inLanguage":"en-US"},{"@type":"Organization","@id":"https:\/\/groupflorence.com\/sv\/#organization","name":"Group Florence Nightingale Hospitals","url":"https:\/\/groupflorence.com\/sv\/","logo":{"@type":"ImageObject","inLanguage":"en-US","@id":"https:\/\/groupflorence.com\/sv\/#\/schema\/logo\/image\/","url":"https:\/\/groupflorence.com\/en\/wp-content\/uploads\/2021\/01\/gf-logotype-transparent-miniversion.png","contentUrl":"https:\/\/groupflorence.com\/en\/wp-content\/uploads\/2021\/01\/gf-logotype-transparent-miniversion.png","width":245,"height":55,"caption":"Group Florence Nightingale Hospitals"},"image":{"@id":"https:\/\/groupflorence.com\/sv\/#\/schema\/logo\/image\/"},"sameAs":["https:\/\/www.facebook.com\/groupflorence","https:\/\/www.instagram.com\/group_florence\/","https:\/\/www.youtube.com\/channel\/UC_nlE9Up7N9T68unmJYEnfg"]}]}},"_links":{"self":[{"href":"https:\/\/groupflorence.com\/sv\/wp-json\/wp\/v2\/pages\/4628","targetHints":{"allow":["GET"]}}],"collection":[{"href":"https:\/\/groupflorence.com\/sv\/wp-json\/wp\/v2\/pages"}],"about":[{"href":"https:\/\/groupflorence.com\/sv\/wp-json\/wp\/v2\/types\/page"}],"author":[{"embeddable":true,"href":"https:\/\/groupflorence.com\/sv\/wp-json\/wp\/v2\/users\/1"}],"replies":[{"embeddable":true,"href":"https:\/\/groupflorence.com\/sv\/wp-json\/wp\/v2\/comments?post=4628"}],"version-history":[{"count":3,"href":"https:\/\/groupflorence.com\/sv\/wp-json\/wp\/v2\/pages\/4628\/revisions"}],"predecessor-version":[{"id":6765,"href":"https:\/\/groupflorence.com\/sv\/wp-json\/wp\/v2\/pages\/4628\/revisions\/6765"}],"up":[{"embeddable":true,"href":"https:\/\/groupflorence.com\/sv\/wp-json\/wp\/v2\/pages\/4469"}],"wp:attachment":[{"href":"https:\/\/groupflorence.com\/sv\/wp-json\/wp\/v2\/media?parent=4628"}],"curies":[{"name":"wp","href":"https:\/\/api.w.org\/{rel}","templated":true}]}}