{"id":4377,"date":"2020-10-16T02:26:48","date_gmt":"2020-10-15T23:26:48","guid":{"rendered":"https:\/\/groupflorence.com\/en\/?page_id=4377"},"modified":"2022-12-12T15:06:39","modified_gmt":"2022-12-12T12:06:39","slug":"nuclear-oncology-nuclear-medicine","status":"publish","type":"page","link":"https:\/\/groupflorence.com\/sv\/centers-treatments\/oncology-center\/nuclear-oncology-nuclear-medicine\/","title":{"rendered":"Nuclear Oncology (Nuclear Medicine)"},"content":{"rendered":"<section id=\"bt_section6a0961701584b\"  class=\"boldSection gutter\" ><div class=\"port\"><div class=\"boldCell\"><div class=\"boldCellInner\"><div class=\"boldRow  \" ><div class=\"boldRowInner\"><div class=\"rowItem col-md-4 col-ms-12 btTextLeft\"  ><div class=\"rowItemContent\" ><div class=\"btClear btSeparator topSpaced noBorder\" ><hr><\/div><div class=\"btCustomMenu treatment-sidebar\" ><div class=\"menu-oncology-center-container\"><ul id=\"menu-oncology-center\" class=\"menu\"><li id=\"menu-item-3501\" class=\"menu-item menu-item-type-post_type menu-item-object-page menu-item-has-children menu-item-3501\"><a href=\"https:\/\/groupflorence.com\/sv\/centers-treatments\/\">Centrum och avdelningar<\/a><ul class=\"sub-menu\"><li id=\"menu-item-3497\" class=\"menu-item menu-item-type-post_type menu-item-object-page menu-item-has-children menu-item-3497\"><a href=\"https:\/\/groupflorence.com\/sv\/centers-treatments\/oncology-center\/\">Omfattande onkologiskt centrum<\/a><ul class=\"sub-menu\"><li id=\"menu-item-4380\" class=\"menu-item menu-item-type-post_type menu-item-object-page menu-item-4380\"><a href=\"https:\/\/groupflorence.com\/sv\/centers-treatments\/oncology-center\/nuclear-oncology-nuclear-medicine\/\">Nukle\u00e4r onkologi (nukle\u00e4rmedicin)<\/a><\/li><li id=\"menu-item-4832\" class=\"menu-item menu-item-type-post_type menu-item-object-page menu-item-4832\"><a href=\"https:\/\/groupflorence.com\/sv\/centers-treatments\/oncology-center\/molecular-oncology-and-genetics\/\">Molekyl\u00e4r onkologi och genetik<\/a><\/li><li id=\"menu-item-4376\" class=\"menu-item menu-item-type-post_type menu-item-object-page menu-item-4376\"><a href=\"https:\/\/groupflorence.com\/sv\/centers-treatments\/oncology-center\/medical-oncology-and-immunotherapy\/\">Medicinsk onkologi och immunterapi<\/a><\/li><li id=\"menu-item-4952\" class=\"menu-item menu-item-type-post_type menu-item-object-page menu-item-4952\"><a href=\"https:\/\/groupflorence.com\/sv\/centers-treatments\/oncology-center\/radiation-oncology\/\">Str\u00e5lnings onkologi<\/a><\/li><li id=\"menu-item-4373\" class=\"menu-item menu-item-type-post_type menu-item-object-page menu-item-4373\"><a href=\"https:\/\/groupflorence.com\/sv\/centers-treatments\/oncology-center\/interventional-radiology-in-oncology\/\">Interventionell radiologi i onkologi<\/a><\/li><li id=\"menu-item-3513\" class=\"menu-item menu-item-type-post_type menu-item-object-page menu-item-3513\"><a href=\"https:\/\/groupflorence.com\/sv\/centers-treatments\/oncology-center\/why-florence-nightingale-oncology-center\/\">Varf\u00f6r Florence Nightingale Oncology Center?<\/a><\/li><li id=\"menu-item-3506\" class=\"menu-item menu-item-type-post_type menu-item-object-page menu-item-3506\"><a href=\"https:\/\/groupflorence.com\/sv\/centers-treatments\/oncology-center\/multidisciplinary-tumor-board\/\">Multidisciplin\u00e4r tum\u00f6rn\u00e4mnd<\/a><\/li><\/ul><\/li><\/ul><\/li>\n<\/ul><\/div><\/div><div class=\"btClear btSeparator topSemiSpaced noBorder\" ><hr><\/div><div class=\"boldRow boldInnerRow  bt_bb_hidden_xs bt_bb_hidden_ms bt_bb_hidden_sm\" ><div class=\"rowItem rowInnerItem col-md-12  btTextCenter btMiddleVertical\"  ><div class=\"rowItemContent\"><div class=\"bpgPhoto btTextCenter\" > \r\n\t\t\t\t\t<a href=\"https:\/\/groupflorence.com\/sv\/patient-guide\/covid-19-precautions\/\" target=\"_blank\" title=\"\"><\/a>\r\n\t\t\t\t\t<div class=\"boldPhotoBox\"><div class=\"bpbItem\"><div class = \"btImage\"><img decoding=\"async\" src=\"https:\/\/groupflorence.com\/sv\/wp-content\/uploads\/2020\/12\/covid-safe-sidebar-320x186.jpg\" alt=\"\" title=\"\" ><\/div><\/div><\/div>\r\n\t\t\t\t\t<div class=\"captionPane\">\r\n\t\t\t\t\t\t<div class=\"captionTable\">\r\n\t\t\t\t\t\t\t<div class=\"captionCell\">\r\n\t\t\t\t\t\t\t\t<div class=\"captionTxt\"><\/div>\r\n\t\t\t\t\t\t\t<\/div>\r\n\t\t\t\t\t\t<\/div>\r\n\t\t\t\t\t<\/div><\/div><div class=\"btClear btSeparator topSmallSpaced bottomSmallSpaced border\" ><hr><\/div><a href=\"https:\/\/groupflorence.com\/sv\/contact-us\/\" class=\"btBtn btBtn btnFilledStyle btnAccentColor btnBig btnNormalWidth btnLeftPosition btnNoIcon\" ><span class=\"btnInnerText\">St\u00e4lla en fr\u00e5ga<\/span><\/a><\/div><\/div><\/div><\/div><\/div><div class=\"rowItem col-md-8 col-ms-12 btTextLeft\"  ><div class=\"rowItemContent\" ><div class=\"btClear btSeparator topSemiSpaced noBorder\" ><hr><\/div><header class=\"header btClear medium btDash bottomDash  btNormalDash\" ><div class=\"dash\"><h3><span class=\"headline\"><b class=\"animate\">Nukle\u00e4r onkologi (nukle\u00e4rmedicin)<\/b><\/span><\/h3><\/div><\/header><div class=\"btClear btSeparator topSemiSpaced noBorder\" ><hr><\/div><div class=\"btText\" ><p>Till\u00e4mpningar av nuklearmedicin inom onkologi t\u00e4cker alltmer diagnostiska och behandlingstill\u00e4mpningar som har specialiserat sig p\u00e5 olika typer av cancer. Regisserad av Prof. C\u00fcneyt T\u00fcrkmen \u00e4r v\u00e5rt Nuclear Oncology-team v\u00e4lk\u00e4nt n\u00e4r det g\u00e4ller att utf\u00f6ra nya tillv\u00e4gag\u00e5ngss\u00e4tt under utmanande f\u00f6rh\u00e5llanden med en h\u00f6g framg\u00e5ngsfrekvens.<\/p>\n<ul>\n<li>Positron Emission Tomography (PET-BT och PET-MR), som nu \u00e4r standardmetoden f\u00f6r avbildning av m\u00e5nga cancertyper, erbjuder f\u00f6rdelarna med molekyl\u00e4r avbildning vid diagnos och behandling av cancer. Dessa f\u00f6rdelar ger betydande bidrag till att \u00f6ka den f\u00f6rv\u00e4ntade livsl\u00e4ngden f\u00f6r patienter, fr\u00e5n tidig diagnos av cancer till behandlingshantering.<\/li>\n<\/ul>\n<p>Utvecklingen inom omr\u00e5det molekyl\u00e4r avbildning ledde ocks\u00e5 till spridningen av individualiserade radionuklidbehandlingar definierade av begreppet &#8220;teranostik&#8221; f\u00f6r varje patient.<\/p>\n<\/div><div class=\"btClear btSeparator topSmallSpaced noBorder\" ><hr><\/div><header class=\"header btClear medium btDash bottomDash  btAccentDash\" ><div class=\"dash\"><h3><span class=\"headline\">Vad \u00e4r &#8220;teranostisk&#8220; strategi?<\/span><\/h3><\/div><\/header><div class=\"btClear btSeparator topExtraSmallSpaced noBorder\" ><hr><\/div><div class=\"btText\" ><p>Teranostik \u00e4r ett nytt medicinomr\u00e5de som kombinerar patientspecifik och riktad diagnos och behandling. Det h\u00e4rr\u00f6r fr\u00e5n orden &#8220;terapi&#8221; och &#8220;diagnostik&#8221;. Detektering av sjuka omr\u00e5den med hj\u00e4lp av riktade molekyler i det teranostiska tillv\u00e4gag\u00e5ngss\u00e4ttet, och sedan med hj\u00e4lp av terapeutiska medel, cancerceller utan st\u00f6rre skada p\u00e5 andra v\u00e4vnader avsedda att f\u00f6rst\u00f6ras. Diagnostiska tester visar n\u00e4rvaron av receptor\/molekyl p\u00e5 m\u00e5lv\u00e4vnaden, vilket leder till anv\u00e4ndningen av specifika terapeutiska medel. I efterhand \u00e4r det ocks\u00e5 m\u00f6jligt att \u00f6vervaka svaret p\u00e5 behandlingen.<\/p>\n<p>I det teranostiska tillv\u00e4gag\u00e5ngss\u00e4ttet med radionuklider (radioisotoper) avses detektion av tum\u00f6ren med hj\u00e4lp av unika biologiska v\u00e4gar, f\u00f6ljt av cellul\u00e4r bestr\u00e5lning av tum\u00f6ren med en terapeutisk radionuklid. Detta tillv\u00e4gag\u00e5ngss\u00e4tt ger effektiv behandling f\u00f6r patienten vid r\u00e4tt tidpunkt, i r\u00e4tt dos och m\u00e5linriktad.<\/p>\n<p>177-Lutesium\/ 90-Yttriumoktreotat f\u00f6r neuroendokrina tum\u00f6rer inom teranostisk nukle\u00e4r onkologi, 177-Lutesium PSMA f\u00f6r metastaserad eller behandlingsresistent prostatacancer, metastaserad levercancer F\u00f6r 90-Yttrium SIRT, jod-231 f\u00f6r cancer och radium-231 f\u00f6r cancer behandlingar anv\u00e4nds i stor utstr\u00e4ckning f\u00f6r patienter med prostatacancer med skelettmetastaser.<\/p>\n<\/div><div class=\"btClear btSeparator topSmallSpaced noBorder\" ><hr><\/div><header class=\"header btClear medium btDash bottomDash  btAccentDash\" ><div class=\"dash\"><h3><span class=\"headline\">Transarteriell radioembolisering (TARE)<\/span><\/h3><\/div><\/header><div class=\"btClear btSeparator topExtraSmallSpaced noBorder\" ><hr><\/div><div class=\"btText\" ><p>(Y-90) transarteriell radioembolisering (TARE) med laddade mikrosf\u00e4rer kom in i hanteringsparadigmet f\u00f6r prim\u00e4ra eller metastaserande levermaligniteter som inte har n\u00e5gon chans till resektion och var och en \u00e4r en viktig behandlingsmetod, som blev utbredd h\u00e4romdagen. Det kan tolkas som en intraarteriell form av brachyterapi, en form av str\u00e5lbehandling, d\u00e4r radioaktiva k\u00e4llor placeras inuti eller n\u00e4ra tum\u00f6ren.<\/p>\n<h3>Vilka \u00e4r kandidater till TARE?<\/h3>\n<p>Beslut om patienterna \u00e4r l\u00e4mpliga f\u00f6r TARE-behandling i en multidisciplin\u00e4r tum\u00f6rn\u00e4mnd best\u00e5ende av allm\u00e4nkirurg, interventionsradiolog, nuklearmedicinsk specialist, medicinsk onkolog och gastroenterolog kr\u00e4vs.<\/p>\n<p>Patienter med<\/p>\n<ul>\n<li>Eastern Cooperative Oncology Group (ECOG) prestationsskala 2 \u00e4r lokaliserad endast i levern eller dominant,<\/li>\n<li>utan m\u00f6jlighet till operation,<\/li>\n<li>den f\u00f6rv\u00e4ntade livsl\u00e4ngden \u00e4r \u00f6ver 12 veckor, anses vara l\u00e4mpliga kandidater f\u00f6r TARE-behandling.<\/li>\n<\/ul>\n<h3>Hur utf\u00f6r vi TARE?<\/h3>\n<ul>\n<li>Tum\u00f6rf\u00f6rdelning och volym ber\u00e4knas med hj\u00e4lp av CT eller MRT.<\/li>\n<li>Den f\u00f6rsta angiografin visar leverns vaskul\u00e4ra struktur. Vissa av art\u00e4rerna kan vara igensatta innan det slutliga f\u00f6rfarandet.<\/li>\n<li>Testl\u00e4kemedlet anv\u00e4nds f\u00f6r att best\u00e4mma m\u00e4ngden som har flytt till lungorna.<\/li>\n<li>Efter 15 dagar utf\u00f6rs den andra angiografin genom inguinalvenen.<\/li>\n<li>Mikrosf\u00e4rer introduceras i tum\u00f6rk\u00e4rl och\/eller k\u00e4rl som matar tum\u00f6ren.<\/li>\n<\/ul>\n<p><em>Genom att fylla i kontaktformul\u00e4ret nedan kan du st\u00e4lla fr\u00e5gor och\/eller beg\u00e4ra mer information fr\u00e5n v\u00e5ra experter om Nuclear Medicine (Nuclear Oncology) p\u00e5 Group Florence Nightingale Hospitals.<\/em><\/p>\n<\/div><div class=\"btClear btSeparator topSemiSpaced noBorder\" ><hr><\/div><header class=\"header btClear medium btDash bottomDash  btAccentDash\" ><div class=\"dash\"><h3><span class=\"headline\"><em>Kontakta oss nu<\/em><\/span><\/h3><\/div><\/header><div class=\"btClear btSeparator bottomSmallSpaced noBorder\" ><hr><\/div><div class=\"btText\" >\n<div class=\"wpcf7 no-js\" id=\"wpcf7-f2891-o1\" lang=\"tr-TR\" dir=\"ltr\">\n<div class=\"screen-reader-response\"><p role=\"status\" aria-live=\"polite\" aria-atomic=\"true\"><\/p> <ul><\/ul><\/div>\n<form action=\"\/sv\/wp-json\/wp\/v2\/pages\/4377#wpcf7-f2891-o1\" method=\"post\" class=\"wpcf7-form init wpcf7-acceptance-as-validation\" aria-label=\"Contact form\" novalidate=\"novalidate\" data-status=\"init\">\n<div style=\"display: none;\">\n<input type=\"hidden\" name=\"_wpcf7\" value=\"2891\" \/>\n<input type=\"hidden\" name=\"_wpcf7_version\" value=\"5.9.2\" \/>\n<input type=\"hidden\" name=\"_wpcf7_locale\" value=\"tr_TR\" \/>\n<input type=\"hidden\" name=\"_wpcf7_unit_tag\" value=\"wpcf7-f2891-o1\" \/>\n<input type=\"hidden\" name=\"_wpcf7_container_post\" value=\"0\" \/>\n<input type=\"hidden\" name=\"_wpcf7_posted_data_hash\" value=\"\" \/>\n<\/div>\n<p style=\"margin-bottom:30px !important;\">N\u00e4r du fyller i kontaktformul\u00e4ret nedan kan du ocks\u00e5 skicka din\/patientens medicinska handlingar till oss via <strong>wetransfer<\/strong>. Den medicinska second opinion kommer att presenteras f\u00f6r dig inom 48 timmar.\n<\/p>\n<div class=\"boldRow boldInnerRow  \">\n\t<div class=\"rowItem rowInnerItem col-md-6  btTextLeft\">\n\t\t<div class=\"rowItemContent\">\n\t\t\t<p><label><span class=\"bt_bb_required\">Your Name<\/span><br \/>\n<span class=\"wpcf7-form-control-wrap\" data-name=\"your-name\"><input size=\"40\" class=\"wpcf7-form-control wpcf7-text wpcf7-validates-as-required\" aria-required=\"true\" aria-invalid=\"false\" value=\"\" type=\"text\" name=\"your-name\" \/><\/span> <\/label>\n\t\t\t<\/p>\n\t\t\t<p><label><span class=\"bt_bb_required\">Your Email<\/span><br \/>\n<span class=\"wpcf7-form-control-wrap\" data-name=\"your-email\"><input size=\"40\" class=\"wpcf7-form-control wpcf7-email wpcf7-validates-as-required wpcf7-text wpcf7-validates-as-email\" aria-required=\"true\" aria-invalid=\"false\" value=\"\" type=\"email\" name=\"your-email\" \/><\/span> <\/label>\n\t\t\t<\/p>\n\t\t\t<p><label><span class=\"bt_bb_required\">Your Phone<\/span><br \/>\n<span class=\"wpcf7-form-control-wrap\" data-name=\"your-phone\"><input size=\"40\" class=\"wpcf7-form-control wpcf7-phonetext wpcf7-text wpcf7-validates-as-phonetext\" id=\"int_phone\" aria-invalid=\"false\" value=\"\" type=\"text\" name=\"your-phone\" \/><input type=\"hidden\" name=\"your-phone-country-code\" class=\"wpcf7-phonetext-country-code\" \/><\/span> <\/label>\n\t\t\t<\/p>\n\t\t\t<p><label><span class=\"bt_bb_required\">Your Message<\/span><br \/>\n<span class=\"wpcf7-form-control-wrap\" data-name=\"your-message\"><textarea cols=\"40\" rows=\"10\" class=\"wpcf7-form-control wpcf7-textarea wpcf7-validates-as-required\" aria-required=\"true\" aria-invalid=\"false\" name=\"your-message\"><\/textarea><\/span> <\/label>\n\t\t\t<\/p>\n\t\t\t<p><label><span class=\"bt_bb_required\" style=\"margin-top:25px !important;\"><span class=\"wpcf7-form-control-wrap\" data-name=\"accept-this-1\"><span class=\"wpcf7-form-control wpcf7-acceptance\"><span class=\"wpcf7-list-item\"><label><input type=\"checkbox\" name=\"accept-this-1\" value=\"1\" aria-invalid=\"false\" \/><span class=\"wpcf7-list-item-label\">I agree to <a target=\"_blank\" href=\"https:\/\/groupflorence.com\/en\/terms-of-use\/\">Terms &#038; Services<\/a>.<\/span><\/label><\/span><\/span><\/span><\/span><\/label>\n\t\t\t<\/p>\n\t\t\t<p><input class=\"wpcf7-form-control wpcf7-submit has-spinner contact_button_int\" type=\"submit\" value=\"SEND MESSAGE\" \/>\n\t\t\t<\/p>\n\t\t<\/div>\n\t<\/div>\n\t<div class=\"rowItem rowInnerItem col-md-6  btTextLeft\">\n\t\t<div class=\"rowItemContent\">\n\t\t\t<p align=\"center\" style=\"margin-top:30px;\"><br \/>\n<a href=\"http:\/\/florencenightingale.wetransfer.com\/\" target=\"_blank\" title=\"Click Here To Transfer Your Documents via WeTransfer\"><img decoding=\"async\"  align=\"center\" style=\"max-width:250px !important;\" class=\"lazy loaded\" src=\"https:\/\/groupflorence.com\/ru\/wp-content\/uploads\/2020\/08\/89130-wetransfer-default-logo-rgb-original-1365619064-e1599162229581.png\" data-src=\"https:\/\/groupflorence.com\/ru\/wp-content\/uploads\/2020\/08\/89130-wetransfer-default-logo-rgb-original-1365619064-e1599162229581.png\" alt=\"Click Here To Transfer Your Documents via WeTransfer\" title=\"Click Here To Transfer Your Documents via WeTransfer\" data-was-processed=\"true\" \/><\/a>\n\t\t\t<\/p>\n\t\t\t<h3 align=\"center\"><a href=\"http:\/\/florencenightingale.wetransfer.com\/\" target=\"_blank\" title=\"Click Here To Transfer Your Documents via WeTransfer\">Send via WeTransfer<\/a>\n\t\t\t<\/h3>\n\t\t\t<p align=\"center\">Du kan skicka dina \u00f6verdimensionerade medicinska dokument (MRT-inspelningar, labbresultat, bilder etc.) med v\u00e5rt WeTransfer-konto. Det \u00e4r enkelt, snabbt och s\u00e4kert.\n\t\t\t<\/p>\n\t\t<\/div>\n\t\t<center>\n\t\t\t<p><a href=\"http:\/\/florencenightingale.wetransfer.com\/\" class=\"btBtn btBtn btnFilledStyle btnAccentColor btnSmall btnNormalWidth btnRightPosition btnNoIcon\" target=\"_blank\"><span class=\"btnInnerText\">Send Now<\/span><\/a>\n\t\t\t<\/p>\n\t\t<\/center>\n\t<\/div>\n<\/div><div class=\"wpcf7-response-output\" aria-hidden=\"true\"><\/div>\n<\/form>\n<\/div>\n<\/div><div class=\"btClear btSeparator topSpaced noBorder\" ><hr><\/div><\/div><\/div><\/div><\/div><\/div><\/div><\/div><\/section>","protected":false},"excerpt":{"rendered":"","protected":false},"author":1,"featured_media":0,"parent":2331,"menu_order":6,"comment_status":"closed","ping_status":"closed","template":"","meta":{"footnotes":""},"class_list":["post-4377","page","type-page","status-publish","hentry"],"yoast_head":"<!-- This site is optimized with the Yoast SEO plugin v22.2 - https:\/\/yoast.com\/wordpress\/plugins\/seo\/ -->\n<title>Nuclear Oncology (Nuclear Medicine) - Group Florence Nightingale Hospitals<\/title>\n<meta name=\"robots\" content=\"index, follow, max-snippet:-1, max-image-preview:large, max-video-preview:-1\" \/>\n<link rel=\"canonical\" href=\"https:\/\/groupflorence.com\/sv\/centers-treatments\/oncology-center\/nuclear-oncology-nuclear-medicine\/\" \/>\n<meta property=\"og:locale\" content=\"en_US\" \/>\n<meta property=\"og:type\" content=\"article\" \/>\n<meta property=\"og:title\" content=\"Nuclear Oncology (Nuclear Medicine) - Group Florence Nightingale Hospitals\" \/>\n<meta property=\"og:url\" content=\"https:\/\/groupflorence.com\/sv\/centers-treatments\/oncology-center\/nuclear-oncology-nuclear-medicine\/\" \/>\n<meta property=\"og:site_name\" content=\"Group Florence Nightingale Hospitals\" \/>\n<meta property=\"article:publisher\" content=\"https:\/\/www.facebook.com\/groupflorence\" \/>\n<meta property=\"article:modified_time\" content=\"2022-12-12T12:06:39+00:00\" \/>\n<meta name=\"twitter:card\" content=\"summary_large_image\" \/>\n<meta name=\"twitter:label1\" content=\"Est. reading time\" \/>\n\t<meta name=\"twitter:data1\" content=\"6 minutes\" \/>\n<script type=\"application\/ld+json\" class=\"yoast-schema-graph\">{\"@context\":\"https:\/\/schema.org\",\"@graph\":[{\"@type\":\"WebPage\",\"@id\":\"https:\/\/groupflorence.com\/sv\/centers-treatments\/oncology-center\/nuclear-oncology-nuclear-medicine\/\",\"url\":\"https:\/\/groupflorence.com\/sv\/centers-treatments\/oncology-center\/nuclear-oncology-nuclear-medicine\/\",\"name\":\"Nuclear Oncology (Nuclear Medicine) - Group Florence Nightingale Hospitals\",\"isPartOf\":{\"@id\":\"https:\/\/groupflorence.com\/sv\/#website\"},\"datePublished\":\"2020-10-15T23:26:48+00:00\",\"dateModified\":\"2022-12-12T12:06:39+00:00\",\"breadcrumb\":{\"@id\":\"https:\/\/groupflorence.com\/sv\/centers-treatments\/oncology-center\/nuclear-oncology-nuclear-medicine\/#breadcrumb\"},\"inLanguage\":\"en-US\",\"potentialAction\":[{\"@type\":\"ReadAction\",\"target\":[\"https:\/\/groupflorence.com\/sv\/centers-treatments\/oncology-center\/nuclear-oncology-nuclear-medicine\/\"]}]},{\"@type\":\"BreadcrumbList\",\"@id\":\"https:\/\/groupflorence.com\/sv\/centers-treatments\/oncology-center\/nuclear-oncology-nuclear-medicine\/#breadcrumb\",\"itemListElement\":[{\"@type\":\"ListItem\",\"position\":1,\"name\":\"Home\",\"item\":\"https:\/\/groupflorence.com\/sv\/\"},{\"@type\":\"ListItem\",\"position\":2,\"name\":\"Centers &#038; Departments\",\"item\":\"https:\/\/groupflorence.com\/sv\/centers-treatments\/\"},{\"@type\":\"ListItem\",\"position\":3,\"name\":\"Comprehensive Oncology Center\",\"item\":\"https:\/\/groupflorence.com\/sv\/centers-treatments\/oncology-center\/\"},{\"@type\":\"ListItem\",\"position\":4,\"name\":\"Nuclear Oncology (Nuclear Medicine)\"}]},{\"@type\":\"WebSite\",\"@id\":\"https:\/\/groupflorence.com\/sv\/#website\",\"url\":\"https:\/\/groupflorence.com\/sv\/\",\"name\":\"Group Florence Nightingale Hospitals\",\"description\":\"\",\"publisher\":{\"@id\":\"https:\/\/groupflorence.com\/sv\/#organization\"},\"potentialAction\":[{\"@type\":\"SearchAction\",\"target\":{\"@type\":\"EntryPoint\",\"urlTemplate\":\"https:\/\/groupflorence.com\/sv\/?s={search_term_string}\"},\"query-input\":\"required name=search_term_string\"}],\"inLanguage\":\"en-US\"},{\"@type\":\"Organization\",\"@id\":\"https:\/\/groupflorence.com\/sv\/#organization\",\"name\":\"Group Florence Nightingale Hospitals\",\"url\":\"https:\/\/groupflorence.com\/sv\/\",\"logo\":{\"@type\":\"ImageObject\",\"inLanguage\":\"en-US\",\"@id\":\"https:\/\/groupflorence.com\/sv\/#\/schema\/logo\/image\/\",\"url\":\"https:\/\/groupflorence.com\/en\/wp-content\/uploads\/2021\/01\/gf-logotype-transparent-miniversion.png\",\"contentUrl\":\"https:\/\/groupflorence.com\/en\/wp-content\/uploads\/2021\/01\/gf-logotype-transparent-miniversion.png\",\"width\":245,\"height\":55,\"caption\":\"Group Florence Nightingale Hospitals\"},\"image\":{\"@id\":\"https:\/\/groupflorence.com\/sv\/#\/schema\/logo\/image\/\"},\"sameAs\":[\"https:\/\/www.facebook.com\/groupflorence\",\"https:\/\/www.instagram.com\/group_florence\/\",\"https:\/\/www.youtube.com\/channel\/UC_nlE9Up7N9T68unmJYEnfg\"]}]}<\/script>\n<!-- \/ Yoast SEO plugin. -->","yoast_head_json":{"title":"Nuclear Oncology (Nuclear Medicine) - Group Florence Nightingale Hospitals","robots":{"index":"index","follow":"follow","max-snippet":"max-snippet:-1","max-image-preview":"max-image-preview:large","max-video-preview":"max-video-preview:-1"},"canonical":"https:\/\/groupflorence.com\/sv\/centers-treatments\/oncology-center\/nuclear-oncology-nuclear-medicine\/","og_locale":"en_US","og_type":"article","og_title":"Nuclear Oncology (Nuclear Medicine) - Group Florence Nightingale Hospitals","og_url":"https:\/\/groupflorence.com\/sv\/centers-treatments\/oncology-center\/nuclear-oncology-nuclear-medicine\/","og_site_name":"Group Florence Nightingale Hospitals","article_publisher":"https:\/\/www.facebook.com\/groupflorence","article_modified_time":"2022-12-12T12:06:39+00:00","twitter_card":"summary_large_image","twitter_misc":{"Est. reading time":"6 minutes"},"schema":{"@context":"https:\/\/schema.org","@graph":[{"@type":"WebPage","@id":"https:\/\/groupflorence.com\/sv\/centers-treatments\/oncology-center\/nuclear-oncology-nuclear-medicine\/","url":"https:\/\/groupflorence.com\/sv\/centers-treatments\/oncology-center\/nuclear-oncology-nuclear-medicine\/","name":"Nuclear Oncology (Nuclear Medicine) - Group Florence Nightingale Hospitals","isPartOf":{"@id":"https:\/\/groupflorence.com\/sv\/#website"},"datePublished":"2020-10-15T23:26:48+00:00","dateModified":"2022-12-12T12:06:39+00:00","breadcrumb":{"@id":"https:\/\/groupflorence.com\/sv\/centers-treatments\/oncology-center\/nuclear-oncology-nuclear-medicine\/#breadcrumb"},"inLanguage":"en-US","potentialAction":[{"@type":"ReadAction","target":["https:\/\/groupflorence.com\/sv\/centers-treatments\/oncology-center\/nuclear-oncology-nuclear-medicine\/"]}]},{"@type":"BreadcrumbList","@id":"https:\/\/groupflorence.com\/sv\/centers-treatments\/oncology-center\/nuclear-oncology-nuclear-medicine\/#breadcrumb","itemListElement":[{"@type":"ListItem","position":1,"name":"Home","item":"https:\/\/groupflorence.com\/sv\/"},{"@type":"ListItem","position":2,"name":"Centers &#038; Departments","item":"https:\/\/groupflorence.com\/sv\/centers-treatments\/"},{"@type":"ListItem","position":3,"name":"Comprehensive Oncology Center","item":"https:\/\/groupflorence.com\/sv\/centers-treatments\/oncology-center\/"},{"@type":"ListItem","position":4,"name":"Nuclear Oncology (Nuclear Medicine)"}]},{"@type":"WebSite","@id":"https:\/\/groupflorence.com\/sv\/#website","url":"https:\/\/groupflorence.com\/sv\/","name":"Group Florence Nightingale Hospitals","description":"","publisher":{"@id":"https:\/\/groupflorence.com\/sv\/#organization"},"potentialAction":[{"@type":"SearchAction","target":{"@type":"EntryPoint","urlTemplate":"https:\/\/groupflorence.com\/sv\/?s={search_term_string}"},"query-input":"required name=search_term_string"}],"inLanguage":"en-US"},{"@type":"Organization","@id":"https:\/\/groupflorence.com\/sv\/#organization","name":"Group Florence Nightingale Hospitals","url":"https:\/\/groupflorence.com\/sv\/","logo":{"@type":"ImageObject","inLanguage":"en-US","@id":"https:\/\/groupflorence.com\/sv\/#\/schema\/logo\/image\/","url":"https:\/\/groupflorence.com\/en\/wp-content\/uploads\/2021\/01\/gf-logotype-transparent-miniversion.png","contentUrl":"https:\/\/groupflorence.com\/en\/wp-content\/uploads\/2021\/01\/gf-logotype-transparent-miniversion.png","width":245,"height":55,"caption":"Group Florence Nightingale Hospitals"},"image":{"@id":"https:\/\/groupflorence.com\/sv\/#\/schema\/logo\/image\/"},"sameAs":["https:\/\/www.facebook.com\/groupflorence","https:\/\/www.instagram.com\/group_florence\/","https:\/\/www.youtube.com\/channel\/UC_nlE9Up7N9T68unmJYEnfg"]}]}},"_links":{"self":[{"href":"https:\/\/groupflorence.com\/sv\/wp-json\/wp\/v2\/pages\/4377","targetHints":{"allow":["GET"]}}],"collection":[{"href":"https:\/\/groupflorence.com\/sv\/wp-json\/wp\/v2\/pages"}],"about":[{"href":"https:\/\/groupflorence.com\/sv\/wp-json\/wp\/v2\/types\/page"}],"author":[{"embeddable":true,"href":"https:\/\/groupflorence.com\/sv\/wp-json\/wp\/v2\/users\/1"}],"replies":[{"embeddable":true,"href":"https:\/\/groupflorence.com\/sv\/wp-json\/wp\/v2\/comments?post=4377"}],"version-history":[{"count":2,"href":"https:\/\/groupflorence.com\/sv\/wp-json\/wp\/v2\/pages\/4377\/revisions"}],"predecessor-version":[{"id":6770,"href":"https:\/\/groupflorence.com\/sv\/wp-json\/wp\/v2\/pages\/4377\/revisions\/6770"}],"up":[{"embeddable":true,"href":"https:\/\/groupflorence.com\/sv\/wp-json\/wp\/v2\/pages\/2331"}],"wp:attachment":[{"href":"https:\/\/groupflorence.com\/sv\/wp-json\/wp\/v2\/media?parent=4377"}],"curies":[{"name":"wp","href":"https:\/\/api.w.org\/{rel}","templated":true}]}}