{"id":4221,"date":"2020-10-15T21:41:38","date_gmt":"2020-10-15T18:41:38","guid":{"rendered":"https:\/\/groupflorence.com\/en\/?page_id=4221"},"modified":"2022-12-05T09:33:22","modified_gmt":"2022-12-05T06:33:22","slug":"center-of-international-patients","status":"publish","type":"page","link":"https:\/\/groupflorence.com\/sv\/why-choose-us\/center-of-international-patients\/","title":{"rendered":"Center of International Patients"},"content":{"rendered":"<section id=\"bt_section69ec726475842\"  class=\"boldSection gutter\" ><div class=\"port\"><div class=\"boldCell\"><div class=\"boldCellInner\"><div class=\"boldRow  \" ><div class=\"boldRowInner\"><div class=\"rowItem col-md-12 col-ms-12  btTextLeft\"  ><div class=\"rowItemContent\" ><div class=\"btClear btSeparator topSemiSpaced noBorder\" ><hr><\/div><header class=\"header btClear medium  btNormalDash\" ><div class=\"dash\"><h3><span class=\"headline\"><b class=\"animate\">Centrum f\u00f6r internationella patienter (CIP)<\/b><\/span><\/h3><\/div><\/header><div class=\"btClear btSeparator topSmallSpaced noBorder\" ><hr><\/div><div class=\"btText\" ><p>Medicinsk turism har blivit framtr\u00e4dande i Turkiet nyligen, med en \u00e5r-till-\u00e5r \u00f6kning av antalet utl\u00e4ndska patienter att v\u00e4lja medicinska paket som erbjuder en kombination av behandling, semester och transport. H\u00f6ga behandlingskostnader och l\u00e5nga v\u00e4ntelistor i vissa fr\u00e4mmande l\u00e4nder har f\u00e5tt m\u00e4nniskor att leta efter l\u00e4nder d\u00e4r de kan f\u00e5 behandling av h\u00f6g kvalitet, samt ett bes\u00f6k f\u00f6r en semester.<\/p>\n<p><strong>Huvudsk\u00e4len till att v\u00e4lja Turkiet f\u00f6r behandling inkluderar:<\/strong><\/p>\n<ul>\n<li>kapaciteten f\u00f6r tj\u00e4nster av h\u00f6g kvalitet,<\/li>\n<li>j\u00e4mf\u00f6relsevis l\u00e4gre priser f\u00f6r samma tj\u00e4nst i patientens hemland,<\/li>\n<li>v\u00e4lk\u00e4nda l\u00e4kare,<\/li>\n<li>h\u00f6gteknologisk medicinsk teknik,<\/li>\n<li>Turkiets rykte som turistm\u00e5l.<\/li>\n<\/ul>\n<p>Group Florence Nightingale har legat i framkanten inom h\u00e4lsov\u00e5rdsbranschen i regionen sedan 1989. Group Florence Nightingale har utvecklat &#8220;Centers of Excellence&#8221; med expertbehandling, kirurgi och diagnostik p\u00e5 koncernens fyra sjukhus och tv\u00e5 medicinska centra, d\u00e4r varje center har f\u00e5tt erk\u00e4nnande i sin specialisering inte bara i Turkiet utan i hela regionen.<\/p>\n<p>I linje med Centre for International Patients (CIP)-principen om Committed to Excellence, betj\u00e4nar det dedikerade teamet av GFN patienter fr\u00e5n hela v\u00e4rlden inklusive men inte begr\u00e4nsat till Mellan\u00f6stern &amp; Gulf, Nordafrika, Centralasien och kaukasier, Balkan och \u00f6stra Europa.<\/p>\n<p><img loading=\"lazy\" decoding=\"async\" class=\"aligncenter size-full wp-image-4315\" src=\"https:\/\/mlf68w3pteyk.i.optimole.com\/8pryfZQ-jq2wqSbz\/w:auto\/h:auto\/q:85\/process:4315\/id:fa85bbd3e9dba2f554cce12f4bebe449\/https:\/\/groupflorence.com\/Uluslararsi_1-2.jpg\" alt=\"\" width=\"1200\" height=\"744\" \/><\/p>\n<h3 style=\"text-align: center;\">Som CIP-teamet str\u00e4var vi efter komfort och v\u00e4lbefinnande f\u00f6r v\u00e5ra patienter!<\/h3>\n<p>Fr\u00e5n och med den inledande f\u00f6rfr\u00e5gan planerar och tillhandah\u00e5ller CIP-medlemmarna genomg\u00e5ngar av medicinska journaler, kontaktar patienter och\/eller sl\u00e4ktingar f\u00f6r ytterligare procedurer, arrangerar deras f\u00f6rflyttning i Turkiet och detaljer om sjukhusvistelse vid Group Florence Nightingale Hospitals.<\/p>\n<p>Inser utmaningarna med att vara\/ha en patient i ett fr\u00e4mmande land, inf\u00f6dda flerspr\u00e5kiga \u00f6vers\u00e4ttare fr\u00e5n CIP-teamet m\u00f6ter patienter och deras f\u00f6ljeslagare fr\u00e5n utlandet s\u00e5 fort de anl\u00e4nder till v\u00e5ra sjukhus, och ger 24\/7 direkt hj\u00e4lp f\u00f6r b\u00e5de medicinsk och omedicinsk behov p\u00e5 ett kulturellt k\u00e4nsligt s\u00e4tt.<\/p>\n<p>Medicinska tj\u00e4nster och conciergetj\u00e4nster \u00e4r anpassade efter behov och f\u00f6rv\u00e4ntningar hos varje patient.<\/p>\n<ul>\n<li>I kritiska eller br\u00e5dskande fall s\u00e4kerst\u00e4ller CIP-teamet omedelbar, privilegierad medicinsk second opinion och m\u00f6tesprocedurer som garanterar omedelbar uppm\u00e4rksamhet med alla f\u00f6rfr\u00e5gningar som besvaras inom 24 timmar.<\/li>\n<\/ul>\n<p>CIP-teamet tillhandah\u00e5ller professionell service av h\u00f6gsta kvalitet baserad p\u00e5 huvudprinciperna:<\/p>\n<ul>\n<li><strong>Kvalitet och framg\u00e5ng,<\/strong><\/li>\n<li><strong>Genomskinlighet,<\/strong><\/li>\n<li><strong>Snabba resultat,<\/strong><\/li>\n<li><strong>Bekv\u00e4mlighet,<\/strong><\/li>\n<li><strong>Omfattande tj\u00e4nster.<\/strong><\/li>\n<\/ul>\n<p><iframe loading=\"lazy\" src=\"https:\/\/www.youtube.com\/embed\/1O8nlV1Gm1U\" width=\"560\" height=\"315\" frameborder=\"0\" allowfullscreen=\"allowfullscreen\"><\/iframe><\/p>\n<h3 style=\"text-align: center;\">Vi \u00e4r h\u00e4r, precis bredvid dig f\u00f6r gott och allt!<\/h3>\n<p>Center for International Patients ser till att st\u00e5 till ditt f\u00f6rfogande 24\/7 med f\u00f6ljande tj\u00e4nster:<\/p>\n<ul>\n<li>schemal\u00e4ggning av m\u00f6ten,<\/li>\n<li>Inl\u00e4ggning p\u00e5 sjukhus,<\/li>\n<li>Arrangemang av resor och boende,<\/li>\n<li>Assistera med visumf\u00f6rfaranden,<\/li>\n<li>Assistera med internationella f\u00f6rs\u00e4kringar,<\/li>\n<li>Tolktj\u00e4nster mellan l\u00e4kare och patienter,<\/li>\n<li>Ge kostnadsuppskattning av tester och behandlingar,<\/li>\n<li>Medicinsk rapportuppf\u00f6ljning efter utskrivning och konsultationer,<\/li>\n<li>Luft- och markambulanstj\u00e4nster,<\/li>\n<li>Finansiella transaktioner,<\/li>\n<li>Utskrivningsprocess och uppf\u00f6ljande v\u00e5rd.<\/li>\n<\/ul>\n<p><em>F\u00f6r mer detaljerad information bes\u00f6k <a href=\"https:\/\/groupflorence.com\/en\/patient-guide\/\" target=\"_blank\" rel=\"noopener noreferrer\">&#8220;Patientguide&#8221;<\/a><\/em><\/p>\n<\/div><div class=\"btClear btSeparator bottomSpaced noBorder\" ><hr><\/div><\/div><\/div><\/div><\/div><\/div><\/div><\/div><\/section>","protected":false},"excerpt":{"rendered":"","protected":false},"author":1,"featured_media":0,"parent":2548,"menu_order":8,"comment_status":"closed","ping_status":"closed","template":"","meta":{"footnotes":""},"class_list":["post-4221","page","type-page","status-publish","hentry"],"yoast_head":"<!-- This site is optimized with the Yoast SEO plugin v22.2 - https:\/\/yoast.com\/wordpress\/plugins\/seo\/ -->\n<title>Center of International Patients - Group Florence Nightingale Hospitals<\/title>\n<meta name=\"robots\" content=\"index, follow, max-snippet:-1, max-image-preview:large, max-video-preview:-1\" \/>\n<link rel=\"canonical\" href=\"https:\/\/groupflorence.com\/sv\/why-choose-us\/center-of-international-patients\/\" \/>\n<meta property=\"og:locale\" content=\"en_US\" \/>\n<meta property=\"og:type\" content=\"article\" \/>\n<meta property=\"og:title\" content=\"Center of International Patients - Group Florence Nightingale Hospitals\" \/>\n<meta property=\"og:url\" content=\"https:\/\/groupflorence.com\/sv\/why-choose-us\/center-of-international-patients\/\" \/>\n<meta property=\"og:site_name\" content=\"Group Florence Nightingale Hospitals\" \/>\n<meta property=\"article:publisher\" content=\"https:\/\/www.facebook.com\/groupflorence\" \/>\n<meta property=\"article:modified_time\" content=\"2022-12-05T06:33:22+00:00\" \/>\n<meta property=\"og:image\" content=\"https:\/\/mlf68w3pteyk.i.optimole.com\/8pryfZQ-jq2wqSbz\/w:auto\/h:auto\/q:85\/process:4315\/id:fa85bbd3e9dba2f554cce12f4bebe449\/https:\/\/groupflorence.com\/Uluslararsi_1-2.jpg\" \/>\n<meta name=\"twitter:card\" content=\"summary_large_image\" \/>\n<meta name=\"twitter:label1\" content=\"Est. reading time\" \/>\n\t<meta name=\"twitter:data1\" content=\"3 minutes\" \/>\n<script type=\"application\/ld+json\" class=\"yoast-schema-graph\">{\"@context\":\"https:\/\/schema.org\",\"@graph\":[{\"@type\":\"WebPage\",\"@id\":\"https:\/\/groupflorence.com\/sv\/why-choose-us\/center-of-international-patients\/\",\"url\":\"https:\/\/groupflorence.com\/sv\/why-choose-us\/center-of-international-patients\/\",\"name\":\"Center of International Patients - Group Florence Nightingale Hospitals\",\"isPartOf\":{\"@id\":\"https:\/\/groupflorence.com\/sv\/#website\"},\"primaryImageOfPage\":{\"@id\":\"https:\/\/groupflorence.com\/sv\/why-choose-us\/center-of-international-patients\/#primaryimage\"},\"image\":{\"@id\":\"https:\/\/groupflorence.com\/sv\/why-choose-us\/center-of-international-patients\/#primaryimage\"},\"thumbnailUrl\":\"https:\/\/mlf68w3pteyk.i.optimole.com\/8pryfZQ-jq2wqSbz\/w:auto\/h:auto\/q:85\/process:4315\/id:fa85bbd3e9dba2f554cce12f4bebe449\/https:\/\/groupflorence.com\/Uluslararsi_1-2.jpg\",\"datePublished\":\"2020-10-15T18:41:38+00:00\",\"dateModified\":\"2022-12-05T06:33:22+00:00\",\"breadcrumb\":{\"@id\":\"https:\/\/groupflorence.com\/sv\/why-choose-us\/center-of-international-patients\/#breadcrumb\"},\"inLanguage\":\"en-US\",\"potentialAction\":[{\"@type\":\"ReadAction\",\"target\":[\"https:\/\/groupflorence.com\/sv\/why-choose-us\/center-of-international-patients\/\"]}]},{\"@type\":\"ImageObject\",\"inLanguage\":\"en-US\",\"@id\":\"https:\/\/groupflorence.com\/sv\/why-choose-us\/center-of-international-patients\/#primaryimage\",\"url\":\"https:\/\/mlf68w3pteyk.i.optimole.com\/8pryfZQ-jq2wqSbz\/w:auto\/h:auto\/q:85\/process:4315\/id:fa85bbd3e9dba2f554cce12f4bebe449\/https:\/\/groupflorence.com\/Uluslararsi_1-2.jpg\",\"contentUrl\":\"https:\/\/mlf68w3pteyk.i.optimole.com\/8pryfZQ-jq2wqSbz\/w:auto\/h:auto\/q:85\/process:4315\/id:fa85bbd3e9dba2f554cce12f4bebe449\/https:\/\/groupflorence.com\/Uluslararsi_1-2.jpg\"},{\"@type\":\"BreadcrumbList\",\"@id\":\"https:\/\/groupflorence.com\/sv\/why-choose-us\/center-of-international-patients\/#breadcrumb\",\"itemListElement\":[{\"@type\":\"ListItem\",\"position\":1,\"name\":\"Home\",\"item\":\"https:\/\/groupflorence.com\/sv\/\"},{\"@type\":\"ListItem\",\"position\":2,\"name\":\"Why Choose Us\",\"item\":\"https:\/\/groupflorence.com\/sv\/why-choose-us\/\"},{\"@type\":\"ListItem\",\"position\":3,\"name\":\"Center of International Patients\"}]},{\"@type\":\"WebSite\",\"@id\":\"https:\/\/groupflorence.com\/sv\/#website\",\"url\":\"https:\/\/groupflorence.com\/sv\/\",\"name\":\"Group Florence Nightingale Hospitals\",\"description\":\"\",\"publisher\":{\"@id\":\"https:\/\/groupflorence.com\/sv\/#organization\"},\"potentialAction\":[{\"@type\":\"SearchAction\",\"target\":{\"@type\":\"EntryPoint\",\"urlTemplate\":\"https:\/\/groupflorence.com\/sv\/?s={search_term_string}\"},\"query-input\":\"required name=search_term_string\"}],\"inLanguage\":\"en-US\"},{\"@type\":\"Organization\",\"@id\":\"https:\/\/groupflorence.com\/sv\/#organization\",\"name\":\"Group Florence Nightingale Hospitals\",\"url\":\"https:\/\/groupflorence.com\/sv\/\",\"logo\":{\"@type\":\"ImageObject\",\"inLanguage\":\"en-US\",\"@id\":\"https:\/\/groupflorence.com\/sv\/#\/schema\/logo\/image\/\",\"url\":\"https:\/\/groupflorence.com\/en\/wp-content\/uploads\/2021\/01\/gf-logotype-transparent-miniversion.png\",\"contentUrl\":\"https:\/\/groupflorence.com\/en\/wp-content\/uploads\/2021\/01\/gf-logotype-transparent-miniversion.png\",\"width\":245,\"height\":55,\"caption\":\"Group Florence Nightingale Hospitals\"},\"image\":{\"@id\":\"https:\/\/groupflorence.com\/sv\/#\/schema\/logo\/image\/\"},\"sameAs\":[\"https:\/\/www.facebook.com\/groupflorence\",\"https:\/\/www.instagram.com\/group_florence\/\",\"https:\/\/www.youtube.com\/channel\/UC_nlE9Up7N9T68unmJYEnfg\"]}]}<\/script>\n<!-- \/ Yoast SEO plugin. -->","yoast_head_json":{"title":"Center of International Patients - Group Florence Nightingale Hospitals","robots":{"index":"index","follow":"follow","max-snippet":"max-snippet:-1","max-image-preview":"max-image-preview:large","max-video-preview":"max-video-preview:-1"},"canonical":"https:\/\/groupflorence.com\/sv\/why-choose-us\/center-of-international-patients\/","og_locale":"en_US","og_type":"article","og_title":"Center of International Patients - Group Florence Nightingale Hospitals","og_url":"https:\/\/groupflorence.com\/sv\/why-choose-us\/center-of-international-patients\/","og_site_name":"Group Florence Nightingale Hospitals","article_publisher":"https:\/\/www.facebook.com\/groupflorence","article_modified_time":"2022-12-05T06:33:22+00:00","og_image":[{"url":"https:\/\/mlf68w3pteyk.i.optimole.com\/8pryfZQ-jq2wqSbz\/w:auto\/h:auto\/q:85\/process:4315\/id:fa85bbd3e9dba2f554cce12f4bebe449\/https:\/\/groupflorence.com\/Uluslararsi_1-2.jpg"}],"twitter_card":"summary_large_image","twitter_misc":{"Est. reading time":"3 minutes"},"schema":{"@context":"https:\/\/schema.org","@graph":[{"@type":"WebPage","@id":"https:\/\/groupflorence.com\/sv\/why-choose-us\/center-of-international-patients\/","url":"https:\/\/groupflorence.com\/sv\/why-choose-us\/center-of-international-patients\/","name":"Center of International Patients - Group Florence Nightingale Hospitals","isPartOf":{"@id":"https:\/\/groupflorence.com\/sv\/#website"},"primaryImageOfPage":{"@id":"https:\/\/groupflorence.com\/sv\/why-choose-us\/center-of-international-patients\/#primaryimage"},"image":{"@id":"https:\/\/groupflorence.com\/sv\/why-choose-us\/center-of-international-patients\/#primaryimage"},"thumbnailUrl":"https:\/\/mlf68w3pteyk.i.optimole.com\/8pryfZQ-jq2wqSbz\/w:auto\/h:auto\/q:85\/process:4315\/id:fa85bbd3e9dba2f554cce12f4bebe449\/https:\/\/groupflorence.com\/Uluslararsi_1-2.jpg","datePublished":"2020-10-15T18:41:38+00:00","dateModified":"2022-12-05T06:33:22+00:00","breadcrumb":{"@id":"https:\/\/groupflorence.com\/sv\/why-choose-us\/center-of-international-patients\/#breadcrumb"},"inLanguage":"en-US","potentialAction":[{"@type":"ReadAction","target":["https:\/\/groupflorence.com\/sv\/why-choose-us\/center-of-international-patients\/"]}]},{"@type":"ImageObject","inLanguage":"en-US","@id":"https:\/\/groupflorence.com\/sv\/why-choose-us\/center-of-international-patients\/#primaryimage","url":"https:\/\/mlf68w3pteyk.i.optimole.com\/8pryfZQ-jq2wqSbz\/w:auto\/h:auto\/q:85\/process:4315\/id:fa85bbd3e9dba2f554cce12f4bebe449\/https:\/\/groupflorence.com\/Uluslararsi_1-2.jpg","contentUrl":"https:\/\/mlf68w3pteyk.i.optimole.com\/8pryfZQ-jq2wqSbz\/w:auto\/h:auto\/q:85\/process:4315\/id:fa85bbd3e9dba2f554cce12f4bebe449\/https:\/\/groupflorence.com\/Uluslararsi_1-2.jpg"},{"@type":"BreadcrumbList","@id":"https:\/\/groupflorence.com\/sv\/why-choose-us\/center-of-international-patients\/#breadcrumb","itemListElement":[{"@type":"ListItem","position":1,"name":"Home","item":"https:\/\/groupflorence.com\/sv\/"},{"@type":"ListItem","position":2,"name":"Why Choose Us","item":"https:\/\/groupflorence.com\/sv\/why-choose-us\/"},{"@type":"ListItem","position":3,"name":"Center of International Patients"}]},{"@type":"WebSite","@id":"https:\/\/groupflorence.com\/sv\/#website","url":"https:\/\/groupflorence.com\/sv\/","name":"Group Florence Nightingale Hospitals","description":"","publisher":{"@id":"https:\/\/groupflorence.com\/sv\/#organization"},"potentialAction":[{"@type":"SearchAction","target":{"@type":"EntryPoint","urlTemplate":"https:\/\/groupflorence.com\/sv\/?s={search_term_string}"},"query-input":"required name=search_term_string"}],"inLanguage":"en-US"},{"@type":"Organization","@id":"https:\/\/groupflorence.com\/sv\/#organization","name":"Group Florence Nightingale Hospitals","url":"https:\/\/groupflorence.com\/sv\/","logo":{"@type":"ImageObject","inLanguage":"en-US","@id":"https:\/\/groupflorence.com\/sv\/#\/schema\/logo\/image\/","url":"https:\/\/groupflorence.com\/en\/wp-content\/uploads\/2021\/01\/gf-logotype-transparent-miniversion.png","contentUrl":"https:\/\/groupflorence.com\/en\/wp-content\/uploads\/2021\/01\/gf-logotype-transparent-miniversion.png","width":245,"height":55,"caption":"Group Florence Nightingale Hospitals"},"image":{"@id":"https:\/\/groupflorence.com\/sv\/#\/schema\/logo\/image\/"},"sameAs":["https:\/\/www.facebook.com\/groupflorence","https:\/\/www.instagram.com\/group_florence\/","https:\/\/www.youtube.com\/channel\/UC_nlE9Up7N9T68unmJYEnfg"]}]}},"_links":{"self":[{"href":"https:\/\/groupflorence.com\/sv\/wp-json\/wp\/v2\/pages\/4221","targetHints":{"allow":["GET"]}}],"collection":[{"href":"https:\/\/groupflorence.com\/sv\/wp-json\/wp\/v2\/pages"}],"about":[{"href":"https:\/\/groupflorence.com\/sv\/wp-json\/wp\/v2\/types\/page"}],"author":[{"embeddable":true,"href":"https:\/\/groupflorence.com\/sv\/wp-json\/wp\/v2\/users\/1"}],"replies":[{"embeddable":true,"href":"https:\/\/groupflorence.com\/sv\/wp-json\/wp\/v2\/comments?post=4221"}],"version-history":[{"count":11,"href":"https:\/\/groupflorence.com\/sv\/wp-json\/wp\/v2\/pages\/4221\/revisions"}],"predecessor-version":[{"id":6719,"href":"https:\/\/groupflorence.com\/sv\/wp-json\/wp\/v2\/pages\/4221\/revisions\/6719"}],"up":[{"embeddable":true,"href":"https:\/\/groupflorence.com\/sv\/wp-json\/wp\/v2\/pages\/2548"}],"wp:attachment":[{"href":"https:\/\/groupflorence.com\/sv\/wp-json\/wp\/v2\/media?parent=4221"}],"curies":[{"name":"wp","href":"https:\/\/api.w.org\/{rel}","templated":true}]}}