{"id":3861,"date":"2020-10-02T01:57:45","date_gmt":"2020-10-01T22:57:45","guid":{"rendered":"https:\/\/groupflorence.com\/en\/?page_id=3861"},"modified":"2022-12-13T13:16:05","modified_gmt":"2022-12-13T10:16:05","slug":"pet-ct","status":"publish","type":"page","link":"https:\/\/groupflorence.com\/sv\/centers-treatments\/pet-ct\/","title":{"rendered":"PET-CT"},"content":{"rendered":"<section id=\"bt_section69ebd2c425e27\"  class=\"boldSection gutter\" ><div class=\"port\"><div class=\"boldCell\"><div class=\"boldCellInner\"><div class=\"boldRow  \" ><div class=\"boldRowInner\"><div class=\"rowItem col-md-4 col-ms-12 btTextLeft\"  ><div class=\"rowItemContent\" ><div class=\"btClear btSeparator topSpaced noBorder\" ><hr><\/div><div class=\"btCustomMenu treatment-sidebar\" ><div class=\"menu-pet-ct-container\"><ul id=\"menu-pet-ct\" class=\"menu\"><li id=\"menu-item-3867\" class=\"menu-item menu-item-type-post_type menu-item-object-page menu-item-has-children menu-item-3867\"><a href=\"https:\/\/groupflorence.com\/sv\/centers-treatments\/\">Centrum och avdelningar<\/a><ul class=\"sub-menu\"><li id=\"menu-item-3868\" class=\"menu-item menu-item-type-post_type menu-item-object-page menu-item-3868\"><a href=\"https:\/\/groupflorence.com\/sv\/centers-treatments\/pet-ct\/\">PET-CT<\/a><\/li><\/ul><\/li>\n<\/ul><\/div><\/div><div class=\"btClear btSeparator topSemiSpaced noBorder\" ><hr><\/div><div class=\"boldRow boldInnerRow  bt_bb_hidden_xs bt_bb_hidden_ms bt_bb_hidden_sm\" ><div class=\"rowItem rowInnerItem col-md-12  btTextCenter btMiddleVertical\"  ><div class=\"rowItemContent\"><div class=\"bpgPhoto btTextCenter\" > \r\n\t\t\t\t\t<a href=\"https:\/\/groupflorence.com\/sv\/patient-guide\/covid-19-precautions\/\" target=\"_self\" title=\"\"><\/a>\r\n\t\t\t\t\t<div class=\"boldPhotoBox\"><div class=\"bpbItem\"><div class = \"btImage\"><img decoding=\"async\" src=\"https:\/\/groupflorence.com\/sv\/wp-content\/uploads\/2020\/12\/covid-safe-sidebar-320x186.jpg\" alt=\"\" title=\"\" ><\/div><\/div><\/div>\r\n\t\t\t\t\t<div class=\"captionPane\">\r\n\t\t\t\t\t\t<div class=\"captionTable\">\r\n\t\t\t\t\t\t\t<div class=\"captionCell\">\r\n\t\t\t\t\t\t\t\t<div class=\"captionTxt\"><\/div>\r\n\t\t\t\t\t\t\t<\/div>\r\n\t\t\t\t\t\t<\/div>\r\n\t\t\t\t\t<\/div><\/div><div class=\"btClear btSeparator topSmallSpaced bottomSmallSpaced border\" ><hr><\/div><a href=\"https:\/\/groupflorence.com\/sv\/contact-us\/\" class=\"btBtn btBtn btnFilledStyle btnAccentColor btnBig btnNormalWidth btnLeftPosition btnNoIcon\" ><span class=\"btnInnerText\">St\u00e4lla en fr\u00e5ga<\/span><\/a><\/div><\/div><\/div><\/div><\/div><div class=\"rowItem col-md-8 col-ms-12 btTextLeft\"  ><div class=\"rowItemContent\" ><div class=\"btClear btSeparator topSemiSpaced noBorder\" ><hr><\/div><header class=\"header btClear medium btDash bottomDash  btNormalDash\" ><div class=\"dash\"><h3><span class=\"headline\"><b class=\"animate\">PET-CT<\/b><\/span><\/h3><\/div><\/header><div class=\"btClear btSeparator topExtraSmallSpaced noBorder\" ><hr><\/div><div class=\"btText\" ><p>PET-CT \u00e4r en molekyl\u00e4r avbildningsmetod d\u00e4r metaboliska f\u00f6r\u00e4ndringar orsakade av sjukdomar i kroppen visas med hj\u00e4lp av radioaktiva f\u00f6reningar (radiofarmaka). Tidig diagnos av cancer, hj\u00e4rtsjukdomar och vissa neurologiska sjukdomar, identifiering och planering av l\u00e4mplig behandling ger betydande bidrag till utv\u00e4rderingen av behandlingssvaret. Funktionella och strukturella f\u00f6r\u00e4ndringar i PET-CT-avbildning kan utv\u00e4rderas tillsammans.<\/p>\n<h3>Hur fungerar PET-CT?<\/h3>\n<p>PET-CT \u00e4r en kombination av Positron Emission Tomography (PET)-skanning och Computed Tomography-skanning, erh\u00e5llen med en utrustning i taget. PET-skanningen ger viktig information om kroppens metaboliska aktivitet och fysiologi, medan CT-bilder g\u00f6r det m\u00f6jligt att identifiera anatomiska f\u00f6r\u00e4ndringar i kroppen. Cancerceller har h\u00f6gre metaboliska hastigheter \u00e4n normala celler, som uppst\u00e5r som t\u00e4tare omr\u00e5den vid PET-screening. M\u00e5nga neurologiska sjukdomar och hj\u00e4rtsjukdomar, s\u00e4rskilt cancer, f\u00f6r\u00e4ndrar kroppens biologiska processer. PET kan ofta uppt\u00e4cka dessa f\u00f6r\u00e4ndringar i tidiga skeden innan n\u00e5gra besv\u00e4r (symtom) uppst\u00e5r.<\/p>\n<p>Innan screening p\u00e5b\u00f6rjas injiceras en radiofarmaceutisk patient.<br \/>\nRadioaktivt \u00e4mne varierar vanligtvis beroende p\u00e5 typ av cancer, men de vanligaste radiol\u00e4kemedlen vid bildbehandling av cancer \u00e4r fluor 18-Fluorodeoxyscose (18F-FDG) och Gallium-68 m\u00e4rkta peptidf\u00f6reningar (Ga-68 DOTA-TATE eller Ga-68 PSMA) .<br \/>\nPET-skannrar uppt\u00e4cker och registrerar signaler som s\u00e4nds ut av radioaktivt material. Dessa signaler omvandlas sedan till riktiga bilder via en dator. Screening tar cirka 20 minuter f\u00f6r de flesta patienter.<\/p>\n<h3>PET-CT i onkologi<\/h3>\n<p>PET-CT \u00e4r effektivt f\u00f6r att avg\u00f6ra om affinitetstypen av cancer \u00e4r n\u00e4rvarande f\u00f6r radioaktiva f\u00f6reningar som anv\u00e4nds vid bildbehandling, dess spridning i hela kroppen och vid planering av behandling och utv\u00e4rdering av respons. Att avbilda hela kroppen med en enda bild \u00e4r en viktig f\u00f6rdel.<\/p>\n<p>S\u00e4rskilt effektiva \u00e4r lung-, huvud- och halscancer, br\u00f6stcancer, kolorektal cancer, matstrupe, magcancer, neuroendokrina cancerformer, lymfom, melanom, gynekologiska cancerformer, sarkom, urinbl\u00e5sa och prostatacancer. Det anv\u00e4nds ocks\u00e5 vid m\u00e5nga andra typer av cancer i olika grupper och perioder av sjukdomen. Det viktigaste bidraget till behandlingen av cancer \u00e4r att v\u00e4gleda valet av den mest l\u00e4mpliga behandlingen f\u00f6r patienten och f\u00f6rebygga on\u00f6diga behandlingar.<\/p>\n<p><strong>1. Tidig diagnos<\/strong><\/p>\n<p>PET-CT ger en bed\u00f6mning av den metaboliska aktiviteten av vissa cancerv\u00e4vnader i m\u00e4nniskokroppen och karakteriseringen av tum\u00f6rer som godartade eller maligna. Samtidigt som det f\u00f6rhindrar on\u00f6diga biopsiprocesser i v\u00e4vnader som definieras som godartad avbildning, bidrar den till diagnosen genom att styra biopsien i tum\u00f6rer som med stor sannolikhet \u00e4r maligna.<\/p>\n<p><strong>2 Iscens\u00e4ttning av cancer<\/strong><\/p>\n<p>Det \u00e4r extremt effektivt f\u00f6r att best\u00e4mma spridningen av sjukdomen i hela kroppen vid m\u00e5nga typer av cancer. Bekr\u00e4ftelse p\u00e5 n\u00e4rvaro eller fr\u00e5nvaro av metastaserande sjukdom g\u00f6r det ocks\u00e5 m\u00f6jligt att v\u00e4lja den optimala behandlingen f\u00f6r patienten.<\/p>\n<p><strong>3.Detektering av \u00e5terfall<\/strong><\/p>\n<p>Vid tidig uppt\u00e4ckt av \u00e5terfall hos patienter som genomg\u00e5tt cancerbehandling, s\u00e4rskilt efter str\u00e5lbehandling och kirurgiska behandlingar, \u00e4r det mest en effektiv bildbehandlingsteknik. Det spelar en viktig roll f\u00f6r att uppt\u00e4cka \u00e5terfall och fastst\u00e4lla l\u00e4mplig behandling hos patienter vars \u00f6vervakning har uppt\u00e4ckts, men k\u00e4llan till \u00e5terfall uppt\u00e4cks inte med konventionella avbildningstekniker.<\/p>\n<p><strong>4.Planering av str\u00e5lbehandling<\/strong><\/p>\n<p>Levande tum\u00f6rcellsomr\u00e5den som kommer att bestr\u00e5las i str\u00e5lbehandling eller str\u00e5lbehandling kan best\u00e4mmas mest exakt med PET-CT-avbildning och on\u00f6digt \u00f6kad effektivitet av behandlingsstr\u00e5lning som kan ges till friska v\u00e4vnader f\u00f6rhindras, vilket resulterar i en minskning av biverkningar.<\/p>\n<p><strong>5.Utv\u00e4rdering av behandlingens effektivitet<\/strong><\/p>\n<p>PET-CT \u00e4r en avbildningsmetod som g\u00f6r att behandlingseffektiviteten efter cancerbehandling kan utv\u00e4rderas innan avbildningsmetoder som CT eller MRT. Dess dominans inom detta omr\u00e5de beror p\u00e5 uppt\u00e4ckten av metabola f\u00f6r\u00e4ndringar orsakade av cancercelld\u00f6d f\u00f6re uppkomsten av strukturell krympning i cancerv\u00e4vnad. Behandlingsrelaterade f\u00f6r\u00e4ndringar i cancerv\u00e4vnad kan differentieras genom att j\u00e4mf\u00f6ra bilderna tagna f\u00f6re, behandling och efter behandling.<\/p>\n<h3>PET-CT i neurologi<\/h3>\n<p>PET-CT-teknikens f\u00f6rm\u00e5ga att identifiera metabola f\u00f6r\u00e4ndringar spelar en viktig roll vid lokalisering av epileptiska foci i hj\u00e4rnan, vid diagnos av Alzheimers sjukdom och andra typer av demens.<\/p>\n<h3>PET-CT vid hj\u00e4rt-k\u00e4rlsjukdomar<\/h3>\n<p>Att uppt\u00e4cka omr\u00e5den med minskat blodfl\u00f6de orsakat av kransk\u00e4rlsblockeringar genom att visa b\u00e5de perfusion och metabolisk aktivitet i myokardv\u00e4vnad och skador p\u00e5 hj\u00e4rtmuskeln kan anv\u00e4ndas f\u00f6r att fastst\u00e4lla. Denna information \u00e4r viktig f\u00f6r patienter som tidigare har drabbats av hj\u00e4rtinfarkt och som \u00e4r schemalagda f\u00f6r behandling.<\/p>\n<h3>PET-CT vid br\u00f6stsjukdomar<\/h3>\n<p>Positron Emission Tomography (PET) och Computed Tomography (CT) uppn\u00e5ddes f\u00f6r f\u00f6rsta g\u00e5ngen i den detaljerade avbildningen av m\u00e4nniskokroppen genom att anv\u00e4nda de tv\u00e5 mest \u00f6verl\u00e4gsna bildbehandlingssystemen samtidigt. Miraklet med h\u00f6gteknologisk PET-CT \u00e4r vad vi vet anv\u00e4nds som drog.<\/p>\n<p>Socker \u00e4r sammankopplat med radioisotoper, som i mycket liten m\u00e4ngd signalerar externt, och ges till patientens ven.<\/p>\n<p>Radioisotopsocker har f\u00f6rm\u00e5gan att tr\u00e4nga in i cancerceller, trots att br\u00f6stet \u00e4r v\u00e4ldigt litet. Eftersom cancerceller anv\u00e4nder mycket socker. Detta g\u00f6r att cancer kan f\u00e5ngas n\u00e4r den \u00e4r mycket mindre och l\u00e4ttare att behandla.<\/p>\n<p>CT:s uppgift i detta system \u00e4r att visa var, som en karta, mycket sm\u00e5 cancerceller finns i kroppen.<br \/>\nPET-CT \u00e4r den b\u00e4sta av b\u00e5da metoderna. N\u00e4r tv\u00e5 avbildningsvarianter kombineras avsl\u00f6jas de finaste detaljerna i kroppen.<\/p>\n<h3>PET-CT m\u00f6tesprocessen<\/h3>\n<p>De radiofarmaka som anv\u00e4nds f\u00f6r PET-CT-skanningar \u00e4r speciellt f\u00f6rberedda f\u00f6r varje patient och de f\u00f6rsvinner snabbt med tiden eftersom de blir kortlivade substanser. D\u00e4rf\u00f6r \u00e4r det viktigt att du kommer till din skanning i tid.<\/p>\n<p>Undvik anstr\u00e4ngande tr\u00e4ning eller fysisk aktivitet dagen innan din screening.<\/p>\n<p>Drick minst 8-10 glas vatten, om det inte finns en v\u00e4tskebegr\u00e4nsning av din l\u00e4kare.<\/p>\n<p>Om du anv\u00e4nder insulin och orala antidiabetiska l\u00e4kemedel p\u00e5 grund av diabetes, informera din l\u00e4kare n\u00e4r du bokar din tid.<\/p>\n<p>Du m\u00e5ste vara hungrig i minst 6 timmar innan du skjuter 18F-FDG PET-CT. Det \u00e4r okej att dricka vatten under den h\u00e4r tiden. Din sv\u00e4lttid kommer att anpassas efter din m\u00f6testid.<\/p>\n<p>N\u00e4r du kommer f\u00f6r att titta kan exponering f\u00f6r kyla p\u00e5verka din bildkvalitet.<\/p>\n<p>PET-CT anv\u00e4nds inte p\u00e5 gravida kvinnor. Om du ammar, \u00e4r gravid eller om du tror att du kan vara gravid, ring PET-BT-avdelningen innan din tid. Kom ih\u00e5g att ta tillbaka rapporter och CD-skivor av dina tidigare gjorda bilder (CT, MRI, PET-CT) och dina patologiresultat n\u00e4r du kommer till ditt m\u00f6te.<\/p>\n<h3>PET-CT avbildningsprocess<\/h3>\n<p>V\u00e5r nukle\u00e4rmedicinska sjuksk\u00f6terska tar dig till injektionsrummet och ber dig l\u00e4sa och underteckna det upplysta samtyckesformul\u00e4ret s\u00e5 att du kan komma in i inspelningen. Du kommer sedan att bli ombedd att svara p\u00e5 n\u00e5gra fr\u00e5gor f\u00f6r att l\u00e4ra dig din sjukdomshistoria.<br \/>\nBlodsockerniv\u00e5n m\u00e4ts f\u00f6re din injektion av radioaktivt \u00e4mne.<\/p>\n<p>Det \u00e4r n\u00f6dv\u00e4ndigt att blodsockerniv\u00e5n \u00e4r mellan 70 mg\/dL och 200 mg\/dL. Om din blodsockerniv\u00e5 ligger utanf\u00f6r de rekommenderade niv\u00e5erna, eller om du inte f\u00f6ljt s\u00e4rskilda instruktioner innan ditt test (specialkost, mediciner, fastetid etc.), kan din tid beh\u00f6va bokas om.<\/p>\n<p>Efter injektionen \u00e4r det n\u00f6dv\u00e4ndigt att v\u00e4nta cirka 60 minuter i vilorummet som \u00e4r tilldelat dig, s\u00e5 att det radioaktiva \u00e4mnet sprids i din kropp.<\/p>\n<h3>PET-CT efterbild<\/h3>\n<p>Radiofarmaka som anv\u00e4nds i PET-CT \u00e4r kortlivade. D\u00e4rf\u00f6r utg\u00f6r det ingen allvarlig risk f\u00f6r str\u00e5ls\u00e4kerheten f\u00f6r din familj och din omgivning. Men undvik on\u00f6dig l\u00e5ngvarig kontakt med sm\u00e5 barn och gravida, s\u00e4rskilt de som riskerar att uts\u00e4ttas f\u00f6r str\u00e5lning i cirka 12 timmar.<\/p>\n<p>Eftersom det radioaktiva \u00e4mnet uts\u00f6ndras genom urinv\u00e4garna, spola toaletten flera g\u00e5nger efter toalettbes\u00f6k p\u00e5 dagen f\u00f6r bildtagningen och tv\u00e4tta h\u00e4nderna noggrant.<\/p>\n<p>Efter att ha tittat, drick mycket v\u00e4tska och kissa ofta. Denna app hj\u00e4lper dig att ta bort den kvarvarande radioaktiviteten i din kropp fr\u00e5n din kropp.<\/p>\n<\/div><div class=\"btClear btSeparator bottomSmallSpaced noBorder\" ><hr><\/div><div class=\"btText\" >\n<div class=\"wpcf7 no-js\" id=\"wpcf7-f2891-o1\" lang=\"tr-TR\" dir=\"ltr\">\n<div class=\"screen-reader-response\"><p role=\"status\" aria-live=\"polite\" aria-atomic=\"true\"><\/p> <ul><\/ul><\/div>\n<form action=\"\/sv\/wp-json\/wp\/v2\/pages\/3861#wpcf7-f2891-o1\" method=\"post\" class=\"wpcf7-form init wpcf7-acceptance-as-validation\" aria-label=\"Contact form\" novalidate=\"novalidate\" data-status=\"init\">\n<div style=\"display: none;\">\n<input type=\"hidden\" name=\"_wpcf7\" value=\"2891\" \/>\n<input type=\"hidden\" name=\"_wpcf7_version\" value=\"5.9.2\" \/>\n<input type=\"hidden\" name=\"_wpcf7_locale\" value=\"tr_TR\" \/>\n<input type=\"hidden\" name=\"_wpcf7_unit_tag\" value=\"wpcf7-f2891-o1\" \/>\n<input type=\"hidden\" name=\"_wpcf7_container_post\" value=\"0\" \/>\n<input type=\"hidden\" name=\"_wpcf7_posted_data_hash\" value=\"\" \/>\n<\/div>\n<p style=\"margin-bottom:30px !important;\">N\u00e4r du fyller i kontaktformul\u00e4ret nedan kan du ocks\u00e5 skicka din\/patientens medicinska handlingar till oss via <strong>wetransfer<\/strong>. Den medicinska second opinion kommer att presenteras f\u00f6r dig inom 48 timmar.\n<\/p>\n<div class=\"boldRow boldInnerRow  \">\n\t<div class=\"rowItem rowInnerItem col-md-6  btTextLeft\">\n\t\t<div class=\"rowItemContent\">\n\t\t\t<p><label><span class=\"bt_bb_required\">Your Name<\/span><br \/>\n<span class=\"wpcf7-form-control-wrap\" data-name=\"your-name\"><input size=\"40\" class=\"wpcf7-form-control wpcf7-text wpcf7-validates-as-required\" aria-required=\"true\" aria-invalid=\"false\" value=\"\" type=\"text\" name=\"your-name\" \/><\/span> <\/label>\n\t\t\t<\/p>\n\t\t\t<p><label><span class=\"bt_bb_required\">Your Email<\/span><br \/>\n<span class=\"wpcf7-form-control-wrap\" data-name=\"your-email\"><input size=\"40\" class=\"wpcf7-form-control wpcf7-email wpcf7-validates-as-required wpcf7-text wpcf7-validates-as-email\" aria-required=\"true\" aria-invalid=\"false\" value=\"\" type=\"email\" name=\"your-email\" \/><\/span> <\/label>\n\t\t\t<\/p>\n\t\t\t<p><label><span class=\"bt_bb_required\">Your Phone<\/span><br \/>\n<span class=\"wpcf7-form-control-wrap\" data-name=\"your-phone\"><input size=\"40\" class=\"wpcf7-form-control wpcf7-phonetext wpcf7-text wpcf7-validates-as-phonetext\" id=\"int_phone\" aria-invalid=\"false\" value=\"\" type=\"text\" name=\"your-phone\" \/><input type=\"hidden\" name=\"your-phone-country-code\" class=\"wpcf7-phonetext-country-code\" \/><\/span> <\/label>\n\t\t\t<\/p>\n\t\t\t<p><label><span class=\"bt_bb_required\">Your Message<\/span><br \/>\n<span class=\"wpcf7-form-control-wrap\" data-name=\"your-message\"><textarea cols=\"40\" rows=\"10\" class=\"wpcf7-form-control wpcf7-textarea wpcf7-validates-as-required\" aria-required=\"true\" aria-invalid=\"false\" name=\"your-message\"><\/textarea><\/span> <\/label>\n\t\t\t<\/p>\n\t\t\t<p><label><span class=\"bt_bb_required\" style=\"margin-top:25px !important;\"><span class=\"wpcf7-form-control-wrap\" data-name=\"accept-this-1\"><span class=\"wpcf7-form-control wpcf7-acceptance\"><span class=\"wpcf7-list-item\"><label><input type=\"checkbox\" name=\"accept-this-1\" value=\"1\" aria-invalid=\"false\" \/><span class=\"wpcf7-list-item-label\">I agree to <a target=\"_blank\" href=\"https:\/\/groupflorence.com\/en\/terms-of-use\/\">Terms &#038; Services<\/a>.<\/span><\/label><\/span><\/span><\/span><\/span><\/label>\n\t\t\t<\/p>\n\t\t\t<p><input class=\"wpcf7-form-control wpcf7-submit has-spinner contact_button_int\" type=\"submit\" value=\"SEND MESSAGE\" \/>\n\t\t\t<\/p>\n\t\t<\/div>\n\t<\/div>\n\t<div class=\"rowItem rowInnerItem col-md-6  btTextLeft\">\n\t\t<div class=\"rowItemContent\">\n\t\t\t<p align=\"center\" style=\"margin-top:30px;\"><br \/>\n<a href=\"http:\/\/florencenightingale.wetransfer.com\/\" target=\"_blank\" title=\"Click Here To Transfer Your Documents via WeTransfer\"><img decoding=\"async\"  align=\"center\" style=\"max-width:250px !important;\" class=\"lazy loaded\" src=\"https:\/\/groupflorence.com\/ru\/wp-content\/uploads\/2020\/08\/89130-wetransfer-default-logo-rgb-original-1365619064-e1599162229581.png\" data-src=\"https:\/\/groupflorence.com\/ru\/wp-content\/uploads\/2020\/08\/89130-wetransfer-default-logo-rgb-original-1365619064-e1599162229581.png\" alt=\"Click Here To Transfer Your Documents via WeTransfer\" title=\"Click Here To Transfer Your Documents via WeTransfer\" data-was-processed=\"true\" \/><\/a>\n\t\t\t<\/p>\n\t\t\t<h3 align=\"center\"><a href=\"http:\/\/florencenightingale.wetransfer.com\/\" target=\"_blank\" title=\"Click Here To Transfer Your Documents via WeTransfer\">Send via WeTransfer<\/a>\n\t\t\t<\/h3>\n\t\t\t<p align=\"center\">Du kan skicka dina \u00f6verdimensionerade medicinska dokument (MRT-inspelningar, labbresultat, bilder etc.) med v\u00e5rt WeTransfer-konto. Det \u00e4r enkelt, snabbt och s\u00e4kert.\n\t\t\t<\/p>\n\t\t<\/div>\n\t\t<center>\n\t\t\t<p><a href=\"http:\/\/florencenightingale.wetransfer.com\/\" class=\"btBtn btBtn btnFilledStyle btnAccentColor btnSmall btnNormalWidth btnRightPosition btnNoIcon\" target=\"_blank\"><span class=\"btnInnerText\">Send Now<\/span><\/a>\n\t\t\t<\/p>\n\t\t<\/center>\n\t<\/div>\n<\/div><div class=\"wpcf7-response-output\" aria-hidden=\"true\"><\/div>\n<\/form>\n<\/div>\n<\/div><div class=\"btClear btSeparator topSpaced noBorder\" ><hr><\/div><script data-b24-form=\"inline\/25\/hw6do4\" data-skip-moving=\"true\">\n(function(w,d,u){\nvar s=d.createElement('script');s.async=true;s.src=u+'?'+(Date.now()\/180000|0);\nvar h=d.getElementsByTagName('script')[0];h.parentNode.insertBefore(s,h);\n})(window,document,'https:\/\/gfnhcrm.com\/upload\/crm\/form\/loader_25_hw6do4.js');\n<\/script><div class=\"btClear btSeparator topSpaced noBorder\" ><hr><\/div><\/div><\/div><\/div><\/div><\/div><\/div><\/div><\/section>","protected":false},"excerpt":{"rendered":"","protected":false},"author":1,"featured_media":0,"parent":2306,"menu_order":0,"comment_status":"closed","ping_status":"closed","template":"","meta":{"footnotes":""},"class_list":["post-3861","page","type-page","status-publish","hentry"],"yoast_head":"<!-- This site is optimized with the Yoast SEO plugin v22.2 - https:\/\/yoast.com\/wordpress\/plugins\/seo\/ -->\n<title>PET-CT - Group Florence Nightingale Hospitals<\/title>\n<meta name=\"robots\" content=\"index, follow, max-snippet:-1, max-image-preview:large, max-video-preview:-1\" \/>\n<link rel=\"canonical\" href=\"https:\/\/groupflorence.com\/sv\/centers-treatments\/pet-ct\/\" \/>\n<meta property=\"og:locale\" content=\"en_US\" \/>\n<meta property=\"og:type\" content=\"article\" \/>\n<meta property=\"og:title\" content=\"PET-CT - Group Florence Nightingale Hospitals\" \/>\n<meta property=\"og:url\" content=\"https:\/\/groupflorence.com\/sv\/centers-treatments\/pet-ct\/\" \/>\n<meta property=\"og:site_name\" content=\"Group Florence Nightingale Hospitals\" \/>\n<meta property=\"article:publisher\" content=\"https:\/\/www.facebook.com\/groupflorence\" \/>\n<meta property=\"article:modified_time\" content=\"2022-12-13T10:16:05+00:00\" \/>\n<meta name=\"twitter:card\" content=\"summary_large_image\" \/>\n<meta name=\"twitter:label1\" content=\"Est. reading time\" \/>\n\t<meta name=\"twitter:data1\" content=\"9 minutes\" \/>\n<script type=\"application\/ld+json\" class=\"yoast-schema-graph\">{\"@context\":\"https:\/\/schema.org\",\"@graph\":[{\"@type\":\"WebPage\",\"@id\":\"https:\/\/groupflorence.com\/sv\/centers-treatments\/pet-ct\/\",\"url\":\"https:\/\/groupflorence.com\/sv\/centers-treatments\/pet-ct\/\",\"name\":\"PET-CT - Group Florence Nightingale Hospitals\",\"isPartOf\":{\"@id\":\"https:\/\/groupflorence.com\/sv\/#website\"},\"datePublished\":\"2020-10-01T22:57:45+00:00\",\"dateModified\":\"2022-12-13T10:16:05+00:00\",\"breadcrumb\":{\"@id\":\"https:\/\/groupflorence.com\/sv\/centers-treatments\/pet-ct\/#breadcrumb\"},\"inLanguage\":\"en-US\",\"potentialAction\":[{\"@type\":\"ReadAction\",\"target\":[\"https:\/\/groupflorence.com\/sv\/centers-treatments\/pet-ct\/\"]}]},{\"@type\":\"BreadcrumbList\",\"@id\":\"https:\/\/groupflorence.com\/sv\/centers-treatments\/pet-ct\/#breadcrumb\",\"itemListElement\":[{\"@type\":\"ListItem\",\"position\":1,\"name\":\"Home\",\"item\":\"https:\/\/groupflorence.com\/sv\/\"},{\"@type\":\"ListItem\",\"position\":2,\"name\":\"Centers &#038; Departments\",\"item\":\"https:\/\/groupflorence.com\/sv\/centers-treatments\/\"},{\"@type\":\"ListItem\",\"position\":3,\"name\":\"PET-CT\"}]},{\"@type\":\"WebSite\",\"@id\":\"https:\/\/groupflorence.com\/sv\/#website\",\"url\":\"https:\/\/groupflorence.com\/sv\/\",\"name\":\"Group Florence Nightingale Hospitals\",\"description\":\"\",\"publisher\":{\"@id\":\"https:\/\/groupflorence.com\/sv\/#organization\"},\"potentialAction\":[{\"@type\":\"SearchAction\",\"target\":{\"@type\":\"EntryPoint\",\"urlTemplate\":\"https:\/\/groupflorence.com\/sv\/?s={search_term_string}\"},\"query-input\":\"required name=search_term_string\"}],\"inLanguage\":\"en-US\"},{\"@type\":\"Organization\",\"@id\":\"https:\/\/groupflorence.com\/sv\/#organization\",\"name\":\"Group Florence Nightingale Hospitals\",\"url\":\"https:\/\/groupflorence.com\/sv\/\",\"logo\":{\"@type\":\"ImageObject\",\"inLanguage\":\"en-US\",\"@id\":\"https:\/\/groupflorence.com\/sv\/#\/schema\/logo\/image\/\",\"url\":\"https:\/\/groupflorence.com\/en\/wp-content\/uploads\/2021\/01\/gf-logotype-transparent-miniversion.png\",\"contentUrl\":\"https:\/\/groupflorence.com\/en\/wp-content\/uploads\/2021\/01\/gf-logotype-transparent-miniversion.png\",\"width\":245,\"height\":55,\"caption\":\"Group Florence Nightingale Hospitals\"},\"image\":{\"@id\":\"https:\/\/groupflorence.com\/sv\/#\/schema\/logo\/image\/\"},\"sameAs\":[\"https:\/\/www.facebook.com\/groupflorence\",\"https:\/\/www.instagram.com\/group_florence\/\",\"https:\/\/www.youtube.com\/channel\/UC_nlE9Up7N9T68unmJYEnfg\"]}]}<\/script>\n<!-- \/ Yoast SEO plugin. -->","yoast_head_json":{"title":"PET-CT - Group Florence Nightingale Hospitals","robots":{"index":"index","follow":"follow","max-snippet":"max-snippet:-1","max-image-preview":"max-image-preview:large","max-video-preview":"max-video-preview:-1"},"canonical":"https:\/\/groupflorence.com\/sv\/centers-treatments\/pet-ct\/","og_locale":"en_US","og_type":"article","og_title":"PET-CT - Group Florence Nightingale Hospitals","og_url":"https:\/\/groupflorence.com\/sv\/centers-treatments\/pet-ct\/","og_site_name":"Group Florence Nightingale Hospitals","article_publisher":"https:\/\/www.facebook.com\/groupflorence","article_modified_time":"2022-12-13T10:16:05+00:00","twitter_card":"summary_large_image","twitter_misc":{"Est. reading time":"9 minutes"},"schema":{"@context":"https:\/\/schema.org","@graph":[{"@type":"WebPage","@id":"https:\/\/groupflorence.com\/sv\/centers-treatments\/pet-ct\/","url":"https:\/\/groupflorence.com\/sv\/centers-treatments\/pet-ct\/","name":"PET-CT - Group Florence Nightingale Hospitals","isPartOf":{"@id":"https:\/\/groupflorence.com\/sv\/#website"},"datePublished":"2020-10-01T22:57:45+00:00","dateModified":"2022-12-13T10:16:05+00:00","breadcrumb":{"@id":"https:\/\/groupflorence.com\/sv\/centers-treatments\/pet-ct\/#breadcrumb"},"inLanguage":"en-US","potentialAction":[{"@type":"ReadAction","target":["https:\/\/groupflorence.com\/sv\/centers-treatments\/pet-ct\/"]}]},{"@type":"BreadcrumbList","@id":"https:\/\/groupflorence.com\/sv\/centers-treatments\/pet-ct\/#breadcrumb","itemListElement":[{"@type":"ListItem","position":1,"name":"Home","item":"https:\/\/groupflorence.com\/sv\/"},{"@type":"ListItem","position":2,"name":"Centers &#038; Departments","item":"https:\/\/groupflorence.com\/sv\/centers-treatments\/"},{"@type":"ListItem","position":3,"name":"PET-CT"}]},{"@type":"WebSite","@id":"https:\/\/groupflorence.com\/sv\/#website","url":"https:\/\/groupflorence.com\/sv\/","name":"Group Florence Nightingale Hospitals","description":"","publisher":{"@id":"https:\/\/groupflorence.com\/sv\/#organization"},"potentialAction":[{"@type":"SearchAction","target":{"@type":"EntryPoint","urlTemplate":"https:\/\/groupflorence.com\/sv\/?s={search_term_string}"},"query-input":"required name=search_term_string"}],"inLanguage":"en-US"},{"@type":"Organization","@id":"https:\/\/groupflorence.com\/sv\/#organization","name":"Group Florence Nightingale Hospitals","url":"https:\/\/groupflorence.com\/sv\/","logo":{"@type":"ImageObject","inLanguage":"en-US","@id":"https:\/\/groupflorence.com\/sv\/#\/schema\/logo\/image\/","url":"https:\/\/groupflorence.com\/en\/wp-content\/uploads\/2021\/01\/gf-logotype-transparent-miniversion.png","contentUrl":"https:\/\/groupflorence.com\/en\/wp-content\/uploads\/2021\/01\/gf-logotype-transparent-miniversion.png","width":245,"height":55,"caption":"Group Florence Nightingale Hospitals"},"image":{"@id":"https:\/\/groupflorence.com\/sv\/#\/schema\/logo\/image\/"},"sameAs":["https:\/\/www.facebook.com\/groupflorence","https:\/\/www.instagram.com\/group_florence\/","https:\/\/www.youtube.com\/channel\/UC_nlE9Up7N9T68unmJYEnfg"]}]}},"_links":{"self":[{"href":"https:\/\/groupflorence.com\/sv\/wp-json\/wp\/v2\/pages\/3861","targetHints":{"allow":["GET"]}}],"collection":[{"href":"https:\/\/groupflorence.com\/sv\/wp-json\/wp\/v2\/pages"}],"about":[{"href":"https:\/\/groupflorence.com\/sv\/wp-json\/wp\/v2\/types\/page"}],"author":[{"embeddable":true,"href":"https:\/\/groupflorence.com\/sv\/wp-json\/wp\/v2\/users\/1"}],"replies":[{"embeddable":true,"href":"https:\/\/groupflorence.com\/sv\/wp-json\/wp\/v2\/comments?post=3861"}],"version-history":[{"count":7,"href":"https:\/\/groupflorence.com\/sv\/wp-json\/wp\/v2\/pages\/3861\/revisions"}],"predecessor-version":[{"id":6836,"href":"https:\/\/groupflorence.com\/sv\/wp-json\/wp\/v2\/pages\/3861\/revisions\/6836"}],"up":[{"embeddable":true,"href":"https:\/\/groupflorence.com\/sv\/wp-json\/wp\/v2\/pages\/2306"}],"wp:attachment":[{"href":"https:\/\/groupflorence.com\/sv\/wp-json\/wp\/v2\/media?parent=3861"}],"curies":[{"name":"wp","href":"https:\/\/api.w.org\/{rel}","templated":true}]}}