{"id":3835,"date":"2020-10-02T01:32:55","date_gmt":"2020-10-01T22:32:55","guid":{"rendered":"https:\/\/groupflorence.com\/en\/?page_id=3835"},"modified":"2022-12-13T12:58:51","modified_gmt":"2022-12-13T09:58:51","slug":"about-physical-therapy-and-rehabilitation","status":"publish","type":"page","link":"https:\/\/groupflorence.com\/sv\/centers-treatments\/physical-therapy-and-rehabilitation\/about-physical-therapy-and-rehabilitation\/","title":{"rendered":"About Physical Therapy and Rehabilitation"},"content":{"rendered":"<section id=\"bt_section69ebeb1ca29f0\"  class=\"boldSection gutter\" ><div class=\"port\"><div class=\"boldCell\"><div class=\"boldCellInner\"><div class=\"boldRow  \" ><div class=\"boldRowInner\"><div class=\"rowItem col-md-4 col-ms-12 btTextLeft\"  ><div class=\"rowItemContent\" ><div class=\"btClear btSeparator topSpaced noBorder\" ><hr><\/div><div class=\"btCustomMenu treatment-sidebar\" ><div class=\"menu-physical-therapy-container\"><ul id=\"menu-physical-therapy\" class=\"menu\"><li id=\"menu-item-3827\" class=\"menu-item menu-item-type-post_type menu-item-object-page menu-item-has-children menu-item-3827\"><a href=\"https:\/\/groupflorence.com\/sv\/centers-treatments\/\">Centrum och avdelningar<\/a><ul class=\"sub-menu\"><li id=\"menu-item-3828\" class=\"menu-item menu-item-type-post_type menu-item-object-page menu-item-has-children menu-item-3828\"><a href=\"https:\/\/groupflorence.com\/sv\/centers-treatments\/physical-therapy-and-rehabilitation\/\">Centrum och avdelningar<\/a><ul class=\"sub-menu\"><li id=\"menu-item-3842\" class=\"menu-item menu-item-type-post_type menu-item-object-page menu-item-3842\"><a href=\"https:\/\/groupflorence.com\/sv\/centers-treatments\/physical-therapy-and-rehabilitation\/about-physical-therapy-and-rehabilitation\/\">Om sjukgymnastik och rehabilitering<\/a><\/li><li id=\"menu-item-3852\" class=\"menu-item menu-item-type-post_type menu-item-object-page menu-item-3852\"><a href=\"https:\/\/groupflorence.com\/sv\/centers-treatments\/physical-therapy-and-rehabilitation\/electrotherapy\/\">Elektroterapi<\/a><\/li><li id=\"menu-item-3851\" class=\"menu-item menu-item-type-post_type menu-item-object-page menu-item-3851\"><a href=\"https:\/\/groupflorence.com\/sv\/centers-treatments\/physical-therapy-and-rehabilitation\/hydrotherapy\/\">Hydroterapi<\/a><\/li><li id=\"menu-item-3855\" class=\"menu-item menu-item-type-post_type menu-item-object-page menu-item-3855\"><a href=\"https:\/\/groupflorence.com\/sv\/centers-treatments\/physical-therapy-and-rehabilitation\/kinesio-taping\/\">Kinesio tejpning<\/a><\/li><\/ul><\/li><\/ul><\/li>\n<\/ul><\/div><\/div><div class=\"btClear btSeparator topSemiSpaced noBorder\" ><hr><\/div><div class=\"boldRow boldInnerRow  bt_bb_hidden_xs bt_bb_hidden_ms bt_bb_hidden_sm\" ><div class=\"rowItem rowInnerItem col-md-12  btTextCenter btMiddleVertical\"  ><div class=\"rowItemContent\"><div class=\"bpgPhoto btTextCenter\" > \r\n\t\t\t\t\t<a href=\"https:\/\/groupflorence.com\/sv\/patient-guide\/covid-19-precautions\/\" target=\"_self\" title=\"\"><\/a>\r\n\t\t\t\t\t<div class=\"boldPhotoBox\"><div class=\"bpbItem\"><div class = \"btImage\"><img decoding=\"async\" src=\"https:\/\/groupflorence.com\/sv\/wp-content\/uploads\/2020\/12\/covid-safe-sidebar-320x186.jpg\" alt=\"\" title=\"\" ><\/div><\/div><\/div>\r\n\t\t\t\t\t<div class=\"captionPane\">\r\n\t\t\t\t\t\t<div class=\"captionTable\">\r\n\t\t\t\t\t\t\t<div class=\"captionCell\">\r\n\t\t\t\t\t\t\t\t<div class=\"captionTxt\"><\/div>\r\n\t\t\t\t\t\t\t<\/div>\r\n\t\t\t\t\t\t<\/div>\r\n\t\t\t\t\t<\/div><\/div><div class=\"btClear btSeparator topSmallSpaced bottomSmallSpaced border\" ><hr><\/div><a href=\"https:\/\/groupflorence.com\/sv\/contact-us\/\" class=\"btBtn btBtn btnFilledStyle btnAccentColor btnBig btnNormalWidth btnLeftPosition btnNoIcon\" ><span class=\"btnInnerText\">St\u00e4lla en fr\u00e5ga<\/span><\/a><\/div><\/div><\/div><\/div><\/div><div class=\"rowItem col-md-8 col-ms-12 btTextLeft\"  ><div class=\"rowItemContent\" ><div class=\"btClear btSeparator topSemiSpaced noBorder\" ><hr><\/div><header class=\"header btClear medium btDash bottomDash  btNormalDash\" ><div class=\"dash\"><h3><span class=\"headline\"><b class=\"animate\">Om sjukgymnastik och rehabilitering<\/b><\/span><\/h3><\/div><\/header><div class=\"btClear btSeparator topSemiSpaced noBorder\" ><hr><\/div><div class=\"btText\" ><p>Sjukgymnastik och rehabilitering \u00e4r ett medicinomr\u00e5de som inneh\u00e5ller alla behandlingar f\u00f6r att f\u00f6rb\u00e4ttra patientens livskvalitet genom att fokusera p\u00e5 strukturella problem, medf\u00f6dda s\u00e5v\u00e4l som f\u00f6rv\u00e4rvade, och behandling av sjukdomar i r\u00f6relseapparaten.<\/p>\n<p>Diagnostik och behandling av alla ryggradssjukdomar, rehabilitering efter alla idrottsskador och ortopedisk kirurgi, rehabilitering av neurologiska sjukdomar, diagnos och behandling av lymf\u00f6dem, diagnos och behandling av bensk\u00f6rhet och andra metabola bensjukdomar och reumatiska sjukdomar utf\u00f6rs i Sjukgymnastik- och rehabiliteringscentra p\u00e5 v\u00e5rt sjukhus.<\/p>\n<p>V\u00e5ra principer som vi aldrig kommer att \u00f6verge i sjukgymnastik- och rehabiliteringscenter \u00e4r f\u00f6ljande:<\/p>\n<\/div><div class=\"btClear btSeparator topSmallSpaced noBorder\" ><hr><\/div><header class=\"header btClear medium btDash bottomDash  btAccentDash\" ><div class=\"dash\"><h3><span class=\"headline\">Individuell behandling<\/span><\/h3><\/div><\/header><div class=\"btClear btSeparator topExtraSmallSpaced noBorder\" ><hr><\/div><div class=\"btText\" ><p>Behandlingen av alla sjukdomar utf\u00f6rs genom att metoderna planeras med internationellt vetenskapligt underlag p\u00e5 ett individuellt s\u00e4tt. Varje individ utv\u00e4rderas i sig och behandlas i ett sjukgymnastik- och rehabiliteringsprogram utformat f\u00f6r den personen.<\/p>\n<\/div><div class=\"btClear btSeparator topSmallSpaced noBorder\" ><hr><\/div><header class=\"header btClear medium btDash bottomDash  btAccentDash\" ><div class=\"dash\"><h3><span class=\"headline\">Holistiskt f\u00f6rh\u00e5llningss\u00e4tt<\/span><\/h3><\/div><\/header><div class=\"btClear btSeparator topExtraSmallSpaced noBorder\" ><hr><\/div><div class=\"btText\" ><p>I sjukgymnastik och rehabiliteringscenter utv\u00e4rderas patienterna inte bara med den sjuka regionen utan hela r\u00f6relseapparaten och andra kroppssystem, s\u00e5 de hanteras holistiskt.<\/p>\n<\/div><div class=\"btClear btSeparator topSmallSpaced noBorder\" ><hr><\/div><header class=\"header btClear medium btDash bottomDash  btAccentDash\" ><div class=\"dash\"><h3><span class=\"headline\">Funktionell behandling<\/span><\/h3><\/div><\/header><div class=\"btClear btSeparator topExtraSmallSpaced noBorder\" ><hr><\/div><div class=\"btText\" ><p>Grunden f\u00f6r att skapa behandlingsprogram p\u00e5 v\u00e5ra centra \u00e4r baserad p\u00e5 uppt\u00e4ckt av muskuloskeletala systemet som en fungerande mekanism. Syftet \u00e4r med andra ord att g\u00f6ra patienten till en aktiv individ utan n\u00e5gra funktionella begr\u00e4nsningar.<\/p>\n<\/div><div class=\"btClear btSeparator topSmallSpaced noBorder\" ><hr><\/div><header class=\"header btClear medium btDash bottomDash  btAccentDash\" ><div class=\"dash\"><h3><span class=\"headline\">F\u00f6rebyggande h\u00e4lsa<\/span><\/h3><\/div><\/header><div class=\"btClear btSeparator topExtraSmallSpaced noBorder\" ><hr><\/div><div class=\"btText\" ><p>Efter behandling av alla sjukdomar ritas ett tr\u00e4ningsprogram baserat p\u00e5 principerna om f\u00f6rebyggande h\u00e4lsa f\u00f6r att patienten inte ska uppleva samma problem igen.<\/p>\n<p>Medicinsk kondition och ryggradsrehabilitering utf\u00f6rs med i f\u00f6rsta hand terapeutiska \u00f6vningar; alla elektroterapiapplikationer, hydroterapiapplikationer, Kinesio Taping-applikationer och hela kroppens elektromyostimulering (elektro-muskelstimulering) (EMS) system, inom dessa principer p\u00e5 v\u00e5ra centra.<\/p>\n<\/div><div class=\"btClear btSeparator topSemiSpaced noBorder\" ><hr><\/div><header class=\"header btClear medium btDash bottomDash  btAccentDash\" ><div class=\"dash\"><h3><span class=\"headline\"><em>Kontakta oss nu<\/em><\/span><\/h3><\/div><\/header><div class=\"btClear btSeparator bottomSmallSpaced noBorder\" ><hr><\/div><div class=\"btText\" >\n<div class=\"wpcf7 no-js\" id=\"wpcf7-f2891-o1\" lang=\"tr-TR\" dir=\"ltr\">\n<div class=\"screen-reader-response\"><p role=\"status\" aria-live=\"polite\" aria-atomic=\"true\"><\/p> <ul><\/ul><\/div>\n<form action=\"\/sv\/wp-json\/wp\/v2\/pages\/3835#wpcf7-f2891-o1\" method=\"post\" class=\"wpcf7-form init wpcf7-acceptance-as-validation\" aria-label=\"Contact form\" novalidate=\"novalidate\" data-status=\"init\">\n<div style=\"display: none;\">\n<input type=\"hidden\" name=\"_wpcf7\" value=\"2891\" \/>\n<input type=\"hidden\" name=\"_wpcf7_version\" value=\"5.9.2\" \/>\n<input type=\"hidden\" name=\"_wpcf7_locale\" value=\"tr_TR\" \/>\n<input type=\"hidden\" name=\"_wpcf7_unit_tag\" value=\"wpcf7-f2891-o1\" \/>\n<input type=\"hidden\" name=\"_wpcf7_container_post\" value=\"0\" \/>\n<input type=\"hidden\" name=\"_wpcf7_posted_data_hash\" value=\"\" \/>\n<\/div>\n<p style=\"margin-bottom:30px !important;\">N\u00e4r du fyller i kontaktformul\u00e4ret nedan kan du ocks\u00e5 skicka din\/patientens medicinska handlingar till oss via <strong>wetransfer<\/strong>. Den medicinska second opinion kommer att presenteras f\u00f6r dig inom 48 timmar.\n<\/p>\n<div class=\"boldRow boldInnerRow  \">\n\t<div class=\"rowItem rowInnerItem col-md-6  btTextLeft\">\n\t\t<div class=\"rowItemContent\">\n\t\t\t<p><label><span class=\"bt_bb_required\">Your Name<\/span><br \/>\n<span class=\"wpcf7-form-control-wrap\" data-name=\"your-name\"><input size=\"40\" class=\"wpcf7-form-control wpcf7-text wpcf7-validates-as-required\" aria-required=\"true\" aria-invalid=\"false\" value=\"\" type=\"text\" name=\"your-name\" \/><\/span> <\/label>\n\t\t\t<\/p>\n\t\t\t<p><label><span class=\"bt_bb_required\">Your Email<\/span><br \/>\n<span class=\"wpcf7-form-control-wrap\" data-name=\"your-email\"><input size=\"40\" class=\"wpcf7-form-control wpcf7-email wpcf7-validates-as-required wpcf7-text wpcf7-validates-as-email\" aria-required=\"true\" aria-invalid=\"false\" value=\"\" type=\"email\" name=\"your-email\" \/><\/span> <\/label>\n\t\t\t<\/p>\n\t\t\t<p><label><span class=\"bt_bb_required\">Your Phone<\/span><br \/>\n<span class=\"wpcf7-form-control-wrap\" data-name=\"your-phone\"><input size=\"40\" class=\"wpcf7-form-control wpcf7-phonetext wpcf7-text wpcf7-validates-as-phonetext\" id=\"int_phone\" aria-invalid=\"false\" value=\"\" type=\"text\" name=\"your-phone\" \/><input type=\"hidden\" name=\"your-phone-country-code\" class=\"wpcf7-phonetext-country-code\" \/><\/span> <\/label>\n\t\t\t<\/p>\n\t\t\t<p><label><span class=\"bt_bb_required\">Your Message<\/span><br \/>\n<span class=\"wpcf7-form-control-wrap\" data-name=\"your-message\"><textarea cols=\"40\" rows=\"10\" class=\"wpcf7-form-control wpcf7-textarea wpcf7-validates-as-required\" aria-required=\"true\" aria-invalid=\"false\" name=\"your-message\"><\/textarea><\/span> <\/label>\n\t\t\t<\/p>\n\t\t\t<p><label><span class=\"bt_bb_required\" style=\"margin-top:25px !important;\"><span class=\"wpcf7-form-control-wrap\" data-name=\"accept-this-1\"><span class=\"wpcf7-form-control wpcf7-acceptance\"><span class=\"wpcf7-list-item\"><label><input type=\"checkbox\" name=\"accept-this-1\" value=\"1\" aria-invalid=\"false\" \/><span class=\"wpcf7-list-item-label\">I agree to <a target=\"_blank\" href=\"https:\/\/groupflorence.com\/en\/terms-of-use\/\">Terms &#038; Services<\/a>.<\/span><\/label><\/span><\/span><\/span><\/span><\/label>\n\t\t\t<\/p>\n\t\t\t<p><input class=\"wpcf7-form-control wpcf7-submit has-spinner contact_button_int\" type=\"submit\" value=\"SEND MESSAGE\" \/>\n\t\t\t<\/p>\n\t\t<\/div>\n\t<\/div>\n\t<div class=\"rowItem rowInnerItem col-md-6  btTextLeft\">\n\t\t<div class=\"rowItemContent\">\n\t\t\t<p align=\"center\" style=\"margin-top:30px;\"><br \/>\n<a href=\"http:\/\/florencenightingale.wetransfer.com\/\" target=\"_blank\" title=\"Click Here To Transfer Your Documents via WeTransfer\"><img decoding=\"async\"  align=\"center\" style=\"max-width:250px !important;\" class=\"lazy loaded\" src=\"https:\/\/groupflorence.com\/ru\/wp-content\/uploads\/2020\/08\/89130-wetransfer-default-logo-rgb-original-1365619064-e1599162229581.png\" data-src=\"https:\/\/groupflorence.com\/ru\/wp-content\/uploads\/2020\/08\/89130-wetransfer-default-logo-rgb-original-1365619064-e1599162229581.png\" alt=\"Click Here To Transfer Your Documents via WeTransfer\" title=\"Click Here To Transfer Your Documents via WeTransfer\" data-was-processed=\"true\" \/><\/a>\n\t\t\t<\/p>\n\t\t\t<h3 align=\"center\"><a href=\"http:\/\/florencenightingale.wetransfer.com\/\" target=\"_blank\" title=\"Click Here To Transfer Your Documents via WeTransfer\">Send via WeTransfer<\/a>\n\t\t\t<\/h3>\n\t\t\t<p align=\"center\">Du kan skicka dina \u00f6verdimensionerade medicinska dokument (MRT-inspelningar, labbresultat, bilder etc.) med v\u00e5rt WeTransfer-konto. Det \u00e4r enkelt, snabbt och s\u00e4kert.\n\t\t\t<\/p>\n\t\t<\/div>\n\t\t<center>\n\t\t\t<p><a href=\"http:\/\/florencenightingale.wetransfer.com\/\" class=\"btBtn btBtn btnFilledStyle btnAccentColor btnSmall btnNormalWidth btnRightPosition btnNoIcon\" target=\"_blank\"><span class=\"btnInnerText\">Send Now<\/span><\/a>\n\t\t\t<\/p>\n\t\t<\/center>\n\t<\/div>\n<\/div><div class=\"wpcf7-response-output\" aria-hidden=\"true\"><\/div>\n<\/form>\n<\/div>\n<\/div><div class=\"btClear btSeparator topSpaced noBorder\" ><hr><\/div><\/div><\/div><\/div><\/div><\/div><\/div><\/div><\/section>","protected":false},"excerpt":{"rendered":"","protected":false},"author":1,"featured_media":0,"parent":2456,"menu_order":2,"comment_status":"closed","ping_status":"closed","template":"","meta":{"footnotes":""},"class_list":["post-3835","page","type-page","status-publish","hentry"],"yoast_head":"<!-- This site is optimized with the Yoast SEO plugin v22.2 - https:\/\/yoast.com\/wordpress\/plugins\/seo\/ -->\n<title>About Physical Therapy and Rehabilitation - Group Florence Nightingale Hospitals<\/title>\n<meta name=\"robots\" content=\"index, follow, max-snippet:-1, max-image-preview:large, max-video-preview:-1\" \/>\n<link rel=\"canonical\" href=\"https:\/\/groupflorence.com\/sv\/centers-treatments\/physical-therapy-and-rehabilitation\/about-physical-therapy-and-rehabilitation\/\" \/>\n<meta property=\"og:locale\" content=\"en_US\" \/>\n<meta property=\"og:type\" content=\"article\" \/>\n<meta property=\"og:title\" content=\"About Physical Therapy and Rehabilitation - Group Florence Nightingale Hospitals\" \/>\n<meta property=\"og:url\" content=\"https:\/\/groupflorence.com\/sv\/centers-treatments\/physical-therapy-and-rehabilitation\/about-physical-therapy-and-rehabilitation\/\" \/>\n<meta property=\"og:site_name\" content=\"Group Florence Nightingale Hospitals\" \/>\n<meta property=\"article:publisher\" content=\"https:\/\/www.facebook.com\/groupflorence\" \/>\n<meta property=\"article:modified_time\" content=\"2022-12-13T09:58:51+00:00\" \/>\n<meta name=\"twitter:card\" content=\"summary_large_image\" \/>\n<meta name=\"twitter:label1\" content=\"Est. reading time\" \/>\n\t<meta name=\"twitter:data1\" content=\"5 minutes\" \/>\n<script type=\"application\/ld+json\" class=\"yoast-schema-graph\">{\"@context\":\"https:\/\/schema.org\",\"@graph\":[{\"@type\":\"WebPage\",\"@id\":\"https:\/\/groupflorence.com\/sv\/centers-treatments\/physical-therapy-and-rehabilitation\/about-physical-therapy-and-rehabilitation\/\",\"url\":\"https:\/\/groupflorence.com\/sv\/centers-treatments\/physical-therapy-and-rehabilitation\/about-physical-therapy-and-rehabilitation\/\",\"name\":\"About Physical Therapy and Rehabilitation - Group Florence Nightingale Hospitals\",\"isPartOf\":{\"@id\":\"https:\/\/groupflorence.com\/sv\/#website\"},\"datePublished\":\"2020-10-01T22:32:55+00:00\",\"dateModified\":\"2022-12-13T09:58:51+00:00\",\"breadcrumb\":{\"@id\":\"https:\/\/groupflorence.com\/sv\/centers-treatments\/physical-therapy-and-rehabilitation\/about-physical-therapy-and-rehabilitation\/#breadcrumb\"},\"inLanguage\":\"en-US\",\"potentialAction\":[{\"@type\":\"ReadAction\",\"target\":[\"https:\/\/groupflorence.com\/sv\/centers-treatments\/physical-therapy-and-rehabilitation\/about-physical-therapy-and-rehabilitation\/\"]}]},{\"@type\":\"BreadcrumbList\",\"@id\":\"https:\/\/groupflorence.com\/sv\/centers-treatments\/physical-therapy-and-rehabilitation\/about-physical-therapy-and-rehabilitation\/#breadcrumb\",\"itemListElement\":[{\"@type\":\"ListItem\",\"position\":1,\"name\":\"Home\",\"item\":\"https:\/\/groupflorence.com\/sv\/\"},{\"@type\":\"ListItem\",\"position\":2,\"name\":\"Centers &#038; Departments\",\"item\":\"https:\/\/groupflorence.com\/sv\/centers-treatments\/\"},{\"@type\":\"ListItem\",\"position\":3,\"name\":\"Physical Therapy and Rehabilitation\",\"item\":\"https:\/\/groupflorence.com\/sv\/centers-treatments\/physical-therapy-and-rehabilitation\/\"},{\"@type\":\"ListItem\",\"position\":4,\"name\":\"About Physical Therapy and Rehabilitation\"}]},{\"@type\":\"WebSite\",\"@id\":\"https:\/\/groupflorence.com\/sv\/#website\",\"url\":\"https:\/\/groupflorence.com\/sv\/\",\"name\":\"Group Florence Nightingale Hospitals\",\"description\":\"\",\"publisher\":{\"@id\":\"https:\/\/groupflorence.com\/sv\/#organization\"},\"potentialAction\":[{\"@type\":\"SearchAction\",\"target\":{\"@type\":\"EntryPoint\",\"urlTemplate\":\"https:\/\/groupflorence.com\/sv\/?s={search_term_string}\"},\"query-input\":\"required name=search_term_string\"}],\"inLanguage\":\"en-US\"},{\"@type\":\"Organization\",\"@id\":\"https:\/\/groupflorence.com\/sv\/#organization\",\"name\":\"Group Florence Nightingale Hospitals\",\"url\":\"https:\/\/groupflorence.com\/sv\/\",\"logo\":{\"@type\":\"ImageObject\",\"inLanguage\":\"en-US\",\"@id\":\"https:\/\/groupflorence.com\/sv\/#\/schema\/logo\/image\/\",\"url\":\"https:\/\/groupflorence.com\/en\/wp-content\/uploads\/2021\/01\/gf-logotype-transparent-miniversion.png\",\"contentUrl\":\"https:\/\/groupflorence.com\/en\/wp-content\/uploads\/2021\/01\/gf-logotype-transparent-miniversion.png\",\"width\":245,\"height\":55,\"caption\":\"Group Florence Nightingale Hospitals\"},\"image\":{\"@id\":\"https:\/\/groupflorence.com\/sv\/#\/schema\/logo\/image\/\"},\"sameAs\":[\"https:\/\/www.facebook.com\/groupflorence\",\"https:\/\/www.instagram.com\/group_florence\/\",\"https:\/\/www.youtube.com\/channel\/UC_nlE9Up7N9T68unmJYEnfg\"]}]}<\/script>\n<!-- \/ Yoast SEO plugin. -->","yoast_head_json":{"title":"About Physical Therapy and Rehabilitation - Group Florence Nightingale Hospitals","robots":{"index":"index","follow":"follow","max-snippet":"max-snippet:-1","max-image-preview":"max-image-preview:large","max-video-preview":"max-video-preview:-1"},"canonical":"https:\/\/groupflorence.com\/sv\/centers-treatments\/physical-therapy-and-rehabilitation\/about-physical-therapy-and-rehabilitation\/","og_locale":"en_US","og_type":"article","og_title":"About Physical Therapy and Rehabilitation - Group Florence Nightingale Hospitals","og_url":"https:\/\/groupflorence.com\/sv\/centers-treatments\/physical-therapy-and-rehabilitation\/about-physical-therapy-and-rehabilitation\/","og_site_name":"Group Florence Nightingale Hospitals","article_publisher":"https:\/\/www.facebook.com\/groupflorence","article_modified_time":"2022-12-13T09:58:51+00:00","twitter_card":"summary_large_image","twitter_misc":{"Est. reading time":"5 minutes"},"schema":{"@context":"https:\/\/schema.org","@graph":[{"@type":"WebPage","@id":"https:\/\/groupflorence.com\/sv\/centers-treatments\/physical-therapy-and-rehabilitation\/about-physical-therapy-and-rehabilitation\/","url":"https:\/\/groupflorence.com\/sv\/centers-treatments\/physical-therapy-and-rehabilitation\/about-physical-therapy-and-rehabilitation\/","name":"About Physical Therapy and Rehabilitation - Group Florence Nightingale Hospitals","isPartOf":{"@id":"https:\/\/groupflorence.com\/sv\/#website"},"datePublished":"2020-10-01T22:32:55+00:00","dateModified":"2022-12-13T09:58:51+00:00","breadcrumb":{"@id":"https:\/\/groupflorence.com\/sv\/centers-treatments\/physical-therapy-and-rehabilitation\/about-physical-therapy-and-rehabilitation\/#breadcrumb"},"inLanguage":"en-US","potentialAction":[{"@type":"ReadAction","target":["https:\/\/groupflorence.com\/sv\/centers-treatments\/physical-therapy-and-rehabilitation\/about-physical-therapy-and-rehabilitation\/"]}]},{"@type":"BreadcrumbList","@id":"https:\/\/groupflorence.com\/sv\/centers-treatments\/physical-therapy-and-rehabilitation\/about-physical-therapy-and-rehabilitation\/#breadcrumb","itemListElement":[{"@type":"ListItem","position":1,"name":"Home","item":"https:\/\/groupflorence.com\/sv\/"},{"@type":"ListItem","position":2,"name":"Centers &#038; Departments","item":"https:\/\/groupflorence.com\/sv\/centers-treatments\/"},{"@type":"ListItem","position":3,"name":"Physical Therapy and Rehabilitation","item":"https:\/\/groupflorence.com\/sv\/centers-treatments\/physical-therapy-and-rehabilitation\/"},{"@type":"ListItem","position":4,"name":"About Physical Therapy and Rehabilitation"}]},{"@type":"WebSite","@id":"https:\/\/groupflorence.com\/sv\/#website","url":"https:\/\/groupflorence.com\/sv\/","name":"Group Florence Nightingale Hospitals","description":"","publisher":{"@id":"https:\/\/groupflorence.com\/sv\/#organization"},"potentialAction":[{"@type":"SearchAction","target":{"@type":"EntryPoint","urlTemplate":"https:\/\/groupflorence.com\/sv\/?s={search_term_string}"},"query-input":"required name=search_term_string"}],"inLanguage":"en-US"},{"@type":"Organization","@id":"https:\/\/groupflorence.com\/sv\/#organization","name":"Group Florence Nightingale Hospitals","url":"https:\/\/groupflorence.com\/sv\/","logo":{"@type":"ImageObject","inLanguage":"en-US","@id":"https:\/\/groupflorence.com\/sv\/#\/schema\/logo\/image\/","url":"https:\/\/groupflorence.com\/en\/wp-content\/uploads\/2021\/01\/gf-logotype-transparent-miniversion.png","contentUrl":"https:\/\/groupflorence.com\/en\/wp-content\/uploads\/2021\/01\/gf-logotype-transparent-miniversion.png","width":245,"height":55,"caption":"Group Florence Nightingale Hospitals"},"image":{"@id":"https:\/\/groupflorence.com\/sv\/#\/schema\/logo\/image\/"},"sameAs":["https:\/\/www.facebook.com\/groupflorence","https:\/\/www.instagram.com\/group_florence\/","https:\/\/www.youtube.com\/channel\/UC_nlE9Up7N9T68unmJYEnfg"]}]}},"_links":{"self":[{"href":"https:\/\/groupflorence.com\/sv\/wp-json\/wp\/v2\/pages\/3835","targetHints":{"allow":["GET"]}}],"collection":[{"href":"https:\/\/groupflorence.com\/sv\/wp-json\/wp\/v2\/pages"}],"about":[{"href":"https:\/\/groupflorence.com\/sv\/wp-json\/wp\/v2\/types\/page"}],"author":[{"embeddable":true,"href":"https:\/\/groupflorence.com\/sv\/wp-json\/wp\/v2\/users\/1"}],"replies":[{"embeddable":true,"href":"https:\/\/groupflorence.com\/sv\/wp-json\/wp\/v2\/comments?post=3835"}],"version-history":[{"count":2,"href":"https:\/\/groupflorence.com\/sv\/wp-json\/wp\/v2\/pages\/3835\/revisions"}],"predecessor-version":[{"id":6829,"href":"https:\/\/groupflorence.com\/sv\/wp-json\/wp\/v2\/pages\/3835\/revisions\/6829"}],"up":[{"embeddable":true,"href":"https:\/\/groupflorence.com\/sv\/wp-json\/wp\/v2\/pages\/2456"}],"wp:attachment":[{"href":"https:\/\/groupflorence.com\/sv\/wp-json\/wp\/v2\/media?parent=3835"}],"curies":[{"name":"wp","href":"https:\/\/api.w.org\/{rel}","templated":true}]}}