{"id":3439,"date":"2020-10-01T15:15:56","date_gmt":"2020-10-01T12:15:56","guid":{"rendered":"https:\/\/groupflorence.com\/en\/?page_id=3439"},"modified":"2022-12-12T16:56:48","modified_gmt":"2022-12-12T13:56:48","slug":"robotic-thoracic-surgery","status":"publish","type":"page","link":"https:\/\/groupflorence.com\/sv\/centers-treatments\/robotic-surgery-center\/robotic-thoracic-surgery\/","title":{"rendered":"Robotic Thoracic Surgery"},"content":{"rendered":"<section id=\"bt_section69d101c7cdf32\"  class=\"boldSection gutter inherit treatment-container\" ><div class=\"port\"><div class=\"boldCell\"><div class=\"boldCellInner\"><div class=\"boldRow treatment-container \" ><div class=\"boldRowInner\"><div class=\"rowItem col-md-4 col-ms-12 btTextLeft\"  ><div class=\"rowItemContent\" ><div class=\"btClear btSeparator topSpaced noBorder\" ><hr><\/div><div class=\"btCustomMenu treatment-sidebar\" ><div class=\"menu-robotic-surgery-center-container\"><ul id=\"menu-robotic-surgery-center\" class=\"menu\"><li id=\"menu-item-3416\" class=\"menu-item menu-item-type-post_type menu-item-object-page menu-item-has-children menu-item-3416\"><a href=\"https:\/\/groupflorence.com\/sv\/centers-treatments\/\">Centrum och avdelningar<\/a><ul class=\"sub-menu\"><li id=\"menu-item-3414\" class=\"menu-item menu-item-type-post_type menu-item-object-page menu-item-has-children menu-item-3414\"><a href=\"https:\/\/groupflorence.com\/sv\/centers-treatments\/robotic-surgery-center\/\">Robotic Surgery Center<\/a><ul class=\"sub-menu\"><li id=\"menu-item-3432\" class=\"menu-item menu-item-type-post_type menu-item-object-page menu-item-3432\"><a href=\"https:\/\/groupflorence.com\/sv\/centers-treatments\/robotic-surgery-center\/robotic-cardiac-surgery\/\">Robotisk hj\u00e4rtkirurgi<\/a><\/li><li id=\"menu-item-3424\" class=\"menu-item menu-item-type-post_type menu-item-object-page menu-item-3424\"><a href=\"https:\/\/groupflorence.com\/sv\/centers-treatments\/robotic-surgery-center\/robotic-general-surgery\/\">Robotisk allm\u00e4n kirurgi<\/a><\/li><li id=\"menu-item-3438\" class=\"menu-item menu-item-type-post_type menu-item-object-page menu-item-3438\"><a href=\"https:\/\/groupflorence.com\/sv\/centers-treatments\/robotic-surgery-center\/robotic-gynecology\/\">Robotisk gynekologi<\/a><\/li><li id=\"menu-item-3435\" class=\"menu-item menu-item-type-post_type menu-item-object-page menu-item-3435\"><a href=\"https:\/\/groupflorence.com\/sv\/centers-treatments\/robotic-surgery-center\/robotic-obesity-surgery\/\">Robotisk fetmakirurgi<\/a><\/li><li id=\"menu-item-3413\" class=\"menu-item menu-item-type-post_type menu-item-object-page menu-item-3413\"><a href=\"https:\/\/groupflorence.com\/sv\/centers-treatments\/robotic-surgery-center\/robotic-urology-surgery\/\">Robotisk urologikirurgi<\/a><\/li><li id=\"menu-item-3441\" class=\"menu-item menu-item-type-post_type menu-item-object-page menu-item-3441\"><a href=\"https:\/\/groupflorence.com\/sv\/centers-treatments\/robotic-surgery-center\/robotic-thoracic-surgery\/\">Robotisk thoraxkirurgi<\/a><\/li><\/ul><\/li><\/ul><\/li>\n<\/ul><\/div><\/div><div class=\"btClear btSeparator topSemiSpaced noBorder\" ><hr><\/div><div class=\"boldRow boldInnerRow  bt_bb_hidden_xs bt_bb_hidden_ms bt_bb_hidden_sm\" ><div class=\"rowItem rowInnerItem col-md-12  btTextCenter btMiddleVertical\"  ><div class=\"rowItemContent\"><div class=\"bpgPhoto btTextCenter\" > \r\n\t\t\t\t\t<a href=\"https:\/\/groupflorence.com\/sv\/patient-guide\/covid-19-precautions\/\" target=\"_self\" title=\"\"><\/a>\r\n\t\t\t\t\t<div class=\"boldPhotoBox\"><div class=\"bpbItem\"><div class = \"btImage\"><img decoding=\"async\" src=\"https:\/\/groupflorence.com\/sv\/wp-content\/uploads\/2020\/12\/covid-safe-sidebar-320x186.jpg\" alt=\"\" title=\"\" ><\/div><\/div><\/div>\r\n\t\t\t\t\t<div class=\"captionPane\">\r\n\t\t\t\t\t\t<div class=\"captionTable\">\r\n\t\t\t\t\t\t\t<div class=\"captionCell\">\r\n\t\t\t\t\t\t\t\t<div class=\"captionTxt\"><\/div>\r\n\t\t\t\t\t\t\t<\/div>\r\n\t\t\t\t\t\t<\/div>\r\n\t\t\t\t\t<\/div><\/div><div class=\"btClear btSeparator topSmallSpaced bottomSmallSpaced border\" ><hr><\/div><a href=\"https:\/\/groupflorence.com\/sv\/contact-us\/\" class=\"btBtn btBtn btnFilledStyle btnAccentColor btnBig btnNormalWidth btnLeftPosition btnNoIcon\" ><span class=\"btnInnerText\">St\u00e4lla en fr\u00e5ga<\/span><\/a><\/div><\/div><\/div><\/div><\/div><div class=\"rowItem col-md-8 col-ms-12 btTextLeft\"  ><div class=\"rowItemContent\" ><div class=\"btClear btSeparator topSemiSpaced noBorder\" ><hr><\/div><header class=\"header btClear medium btDash bottomDash  btNormalDash\" ><div class=\"dash\"><h3><span class=\"headline\"><b class=\"animate\">Robotisk thoraxkirurgi<\/b><\/span><\/h3><\/div><\/header><div class=\"btClear btSeparator topExtraSmallSpaced noBorder\" ><hr><\/div><div class=\"btText\" ><p>Ett snitt p\u00e5 10-20 cm, kallat torakotomi, g\u00f6rs p\u00e5 sidan av br\u00f6stv\u00e4ggen vid klassiska kirurgiska ingrepp f\u00f6r att komma \u00e5t lungorna och andra pectorala organ. Orsaken till postoperativ sm\u00e4rta \u00e4r retraktorerna som \u00e4r insatta mellan tv\u00e5 revben. I vissa fall beh\u00f6ver kirurgen g\u00f6ra ett snitt som kallas sternotomi p\u00e5 framsidan av br\u00f6stet.<\/p>\n<p>Det finns videoassisterade minimalinvasiva metoder d\u00e4r mindre snitt g\u00f6rs f\u00f6r m\u00e5nga patienter. Med denna teknik som kallas videoassisterad thoraxkirurgi (VATS) kan kirurgerna utf\u00f6ra en thoraxoperation utan sternotomi eller thorakotomi. \u00c4ven om denna metod har flera begr\u00e4nsningar och kanske inte \u00e4r l\u00e4mplig f\u00f6r mycket komplicerade patienter, utf\u00f6r vi rutinm\u00e4ssigt och framg\u00e5ngsrikt operationer f\u00f6r lungcancer och tymektomi med hj\u00e4lp av VATS-metoden. Vid denna operation g\u00f6rs tv\u00e5 eller tre snitt p\u00e5 1 cm och inga retraktorer anv\u00e4nds.<\/p>\n<p><strong>Da Vinci Robotic-systemet \u00e4r den mest avancerade metoden som tar operationen bortom gr\u00e4nserna f\u00f6r en m\u00e4nsklig hand med tredimensionell h\u00f6guppl\u00f6st bildbehandling.<\/strong><\/p>\n<p>I denna operation opererar kirurgen fyra armar p\u00e5 roboten med tv\u00e5 huvudkontroller i en konsol. V\u00e5ra kirurger \u00e4r licensierade f\u00f6r Da Vinci Thoracic Surgery System. Kirurger kan se fler detaljer \u00e4n de kan se i en \u00f6ppen operation p\u00e5 grund av den tredimensionella h\u00f6guppl\u00f6sta bilden p\u00e5 konsolen. Robotens datorsystem kan perfekt och exakt \u00f6verf\u00f6ra kirurgens handr\u00f6relser. Revbenen beh\u00f6ver inte separeras av en upprullningsanordning och operationer kan framg\u00e5ngsrikt utf\u00f6ras genom sm\u00e5 snitt p\u00e5 1-2 cm.<\/p>\n<p><strong>Grup Florence Nightingale Hospitals Thoracic Surgery Department \u00e4r engagerad i att f\u00f6rebygga, tidig diagnos och kirurgisk behandling av sjukdomar i pectorala organ.<\/strong><\/p>\n<p>Vi erbjuder v\u00e5ra patienter minimalt invasiva (VATS och Da Vinci Robotic kirurgi) kirurgiska metoder och har den h\u00f6gsta erfarenheten av thorax robotkirurgi och det st\u00f6rsta antalet patienter med lungcancer i Turkiet.<\/p>\n<p><strong>F\u00f6rdelar med minimal invasiv thoraxkirurgi:<\/strong><\/p>\n<ul>\n<li>Tidig och definitiv diagnos<\/li>\n<li>L\u00e5g frekvens av komplikationer<\/li>\n<li>Mindre kirurgiska snitt och mindre postoperativ sm\u00e4rta<\/li>\n<li>L\u00e5g infektionsfrekvens<\/li>\n<li>Mindre \u00e4rr<\/li>\n<li>L\u00e4gre blodf\u00f6rlust<\/li>\n<li>Kortare varaktighet av sjukhusvistelse<\/li>\n<li>Kortare tid f\u00f6r att komma tillbaka till det normala livet<\/li>\n<\/ul>\n<p><strong>Operationer vi utf\u00f6r med Da Vinci Robotic Surgery System:<\/strong><\/p>\n<ul>\n<li>Resektioner av lungcancer och dissektion av lymfk\u00f6rtlar (segmentektomi, lobektomi och pneumonektomi)<\/li>\n<li>Tymektomi och andra mediastentum\u00f6roperationer<\/li>\n<li>Kilresektion av lungkn\u00f6lar<\/li>\n<li>Volymminskningsoperationer f\u00f6r patienter med emfysem<\/li>\n<li>Sympatektomioperationer f\u00f6r hyperhidros (\u00f6verdriven svettning av h\u00e4nderna)<\/li>\n<li>Pleurala sjukdomar (spontan pneumothorax, pleurautgjutning, pleurala tum\u00f6rer)<\/li>\n<li>Dekorationsoperationer<\/li>\n<li>Plikationskirurgi f\u00f6r diafragmatisk f\u00f6rlamning<\/li>\n<\/ul>\n<h3>Fundamentals of Group Florence Nightingale Robotic Thoracic Surgery<\/h3>\n<ul>\n<li>Slutna operationsmetoder (minimalinvasiv kirurgi) som blir alltmer framtr\u00e4dande vid br\u00f6stkirurgiska operationer och utf\u00f6rda med v\u00e5r tids mest avancerade kirurgiska teknologi\n<ul>\n<li>videotorakoskopisk kirurgi (VATS) sedan 2010,<\/li>\n<li>robotkirurgi (Da Vinci Robotic Thoracic Surgery) sedan 2011.<\/li>\n<\/ul>\n<\/li>\n<li>Robotisk thoraxkirurgi vid gruppen Florence Nightingale Hospitals:\n<ul>\n<li>\u00e4r bland de fem ledande centra i Europa med sitt h\u00f6ga antal patienter och \u00f6verl\u00e4gsna erfarenhet av invasiv kirurgi och robotbr\u00f6stkirurgi.<\/li>\n<li>\u00e4r ett av de s\u00e4llsynta centra som kan utf\u00f6ra operationer p\u00e5 tum\u00f6rer som sprider sig till huvudvenen aorta (i samarbete med v\u00e5rt Hj\u00e4rtcenter).<\/li>\n<li>V\u00e5rt team av Center for Thoracoscopic (VATS) och robotkirurgiska ingrepp genomf\u00f6rde tymektomioperationer fr\u00e5n mediastinala massor, s\u00e4rskilt till patienter med thymomas och myasthenia gravis, och dessa procedurer ing\u00e5r i v\u00e4rldslitteraturen.<\/li>\n<li>\u00e4r ett av ledande centra som utf\u00f6r minimalt invasiv lungcancerkirurgi (65 % j\u00e4mf\u00f6rt med 30 % i utvecklade l\u00e4nder)<\/li>\n<li>har uttalat l\u00e5g d\u00f6dlighet efter thorax sugeri (under 1% mot 2-5% i v\u00e4rlden)<\/li>\n<li>varje patient utv\u00e4rderas och hanteras enligt multidisciplin\u00e4rt tillv\u00e4gag\u00e5ngss\u00e4tt. Experter fr\u00e5n br\u00f6stsjukdomar, radiologi, medicinsk onkologi,<\/li>\n<li>str\u00e5lningsonkologi, patologi, interventionell radiologi och nuklearmedicin deltar i dessa bed\u00f6mningsm\u00f6ten och tar fram en personlig behandlingsplan<\/li>\n<li>f\u00f6r patienterna.<\/li>\n<\/ul>\n<\/li>\n<\/ul>\n<p><em>Genom att fylla i kontaktformul\u00e4ret nedan kan du st\u00e4lla fr\u00e5gor och\/eller beg\u00e4ra mer information fr\u00e5n v\u00e5ra experter om Robotic Thoracic Surgery p\u00e5 Group Florence Nightingale Hospitals.<\/em><\/p>\n<\/div><div class=\"btClear btSeparator bottomSmallSpaced noBorder\" ><hr><\/div><header class=\"header btClear medium btDash bottomDash  btAccentDash\" ><div class=\"dash\"><h3><span class=\"headline\"><em>Kontakta oss nu<\/em><\/span><\/h3><\/div><\/header><div class=\"btClear btSeparator bottomSmallSpaced noBorder\" ><hr><\/div><div class=\"btText\" >\n<div class=\"wpcf7 no-js\" id=\"wpcf7-f2891-o1\" lang=\"tr-TR\" dir=\"ltr\">\n<div class=\"screen-reader-response\"><p role=\"status\" aria-live=\"polite\" aria-atomic=\"true\"><\/p> <ul><\/ul><\/div>\n<form action=\"\/sv\/wp-json\/wp\/v2\/pages\/3439#wpcf7-f2891-o1\" method=\"post\" class=\"wpcf7-form init wpcf7-acceptance-as-validation\" aria-label=\"Contact form\" novalidate=\"novalidate\" data-status=\"init\">\n<div style=\"display: none;\">\n<input type=\"hidden\" name=\"_wpcf7\" value=\"2891\" \/>\n<input type=\"hidden\" name=\"_wpcf7_version\" value=\"5.9.2\" \/>\n<input type=\"hidden\" name=\"_wpcf7_locale\" value=\"tr_TR\" \/>\n<input type=\"hidden\" name=\"_wpcf7_unit_tag\" value=\"wpcf7-f2891-o1\" \/>\n<input type=\"hidden\" name=\"_wpcf7_container_post\" value=\"0\" \/>\n<input type=\"hidden\" name=\"_wpcf7_posted_data_hash\" value=\"\" \/>\n<\/div>\n<p style=\"margin-bottom:30px !important;\">N\u00e4r du fyller i kontaktformul\u00e4ret nedan kan du ocks\u00e5 skicka din\/patientens medicinska handlingar till oss via <strong>wetransfer<\/strong>. Den medicinska second opinion kommer att presenteras f\u00f6r dig inom 48 timmar.\n<\/p>\n<div class=\"boldRow boldInnerRow  \">\n\t<div class=\"rowItem rowInnerItem col-md-6  btTextLeft\">\n\t\t<div class=\"rowItemContent\">\n\t\t\t<p><label><span class=\"bt_bb_required\">Your Name<\/span><br \/>\n<span class=\"wpcf7-form-control-wrap\" data-name=\"your-name\"><input size=\"40\" class=\"wpcf7-form-control wpcf7-text wpcf7-validates-as-required\" aria-required=\"true\" aria-invalid=\"false\" value=\"\" type=\"text\" name=\"your-name\" \/><\/span> <\/label>\n\t\t\t<\/p>\n\t\t\t<p><label><span class=\"bt_bb_required\">Your Email<\/span><br \/>\n<span class=\"wpcf7-form-control-wrap\" data-name=\"your-email\"><input size=\"40\" class=\"wpcf7-form-control wpcf7-email wpcf7-validates-as-required wpcf7-text wpcf7-validates-as-email\" aria-required=\"true\" aria-invalid=\"false\" value=\"\" type=\"email\" name=\"your-email\" \/><\/span> <\/label>\n\t\t\t<\/p>\n\t\t\t<p><label><span class=\"bt_bb_required\">Your Phone<\/span><br \/>\n<span class=\"wpcf7-form-control-wrap\" data-name=\"your-phone\"><input size=\"40\" class=\"wpcf7-form-control wpcf7-phonetext wpcf7-text wpcf7-validates-as-phonetext\" id=\"int_phone\" aria-invalid=\"false\" value=\"\" type=\"text\" name=\"your-phone\" \/><input type=\"hidden\" name=\"your-phone-country-code\" class=\"wpcf7-phonetext-country-code\" \/><\/span> <\/label>\n\t\t\t<\/p>\n\t\t\t<p><label><span class=\"bt_bb_required\">Your Message<\/span><br \/>\n<span class=\"wpcf7-form-control-wrap\" data-name=\"your-message\"><textarea cols=\"40\" rows=\"10\" class=\"wpcf7-form-control wpcf7-textarea wpcf7-validates-as-required\" aria-required=\"true\" aria-invalid=\"false\" name=\"your-message\"><\/textarea><\/span> <\/label>\n\t\t\t<\/p>\n\t\t\t<p><label><span class=\"bt_bb_required\" style=\"margin-top:25px !important;\"><span class=\"wpcf7-form-control-wrap\" data-name=\"accept-this-1\"><span class=\"wpcf7-form-control wpcf7-acceptance\"><span class=\"wpcf7-list-item\"><label><input type=\"checkbox\" name=\"accept-this-1\" value=\"1\" aria-invalid=\"false\" \/><span class=\"wpcf7-list-item-label\">I agree to <a target=\"_blank\" href=\"https:\/\/groupflorence.com\/en\/terms-of-use\/\">Terms &#038; Services<\/a>.<\/span><\/label><\/span><\/span><\/span><\/span><\/label>\n\t\t\t<\/p>\n\t\t\t<p><input class=\"wpcf7-form-control wpcf7-submit has-spinner contact_button_int\" type=\"submit\" value=\"SEND MESSAGE\" \/>\n\t\t\t<\/p>\n\t\t<\/div>\n\t<\/div>\n\t<div class=\"rowItem rowInnerItem col-md-6  btTextLeft\">\n\t\t<div class=\"rowItemContent\">\n\t\t\t<p align=\"center\" style=\"margin-top:30px;\"><br \/>\n<a href=\"http:\/\/florencenightingale.wetransfer.com\/\" target=\"_blank\" title=\"Click Here To Transfer Your Documents via WeTransfer\"><img decoding=\"async\"  align=\"center\" style=\"max-width:250px !important;\" class=\"lazy loaded\" src=\"https:\/\/groupflorence.com\/ru\/wp-content\/uploads\/2020\/08\/89130-wetransfer-default-logo-rgb-original-1365619064-e1599162229581.png\" data-src=\"https:\/\/groupflorence.com\/ru\/wp-content\/uploads\/2020\/08\/89130-wetransfer-default-logo-rgb-original-1365619064-e1599162229581.png\" alt=\"Click Here To Transfer Your Documents via WeTransfer\" title=\"Click Here To Transfer Your Documents via WeTransfer\" data-was-processed=\"true\" \/><\/a>\n\t\t\t<\/p>\n\t\t\t<h3 align=\"center\"><a href=\"http:\/\/florencenightingale.wetransfer.com\/\" target=\"_blank\" title=\"Click Here To Transfer Your Documents via WeTransfer\">Send via WeTransfer<\/a>\n\t\t\t<\/h3>\n\t\t\t<p align=\"center\">Du kan skicka dina \u00f6verdimensionerade medicinska dokument (MRT-inspelningar, labbresultat, bilder etc.) med v\u00e5rt WeTransfer-konto. Det \u00e4r enkelt, snabbt och s\u00e4kert.\n\t\t\t<\/p>\n\t\t<\/div>\n\t\t<center>\n\t\t\t<p><a href=\"http:\/\/florencenightingale.wetransfer.com\/\" class=\"btBtn btBtn btnFilledStyle btnAccentColor btnSmall btnNormalWidth btnRightPosition btnNoIcon\" target=\"_blank\"><span class=\"btnInnerText\">Send Now<\/span><\/a>\n\t\t\t<\/p>\n\t\t<\/center>\n\t<\/div>\n<\/div><div class=\"wpcf7-response-output\" aria-hidden=\"true\"><\/div>\n<\/form>\n<\/div>\n<\/div><div class=\"btClear btSeparator topSpaced noBorder\" ><hr><\/div><\/div><\/div><\/div><\/div><\/div><\/div><\/div><\/section>","protected":false},"excerpt":{"rendered":"","protected":false},"author":1,"featured_media":0,"parent":2460,"menu_order":7,"comment_status":"closed","ping_status":"closed","template":"","meta":{"footnotes":""},"class_list":["post-3439","page","type-page","status-publish","hentry"],"yoast_head":"<!-- This site is optimized with the Yoast SEO plugin v22.2 - https:\/\/yoast.com\/wordpress\/plugins\/seo\/ -->\n<title>Robotic Thoracic Surgery - Group Florence Nightingale Hospitals<\/title>\n<meta name=\"robots\" content=\"index, follow, max-snippet:-1, max-image-preview:large, max-video-preview:-1\" \/>\n<link rel=\"canonical\" href=\"https:\/\/groupflorence.com\/sv\/centers-treatments\/robotic-surgery-center\/robotic-thoracic-surgery\/\" \/>\n<meta property=\"og:locale\" content=\"en_US\" \/>\n<meta property=\"og:type\" content=\"article\" \/>\n<meta property=\"og:title\" content=\"Robotic Thoracic Surgery - Group Florence Nightingale Hospitals\" \/>\n<meta property=\"og:url\" content=\"https:\/\/groupflorence.com\/sv\/centers-treatments\/robotic-surgery-center\/robotic-thoracic-surgery\/\" \/>\n<meta property=\"og:site_name\" content=\"Group Florence Nightingale Hospitals\" \/>\n<meta property=\"article:publisher\" content=\"https:\/\/www.facebook.com\/groupflorence\" \/>\n<meta property=\"article:modified_time\" content=\"2022-12-12T13:56:48+00:00\" \/>\n<meta name=\"twitter:card\" content=\"summary_large_image\" \/>\n<meta name=\"twitter:label1\" content=\"Est. reading time\" \/>\n\t<meta name=\"twitter:data1\" content=\"6 minutes\" \/>\n<script type=\"application\/ld+json\" class=\"yoast-schema-graph\">{\"@context\":\"https:\/\/schema.org\",\"@graph\":[{\"@type\":\"WebPage\",\"@id\":\"https:\/\/groupflorence.com\/sv\/centers-treatments\/robotic-surgery-center\/robotic-thoracic-surgery\/\",\"url\":\"https:\/\/groupflorence.com\/sv\/centers-treatments\/robotic-surgery-center\/robotic-thoracic-surgery\/\",\"name\":\"Robotic Thoracic Surgery - Group Florence Nightingale Hospitals\",\"isPartOf\":{\"@id\":\"https:\/\/groupflorence.com\/sv\/#website\"},\"datePublished\":\"2020-10-01T12:15:56+00:00\",\"dateModified\":\"2022-12-12T13:56:48+00:00\",\"breadcrumb\":{\"@id\":\"https:\/\/groupflorence.com\/sv\/centers-treatments\/robotic-surgery-center\/robotic-thoracic-surgery\/#breadcrumb\"},\"inLanguage\":\"en-US\",\"potentialAction\":[{\"@type\":\"ReadAction\",\"target\":[\"https:\/\/groupflorence.com\/sv\/centers-treatments\/robotic-surgery-center\/robotic-thoracic-surgery\/\"]}]},{\"@type\":\"BreadcrumbList\",\"@id\":\"https:\/\/groupflorence.com\/sv\/centers-treatments\/robotic-surgery-center\/robotic-thoracic-surgery\/#breadcrumb\",\"itemListElement\":[{\"@type\":\"ListItem\",\"position\":1,\"name\":\"Home\",\"item\":\"https:\/\/groupflorence.com\/sv\/\"},{\"@type\":\"ListItem\",\"position\":2,\"name\":\"Centers &#038; Departments\",\"item\":\"https:\/\/groupflorence.com\/sv\/centers-treatments\/\"},{\"@type\":\"ListItem\",\"position\":3,\"name\":\"Robotic Surgery Center\",\"item\":\"https:\/\/groupflorence.com\/sv\/centers-treatments\/robotic-surgery-center\/\"},{\"@type\":\"ListItem\",\"position\":4,\"name\":\"Robotic Thoracic Surgery\"}]},{\"@type\":\"WebSite\",\"@id\":\"https:\/\/groupflorence.com\/sv\/#website\",\"url\":\"https:\/\/groupflorence.com\/sv\/\",\"name\":\"Group Florence Nightingale Hospitals\",\"description\":\"\",\"publisher\":{\"@id\":\"https:\/\/groupflorence.com\/sv\/#organization\"},\"potentialAction\":[{\"@type\":\"SearchAction\",\"target\":{\"@type\":\"EntryPoint\",\"urlTemplate\":\"https:\/\/groupflorence.com\/sv\/?s={search_term_string}\"},\"query-input\":\"required name=search_term_string\"}],\"inLanguage\":\"en-US\"},{\"@type\":\"Organization\",\"@id\":\"https:\/\/groupflorence.com\/sv\/#organization\",\"name\":\"Group Florence Nightingale Hospitals\",\"url\":\"https:\/\/groupflorence.com\/sv\/\",\"logo\":{\"@type\":\"ImageObject\",\"inLanguage\":\"en-US\",\"@id\":\"https:\/\/groupflorence.com\/sv\/#\/schema\/logo\/image\/\",\"url\":\"https:\/\/groupflorence.com\/en\/wp-content\/uploads\/2021\/01\/gf-logotype-transparent-miniversion.png\",\"contentUrl\":\"https:\/\/groupflorence.com\/en\/wp-content\/uploads\/2021\/01\/gf-logotype-transparent-miniversion.png\",\"width\":245,\"height\":55,\"caption\":\"Group Florence Nightingale Hospitals\"},\"image\":{\"@id\":\"https:\/\/groupflorence.com\/sv\/#\/schema\/logo\/image\/\"},\"sameAs\":[\"https:\/\/www.facebook.com\/groupflorence\",\"https:\/\/www.instagram.com\/group_florence\/\",\"https:\/\/www.youtube.com\/channel\/UC_nlE9Up7N9T68unmJYEnfg\"]}]}<\/script>\n<!-- \/ Yoast SEO plugin. -->","yoast_head_json":{"title":"Robotic Thoracic Surgery - Group Florence Nightingale Hospitals","robots":{"index":"index","follow":"follow","max-snippet":"max-snippet:-1","max-image-preview":"max-image-preview:large","max-video-preview":"max-video-preview:-1"},"canonical":"https:\/\/groupflorence.com\/sv\/centers-treatments\/robotic-surgery-center\/robotic-thoracic-surgery\/","og_locale":"en_US","og_type":"article","og_title":"Robotic Thoracic Surgery - Group Florence Nightingale Hospitals","og_url":"https:\/\/groupflorence.com\/sv\/centers-treatments\/robotic-surgery-center\/robotic-thoracic-surgery\/","og_site_name":"Group Florence Nightingale Hospitals","article_publisher":"https:\/\/www.facebook.com\/groupflorence","article_modified_time":"2022-12-12T13:56:48+00:00","twitter_card":"summary_large_image","twitter_misc":{"Est. reading time":"6 minutes"},"schema":{"@context":"https:\/\/schema.org","@graph":[{"@type":"WebPage","@id":"https:\/\/groupflorence.com\/sv\/centers-treatments\/robotic-surgery-center\/robotic-thoracic-surgery\/","url":"https:\/\/groupflorence.com\/sv\/centers-treatments\/robotic-surgery-center\/robotic-thoracic-surgery\/","name":"Robotic Thoracic Surgery - Group Florence Nightingale Hospitals","isPartOf":{"@id":"https:\/\/groupflorence.com\/sv\/#website"},"datePublished":"2020-10-01T12:15:56+00:00","dateModified":"2022-12-12T13:56:48+00:00","breadcrumb":{"@id":"https:\/\/groupflorence.com\/sv\/centers-treatments\/robotic-surgery-center\/robotic-thoracic-surgery\/#breadcrumb"},"inLanguage":"en-US","potentialAction":[{"@type":"ReadAction","target":["https:\/\/groupflorence.com\/sv\/centers-treatments\/robotic-surgery-center\/robotic-thoracic-surgery\/"]}]},{"@type":"BreadcrumbList","@id":"https:\/\/groupflorence.com\/sv\/centers-treatments\/robotic-surgery-center\/robotic-thoracic-surgery\/#breadcrumb","itemListElement":[{"@type":"ListItem","position":1,"name":"Home","item":"https:\/\/groupflorence.com\/sv\/"},{"@type":"ListItem","position":2,"name":"Centers &#038; Departments","item":"https:\/\/groupflorence.com\/sv\/centers-treatments\/"},{"@type":"ListItem","position":3,"name":"Robotic Surgery Center","item":"https:\/\/groupflorence.com\/sv\/centers-treatments\/robotic-surgery-center\/"},{"@type":"ListItem","position":4,"name":"Robotic Thoracic Surgery"}]},{"@type":"WebSite","@id":"https:\/\/groupflorence.com\/sv\/#website","url":"https:\/\/groupflorence.com\/sv\/","name":"Group Florence Nightingale Hospitals","description":"","publisher":{"@id":"https:\/\/groupflorence.com\/sv\/#organization"},"potentialAction":[{"@type":"SearchAction","target":{"@type":"EntryPoint","urlTemplate":"https:\/\/groupflorence.com\/sv\/?s={search_term_string}"},"query-input":"required name=search_term_string"}],"inLanguage":"en-US"},{"@type":"Organization","@id":"https:\/\/groupflorence.com\/sv\/#organization","name":"Group Florence Nightingale Hospitals","url":"https:\/\/groupflorence.com\/sv\/","logo":{"@type":"ImageObject","inLanguage":"en-US","@id":"https:\/\/groupflorence.com\/sv\/#\/schema\/logo\/image\/","url":"https:\/\/groupflorence.com\/en\/wp-content\/uploads\/2021\/01\/gf-logotype-transparent-miniversion.png","contentUrl":"https:\/\/groupflorence.com\/en\/wp-content\/uploads\/2021\/01\/gf-logotype-transparent-miniversion.png","width":245,"height":55,"caption":"Group Florence Nightingale Hospitals"},"image":{"@id":"https:\/\/groupflorence.com\/sv\/#\/schema\/logo\/image\/"},"sameAs":["https:\/\/www.facebook.com\/groupflorence","https:\/\/www.instagram.com\/group_florence\/","https:\/\/www.youtube.com\/channel\/UC_nlE9Up7N9T68unmJYEnfg"]}]}},"_links":{"self":[{"href":"https:\/\/groupflorence.com\/sv\/wp-json\/wp\/v2\/pages\/3439","targetHints":{"allow":["GET"]}}],"collection":[{"href":"https:\/\/groupflorence.com\/sv\/wp-json\/wp\/v2\/pages"}],"about":[{"href":"https:\/\/groupflorence.com\/sv\/wp-json\/wp\/v2\/types\/page"}],"author":[{"embeddable":true,"href":"https:\/\/groupflorence.com\/sv\/wp-json\/wp\/v2\/users\/1"}],"replies":[{"embeddable":true,"href":"https:\/\/groupflorence.com\/sv\/wp-json\/wp\/v2\/comments?post=3439"}],"version-history":[{"count":2,"href":"https:\/\/groupflorence.com\/sv\/wp-json\/wp\/v2\/pages\/3439\/revisions"}],"predecessor-version":[{"id":6795,"href":"https:\/\/groupflorence.com\/sv\/wp-json\/wp\/v2\/pages\/3439\/revisions\/6795"}],"up":[{"embeddable":true,"href":"https:\/\/groupflorence.com\/sv\/wp-json\/wp\/v2\/pages\/2460"}],"wp:attachment":[{"href":"https:\/\/groupflorence.com\/sv\/wp-json\/wp\/v2\/media?parent=3439"}],"curies":[{"name":"wp","href":"https:\/\/api.w.org\/{rel}","templated":true}]}}