{"id":3418,"date":"2020-10-01T14:58:57","date_gmt":"2020-10-01T11:58:57","guid":{"rendered":"https:\/\/groupflorence.com\/en\/?page_id=3418"},"modified":"2022-12-12T16:43:09","modified_gmt":"2022-12-12T13:43:09","slug":"robotic-general-surgery","status":"publish","type":"page","link":"https:\/\/groupflorence.com\/sv\/centers-treatments\/robotic-surgery-center\/robotic-general-surgery\/","title":{"rendered":"Robotic General Surgery"},"content":{"rendered":"<section id=\"bt_section69ec3926e7dfc\"  class=\"boldSection gutter inherit treatment-container\" ><div class=\"port\"><div class=\"boldCell\"><div class=\"boldCellInner\"><div class=\"boldRow treatment-container \" ><div class=\"boldRowInner\"><div class=\"rowItem col-md-4 col-ms-12 btTextLeft\"  ><div class=\"rowItemContent\" ><div class=\"btClear btSeparator topSpaced noBorder\" ><hr><\/div><div class=\"btCustomMenu treatment-sidebar\" ><div class=\"menu-robotic-surgery-center-container\"><ul id=\"menu-robotic-surgery-center\" class=\"menu\"><li id=\"menu-item-3416\" class=\"menu-item menu-item-type-post_type menu-item-object-page menu-item-has-children menu-item-3416\"><a href=\"https:\/\/groupflorence.com\/sv\/centers-treatments\/\">Centrum och avdelningar<\/a><ul class=\"sub-menu\"><li id=\"menu-item-3414\" class=\"menu-item menu-item-type-post_type menu-item-object-page menu-item-has-children menu-item-3414\"><a href=\"https:\/\/groupflorence.com\/sv\/centers-treatments\/robotic-surgery-center\/\">Robotic Surgery Center<\/a><ul class=\"sub-menu\"><li id=\"menu-item-3432\" class=\"menu-item menu-item-type-post_type menu-item-object-page menu-item-3432\"><a href=\"https:\/\/groupflorence.com\/sv\/centers-treatments\/robotic-surgery-center\/robotic-cardiac-surgery\/\">Robotisk hj\u00e4rtkirurgi<\/a><\/li><li id=\"menu-item-3424\" class=\"menu-item menu-item-type-post_type menu-item-object-page menu-item-3424\"><a href=\"https:\/\/groupflorence.com\/sv\/centers-treatments\/robotic-surgery-center\/robotic-general-surgery\/\">Robotisk allm\u00e4n kirurgi<\/a><\/li><li id=\"menu-item-3438\" class=\"menu-item menu-item-type-post_type menu-item-object-page menu-item-3438\"><a href=\"https:\/\/groupflorence.com\/sv\/centers-treatments\/robotic-surgery-center\/robotic-gynecology\/\">Robotisk gynekologi<\/a><\/li><li id=\"menu-item-3435\" class=\"menu-item menu-item-type-post_type menu-item-object-page menu-item-3435\"><a href=\"https:\/\/groupflorence.com\/sv\/centers-treatments\/robotic-surgery-center\/robotic-obesity-surgery\/\">Robotisk fetmakirurgi<\/a><\/li><li id=\"menu-item-3413\" class=\"menu-item menu-item-type-post_type menu-item-object-page menu-item-3413\"><a href=\"https:\/\/groupflorence.com\/sv\/centers-treatments\/robotic-surgery-center\/robotic-urology-surgery\/\">Robotisk urologikirurgi<\/a><\/li><li id=\"menu-item-3441\" class=\"menu-item menu-item-type-post_type menu-item-object-page menu-item-3441\"><a href=\"https:\/\/groupflorence.com\/sv\/centers-treatments\/robotic-surgery-center\/robotic-thoracic-surgery\/\">Robotisk thoraxkirurgi<\/a><\/li><\/ul><\/li><\/ul><\/li>\n<\/ul><\/div><\/div><div class=\"btClear btSeparator topSemiSpaced noBorder\" ><hr><\/div><div class=\"boldRow boldInnerRow  bt_bb_hidden_xs bt_bb_hidden_ms bt_bb_hidden_sm\" ><div class=\"rowItem rowInnerItem col-md-12  btTextCenter btMiddleVertical\"  ><div class=\"rowItemContent\"><div class=\"bpgPhoto btTextCenter\" > \r\n\t\t\t\t\t<a href=\"https:\/\/groupflorence.com\/sv\/patient-guide\/covid-19-precautions\/\" target=\"_self\" title=\"\"><\/a>\r\n\t\t\t\t\t<div class=\"boldPhotoBox\"><div class=\"bpbItem\"><div class = \"btImage\"><img decoding=\"async\" src=\"https:\/\/groupflorence.com\/sv\/wp-content\/uploads\/2020\/12\/covid-safe-sidebar-320x186.jpg\" alt=\"\" title=\"\" ><\/div><\/div><\/div>\r\n\t\t\t\t\t<div class=\"captionPane\">\r\n\t\t\t\t\t\t<div class=\"captionTable\">\r\n\t\t\t\t\t\t\t<div class=\"captionCell\">\r\n\t\t\t\t\t\t\t\t<div class=\"captionTxt\"><\/div>\r\n\t\t\t\t\t\t\t<\/div>\r\n\t\t\t\t\t\t<\/div>\r\n\t\t\t\t\t<\/div><\/div><div class=\"btClear btSeparator topSmallSpaced bottomSmallSpaced border\" ><hr><\/div><a href=\"https:\/\/groupflorence.com\/sv\/contact-us\/\" class=\"btBtn btBtn btnFilledStyle btnAccentColor btnBig btnNormalWidth btnLeftPosition btnNoIcon\" ><span class=\"btnInnerText\">St\u00e4lla en fr\u00e5ga<\/span><\/a><\/div><\/div><\/div><\/div><\/div><div class=\"rowItem col-md-8 col-ms-12 btTextLeft\"  ><div class=\"rowItemContent\" ><div class=\"btClear btSeparator topSemiSpaced noBorder\" ><hr><\/div><header class=\"header btClear medium btDash bottomDash  btNormalDash\" ><div class=\"dash\"><h3><span class=\"headline\"><b class=\"animate\">Robotisk allm\u00e4n kirurgi<\/b><\/span><\/h3><\/div><\/header><div class=\"btClear btSeparator topSmallSpaced noBorder\" ><hr><\/div><header class=\"header btClear medium btDash bottomDash  btAccentDash\" ><div class=\"dash\"><h3><span class=\"headline\">Allm\u00e4n kirurgisk operation med robotkirurgi\r<br><\/span><\/h3><\/div><\/header><div class=\"btClear btSeparator topExtraSmallSpaced noBorder\" ><hr><\/div><div class=\"btText\" ><p>Anv\u00e4ndning av minimalt invasiva tekniker i dagens kirurgi \u00e4r den viktigaste utvecklingen f\u00f6r den moderna kirurgin och erbjuder m\u00e5nga f\u00f6rdelar j\u00e4mf\u00f6rt med klassiska \u00f6ppna kirurgiska tekniker. Den nuvarande kirurgiska och tekniska utvecklingen till\u00e5ter kirurger att utf\u00f6ra m\u00e5nga komplicerade kirurgiska ingrepp med minimalt invasiva metoder. Laparoskopisk kirurgi har m\u00e5nga f\u00f6rdelar j\u00e4mf\u00f6rt med \u00f6ppen kirurgi inklusive kortare sjukhusvistelse, minskad sjuklighet och snabbare \u00e5terh\u00e4mtningstid. Laparoskopisk kirurgi har blivit popul\u00e4r i, och ett standardf\u00f6rfarande f\u00f6r, m\u00e5nga buk- och b\u00e4ckenoperationer.<\/p>\n<p>Robotiska kirurgiska system anv\u00e4ndes f\u00f6rst 1996 och introducerades sedan i intraabdominal kirurgi 2000 n\u00e4r Da Vinci Surgical System (Intuitive Surgical, Inc., Sunnyvale, CA, USA) godk\u00e4ndes av FDA. De fr\u00e4msta f\u00f6rdelarna med robotkirurgiska system inkluderar att f\u00e5 naturliga dimensionsbilder som ger en k\u00e4nsla av djup; f\u00f6rm\u00e5gan hos mekaniska handleder (EndoWrists) f\u00e4sta vid \u00e4nden av robotarmar att exakt r\u00f6ra sig i sex axlar; och minimerade vibrationer. Robotkirurgiska ingrepp har anv\u00e4nts i stor utstr\u00e4ckning i v\u00e4rlden och anses vara operationens \u00e5lder efter laparoskopi.<\/p>\n<\/div><div class=\"btClear btSeparator topSmallSpaced noBorder\" ><hr><\/div><header class=\"header btClear medium btDash bottomDash  btAccentDash\" ><div class=\"dash\"><h3><span class=\"headline\">Vilka \u00e4r f\u00f6rdelarna med robotkirurgi?<\/span><\/h3><\/div><\/header><div class=\"btClear btSeparator topExtraSmallSpaced noBorder\" ><hr><\/div><div class=\"btText\" ><p>F\u00f6rutom klassiska f\u00f6rdelar med laparoskopisk kirurgi inkluderar de viktigaste f\u00f6rdelarna med robotkirurgi f\u00f6ljande:<\/p>\n<ul>\n<li>Mindre sm\u00e4rta Mindre postoperativ sm\u00e4rta p\u00e5 grund av mindre traumatisk inst\u00e4llning till hud och muskler<\/li>\n<li>Mindre risk f\u00f6r infektion<\/li>\n<li>Betydligt mindre risk f\u00f6r infektion \u00e4n vid en \u00f6ppen operation eftersom de intraabdominala organen kommer i kontakt med minimal luft i operationssalen.<\/li>\n<li>S\u00e4krare operation<\/li>\n<li>En d\u00e4r dimensionell och f\u00f6rstorad bild m\u00f6jligg\u00f6r b\u00e4ttre visning av blodk\u00e4rl och nerver. Till exempel \u00e4r blodf\u00f6rlusten mindre under en robotoperation.<\/li>\n<li>Mindre markerat \u00e4rr<\/li>\n<li>Ett 1-1,5 cm stort snitt l\u00e4mnar ett mindre markerat \u00e4rr \u00e4n ett snitt p\u00e5 20-25 vid en \u00f6ppen operation.<\/li>\n<li>Snabbare \u00e5terh\u00e4mtning Tidigare postoperativ mobilisering och oralt intag g\u00f6r att en patient kan \u00e5terh\u00e4mta sig snabbare.<\/li>\n<li>Kortare sjukhusvistelse<\/li>\n<li>De flesta patienter skrivs ut p\u00e5 3:e eller 4:e dagen.<\/li>\n<li>Patienterna kommer snabbare tillbaka till jobbet och vardagen.<\/li>\n<li>Omr\u00e5den d\u00e4r robot anv\u00e4nds i allm\u00e4n kirurgi<\/li>\n<\/ul>\n<p>Trots att den mestadels anv\u00e4nts inom urologisk kirurgi under det senaste decenniet har robotkirurgin alltmer anv\u00e4nts f\u00f6r allm\u00e4nna kirurgiska ingrepp. Det erbjuder tekniska f\u00f6rdelar j\u00e4mf\u00f6rt med laparoskopisk kirurgi vid arbete i djupa omr\u00e5den som \u00e4r sv\u00e5ra att n\u00e5, s\u00e5som bukoperationer, magbr\u00e5ck, matstrupe och \u00e4ndtarm. Det anv\u00e4nds mest vid kolorektal kirurgi inom allm\u00e4n kirurgi. De omr\u00e5den d\u00e4r robotsystem anv\u00e4nds listas nedan.<\/p>\n<\/div><div class=\"btClear btSeparator topSmallSpaced noBorder\" ><hr><\/div><header class=\"header btClear medium btDash bottomDash  btAccentDash\" ><div class=\"dash\"><h3><span class=\"headline\">Robotisk kolorektal kirurgi\r<br><\/span><\/h3><\/div><\/header><div class=\"btClear btSeparator topExtraSmallSpaced noBorder\" ><hr><\/div><div class=\"btText\" ><p>Robotkirurgiska system anv\u00e4nds framg\u00e5ngsrikt vid kirurgisk behandling av m\u00e5nga kolorektala sjukdomar inklusive tjocktarmscancer, rektalcancer, divertikulit och dess komplikationer och inflammatoriska tarmsjukdomar. Minimalt invasiva ingrepp har betydande f\u00f6rdelar vid kolorektal cancer j\u00e4mf\u00f6rt med \u00f6ppna operationer (t.ex. laparoskopi, robotkirurgi). Vid \u00f6ppna operationer f\u00f6rl\u00e4ngs postoperativ mobilisering och oral utfodring av patienter (4-6 dagar), s\u00e5 de stannar p\u00e5 sjukhuset l\u00e4ngre (6-8 dagar) och \u00e5terg\u00e5r till dagliga aktiviteter senare.<\/p>\n<p>Vid robotiska kolorektala operationer \u00e4r postoperativ sm\u00e4rta mindre p\u00e5 grund av snitt 1-1,5 cm stora, och perioden f\u00f6r oral matning (2-3 dagar) och sjukhusvistelse (4-5 dagar) \u00e4r kortare.<\/p>\n<p>Robotkirurgiska operationer anv\u00e4nds framg\u00e5ngsrikt vid behandling av kolorektala sjukdomar. P\u00e5 grund av anatomiska egenskaper blir robotkirurgiska system viktigare f\u00f6r tr\u00e5nga och djupa omr\u00e5den, t.ex. b\u00e4cken, vid operationer som utf\u00f6rs f\u00f6r framf\u00f6r allt \u00e4ndtarmscancer. Under en lymfdissektion som \u00e4r kompatibel med onkologiska kirurgiska regler \u00e4r bevarande av blodk\u00e4rl och nervpaket, som utf\u00f6r sexuella funktioner och urinfunktioner, m\u00f6jligt och mycket s\u00e4krare med robotkirurgiska system. Patienternas livskvalitet f\u00f6rb\u00e4ttras och frekvensen av lokalt \u00e5terfall minskar efter denna operation. Patienter b\u00f6rjar fysiska aktiviteter och oral matning tidigare. D\u00e4rmed blir sjukhusvistelsen och \u00e5terg\u00e5ngen till det dagliga livet kortare.<\/p>\n<\/div><div class=\"btClear btSeparator topSmallSpaced noBorder\" ><hr><\/div><header class=\"header btClear medium btDash bottomDash  btAccentDash\" ><div class=\"dash\"><h3><span class=\"headline\">Antireflux och magbr\u00e5ck med robotkirurgi\r<br><\/span><\/h3><\/div><\/header><div class=\"btClear btSeparator topExtraSmallSpaced noBorder\" ><hr><\/div><div class=\"btText\" ><ul>\n<li>Nissen fundoplication f\u00f6r behandling av magbr\u00e5ck och tillh\u00f6rande reflux.<\/li>\n<li>Esofagusingrepp med robotkirurgi<\/li>\n<li>Matstrupscancer<\/li>\n<li>Achalasia<\/li>\n<li>Robotkirurgi f\u00f6r mage och tunntarm<\/li>\n<li>Subtotal och total gastrectomy f\u00f6r magcancer<\/li>\n<li>Robotkirurgi f\u00f6r bukspottk\u00f6rteln och andra fasta organ<\/li>\n<li>Bukspottk\u00f6rteltum\u00f6rer<\/li>\n<li>Benigna och maligna cystor i bukspottk\u00f6rteln<\/li>\n<li>Robotkirurgi f\u00f6r lever och gallv\u00e4gar<\/li>\n<li>Kolecystektomi<\/li>\n<li>Leverresektioner och gallv\u00e4gskirurgi<\/li>\n<li>Endokrinal robotkirurgi<\/li>\n<li>Operationer av suprarenal k\u00f6rtel (binjure)<\/li>\n<li>Sk\u00f6ldk\u00f6rteloperation<\/li>\n<li>Bariatrisk Robotikkirurgi<\/li>\n<li>Mags\u00e4cksoperation<\/li>\n<li>Sleeve gastrectomy (Tubmage)<\/li>\n<li>Med framtida tekniska utvecklingar inom de robotkirurgiska systemen f\u00f6rv\u00e4ntas robotkirurgi ers\u00e4tta klassisk laparoskopisk kirurgi i komplexa fall, och robotisk enkelsnittslaparoskopi kommer att bli en standardprocedur f\u00f6r enklare fall.<\/li>\n<\/ul>\n<\/div><div class=\"btClear btSeparator topSemiSpaced noBorder\" ><hr><\/div><header class=\"header btClear medium btDash bottomDash  btAccentDash\" ><div class=\"dash\"><h3><span class=\"headline\"><em>Kontakta oss nu<\/em><\/span><\/h3><\/div><\/header><div class=\"btClear btSeparator bottomSmallSpaced noBorder\" ><hr><\/div><div class=\"btText\" >\n<div class=\"wpcf7 no-js\" id=\"wpcf7-f2891-o1\" lang=\"tr-TR\" dir=\"ltr\">\n<div class=\"screen-reader-response\"><p role=\"status\" aria-live=\"polite\" aria-atomic=\"true\"><\/p> <ul><\/ul><\/div>\n<form action=\"\/sv\/wp-json\/wp\/v2\/pages\/3418#wpcf7-f2891-o1\" method=\"post\" class=\"wpcf7-form init wpcf7-acceptance-as-validation\" aria-label=\"Contact form\" novalidate=\"novalidate\" data-status=\"init\">\n<div style=\"display: none;\">\n<input type=\"hidden\" name=\"_wpcf7\" value=\"2891\" \/>\n<input type=\"hidden\" name=\"_wpcf7_version\" value=\"5.9.2\" \/>\n<input type=\"hidden\" name=\"_wpcf7_locale\" value=\"tr_TR\" \/>\n<input type=\"hidden\" name=\"_wpcf7_unit_tag\" value=\"wpcf7-f2891-o1\" \/>\n<input type=\"hidden\" name=\"_wpcf7_container_post\" value=\"0\" \/>\n<input type=\"hidden\" name=\"_wpcf7_posted_data_hash\" value=\"\" \/>\n<\/div>\n<p style=\"margin-bottom:30px !important;\">N\u00e4r du fyller i kontaktformul\u00e4ret nedan kan du ocks\u00e5 skicka din\/patientens medicinska handlingar till oss via <strong>wetransfer<\/strong>. Den medicinska second opinion kommer att presenteras f\u00f6r dig inom 48 timmar.\n<\/p>\n<div class=\"boldRow boldInnerRow  \">\n\t<div class=\"rowItem rowInnerItem col-md-6  btTextLeft\">\n\t\t<div class=\"rowItemContent\">\n\t\t\t<p><label><span class=\"bt_bb_required\">Your Name<\/span><br \/>\n<span class=\"wpcf7-form-control-wrap\" data-name=\"your-name\"><input size=\"40\" class=\"wpcf7-form-control wpcf7-text wpcf7-validates-as-required\" aria-required=\"true\" aria-invalid=\"false\" value=\"\" type=\"text\" name=\"your-name\" \/><\/span> <\/label>\n\t\t\t<\/p>\n\t\t\t<p><label><span class=\"bt_bb_required\">Your Email<\/span><br \/>\n<span class=\"wpcf7-form-control-wrap\" data-name=\"your-email\"><input size=\"40\" class=\"wpcf7-form-control wpcf7-email wpcf7-validates-as-required wpcf7-text wpcf7-validates-as-email\" aria-required=\"true\" aria-invalid=\"false\" value=\"\" type=\"email\" name=\"your-email\" \/><\/span> <\/label>\n\t\t\t<\/p>\n\t\t\t<p><label><span class=\"bt_bb_required\">Your Phone<\/span><br \/>\n<span class=\"wpcf7-form-control-wrap\" data-name=\"your-phone\"><input size=\"40\" class=\"wpcf7-form-control wpcf7-phonetext wpcf7-text wpcf7-validates-as-phonetext\" id=\"int_phone\" aria-invalid=\"false\" value=\"\" type=\"text\" name=\"your-phone\" \/><input type=\"hidden\" name=\"your-phone-country-code\" class=\"wpcf7-phonetext-country-code\" \/><\/span> <\/label>\n\t\t\t<\/p>\n\t\t\t<p><label><span class=\"bt_bb_required\">Your Message<\/span><br \/>\n<span class=\"wpcf7-form-control-wrap\" data-name=\"your-message\"><textarea cols=\"40\" rows=\"10\" class=\"wpcf7-form-control wpcf7-textarea wpcf7-validates-as-required\" aria-required=\"true\" aria-invalid=\"false\" name=\"your-message\"><\/textarea><\/span> <\/label>\n\t\t\t<\/p>\n\t\t\t<p><label><span class=\"bt_bb_required\" style=\"margin-top:25px !important;\"><span class=\"wpcf7-form-control-wrap\" data-name=\"accept-this-1\"><span class=\"wpcf7-form-control wpcf7-acceptance\"><span class=\"wpcf7-list-item\"><label><input type=\"checkbox\" name=\"accept-this-1\" value=\"1\" aria-invalid=\"false\" \/><span class=\"wpcf7-list-item-label\">I agree to <a target=\"_blank\" href=\"https:\/\/groupflorence.com\/en\/terms-of-use\/\">Terms &#038; Services<\/a>.<\/span><\/label><\/span><\/span><\/span><\/span><\/label>\n\t\t\t<\/p>\n\t\t\t<p><input class=\"wpcf7-form-control wpcf7-submit has-spinner contact_button_int\" type=\"submit\" value=\"SEND MESSAGE\" \/>\n\t\t\t<\/p>\n\t\t<\/div>\n\t<\/div>\n\t<div class=\"rowItem rowInnerItem col-md-6  btTextLeft\">\n\t\t<div class=\"rowItemContent\">\n\t\t\t<p align=\"center\" style=\"margin-top:30px;\"><br \/>\n<a href=\"http:\/\/florencenightingale.wetransfer.com\/\" target=\"_blank\" title=\"Click Here To Transfer Your Documents via WeTransfer\"><img decoding=\"async\"  align=\"center\" style=\"max-width:250px !important;\" class=\"lazy loaded\" src=\"https:\/\/groupflorence.com\/ru\/wp-content\/uploads\/2020\/08\/89130-wetransfer-default-logo-rgb-original-1365619064-e1599162229581.png\" data-src=\"https:\/\/groupflorence.com\/ru\/wp-content\/uploads\/2020\/08\/89130-wetransfer-default-logo-rgb-original-1365619064-e1599162229581.png\" alt=\"Click Here To Transfer Your Documents via WeTransfer\" title=\"Click Here To Transfer Your Documents via WeTransfer\" data-was-processed=\"true\" \/><\/a>\n\t\t\t<\/p>\n\t\t\t<h3 align=\"center\"><a href=\"http:\/\/florencenightingale.wetransfer.com\/\" target=\"_blank\" title=\"Click Here To Transfer Your Documents via WeTransfer\">Send via WeTransfer<\/a>\n\t\t\t<\/h3>\n\t\t\t<p align=\"center\">Du kan skicka dina \u00f6verdimensionerade medicinska dokument (MRT-inspelningar, labbresultat, bilder etc.) med v\u00e5rt WeTransfer-konto. Det \u00e4r enkelt, snabbt och s\u00e4kert.\n\t\t\t<\/p>\n\t\t<\/div>\n\t\t<center>\n\t\t\t<p><a href=\"http:\/\/florencenightingale.wetransfer.com\/\" class=\"btBtn btBtn btnFilledStyle btnAccentColor btnSmall btnNormalWidth btnRightPosition btnNoIcon\" target=\"_blank\"><span class=\"btnInnerText\">Send Now<\/span><\/a>\n\t\t\t<\/p>\n\t\t<\/center>\n\t<\/div>\n<\/div><div class=\"wpcf7-response-output\" aria-hidden=\"true\"><\/div>\n<\/form>\n<\/div>\n<\/div><div class=\"btClear btSeparator topSpaced noBorder\" ><hr><\/div><\/div><\/div><\/div><\/div><\/div><\/div><\/div><\/section>","protected":false},"excerpt":{"rendered":"","protected":false},"author":1,"featured_media":0,"parent":2460,"menu_order":3,"comment_status":"closed","ping_status":"closed","template":"","meta":{"footnotes":""},"class_list":["post-3418","page","type-page","status-publish","hentry"],"yoast_head":"<!-- This site is optimized with the Yoast SEO plugin v22.2 - https:\/\/yoast.com\/wordpress\/plugins\/seo\/ -->\n<title>Robotic General Surgery - Group Florence Nightingale Hospitals<\/title>\n<meta name=\"robots\" content=\"index, follow, max-snippet:-1, max-image-preview:large, max-video-preview:-1\" \/>\n<link rel=\"canonical\" href=\"https:\/\/groupflorence.com\/sv\/centers-treatments\/robotic-surgery-center\/robotic-general-surgery\/\" \/>\n<meta property=\"og:locale\" content=\"en_US\" \/>\n<meta property=\"og:type\" content=\"article\" \/>\n<meta property=\"og:title\" content=\"Robotic General Surgery - Group Florence Nightingale Hospitals\" \/>\n<meta property=\"og:url\" content=\"https:\/\/groupflorence.com\/sv\/centers-treatments\/robotic-surgery-center\/robotic-general-surgery\/\" \/>\n<meta property=\"og:site_name\" content=\"Group Florence Nightingale Hospitals\" \/>\n<meta property=\"article:publisher\" content=\"https:\/\/www.facebook.com\/groupflorence\" \/>\n<meta property=\"article:modified_time\" content=\"2022-12-12T13:43:09+00:00\" \/>\n<meta name=\"twitter:card\" content=\"summary_large_image\" \/>\n<meta name=\"twitter:label1\" content=\"Est. reading time\" \/>\n\t<meta name=\"twitter:data1\" content=\"7 minutes\" \/>\n<script type=\"application\/ld+json\" class=\"yoast-schema-graph\">{\"@context\":\"https:\/\/schema.org\",\"@graph\":[{\"@type\":\"WebPage\",\"@id\":\"https:\/\/groupflorence.com\/sv\/centers-treatments\/robotic-surgery-center\/robotic-general-surgery\/\",\"url\":\"https:\/\/groupflorence.com\/sv\/centers-treatments\/robotic-surgery-center\/robotic-general-surgery\/\",\"name\":\"Robotic General Surgery - Group Florence Nightingale Hospitals\",\"isPartOf\":{\"@id\":\"https:\/\/groupflorence.com\/sv\/#website\"},\"datePublished\":\"2020-10-01T11:58:57+00:00\",\"dateModified\":\"2022-12-12T13:43:09+00:00\",\"breadcrumb\":{\"@id\":\"https:\/\/groupflorence.com\/sv\/centers-treatments\/robotic-surgery-center\/robotic-general-surgery\/#breadcrumb\"},\"inLanguage\":\"en-US\",\"potentialAction\":[{\"@type\":\"ReadAction\",\"target\":[\"https:\/\/groupflorence.com\/sv\/centers-treatments\/robotic-surgery-center\/robotic-general-surgery\/\"]}]},{\"@type\":\"BreadcrumbList\",\"@id\":\"https:\/\/groupflorence.com\/sv\/centers-treatments\/robotic-surgery-center\/robotic-general-surgery\/#breadcrumb\",\"itemListElement\":[{\"@type\":\"ListItem\",\"position\":1,\"name\":\"Home\",\"item\":\"https:\/\/groupflorence.com\/sv\/\"},{\"@type\":\"ListItem\",\"position\":2,\"name\":\"Centers &#038; Departments\",\"item\":\"https:\/\/groupflorence.com\/sv\/centers-treatments\/\"},{\"@type\":\"ListItem\",\"position\":3,\"name\":\"Robotic Surgery Center\",\"item\":\"https:\/\/groupflorence.com\/sv\/centers-treatments\/robotic-surgery-center\/\"},{\"@type\":\"ListItem\",\"position\":4,\"name\":\"Robotic General Surgery\"}]},{\"@type\":\"WebSite\",\"@id\":\"https:\/\/groupflorence.com\/sv\/#website\",\"url\":\"https:\/\/groupflorence.com\/sv\/\",\"name\":\"Group Florence Nightingale Hospitals\",\"description\":\"\",\"publisher\":{\"@id\":\"https:\/\/groupflorence.com\/sv\/#organization\"},\"potentialAction\":[{\"@type\":\"SearchAction\",\"target\":{\"@type\":\"EntryPoint\",\"urlTemplate\":\"https:\/\/groupflorence.com\/sv\/?s={search_term_string}\"},\"query-input\":\"required name=search_term_string\"}],\"inLanguage\":\"en-US\"},{\"@type\":\"Organization\",\"@id\":\"https:\/\/groupflorence.com\/sv\/#organization\",\"name\":\"Group Florence Nightingale Hospitals\",\"url\":\"https:\/\/groupflorence.com\/sv\/\",\"logo\":{\"@type\":\"ImageObject\",\"inLanguage\":\"en-US\",\"@id\":\"https:\/\/groupflorence.com\/sv\/#\/schema\/logo\/image\/\",\"url\":\"https:\/\/groupflorence.com\/en\/wp-content\/uploads\/2021\/01\/gf-logotype-transparent-miniversion.png\",\"contentUrl\":\"https:\/\/groupflorence.com\/en\/wp-content\/uploads\/2021\/01\/gf-logotype-transparent-miniversion.png\",\"width\":245,\"height\":55,\"caption\":\"Group Florence Nightingale Hospitals\"},\"image\":{\"@id\":\"https:\/\/groupflorence.com\/sv\/#\/schema\/logo\/image\/\"},\"sameAs\":[\"https:\/\/www.facebook.com\/groupflorence\",\"https:\/\/www.instagram.com\/group_florence\/\",\"https:\/\/www.youtube.com\/channel\/UC_nlE9Up7N9T68unmJYEnfg\"]}]}<\/script>\n<!-- \/ Yoast SEO plugin. -->","yoast_head_json":{"title":"Robotic General Surgery - Group Florence Nightingale Hospitals","robots":{"index":"index","follow":"follow","max-snippet":"max-snippet:-1","max-image-preview":"max-image-preview:large","max-video-preview":"max-video-preview:-1"},"canonical":"https:\/\/groupflorence.com\/sv\/centers-treatments\/robotic-surgery-center\/robotic-general-surgery\/","og_locale":"en_US","og_type":"article","og_title":"Robotic General Surgery - Group Florence Nightingale Hospitals","og_url":"https:\/\/groupflorence.com\/sv\/centers-treatments\/robotic-surgery-center\/robotic-general-surgery\/","og_site_name":"Group Florence Nightingale Hospitals","article_publisher":"https:\/\/www.facebook.com\/groupflorence","article_modified_time":"2022-12-12T13:43:09+00:00","twitter_card":"summary_large_image","twitter_misc":{"Est. reading time":"7 minutes"},"schema":{"@context":"https:\/\/schema.org","@graph":[{"@type":"WebPage","@id":"https:\/\/groupflorence.com\/sv\/centers-treatments\/robotic-surgery-center\/robotic-general-surgery\/","url":"https:\/\/groupflorence.com\/sv\/centers-treatments\/robotic-surgery-center\/robotic-general-surgery\/","name":"Robotic General Surgery - Group Florence Nightingale Hospitals","isPartOf":{"@id":"https:\/\/groupflorence.com\/sv\/#website"},"datePublished":"2020-10-01T11:58:57+00:00","dateModified":"2022-12-12T13:43:09+00:00","breadcrumb":{"@id":"https:\/\/groupflorence.com\/sv\/centers-treatments\/robotic-surgery-center\/robotic-general-surgery\/#breadcrumb"},"inLanguage":"en-US","potentialAction":[{"@type":"ReadAction","target":["https:\/\/groupflorence.com\/sv\/centers-treatments\/robotic-surgery-center\/robotic-general-surgery\/"]}]},{"@type":"BreadcrumbList","@id":"https:\/\/groupflorence.com\/sv\/centers-treatments\/robotic-surgery-center\/robotic-general-surgery\/#breadcrumb","itemListElement":[{"@type":"ListItem","position":1,"name":"Home","item":"https:\/\/groupflorence.com\/sv\/"},{"@type":"ListItem","position":2,"name":"Centers &#038; Departments","item":"https:\/\/groupflorence.com\/sv\/centers-treatments\/"},{"@type":"ListItem","position":3,"name":"Robotic Surgery Center","item":"https:\/\/groupflorence.com\/sv\/centers-treatments\/robotic-surgery-center\/"},{"@type":"ListItem","position":4,"name":"Robotic General Surgery"}]},{"@type":"WebSite","@id":"https:\/\/groupflorence.com\/sv\/#website","url":"https:\/\/groupflorence.com\/sv\/","name":"Group Florence Nightingale Hospitals","description":"","publisher":{"@id":"https:\/\/groupflorence.com\/sv\/#organization"},"potentialAction":[{"@type":"SearchAction","target":{"@type":"EntryPoint","urlTemplate":"https:\/\/groupflorence.com\/sv\/?s={search_term_string}"},"query-input":"required name=search_term_string"}],"inLanguage":"en-US"},{"@type":"Organization","@id":"https:\/\/groupflorence.com\/sv\/#organization","name":"Group Florence Nightingale Hospitals","url":"https:\/\/groupflorence.com\/sv\/","logo":{"@type":"ImageObject","inLanguage":"en-US","@id":"https:\/\/groupflorence.com\/sv\/#\/schema\/logo\/image\/","url":"https:\/\/groupflorence.com\/en\/wp-content\/uploads\/2021\/01\/gf-logotype-transparent-miniversion.png","contentUrl":"https:\/\/groupflorence.com\/en\/wp-content\/uploads\/2021\/01\/gf-logotype-transparent-miniversion.png","width":245,"height":55,"caption":"Group Florence Nightingale Hospitals"},"image":{"@id":"https:\/\/groupflorence.com\/sv\/#\/schema\/logo\/image\/"},"sameAs":["https:\/\/www.facebook.com\/groupflorence","https:\/\/www.instagram.com\/group_florence\/","https:\/\/www.youtube.com\/channel\/UC_nlE9Up7N9T68unmJYEnfg"]}]}},"_links":{"self":[{"href":"https:\/\/groupflorence.com\/sv\/wp-json\/wp\/v2\/pages\/3418","targetHints":{"allow":["GET"]}}],"collection":[{"href":"https:\/\/groupflorence.com\/sv\/wp-json\/wp\/v2\/pages"}],"about":[{"href":"https:\/\/groupflorence.com\/sv\/wp-json\/wp\/v2\/types\/page"}],"author":[{"embeddable":true,"href":"https:\/\/groupflorence.com\/sv\/wp-json\/wp\/v2\/users\/1"}],"replies":[{"embeddable":true,"href":"https:\/\/groupflorence.com\/sv\/wp-json\/wp\/v2\/comments?post=3418"}],"version-history":[{"count":2,"href":"https:\/\/groupflorence.com\/sv\/wp-json\/wp\/v2\/pages\/3418\/revisions"}],"predecessor-version":[{"id":6791,"href":"https:\/\/groupflorence.com\/sv\/wp-json\/wp\/v2\/pages\/3418\/revisions\/6791"}],"up":[{"embeddable":true,"href":"https:\/\/groupflorence.com\/sv\/wp-json\/wp\/v2\/pages\/2460"}],"wp:attachment":[{"href":"https:\/\/groupflorence.com\/sv\/wp-json\/wp\/v2\/media?parent=3418"}],"curies":[{"name":"wp","href":"https:\/\/api.w.org\/{rel}","templated":true}]}}