{"id":3172,"date":"2020-09-21T17:09:15","date_gmt":"2020-09-21T14:09:15","guid":{"rendered":"https:\/\/groupflorence.com\/en\/?page_id=3172"},"modified":"2022-12-09T10:44:42","modified_gmt":"2022-12-09T07:44:42","slug":"about-liver-transplantation","status":"publish","type":"page","link":"https:\/\/groupflorence.com\/sv\/centers-treatments\/liver-transplantation-center\/about-liver-transplantation\/","title":{"rendered":"About Liver Transplantation"},"content":{"rendered":"<section id=\"bt_section69ec8dde03a56\"  class=\"boldSection gutter inherit treatment-container\" ><div class=\"port\"><div class=\"boldCell\"><div class=\"boldCellInner\"><div class=\"boldRow treatment-container \" ><div class=\"boldRowInner\"><div class=\"rowItem col-md-4 col-ms-12 btTextLeft\"  ><div class=\"rowItemContent\" ><div class=\"btClear btSeparator topSpaced noBorder\" ><hr><\/div><div class=\"btCustomMenu treatment-sidebar\" ><div class=\"menu-liver-transplantation-center-container\"><ul id=\"menu-liver-transplantation-center\" class=\"menu\"><li id=\"menu-item-3356\" class=\"menu-item menu-item-type-post_type menu-item-object-page menu-item-has-children menu-item-3356\"><a href=\"https:\/\/groupflorence.com\/sv\/centers-treatments\/\">Centrum och avdelningar<\/a><ul class=\"sub-menu\"><li id=\"menu-item-3138\" class=\"menu-item menu-item-type-post_type menu-item-object-page menu-item-has-children menu-item-3138\"><a href=\"https:\/\/groupflorence.com\/sv\/centers-treatments\/liver-transplantation-center\/\">Levertransplantationscenter<\/a><ul class=\"sub-menu\"><li id=\"menu-item-3174\" class=\"menu-item menu-item-type-post_type menu-item-object-page menu-item-3174\"><a href=\"https:\/\/groupflorence.com\/sv\/centers-treatments\/liver-transplantation-center\/about-liver-transplantation\/\">Om levertransplantation<\/a><\/li><li id=\"menu-item-3171\" class=\"menu-item menu-item-type-post_type menu-item-object-page menu-item-3171\"><a href=\"https:\/\/groupflorence.com\/sv\/centers-treatments\/liver-transplantation-center\/hepatic-cirrhosis\/\">Levercirros<\/a><\/li><li id=\"menu-item-3179\" class=\"menu-item menu-item-type-post_type menu-item-object-page menu-item-3179\"><a href=\"https:\/\/groupflorence.com\/sv\/centers-treatments\/liver-transplantation-center\/donation-of-liver\/\">Donation av lever<\/a><\/li><li id=\"menu-item-3185\" class=\"menu-item menu-item-type-post_type menu-item-object-page menu-item-3185\"><a href=\"https:\/\/groupflorence.com\/sv\/centers-treatments\/liver-transplantation-center\/frequently-asked-questions\/\">Vanliga fr\u00e5gor<\/a><\/li><\/ul><\/li><\/ul><\/li>\n<\/ul><\/div><\/div><div class=\"btClear btSeparator topSemiSpaced noBorder\" ><hr><\/div><div class=\"boldRow boldInnerRow  bt_bb_hidden_xs bt_bb_hidden_ms bt_bb_hidden_sm\" ><div class=\"rowItem rowInnerItem col-md-12  btTextCenter btMiddleVertical\"  ><div class=\"rowItemContent\"><div class=\"bpgPhoto btTextCenter\" > \r\n\t\t\t\t\t<a href=\"https:\/\/groupflorence.com\/en\/patient-guide\/covid-19-precautions\/\" target=\"_blank\" title=\"\"><\/a>\r\n\t\t\t\t\t<div class=\"boldPhotoBox\"><div class=\"bpbItem\"><div class = \"btImage\"><img decoding=\"async\" src=\"https:\/\/groupflorence.com\/sv\/wp-content\/uploads\/2020\/12\/covid-safe-sidebar-320x186.jpg\" alt=\"\" title=\"\" ><\/div><\/div><\/div>\r\n\t\t\t\t\t<div class=\"captionPane\">\r\n\t\t\t\t\t\t<div class=\"captionTable\">\r\n\t\t\t\t\t\t\t<div class=\"captionCell\">\r\n\t\t\t\t\t\t\t\t<div class=\"captionTxt\"><\/div>\r\n\t\t\t\t\t\t\t<\/div>\r\n\t\t\t\t\t\t<\/div>\r\n\t\t\t\t\t<\/div><\/div><div class=\"btClear btSeparator topSmallSpaced bottomSmallSpaced border\" ><hr><\/div><a href=\"https:\/\/groupflorence.com\/sv\/contact-us\/\" class=\"btBtn btBtn btnFilledStyle btnAccentColor btnBig btnNormalWidth btnLeftPosition btnNoIcon\" ><span class=\"btnInnerText\">St\u00e4lla en fr\u00e5ga<\/span><\/a><\/div><\/div><\/div><\/div><\/div><div class=\"rowItem col-md-8 col-ms-12 btTextLeft\"  ><div class=\"rowItemContent\" ><div class=\"btClear btSeparator topSemiSpaced noBorder\" ><hr><\/div><header class=\"header btClear medium btDash bottomDash  btNormalDash\" ><div class=\"dash\"><h3><span class=\"headline\"><b class=\"animate\">Om levertransplantation<\/b><\/span><\/h3><\/div><\/header><div class=\"btClear btSeparator topSmallSpaced noBorder\" ><hr><\/div><header class=\"header btClear medium btDash bottomDash  btAccentDash\" ><div class=\"dash\"><h3><span class=\"headline\">Fakta om levertransplantationer\r<br><\/span><\/h3><\/div><\/header><div class=\"btClear btSeparator topExtraSmallSpaced noBorder\" ><hr><\/div><div class=\"btText\" ><ol>\n<li>Endast botande behandling av cirros i framskridet stadium<\/li>\n<li>Lever fr\u00e5n en familjemedlem vars blodgrupp \u00e4r kompatibel eller en person med hj\u00e4rnd\u00f6d kan doneras f\u00f6r levertransplantation.<\/li>\n<li>Framg\u00e5ngsfrekvensen \u00e4r st\u00f6rre \u00e4n 80 % om den utf\u00f6rs vid r\u00e4tt tidpunkt.<\/li>\n<li>Patienterna kan \u00e5terg\u00e5 till sin dagliga rutin efter transplantation.<\/li>\n<\/ol>\n<p>Enligt internationella riktlinjer ska varje patient med levercirros och patienter med en ber\u00e4knad livsl\u00e4ngd mindre \u00e4n ett \u00e5r utv\u00e4rderas f\u00f6r levertransplantation. Sv\u00e5righetsgraden av en leversjukdom graderas A till C. I allm\u00e4nhet \u00e4r alla patienter i stadium C och m\u00e5nga patienter i stadium B l\u00e4mpliga f\u00f6r transplantation. Patienten som uppvisar n\u00e5got av symtomen nedan m\u00e5ste inh\u00e4mta ett specialistutl\u00e5tande. P\u00e5 s\u00e5 s\u00e4tt kan specialist p\u00e5 levertransplantation avg\u00f6ra om transplantation eller medicinering \u00e4r b\u00e4ttre f\u00f6r patienterna.<\/p>\n<p>I vilket fall som helst, ju b\u00e4ttre h\u00e4lsotillst\u00e5nd patienten har under transplantationen, desto b\u00e4ttre \u00e4r det kirurgiska ingreppet. Transplantationen ger negativa resultat hos patienter med kritisk sjukdom, undern\u00e4rda patienter eller patienter med andra organskador som aktiv infektion och njursjukdom p\u00e5 intensivv\u00e5rdsavdelningen. D\u00e4rf\u00f6r b\u00f6r transplantationen utf\u00f6ras vid r\u00e4tt tidpunkt f\u00f6r att f\u00e5 b\u00e4ttre resultat. En transplantationsoperation som utf\u00f6rs i tid p\u00e5 en l\u00e4mplig patient med hj\u00e4lp av en l\u00e4mplig donators lever resulterar i en framg\u00e5ngsfrekvens p\u00e5 cirka 80 %.<\/p>\n<p>I de flesta fall resulterar ovanst\u00e5ende orsaker vanligtvis i behandlingsbar hepatit. Men vid misslyckande med att eliminera eller behandla problemfaktorn uppst\u00e5r skrumplever och det \u00e4r vanligtvis f\u00f6r sent att \u00e4ndra sjukdomsf\u00f6rloppet.<\/p>\n<\/div><div class=\"btClear btSeparator topSmallSpaced noBorder\" ><hr><\/div><header class=\"header btClear medium btDash bottomDash  btAccentDash\" ><div class=\"dash\"><h3><span class=\"headline\">Symtom p\u00e5 cirrosrelaterad leversvikt\r<br><\/span><\/h3><\/div><\/header><div class=\"btClear btSeparator topExtraSmallSpaced noBorder\" ><hr><\/div><div class=\"btText\" ><ol>\n<li>Svart avf\u00f6ring<\/li>\n<li>Hematemes<\/li>\n<li>Ascites<\/li>\n<li>D\u00e5sighet och mental f\u00f6rvirring<\/li>\n<li>\u00d6verfl\u00f6dig bl\u00f6dning genom sm\u00e5 s\u00e5r<\/li>\n<li>Gulsot<\/li>\n<li>Renal dysfunktion<\/li>\n<li>Tr\u00f6tthet<\/li>\n<li>L\u00e5gt hemoglobin och andra blodv\u00e4rden<\/li>\n<\/ol>\n<\/div><div class=\"btClear btSeparator topSmallSpaced noBorder\" ><hr><\/div><header class=\"header btClear medium btDash bottomDash  btAccentDash\" ><div class=\"dash\"><h3><span class=\"headline\">Utv\u00e4rdering f\u00f6re transplantation (Utv\u00e4rdering f\u00f6r levertransplantation)\r<br><\/span><\/h3><\/div><\/header><div class=\"btClear btSeparator topExtraSmallSpaced noBorder\" ><hr><\/div><div class=\"btText\" ><section class=\"siteCt\">\n<div class=\"staticContent\">\n<div class=\"container\">\n<div class=\"static row\">\n<div class=\"col-sm-9 contentRight\">\n<div class=\"contentRightCt\">\n<div id=\"bodyDiv\">\n<p>Denna utv\u00e4rdering rekommenderas n\u00e4r leverspecialisten diagnostiserar leversjukdomen i slutstadiet. Utv\u00e4rdering av mottagaren sker i tre faser och tar vanligtvis 5-7 dagar p\u00e5 sjukhuset.<\/p>\n<ol>\n<li>G\u00f6r en s\u00e4ker diagnos; best\u00e4mma sv\u00e5righetsgraden av leversjukdom och br\u00e5dskande transplantation.<\/li>\n<li>Best\u00e4m patientens l\u00e4mplighet f\u00f6r transplantation; de andra systemen som hj\u00e4rta, lungor, njurar och blodv\u00e4rden testas f\u00f6r att eliminera n\u00e4rvaron av infektionjoner. Sedan best\u00e4mmer leverspecialisten om patientens tillst\u00e5nd och hur stor operationen lyckas beroende p\u00e5 orsaken och sv\u00e5righetsgraden av leversjukdomen.<\/li>\n<li>Den sista fasen \u00e4r att mentalt och psykologiskt f\u00f6rbereda patienten. Patienten och familjen informeras om ingrepp, sjukhusvistelse, postoperativt f\u00f6rlopp, uppf\u00f6ljning och efterv\u00e5rd.<\/li>\n<\/ol>\n<p>Efter utv\u00e4rderingen placeras patienten p\u00e5 v\u00e4ntelistan f\u00f6r transplantation fr\u00e5n avliden donator, eller s\u00e5 kommer patienten att utv\u00e4rderas f\u00f6r transplantation och transplantationsplanering om det finns en donator eller en familjemedlem vars blodgrupp \u00e4r kompatibel.<\/p>\n<p>Patienten som placerats p\u00e5 listan \u00f6ver avlidna donatortransplantationer \u00f6vervakas av transplantationsteamet tills l\u00e4mplig lever hittas. Om patientens tillst\u00e5nd verkar f\u00f6rs\u00e4mras rekommenderar vi vanligtvis familjen att \u00f6verv\u00e4ga levande donatortransplantation.<\/p>\n<\/div>\n<\/div>\n<\/div>\n<\/div>\n<\/div>\n<\/div>\n<\/section>\n<\/div><div class=\"btClear btSeparator topSemiSpaced noBorder\" ><hr><\/div><div class=\"boldRow boldInnerRow  \" ><div class=\"rowItem rowInnerItem col-md-4  btTextCenter inherit btNoPadding\" style=\"border: 1px solid #999;background-color: rgba(241, 241, 241, 1);\" ><div class=\"rowItemContent\"><div class=\"bpgPhoto btTextCenter\" ><div class=\"btImage\"><img decoding=\"async\" src=\"https:\/\/groupflorence.com\/sv\/wp-content\/uploads\/2020\/10\/Nagihan-I\u0307nan-Gu\u0308rcan.jpg\" alt=\"\" title=\"\"><\/div><\/div><div class=\"btIconImageRow btIconsHalfHoverPosition\" ><\/div><div class=\"btClear btSeparator topSmallSpaced noBorder\" ><hr><\/div><div class=\"btText\" ><h4><a href=\"https:\/\/groupflorence.com\/sv\/doctors\/nagihan-inan-gurcan\/\">Nagihan G\u00fcrcan, M.D.<\/a><\/h4>\n<\/div><div class=\"btClear btSeparator bottomExtraSmallSpaced noBorder\" ><hr><\/div><a href=\"https:\/\/groupflorence.com\/sv\/doctors\/nagihan-inan-gurcan\/\" class=\"btBtn btBtn btnFilledStyle btnLightColor btnSmall btnNormalWidth btnRightPosition btnNoIcon\"  target=\"_self\"><span class=\"btnInnerText\">SE CV<\/span><\/a><div class=\"btClear btSeparator topExtraSmallSpaced bottomSmallSpaced noBorder\" ><hr><\/div><\/div><\/div><div class=\"rowItem rowInnerItem col-md-4  btTextCenter inherit btNoPadding\" style=\"border: 1px solid #999;background-color: rgba(241, 241, 241, 1);\" ><div class=\"rowItemContent\"><div class=\"bpgPhoto btTextCenter\" ><div class=\"btImage\"><img decoding=\"async\" src=\"https:\/\/groupflorence.com\/sv\/wp-content\/uploads\/2020\/10\/Y_ld_ray-Yu_zer.jpg\" alt=\"\" title=\"\"><\/div><\/div><div class=\"btIconImageRow btIconsHalfHoverPosition\" ><\/div><div class=\"btClear btSeparator topSmallSpaced noBorder\" ><hr><\/div><div class=\"btText\" ><h4><a href=\"https:\/\/groupflorence.com\/sv\/doctors\/yildiray-yuzer\/\">Y\u0131ld\u0131ray Y\u00fczer, M.D.<\/a><\/h4>\n<\/div><div class=\"btClear btSeparator bottomExtraSmallSpaced noBorder\" ><hr><\/div><a href=\"https:\/\/groupflorence.com\/sv\/doctors\/yildiray-yuzer\/\" class=\"btBtn btBtn btnFilledStyle btnLightColor btnSmall btnNormalWidth btnRightPosition btnNoIcon\"  target=\"_self\"><span class=\"btnInnerText\">SE CV<\/span><\/a><div class=\"btClear btSeparator topExtraSmallSpaced bottomSmallSpaced noBorder\" ><hr><\/div><\/div><\/div><div class=\"rowItem rowInnerItem col-md-4  btTextCenter inherit btNoPadding\" style=\"border: 1px solid #999;background-color: rgba(241, 241, 241, 1);\" ><div class=\"rowItemContent\"><\/div><\/div><\/div><div class=\"btClear btSeparator topSemiSpaced noBorder\" ><hr><\/div><header class=\"header btClear medium btDash bottomDash  btAccentDash\" ><div class=\"dash\"><h3><span class=\"headline\"><em>Kontakta oss nu<\/em><\/span><\/h3><\/div><\/header><div class=\"btClear btSeparator bottomSmallSpaced noBorder\" ><hr><\/div><div class=\"btText\" >\n<div class=\"wpcf7 no-js\" id=\"wpcf7-f2891-o1\" lang=\"tr-TR\" dir=\"ltr\">\n<div class=\"screen-reader-response\"><p role=\"status\" aria-live=\"polite\" aria-atomic=\"true\"><\/p> <ul><\/ul><\/div>\n<form action=\"\/sv\/wp-json\/wp\/v2\/pages\/3172#wpcf7-f2891-o1\" method=\"post\" class=\"wpcf7-form init wpcf7-acceptance-as-validation\" aria-label=\"Contact form\" novalidate=\"novalidate\" data-status=\"init\">\n<div style=\"display: none;\">\n<input type=\"hidden\" name=\"_wpcf7\" value=\"2891\" \/>\n<input type=\"hidden\" name=\"_wpcf7_version\" value=\"5.9.2\" \/>\n<input type=\"hidden\" name=\"_wpcf7_locale\" value=\"tr_TR\" \/>\n<input type=\"hidden\" name=\"_wpcf7_unit_tag\" value=\"wpcf7-f2891-o1\" \/>\n<input type=\"hidden\" name=\"_wpcf7_container_post\" value=\"0\" \/>\n<input type=\"hidden\" name=\"_wpcf7_posted_data_hash\" value=\"\" \/>\n<\/div>\n<p style=\"margin-bottom:30px !important;\">N\u00e4r du fyller i kontaktformul\u00e4ret nedan kan du ocks\u00e5 skicka din\/patientens medicinska handlingar till oss via <strong>wetransfer<\/strong>. Den medicinska second opinion kommer att presenteras f\u00f6r dig inom 48 timmar.\n<\/p>\n<div class=\"boldRow boldInnerRow  \">\n\t<div class=\"rowItem rowInnerItem col-md-6  btTextLeft\">\n\t\t<div class=\"rowItemContent\">\n\t\t\t<p><label><span class=\"bt_bb_required\">Your Name<\/span><br \/>\n<span class=\"wpcf7-form-control-wrap\" data-name=\"your-name\"><input size=\"40\" class=\"wpcf7-form-control wpcf7-text wpcf7-validates-as-required\" aria-required=\"true\" aria-invalid=\"false\" value=\"\" type=\"text\" name=\"your-name\" \/><\/span> <\/label>\n\t\t\t<\/p>\n\t\t\t<p><label><span class=\"bt_bb_required\">Your Email<\/span><br \/>\n<span class=\"wpcf7-form-control-wrap\" data-name=\"your-email\"><input size=\"40\" class=\"wpcf7-form-control wpcf7-email wpcf7-validates-as-required wpcf7-text wpcf7-validates-as-email\" aria-required=\"true\" aria-invalid=\"false\" value=\"\" type=\"email\" name=\"your-email\" \/><\/span> <\/label>\n\t\t\t<\/p>\n\t\t\t<p><label><span class=\"bt_bb_required\">Your Phone<\/span><br \/>\n<span class=\"wpcf7-form-control-wrap\" data-name=\"your-phone\"><input size=\"40\" class=\"wpcf7-form-control wpcf7-phonetext wpcf7-text wpcf7-validates-as-phonetext\" id=\"int_phone\" aria-invalid=\"false\" value=\"\" type=\"text\" name=\"your-phone\" \/><input type=\"hidden\" name=\"your-phone-country-code\" class=\"wpcf7-phonetext-country-code\" \/><\/span> <\/label>\n\t\t\t<\/p>\n\t\t\t<p><label><span class=\"bt_bb_required\">Your Message<\/span><br \/>\n<span class=\"wpcf7-form-control-wrap\" data-name=\"your-message\"><textarea cols=\"40\" rows=\"10\" class=\"wpcf7-form-control wpcf7-textarea wpcf7-validates-as-required\" aria-required=\"true\" aria-invalid=\"false\" name=\"your-message\"><\/textarea><\/span> <\/label>\n\t\t\t<\/p>\n\t\t\t<p><label><span class=\"bt_bb_required\" style=\"margin-top:25px !important;\"><span class=\"wpcf7-form-control-wrap\" data-name=\"accept-this-1\"><span class=\"wpcf7-form-control wpcf7-acceptance\"><span class=\"wpcf7-list-item\"><label><input type=\"checkbox\" name=\"accept-this-1\" value=\"1\" aria-invalid=\"false\" \/><span class=\"wpcf7-list-item-label\">I agree to <a target=\"_blank\" href=\"https:\/\/groupflorence.com\/en\/terms-of-use\/\">Terms &#038; Services<\/a>.<\/span><\/label><\/span><\/span><\/span><\/span><\/label>\n\t\t\t<\/p>\n\t\t\t<p><input class=\"wpcf7-form-control wpcf7-submit has-spinner contact_button_int\" type=\"submit\" value=\"SEND MESSAGE\" \/>\n\t\t\t<\/p>\n\t\t<\/div>\n\t<\/div>\n\t<div class=\"rowItem rowInnerItem col-md-6  btTextLeft\">\n\t\t<div class=\"rowItemContent\">\n\t\t\t<p align=\"center\" style=\"margin-top:30px;\"><br \/>\n<a href=\"http:\/\/florencenightingale.wetransfer.com\/\" target=\"_blank\" title=\"Click Here To Transfer Your Documents via WeTransfer\"><img decoding=\"async\"  align=\"center\" style=\"max-width:250px !important;\" class=\"lazy loaded\" src=\"https:\/\/groupflorence.com\/ru\/wp-content\/uploads\/2020\/08\/89130-wetransfer-default-logo-rgb-original-1365619064-e1599162229581.png\" data-src=\"https:\/\/groupflorence.com\/ru\/wp-content\/uploads\/2020\/08\/89130-wetransfer-default-logo-rgb-original-1365619064-e1599162229581.png\" alt=\"Click Here To Transfer Your Documents via WeTransfer\" title=\"Click Here To Transfer Your Documents via WeTransfer\" data-was-processed=\"true\" \/><\/a>\n\t\t\t<\/p>\n\t\t\t<h3 align=\"center\"><a href=\"http:\/\/florencenightingale.wetransfer.com\/\" target=\"_blank\" title=\"Click Here To Transfer Your Documents via WeTransfer\">Send via WeTransfer<\/a>\n\t\t\t<\/h3>\n\t\t\t<p align=\"center\">Du kan skicka dina \u00f6verdimensionerade medicinska dokument (MRT-inspelningar, labbresultat, bilder etc.) med v\u00e5rt WeTransfer-konto. Det \u00e4r enkelt, snabbt och s\u00e4kert.\n\t\t\t<\/p>\n\t\t<\/div>\n\t\t<center>\n\t\t\t<p><a href=\"http:\/\/florencenightingale.wetransfer.com\/\" class=\"btBtn btBtn btnFilledStyle btnAccentColor btnSmall btnNormalWidth btnRightPosition btnNoIcon\" target=\"_blank\"><span class=\"btnInnerText\">Send Now<\/span><\/a>\n\t\t\t<\/p>\n\t\t<\/center>\n\t<\/div>\n<\/div><div class=\"wpcf7-response-output\" aria-hidden=\"true\"><\/div>\n<\/form>\n<\/div>\n<\/div><div class=\"btClear btSeparator topSpaced noBorder\" ><hr><\/div><\/div><\/div><\/div><\/div><\/div><\/div><\/div><\/section>","protected":false},"excerpt":{"rendered":"","protected":false},"author":1,"featured_media":0,"parent":2503,"menu_order":9,"comment_status":"closed","ping_status":"closed","template":"","meta":{"footnotes":""},"class_list":["post-3172","page","type-page","status-publish","hentry"],"yoast_head":"<!-- This site is optimized with the Yoast SEO plugin v22.2 - https:\/\/yoast.com\/wordpress\/plugins\/seo\/ -->\n<title>About Liver Transplantation - Group Florence Nightingale Hospitals<\/title>\n<meta name=\"robots\" content=\"index, follow, max-snippet:-1, max-image-preview:large, max-video-preview:-1\" \/>\n<link rel=\"canonical\" href=\"https:\/\/groupflorence.com\/sv\/centers-treatments\/liver-transplantation-center\/about-liver-transplantation\/\" \/>\n<meta property=\"og:locale\" content=\"en_US\" \/>\n<meta property=\"og:type\" content=\"article\" \/>\n<meta property=\"og:title\" content=\"About Liver Transplantation - Group Florence Nightingale Hospitals\" \/>\n<meta property=\"og:url\" content=\"https:\/\/groupflorence.com\/sv\/centers-treatments\/liver-transplantation-center\/about-liver-transplantation\/\" \/>\n<meta property=\"og:site_name\" content=\"Group Florence Nightingale Hospitals\" \/>\n<meta property=\"article:publisher\" content=\"https:\/\/www.facebook.com\/groupflorence\" \/>\n<meta property=\"article:modified_time\" content=\"2022-12-09T07:44:42+00:00\" \/>\n<meta name=\"twitter:card\" content=\"summary_large_image\" \/>\n<meta name=\"twitter:label1\" content=\"Est. reading time\" \/>\n\t<meta name=\"twitter:data1\" content=\"8 minutes\" \/>\n<script type=\"application\/ld+json\" class=\"yoast-schema-graph\">{\"@context\":\"https:\/\/schema.org\",\"@graph\":[{\"@type\":\"WebPage\",\"@id\":\"https:\/\/groupflorence.com\/sv\/centers-treatments\/liver-transplantation-center\/about-liver-transplantation\/\",\"url\":\"https:\/\/groupflorence.com\/sv\/centers-treatments\/liver-transplantation-center\/about-liver-transplantation\/\",\"name\":\"About Liver Transplantation - Group Florence Nightingale Hospitals\",\"isPartOf\":{\"@id\":\"https:\/\/groupflorence.com\/sv\/#website\"},\"datePublished\":\"2020-09-21T14:09:15+00:00\",\"dateModified\":\"2022-12-09T07:44:42+00:00\",\"breadcrumb\":{\"@id\":\"https:\/\/groupflorence.com\/sv\/centers-treatments\/liver-transplantation-center\/about-liver-transplantation\/#breadcrumb\"},\"inLanguage\":\"en-US\",\"potentialAction\":[{\"@type\":\"ReadAction\",\"target\":[\"https:\/\/groupflorence.com\/sv\/centers-treatments\/liver-transplantation-center\/about-liver-transplantation\/\"]}]},{\"@type\":\"BreadcrumbList\",\"@id\":\"https:\/\/groupflorence.com\/sv\/centers-treatments\/liver-transplantation-center\/about-liver-transplantation\/#breadcrumb\",\"itemListElement\":[{\"@type\":\"ListItem\",\"position\":1,\"name\":\"Home\",\"item\":\"https:\/\/groupflorence.com\/sv\/\"},{\"@type\":\"ListItem\",\"position\":2,\"name\":\"Centers &#038; Departments\",\"item\":\"https:\/\/groupflorence.com\/sv\/centers-treatments\/\"},{\"@type\":\"ListItem\",\"position\":3,\"name\":\"Liver Transplantation Center\",\"item\":\"https:\/\/groupflorence.com\/sv\/centers-treatments\/liver-transplantation-center\/\"},{\"@type\":\"ListItem\",\"position\":4,\"name\":\"About Liver Transplantation\"}]},{\"@type\":\"WebSite\",\"@id\":\"https:\/\/groupflorence.com\/sv\/#website\",\"url\":\"https:\/\/groupflorence.com\/sv\/\",\"name\":\"Group Florence Nightingale Hospitals\",\"description\":\"\",\"publisher\":{\"@id\":\"https:\/\/groupflorence.com\/sv\/#organization\"},\"potentialAction\":[{\"@type\":\"SearchAction\",\"target\":{\"@type\":\"EntryPoint\",\"urlTemplate\":\"https:\/\/groupflorence.com\/sv\/?s={search_term_string}\"},\"query-input\":\"required name=search_term_string\"}],\"inLanguage\":\"en-US\"},{\"@type\":\"Organization\",\"@id\":\"https:\/\/groupflorence.com\/sv\/#organization\",\"name\":\"Group Florence Nightingale Hospitals\",\"url\":\"https:\/\/groupflorence.com\/sv\/\",\"logo\":{\"@type\":\"ImageObject\",\"inLanguage\":\"en-US\",\"@id\":\"https:\/\/groupflorence.com\/sv\/#\/schema\/logo\/image\/\",\"url\":\"https:\/\/groupflorence.com\/en\/wp-content\/uploads\/2021\/01\/gf-logotype-transparent-miniversion.png\",\"contentUrl\":\"https:\/\/groupflorence.com\/en\/wp-content\/uploads\/2021\/01\/gf-logotype-transparent-miniversion.png\",\"width\":245,\"height\":55,\"caption\":\"Group Florence Nightingale Hospitals\"},\"image\":{\"@id\":\"https:\/\/groupflorence.com\/sv\/#\/schema\/logo\/image\/\"},\"sameAs\":[\"https:\/\/www.facebook.com\/groupflorence\",\"https:\/\/www.instagram.com\/group_florence\/\",\"https:\/\/www.youtube.com\/channel\/UC_nlE9Up7N9T68unmJYEnfg\"]}]}<\/script>\n<!-- \/ Yoast SEO plugin. -->","yoast_head_json":{"title":"About Liver Transplantation - Group Florence Nightingale Hospitals","robots":{"index":"index","follow":"follow","max-snippet":"max-snippet:-1","max-image-preview":"max-image-preview:large","max-video-preview":"max-video-preview:-1"},"canonical":"https:\/\/groupflorence.com\/sv\/centers-treatments\/liver-transplantation-center\/about-liver-transplantation\/","og_locale":"en_US","og_type":"article","og_title":"About Liver Transplantation - Group Florence Nightingale Hospitals","og_url":"https:\/\/groupflorence.com\/sv\/centers-treatments\/liver-transplantation-center\/about-liver-transplantation\/","og_site_name":"Group Florence Nightingale Hospitals","article_publisher":"https:\/\/www.facebook.com\/groupflorence","article_modified_time":"2022-12-09T07:44:42+00:00","twitter_card":"summary_large_image","twitter_misc":{"Est. reading time":"8 minutes"},"schema":{"@context":"https:\/\/schema.org","@graph":[{"@type":"WebPage","@id":"https:\/\/groupflorence.com\/sv\/centers-treatments\/liver-transplantation-center\/about-liver-transplantation\/","url":"https:\/\/groupflorence.com\/sv\/centers-treatments\/liver-transplantation-center\/about-liver-transplantation\/","name":"About Liver Transplantation - Group Florence Nightingale Hospitals","isPartOf":{"@id":"https:\/\/groupflorence.com\/sv\/#website"},"datePublished":"2020-09-21T14:09:15+00:00","dateModified":"2022-12-09T07:44:42+00:00","breadcrumb":{"@id":"https:\/\/groupflorence.com\/sv\/centers-treatments\/liver-transplantation-center\/about-liver-transplantation\/#breadcrumb"},"inLanguage":"en-US","potentialAction":[{"@type":"ReadAction","target":["https:\/\/groupflorence.com\/sv\/centers-treatments\/liver-transplantation-center\/about-liver-transplantation\/"]}]},{"@type":"BreadcrumbList","@id":"https:\/\/groupflorence.com\/sv\/centers-treatments\/liver-transplantation-center\/about-liver-transplantation\/#breadcrumb","itemListElement":[{"@type":"ListItem","position":1,"name":"Home","item":"https:\/\/groupflorence.com\/sv\/"},{"@type":"ListItem","position":2,"name":"Centers &#038; Departments","item":"https:\/\/groupflorence.com\/sv\/centers-treatments\/"},{"@type":"ListItem","position":3,"name":"Liver Transplantation Center","item":"https:\/\/groupflorence.com\/sv\/centers-treatments\/liver-transplantation-center\/"},{"@type":"ListItem","position":4,"name":"About Liver Transplantation"}]},{"@type":"WebSite","@id":"https:\/\/groupflorence.com\/sv\/#website","url":"https:\/\/groupflorence.com\/sv\/","name":"Group Florence Nightingale Hospitals","description":"","publisher":{"@id":"https:\/\/groupflorence.com\/sv\/#organization"},"potentialAction":[{"@type":"SearchAction","target":{"@type":"EntryPoint","urlTemplate":"https:\/\/groupflorence.com\/sv\/?s={search_term_string}"},"query-input":"required name=search_term_string"}],"inLanguage":"en-US"},{"@type":"Organization","@id":"https:\/\/groupflorence.com\/sv\/#organization","name":"Group Florence Nightingale Hospitals","url":"https:\/\/groupflorence.com\/sv\/","logo":{"@type":"ImageObject","inLanguage":"en-US","@id":"https:\/\/groupflorence.com\/sv\/#\/schema\/logo\/image\/","url":"https:\/\/groupflorence.com\/en\/wp-content\/uploads\/2021\/01\/gf-logotype-transparent-miniversion.png","contentUrl":"https:\/\/groupflorence.com\/en\/wp-content\/uploads\/2021\/01\/gf-logotype-transparent-miniversion.png","width":245,"height":55,"caption":"Group Florence Nightingale Hospitals"},"image":{"@id":"https:\/\/groupflorence.com\/sv\/#\/schema\/logo\/image\/"},"sameAs":["https:\/\/www.facebook.com\/groupflorence","https:\/\/www.instagram.com\/group_florence\/","https:\/\/www.youtube.com\/channel\/UC_nlE9Up7N9T68unmJYEnfg"]}]}},"_links":{"self":[{"href":"https:\/\/groupflorence.com\/sv\/wp-json\/wp\/v2\/pages\/3172","targetHints":{"allow":["GET"]}}],"collection":[{"href":"https:\/\/groupflorence.com\/sv\/wp-json\/wp\/v2\/pages"}],"about":[{"href":"https:\/\/groupflorence.com\/sv\/wp-json\/wp\/v2\/types\/page"}],"author":[{"embeddable":true,"href":"https:\/\/groupflorence.com\/sv\/wp-json\/wp\/v2\/users\/1"}],"replies":[{"embeddable":true,"href":"https:\/\/groupflorence.com\/sv\/wp-json\/wp\/v2\/comments?post=3172"}],"version-history":[{"count":5,"href":"https:\/\/groupflorence.com\/sv\/wp-json\/wp\/v2\/pages\/3172\/revisions"}],"predecessor-version":[{"id":6749,"href":"https:\/\/groupflorence.com\/sv\/wp-json\/wp\/v2\/pages\/3172\/revisions\/6749"}],"up":[{"embeddable":true,"href":"https:\/\/groupflorence.com\/sv\/wp-json\/wp\/v2\/pages\/2503"}],"wp:attachment":[{"href":"https:\/\/groupflorence.com\/sv\/wp-json\/wp\/v2\/media?parent=3172"}],"curies":[{"name":"wp","href":"https:\/\/api.w.org\/{rel}","templated":true}]}}