{"id":2902,"date":"2020-09-03T14:36:11","date_gmt":"2020-09-03T11:36:11","guid":{"rendered":"https:\/\/groupflorence.com\/en\/?page_id=2902"},"modified":"2022-12-05T10:34:04","modified_gmt":"2022-12-05T07:34:04","slug":"istanbul-bilim-university","status":"publish","type":"page","link":"https:\/\/groupflorence.com\/sv\/why-choose-us\/istanbul-bilim-university\/","title":{"rendered":"Demiroglu Bilim University"},"content":{"rendered":"<section id=\"bt_section69ebfae8c2a99\"  class=\"boldSection gutter\" ><div class=\"port\"><div class=\"boldCell\"><div class=\"boldCellInner\"><div class=\"boldRow  \" ><div class=\"boldRowInner\"><div class=\"rowItem col-md-12 col-ms-12  btTextLeft\"  ><div class=\"rowItemContent\" ><div class=\"btClear btSeparator topSemiSpaced noBorder\" ><hr><\/div><header class=\"header btClear medium btDash bottomDash  btNormalDash\" ><div class=\"dash\"><h3><span class=\"headline\"><b class=\"animate\">Demiro\u011flu Bilim University<\/b><\/span><\/h3><\/div><\/header><div class=\"btClear btSeparator topSemiSpaced noBorder\" ><hr><\/div><div class=\"btText\" ><p>Demiro\u011flu Bilim University grundades i mars 2006 av Turkish Cardiology Foundation. V\u00e5rt m\u00e5l \u00e4r att ge o\u00e4ndliga m\u00f6jligheter f\u00f6r utbildning av ungdomar, inklusive internationella studenter och medicinska specialister som \u00e4r intresserade av forskning och innovation.<\/p>\n<p>Vi \u00e4r stolta \u00f6ver att kunna betj\u00e4na internationella studenter, forskarstuderande och h\u00e4lso- och sjukv\u00e5rdspersonal som kan d\u00e4r efter inte bara avancera sin egen karri\u00e4r, utan ocks\u00e5 bidra till utvecklingen av h\u00e4lso- och sjukv\u00e5rden i sina egna l\u00e4nder.<\/p>\n<p>V\u00e5rt m\u00e5l \u00e4r att ingjuta v\u00e4rderingar av sj\u00e4lvf\u00f6rtroende, kritiskt och kreativt t\u00e4nkande och att hj\u00e4lpa till att utveckla probleml\u00f6sningsf\u00f6rm\u00e5ga medan du arbetar i den verkliga sjukv\u00e5rdssektorn. V\u00e5ra studenter, praktikanter och specialister anammar m\u00e5ngkulturella \u00e5sikter och f\u00e5r erfarenhet och kunskap f\u00f6r kompetens p\u00e5 den nationella och internationella arenan.<\/p>\n<\/div><div class=\"btClear btSeparator topSemiSpaced noBorder\" ><hr><\/div><header class=\"header btClear medium btDash bottomDash  btAccentDash\" ><div class=\"dash\"><h3><span class=\"headline\">Demiro\u011flu Bilim University Vision<\/span><\/h3><\/div><\/header><div class=\"btClear btSeparator topSmallSpaced noBorder\" ><hr><\/div><div class=\"btText\" ><p>Att vara pionj\u00e4rer inom h\u00e4lsoutbildning, genom tillhandah\u00e5llande av kvalificerad vetenskaplig utbildning, av v\u00e5r akademiska personal k\u00e4nd p\u00e5 b\u00e5de den nationella och internationella plattformen.<\/p>\n<\/div><div class=\"btClear btSeparator topSemiSpaced noBorder\" ><hr><\/div><header class=\"header btClear medium btDash bottomDash  btAccentDash\" ><div class=\"dash\"><h3><span class=\"headline\">Demiro\u011flu Bilim University Mission<\/span><\/h3><\/div><\/header><div class=\"btClear btSeparator topSmallSpaced noBorder\" ><hr><\/div><div class=\"btText\" ><p>Att ta del av utbildning och vidareutbildning av individer f\u00f6r det medicinska omr\u00e5det som f\u00f6ljer samtida vetenskap och som \u00e4r h\u00e4ngivna att tj\u00e4na m\u00e4nniskorna och sjukv\u00e5rden i sina egna l\u00e4nder.<\/p>\n<\/div><div class=\"btClear btSeparator topSemiSpaced noBorder\" ><hr><\/div><header class=\"header btClear medium btDash bottomDash  btAccentDash\" ><div class=\"dash\"><h3><span class=\"headline\">Demiro\u011flu Bilim University Academic Units<\/span><\/h3><\/div><\/header><div class=\"btClear btSeparator topSmallSpaced noBorder\" ><hr><\/div><div class=\"btText\" ><ul>\n<li>Medicinska fakulteten<\/li>\n<li>Filosofiska fakulteten<\/li>\n<li>Institutet f\u00f6r h\u00e4lsovetenskap<\/li>\n<li>Avrupa Florence Nightingale Hospital Clinical Research Center<\/li>\n<li>Florence Nightingale Hospital School of Nursing<\/li>\n<li>School of Health<\/li>\n<li>Fackskolan f\u00f6r h\u00e4lsov\u00e5rd<\/li>\n<\/ul>\n<\/div><div class=\"btClear btSeparator bottomSpaced noBorder\" ><hr><\/div><\/div><\/div><\/div><\/div><\/div><\/div><\/div><\/section>","protected":false},"excerpt":{"rendered":"","protected":false},"author":1,"featured_media":0,"parent":2548,"menu_order":7,"comment_status":"closed","ping_status":"closed","template":"","meta":{"footnotes":""},"class_list":["post-2902","page","type-page","status-publish","hentry"],"yoast_head":"<!-- This site is optimized with the Yoast SEO plugin v22.2 - https:\/\/yoast.com\/wordpress\/plugins\/seo\/ -->\n<title>Demiroglu Bilim University - Group Florence Nightingale Hospitals<\/title>\n<meta name=\"robots\" content=\"index, follow, max-snippet:-1, max-image-preview:large, max-video-preview:-1\" \/>\n<link rel=\"canonical\" href=\"https:\/\/groupflorence.com\/sv\/why-choose-us\/istanbul-bilim-university\/\" \/>\n<meta property=\"og:locale\" content=\"en_US\" \/>\n<meta property=\"og:type\" content=\"article\" \/>\n<meta property=\"og:title\" content=\"Demiroglu Bilim University - Group Florence Nightingale Hospitals\" \/>\n<meta property=\"og:url\" content=\"https:\/\/groupflorence.com\/sv\/why-choose-us\/istanbul-bilim-university\/\" \/>\n<meta property=\"og:site_name\" content=\"Group Florence Nightingale Hospitals\" \/>\n<meta property=\"article:publisher\" content=\"https:\/\/www.facebook.com\/groupflorence\" \/>\n<meta property=\"article:modified_time\" content=\"2022-12-05T07:34:04+00:00\" \/>\n<meta name=\"twitter:card\" content=\"summary_large_image\" \/>\n<meta name=\"twitter:label1\" content=\"Est. reading time\" \/>\n\t<meta name=\"twitter:data1\" content=\"3 minutes\" \/>\n<script type=\"application\/ld+json\" class=\"yoast-schema-graph\">{\"@context\":\"https:\/\/schema.org\",\"@graph\":[{\"@type\":\"WebPage\",\"@id\":\"https:\/\/groupflorence.com\/sv\/why-choose-us\/istanbul-bilim-university\/\",\"url\":\"https:\/\/groupflorence.com\/sv\/why-choose-us\/istanbul-bilim-university\/\",\"name\":\"Demiroglu Bilim University - Group Florence Nightingale Hospitals\",\"isPartOf\":{\"@id\":\"https:\/\/groupflorence.com\/sv\/#website\"},\"datePublished\":\"2020-09-03T11:36:11+00:00\",\"dateModified\":\"2022-12-05T07:34:04+00:00\",\"breadcrumb\":{\"@id\":\"https:\/\/groupflorence.com\/sv\/why-choose-us\/istanbul-bilim-university\/#breadcrumb\"},\"inLanguage\":\"en-US\",\"potentialAction\":[{\"@type\":\"ReadAction\",\"target\":[\"https:\/\/groupflorence.com\/sv\/why-choose-us\/istanbul-bilim-university\/\"]}]},{\"@type\":\"BreadcrumbList\",\"@id\":\"https:\/\/groupflorence.com\/sv\/why-choose-us\/istanbul-bilim-university\/#breadcrumb\",\"itemListElement\":[{\"@type\":\"ListItem\",\"position\":1,\"name\":\"Home\",\"item\":\"https:\/\/groupflorence.com\/sv\/\"},{\"@type\":\"ListItem\",\"position\":2,\"name\":\"Why Choose Us\",\"item\":\"https:\/\/groupflorence.com\/sv\/why-choose-us\/\"},{\"@type\":\"ListItem\",\"position\":3,\"name\":\"Demiroglu Bilim University\"}]},{\"@type\":\"WebSite\",\"@id\":\"https:\/\/groupflorence.com\/sv\/#website\",\"url\":\"https:\/\/groupflorence.com\/sv\/\",\"name\":\"Group Florence Nightingale Hospitals\",\"description\":\"\",\"publisher\":{\"@id\":\"https:\/\/groupflorence.com\/sv\/#organization\"},\"potentialAction\":[{\"@type\":\"SearchAction\",\"target\":{\"@type\":\"EntryPoint\",\"urlTemplate\":\"https:\/\/groupflorence.com\/sv\/?s={search_term_string}\"},\"query-input\":\"required name=search_term_string\"}],\"inLanguage\":\"en-US\"},{\"@type\":\"Organization\",\"@id\":\"https:\/\/groupflorence.com\/sv\/#organization\",\"name\":\"Group Florence Nightingale Hospitals\",\"url\":\"https:\/\/groupflorence.com\/sv\/\",\"logo\":{\"@type\":\"ImageObject\",\"inLanguage\":\"en-US\",\"@id\":\"https:\/\/groupflorence.com\/sv\/#\/schema\/logo\/image\/\",\"url\":\"https:\/\/groupflorence.com\/en\/wp-content\/uploads\/2021\/01\/gf-logotype-transparent-miniversion.png\",\"contentUrl\":\"https:\/\/groupflorence.com\/en\/wp-content\/uploads\/2021\/01\/gf-logotype-transparent-miniversion.png\",\"width\":245,\"height\":55,\"caption\":\"Group Florence Nightingale Hospitals\"},\"image\":{\"@id\":\"https:\/\/groupflorence.com\/sv\/#\/schema\/logo\/image\/\"},\"sameAs\":[\"https:\/\/www.facebook.com\/groupflorence\",\"https:\/\/www.instagram.com\/group_florence\/\",\"https:\/\/www.youtube.com\/channel\/UC_nlE9Up7N9T68unmJYEnfg\"]}]}<\/script>\n<!-- \/ Yoast SEO plugin. -->","yoast_head_json":{"title":"Demiroglu Bilim University - Group Florence Nightingale Hospitals","robots":{"index":"index","follow":"follow","max-snippet":"max-snippet:-1","max-image-preview":"max-image-preview:large","max-video-preview":"max-video-preview:-1"},"canonical":"https:\/\/groupflorence.com\/sv\/why-choose-us\/istanbul-bilim-university\/","og_locale":"en_US","og_type":"article","og_title":"Demiroglu Bilim University - Group Florence Nightingale Hospitals","og_url":"https:\/\/groupflorence.com\/sv\/why-choose-us\/istanbul-bilim-university\/","og_site_name":"Group Florence Nightingale Hospitals","article_publisher":"https:\/\/www.facebook.com\/groupflorence","article_modified_time":"2022-12-05T07:34:04+00:00","twitter_card":"summary_large_image","twitter_misc":{"Est. reading time":"3 minutes"},"schema":{"@context":"https:\/\/schema.org","@graph":[{"@type":"WebPage","@id":"https:\/\/groupflorence.com\/sv\/why-choose-us\/istanbul-bilim-university\/","url":"https:\/\/groupflorence.com\/sv\/why-choose-us\/istanbul-bilim-university\/","name":"Demiroglu Bilim University - Group Florence Nightingale Hospitals","isPartOf":{"@id":"https:\/\/groupflorence.com\/sv\/#website"},"datePublished":"2020-09-03T11:36:11+00:00","dateModified":"2022-12-05T07:34:04+00:00","breadcrumb":{"@id":"https:\/\/groupflorence.com\/sv\/why-choose-us\/istanbul-bilim-university\/#breadcrumb"},"inLanguage":"en-US","potentialAction":[{"@type":"ReadAction","target":["https:\/\/groupflorence.com\/sv\/why-choose-us\/istanbul-bilim-university\/"]}]},{"@type":"BreadcrumbList","@id":"https:\/\/groupflorence.com\/sv\/why-choose-us\/istanbul-bilim-university\/#breadcrumb","itemListElement":[{"@type":"ListItem","position":1,"name":"Home","item":"https:\/\/groupflorence.com\/sv\/"},{"@type":"ListItem","position":2,"name":"Why Choose Us","item":"https:\/\/groupflorence.com\/sv\/why-choose-us\/"},{"@type":"ListItem","position":3,"name":"Demiroglu Bilim University"}]},{"@type":"WebSite","@id":"https:\/\/groupflorence.com\/sv\/#website","url":"https:\/\/groupflorence.com\/sv\/","name":"Group Florence Nightingale Hospitals","description":"","publisher":{"@id":"https:\/\/groupflorence.com\/sv\/#organization"},"potentialAction":[{"@type":"SearchAction","target":{"@type":"EntryPoint","urlTemplate":"https:\/\/groupflorence.com\/sv\/?s={search_term_string}"},"query-input":"required name=search_term_string"}],"inLanguage":"en-US"},{"@type":"Organization","@id":"https:\/\/groupflorence.com\/sv\/#organization","name":"Group Florence Nightingale Hospitals","url":"https:\/\/groupflorence.com\/sv\/","logo":{"@type":"ImageObject","inLanguage":"en-US","@id":"https:\/\/groupflorence.com\/sv\/#\/schema\/logo\/image\/","url":"https:\/\/groupflorence.com\/en\/wp-content\/uploads\/2021\/01\/gf-logotype-transparent-miniversion.png","contentUrl":"https:\/\/groupflorence.com\/en\/wp-content\/uploads\/2021\/01\/gf-logotype-transparent-miniversion.png","width":245,"height":55,"caption":"Group Florence Nightingale Hospitals"},"image":{"@id":"https:\/\/groupflorence.com\/sv\/#\/schema\/logo\/image\/"},"sameAs":["https:\/\/www.facebook.com\/groupflorence","https:\/\/www.instagram.com\/group_florence\/","https:\/\/www.youtube.com\/channel\/UC_nlE9Up7N9T68unmJYEnfg"]}]}},"_links":{"self":[{"href":"https:\/\/groupflorence.com\/sv\/wp-json\/wp\/v2\/pages\/2902","targetHints":{"allow":["GET"]}}],"collection":[{"href":"https:\/\/groupflorence.com\/sv\/wp-json\/wp\/v2\/pages"}],"about":[{"href":"https:\/\/groupflorence.com\/sv\/wp-json\/wp\/v2\/types\/page"}],"author":[{"embeddable":true,"href":"https:\/\/groupflorence.com\/sv\/wp-json\/wp\/v2\/users\/1"}],"replies":[{"embeddable":true,"href":"https:\/\/groupflorence.com\/sv\/wp-json\/wp\/v2\/comments?post=2902"}],"version-history":[{"count":1,"href":"https:\/\/groupflorence.com\/sv\/wp-json\/wp\/v2\/pages\/2902\/revisions"}],"predecessor-version":[{"id":6733,"href":"https:\/\/groupflorence.com\/sv\/wp-json\/wp\/v2\/pages\/2902\/revisions\/6733"}],"up":[{"embeddable":true,"href":"https:\/\/groupflorence.com\/sv\/wp-json\/wp\/v2\/pages\/2548"}],"wp:attachment":[{"href":"https:\/\/groupflorence.com\/sv\/wp-json\/wp\/v2\/media?parent=2902"}],"curies":[{"name":"wp","href":"https:\/\/api.w.org\/{rel}","templated":true}]}}