{"id":2898,"date":"2020-09-03T14:28:07","date_gmt":"2020-09-03T11:28:07","guid":{"rendered":"https:\/\/groupflorence.com\/en\/?page_id=2898"},"modified":"2022-12-05T10:00:12","modified_gmt":"2022-12-05T07:00:12","slug":"state-of-the-art-technology","status":"publish","type":"page","link":"https:\/\/groupflorence.com\/sv\/why-choose-us\/state-of-the-art-technology\/","title":{"rendered":"State-of-the-Art Technology"},"content":{"rendered":"<section id=\"bt_section69ec3dc02dfbe\"  class=\"boldSection gutter\" ><div class=\"port\"><div class=\"boldCell\"><div class=\"boldCellInner\"><div class=\"boldRow  \" ><div class=\"boldRowInner\"><div class=\"rowItem col-md-12 col-ms-12  btTextLeft\"  ><div class=\"rowItemContent\" ><div class=\"btClear btSeparator topSemiSpaced noBorder\" ><hr><\/div><header class=\"header btClear medium  btNormalDash\" ><div class=\"dash\"><h3><span class=\"headline\"><b class=\"animate\">Toppmodern teknik<\/b><\/span><\/h3><\/div><\/header><div class=\"btClear btSeparator topSmallSpaced noBorder\" ><hr><\/div><div class=\"btText\" ><p><iframe loading=\"lazy\" title=\"Technological content in Group Florence Nightingale Hospitals\" width=\"1200\" height=\"675\" src=\"https:\/\/www.youtube.com\/embed\/kcjMAU4vBIw?feature=oembed&#038;enablejsapi=1&#038;origin=https:\/\/groupflorence.com\" frameborder=\"0\" allow=\"accelerometer; autoplay; clipboard-write; encrypted-media; gyroscope; picture-in-picture\" allowfullscreen><\/iframe><\/p>\n<\/div><div class=\"btClear btSeparator topSmallSpaced noBorder\" ><hr><\/div><div class=\"btText\" ><p>Tekniken har varit en drivande kraft \u00e4nda sedan den moderna medicinens framv\u00e4xt, och st\u00e4ndigt omformat hur v\u00e5rdgivare behandlar inom- och \u00f6ppenv\u00e5rd. Robotkirurgisk teknik, telemedicin och tr\u00e5dl\u00f6s elektronisk \u00f6vervakning \u00e4r alla integrerade inslag i modern sjukv\u00e5rd.<\/p>\n<p>Internationella arkitekter, MEP-ingenj\u00f6rer, inredningsdesigners, utrustningskonsulter, sjukhuspersonal, systemtillverkare och teknikkonsulter samlades alla f\u00f6r att skapa en verklig synergi och f\u00f6rst\u00e5 de enorma kraven p\u00e5 designkomplexitet f\u00f6r att bygga en tekniskt avancerad sjukv\u00e5rdsinr\u00e4ttning.<\/p>\n<p>D\u00e4rf\u00f6r \u00e4r vi oerh\u00f6rt stolta \u00f6ver koncernens femte sjukhus, Istanbul Florence Nightingale Hospital (januari, 2013) som kombinerar expertis med den h\u00f6gsta kalibern av personal och sjukv\u00e5rdsinnovation &#8211; fr\u00e5n smarta patients\u00e4ngar till reglerade milj\u00f6er &#8211; f\u00f6r att s\u00e4kerst\u00e4lla att varje patient f\u00e5r b\u00e4sta m\u00f6jliga v\u00e5rd ut\u00f6ver internationella standarder.<\/p>\n<\/div><div class=\"btClear btSeparator topSpaced noBorder\" ><hr><\/div><\/div><\/div><\/div><\/div><\/div><\/div><\/div><\/section>","protected":false},"excerpt":{"rendered":"","protected":false},"author":1,"featured_media":0,"parent":2548,"menu_order":6,"comment_status":"closed","ping_status":"closed","template":"","meta":{"footnotes":""},"class_list":["post-2898","page","type-page","status-publish","hentry"],"yoast_head":"<!-- This site is optimized with the Yoast SEO plugin v22.2 - https:\/\/yoast.com\/wordpress\/plugins\/seo\/ -->\n<title>State-of-the-Art Technology - Group Florence Nightingale Hospitals<\/title>\n<meta name=\"robots\" content=\"index, follow, max-snippet:-1, max-image-preview:large, max-video-preview:-1\" \/>\n<link rel=\"canonical\" href=\"https:\/\/groupflorence.com\/sv\/why-choose-us\/state-of-the-art-technology\/\" \/>\n<meta property=\"og:locale\" content=\"en_US\" \/>\n<meta property=\"og:type\" content=\"article\" \/>\n<meta property=\"og:title\" content=\"State-of-the-Art Technology - Group Florence Nightingale Hospitals\" \/>\n<meta property=\"og:url\" content=\"https:\/\/groupflorence.com\/sv\/why-choose-us\/state-of-the-art-technology\/\" \/>\n<meta property=\"og:site_name\" content=\"Group Florence Nightingale Hospitals\" \/>\n<meta property=\"article:publisher\" content=\"https:\/\/www.facebook.com\/groupflorence\" \/>\n<meta property=\"article:modified_time\" content=\"2022-12-05T07:00:12+00:00\" \/>\n<meta name=\"twitter:card\" content=\"summary_large_image\" \/>\n<meta name=\"twitter:label1\" content=\"Est. reading time\" \/>\n\t<meta name=\"twitter:data1\" content=\"1 minute\" \/>\n<script type=\"application\/ld+json\" class=\"yoast-schema-graph\">{\"@context\":\"https:\/\/schema.org\",\"@graph\":[{\"@type\":\"WebPage\",\"@id\":\"https:\/\/groupflorence.com\/sv\/why-choose-us\/state-of-the-art-technology\/\",\"url\":\"https:\/\/groupflorence.com\/sv\/why-choose-us\/state-of-the-art-technology\/\",\"name\":\"State-of-the-Art Technology - Group Florence Nightingale Hospitals\",\"isPartOf\":{\"@id\":\"https:\/\/groupflorence.com\/sv\/#website\"},\"datePublished\":\"2020-09-03T11:28:07+00:00\",\"dateModified\":\"2022-12-05T07:00:12+00:00\",\"breadcrumb\":{\"@id\":\"https:\/\/groupflorence.com\/sv\/why-choose-us\/state-of-the-art-technology\/#breadcrumb\"},\"inLanguage\":\"en-US\",\"potentialAction\":[{\"@type\":\"ReadAction\",\"target\":[\"https:\/\/groupflorence.com\/sv\/why-choose-us\/state-of-the-art-technology\/\"]}]},{\"@type\":\"BreadcrumbList\",\"@id\":\"https:\/\/groupflorence.com\/sv\/why-choose-us\/state-of-the-art-technology\/#breadcrumb\",\"itemListElement\":[{\"@type\":\"ListItem\",\"position\":1,\"name\":\"Home\",\"item\":\"https:\/\/groupflorence.com\/sv\/\"},{\"@type\":\"ListItem\",\"position\":2,\"name\":\"Why Choose Us\",\"item\":\"https:\/\/groupflorence.com\/sv\/why-choose-us\/\"},{\"@type\":\"ListItem\",\"position\":3,\"name\":\"State-of-the-Art Technology\"}]},{\"@type\":\"WebSite\",\"@id\":\"https:\/\/groupflorence.com\/sv\/#website\",\"url\":\"https:\/\/groupflorence.com\/sv\/\",\"name\":\"Group Florence Nightingale Hospitals\",\"description\":\"\",\"publisher\":{\"@id\":\"https:\/\/groupflorence.com\/sv\/#organization\"},\"potentialAction\":[{\"@type\":\"SearchAction\",\"target\":{\"@type\":\"EntryPoint\",\"urlTemplate\":\"https:\/\/groupflorence.com\/sv\/?s={search_term_string}\"},\"query-input\":\"required name=search_term_string\"}],\"inLanguage\":\"en-US\"},{\"@type\":\"Organization\",\"@id\":\"https:\/\/groupflorence.com\/sv\/#organization\",\"name\":\"Group Florence Nightingale Hospitals\",\"url\":\"https:\/\/groupflorence.com\/sv\/\",\"logo\":{\"@type\":\"ImageObject\",\"inLanguage\":\"en-US\",\"@id\":\"https:\/\/groupflorence.com\/sv\/#\/schema\/logo\/image\/\",\"url\":\"https:\/\/groupflorence.com\/en\/wp-content\/uploads\/2021\/01\/gf-logotype-transparent-miniversion.png\",\"contentUrl\":\"https:\/\/groupflorence.com\/en\/wp-content\/uploads\/2021\/01\/gf-logotype-transparent-miniversion.png\",\"width\":245,\"height\":55,\"caption\":\"Group Florence Nightingale Hospitals\"},\"image\":{\"@id\":\"https:\/\/groupflorence.com\/sv\/#\/schema\/logo\/image\/\"},\"sameAs\":[\"https:\/\/www.facebook.com\/groupflorence\",\"https:\/\/www.instagram.com\/group_florence\/\",\"https:\/\/www.youtube.com\/channel\/UC_nlE9Up7N9T68unmJYEnfg\"]}]}<\/script>\n<!-- \/ Yoast SEO plugin. -->","yoast_head_json":{"title":"State-of-the-Art Technology - Group Florence Nightingale Hospitals","robots":{"index":"index","follow":"follow","max-snippet":"max-snippet:-1","max-image-preview":"max-image-preview:large","max-video-preview":"max-video-preview:-1"},"canonical":"https:\/\/groupflorence.com\/sv\/why-choose-us\/state-of-the-art-technology\/","og_locale":"en_US","og_type":"article","og_title":"State-of-the-Art Technology - Group Florence Nightingale Hospitals","og_url":"https:\/\/groupflorence.com\/sv\/why-choose-us\/state-of-the-art-technology\/","og_site_name":"Group Florence Nightingale Hospitals","article_publisher":"https:\/\/www.facebook.com\/groupflorence","article_modified_time":"2022-12-05T07:00:12+00:00","twitter_card":"summary_large_image","twitter_misc":{"Est. reading time":"1 minute"},"schema":{"@context":"https:\/\/schema.org","@graph":[{"@type":"WebPage","@id":"https:\/\/groupflorence.com\/sv\/why-choose-us\/state-of-the-art-technology\/","url":"https:\/\/groupflorence.com\/sv\/why-choose-us\/state-of-the-art-technology\/","name":"State-of-the-Art Technology - Group Florence Nightingale Hospitals","isPartOf":{"@id":"https:\/\/groupflorence.com\/sv\/#website"},"datePublished":"2020-09-03T11:28:07+00:00","dateModified":"2022-12-05T07:00:12+00:00","breadcrumb":{"@id":"https:\/\/groupflorence.com\/sv\/why-choose-us\/state-of-the-art-technology\/#breadcrumb"},"inLanguage":"en-US","potentialAction":[{"@type":"ReadAction","target":["https:\/\/groupflorence.com\/sv\/why-choose-us\/state-of-the-art-technology\/"]}]},{"@type":"BreadcrumbList","@id":"https:\/\/groupflorence.com\/sv\/why-choose-us\/state-of-the-art-technology\/#breadcrumb","itemListElement":[{"@type":"ListItem","position":1,"name":"Home","item":"https:\/\/groupflorence.com\/sv\/"},{"@type":"ListItem","position":2,"name":"Why Choose Us","item":"https:\/\/groupflorence.com\/sv\/why-choose-us\/"},{"@type":"ListItem","position":3,"name":"State-of-the-Art Technology"}]},{"@type":"WebSite","@id":"https:\/\/groupflorence.com\/sv\/#website","url":"https:\/\/groupflorence.com\/sv\/","name":"Group Florence Nightingale Hospitals","description":"","publisher":{"@id":"https:\/\/groupflorence.com\/sv\/#organization"},"potentialAction":[{"@type":"SearchAction","target":{"@type":"EntryPoint","urlTemplate":"https:\/\/groupflorence.com\/sv\/?s={search_term_string}"},"query-input":"required name=search_term_string"}],"inLanguage":"en-US"},{"@type":"Organization","@id":"https:\/\/groupflorence.com\/sv\/#organization","name":"Group Florence Nightingale Hospitals","url":"https:\/\/groupflorence.com\/sv\/","logo":{"@type":"ImageObject","inLanguage":"en-US","@id":"https:\/\/groupflorence.com\/sv\/#\/schema\/logo\/image\/","url":"https:\/\/groupflorence.com\/en\/wp-content\/uploads\/2021\/01\/gf-logotype-transparent-miniversion.png","contentUrl":"https:\/\/groupflorence.com\/en\/wp-content\/uploads\/2021\/01\/gf-logotype-transparent-miniversion.png","width":245,"height":55,"caption":"Group Florence Nightingale Hospitals"},"image":{"@id":"https:\/\/groupflorence.com\/sv\/#\/schema\/logo\/image\/"},"sameAs":["https:\/\/www.facebook.com\/groupflorence","https:\/\/www.instagram.com\/group_florence\/","https:\/\/www.youtube.com\/channel\/UC_nlE9Up7N9T68unmJYEnfg"]}]}},"_links":{"self":[{"href":"https:\/\/groupflorence.com\/sv\/wp-json\/wp\/v2\/pages\/2898","targetHints":{"allow":["GET"]}}],"collection":[{"href":"https:\/\/groupflorence.com\/sv\/wp-json\/wp\/v2\/pages"}],"about":[{"href":"https:\/\/groupflorence.com\/sv\/wp-json\/wp\/v2\/types\/page"}],"author":[{"embeddable":true,"href":"https:\/\/groupflorence.com\/sv\/wp-json\/wp\/v2\/users\/1"}],"replies":[{"embeddable":true,"href":"https:\/\/groupflorence.com\/sv\/wp-json\/wp\/v2\/comments?post=2898"}],"version-history":[{"count":2,"href":"https:\/\/groupflorence.com\/sv\/wp-json\/wp\/v2\/pages\/2898\/revisions"}],"predecessor-version":[{"id":6725,"href":"https:\/\/groupflorence.com\/sv\/wp-json\/wp\/v2\/pages\/2898\/revisions\/6725"}],"up":[{"embeddable":true,"href":"https:\/\/groupflorence.com\/sv\/wp-json\/wp\/v2\/pages\/2548"}],"wp:attachment":[{"href":"https:\/\/groupflorence.com\/sv\/wp-json\/wp\/v2\/media?parent=2898"}],"curies":[{"name":"wp","href":"https:\/\/api.w.org\/{rel}","templated":true}]}}