{"id":2894,"date":"2020-09-03T14:19:16","date_gmt":"2020-09-03T11:19:16","guid":{"rendered":"https:\/\/groupflorence.com\/en\/?page_id=2894"},"modified":"2022-12-05T09:42:37","modified_gmt":"2022-12-05T06:42:37","slug":"factsheet","status":"publish","type":"page","link":"https:\/\/groupflorence.com\/sv\/why-choose-us\/factsheet\/","title":{"rendered":"Fact Sheet"},"content":{"rendered":"<section id=\"bt_section69ebe8f762bf1\"  class=\"boldSection gutter\" ><div class=\"port\"><div class=\"boldCell\"><div class=\"boldCellInner\"><div class=\"boldRow  \" ><div class=\"boldRowInner\"><div class=\"rowItem col-md-12 col-ms-12  btTextLeft\"  ><div class=\"rowItemContent\" ><div class=\"btClear btSeparator topSemiSpaced noBorder\" ><hr><\/div><header class=\"header btClear medium  btNormalDash\" ><div class=\"dash\"><h3><span class=\"headline\"><b class=\"animate\">Faktablad<\/b><\/span><\/h3><\/div><\/header><div class=\"btClear btSeparator topSmallSpaced noBorder\" ><hr><\/div><div class=\"btTabs tabsHorizontal \" \"><ul class=\"tabsHeader\"><li><span>Gruppen Florence Nightingale i ett \u00f6gonkast<\/span><\/li><li><span>Gruppen Florence Nightingale i figurer<\/span><\/li><li><span>F\u00f6rst i kliniken<\/span><\/li><\/ul><div class=\"tabPanes tabPanesTabs\"><div class=\"tabPane\">\r\n\t\t\t<div class=\"tabAccordionContent\"><ul>\n<li>Etablerat 1989: mer \u00e4n 30 \u00e5rs medicinsk bakgrund och erfarenhet<\/li>\n<li>Koncernens centrum f\u00f6r internationella patienter (CIP) betj\u00e4nar uteslutande patienter fr\u00e5n hela v\u00e4rlden<\/li>\n<li>4 allm\u00e4nna sjukhus vardera tillhandah\u00e5ller &#8220;Centers of Excellence&#8221; inom specialistmedicinska omr\u00e5den<\/li>\n<li>Tv\u00e5 v\u00e5rdcentraler<\/li>\n<li>A Teaching Hospital (Bilim University, Istanbul)<\/li>\n<li>Clinical Research Center &amp; GMP Facility<\/li>\n<li>Aktiv inom alla st\u00f6rre omr\u00e5den inom medicinsk specialisering<\/li>\n<li>Behandlings- och diagnostikenheter med den allra senaste tekniken<\/li>\n<li>En av de st\u00f6rsta och mest k\u00e4nda sjukhusgrupperna i Europa och Mellan\u00f6stern<\/li>\n<li>Det enda organtransplantationscentret i Mellan\u00f6sternregionen, med licens att verka i fem organtransplantationsomr\u00e5den<\/li>\n<li>Erk\u00e4nd som standarden f\u00f6r excellens f\u00f6r hela regionen<\/li>\n<li>Samarbete och partnerskap med ledande amerikanska och internationella sjukhus<\/li>\n<\/ul>\n<\/div>\r\n\t\t<\/div><div class=\"tabPane\">\r\n\t\t\t<div class=\"tabAccordionContent\"><ul>\n<li>Mer \u00e4n 300 000 patienter behandlas varje \u00e5r<\/li>\n<li>804 v\u00e5rdplatser, 40 operationsrum, 141 intensivv\u00e5rdsplatser och 50 akutplatser.<\/li>\n<\/ul>\n<p><strong>Fram till idag;<\/strong><\/p>\n<ul>\n<li>41 000 hj\u00e4rtoperationer<\/li>\n<li>105 000 angiografier och angioplaster<\/li>\n<li>20 000 ortopediska operationer<\/li>\n<li>Mer \u00e4n 1 100 benm\u00e4rgstransplantationer<\/li>\n<li>N\u00e4stan 1 500 levertransplantationer<\/li>\n<li>Mer \u00e4n 1 000 njurtransplantationer<\/li>\n<li>Mer \u00e4n 1 500 robotoperationer<\/li>\n<li>\u00d6ver 5 000 pediatriska hj\u00e4rtoperationer<\/li>\n<\/ul>\n<p><strong>\u00a0<\/strong><\/p>\n<\/div>\r\n\t\t<\/div><div class=\"tabPane\">\r\n\t\t\t<div class=\"tabAccordionContent\"><ul>\n<li>F\u00f6rsta stentoperationen i regionen (1991)<\/li>\n<li>F\u00f6rsta robotkirurgiska operationen i regionen (2004)<\/li>\n<li>F\u00f6rsta levertransplantationen i regionen som ett privat sjukhus (2004)<\/li>\n<li>1st Stroke Center i regionen som ett privat sjukhus (2005)<\/li>\n<li>1st Comprehensive Cancer Center i regionen (2007)<\/li>\n<\/ul>\n<\/div>\r\n\t\t<\/div><\/div><\/div><div class=\"btClear btSeparator topSpaced noBorder\" ><hr><\/div><\/div><\/div><\/div><\/div><\/div><\/div><\/div><\/section>","protected":false},"excerpt":{"rendered":"","protected":false},"author":1,"featured_media":0,"parent":2548,"menu_order":5,"comment_status":"closed","ping_status":"closed","template":"","meta":{"footnotes":""},"class_list":["post-2894","page","type-page","status-publish","hentry"],"yoast_head":"<!-- This site is optimized with the Yoast SEO plugin v22.2 - https:\/\/yoast.com\/wordpress\/plugins\/seo\/ -->\n<title>Fact Sheet - Group Florence Nightingale Hospitals<\/title>\n<meta name=\"robots\" content=\"index, follow, max-snippet:-1, max-image-preview:large, max-video-preview:-1\" \/>\n<link rel=\"canonical\" href=\"https:\/\/groupflorence.com\/sv\/why-choose-us\/factsheet\/\" \/>\n<meta property=\"og:locale\" content=\"en_US\" \/>\n<meta property=\"og:type\" content=\"article\" \/>\n<meta property=\"og:title\" content=\"Fact Sheet - Group Florence Nightingale Hospitals\" \/>\n<meta property=\"og:url\" content=\"https:\/\/groupflorence.com\/sv\/why-choose-us\/factsheet\/\" \/>\n<meta property=\"og:site_name\" content=\"Group Florence Nightingale Hospitals\" \/>\n<meta property=\"article:publisher\" content=\"https:\/\/www.facebook.com\/groupflorence\" \/>\n<meta property=\"article:modified_time\" content=\"2022-12-05T06:42:37+00:00\" \/>\n<meta name=\"twitter:card\" content=\"summary_large_image\" \/>\n<meta name=\"twitter:label1\" content=\"Est. reading time\" \/>\n\t<meta name=\"twitter:data1\" content=\"2 minutes\" \/>\n<script type=\"application\/ld+json\" class=\"yoast-schema-graph\">{\"@context\":\"https:\/\/schema.org\",\"@graph\":[{\"@type\":\"WebPage\",\"@id\":\"https:\/\/groupflorence.com\/sv\/why-choose-us\/factsheet\/\",\"url\":\"https:\/\/groupflorence.com\/sv\/why-choose-us\/factsheet\/\",\"name\":\"Fact Sheet - Group Florence Nightingale Hospitals\",\"isPartOf\":{\"@id\":\"https:\/\/groupflorence.com\/sv\/#website\"},\"datePublished\":\"2020-09-03T11:19:16+00:00\",\"dateModified\":\"2022-12-05T06:42:37+00:00\",\"breadcrumb\":{\"@id\":\"https:\/\/groupflorence.com\/sv\/why-choose-us\/factsheet\/#breadcrumb\"},\"inLanguage\":\"en-US\",\"potentialAction\":[{\"@type\":\"ReadAction\",\"target\":[\"https:\/\/groupflorence.com\/sv\/why-choose-us\/factsheet\/\"]}]},{\"@type\":\"BreadcrumbList\",\"@id\":\"https:\/\/groupflorence.com\/sv\/why-choose-us\/factsheet\/#breadcrumb\",\"itemListElement\":[{\"@type\":\"ListItem\",\"position\":1,\"name\":\"Home\",\"item\":\"https:\/\/groupflorence.com\/sv\/\"},{\"@type\":\"ListItem\",\"position\":2,\"name\":\"Why Choose Us\",\"item\":\"https:\/\/groupflorence.com\/sv\/why-choose-us\/\"},{\"@type\":\"ListItem\",\"position\":3,\"name\":\"Fact Sheet\"}]},{\"@type\":\"WebSite\",\"@id\":\"https:\/\/groupflorence.com\/sv\/#website\",\"url\":\"https:\/\/groupflorence.com\/sv\/\",\"name\":\"Group Florence Nightingale Hospitals\",\"description\":\"\",\"publisher\":{\"@id\":\"https:\/\/groupflorence.com\/sv\/#organization\"},\"potentialAction\":[{\"@type\":\"SearchAction\",\"target\":{\"@type\":\"EntryPoint\",\"urlTemplate\":\"https:\/\/groupflorence.com\/sv\/?s={search_term_string}\"},\"query-input\":\"required name=search_term_string\"}],\"inLanguage\":\"en-US\"},{\"@type\":\"Organization\",\"@id\":\"https:\/\/groupflorence.com\/sv\/#organization\",\"name\":\"Group Florence Nightingale Hospitals\",\"url\":\"https:\/\/groupflorence.com\/sv\/\",\"logo\":{\"@type\":\"ImageObject\",\"inLanguage\":\"en-US\",\"@id\":\"https:\/\/groupflorence.com\/sv\/#\/schema\/logo\/image\/\",\"url\":\"https:\/\/groupflorence.com\/en\/wp-content\/uploads\/2021\/01\/gf-logotype-transparent-miniversion.png\",\"contentUrl\":\"https:\/\/groupflorence.com\/en\/wp-content\/uploads\/2021\/01\/gf-logotype-transparent-miniversion.png\",\"width\":245,\"height\":55,\"caption\":\"Group Florence Nightingale Hospitals\"},\"image\":{\"@id\":\"https:\/\/groupflorence.com\/sv\/#\/schema\/logo\/image\/\"},\"sameAs\":[\"https:\/\/www.facebook.com\/groupflorence\",\"https:\/\/www.instagram.com\/group_florence\/\",\"https:\/\/www.youtube.com\/channel\/UC_nlE9Up7N9T68unmJYEnfg\"]}]}<\/script>\n<!-- \/ Yoast SEO plugin. -->","yoast_head_json":{"title":"Fact Sheet - Group Florence Nightingale Hospitals","robots":{"index":"index","follow":"follow","max-snippet":"max-snippet:-1","max-image-preview":"max-image-preview:large","max-video-preview":"max-video-preview:-1"},"canonical":"https:\/\/groupflorence.com\/sv\/why-choose-us\/factsheet\/","og_locale":"en_US","og_type":"article","og_title":"Fact Sheet - Group Florence Nightingale Hospitals","og_url":"https:\/\/groupflorence.com\/sv\/why-choose-us\/factsheet\/","og_site_name":"Group Florence Nightingale Hospitals","article_publisher":"https:\/\/www.facebook.com\/groupflorence","article_modified_time":"2022-12-05T06:42:37+00:00","twitter_card":"summary_large_image","twitter_misc":{"Est. reading time":"2 minutes"},"schema":{"@context":"https:\/\/schema.org","@graph":[{"@type":"WebPage","@id":"https:\/\/groupflorence.com\/sv\/why-choose-us\/factsheet\/","url":"https:\/\/groupflorence.com\/sv\/why-choose-us\/factsheet\/","name":"Fact Sheet - Group Florence Nightingale Hospitals","isPartOf":{"@id":"https:\/\/groupflorence.com\/sv\/#website"},"datePublished":"2020-09-03T11:19:16+00:00","dateModified":"2022-12-05T06:42:37+00:00","breadcrumb":{"@id":"https:\/\/groupflorence.com\/sv\/why-choose-us\/factsheet\/#breadcrumb"},"inLanguage":"en-US","potentialAction":[{"@type":"ReadAction","target":["https:\/\/groupflorence.com\/sv\/why-choose-us\/factsheet\/"]}]},{"@type":"BreadcrumbList","@id":"https:\/\/groupflorence.com\/sv\/why-choose-us\/factsheet\/#breadcrumb","itemListElement":[{"@type":"ListItem","position":1,"name":"Home","item":"https:\/\/groupflorence.com\/sv\/"},{"@type":"ListItem","position":2,"name":"Why Choose Us","item":"https:\/\/groupflorence.com\/sv\/why-choose-us\/"},{"@type":"ListItem","position":3,"name":"Fact Sheet"}]},{"@type":"WebSite","@id":"https:\/\/groupflorence.com\/sv\/#website","url":"https:\/\/groupflorence.com\/sv\/","name":"Group Florence Nightingale Hospitals","description":"","publisher":{"@id":"https:\/\/groupflorence.com\/sv\/#organization"},"potentialAction":[{"@type":"SearchAction","target":{"@type":"EntryPoint","urlTemplate":"https:\/\/groupflorence.com\/sv\/?s={search_term_string}"},"query-input":"required name=search_term_string"}],"inLanguage":"en-US"},{"@type":"Organization","@id":"https:\/\/groupflorence.com\/sv\/#organization","name":"Group Florence Nightingale Hospitals","url":"https:\/\/groupflorence.com\/sv\/","logo":{"@type":"ImageObject","inLanguage":"en-US","@id":"https:\/\/groupflorence.com\/sv\/#\/schema\/logo\/image\/","url":"https:\/\/groupflorence.com\/en\/wp-content\/uploads\/2021\/01\/gf-logotype-transparent-miniversion.png","contentUrl":"https:\/\/groupflorence.com\/en\/wp-content\/uploads\/2021\/01\/gf-logotype-transparent-miniversion.png","width":245,"height":55,"caption":"Group Florence Nightingale Hospitals"},"image":{"@id":"https:\/\/groupflorence.com\/sv\/#\/schema\/logo\/image\/"},"sameAs":["https:\/\/www.facebook.com\/groupflorence","https:\/\/www.instagram.com\/group_florence\/","https:\/\/www.youtube.com\/channel\/UC_nlE9Up7N9T68unmJYEnfg"]}]}},"_links":{"self":[{"href":"https:\/\/groupflorence.com\/sv\/wp-json\/wp\/v2\/pages\/2894","targetHints":{"allow":["GET"]}}],"collection":[{"href":"https:\/\/groupflorence.com\/sv\/wp-json\/wp\/v2\/pages"}],"about":[{"href":"https:\/\/groupflorence.com\/sv\/wp-json\/wp\/v2\/types\/page"}],"author":[{"embeddable":true,"href":"https:\/\/groupflorence.com\/sv\/wp-json\/wp\/v2\/users\/1"}],"replies":[{"embeddable":true,"href":"https:\/\/groupflorence.com\/sv\/wp-json\/wp\/v2\/comments?post=2894"}],"version-history":[{"count":3,"href":"https:\/\/groupflorence.com\/sv\/wp-json\/wp\/v2\/pages\/2894\/revisions"}],"predecessor-version":[{"id":6721,"href":"https:\/\/groupflorence.com\/sv\/wp-json\/wp\/v2\/pages\/2894\/revisions\/6721"}],"up":[{"embeddable":true,"href":"https:\/\/groupflorence.com\/sv\/wp-json\/wp\/v2\/pages\/2548"}],"wp:attachment":[{"href":"https:\/\/groupflorence.com\/sv\/wp-json\/wp\/v2\/media?parent=2894"}],"curies":[{"name":"wp","href":"https:\/\/api.w.org\/{rel}","templated":true}]}}