{"id":2548,"date":"2020-08-19T20:31:39","date_gmt":"2020-08-19T17:31:39","guid":{"rendered":"https:\/\/groupflorence.com\/en\/?page_id=2548"},"modified":"2022-12-02T16:57:39","modified_gmt":"2022-12-02T13:57:39","slug":"why-choose-us","status":"publish","type":"page","link":"https:\/\/groupflorence.com\/sv\/why-choose-us\/","title":{"rendered":"Why Choose Us"},"content":{"rendered":"<section id=\"bt_section69ec351722636\"  class=\"boldSection gutter\" ><div class=\"port\"><div class=\"boldCell\"><div class=\"boldCellInner\"><div class=\"boldRow  \" ><div class=\"boldRowInner\"><div class=\"rowItem col-md-12 col-ms-12  btTextLeft\"  ><div class=\"rowItemContent\" ><div class=\"btClear btSeparator topSpaced noBorder\" ><hr><\/div><header class=\"header btClear large btDash bottomDash  btAccentDash\" ><div class=\"dash\"><h2><span class=\"headline\"><b class=\"animate\">varf\u00f6r v\u00e4lja oss<\/b><\/span><\/h2><\/div><\/header><div class=\"btText\" ><p><iframe loading=\"lazy\" title=\"Group Florence Nightingale - 30th Anniversary\" width=\"1200\" height=\"675\" src=\"https:\/\/www.youtube.com\/embed\/L7175YUUqgE?feature=oembed&#038;enablejsapi=1&#038;origin=https:\/\/groupflorence.com\" frameborder=\"0\" allow=\"accelerometer; autoplay; clipboard-write; encrypted-media; gyroscope; picture-in-picture\" allowfullscreen><\/iframe><\/p>\n<h3>Vi tar hand om dig fr\u00e5n din f\u00f6rsta f\u00f6rfr\u00e5gan fram till att du \u00e5terv\u00e4nder hem<\/h3>\n<p>V\u00e5rt centrum f\u00f6r internationella patienter \u00e4r dedikerat till att tillhandah\u00e5lla one-stop-service fr\u00e5n b\u00f6rjan till slut, 24 timmar om dygnet, 7 dagar i veckan, med ett fullt utbildat och erfaret team av r\u00e5dgivare och tolkar f\u00f6r att samordna all din medicinska, resor, boende, fritid och andra behov s\u00f6ml\u00f6st och professionellt.<\/p>\n<h3>30 \u00e5rs erfarenhet inom alla specialomr\u00e5den<\/h3>\n<p>Group Florence Nightingale har legat i framkanten inom h\u00e4lso- och sjukv\u00e5rdsbranschen i regionen sedan 1989. Group Florence Nightingale har utvecklat &#8220;Centers of Excellence&#8221; med expertbehandling, kirurgi och diagnostik p\u00e5 koncernens fem sjukhus och tre\u00a0medicinska centra, d\u00e4r varje center har f\u00e5tt erk\u00e4nnande i sin specialisering inte bara i Turkiet utan i hela regionen.<\/p>\n<h3>Ett bevisat rekord av excellens<\/h3>\n<p>Idag st\u00e5r gruppen Florence Nightingale f\u00f6r \u00e5rliga 70 000 slutenv\u00e5rdspatienter och 250 000 polikliniska patienter, en kapacitet p\u00e5 804 b\u00e4ddar, 141 ICU-s\u00e4ngar och 40 operationssalar.<\/p>\n<p>GFNH har etablerat stort f\u00f6rtroende med sitt multidisciplin\u00e4ra tillv\u00e4gag\u00e5ngss\u00e4tt och genomf\u00f6r mer \u00e4n 20 000 operationer per \u00e5r, varav 1 000 pediatriska och 2 000 hj\u00e4rtoperationer f\u00f6r vuxna. Under dess 30 \u00e5r av excellens, totalt 41 000 hj\u00e4rtoperationer, s\u00e5v\u00e4l som 105 000 angiografier och angioplastik, 20 000 ortopediska operationer, 3 217 ryggoperationer, mer \u00e4n 8 000 onkologiska fall, n\u00e4stan 15000 transplanterade njurtransplantationer, 00000000000 levertransplantationer. Transplantationer och \u00f6ver 1 500 robotoperationer har utf\u00f6rts.<\/p>\n<h3>Internationellt erk\u00e4nd och ackrediterad<\/h3>\n<p>Group Florence Nightingale var ett av de f\u00f6rsta turkiska sjukhusen som ackrediterades av Joint Commission International (JCI), den internationella grenen av organisationen som granskar och ackrediterar amerikanska sjukhus. Deras checklista inneh\u00e5ller \u00f6ver 350 kriterier, inklusive men inte begr\u00e4nsat till kirurgiska hygien- och anestesiprocedurer, samt utv\u00e4rdering av de system som finns p\u00e5 plats f\u00f6r medicinsk personal och sjuksk\u00f6terskor. JCI-ackrediteringsrevisioner genomf\u00f6rs vart tredje \u00e5r.<\/p>\n<p>Group Florence Nightingale har anknytningar och partnerskap med n\u00e5gra av de mest prestigefyllda medicinska institutionerna i USA och andra l\u00e4nder, och investerar kontinuerligt i utbildning och utveckling av alla dess l\u00e4kare, sjuksk\u00f6terskor, teknologer och personal.<\/p>\n<h3>Erfarna, internationellt utbildade l\u00e4kare och medicinska experter<\/h3>\n<p>Alla l\u00e4kare i gruppen Florence Nightingale \u00e4r fullst\u00e4ndigt licensierade av Turkish Medical Council f\u00f6r att ut\u00f6va sin specialitet i Turkiet. Dessutom \u00e4r m\u00e5nga styrelsecertifierade i sin specialitet i USA, Australien eller Europa. Group Florence Nightingales legitimationsprocess kr\u00e4ver en formell granskning av varje l\u00e4kares kvalifikationer och meritlista av Credentials and Bylaws Committee och Hospitals Medical Executive Committee. Dessa granskningar sker innan en l\u00e4kare utses till den medicinska personalen av sjukhusets styrelse och granskas d\u00e4refter vart tredje \u00e5r.<\/p>\n<p>En sammanfattning av var och en av v\u00e5ra l\u00e4kares kvalifikationer finns p\u00e5 v\u00e5r webbplats. Om du vill granska din l\u00e4kares kvalifikationer eller specifika erfarenheter mer i detalj n\u00e4r du kommer, kan vi ordna s\u00e5 att du g\u00f6r det.<\/p>\n<p>Sjuksk\u00f6terskor, farmaceuter, bildbehandlings- och laboratorietekniker m\u00e5ste genomg\u00e5 skolg\u00e5ng och klara certifieringsprov f\u00f6r att f\u00e5 licenser f\u00f6r att praktisera p\u00e5 Group Florence Nightingale. Sjuksk\u00f6terskor omcertifieras med 5 \u00e5rs mellanrum. De med s\u00e4rskilda ansvarsomr\u00e5den, s\u00e4rskilt ICU-sjuksk\u00f6terskor, m\u00e5ste f\u00e5 specialutbildning och certifieras som kompetenta inom det specifika expertomr\u00e5det.<\/p>\n<h3>Toppmodern teknik och utrustning<\/h3>\n<p>Under de senaste \u00e5ren har h\u00e4pnadsv\u00e4ckande framsteg gjorts inom medicinsk vetenskap och tekniken som anv\u00e4nds f\u00f6r att erbjuda behandling till patienter inom alla specialiseringar. Group Florence Nightingale investerar kontinuerligt i ny utrustning och utbildar sina experter f\u00f6r att leverera h\u00f6gsta kvalitet p\u00e5 h\u00e4lsov\u00e5rd.<\/p>\n<p>Group Florence Nightingale \u00e4r unik i att ha ett eget universitets- och tr\u00e4ningssjukhus som arbetar hand i hand med koncernens egna Clinical Research Center och Centers of Excellence f\u00f6r att f\u00f6lja och implementera den senaste utvecklingen \u00f6ver hela v\u00e4rlden.<\/p>\n<p>Gruppen Florence Nightingale \u00f6ppnade ocks\u00e5 det f\u00f6rsta &#8220;Smart-and-Green Hospital&#8221; i regionen, utrustat med robotkirurgi, telemedicin och fullt utbildad personal f\u00f6r att leverera behandling och operation i linje med de senaste metoderna.<\/p>\n<\/div><div class=\"btClear btSeparator bottomExtraSpaced noBorder\" ><hr><\/div><\/div><\/div><\/div><\/div><\/div><\/div><\/div><\/section>","protected":false},"excerpt":{"rendered":"","protected":false},"author":1,"featured_media":0,"parent":0,"menu_order":0,"comment_status":"closed","ping_status":"closed","template":"","meta":{"footnotes":""},"class_list":["post-2548","page","type-page","status-publish","hentry"],"yoast_head":"<!-- This site is optimized with the Yoast SEO plugin v22.2 - https:\/\/yoast.com\/wordpress\/plugins\/seo\/ -->\n<title>Why Choose Us - Group Florence Nightingale Hospitals<\/title>\n<meta name=\"robots\" content=\"index, follow, max-snippet:-1, max-image-preview:large, max-video-preview:-1\" \/>\n<link rel=\"canonical\" href=\"https:\/\/groupflorence.com\/sv\/why-choose-us\/\" \/>\n<meta property=\"og:locale\" content=\"en_US\" \/>\n<meta property=\"og:type\" content=\"article\" \/>\n<meta property=\"og:title\" content=\"Why Choose Us - Group Florence Nightingale Hospitals\" \/>\n<meta property=\"og:url\" content=\"https:\/\/groupflorence.com\/sv\/why-choose-us\/\" \/>\n<meta property=\"og:site_name\" content=\"Group Florence Nightingale Hospitals\" \/>\n<meta property=\"article:publisher\" content=\"https:\/\/www.facebook.com\/groupflorence\" \/>\n<meta property=\"article:modified_time\" content=\"2022-12-02T13:57:39+00:00\" \/>\n<meta name=\"twitter:card\" content=\"summary_large_image\" \/>\n<meta name=\"twitter:label1\" content=\"Est. reading time\" \/>\n\t<meta name=\"twitter:data1\" content=\"4 minutes\" \/>\n<script type=\"application\/ld+json\" class=\"yoast-schema-graph\">{\"@context\":\"https:\/\/schema.org\",\"@graph\":[{\"@type\":\"WebPage\",\"@id\":\"https:\/\/groupflorence.com\/sv\/why-choose-us\/\",\"url\":\"https:\/\/groupflorence.com\/sv\/why-choose-us\/\",\"name\":\"Why Choose Us - Group Florence Nightingale Hospitals\",\"isPartOf\":{\"@id\":\"https:\/\/groupflorence.com\/sv\/#website\"},\"datePublished\":\"2020-08-19T17:31:39+00:00\",\"dateModified\":\"2022-12-02T13:57:39+00:00\",\"breadcrumb\":{\"@id\":\"https:\/\/groupflorence.com\/sv\/why-choose-us\/#breadcrumb\"},\"inLanguage\":\"en-US\",\"potentialAction\":[{\"@type\":\"ReadAction\",\"target\":[\"https:\/\/groupflorence.com\/sv\/why-choose-us\/\"]}]},{\"@type\":\"BreadcrumbList\",\"@id\":\"https:\/\/groupflorence.com\/sv\/why-choose-us\/#breadcrumb\",\"itemListElement\":[{\"@type\":\"ListItem\",\"position\":1,\"name\":\"Home\",\"item\":\"https:\/\/groupflorence.com\/sv\/\"},{\"@type\":\"ListItem\",\"position\":2,\"name\":\"Why Choose Us\"}]},{\"@type\":\"WebSite\",\"@id\":\"https:\/\/groupflorence.com\/sv\/#website\",\"url\":\"https:\/\/groupflorence.com\/sv\/\",\"name\":\"Group Florence Nightingale Hospitals\",\"description\":\"\",\"publisher\":{\"@id\":\"https:\/\/groupflorence.com\/sv\/#organization\"},\"potentialAction\":[{\"@type\":\"SearchAction\",\"target\":{\"@type\":\"EntryPoint\",\"urlTemplate\":\"https:\/\/groupflorence.com\/sv\/?s={search_term_string}\"},\"query-input\":\"required name=search_term_string\"}],\"inLanguage\":\"en-US\"},{\"@type\":\"Organization\",\"@id\":\"https:\/\/groupflorence.com\/sv\/#organization\",\"name\":\"Group Florence Nightingale Hospitals\",\"url\":\"https:\/\/groupflorence.com\/sv\/\",\"logo\":{\"@type\":\"ImageObject\",\"inLanguage\":\"en-US\",\"@id\":\"https:\/\/groupflorence.com\/sv\/#\/schema\/logo\/image\/\",\"url\":\"https:\/\/groupflorence.com\/en\/wp-content\/uploads\/2021\/01\/gf-logotype-transparent-miniversion.png\",\"contentUrl\":\"https:\/\/groupflorence.com\/en\/wp-content\/uploads\/2021\/01\/gf-logotype-transparent-miniversion.png\",\"width\":245,\"height\":55,\"caption\":\"Group Florence Nightingale Hospitals\"},\"image\":{\"@id\":\"https:\/\/groupflorence.com\/sv\/#\/schema\/logo\/image\/\"},\"sameAs\":[\"https:\/\/www.facebook.com\/groupflorence\",\"https:\/\/www.instagram.com\/group_florence\/\",\"https:\/\/www.youtube.com\/channel\/UC_nlE9Up7N9T68unmJYEnfg\"]}]}<\/script>\n<!-- \/ Yoast SEO plugin. -->","yoast_head_json":{"title":"Why Choose Us - Group Florence Nightingale Hospitals","robots":{"index":"index","follow":"follow","max-snippet":"max-snippet:-1","max-image-preview":"max-image-preview:large","max-video-preview":"max-video-preview:-1"},"canonical":"https:\/\/groupflorence.com\/sv\/why-choose-us\/","og_locale":"en_US","og_type":"article","og_title":"Why Choose Us - Group Florence Nightingale Hospitals","og_url":"https:\/\/groupflorence.com\/sv\/why-choose-us\/","og_site_name":"Group Florence Nightingale Hospitals","article_publisher":"https:\/\/www.facebook.com\/groupflorence","article_modified_time":"2022-12-02T13:57:39+00:00","twitter_card":"summary_large_image","twitter_misc":{"Est. reading time":"4 minutes"},"schema":{"@context":"https:\/\/schema.org","@graph":[{"@type":"WebPage","@id":"https:\/\/groupflorence.com\/sv\/why-choose-us\/","url":"https:\/\/groupflorence.com\/sv\/why-choose-us\/","name":"Why Choose Us - Group Florence Nightingale Hospitals","isPartOf":{"@id":"https:\/\/groupflorence.com\/sv\/#website"},"datePublished":"2020-08-19T17:31:39+00:00","dateModified":"2022-12-02T13:57:39+00:00","breadcrumb":{"@id":"https:\/\/groupflorence.com\/sv\/why-choose-us\/#breadcrumb"},"inLanguage":"en-US","potentialAction":[{"@type":"ReadAction","target":["https:\/\/groupflorence.com\/sv\/why-choose-us\/"]}]},{"@type":"BreadcrumbList","@id":"https:\/\/groupflorence.com\/sv\/why-choose-us\/#breadcrumb","itemListElement":[{"@type":"ListItem","position":1,"name":"Home","item":"https:\/\/groupflorence.com\/sv\/"},{"@type":"ListItem","position":2,"name":"Why Choose Us"}]},{"@type":"WebSite","@id":"https:\/\/groupflorence.com\/sv\/#website","url":"https:\/\/groupflorence.com\/sv\/","name":"Group Florence Nightingale Hospitals","description":"","publisher":{"@id":"https:\/\/groupflorence.com\/sv\/#organization"},"potentialAction":[{"@type":"SearchAction","target":{"@type":"EntryPoint","urlTemplate":"https:\/\/groupflorence.com\/sv\/?s={search_term_string}"},"query-input":"required name=search_term_string"}],"inLanguage":"en-US"},{"@type":"Organization","@id":"https:\/\/groupflorence.com\/sv\/#organization","name":"Group Florence Nightingale Hospitals","url":"https:\/\/groupflorence.com\/sv\/","logo":{"@type":"ImageObject","inLanguage":"en-US","@id":"https:\/\/groupflorence.com\/sv\/#\/schema\/logo\/image\/","url":"https:\/\/groupflorence.com\/en\/wp-content\/uploads\/2021\/01\/gf-logotype-transparent-miniversion.png","contentUrl":"https:\/\/groupflorence.com\/en\/wp-content\/uploads\/2021\/01\/gf-logotype-transparent-miniversion.png","width":245,"height":55,"caption":"Group Florence Nightingale Hospitals"},"image":{"@id":"https:\/\/groupflorence.com\/sv\/#\/schema\/logo\/image\/"},"sameAs":["https:\/\/www.facebook.com\/groupflorence","https:\/\/www.instagram.com\/group_florence\/","https:\/\/www.youtube.com\/channel\/UC_nlE9Up7N9T68unmJYEnfg"]}]}},"_links":{"self":[{"href":"https:\/\/groupflorence.com\/sv\/wp-json\/wp\/v2\/pages\/2548","targetHints":{"allow":["GET"]}}],"collection":[{"href":"https:\/\/groupflorence.com\/sv\/wp-json\/wp\/v2\/pages"}],"about":[{"href":"https:\/\/groupflorence.com\/sv\/wp-json\/wp\/v2\/types\/page"}],"author":[{"embeddable":true,"href":"https:\/\/groupflorence.com\/sv\/wp-json\/wp\/v2\/users\/1"}],"replies":[{"embeddable":true,"href":"https:\/\/groupflorence.com\/sv\/wp-json\/wp\/v2\/comments?post=2548"}],"version-history":[{"count":3,"href":"https:\/\/groupflorence.com\/sv\/wp-json\/wp\/v2\/pages\/2548\/revisions"}],"predecessor-version":[{"id":6713,"href":"https:\/\/groupflorence.com\/sv\/wp-json\/wp\/v2\/pages\/2548\/revisions\/6713"}],"wp:attachment":[{"href":"https:\/\/groupflorence.com\/sv\/wp-json\/wp\/v2\/media?parent=2548"}],"curies":[{"name":"wp","href":"https:\/\/api.w.org\/{rel}","templated":true}]}}