{"id":2524,"date":"2020-08-19T14:58:44","date_gmt":"2020-08-19T11:58:44","guid":{"rendered":"https:\/\/groupflorence.com\/en\/?page_id=2524"},"modified":"2022-12-02T16:53:49","modified_gmt":"2022-12-02T13:53:49","slug":"patient-guide","status":"publish","type":"page","link":"https:\/\/groupflorence.com\/sv\/patient-guide\/","title":{"rendered":"Patient Guide"},"content":{"rendered":"<section id=\"bt_section69ebeb8e8f834\" data-parallax=\"0\" data-parallax-offset=\"0\" class=\"boldSection gutter inherit btParallax\" ><div class=\"port\"><div class=\"boldCell\"><div class=\"boldCellInner\"><div class=\"boldRow  \" ><div class=\"boldRowInner\"><div class=\"rowItem col-md-12 col-ms-12  btTextLeft animate animate-fadein inherit\"  ><div class=\"rowItemContent\" ><\/div><\/div><\/div><\/div><div class=\"boldRow  \" ><div class=\"boldRowInner\"><div class=\"rowItem col-md-8 col-ms-12 btTextLeft animate animate-fadein inherit\"  ><div class=\"rowItemContent\" ><div class=\"btClear btSeparator bottomSemiSpaced noBorder\" ><hr><\/div><header class=\"header btClear extralarge  btAccentDash\" ><div class=\"dash\"><h1><span class=\"headline\"><em>En steg-f\u00f6r-steg-guide f\u00f6r<\/em>\r<br><b class=\"animate\">internationella patienter<\/b><\/span><\/h1><\/div><\/header><div class=\"btClear btSeparator bottomSemiSpaced noBorder\" ><hr><\/div><\/div><\/div><div class=\"rowItem col-md-4 col-ms-12 btTextLeft animate animate-fadein inherit\"  ><div class=\"rowItemContent\" ><\/div><\/div><\/div><\/div><div class=\"boldRow  \" ><div class=\"boldRowInner\"><div class=\"rowItem btRightBorder col-md-6 col-sm-12 btTextLeft animate animate-fadein btTextIndent inherit\"  ><div class=\"rowItemContent\" ><div class=\"btClear btSeparator bottomSemiSpaced noBorder bt_bb_hidden_xs bt_bb_hidden_ms bt_bb_hidden_sm\" ><hr><\/div><header class=\"header btClear medium btDash bottomDash  btAccentDash\" ><div class=\"dash\"><h3><span class=\"headline\">MEDICINSK SECONDEN OPINION F\u00d6RFR\u00c5GNING &amp; UTS\u00c4TTNINGAR<\/span><\/h3><\/div><\/header><div class=\"btClear btSeparator bottomSemiSpaced noBorder bt_bb_hidden_xs bt_bb_hidden_ms bt_bb_hidden_sm\" ><hr><\/div><div class=\"btClear btSeparator bottomExtraSmallSpaced noBorder bt_bb_hidden_md bt_bb_hidden_lg\" ><hr><\/div><div class=\"btText\" ><p>Skicka in din personliga information och journaler p\u00e5 v\u00e5r Medical Second Opinion-sida. Vi kommer att konsultera v\u00e5ra l\u00e4kare och \u00e5terkomma till dig med en l\u00e4mplig behandlingsplan, kostnadsuppskattningar och vistelsetiden i Istanbul. En CIP-representant kommer att kontakta dig inom 24 timmar efter din f\u00f6rsta f\u00f6rfr\u00e5gan.<\/p>\n<p>Alternativt kan du ocks\u00e5 direkt beg\u00e4ra en tid hos v\u00e5ra l\u00e4kare via mail (international@groupflorence.com).<\/p>\n<p>Dina l\u00e4karbes\u00f6k kommer att schemal\u00e4ggas enligt dina bekr\u00e4ftelser.<\/p>\n<\/div><div class=\"btClear btSeparator bottomSemiSpaced noBorder\" ><hr><\/div><\/div><\/div><div class=\"rowItem col-md-6 col-sm-12 btTextLeft animate animate-fadein btTextIndent inherit\"  ><div class=\"rowItemContent\" ><div class=\"btClear btSeparator bottomSemiSpaced noBorder\" ><hr><\/div><header class=\"header btClear medium btDash bottomDash  btAccentDash\" ><div class=\"dash\"><h3><span class=\"headline\">ACCOMMODATION &amp; AIRPORT TRANSFERS<\/span><\/h3><\/div><\/header><div class=\"btClear btSeparator bottomSemiSpaced noBorder bt_bb_hidden_xs bt_bb_hidden_ms bt_bb_hidden_sm\" ><hr><\/div><div class=\"btClear btSeparator bottomExtraSmallSpaced noBorder bt_bb_hidden_md bt_bb_hidden_lg\" ><hr><\/div><div class=\"btText\" ><p>En CIP-representant kan hj\u00e4lpa dig med boendereservationer till f\u00f6rm\u00e5nliga f\u00f6retagspriser p\u00e5 n\u00e4rliggande hotell eller korttidsl\u00e4genheter baserat p\u00e5 dina preferenser. Vi kommer att ordna kompletterande flygplats-hotell-sjukhustransfer i linje med dina resor och medicinska m\u00f6ten.<\/p>\n<\/div><div class=\"btClear btSeparator bottomSemiSpaced noBorder\" ><hr><\/div><\/div><\/div><\/div><\/div><div class=\"boldRow  \" ><div class=\"boldRowInner\"><div class=\"rowItem btRightBorder col-md-12 col-ms-12  btTextLeft animate animate-fadein inherit\"  ><div class=\"rowItemContent\" ><div class=\"btClear btSeparator border bt_bb_hidden_xs bt_bb_hidden_ms bt_bb_hidden_sm\" ><hr><\/div><\/div><\/div><\/div><\/div><div class=\"boldRow  \" ><div class=\"boldRowInner\"><div class=\"rowItem col-md-6 col-sm-12 btTextLeft animate animate-fadein btTextIndent inherit\"  ><div class=\"rowItemContent\" ><div class=\"btClear btSeparator bottomSemiSpaced noBorder\" ><hr><\/div><header class=\"header btClear medium btDash bottomDash  btAccentDash\" ><div class=\"dash\"><h3><span class=\"headline\">MEDICINSK V\u00c5RD<\/span><\/h3><\/div><\/header><div class=\"btClear btSeparator bottomSemiSpaced noBorder bt_bb_hidden_xs bt_bb_hidden_ms bt_bb_hidden_sm\" ><hr><\/div><div class=\"btClear btSeparator bottomExtraSmallSpaced noBorder bt_bb_hidden_md bt_bb_hidden_lg\" ><hr><\/div><div class=\"btText\" ><p>Alla medicinska behandlingar utf\u00f6rs p\u00e5 v\u00e5ra toppmoderna anl\u00e4ggningar utrustade med den senaste tekniken och utrustningen, av v\u00e5ra internationellt utbildade kirurger, l\u00e4kare, sjuksk\u00f6terskor och medicinska experter.<\/p>\n<p>Du kommer att f\u00e5 en fullst\u00e4ndig medicinsk fil n\u00e4r din behandling \u00e4r avslutad samt informeras om n\u00f6dv\u00e4ndiga uppf\u00f6ljningskrav. Medicinska rapporter kommer att tillhandah\u00e5llas p\u00e5 engelska.<\/p>\n<\/div><div class=\"btClear btSeparator bottomSemiSpaced noBorder\" ><hr><\/div><\/div><\/div><div class=\"rowItem btLeftBorder col-md-6 col-sm-12 btTextLeft animate animate-fadein btTextIndent inherit\"  ><div class=\"rowItemContent\" ><div class=\"btClear btSeparator bottomSemiSpaced noBorder\" ><hr><\/div><header class=\"header btClear medium btDash bottomDash  btAccentDash\" ><div class=\"dash\"><h3><span class=\"headline\">VARAKTIGHETEN<\/span><\/h3><\/div><\/header><div class=\"btClear btSeparator bottomSemiSpaced noBorder bt_bb_hidden_xs bt_bb_hidden_ms bt_bb_hidden_sm\" ><hr><\/div><div class=\"btClear btSeparator bottomExtraSmallSpaced noBorder bt_bb_hidden_md bt_bb_hidden_lg\" ><hr><\/div><div class=\"btText\" ><p>L\u00e4ngden p\u00e5 din vistelse i Istanbul beror p\u00e5 vilken typ av behandling du har. Du kan beh\u00f6va eller inte beh\u00f6ver v\u00e5rd p\u00e5 intensivv\u00e5rdsavdelning och\/eller slutenv\u00e5rd (detaljerad information ges i MSO-f\u00f6rfr\u00e5gningar).<\/p>\n<p>Enligt dina behov kommer CIP-representanter att hj\u00e4lpa dig och dina familjemedlemmar f\u00f6r att s\u00e4kerst\u00e4lla maximal komfort borta fr\u00e5n hemmet.<\/p>\n<\/div><div class=\"btClear btSeparator bottomSemiSpaced noBorder\" ><hr><\/div><\/div><\/div><\/div><\/div><\/div><\/div><\/div><\/section><section id=\"bt_section69ebeb8e90655\"  class=\"boldSection gutter\" ><div class=\"port\"><div class=\"boldCell\"><div class=\"boldCellInner\"><div class=\"boldRow  \" ><div class=\"boldRowInner\"><div class=\"rowItem col-md-12 col-ms-12  btTextLeft\"  ><div class=\"rowItemContent\" ><div class=\"btClear btSeparator bottomSemiSpaced noBorder bt_bb_hidden_xs bt_bb_hidden_ms bt_bb_hidden_sm\" ><hr><\/div><div class=\"btClear btSeparator bottomExtraSmallSpaced noBorder bt_bb_hidden_md bt_bb_hidden_lg\" ><hr><\/div><header class=\"header btClear medium btDash bottomDash  btNormalDash\" ><div class=\"dash\"><h3><span class=\"headline\"><b class=\"animate\">Planera ditt bes\u00f6k<\/b><\/span><\/h3><\/div><\/header><div class=\"btClear btSeparator bottomSemiSpaced noBorder bt_bb_hidden_xs bt_bb_hidden_ms bt_bb_hidden_sm\" ><hr><\/div><div class=\"btClear btSeparator bottomExtraSmallSpaced noBorder bt_bb_hidden_md bt_bb_hidden_lg\" ><hr><\/div><div class=\"btText\" ><p>Vi f\u00f6rst\u00e5r att det kan bli hektiskt att planera en medicinsk resa \u2013 det finns flyg och boende som ska ordnas, medicinsk assistans (om s\u00e5 kr\u00e4vs) och m\u00f6ten som ska organiseras och krav p\u00e5 visumpapper f\u00f6r vissa medborgare \u2013 d\u00e4rf\u00f6r \u00e4r det v\u00e5rt syfte att underl\u00e4tta och hj\u00e4lpa dig s\u00e5 mycket som m\u00f6jligt under varje steg av resan.<\/p>\n<p>V\u00e5rt centrum f\u00f6r internationella patienter (CIP) \u00e4r helt dedikerat till att ge internationella patienter en helt\u00e4ckande service som t\u00e4cker alla aspekter fr\u00e5n den f\u00f6rsta f\u00f6rfr\u00e5gan till att de \u00e5terv\u00e4nder hem. Dessutom kommer ett flerspr\u00e5kigt team att finnas tillg\u00e4ngligt f\u00f6r att hj\u00e4lpa och tolka under dina medicinska konsultationer.<\/p>\n<p>Medical Second Opinion (MSO)-f\u00f6rfr\u00e5gningar besvaras inom en tidsram p\u00e5 24 till 48 timmar.<\/p>\n<p>CIP-personal tillhandah\u00e5ller och hj\u00e4lper till med:<\/p>\n<\/div><div class=\"btClear btSeparator bottomSmallSpaced noBorder\" ><hr><\/div><\/div><\/div><\/div><\/div><div class=\"boldRow  \" ><div class=\"boldRowInner\"><div class=\"rowItem col-md-6 col-sm-12 btTextLeft\"  ><div class=\"rowItemContent\" ><div class=\"servicesItem  btIcoAccentColorIcon btIcoSmallSizeIcon  \"><div class=\"sIcon\"><span class=\"btIco btIcoSmallSize btIcoDefaultType btIcoAccentColor\" ><span  data-ico-fa=\"&#xf046;\" class=\"btIcoHolder\"><em><\/em><\/span><\/span><\/div><div class=\"sTxt\"><header class=\"header btClear small\" ><\/header><p>Medical Second Opinions<\/p><\/div><\/div><div class=\"btClear btSeparator bottomSemiSpaced noBorder\" ><hr><\/div><div class=\"servicesItem  btIcoAccentColorIcon btIcoSmallSizeIcon  \"><div class=\"sIcon\"><span class=\"btIco btIcoSmallSize btIcoDefaultType btIcoAccentColor\" ><span  data-ico-fa=\"&#xf046;\" class=\"btIcoHolder\"><em><\/em><\/span><\/span><\/div><div class=\"sTxt\"><header class=\"header btClear small\" ><\/header><p>Schemal\u00e4ggning av m\u00f6ten<\/p><\/div><\/div><div class=\"btClear btSeparator bottomSemiSpaced noBorder\" ><hr><\/div><div class=\"servicesItem  btIcoAccentColorIcon btIcoSmallSizeIcon  \"><div class=\"sIcon\"><span class=\"btIco btIcoSmallSize btIcoDefaultType btIcoAccentColor\" ><span  data-ico-fa=\"&#xf046;\" class=\"btIcoHolder\"><em><\/em><\/span><\/span><\/div><div class=\"sTxt\"><header class=\"header btClear small\" ><\/header><p>Sjukhusinl\u00e4ggningar<\/p><\/div><\/div><div class=\"btClear btSeparator bottomSemiSpaced noBorder\" ><hr><\/div><div class=\"servicesItem  btIcoAccentColorIcon btIcoSmallSizeIcon  \"><div class=\"sIcon\"><span class=\"btIco btIcoSmallSize btIcoDefaultType btIcoAccentColor\" ><span  data-ico-fa=\"&#xf046;\" class=\"btIcoHolder\"><em><\/em><\/span><\/span><\/div><div class=\"sTxt\"><header class=\"header btClear small\" ><\/header><p>Arrangemang av resor och boende<\/p><\/div><\/div><div class=\"btClear btSeparator bottomSemiSpaced noBorder\" ><hr><\/div><\/div><\/div><div class=\"rowItem col-md-6 col-sm-12 btTextLeft\"  ><div class=\"rowItemContent\" ><div class=\"servicesItem  btIcoAccentColorIcon btIcoSmallSizeIcon  \"><div class=\"sIcon\"><span class=\"btIco btIcoSmallSize btIcoDefaultType btIcoAccentColor\" ><span  data-ico-fa=\"&#xf046;\" class=\"btIcoHolder\"><em><\/em><\/span><\/span><\/div><div class=\"sTxt\"><header class=\"header btClear small\" ><\/header><p>Tolktj\u00e4nster<\/p><\/div><\/div><div class=\"btClear btSeparator bottomSemiSpaced noBorder\" ><hr><\/div><div class=\"servicesItem  btIcoAccentColorIcon btIcoSmallSizeIcon  \"><div class=\"sIcon\"><span class=\"btIco btIcoSmallSize btIcoDefaultType btIcoAccentColor\" ><span  data-ico-fa=\"&#xf046;\" class=\"btIcoHolder\"><em><\/em><\/span><\/span><\/div><div class=\"sTxt\"><header class=\"header btClear small\" ><\/header><p>Luft- och markambulanstj\u00e4nster<\/p><\/div><\/div><div class=\"btClear btSeparator bottomSemiSpaced noBorder\" ><hr><\/div><div class=\"servicesItem  btIcoAccentColorIcon btIcoSmallSizeIcon  \"><div class=\"sIcon\"><span class=\"btIco btIcoSmallSize btIcoDefaultType btIcoAccentColor\" ><span  data-ico-fa=\"&#xf046;\" class=\"btIcoHolder\"><em><\/em><\/span><\/span><\/div><div class=\"sTxt\"><header class=\"header btClear small\" ><\/header><p>Finansiella transaktioner<\/p><\/div><\/div><div class=\"btClear btSeparator bottomSemiSpaced noBorder\" ><hr><\/div><div class=\"servicesItem  btIcoAccentColorIcon btIcoSmallSizeIcon  \"><div class=\"sIcon\"><span class=\"btIco btIcoSmallSize btIcoDefaultType btIcoAccentColor\" ><span  data-ico-fa=\"&#xf046;\" class=\"btIcoHolder\"><em><\/em><\/span><\/span><\/div><div class=\"sTxt\"><header class=\"header btClear small\" ><\/header><p>Utskrivningsprocess och uppf\u00f6ljande v\u00e5rd<\/p><\/div><\/div><div class=\"btClear btSeparator bottomSemiSpaced noBorder\" ><hr><\/div><\/div><\/div><\/div><\/div><div class=\"boldRow  \" ><div class=\"boldRowInner\"><div class=\"rowItem col-md-12 col-ms-12  btTextLeft\"  ><div class=\"rowItemContent\" ><div class=\"btClear btSeparator topSpaced noBorder\" ><hr><\/div><\/div><\/div><\/div><\/div><\/div><\/div><\/div><\/section>","protected":false},"excerpt":{"rendered":"","protected":false},"author":1,"featured_media":0,"parent":0,"menu_order":0,"comment_status":"closed","ping_status":"closed","template":"","meta":{"footnotes":""},"class_list":["post-2524","page","type-page","status-publish","hentry"],"yoast_head":"<!-- This site is optimized with the Yoast SEO plugin v22.2 - https:\/\/yoast.com\/wordpress\/plugins\/seo\/ -->\n<title>Patient Guide - Group Florence Nightingale Hospitals<\/title>\n<meta name=\"robots\" content=\"index, follow, max-snippet:-1, max-image-preview:large, max-video-preview:-1\" \/>\n<link rel=\"canonical\" href=\"https:\/\/groupflorence.com\/sv\/patient-guide\/\" \/>\n<meta property=\"og:locale\" content=\"en_US\" \/>\n<meta property=\"og:type\" content=\"article\" \/>\n<meta property=\"og:title\" content=\"Patient Guide - Group Florence Nightingale Hospitals\" \/>\n<meta property=\"og:url\" content=\"https:\/\/groupflorence.com\/sv\/patient-guide\/\" \/>\n<meta property=\"og:site_name\" content=\"Group Florence Nightingale Hospitals\" \/>\n<meta property=\"article:publisher\" content=\"https:\/\/www.facebook.com\/groupflorence\" \/>\n<meta property=\"article:modified_time\" content=\"2022-12-02T13:53:49+00:00\" \/>\n<meta name=\"twitter:card\" content=\"summary_large_image\" \/>\n<meta name=\"twitter:label1\" content=\"Est. reading time\" \/>\n\t<meta name=\"twitter:data1\" content=\"10 minutes\" \/>\n<script type=\"application\/ld+json\" class=\"yoast-schema-graph\">{\"@context\":\"https:\/\/schema.org\",\"@graph\":[{\"@type\":\"WebPage\",\"@id\":\"https:\/\/groupflorence.com\/sv\/patient-guide\/\",\"url\":\"https:\/\/groupflorence.com\/sv\/patient-guide\/\",\"name\":\"Patient Guide - Group Florence Nightingale Hospitals\",\"isPartOf\":{\"@id\":\"https:\/\/groupflorence.com\/sv\/#website\"},\"datePublished\":\"2020-08-19T11:58:44+00:00\",\"dateModified\":\"2022-12-02T13:53:49+00:00\",\"breadcrumb\":{\"@id\":\"https:\/\/groupflorence.com\/sv\/patient-guide\/#breadcrumb\"},\"inLanguage\":\"en-US\",\"potentialAction\":[{\"@type\":\"ReadAction\",\"target\":[\"https:\/\/groupflorence.com\/sv\/patient-guide\/\"]}]},{\"@type\":\"BreadcrumbList\",\"@id\":\"https:\/\/groupflorence.com\/sv\/patient-guide\/#breadcrumb\",\"itemListElement\":[{\"@type\":\"ListItem\",\"position\":1,\"name\":\"Home\",\"item\":\"https:\/\/groupflorence.com\/sv\/\"},{\"@type\":\"ListItem\",\"position\":2,\"name\":\"Patient Guide\"}]},{\"@type\":\"WebSite\",\"@id\":\"https:\/\/groupflorence.com\/sv\/#website\",\"url\":\"https:\/\/groupflorence.com\/sv\/\",\"name\":\"Group Florence Nightingale Hospitals\",\"description\":\"\",\"publisher\":{\"@id\":\"https:\/\/groupflorence.com\/sv\/#organization\"},\"potentialAction\":[{\"@type\":\"SearchAction\",\"target\":{\"@type\":\"EntryPoint\",\"urlTemplate\":\"https:\/\/groupflorence.com\/sv\/?s={search_term_string}\"},\"query-input\":\"required name=search_term_string\"}],\"inLanguage\":\"en-US\"},{\"@type\":\"Organization\",\"@id\":\"https:\/\/groupflorence.com\/sv\/#organization\",\"name\":\"Group Florence Nightingale Hospitals\",\"url\":\"https:\/\/groupflorence.com\/sv\/\",\"logo\":{\"@type\":\"ImageObject\",\"inLanguage\":\"en-US\",\"@id\":\"https:\/\/groupflorence.com\/sv\/#\/schema\/logo\/image\/\",\"url\":\"https:\/\/groupflorence.com\/en\/wp-content\/uploads\/2021\/01\/gf-logotype-transparent-miniversion.png\",\"contentUrl\":\"https:\/\/groupflorence.com\/en\/wp-content\/uploads\/2021\/01\/gf-logotype-transparent-miniversion.png\",\"width\":245,\"height\":55,\"caption\":\"Group Florence Nightingale Hospitals\"},\"image\":{\"@id\":\"https:\/\/groupflorence.com\/sv\/#\/schema\/logo\/image\/\"},\"sameAs\":[\"https:\/\/www.facebook.com\/groupflorence\",\"https:\/\/www.instagram.com\/group_florence\/\",\"https:\/\/www.youtube.com\/channel\/UC_nlE9Up7N9T68unmJYEnfg\"]}]}<\/script>\n<!-- \/ Yoast SEO plugin. -->","yoast_head_json":{"title":"Patient Guide - Group Florence Nightingale Hospitals","robots":{"index":"index","follow":"follow","max-snippet":"max-snippet:-1","max-image-preview":"max-image-preview:large","max-video-preview":"max-video-preview:-1"},"canonical":"https:\/\/groupflorence.com\/sv\/patient-guide\/","og_locale":"en_US","og_type":"article","og_title":"Patient Guide - Group Florence Nightingale Hospitals","og_url":"https:\/\/groupflorence.com\/sv\/patient-guide\/","og_site_name":"Group Florence Nightingale Hospitals","article_publisher":"https:\/\/www.facebook.com\/groupflorence","article_modified_time":"2022-12-02T13:53:49+00:00","twitter_card":"summary_large_image","twitter_misc":{"Est. reading time":"10 minutes"},"schema":{"@context":"https:\/\/schema.org","@graph":[{"@type":"WebPage","@id":"https:\/\/groupflorence.com\/sv\/patient-guide\/","url":"https:\/\/groupflorence.com\/sv\/patient-guide\/","name":"Patient Guide - Group Florence Nightingale Hospitals","isPartOf":{"@id":"https:\/\/groupflorence.com\/sv\/#website"},"datePublished":"2020-08-19T11:58:44+00:00","dateModified":"2022-12-02T13:53:49+00:00","breadcrumb":{"@id":"https:\/\/groupflorence.com\/sv\/patient-guide\/#breadcrumb"},"inLanguage":"en-US","potentialAction":[{"@type":"ReadAction","target":["https:\/\/groupflorence.com\/sv\/patient-guide\/"]}]},{"@type":"BreadcrumbList","@id":"https:\/\/groupflorence.com\/sv\/patient-guide\/#breadcrumb","itemListElement":[{"@type":"ListItem","position":1,"name":"Home","item":"https:\/\/groupflorence.com\/sv\/"},{"@type":"ListItem","position":2,"name":"Patient Guide"}]},{"@type":"WebSite","@id":"https:\/\/groupflorence.com\/sv\/#website","url":"https:\/\/groupflorence.com\/sv\/","name":"Group Florence Nightingale Hospitals","description":"","publisher":{"@id":"https:\/\/groupflorence.com\/sv\/#organization"},"potentialAction":[{"@type":"SearchAction","target":{"@type":"EntryPoint","urlTemplate":"https:\/\/groupflorence.com\/sv\/?s={search_term_string}"},"query-input":"required name=search_term_string"}],"inLanguage":"en-US"},{"@type":"Organization","@id":"https:\/\/groupflorence.com\/sv\/#organization","name":"Group Florence Nightingale Hospitals","url":"https:\/\/groupflorence.com\/sv\/","logo":{"@type":"ImageObject","inLanguage":"en-US","@id":"https:\/\/groupflorence.com\/sv\/#\/schema\/logo\/image\/","url":"https:\/\/groupflorence.com\/en\/wp-content\/uploads\/2021\/01\/gf-logotype-transparent-miniversion.png","contentUrl":"https:\/\/groupflorence.com\/en\/wp-content\/uploads\/2021\/01\/gf-logotype-transparent-miniversion.png","width":245,"height":55,"caption":"Group Florence Nightingale Hospitals"},"image":{"@id":"https:\/\/groupflorence.com\/sv\/#\/schema\/logo\/image\/"},"sameAs":["https:\/\/www.facebook.com\/groupflorence","https:\/\/www.instagram.com\/group_florence\/","https:\/\/www.youtube.com\/channel\/UC_nlE9Up7N9T68unmJYEnfg"]}]}},"_links":{"self":[{"href":"https:\/\/groupflorence.com\/sv\/wp-json\/wp\/v2\/pages\/2524","targetHints":{"allow":["GET"]}}],"collection":[{"href":"https:\/\/groupflorence.com\/sv\/wp-json\/wp\/v2\/pages"}],"about":[{"href":"https:\/\/groupflorence.com\/sv\/wp-json\/wp\/v2\/types\/page"}],"author":[{"embeddable":true,"href":"https:\/\/groupflorence.com\/sv\/wp-json\/wp\/v2\/users\/1"}],"replies":[{"embeddable":true,"href":"https:\/\/groupflorence.com\/sv\/wp-json\/wp\/v2\/comments?post=2524"}],"version-history":[{"count":18,"href":"https:\/\/groupflorence.com\/sv\/wp-json\/wp\/v2\/pages\/2524\/revisions"}],"predecessor-version":[{"id":6712,"href":"https:\/\/groupflorence.com\/sv\/wp-json\/wp\/v2\/pages\/2524\/revisions\/6712"}],"wp:attachment":[{"href":"https:\/\/groupflorence.com\/sv\/wp-json\/wp\/v2\/media?parent=2524"}],"curies":[{"name":"wp","href":"https:\/\/api.w.org\/{rel}","templated":true}]}}