{"id":2428,"date":"2020-08-18T14:44:12","date_gmt":"2020-08-18T11:44:12","guid":{"rendered":"https:\/\/groupflorence.com\/en\/?page_id=2428"},"modified":"2022-12-13T10:55:57","modified_gmt":"2022-12-13T07:55:57","slug":"hyperbaric-oxygen-treatment","status":"publish","type":"page","link":"https:\/\/groupflorence.com\/sv\/centers-treatments\/hyperbaric-oxygen-treatment\/","title":{"rendered":"Hyperbaric Oxygen Treatment"},"content":{"rendered":"<section id=\"bt_section69ec0f6c33318\"  class=\"boldSection gutter\" ><div class=\"port\"><div class=\"boldCell\"><div class=\"boldCellInner\"><div class=\"boldRow  \" ><div class=\"boldRowInner\"><div class=\"rowItem col-md-4 col-ms-12 btTextLeft\"  ><div class=\"rowItemContent\" ><div class=\"btClear btSeparator topSpaced noBorder\" ><hr><\/div><div class=\"btCustomMenu treatment-sidebar\" ><div class=\"menu-hyperbaric-treatment-container\"><ul id=\"menu-hyperbaric-treatment\" class=\"menu\"><li id=\"menu-item-3895\" class=\"menu-item menu-item-type-post_type menu-item-object-page menu-item-has-children menu-item-3895\"><a href=\"https:\/\/groupflorence.com\/sv\/centers-treatments\/\">Centrum och avdelningar<\/a><ul class=\"sub-menu\"><li id=\"menu-item-3896\" class=\"menu-item menu-item-type-post_type menu-item-object-page menu-item-3896\"><a href=\"https:\/\/groupflorence.com\/sv\/centers-treatments\/hyperbaric-oxygen-treatment\/\">Hyperbar syrebehandling<\/a><\/li><\/ul><\/li>\n<\/ul><\/div><\/div><div class=\"btClear btSeparator topSemiSpaced noBorder\" ><hr><\/div><div class=\"boldRow boldInnerRow  bt_bb_hidden_xs bt_bb_hidden_ms bt_bb_hidden_sm\" ><div class=\"rowItem rowInnerItem col-md-12  btTextCenter btMiddleVertical\"  ><div class=\"rowItemContent\"><div class=\"bpgPhoto btTextCenter\" > \r\n\t\t\t\t\t<a href=\"https:\/\/groupflorence.com\/sv\/patient-guide\/covid-19-precautions\/\" target=\"_self\" title=\"\"><\/a>\r\n\t\t\t\t\t<div class=\"boldPhotoBox\"><div class=\"bpbItem\"><div class = \"btImage\"><img decoding=\"async\" src=\"https:\/\/groupflorence.com\/sv\/wp-content\/uploads\/2020\/12\/covid-safe-sidebar-320x186.jpg\" alt=\"\" title=\"\" ><\/div><\/div><\/div>\r\n\t\t\t\t\t<div class=\"captionPane\">\r\n\t\t\t\t\t\t<div class=\"captionTable\">\r\n\t\t\t\t\t\t\t<div class=\"captionCell\">\r\n\t\t\t\t\t\t\t\t<div class=\"captionTxt\"><\/div>\r\n\t\t\t\t\t\t\t<\/div>\r\n\t\t\t\t\t\t<\/div>\r\n\t\t\t\t\t<\/div><\/div><div class=\"btClear btSeparator topSmallSpaced bottomSmallSpaced border\" ><hr><\/div><a href=\"https:\/\/groupflorence.com\/sv\/contact-us\/\" class=\"btBtn btBtn btnFilledStyle btnAccentColor btnBig btnNormalWidth btnLeftPosition btnNoIcon\" ><span class=\"btnInnerText\">St\u00e4lla en fr\u00e5ga<\/span><\/a><\/div><\/div><\/div><\/div><\/div><div class=\"rowItem col-md-8 col-ms-12 btTextLeft\"  ><div class=\"rowItemContent\" ><div class=\"btClear btSeparator topSemiSpaced noBorder\" ><hr><\/div><header class=\"header btClear medium btDash bottomDash  btNormalDash\" ><div class=\"dash\"><h3><span class=\"headline\"><b class=\"animate\">Hyperbar syrebehandling<\/b><\/span><\/h3><\/div><\/header><div class=\"btClear btSeparator topSemiSpaced noBorder\" ><hr><\/div><header class=\"header btClear medium btDash bottomDash  btAccentDash\" ><div class=\"dash\"><h3><span class=\"headline\">Vad \u00e4r det?\r<br><\/span><\/h3><\/div><\/header><div class=\"btClear btSeparator topExtraSmallSpaced noBorder\" ><hr><\/div><div class=\"btText\" ><p>Hyperbaric Oxygen (HBO) Therapy \u00e4r ett medicinskt och vetenskapligt bevisat behandlingss\u00e4tt baserat p\u00e5 inandning av 100 % rent syre genom en mask eller fr\u00e5n mediet i en helt st\u00e4ngd tryckkammare vid tryck h\u00f6gre \u00e4n 1 atmosf\u00e4r.<\/p>\n<p>Denna metod \u00f6kar m\u00e4ngden l\u00f6st syre som levereras till v\u00e4vnaderna, diffusionsavst\u00e5ndet f\u00f6r syre (avst\u00e5ndet det kan g\u00e5 i v\u00e4vnaden) och dess effektivitet, och v\u00e4vnadens livsduglighet kan s\u00e4kerst\u00e4llas med sm\u00e4lt syre \u00e4ven om v\u00e4vnaden inte f\u00e5r blod tillf\u00f6rsel. Dessutom hj\u00e4lper det s\u00e5rl\u00e4kning genom \u00f6kad antibiotikaaktivitet, revitalisering av benv\u00e4vnad, utveckling av granulationsv\u00e4vnad (h\u00e4lsosam s\u00e5rl\u00e4kningsv\u00e4vnad), kollagenkonstruktion, ny k\u00e4rlbildning och nya cellul\u00e4ra aktiviteter.<\/p>\n<p>Denna vetenskapligt bevisade behandlingsmetod anv\u00e4nds framg\u00e5ngsrikt vid behandling av diabetiska fots\u00e5r, kroniska s\u00e5r, vaskul\u00e4ra obstruktionss\u00e5r, beninflammation, mjukdelsinfektioner, avaskul\u00e4r\/aseptisk nekros (bend\u00f6d), pl\u00f6tslig h\u00f6rselneds\u00e4ttning, pl\u00f6tslig synf\u00f6rlust, krossning skador, postoperativa s\u00e5r, str\u00e5lskador, br\u00e4nnskador, riskfyllda transplantat och klaffar, kolmonoxid (spis, r\u00f6rgas, naturgas) f\u00f6rgiftning, luftemboli och caissonsjuka. Kort sagt, alla typer av icke-syresatt v\u00e4vnad \u00e5terst\u00e4lls och f\u00f6ryngras genom syres\u00e4ttning. Ut\u00f6ver de som n\u00e4mnts ovan finns det andra sjukdomar d\u00e4r denna metod har pr\u00f6vats och lyckats.<\/p>\n<p>Hyperbaric Oxygen (HBO) Therapy \u00e4r en medicinsk, vetenskapligt bepr\u00f6vad behandlingsmetod baserad p\u00e5 100 % ren syreinhalation fr\u00e5n en mask eller medium vid tryck h\u00f6gre \u00e4n 1 atmosf\u00e4r, i en helt sluten tryckkammare. Med denna metod \u00f6kar m\u00e4ngden l\u00f6st syre som g\u00e5r till v\u00e4vnaderna, syrets diffusionsavst\u00e5nd (avst\u00e5ndet det kan g\u00e5 i v\u00e4vnaden) och dess effektivitet, och \u00e4ven om det inte finns n\u00e5got blod i v\u00e4vnaderna, \u00f6kar livsdugligheten f\u00f6r v\u00e4vnad kan s\u00e4kerst\u00e4llas med l\u00f6st syre. Denna metod hj\u00e4lper ocks\u00e5 till s\u00e5rl\u00e4kning med \u00f6kad antibiotikaaktivitet, f\u00f6ryngring av benv\u00e4vnad, utveckling av granulationsv\u00e4vnad (h\u00e4lsosam s\u00e5rl\u00e4kningsv\u00e4vnad), kollagenproduktion, nybildning av k\u00e4rl och nya cellul\u00e4ra aktiviteter.<\/p>\n<\/div><div class=\"btClear btSeparator topSmallSpaced noBorder\" ><hr><\/div><header class=\"header btClear medium btDash bottomDash  btAccentDash\" ><div class=\"dash\"><h3><span class=\"headline\">Var anv\u00e4nds den?\r<br><\/span><\/h3><\/div><\/header><div class=\"btClear btSeparator topExtraSmallSpaced noBorder\" ><hr><\/div><div class=\"btText\" ><p>Denna vetenskapligt bevisade behandlingsmetod anv\u00e4nds med framg\u00e5ng vid diabetiska fots\u00e5r, kroniska s\u00e5r, vaskul\u00e4ra ocklusionss\u00e5r, beninflammationer, mjukdelsinfektioner, avaskul\u00e4r\/aseptisk nekros (bend\u00f6d), pl\u00f6tslig h\u00f6rselneds\u00e4ttning, pl\u00f6tslig synf\u00f6rlust, kl\u00e4mskador, postoperativa s\u00e5r , str\u00e5lningsskador, br\u00e4nnskador, riskabla transplantat och klaffar, kolmonoxid (spis, flaskgas, naturgas) f\u00f6rgiftning, luftemboli och kv\u00e4venarkos. Kort sagt s\u00e4kerst\u00e4ller denna metod att alla typer av syresv\u00e4ltande v\u00e4vnader l\u00e4kas och f\u00f6ryngras genom att de blir syresatta. F\u00f6rutom de listade sjukdomarna finns det andra sjukdomar f\u00f6r vilka denna metod har pr\u00f6vats och gett framg\u00e5ngsrika resultat.<\/p>\n<\/div><div class=\"btClear btSeparator topSmallSpaced noBorder\" ><hr><\/div><header class=\"header btClear medium btDash bottomDash  btAccentDash\" ><div class=\"dash\"><h3><span class=\"headline\">Vad b\u00f6r g\u00f6ras f\u00f6re behandling?<\/span><\/h3><\/div><\/header><div class=\"btClear btSeparator topExtraSmallSpaced noBorder\" ><hr><\/div><div class=\"btText\" ><p>F\u00f6rst och fr\u00e4mst b\u00f6r alla som ska genomg\u00e5 behandling unders\u00f6kas av en undervattensl\u00e4kare och specialist p\u00e5 hyperbarmedicin. Patientens nuvarande sjukdom och status f\u00f6r sina kroniska sjukdomar \u00e4r viktiga. Om patienten \u00e4r kliniskt l\u00e4mplig kommer de att kontrolleras med lungr\u00f6ntgen, och om det inte finns n\u00e5gon risk kommer de att behandlas. Om patienten har n\u00e5got tillst\u00e5nd som kan utg\u00f6ra en risk kan en konsultation beg\u00e4ras f\u00f6r denne eller remitteras f\u00f6r vidare upparbetning. En genomsnittlig HBO-behandling tar cirka 2 timmar vid 2,5 atmosf\u00e4rstryck.<\/p>\n<\/div><div class=\"btClear btSeparator topSmallSpaced noBorder\" ><hr><\/div><header class=\"header btClear medium btDash bottomDash  btAccentDash\" ><div class=\"dash\"><h3><span class=\"headline\">Vad b\u00f6r g\u00f6ras under behandlingen?<\/span><\/h3><\/div><\/header><div class=\"btClear btSeparator topExtraSmallSpaced noBorder\" ><hr><\/div><div class=\"btText\" ><p>F\u00f6re behandlingen tar patienten alla sina dagliga mediciner, \u00e4ter en m\u00e5ltid i enlighet med sin kostrutin, tar bort alla smycken, brandfarliga f\u00f6rem\u00e5l, inklusive t\u00e4ndare och elektroniska apparater, b\u00e4r behandlingsrock och tofflor. Under HBO-behandling tvingas patienten att andas in syrgas intermittent f\u00f6r att f\u00f6rhindra biverkningar av syrgas. Kommer att uppmanas att vara vaken och aktiv under HBO-behandling. P\u00e5 s\u00e5 s\u00e4tt blir det m\u00f6jligt att uppn\u00e5 en effektivare andningsf\u00f6rm\u00e5ga och behandling och fastst\u00e4lla eventuella behov. I v\u00e5r tryckkammare p\u00e5 v\u00e5rt sjukhus f\u00f6ljer vi patienterna med hj\u00e4lp av ljud och visuella medel under behandlingen.<\/p>\n<\/div><div class=\"btClear btSeparator topSmallSpaced noBorder\" ><hr><\/div><header class=\"header btClear medium btDash bottomDash  btAccentDash\" ><div class=\"dash\"><h3><span class=\"headline\">Vilka \u00e4r biverkningarna av behandlingen?\r<br><\/span><\/h3><\/div><\/header><div class=\"btClear btSeparator topExtraSmallSpaced noBorder\" ><hr><\/div><div class=\"btText\" ><p>Eftersom vi har att g\u00f6ra med tryck p\u00e5verkas varje organ som har luft av denna behandling. S\u00e4rskilt om patienten har influensa och misslyckas med att g\u00f6ra \u00f6ron\u00f6ppningsman\u00f6vern korrekt, kan han\/hon ha fullhet och sm\u00e4rta i \u00f6rat. Likas\u00e5 kan han\/hon ha kompression av bih\u00e5lorna. F\u00f6r detta, under trycks\u00e4ttningen, b\u00f6r operat\u00f6ren informeras om detta tillst\u00e5nd. Efter att sessionen stoppats och man\u00f6vern utf\u00f6rts, forts\u00e4tter sessionen antingen med medicinsk behandling eller s\u00e5 avbryts behandlingen. Gaser i lungorna kompenseras genom andning och gaser i tarmarna kompenseras spontant.<\/p>\n<p>H\u00f6gt tryck kan utl\u00f6sa vissa epileptiska foci. D\u00e4rf\u00f6r, om patienten har en historia av epilepsi, beg\u00e4rs en neurologkonsultation.<\/p>\n<p>Domningar i handskarna i h\u00e4nderna kan ses s\u00e4rskilt hos patienter som genomg\u00e5r behandling i mer \u00e4n 20 sessioner, och detta f\u00f6rsvinner n\u00e4r behandlingen upph\u00f6r och inga symtom kvarst\u00e5r.<\/p>\n<p>Tillf\u00e4llig n\u00e4rsynthet orsakas av effekten av syre p\u00e5 linsen. Hos \u00e4ldre patienter kan hyperopin ocks\u00e5 f\u00f6rsvinna, men den \u00e5terg\u00e5r till sitt normala tillst\u00e5nd cirka 8 veckor efter avslutad behandling. Av denna anledning rekommenderas patienter som f\u00e5r regelbunden behandling att inte skaffa nya receptbelagda glas\u00f6gon under behandlingsprocessen.<\/p>\n<p>Det \u00e4r farligast och kanske dess minst troliga biverkning \u00e4r luftemboli. P\u00e5 v\u00e5rt sjukhus, f\u00f6r att f\u00f6rhindra detta, uppmanas patienterna att g\u00f6ra en lungr\u00f6ntgen f\u00f6re behandlingen.<\/p>\n<\/div><div class=\"btClear btSeparator topSmallSpaced noBorder\" ><hr><\/div><header class=\"header btClear medium btDash bottomDash  btAccentDash\" ><div class=\"dash\"><h3><span class=\"headline\">Vilka egenskaper har v\u00e5rt instrument?\r<br><\/span><\/h3><\/div><\/header><div class=\"btClear btSeparator topExtraSmallSpaced noBorder\" ><hr><\/div><div class=\"btText\" ><p>V\u00e5r tryckkammare p\u00e5 v\u00e5rt sjukhus, utrustad med ett helautomatiskt och ny generations r\u00f6rsystem, producerades av Barox HBO med den senaste tekniken. Alla komponenter som anv\u00e4nds i dess tillverkning har godk\u00e4nts av certifierade institutioner med syftet att prioritera patients\u00e4kerhet, h\u00e4lsa och komfort.<\/p>\n<p>V\u00e5r tryckkammare anv\u00e4nder ett system trycksatt med luft, d\u00e4r patienten tvingas andas in syre genom en mask. Syreniv\u00e5n \u00f6vervakas med hj\u00e4lp av automatiska sensorer under hela behandlingen. Dagligt, veckovis, m\u00e5nadsvis, halv\u00e5rligt och \u00e5rligt underh\u00e5ll av v\u00e5r tryckkammare utf\u00f6rs av v\u00e5r tekniska personal och Barox HBO.<\/p>\n<\/div><div class=\"btClear btSeparator topSemiSpaced noBorder\" ><hr><\/div><header class=\"header btClear medium btDash bottomDash  btAccentDash\" ><div class=\"dash\"><h3><span class=\"headline\"><em>Kontakta oss nu<\/em><\/span><\/h3><\/div><\/header><div class=\"btClear btSeparator bottomSmallSpaced noBorder\" ><hr><\/div><div class=\"btText\" >\n<div class=\"wpcf7 no-js\" id=\"wpcf7-f2891-o1\" lang=\"tr-TR\" dir=\"ltr\">\n<div class=\"screen-reader-response\"><p role=\"status\" aria-live=\"polite\" aria-atomic=\"true\"><\/p> <ul><\/ul><\/div>\n<form action=\"\/sv\/wp-json\/wp\/v2\/pages\/2428#wpcf7-f2891-o1\" method=\"post\" class=\"wpcf7-form init wpcf7-acceptance-as-validation\" aria-label=\"Contact form\" novalidate=\"novalidate\" data-status=\"init\">\n<div style=\"display: none;\">\n<input type=\"hidden\" name=\"_wpcf7\" value=\"2891\" \/>\n<input type=\"hidden\" name=\"_wpcf7_version\" value=\"5.9.2\" \/>\n<input type=\"hidden\" name=\"_wpcf7_locale\" value=\"tr_TR\" \/>\n<input type=\"hidden\" name=\"_wpcf7_unit_tag\" value=\"wpcf7-f2891-o1\" \/>\n<input type=\"hidden\" name=\"_wpcf7_container_post\" value=\"0\" \/>\n<input type=\"hidden\" name=\"_wpcf7_posted_data_hash\" value=\"\" \/>\n<\/div>\n<p style=\"margin-bottom:30px !important;\">N\u00e4r du fyller i kontaktformul\u00e4ret nedan kan du ocks\u00e5 skicka din\/patientens medicinska handlingar till oss via <strong>wetransfer<\/strong>. Den medicinska second opinion kommer att presenteras f\u00f6r dig inom 48 timmar.\n<\/p>\n<div class=\"boldRow boldInnerRow  \">\n\t<div class=\"rowItem rowInnerItem col-md-6  btTextLeft\">\n\t\t<div class=\"rowItemContent\">\n\t\t\t<p><label><span class=\"bt_bb_required\">Your Name<\/span><br \/>\n<span class=\"wpcf7-form-control-wrap\" data-name=\"your-name\"><input size=\"40\" class=\"wpcf7-form-control wpcf7-text wpcf7-validates-as-required\" aria-required=\"true\" aria-invalid=\"false\" value=\"\" type=\"text\" name=\"your-name\" \/><\/span> <\/label>\n\t\t\t<\/p>\n\t\t\t<p><label><span class=\"bt_bb_required\">Your Email<\/span><br \/>\n<span class=\"wpcf7-form-control-wrap\" data-name=\"your-email\"><input size=\"40\" class=\"wpcf7-form-control wpcf7-email wpcf7-validates-as-required wpcf7-text wpcf7-validates-as-email\" aria-required=\"true\" aria-invalid=\"false\" value=\"\" type=\"email\" name=\"your-email\" \/><\/span> <\/label>\n\t\t\t<\/p>\n\t\t\t<p><label><span class=\"bt_bb_required\">Your Phone<\/span><br \/>\n<span class=\"wpcf7-form-control-wrap\" data-name=\"your-phone\"><input size=\"40\" class=\"wpcf7-form-control wpcf7-phonetext wpcf7-text wpcf7-validates-as-phonetext\" id=\"int_phone\" aria-invalid=\"false\" value=\"\" type=\"text\" name=\"your-phone\" \/><input type=\"hidden\" name=\"your-phone-country-code\" class=\"wpcf7-phonetext-country-code\" \/><\/span> <\/label>\n\t\t\t<\/p>\n\t\t\t<p><label><span class=\"bt_bb_required\">Your Message<\/span><br \/>\n<span class=\"wpcf7-form-control-wrap\" data-name=\"your-message\"><textarea cols=\"40\" rows=\"10\" class=\"wpcf7-form-control wpcf7-textarea wpcf7-validates-as-required\" aria-required=\"true\" aria-invalid=\"false\" name=\"your-message\"><\/textarea><\/span> <\/label>\n\t\t\t<\/p>\n\t\t\t<p><label><span class=\"bt_bb_required\" style=\"margin-top:25px !important;\"><span class=\"wpcf7-form-control-wrap\" data-name=\"accept-this-1\"><span class=\"wpcf7-form-control wpcf7-acceptance\"><span class=\"wpcf7-list-item\"><label><input type=\"checkbox\" name=\"accept-this-1\" value=\"1\" aria-invalid=\"false\" \/><span class=\"wpcf7-list-item-label\">I agree to <a target=\"_blank\" href=\"https:\/\/groupflorence.com\/en\/terms-of-use\/\">Terms &#038; Services<\/a>.<\/span><\/label><\/span><\/span><\/span><\/span><\/label>\n\t\t\t<\/p>\n\t\t\t<p><input class=\"wpcf7-form-control wpcf7-submit has-spinner contact_button_int\" type=\"submit\" value=\"SEND MESSAGE\" \/>\n\t\t\t<\/p>\n\t\t<\/div>\n\t<\/div>\n\t<div class=\"rowItem rowInnerItem col-md-6  btTextLeft\">\n\t\t<div class=\"rowItemContent\">\n\t\t\t<p align=\"center\" style=\"margin-top:30px;\"><br \/>\n<a href=\"http:\/\/florencenightingale.wetransfer.com\/\" target=\"_blank\" title=\"Click Here To Transfer Your Documents via WeTransfer\"><img decoding=\"async\"  align=\"center\" style=\"max-width:250px !important;\" class=\"lazy loaded\" src=\"https:\/\/groupflorence.com\/ru\/wp-content\/uploads\/2020\/08\/89130-wetransfer-default-logo-rgb-original-1365619064-e1599162229581.png\" data-src=\"https:\/\/groupflorence.com\/ru\/wp-content\/uploads\/2020\/08\/89130-wetransfer-default-logo-rgb-original-1365619064-e1599162229581.png\" alt=\"Click Here To Transfer Your Documents via WeTransfer\" title=\"Click Here To Transfer Your Documents via WeTransfer\" data-was-processed=\"true\" \/><\/a>\n\t\t\t<\/p>\n\t\t\t<h3 align=\"center\"><a href=\"http:\/\/florencenightingale.wetransfer.com\/\" target=\"_blank\" title=\"Click Here To Transfer Your Documents via WeTransfer\">Send via WeTransfer<\/a>\n\t\t\t<\/h3>\n\t\t\t<p align=\"center\">Du kan skicka dina \u00f6verdimensionerade medicinska dokument (MRT-inspelningar, labbresultat, bilder etc.) med v\u00e5rt WeTransfer-konto. Det \u00e4r enkelt, snabbt och s\u00e4kert.\n\t\t\t<\/p>\n\t\t<\/div>\n\t\t<center>\n\t\t\t<p><a href=\"http:\/\/florencenightingale.wetransfer.com\/\" class=\"btBtn btBtn btnFilledStyle btnAccentColor btnSmall btnNormalWidth btnRightPosition btnNoIcon\" target=\"_blank\"><span class=\"btnInnerText\">Send Now<\/span><\/a>\n\t\t\t<\/p>\n\t\t<\/center>\n\t<\/div>\n<\/div><div class=\"wpcf7-response-output\" aria-hidden=\"true\"><\/div>\n<\/form>\n<\/div>\n<\/div><div class=\"btClear btSeparator topSpaced noBorder\" ><hr><\/div><\/div><\/div><\/div><\/div><\/div><\/div><\/div><\/section>","protected":false},"excerpt":{"rendered":"","protected":false},"author":1,"featured_media":0,"parent":2306,"menu_order":110,"comment_status":"closed","ping_status":"closed","template":"","meta":{"footnotes":""},"class_list":["post-2428","page","type-page","status-publish","hentry"],"yoast_head":"<!-- This site is optimized with the Yoast SEO plugin v22.2 - https:\/\/yoast.com\/wordpress\/plugins\/seo\/ -->\n<title>Hyperbaric Oxygen Treatment - Group Florence Nightingale Hospitals<\/title>\n<meta name=\"robots\" content=\"index, follow, max-snippet:-1, max-image-preview:large, max-video-preview:-1\" \/>\n<link rel=\"canonical\" href=\"https:\/\/groupflorence.com\/sv\/centers-treatments\/hyperbaric-oxygen-treatment\/\" \/>\n<meta property=\"og:locale\" content=\"en_US\" \/>\n<meta property=\"og:type\" content=\"article\" \/>\n<meta property=\"og:title\" content=\"Hyperbaric Oxygen Treatment - Group Florence Nightingale Hospitals\" \/>\n<meta property=\"og:url\" content=\"https:\/\/groupflorence.com\/sv\/centers-treatments\/hyperbaric-oxygen-treatment\/\" \/>\n<meta property=\"og:site_name\" content=\"Group Florence Nightingale Hospitals\" \/>\n<meta property=\"article:publisher\" content=\"https:\/\/www.facebook.com\/groupflorence\" \/>\n<meta property=\"article:modified_time\" content=\"2022-12-13T07:55:57+00:00\" \/>\n<meta name=\"twitter:card\" content=\"summary_large_image\" \/>\n<meta name=\"twitter:label1\" content=\"Est. reading time\" \/>\n\t<meta name=\"twitter:data1\" content=\"9 minutes\" \/>\n<script type=\"application\/ld+json\" class=\"yoast-schema-graph\">{\"@context\":\"https:\/\/schema.org\",\"@graph\":[{\"@type\":\"WebPage\",\"@id\":\"https:\/\/groupflorence.com\/sv\/centers-treatments\/hyperbaric-oxygen-treatment\/\",\"url\":\"https:\/\/groupflorence.com\/sv\/centers-treatments\/hyperbaric-oxygen-treatment\/\",\"name\":\"Hyperbaric Oxygen Treatment - Group Florence Nightingale Hospitals\",\"isPartOf\":{\"@id\":\"https:\/\/groupflorence.com\/sv\/#website\"},\"datePublished\":\"2020-08-18T11:44:12+00:00\",\"dateModified\":\"2022-12-13T07:55:57+00:00\",\"breadcrumb\":{\"@id\":\"https:\/\/groupflorence.com\/sv\/centers-treatments\/hyperbaric-oxygen-treatment\/#breadcrumb\"},\"inLanguage\":\"en-US\",\"potentialAction\":[{\"@type\":\"ReadAction\",\"target\":[\"https:\/\/groupflorence.com\/sv\/centers-treatments\/hyperbaric-oxygen-treatment\/\"]}]},{\"@type\":\"BreadcrumbList\",\"@id\":\"https:\/\/groupflorence.com\/sv\/centers-treatments\/hyperbaric-oxygen-treatment\/#breadcrumb\",\"itemListElement\":[{\"@type\":\"ListItem\",\"position\":1,\"name\":\"Home\",\"item\":\"https:\/\/groupflorence.com\/sv\/\"},{\"@type\":\"ListItem\",\"position\":2,\"name\":\"Centers &#038; Departments\",\"item\":\"https:\/\/groupflorence.com\/sv\/centers-treatments\/\"},{\"@type\":\"ListItem\",\"position\":3,\"name\":\"Hyperbaric Oxygen Treatment\"}]},{\"@type\":\"WebSite\",\"@id\":\"https:\/\/groupflorence.com\/sv\/#website\",\"url\":\"https:\/\/groupflorence.com\/sv\/\",\"name\":\"Group Florence Nightingale Hospitals\",\"description\":\"\",\"publisher\":{\"@id\":\"https:\/\/groupflorence.com\/sv\/#organization\"},\"potentialAction\":[{\"@type\":\"SearchAction\",\"target\":{\"@type\":\"EntryPoint\",\"urlTemplate\":\"https:\/\/groupflorence.com\/sv\/?s={search_term_string}\"},\"query-input\":\"required name=search_term_string\"}],\"inLanguage\":\"en-US\"},{\"@type\":\"Organization\",\"@id\":\"https:\/\/groupflorence.com\/sv\/#organization\",\"name\":\"Group Florence Nightingale Hospitals\",\"url\":\"https:\/\/groupflorence.com\/sv\/\",\"logo\":{\"@type\":\"ImageObject\",\"inLanguage\":\"en-US\",\"@id\":\"https:\/\/groupflorence.com\/sv\/#\/schema\/logo\/image\/\",\"url\":\"https:\/\/groupflorence.com\/en\/wp-content\/uploads\/2021\/01\/gf-logotype-transparent-miniversion.png\",\"contentUrl\":\"https:\/\/groupflorence.com\/en\/wp-content\/uploads\/2021\/01\/gf-logotype-transparent-miniversion.png\",\"width\":245,\"height\":55,\"caption\":\"Group Florence Nightingale Hospitals\"},\"image\":{\"@id\":\"https:\/\/groupflorence.com\/sv\/#\/schema\/logo\/image\/\"},\"sameAs\":[\"https:\/\/www.facebook.com\/groupflorence\",\"https:\/\/www.instagram.com\/group_florence\/\",\"https:\/\/www.youtube.com\/channel\/UC_nlE9Up7N9T68unmJYEnfg\"]}]}<\/script>\n<!-- \/ Yoast SEO plugin. -->","yoast_head_json":{"title":"Hyperbaric Oxygen Treatment - Group Florence Nightingale Hospitals","robots":{"index":"index","follow":"follow","max-snippet":"max-snippet:-1","max-image-preview":"max-image-preview:large","max-video-preview":"max-video-preview:-1"},"canonical":"https:\/\/groupflorence.com\/sv\/centers-treatments\/hyperbaric-oxygen-treatment\/","og_locale":"en_US","og_type":"article","og_title":"Hyperbaric Oxygen Treatment - Group Florence Nightingale Hospitals","og_url":"https:\/\/groupflorence.com\/sv\/centers-treatments\/hyperbaric-oxygen-treatment\/","og_site_name":"Group Florence Nightingale Hospitals","article_publisher":"https:\/\/www.facebook.com\/groupflorence","article_modified_time":"2022-12-13T07:55:57+00:00","twitter_card":"summary_large_image","twitter_misc":{"Est. reading time":"9 minutes"},"schema":{"@context":"https:\/\/schema.org","@graph":[{"@type":"WebPage","@id":"https:\/\/groupflorence.com\/sv\/centers-treatments\/hyperbaric-oxygen-treatment\/","url":"https:\/\/groupflorence.com\/sv\/centers-treatments\/hyperbaric-oxygen-treatment\/","name":"Hyperbaric Oxygen Treatment - Group Florence Nightingale Hospitals","isPartOf":{"@id":"https:\/\/groupflorence.com\/sv\/#website"},"datePublished":"2020-08-18T11:44:12+00:00","dateModified":"2022-12-13T07:55:57+00:00","breadcrumb":{"@id":"https:\/\/groupflorence.com\/sv\/centers-treatments\/hyperbaric-oxygen-treatment\/#breadcrumb"},"inLanguage":"en-US","potentialAction":[{"@type":"ReadAction","target":["https:\/\/groupflorence.com\/sv\/centers-treatments\/hyperbaric-oxygen-treatment\/"]}]},{"@type":"BreadcrumbList","@id":"https:\/\/groupflorence.com\/sv\/centers-treatments\/hyperbaric-oxygen-treatment\/#breadcrumb","itemListElement":[{"@type":"ListItem","position":1,"name":"Home","item":"https:\/\/groupflorence.com\/sv\/"},{"@type":"ListItem","position":2,"name":"Centers &#038; Departments","item":"https:\/\/groupflorence.com\/sv\/centers-treatments\/"},{"@type":"ListItem","position":3,"name":"Hyperbaric Oxygen Treatment"}]},{"@type":"WebSite","@id":"https:\/\/groupflorence.com\/sv\/#website","url":"https:\/\/groupflorence.com\/sv\/","name":"Group Florence Nightingale Hospitals","description":"","publisher":{"@id":"https:\/\/groupflorence.com\/sv\/#organization"},"potentialAction":[{"@type":"SearchAction","target":{"@type":"EntryPoint","urlTemplate":"https:\/\/groupflorence.com\/sv\/?s={search_term_string}"},"query-input":"required name=search_term_string"}],"inLanguage":"en-US"},{"@type":"Organization","@id":"https:\/\/groupflorence.com\/sv\/#organization","name":"Group Florence Nightingale Hospitals","url":"https:\/\/groupflorence.com\/sv\/","logo":{"@type":"ImageObject","inLanguage":"en-US","@id":"https:\/\/groupflorence.com\/sv\/#\/schema\/logo\/image\/","url":"https:\/\/groupflorence.com\/en\/wp-content\/uploads\/2021\/01\/gf-logotype-transparent-miniversion.png","contentUrl":"https:\/\/groupflorence.com\/en\/wp-content\/uploads\/2021\/01\/gf-logotype-transparent-miniversion.png","width":245,"height":55,"caption":"Group Florence Nightingale Hospitals"},"image":{"@id":"https:\/\/groupflorence.com\/sv\/#\/schema\/logo\/image\/"},"sameAs":["https:\/\/www.facebook.com\/groupflorence","https:\/\/www.instagram.com\/group_florence\/","https:\/\/www.youtube.com\/channel\/UC_nlE9Up7N9T68unmJYEnfg"]}]}},"_links":{"self":[{"href":"https:\/\/groupflorence.com\/sv\/wp-json\/wp\/v2\/pages\/2428","targetHints":{"allow":["GET"]}}],"collection":[{"href":"https:\/\/groupflorence.com\/sv\/wp-json\/wp\/v2\/pages"}],"about":[{"href":"https:\/\/groupflorence.com\/sv\/wp-json\/wp\/v2\/types\/page"}],"author":[{"embeddable":true,"href":"https:\/\/groupflorence.com\/sv\/wp-json\/wp\/v2\/users\/1"}],"replies":[{"embeddable":true,"href":"https:\/\/groupflorence.com\/sv\/wp-json\/wp\/v2\/comments?post=2428"}],"version-history":[{"count":3,"href":"https:\/\/groupflorence.com\/sv\/wp-json\/wp\/v2\/pages\/2428\/revisions"}],"predecessor-version":[{"id":6826,"href":"https:\/\/groupflorence.com\/sv\/wp-json\/wp\/v2\/pages\/2428\/revisions\/6826"}],"up":[{"embeddable":true,"href":"https:\/\/groupflorence.com\/sv\/wp-json\/wp\/v2\/pages\/2306"}],"wp:attachment":[{"href":"https:\/\/groupflorence.com\/sv\/wp-json\/wp\/v2\/media?parent=2428"}],"curies":[{"name":"wp","href":"https:\/\/api.w.org\/{rel}","templated":true}]}}