{"id":2417,"date":"2020-08-18T14:25:44","date_gmt":"2020-08-18T11:25:44","guid":{"rendered":"https:\/\/groupflorence.com\/en\/?page_id=2417"},"modified":"2022-12-13T10:25:44","modified_gmt":"2022-12-13T07:25:44","slug":"diabetes-center","status":"publish","type":"page","link":"https:\/\/groupflorence.com\/sv\/centers-treatments\/diabetes-center\/","title":{"rendered":"Diabetes Center"},"content":{"rendered":"<section id=\"bt_section69ebfed5da07a\"  class=\"boldSection gutter\" ><div class=\"port\"><div class=\"boldCell\"><div class=\"boldCellInner\"><div class=\"boldRow  \" ><div class=\"boldRowInner\"><div class=\"rowItem col-md-4 col-ms-12 btTextLeft\"  ><div class=\"rowItemContent\" ><div class=\"btClear btSeparator topSpaced noBorder\" ><hr><\/div><div class=\"btCustomMenu treatment-sidebar\" ><div class=\"menu-diabetes-center-container\"><ul id=\"menu-diabetes-center\" class=\"menu\"><li id=\"menu-item-3885\" class=\"menu-item menu-item-type-post_type menu-item-object-page menu-item-has-children menu-item-3885\"><a href=\"https:\/\/groupflorence.com\/sv\/centers-treatments\/\">Centrum och avdelningar<\/a><ul class=\"sub-menu\"><li id=\"menu-item-3886\" class=\"menu-item menu-item-type-post_type menu-item-object-page menu-item-has-children menu-item-3886\"><a href=\"https:\/\/groupflorence.com\/sv\/centers-treatments\/diabetes-center\/\">Diabetes Center<\/a><ul class=\"sub-menu\"><li id=\"menu-item-4430\" class=\"menu-item menu-item-type-post_type menu-item-object-page menu-item-4430\"><a href=\"https:\/\/groupflorence.com\/sv\/centers-treatments\/diabetes-center\/diabetic-foot-and-chronic-wound-board\/\">Diabetesfot och kronisk s\u00e5rbr\u00e4da<\/a><\/li><\/ul><\/li><\/ul><\/li>\n<\/ul><\/div><\/div><div class=\"btClear btSeparator topSemiSpaced noBorder\" ><hr><\/div><div class=\"boldRow boldInnerRow  bt_bb_hidden_xs bt_bb_hidden_ms bt_bb_hidden_sm\" ><div class=\"rowItem rowInnerItem col-md-12  btTextCenter btMiddleVertical\"  ><div class=\"rowItemContent\"><div class=\"bpgPhoto btTextCenter\" > \r\n\t\t\t\t\t<a href=\"https:\/\/groupflorence.com\/sv\/patient-guide\/covid-19-precautions\/\" target=\"_self\" title=\"\"><\/a>\r\n\t\t\t\t\t<div class=\"boldPhotoBox\"><div class=\"bpbItem\"><div class = \"btImage\"><img decoding=\"async\" src=\"https:\/\/groupflorence.com\/sv\/wp-content\/uploads\/2020\/12\/covid-safe-sidebar-320x186.jpg\" alt=\"\" title=\"\" ><\/div><\/div><\/div>\r\n\t\t\t\t\t<div class=\"captionPane\">\r\n\t\t\t\t\t\t<div class=\"captionTable\">\r\n\t\t\t\t\t\t\t<div class=\"captionCell\">\r\n\t\t\t\t\t\t\t\t<div class=\"captionTxt\"><\/div>\r\n\t\t\t\t\t\t\t<\/div>\r\n\t\t\t\t\t\t<\/div>\r\n\t\t\t\t\t<\/div><\/div><div class=\"btClear btSeparator topSmallSpaced bottomSmallSpaced border\" ><hr><\/div><a href=\"https:\/\/groupflorence.com\/sv\/contact-us\/\" class=\"btBtn btBtn btnFilledStyle btnAccentColor btnBig btnNormalWidth btnLeftPosition btnNoIcon\" ><span class=\"btnInnerText\">St\u00e4lla en fr\u00e5ga<\/span><\/a><\/div><\/div><\/div><\/div><\/div><div class=\"rowItem col-md-8 col-ms-12 btTextLeft\"  ><div class=\"rowItemContent\" ><div class=\"btClear btSeparator topSemiSpaced noBorder\" ><hr><\/div><header class=\"header btClear medium btDash bottomDash  btNormalDash\" ><div class=\"dash\"><h3><span class=\"headline\"><b class=\"animate\">Diabetescenter<\/b><\/span><\/h3><\/div><\/header><div class=\"btClear btSeparator topSmallSpaced noBorder\" ><hr><\/div><div class=\"btText\" ><p>&#8220;International Diabetes Center&#8221; (IDC) \u00f6ppnades inom organisationen av gruppen Florence Nightingale Hospitals under samordning av Diabetes Practice and Research Center integrerat med Demiro\u011flu Bilim University.<\/p>\n<p>N\u00e4stan 30 endokrinologi- och metabolismspecialister, internmedicinspecialister, nutrition- och dietspecialister, diabetessjuksk\u00f6terska och psykolog arbetar i centra som \u00e4r etablerade p\u00e5 fem sjukhus, inklusive Istanbul, Gayrettepe, Kad\u0131k\u00f6y och Ata\u015fehir Florence Nightingale Hospital under koordinering av M. Temel Y\u0131lmaz, M.D.<\/p>\n<p>Dessutom st\u00f6ds DIAM (Diabetes Practice and Research Center) av n\u00e4rmare 100 experter inom omr\u00e5dena diabetesrelaterade hj\u00e4rt-k\u00e4rlsjukdomar, neurologi, \u00f6gonsjukdomar, nefrologi, k\u00e4rlkirurgi, ortopedi och infektionshudsjukdomar.<\/p>\n<p>Dessutom st\u00f6ds DIAM (Diabetes Practice and Research Center) av n\u00e4rmare 100 experter inom omr\u00e5dena diabetesrelaterade hj\u00e4rt-k\u00e4rlsjukdomar, neurologi, \u00f6gonsjukdomar, nefrologi, k\u00e4rlkirurgi, ortopedi och infektionshudsjukdomar.<\/p>\n<\/div><div class=\"btClear btSeparator topSmallSpaced noBorder\" ><hr><\/div><header class=\"header btClear large btDash bottomDash  btAccentDash\" ><div class=\"dash\"><h2><span class=\"headline\">Varf\u00f6r \u00e4r vi olika?<\/span><\/h2><\/div><\/header><div class=\"btClear btSeparator topExtraSmallSpaced noBorder\" ><hr><\/div><header class=\"header btClear medium btDash bottomDash  btAccentDash\" ><div class=\"dash\"><h3><span class=\"headline\">The First Diabetes Center of International Concept<\/span><\/h3><\/div><\/header><div class=\"btClear btSeparator topExtraSmallSpaced noBorder\" ><hr><\/div><div class=\"btText\" ><p>Group Florence Nightingale Diabetes Practice and Research Center (DIAM) \u00e4r det f\u00f6rsta diabetescentret med internationellt koncept i v\u00e5rt land som tillhandah\u00e5ller tj\u00e4nster p\u00e5 tio olika spr\u00e5k. Diabetespatienter som s\u00f6ker sig till v\u00e5rt center \u00f6vervakas st\u00e4ndigt med glukos\u00f6vervakningssystem \u00e4ven i de l\u00e4nder dit de g\u00e5r efter avslutad behandling.<\/p>\n<\/div><div class=\"btClear btSeparator topSmallSpaced noBorder\" ><hr><\/div><header class=\"header btClear medium btDash bottomDash  btAccentDash\" ><div class=\"dash\"><h3><span class=\"headline\">Diabetescenter anv\u00e4nder h\u00f6gteknologi mest intensivt<\/span><\/h3><\/div><\/header><div class=\"btClear btSeparator topExtraSmallSpaced noBorder\" ><hr><\/div><div class=\"btText\" ><p>Tillsammans med den avancerade tekniken \u00f6kar successivt h\u00f6gteknologins roll vid \u00f6vervakning och behandling av diabetes. DIAM leder anv\u00e4ndningen av h\u00f6gteknologi vid diabetes. I v\u00e5rt center \u00f6vervakas diabetespatienter i 24 timmar av v\u00e5rt team med hj\u00e4lp av ett CGM-system (kontinuerlig glukosm\u00e4tning). Pl\u00f6tslig \u00f6kning och minskning av patientens blodsockerv\u00e4rden \u00f6vervakas av ett speciellt larmsystem. Patienten f\u00f6rses med 24-timmars insulininfusion genom en patchpump (med tr\u00e5dl\u00f6sa insulinpumpsystem), en liten anordning f\u00e4st p\u00e5 armen, och insulindosen justeras med fj\u00e4rrkontrollen och den fungerar i enlighet med CGM.<\/p>\n<\/div><div class=\"btClear btSeparator topSmallSpaced noBorder\" ><hr><\/div><header class=\"header btClear medium btDash bottomDash  btAccentDash\" ><div class=\"dash\"><h3><span class=\"headline\">Det f\u00f6rsta diabetescentret som \u00f6vervakar diabetes med hj\u00e4lp av telemedicinsystem (fj\u00e4rr\u00f6vervakning och behandling).<\/span><\/h3><\/div><\/header><div class=\"btClear btSeparator topExtraSmallSpaced noBorder\" ><hr><\/div><div class=\"btText\" ><p style=\"font-weight: 400;\">Patienter med diabetes ska hela tiden kontrollera blodsockret hela livet, kunna visa blodsockerresultat f\u00f6r l\u00e4karteamet varje g\u00e5ng, boka tid och \u00e5ka till sjukhuset. Detta \u00e4r en l\u00e5ng tidskr\u00e4vande process. Tack vare telemedicinska till\u00e4mpningar och system integrerade med glukosm\u00e4tningssystem, eller med CGM, m\u00e5ste patienten \u00e5ka till sjukhuset utan att uppleva dessa utmaningar f\u00f6r f\u00f6rsta g\u00e5ngen. kan enkelt kommunicera med v\u00e5rt center. Det kan ta resultat med fj\u00e4rr\u00e5tkomstsystem. Vi kontrollerar och behandlar diabetiska organskador i ett enda center<\/p>\n<\/div><div class=\"btClear btSeparator topSmallSpaced noBorder\" ><hr><\/div><header class=\"header btClear medium btDash bottomDash  btAccentDash\" ><div class=\"dash\"><h3><span class=\"headline\">Vi kontrollerar och behandlar diabetiska organskador i ett enda center<\/span><\/h3><\/div><\/header><div class=\"btClear btSeparator topExtraSmallSpaced noBorder\" ><hr><\/div><div class=\"btText\" ><p>Diabetes is a disease that can affect many organs in the body over time. Not only the blood sugar of the patient, but also diabetic cardiovascular diseases, kidney diseases, eye diseases, nerve tissue damage, bone resorption-osteoporosis, etc. must be constantly monitored by qualified physicians. In our center, these services are offered to the diabetic patients under the same roof in the same environment without loss of time, and the processes are completed in the same day.<\/p>\n<\/div><div class=\"btClear btSeparator topSmallSpaced noBorder\" ><hr><\/div><header class=\"header btClear medium btDash bottomDash  btAccentDash\" ><div class=\"dash\"><h3><span class=\"headline\">Vi informerar i f\u00f6rv\u00e4g om de framtida riskerna med sjukdomen genom applikationen \u201dDiabetes Check-up\u201d.<\/span><\/h3><\/div><\/header><div class=\"btClear btSeparator topExtraSmallSpaced noBorder\" ><hr><\/div><div class=\"btText\" ><p>Med diabeteskontroll \u00e4r det m\u00f6jligt att diagnostisera och l\u00e4ra sig sjukdomarna innan organskador uppst\u00e5r tack vare den avancerade medicinska tekniken f\u00f6r diabetes. Om det kommer att uppst\u00e5 skador p\u00e5 \u00f6gonen i framtiden p\u00e5 grund av diabetes, njursjukdomar eller nervskador p\u00e5 grund av diabetes, vaskul\u00e4r stenos i f\u00f6tter, osteoporos (benresorption) eller kransk\u00e4rlssjukdom kommer sannolikt att uppt\u00e4ckas tio \u00e5r innan utvecklingen av st\u00f6rningar och att vidta f\u00f6rsiktighets\u00e5tg\u00e4rder.<\/p>\n<p>Genom att komma till v\u00e5rt center kan du genomf\u00f6ra kontrollerna inom en halv dag och f\u00e5 information. I v\u00e5rt center kan personer som \u00e4r medlemmar i s\u00e4rskilda diabetesklubbar skriva in sig p\u00e5 en kontinuerlig patientutbildningsskola. Du kan l\u00e4ra dig om diabetes genom att f\u00f6lja olika \u00e4mnen p\u00e5 olika dagar utan kostnad, och du kan genomf\u00f6ra diabetesskolans program.<\/p>\n<p>Med &#8220;School of Diabetes&#8221; tillhandah\u00e5ller vi kontinuerlig diabetesutbildning och ger st\u00f6d i diabeteshantering.<\/p>\n<p>I v\u00e5rt center kan diabetespatienter \u00e4ven gratis f\u00f6lja diabetes h\u00f6gteknologiska kurser (insulinpump, tr\u00e5dl\u00f6sa pumpar, kontinuerlig glukosm\u00e4tmetod) och kan konsultera en specialist f\u00f6r sina problem.<\/p>\n<\/div><div class=\"btClear btSeparator topSemiSpaced noBorder\" ><hr><\/div><div class=\"boldRow boldInnerRow  \" ><div class=\"rowItem rowInnerItem col-md-6  btTextCenter inherit btNoPadding\" style=\"border: 1px solid #999;background-color: rgba(241, 241, 241, 1);\" ><div class=\"rowItemContent\"><div class=\"bpgPhoto btTextCenter\" ><div class=\"btImage\"><img decoding=\"async\" src=\"https:\/\/groupflorence.com\/sv\/wp-content\/uploads\/2020\/10\/Ela-Keskin.jpg\" alt=\"\" title=\"\"><\/div><\/div><div class=\"btIconImageRow btIconsHalfHoverPosition\" ><\/div><div class=\"btClear btSeparator topSmallSpaced noBorder\" ><hr><\/div><div class=\"btText\" ><h4><a href=\"https:\/\/groupflorence.com\/sv\/doctors\/fatma-ela-keskin\/\">Fatma Ela Keskin, M.D.<\/a><\/h4>\n<\/div><div class=\"btClear btSeparator bottomExtraSmallSpaced noBorder\" ><hr><\/div><a href=\"https:\/\/groupflorence.com\/sv\/doctors\/fatma-ela-keskin\/\" class=\"btBtn btBtn btnFilledStyle btnLightColor btnSmall btnNormalWidth btnRightPosition btnNoIcon\"  target=\"_self\"><span class=\"btnInnerText\">SE CV<\/span><\/a><div class=\"btClear btSeparator topExtraSmallSpaced bottomSmallSpaced noBorder\" ><hr><\/div><\/div><\/div><div class=\"rowItem rowInnerItem col-md-6  btTextCenter inherit btNoPadding\" style=\"border: 1px solid #999;background-color: rgba(241, 241, 241, 1);\" ><div class=\"rowItemContent\"><div class=\"bpgPhoto btTextCenter\" ><div class=\"btImage\"><img decoding=\"async\" src=\"https:\/\/groupflorence.com\/sv\/wp-content\/uploads\/2020\/10\/Temel-Yilmaz.jpg\" alt=\"\" title=\"\"><\/div><\/div><div class=\"btIconImageRow btIconsHalfHoverPosition\" ><\/div><div class=\"btClear btSeparator topSmallSpaced noBorder\" ><hr><\/div><div class=\"btText\" ><h4><a href=\"https:\/\/groupflorence.com\/sv\/doctors\/m-temel-yilmaz\/\">M. Temel Y\u0131lmaz, M.D.<\/a><\/h4>\n<\/div><div class=\"btClear btSeparator bottomExtraSmallSpaced noBorder\" ><hr><\/div><a href=\"https:\/\/groupflorence.com\/sv\/doctors\/m-temel-yilmaz\/\" class=\"btBtn btBtn btnFilledStyle btnLightColor btnSmall btnNormalWidth btnRightPosition btnNoIcon\"  target=\"_self\"><span class=\"btnInnerText\">SE CV<\/span><\/a><div class=\"btClear btSeparator topExtraSmallSpaced bottomSmallSpaced noBorder\" ><hr><\/div><\/div><\/div><\/div><div class=\"btClear btSeparator topSemiSpaced noBorder\" ><hr><\/div><header class=\"header btClear medium btDash bottomDash  btAccentDash\" ><div class=\"dash\"><h3><span class=\"headline\"><em>Kontakta oss nu<\/em><\/span><\/h3><\/div><\/header><div class=\"btClear btSeparator bottomSmallSpaced noBorder\" ><hr><\/div><div class=\"btText\" >\n<div class=\"wpcf7 no-js\" id=\"wpcf7-f2891-o1\" lang=\"tr-TR\" dir=\"ltr\">\n<div class=\"screen-reader-response\"><p role=\"status\" aria-live=\"polite\" aria-atomic=\"true\"><\/p> <ul><\/ul><\/div>\n<form action=\"\/sv\/wp-json\/wp\/v2\/pages\/2417#wpcf7-f2891-o1\" method=\"post\" class=\"wpcf7-form init wpcf7-acceptance-as-validation\" aria-label=\"Contact form\" novalidate=\"novalidate\" data-status=\"init\">\n<div style=\"display: none;\">\n<input type=\"hidden\" name=\"_wpcf7\" value=\"2891\" \/>\n<input type=\"hidden\" name=\"_wpcf7_version\" value=\"5.9.2\" \/>\n<input type=\"hidden\" name=\"_wpcf7_locale\" value=\"tr_TR\" \/>\n<input type=\"hidden\" name=\"_wpcf7_unit_tag\" value=\"wpcf7-f2891-o1\" \/>\n<input type=\"hidden\" name=\"_wpcf7_container_post\" value=\"0\" \/>\n<input type=\"hidden\" name=\"_wpcf7_posted_data_hash\" value=\"\" \/>\n<\/div>\n<p style=\"margin-bottom:30px !important;\">N\u00e4r du fyller i kontaktformul\u00e4ret nedan kan du ocks\u00e5 skicka din\/patientens medicinska handlingar till oss via <strong>wetransfer<\/strong>. Den medicinska second opinion kommer att presenteras f\u00f6r dig inom 48 timmar.\n<\/p>\n<div class=\"boldRow boldInnerRow  \">\n\t<div class=\"rowItem rowInnerItem col-md-6  btTextLeft\">\n\t\t<div class=\"rowItemContent\">\n\t\t\t<p><label><span class=\"bt_bb_required\">Your Name<\/span><br \/>\n<span class=\"wpcf7-form-control-wrap\" data-name=\"your-name\"><input size=\"40\" class=\"wpcf7-form-control wpcf7-text wpcf7-validates-as-required\" aria-required=\"true\" aria-invalid=\"false\" value=\"\" type=\"text\" name=\"your-name\" \/><\/span> <\/label>\n\t\t\t<\/p>\n\t\t\t<p><label><span class=\"bt_bb_required\">Your Email<\/span><br \/>\n<span class=\"wpcf7-form-control-wrap\" data-name=\"your-email\"><input size=\"40\" class=\"wpcf7-form-control wpcf7-email wpcf7-validates-as-required wpcf7-text wpcf7-validates-as-email\" aria-required=\"true\" aria-invalid=\"false\" value=\"\" type=\"email\" name=\"your-email\" \/><\/span> <\/label>\n\t\t\t<\/p>\n\t\t\t<p><label><span class=\"bt_bb_required\">Your Phone<\/span><br \/>\n<span class=\"wpcf7-form-control-wrap\" data-name=\"your-phone\"><input size=\"40\" class=\"wpcf7-form-control wpcf7-phonetext wpcf7-text wpcf7-validates-as-phonetext\" id=\"int_phone\" aria-invalid=\"false\" value=\"\" type=\"text\" name=\"your-phone\" \/><input type=\"hidden\" name=\"your-phone-country-code\" class=\"wpcf7-phonetext-country-code\" \/><\/span> <\/label>\n\t\t\t<\/p>\n\t\t\t<p><label><span class=\"bt_bb_required\">Your Message<\/span><br \/>\n<span class=\"wpcf7-form-control-wrap\" data-name=\"your-message\"><textarea cols=\"40\" rows=\"10\" class=\"wpcf7-form-control wpcf7-textarea wpcf7-validates-as-required\" aria-required=\"true\" aria-invalid=\"false\" name=\"your-message\"><\/textarea><\/span> <\/label>\n\t\t\t<\/p>\n\t\t\t<p><label><span class=\"bt_bb_required\" style=\"margin-top:25px !important;\"><span class=\"wpcf7-form-control-wrap\" data-name=\"accept-this-1\"><span class=\"wpcf7-form-control wpcf7-acceptance\"><span class=\"wpcf7-list-item\"><label><input type=\"checkbox\" name=\"accept-this-1\" value=\"1\" aria-invalid=\"false\" \/><span class=\"wpcf7-list-item-label\">I agree to <a target=\"_blank\" href=\"https:\/\/groupflorence.com\/en\/terms-of-use\/\">Terms &#038; Services<\/a>.<\/span><\/label><\/span><\/span><\/span><\/span><\/label>\n\t\t\t<\/p>\n\t\t\t<p><input class=\"wpcf7-form-control wpcf7-submit has-spinner contact_button_int\" type=\"submit\" value=\"SEND MESSAGE\" \/>\n\t\t\t<\/p>\n\t\t<\/div>\n\t<\/div>\n\t<div class=\"rowItem rowInnerItem col-md-6  btTextLeft\">\n\t\t<div class=\"rowItemContent\">\n\t\t\t<p align=\"center\" style=\"margin-top:30px;\"><br \/>\n<a href=\"http:\/\/florencenightingale.wetransfer.com\/\" target=\"_blank\" title=\"Click Here To Transfer Your Documents via WeTransfer\"><img decoding=\"async\"  align=\"center\" style=\"max-width:250px !important;\" class=\"lazy loaded\" src=\"https:\/\/groupflorence.com\/ru\/wp-content\/uploads\/2020\/08\/89130-wetransfer-default-logo-rgb-original-1365619064-e1599162229581.png\" data-src=\"https:\/\/groupflorence.com\/ru\/wp-content\/uploads\/2020\/08\/89130-wetransfer-default-logo-rgb-original-1365619064-e1599162229581.png\" alt=\"Click Here To Transfer Your Documents via WeTransfer\" title=\"Click Here To Transfer Your Documents via WeTransfer\" data-was-processed=\"true\" \/><\/a>\n\t\t\t<\/p>\n\t\t\t<h3 align=\"center\"><a href=\"http:\/\/florencenightingale.wetransfer.com\/\" target=\"_blank\" title=\"Click Here To Transfer Your Documents via WeTransfer\">Send via WeTransfer<\/a>\n\t\t\t<\/h3>\n\t\t\t<p align=\"center\">Du kan skicka dina \u00f6verdimensionerade medicinska dokument (MRT-inspelningar, labbresultat, bilder etc.) med v\u00e5rt WeTransfer-konto. Det \u00e4r enkelt, snabbt och s\u00e4kert.\n\t\t\t<\/p>\n\t\t<\/div>\n\t\t<center>\n\t\t\t<p><a href=\"http:\/\/florencenightingale.wetransfer.com\/\" class=\"btBtn btBtn btnFilledStyle btnAccentColor btnSmall btnNormalWidth btnRightPosition btnNoIcon\" target=\"_blank\"><span class=\"btnInnerText\">Send Now<\/span><\/a>\n\t\t\t<\/p>\n\t\t<\/center>\n\t<\/div>\n<\/div><div class=\"wpcf7-response-output\" aria-hidden=\"true\"><\/div>\n<\/form>\n<\/div>\n<\/div><div class=\"btClear btSeparator topSpaced noBorder\" ><hr><\/div><\/div><\/div><\/div><\/div><\/div><\/div><\/div><\/section>","protected":false},"excerpt":{"rendered":"","protected":false},"author":1,"featured_media":0,"parent":2306,"menu_order":60,"comment_status":"closed","ping_status":"closed","template":"","meta":{"footnotes":""},"class_list":["post-2417","page","type-page","status-publish","hentry"],"yoast_head":"<!-- This site is optimized with the Yoast SEO plugin v22.2 - https:\/\/yoast.com\/wordpress\/plugins\/seo\/ -->\n<title>Diabetes Center - Group Florence Nightingale Hospitals<\/title>\n<meta name=\"robots\" content=\"index, follow, max-snippet:-1, max-image-preview:large, max-video-preview:-1\" \/>\n<link rel=\"canonical\" href=\"https:\/\/groupflorence.com\/sv\/centers-treatments\/diabetes-center\/\" \/>\n<meta property=\"og:locale\" content=\"en_US\" \/>\n<meta property=\"og:type\" content=\"article\" \/>\n<meta property=\"og:title\" content=\"Diabetes Center - Group Florence Nightingale Hospitals\" \/>\n<meta property=\"og:url\" content=\"https:\/\/groupflorence.com\/sv\/centers-treatments\/diabetes-center\/\" \/>\n<meta property=\"og:site_name\" content=\"Group Florence Nightingale Hospitals\" \/>\n<meta property=\"article:publisher\" content=\"https:\/\/www.facebook.com\/groupflorence\" \/>\n<meta property=\"article:modified_time\" content=\"2022-12-13T07:25:44+00:00\" \/>\n<meta name=\"twitter:card\" content=\"summary_large_image\" \/>\n<meta name=\"twitter:label1\" content=\"Est. reading time\" \/>\n\t<meta name=\"twitter:data1\" content=\"9 minutes\" \/>\n<script type=\"application\/ld+json\" class=\"yoast-schema-graph\">{\"@context\":\"https:\/\/schema.org\",\"@graph\":[{\"@type\":\"WebPage\",\"@id\":\"https:\/\/groupflorence.com\/sv\/centers-treatments\/diabetes-center\/\",\"url\":\"https:\/\/groupflorence.com\/sv\/centers-treatments\/diabetes-center\/\",\"name\":\"Diabetes Center - Group Florence Nightingale Hospitals\",\"isPartOf\":{\"@id\":\"https:\/\/groupflorence.com\/sv\/#website\"},\"datePublished\":\"2020-08-18T11:25:44+00:00\",\"dateModified\":\"2022-12-13T07:25:44+00:00\",\"breadcrumb\":{\"@id\":\"https:\/\/groupflorence.com\/sv\/centers-treatments\/diabetes-center\/#breadcrumb\"},\"inLanguage\":\"en-US\",\"potentialAction\":[{\"@type\":\"ReadAction\",\"target\":[\"https:\/\/groupflorence.com\/sv\/centers-treatments\/diabetes-center\/\"]}]},{\"@type\":\"BreadcrumbList\",\"@id\":\"https:\/\/groupflorence.com\/sv\/centers-treatments\/diabetes-center\/#breadcrumb\",\"itemListElement\":[{\"@type\":\"ListItem\",\"position\":1,\"name\":\"Home\",\"item\":\"https:\/\/groupflorence.com\/sv\/\"},{\"@type\":\"ListItem\",\"position\":2,\"name\":\"Centers &#038; Departments\",\"item\":\"https:\/\/groupflorence.com\/sv\/centers-treatments\/\"},{\"@type\":\"ListItem\",\"position\":3,\"name\":\"Diabetes Center\"}]},{\"@type\":\"WebSite\",\"@id\":\"https:\/\/groupflorence.com\/sv\/#website\",\"url\":\"https:\/\/groupflorence.com\/sv\/\",\"name\":\"Group Florence Nightingale Hospitals\",\"description\":\"\",\"publisher\":{\"@id\":\"https:\/\/groupflorence.com\/sv\/#organization\"},\"potentialAction\":[{\"@type\":\"SearchAction\",\"target\":{\"@type\":\"EntryPoint\",\"urlTemplate\":\"https:\/\/groupflorence.com\/sv\/?s={search_term_string}\"},\"query-input\":\"required name=search_term_string\"}],\"inLanguage\":\"en-US\"},{\"@type\":\"Organization\",\"@id\":\"https:\/\/groupflorence.com\/sv\/#organization\",\"name\":\"Group Florence Nightingale Hospitals\",\"url\":\"https:\/\/groupflorence.com\/sv\/\",\"logo\":{\"@type\":\"ImageObject\",\"inLanguage\":\"en-US\",\"@id\":\"https:\/\/groupflorence.com\/sv\/#\/schema\/logo\/image\/\",\"url\":\"https:\/\/groupflorence.com\/en\/wp-content\/uploads\/2021\/01\/gf-logotype-transparent-miniversion.png\",\"contentUrl\":\"https:\/\/groupflorence.com\/en\/wp-content\/uploads\/2021\/01\/gf-logotype-transparent-miniversion.png\",\"width\":245,\"height\":55,\"caption\":\"Group Florence Nightingale Hospitals\"},\"image\":{\"@id\":\"https:\/\/groupflorence.com\/sv\/#\/schema\/logo\/image\/\"},\"sameAs\":[\"https:\/\/www.facebook.com\/groupflorence\",\"https:\/\/www.instagram.com\/group_florence\/\",\"https:\/\/www.youtube.com\/channel\/UC_nlE9Up7N9T68unmJYEnfg\"]}]}<\/script>\n<!-- \/ Yoast SEO plugin. -->","yoast_head_json":{"title":"Diabetes Center - Group Florence Nightingale Hospitals","robots":{"index":"index","follow":"follow","max-snippet":"max-snippet:-1","max-image-preview":"max-image-preview:large","max-video-preview":"max-video-preview:-1"},"canonical":"https:\/\/groupflorence.com\/sv\/centers-treatments\/diabetes-center\/","og_locale":"en_US","og_type":"article","og_title":"Diabetes Center - Group Florence Nightingale Hospitals","og_url":"https:\/\/groupflorence.com\/sv\/centers-treatments\/diabetes-center\/","og_site_name":"Group Florence Nightingale Hospitals","article_publisher":"https:\/\/www.facebook.com\/groupflorence","article_modified_time":"2022-12-13T07:25:44+00:00","twitter_card":"summary_large_image","twitter_misc":{"Est. reading time":"9 minutes"},"schema":{"@context":"https:\/\/schema.org","@graph":[{"@type":"WebPage","@id":"https:\/\/groupflorence.com\/sv\/centers-treatments\/diabetes-center\/","url":"https:\/\/groupflorence.com\/sv\/centers-treatments\/diabetes-center\/","name":"Diabetes Center - Group Florence Nightingale Hospitals","isPartOf":{"@id":"https:\/\/groupflorence.com\/sv\/#website"},"datePublished":"2020-08-18T11:25:44+00:00","dateModified":"2022-12-13T07:25:44+00:00","breadcrumb":{"@id":"https:\/\/groupflorence.com\/sv\/centers-treatments\/diabetes-center\/#breadcrumb"},"inLanguage":"en-US","potentialAction":[{"@type":"ReadAction","target":["https:\/\/groupflorence.com\/sv\/centers-treatments\/diabetes-center\/"]}]},{"@type":"BreadcrumbList","@id":"https:\/\/groupflorence.com\/sv\/centers-treatments\/diabetes-center\/#breadcrumb","itemListElement":[{"@type":"ListItem","position":1,"name":"Home","item":"https:\/\/groupflorence.com\/sv\/"},{"@type":"ListItem","position":2,"name":"Centers &#038; Departments","item":"https:\/\/groupflorence.com\/sv\/centers-treatments\/"},{"@type":"ListItem","position":3,"name":"Diabetes Center"}]},{"@type":"WebSite","@id":"https:\/\/groupflorence.com\/sv\/#website","url":"https:\/\/groupflorence.com\/sv\/","name":"Group Florence Nightingale Hospitals","description":"","publisher":{"@id":"https:\/\/groupflorence.com\/sv\/#organization"},"potentialAction":[{"@type":"SearchAction","target":{"@type":"EntryPoint","urlTemplate":"https:\/\/groupflorence.com\/sv\/?s={search_term_string}"},"query-input":"required name=search_term_string"}],"inLanguage":"en-US"},{"@type":"Organization","@id":"https:\/\/groupflorence.com\/sv\/#organization","name":"Group Florence Nightingale Hospitals","url":"https:\/\/groupflorence.com\/sv\/","logo":{"@type":"ImageObject","inLanguage":"en-US","@id":"https:\/\/groupflorence.com\/sv\/#\/schema\/logo\/image\/","url":"https:\/\/groupflorence.com\/en\/wp-content\/uploads\/2021\/01\/gf-logotype-transparent-miniversion.png","contentUrl":"https:\/\/groupflorence.com\/en\/wp-content\/uploads\/2021\/01\/gf-logotype-transparent-miniversion.png","width":245,"height":55,"caption":"Group Florence Nightingale Hospitals"},"image":{"@id":"https:\/\/groupflorence.com\/sv\/#\/schema\/logo\/image\/"},"sameAs":["https:\/\/www.facebook.com\/groupflorence","https:\/\/www.instagram.com\/group_florence\/","https:\/\/www.youtube.com\/channel\/UC_nlE9Up7N9T68unmJYEnfg"]}]}},"_links":{"self":[{"href":"https:\/\/groupflorence.com\/sv\/wp-json\/wp\/v2\/pages\/2417","targetHints":{"allow":["GET"]}}],"collection":[{"href":"https:\/\/groupflorence.com\/sv\/wp-json\/wp\/v2\/pages"}],"about":[{"href":"https:\/\/groupflorence.com\/sv\/wp-json\/wp\/v2\/types\/page"}],"author":[{"embeddable":true,"href":"https:\/\/groupflorence.com\/sv\/wp-json\/wp\/v2\/users\/1"}],"replies":[{"embeddable":true,"href":"https:\/\/groupflorence.com\/sv\/wp-json\/wp\/v2\/comments?post=2417"}],"version-history":[{"count":5,"href":"https:\/\/groupflorence.com\/sv\/wp-json\/wp\/v2\/pages\/2417\/revisions"}],"predecessor-version":[{"id":6821,"href":"https:\/\/groupflorence.com\/sv\/wp-json\/wp\/v2\/pages\/2417\/revisions\/6821"}],"up":[{"embeddable":true,"href":"https:\/\/groupflorence.com\/sv\/wp-json\/wp\/v2\/pages\/2306"}],"wp:attachment":[{"href":"https:\/\/groupflorence.com\/sv\/wp-json\/wp\/v2\/media?parent=2417"}],"curies":[{"name":"wp","href":"https:\/\/api.w.org\/{rel}","templated":true}]}}