{"id":2405,"date":"2020-08-18T14:16:24","date_gmt":"2020-08-18T11:16:24","guid":{"rendered":"https:\/\/groupflorence.com\/en\/?page_id=2405"},"modified":"2022-12-12T14:48:17","modified_gmt":"2022-12-12T11:48:17","slug":"cardiovascular-surgery","status":"publish","type":"page","link":"https:\/\/groupflorence.com\/sv\/centers-treatments\/heart-center\/cardiovascular-surgery\/","title":{"rendered":"Cardiovascular Surgery"},"content":{"rendered":"<section id=\"bt_section69ec7ee44956c\"  class=\"boldSection gutter\" ><div class=\"port\"><div class=\"boldCell\"><div class=\"boldCellInner\"><div class=\"boldRow  \" ><div class=\"boldRowInner\"><div class=\"rowItem col-md-4 col-ms-12 btTextLeft\"  ><div class=\"rowItemContent\" ><div class=\"btClear btSeparator topSpaced noBorder\" ><hr><\/div><div class=\"btCustomMenu treatment-sidebar\" ><div class=\"menu-heart-center-container\"><ul id=\"menu-heart-center\" class=\"menu\"><li id=\"menu-item-4478\" class=\"menu-item menu-item-type-post_type menu-item-object-page menu-item-has-children menu-item-4478\"><a href=\"https:\/\/groupflorence.com\/sv\/centers-treatments\/\">Centrum och avdelningar<\/a><ul class=\"sub-menu\"><li id=\"menu-item-4475\" class=\"menu-item menu-item-type-post_type menu-item-object-page menu-item-has-children menu-item-4475\"><a href=\"https:\/\/groupflorence.com\/sv\/centers-treatments\/heart-center\/\">Hj\u00e4rtcenter<\/a><ul class=\"sub-menu\"><li id=\"menu-item-4613\" class=\"menu-item menu-item-type-post_type menu-item-object-page menu-item-4613\"><a href=\"https:\/\/groupflorence.com\/sv\/centers-treatments\/heart-center\/cardiology\/\">Kardiologi<\/a><\/li><li id=\"menu-item-4607\" class=\"menu-item menu-item-type-post_type menu-item-object-page menu-item-4607\"><a href=\"https:\/\/groupflorence.com\/sv\/centers-treatments\/heart-center\/pediatric-heart-diseases\/\">Pediatriska hj\u00e4rtsjukdomar<\/a><\/li><li id=\"menu-item-4477\" class=\"menu-item menu-item-type-post_type menu-item-object-page menu-item-4477\"><a href=\"https:\/\/groupflorence.com\/sv\/centers-treatments\/heart-center\/congenital-heart-diseases\/\">Medf\u00f6dda hj\u00e4rtsjukdomar<\/a><\/li><li id=\"menu-item-4483\" class=\"menu-item menu-item-type-post_type menu-item-object-page menu-item-4483\"><a href=\"https:\/\/groupflorence.com\/sv\/centers-treatments\/heart-center\/arrhythmia\/\">Arytmi<\/a><\/li><li id=\"menu-item-4495\" class=\"menu-item menu-item-type-post_type menu-item-object-page menu-item-4495\"><a href=\"https:\/\/groupflorence.com\/sv\/centers-treatments\/heart-center\/interventional-cardiology\/\">Interventionell kardiologi<\/a><\/li><li id=\"menu-item-4629\" class=\"menu-item menu-item-type-post_type menu-item-object-page menu-item-4629\"><a href=\"https:\/\/groupflorence.com\/sv\/centers-treatments\/heart-center\/cardiac-catheterization-and-angiography\/\">Hj\u00e4rtkateterisering och angiografi<\/a><\/li><li id=\"menu-item-4633\" class=\"menu-item menu-item-type-post_type menu-item-object-page menu-item-4633\"><a href=\"https:\/\/groupflorence.com\/sv\/centers-treatments\/heart-center\/percutaneous-mitral-balloon-valvuloplasty\/\">Perkutan mitralballongvalvuloplastik<\/a><\/li><li id=\"menu-item-4615\" class=\"menu-item menu-item-type-post_type menu-item-object-page menu-item-4615\"><a href=\"https:\/\/groupflorence.com\/sv\/centers-treatments\/heart-center\/cardiovascular-surgery\/\">Kardiovaskul\u00e4r kirurgi<\/a><\/li><li id=\"menu-item-4604\" class=\"menu-item menu-item-type-post_type menu-item-object-page menu-item-4604\"><a href=\"https:\/\/groupflorence.com\/sv\/centers-treatments\/heart-center\/vascular-surgery\/\">K\u00e4rlkirurgi<\/a><\/li><\/ul><\/li><\/ul><\/li>\n<\/ul><\/div><\/div><div class=\"btClear btSeparator topSemiSpaced noBorder\" ><hr><\/div><div class=\"boldRow boldInnerRow  bt_bb_hidden_xs bt_bb_hidden_ms bt_bb_hidden_sm\" ><div class=\"rowItem rowInnerItem col-md-12  btTextCenter btMiddleVertical\"  ><div class=\"rowItemContent\"><div class=\"bpgPhoto btTextCenter\" > \r\n\t\t\t\t\t<a href=\"https:\/\/groupflorence.com\/sv\/patient-guide\/covid-19-precautions\/\" target=\"_self\" title=\"\"><\/a>\r\n\t\t\t\t\t<div class=\"boldPhotoBox\"><div class=\"bpbItem\"><div class = \"btImage\"><img decoding=\"async\" src=\"https:\/\/groupflorence.com\/sv\/wp-content\/uploads\/2020\/12\/covid-safe-sidebar-320x186.jpg\" alt=\"\" title=\"\" ><\/div><\/div><\/div>\r\n\t\t\t\t\t<div class=\"captionPane\">\r\n\t\t\t\t\t\t<div class=\"captionTable\">\r\n\t\t\t\t\t\t\t<div class=\"captionCell\">\r\n\t\t\t\t\t\t\t\t<div class=\"captionTxt\"><\/div>\r\n\t\t\t\t\t\t\t<\/div>\r\n\t\t\t\t\t\t<\/div>\r\n\t\t\t\t\t<\/div><\/div><div class=\"btClear btSeparator topSmallSpaced bottomSmallSpaced border\" ><hr><\/div><a href=\"https:\/\/groupflorence.com\/sv\/contact-us\/\" class=\"btBtn btBtn btnFilledStyle btnAccentColor btnBig btnNormalWidth btnLeftPosition btnNoIcon\" ><span class=\"btnInnerText\">St\u00e4lla en fr\u00e5ga<\/span><\/a><\/div><\/div><\/div><\/div><\/div><div class=\"rowItem col-md-8 col-ms-12 btTextLeft\"  ><div class=\"rowItemContent\" ><div class=\"btClear btSeparator topSemiSpaced noBorder\" ><hr><\/div><header class=\"header btClear medium btDash bottomDash  btNormalDash\" ><div class=\"dash\"><h3><span class=\"headline\"><b class=\"animate\">Cardiovascular Surgery Center<\/b><\/span><\/h3><\/div><\/header><div class=\"btClear btSeparator topExtraSmallSpaced noBorder\" ><hr><\/div><div class=\"btText\" ><p><iframe loading=\"lazy\" title=\"Cardiovascular Surgery at the pioneering institute with a distinguished team\" width=\"1200\" height=\"675\" src=\"https:\/\/www.youtube.com\/embed\/C3Pfqe1oIxU?feature=oembed&#038;enablejsapi=1&#038;origin=https:\/\/groupflorence.com\" frameborder=\"0\" allow=\"accelerometer; autoplay; clipboard-write; encrypted-media; gyroscope; picture-in-picture\" allowfullscreen><\/iframe><\/p>\n<\/div><div class=\"btText\" ><p>P\u00e5 Group Florence Nightingale Hospitals,\u00a0Cardiovascular Surgery Center har vi utf\u00f6rt 40 671 hj\u00e4rtoperationer, 95 919 angiografier och PTCA-ingrepp fram till nu. Vi erbjuder v\u00e5r 30-\u00e5riga erfarenhet och kunskap till alla nationella och internationella patienter.<\/p>\n<p>\u00c5rligen utf\u00f6rs i snitt 2000 hj\u00e4rt-k\u00e4rloperationer p\u00e5 v\u00e5rt center. Procedurerna inkluderar f\u00f6ljande:<\/p>\n<ul>\n<li>Koronar bypass<\/li>\n<li>Minimal invasiv kirurgi<\/li>\n<li>Ventildrift (byten, reparationer)<\/li>\n<li>Arytmikirurgi \/ F\u00f6rmaksflimmer<\/li>\n<li>Robotisk hj\u00e4rtkirurgi<\/li>\n<li>K\u00e4rlkirurgi<\/li>\n<li>St\u00f6rre vaskul\u00e4ra operationer (aneurysm, dissektioner)<\/li>\n<li>Carotidart\u00e4rkirurgi<\/li>\n<li>Vensjukdomar (\u00e5derbr\u00e5ck)<\/li>\n<li>Diabetesfot och kroniska s\u00e5r<\/li>\n<li>Hj\u00e4rttransplantation och st\u00f6dsystem<\/li>\n<li>Medf\u00f6dda hj\u00e4rtsjukdomar.<\/li>\n<\/ul>\n<p>V\u00e5rt Cardiovascular Surgery Center, som utvecklar ett speciellt patientv\u00e5rdsprogram f\u00f6r alla sina patienter med ett multidisciplin\u00e4rt tillv\u00e4gag\u00e5ngss\u00e4tt, behandlar framg\u00e5ngsrikt hj\u00e4rtpatienter med h\u00f6g risk. V\u00e5rt team, som arbetar i n\u00e4ra samarbete med kardiologiska avdelningen, \u00e4ven med v\u00e5rt diagnostik- och behandlingscentrum f\u00f6r hj\u00e4rtsjukdomar hos barn, samt hj\u00e4rttransplantationer och hj\u00e4rthj\u00e4lpmedel.<\/p>\n<h3>Varf\u00f6r Florence Nightingale Cardiovascular Surgery Center?<\/h3>\n<ul>\n<li>Andelen infektioner och komplikationer sammanfaller med de 10 b\u00e4sta sjukhusen i USA, medan d\u00f6dligheten \u00e4r mindre \u00e4n 1%.<\/li>\n<li>V\u00e5rt center \u00e4r i samarbete med ledande kardiovaskul\u00e4ra kirurgiska avdelningar som Cleveland Hospital (USA), Methodist Houston (USA), Columbia Presbyterian (USA) och OLV Hospital Aalst (Belgien).<\/li>\n<li>Group Florence Nightingale Hospitals, Cardiovascular Surgery Center tillhandah\u00e5ller utbildningsprogram f\u00f6r utl\u00e4ndska kirurger i minimalt invasiv hj\u00e4rtkirurgi och arytmikirurgi.<\/li>\n<li>V\u00e5rt center har framg\u00e5ngsrikt implementerat ett minimalt invasivt hj\u00e4rtkirurgiprogram sedan 1999.<\/li>\n<li>V\u00e5rt program f\u00f6r robotkirurgi och arytmikirurgi, som har till\u00e4mpats f\u00f6r f\u00f6rsta g\u00e5ngen i Turkiet, har fortsatt framg\u00e5ngsrikt sedan 2004.<\/li>\n<li>Icke-kirurgiskt hj\u00e4rtklaffutbytesprogram (TAVI), som vi har samarbetat med v\u00e5r kardiologiska avdelning sedan 2009, m\u00f6jligg\u00f6r framg\u00e5ngsrik behandling f\u00f6r v\u00e5ra patienter med h\u00f6g operativ risk.<\/li>\n<li>M\u00e5nga nationella och internationella publikationer utf\u00f6rda av v\u00e5ra kardiovaskul\u00e4ra kirurger erk\u00e4nner v\u00e5rt centers framg\u00e5ng.<\/li>\n<li>V\u00e5rt hj\u00e4rt- och k\u00e4rlkirurgicenter har tagit emot barn med hj\u00e4rtsjukdomar fr\u00e5n utlandet sedan 2011 och har utf\u00f6rt m\u00e5nga framg\u00e5ngsrika hj\u00e4rtoperationer.<\/li>\n<\/ul>\n<\/div><div class=\"btClear btSeparator topSemiSpaced noBorder\" ><hr><\/div><header class=\"header btClear medium btDash bottomDash  btAccentDash\" ><div class=\"dash\"><h3><span class=\"headline\">P\u00e5 v\u00e5rt hj\u00e4rt- och k\u00e4rlkirurgicenter<\/span><\/h3><\/div><\/header><div class=\"btClear btSeparator topExtraSmallSpaced noBorder\" ><hr><\/div><div class=\"btText\" ><ul>\n<li>P\u00e5 v\u00e5rt center f\u00f6r hj\u00e4rt- och k\u00e4rlkirurgi Koronar bypassoperation<\/li>\n<li>Hj\u00e4rtklaffskirurgi<\/li>\n<li>Aortaaneurysmkirurgi<\/li>\n<li>Arytmikirurgi \/ f\u00f6rmaksflimmer<\/li>\n<li>Robotisk hj\u00e4rtkirurgi<\/li>\n<li>Kirurgi av art\u00e4r- och vensjukdomar,<\/li>\n<li>Kirurgisk behandling av medf\u00f6dda hj\u00e4rtsjukdomar<\/li>\n<li>\u00c5derbr\u00e5ck<\/li>\n<li>Diabetesfotbehandlingar utf\u00f6rs.<\/li>\n<\/ul>\n<p>V\u00e5rt Cardiovascular Surgery Center, som utvecklar ett speciellt patientv\u00e5rdsprogram f\u00f6r alla sina patienter med sitt multidisciplin\u00e4ra tillv\u00e4gag\u00e5ngss\u00e4tt, behandlar hj\u00e4rtpatienter med h\u00f6g risk och har varit ett referenscentrum i Mellan\u00f6stern, Nordafrika och Centralasien.<\/p>\n<\/div><div class=\"btClear btSeparator topSemiSpaced noBorder\" ><hr><\/div><div class=\"boldRow boldInnerRow  \" ><div class=\"rowItem rowInnerItem col-md-4  btTextCenter inherit btNoPadding\" style=\"border: 1px solid #999;background-color: rgba(241, 241, 241, 1);\" ><div class=\"rowItemContent\"><div class=\"bpgPhoto btTextCenter\" ><div class=\"btImage\"><img decoding=\"async\" src=\"https:\/\/groupflorence.com\/sv\/wp-content\/uploads\/2021\/05\/mehmet-ezelsoy.jpg\" alt=\"\" title=\"\"><\/div><\/div><div class=\"btIconImageRow btIconsHalfHoverPosition\" ><\/div><div class=\"btClear btSeparator topSmallSpaced noBorder\" ><hr><\/div><div class=\"btText\" ><h4><a href=\"https:\/\/groupflorence.com\/sv\/doctors\/mehmet-ezelsoy-m-d\/\">Mehmet Ezelsoy, M.D.<br \/>\n<\/a><\/h4>\n<\/div><div class=\"btClear btSeparator bottomExtraSmallSpaced noBorder\" ><hr><\/div><a href=\"https:\/\/groupflorence.com\/sv\/doctors\/mehmet-ezelsoy-m-d\/\" class=\"btBtn btBtn btnFilledStyle btnLightColor btnSmall btnNormalWidth btnRightPosition btnNoIcon\"  target=\"_self\"><span class=\"btnInnerText\">SE CV<\/span><\/a><div class=\"btClear btSeparator topExtraSmallSpaced bottomSmallSpaced noBorder\" ><hr><\/div><\/div><\/div><div class=\"rowItem rowInnerItem col-md-4  btTextCenter inherit btNoPadding\" style=\"border: 1px solid #999;background-color: rgba(241, 241, 241, 1);\" ><div class=\"rowItemContent\"><div class=\"bpgPhoto btTextCenter\" ><div class=\"btImage\"><img decoding=\"async\" src=\"https:\/\/groupflorence.com\/sv\/wp-content\/uploads\/2020\/10\/Ertan-Sag_bas_.jpg\" alt=\"\" title=\"\"><\/div><\/div><div class=\"btIconImageRow btIconsHalfHoverPosition\" ><\/div><div class=\"btClear btSeparator topSmallSpaced noBorder\" ><hr><\/div><div class=\"btText\" ><h4><a href=\"https:\/\/groupflorence.com\/sv\/doctors\/ertan-sagbas\/\">Ertan Sa\u011fba\u015f, M.D.<\/a><\/h4>\n<\/div><div class=\"btClear btSeparator bottomExtraSmallSpaced noBorder\" ><hr><\/div><a href=\"https:\/\/groupflorence.com\/sv\/doctors\/ertan-sagbas\/\" class=\"btBtn btBtn btnFilledStyle btnLightColor btnSmall btnNormalWidth btnRightPosition btnNoIcon\"  target=\"_self\"><span class=\"btnInnerText\">SE CV<\/span><\/a><div class=\"btClear btSeparator topExtraSmallSpaced bottomSmallSpaced noBorder\" ><hr><\/div><\/div><\/div><div class=\"rowItem rowInnerItem col-md-4  btTextCenter inherit btNoPadding\" style=\"background-color: rgba(241, 241, 241, 1);\" ><div class=\"rowItemContent\"><\/div><\/div><\/div><div class=\"btClear btSeparator topSemiSpaced noBorder\" ><hr><\/div><header class=\"header btClear medium btDash bottomDash  btAccentDash\" ><div class=\"dash\"><h3><span class=\"headline\"><em>Kontakta oss nu<\/em><\/span><\/h3><\/div><\/header><div class=\"btClear btSeparator bottomSmallSpaced noBorder\" ><hr><\/div><div class=\"btText\" >\n<div class=\"wpcf7 no-js\" id=\"wpcf7-f2891-o1\" lang=\"tr-TR\" dir=\"ltr\">\n<div class=\"screen-reader-response\"><p role=\"status\" aria-live=\"polite\" aria-atomic=\"true\"><\/p> <ul><\/ul><\/div>\n<form action=\"\/sv\/wp-json\/wp\/v2\/pages\/2405#wpcf7-f2891-o1\" method=\"post\" class=\"wpcf7-form init wpcf7-acceptance-as-validation\" aria-label=\"Contact form\" novalidate=\"novalidate\" data-status=\"init\">\n<div style=\"display: none;\">\n<input type=\"hidden\" name=\"_wpcf7\" value=\"2891\" \/>\n<input type=\"hidden\" name=\"_wpcf7_version\" value=\"5.9.2\" \/>\n<input type=\"hidden\" name=\"_wpcf7_locale\" value=\"tr_TR\" \/>\n<input type=\"hidden\" name=\"_wpcf7_unit_tag\" value=\"wpcf7-f2891-o1\" \/>\n<input type=\"hidden\" name=\"_wpcf7_container_post\" value=\"0\" \/>\n<input type=\"hidden\" name=\"_wpcf7_posted_data_hash\" value=\"\" \/>\n<\/div>\n<p style=\"margin-bottom:30px !important;\">N\u00e4r du fyller i kontaktformul\u00e4ret nedan kan du ocks\u00e5 skicka din\/patientens medicinska handlingar till oss via <strong>wetransfer<\/strong>. Den medicinska second opinion kommer att presenteras f\u00f6r dig inom 48 timmar.\n<\/p>\n<div class=\"boldRow boldInnerRow  \">\n\t<div class=\"rowItem rowInnerItem col-md-6  btTextLeft\">\n\t\t<div class=\"rowItemContent\">\n\t\t\t<p><label><span class=\"bt_bb_required\">Your Name<\/span><br \/>\n<span class=\"wpcf7-form-control-wrap\" data-name=\"your-name\"><input size=\"40\" class=\"wpcf7-form-control wpcf7-text wpcf7-validates-as-required\" aria-required=\"true\" aria-invalid=\"false\" value=\"\" type=\"text\" name=\"your-name\" \/><\/span> <\/label>\n\t\t\t<\/p>\n\t\t\t<p><label><span class=\"bt_bb_required\">Your Email<\/span><br \/>\n<span class=\"wpcf7-form-control-wrap\" data-name=\"your-email\"><input size=\"40\" class=\"wpcf7-form-control wpcf7-email wpcf7-validates-as-required wpcf7-text wpcf7-validates-as-email\" aria-required=\"true\" aria-invalid=\"false\" value=\"\" type=\"email\" name=\"your-email\" \/><\/span> <\/label>\n\t\t\t<\/p>\n\t\t\t<p><label><span class=\"bt_bb_required\">Your Phone<\/span><br \/>\n<span class=\"wpcf7-form-control-wrap\" data-name=\"your-phone\"><input size=\"40\" class=\"wpcf7-form-control wpcf7-phonetext wpcf7-text wpcf7-validates-as-phonetext\" id=\"int_phone\" aria-invalid=\"false\" value=\"\" type=\"text\" name=\"your-phone\" \/><input type=\"hidden\" name=\"your-phone-country-code\" class=\"wpcf7-phonetext-country-code\" \/><\/span> <\/label>\n\t\t\t<\/p>\n\t\t\t<p><label><span class=\"bt_bb_required\">Your Message<\/span><br \/>\n<span class=\"wpcf7-form-control-wrap\" data-name=\"your-message\"><textarea cols=\"40\" rows=\"10\" class=\"wpcf7-form-control wpcf7-textarea wpcf7-validates-as-required\" aria-required=\"true\" aria-invalid=\"false\" name=\"your-message\"><\/textarea><\/span> <\/label>\n\t\t\t<\/p>\n\t\t\t<p><label><span class=\"bt_bb_required\" style=\"margin-top:25px !important;\"><span class=\"wpcf7-form-control-wrap\" data-name=\"accept-this-1\"><span class=\"wpcf7-form-control wpcf7-acceptance\"><span class=\"wpcf7-list-item\"><label><input type=\"checkbox\" name=\"accept-this-1\" value=\"1\" aria-invalid=\"false\" \/><span class=\"wpcf7-list-item-label\">I agree to <a target=\"_blank\" href=\"https:\/\/groupflorence.com\/en\/terms-of-use\/\">Terms &#038; Services<\/a>.<\/span><\/label><\/span><\/span><\/span><\/span><\/label>\n\t\t\t<\/p>\n\t\t\t<p><input class=\"wpcf7-form-control wpcf7-submit has-spinner contact_button_int\" type=\"submit\" value=\"SEND MESSAGE\" \/>\n\t\t\t<\/p>\n\t\t<\/div>\n\t<\/div>\n\t<div class=\"rowItem rowInnerItem col-md-6  btTextLeft\">\n\t\t<div class=\"rowItemContent\">\n\t\t\t<p align=\"center\" style=\"margin-top:30px;\"><br \/>\n<a href=\"http:\/\/florencenightingale.wetransfer.com\/\" target=\"_blank\" title=\"Click Here To Transfer Your Documents via WeTransfer\"><img decoding=\"async\"  align=\"center\" style=\"max-width:250px !important;\" class=\"lazy loaded\" src=\"https:\/\/groupflorence.com\/ru\/wp-content\/uploads\/2020\/08\/89130-wetransfer-default-logo-rgb-original-1365619064-e1599162229581.png\" data-src=\"https:\/\/groupflorence.com\/ru\/wp-content\/uploads\/2020\/08\/89130-wetransfer-default-logo-rgb-original-1365619064-e1599162229581.png\" alt=\"Click Here To Transfer Your Documents via WeTransfer\" title=\"Click Here To Transfer Your Documents via WeTransfer\" data-was-processed=\"true\" \/><\/a>\n\t\t\t<\/p>\n\t\t\t<h3 align=\"center\"><a href=\"http:\/\/florencenightingale.wetransfer.com\/\" target=\"_blank\" title=\"Click Here To Transfer Your Documents via WeTransfer\">Send via WeTransfer<\/a>\n\t\t\t<\/h3>\n\t\t\t<p align=\"center\">Du kan skicka dina \u00f6verdimensionerade medicinska dokument (MRT-inspelningar, labbresultat, bilder etc.) med v\u00e5rt WeTransfer-konto. Det \u00e4r enkelt, snabbt och s\u00e4kert.\n\t\t\t<\/p>\n\t\t<\/div>\n\t\t<center>\n\t\t\t<p><a href=\"http:\/\/florencenightingale.wetransfer.com\/\" class=\"btBtn btBtn btnFilledStyle btnAccentColor btnSmall btnNormalWidth btnRightPosition btnNoIcon\" target=\"_blank\"><span class=\"btnInnerText\">Send Now<\/span><\/a>\n\t\t\t<\/p>\n\t\t<\/center>\n\t<\/div>\n<\/div><div class=\"wpcf7-response-output\" aria-hidden=\"true\"><\/div>\n<\/form>\n<\/div>\n<\/div><div class=\"btClear btSeparator topSpaced noBorder\" ><hr><\/div><\/div><\/div><\/div><\/div><\/div><\/div><\/div><\/section>","protected":false},"excerpt":{"rendered":"","protected":false},"author":1,"featured_media":0,"parent":4469,"menu_order":40,"comment_status":"closed","ping_status":"closed","template":"","meta":{"footnotes":""},"class_list":["post-2405","page","type-page","status-publish","hentry"],"yoast_head":"<!-- This site is optimized with the Yoast SEO plugin v22.2 - https:\/\/yoast.com\/wordpress\/plugins\/seo\/ -->\n<title>Cardiovascular Surgery - Group Florence Nightingale Hospitals<\/title>\n<meta name=\"robots\" content=\"index, follow, max-snippet:-1, max-image-preview:large, max-video-preview:-1\" \/>\n<link rel=\"canonical\" href=\"https:\/\/groupflorence.com\/sv\/centers-treatments\/heart-center\/cardiovascular-surgery\/\" \/>\n<meta property=\"og:locale\" content=\"en_US\" \/>\n<meta property=\"og:type\" content=\"article\" \/>\n<meta property=\"og:title\" content=\"Cardiovascular Surgery - Group Florence Nightingale Hospitals\" \/>\n<meta property=\"og:url\" content=\"https:\/\/groupflorence.com\/sv\/centers-treatments\/heart-center\/cardiovascular-surgery\/\" \/>\n<meta property=\"og:site_name\" content=\"Group Florence Nightingale Hospitals\" \/>\n<meta property=\"article:publisher\" content=\"https:\/\/www.facebook.com\/groupflorence\" \/>\n<meta property=\"article:modified_time\" content=\"2022-12-12T11:48:17+00:00\" \/>\n<meta name=\"twitter:card\" content=\"summary_large_image\" \/>\n<meta name=\"twitter:label1\" content=\"Est. reading time\" \/>\n\t<meta name=\"twitter:data1\" content=\"7 minutes\" \/>\n<script type=\"application\/ld+json\" class=\"yoast-schema-graph\">{\"@context\":\"https:\/\/schema.org\",\"@graph\":[{\"@type\":\"WebPage\",\"@id\":\"https:\/\/groupflorence.com\/sv\/centers-treatments\/heart-center\/cardiovascular-surgery\/\",\"url\":\"https:\/\/groupflorence.com\/sv\/centers-treatments\/heart-center\/cardiovascular-surgery\/\",\"name\":\"Cardiovascular Surgery - Group Florence Nightingale Hospitals\",\"isPartOf\":{\"@id\":\"https:\/\/groupflorence.com\/sv\/#website\"},\"datePublished\":\"2020-08-18T11:16:24+00:00\",\"dateModified\":\"2022-12-12T11:48:17+00:00\",\"breadcrumb\":{\"@id\":\"https:\/\/groupflorence.com\/sv\/centers-treatments\/heart-center\/cardiovascular-surgery\/#breadcrumb\"},\"inLanguage\":\"en-US\",\"potentialAction\":[{\"@type\":\"ReadAction\",\"target\":[\"https:\/\/groupflorence.com\/sv\/centers-treatments\/heart-center\/cardiovascular-surgery\/\"]}]},{\"@type\":\"BreadcrumbList\",\"@id\":\"https:\/\/groupflorence.com\/sv\/centers-treatments\/heart-center\/cardiovascular-surgery\/#breadcrumb\",\"itemListElement\":[{\"@type\":\"ListItem\",\"position\":1,\"name\":\"Home\",\"item\":\"https:\/\/groupflorence.com\/sv\/\"},{\"@type\":\"ListItem\",\"position\":2,\"name\":\"Centers &#038; Departments\",\"item\":\"https:\/\/groupflorence.com\/sv\/centers-treatments\/\"},{\"@type\":\"ListItem\",\"position\":3,\"name\":\"Heart Center\",\"item\":\"https:\/\/groupflorence.com\/sv\/centers-treatments\/heart-center\/\"},{\"@type\":\"ListItem\",\"position\":4,\"name\":\"Cardiovascular Surgery\"}]},{\"@type\":\"WebSite\",\"@id\":\"https:\/\/groupflorence.com\/sv\/#website\",\"url\":\"https:\/\/groupflorence.com\/sv\/\",\"name\":\"Group Florence Nightingale Hospitals\",\"description\":\"\",\"publisher\":{\"@id\":\"https:\/\/groupflorence.com\/sv\/#organization\"},\"potentialAction\":[{\"@type\":\"SearchAction\",\"target\":{\"@type\":\"EntryPoint\",\"urlTemplate\":\"https:\/\/groupflorence.com\/sv\/?s={search_term_string}\"},\"query-input\":\"required name=search_term_string\"}],\"inLanguage\":\"en-US\"},{\"@type\":\"Organization\",\"@id\":\"https:\/\/groupflorence.com\/sv\/#organization\",\"name\":\"Group Florence Nightingale Hospitals\",\"url\":\"https:\/\/groupflorence.com\/sv\/\",\"logo\":{\"@type\":\"ImageObject\",\"inLanguage\":\"en-US\",\"@id\":\"https:\/\/groupflorence.com\/sv\/#\/schema\/logo\/image\/\",\"url\":\"https:\/\/groupflorence.com\/en\/wp-content\/uploads\/2021\/01\/gf-logotype-transparent-miniversion.png\",\"contentUrl\":\"https:\/\/groupflorence.com\/en\/wp-content\/uploads\/2021\/01\/gf-logotype-transparent-miniversion.png\",\"width\":245,\"height\":55,\"caption\":\"Group Florence Nightingale Hospitals\"},\"image\":{\"@id\":\"https:\/\/groupflorence.com\/sv\/#\/schema\/logo\/image\/\"},\"sameAs\":[\"https:\/\/www.facebook.com\/groupflorence\",\"https:\/\/www.instagram.com\/group_florence\/\",\"https:\/\/www.youtube.com\/channel\/UC_nlE9Up7N9T68unmJYEnfg\"]}]}<\/script>\n<!-- \/ Yoast SEO plugin. -->","yoast_head_json":{"title":"Cardiovascular Surgery - Group Florence Nightingale Hospitals","robots":{"index":"index","follow":"follow","max-snippet":"max-snippet:-1","max-image-preview":"max-image-preview:large","max-video-preview":"max-video-preview:-1"},"canonical":"https:\/\/groupflorence.com\/sv\/centers-treatments\/heart-center\/cardiovascular-surgery\/","og_locale":"en_US","og_type":"article","og_title":"Cardiovascular Surgery - Group Florence Nightingale Hospitals","og_url":"https:\/\/groupflorence.com\/sv\/centers-treatments\/heart-center\/cardiovascular-surgery\/","og_site_name":"Group Florence Nightingale Hospitals","article_publisher":"https:\/\/www.facebook.com\/groupflorence","article_modified_time":"2022-12-12T11:48:17+00:00","twitter_card":"summary_large_image","twitter_misc":{"Est. reading time":"7 minutes"},"schema":{"@context":"https:\/\/schema.org","@graph":[{"@type":"WebPage","@id":"https:\/\/groupflorence.com\/sv\/centers-treatments\/heart-center\/cardiovascular-surgery\/","url":"https:\/\/groupflorence.com\/sv\/centers-treatments\/heart-center\/cardiovascular-surgery\/","name":"Cardiovascular Surgery - Group Florence Nightingale Hospitals","isPartOf":{"@id":"https:\/\/groupflorence.com\/sv\/#website"},"datePublished":"2020-08-18T11:16:24+00:00","dateModified":"2022-12-12T11:48:17+00:00","breadcrumb":{"@id":"https:\/\/groupflorence.com\/sv\/centers-treatments\/heart-center\/cardiovascular-surgery\/#breadcrumb"},"inLanguage":"en-US","potentialAction":[{"@type":"ReadAction","target":["https:\/\/groupflorence.com\/sv\/centers-treatments\/heart-center\/cardiovascular-surgery\/"]}]},{"@type":"BreadcrumbList","@id":"https:\/\/groupflorence.com\/sv\/centers-treatments\/heart-center\/cardiovascular-surgery\/#breadcrumb","itemListElement":[{"@type":"ListItem","position":1,"name":"Home","item":"https:\/\/groupflorence.com\/sv\/"},{"@type":"ListItem","position":2,"name":"Centers &#038; Departments","item":"https:\/\/groupflorence.com\/sv\/centers-treatments\/"},{"@type":"ListItem","position":3,"name":"Heart Center","item":"https:\/\/groupflorence.com\/sv\/centers-treatments\/heart-center\/"},{"@type":"ListItem","position":4,"name":"Cardiovascular Surgery"}]},{"@type":"WebSite","@id":"https:\/\/groupflorence.com\/sv\/#website","url":"https:\/\/groupflorence.com\/sv\/","name":"Group Florence Nightingale Hospitals","description":"","publisher":{"@id":"https:\/\/groupflorence.com\/sv\/#organization"},"potentialAction":[{"@type":"SearchAction","target":{"@type":"EntryPoint","urlTemplate":"https:\/\/groupflorence.com\/sv\/?s={search_term_string}"},"query-input":"required name=search_term_string"}],"inLanguage":"en-US"},{"@type":"Organization","@id":"https:\/\/groupflorence.com\/sv\/#organization","name":"Group Florence Nightingale Hospitals","url":"https:\/\/groupflorence.com\/sv\/","logo":{"@type":"ImageObject","inLanguage":"en-US","@id":"https:\/\/groupflorence.com\/sv\/#\/schema\/logo\/image\/","url":"https:\/\/groupflorence.com\/en\/wp-content\/uploads\/2021\/01\/gf-logotype-transparent-miniversion.png","contentUrl":"https:\/\/groupflorence.com\/en\/wp-content\/uploads\/2021\/01\/gf-logotype-transparent-miniversion.png","width":245,"height":55,"caption":"Group Florence Nightingale Hospitals"},"image":{"@id":"https:\/\/groupflorence.com\/sv\/#\/schema\/logo\/image\/"},"sameAs":["https:\/\/www.facebook.com\/groupflorence","https:\/\/www.instagram.com\/group_florence\/","https:\/\/www.youtube.com\/channel\/UC_nlE9Up7N9T68unmJYEnfg"]}]}},"_links":{"self":[{"href":"https:\/\/groupflorence.com\/sv\/wp-json\/wp\/v2\/pages\/2405","targetHints":{"allow":["GET"]}}],"collection":[{"href":"https:\/\/groupflorence.com\/sv\/wp-json\/wp\/v2\/pages"}],"about":[{"href":"https:\/\/groupflorence.com\/sv\/wp-json\/wp\/v2\/types\/page"}],"author":[{"embeddable":true,"href":"https:\/\/groupflorence.com\/sv\/wp-json\/wp\/v2\/users\/1"}],"replies":[{"embeddable":true,"href":"https:\/\/groupflorence.com\/sv\/wp-json\/wp\/v2\/comments?post=2405"}],"version-history":[{"count":6,"href":"https:\/\/groupflorence.com\/sv\/wp-json\/wp\/v2\/pages\/2405\/revisions"}],"predecessor-version":[{"id":6766,"href":"https:\/\/groupflorence.com\/sv\/wp-json\/wp\/v2\/pages\/2405\/revisions\/6766"}],"up":[{"embeddable":true,"href":"https:\/\/groupflorence.com\/sv\/wp-json\/wp\/v2\/pages\/4469"}],"wp:attachment":[{"href":"https:\/\/groupflorence.com\/sv\/wp-json\/wp\/v2\/media?parent=2405"}],"curies":[{"name":"wp","href":"https:\/\/api.w.org\/{rel}","templated":true}]}}