{"id":2047,"date":"2020-08-12T21:24:07","date_gmt":"2020-08-12T18:24:07","guid":{"rendered":"https:\/\/groupflorence.com\/en\/?page_id=2047"},"modified":"2022-12-05T10:27:47","modified_gmt":"2022-12-05T07:27:47","slug":"our-history","status":"publish","type":"page","link":"https:\/\/groupflorence.com\/sv\/why-choose-us\/our-history\/","title":{"rendered":"Our History"},"content":{"rendered":"<section id=\"bt_section69ec103445ecc\"  class=\"boldSection topSpaced bottomSpaced gutter inherit\" ><div class=\"port\"><div class=\"boldCell\"><div class=\"boldCellInner\"><div class=\"boldRow  \" ><div class=\"boldRowInner\"><div class=\"rowItem col-md-12 col-ms-12  btTextLeft animate animate-fadein inherit\"  ><div class=\"rowItemContent\" ><div class=\"btClear btSeparator bottomSemiSpaced noBorder\" ><hr><\/div><\/div><\/div><\/div><\/div><div class=\"boldRow  \" ><div class=\"boldRowInner\"><div class=\"rowItem col-md-4 col-ms-12 btTextLeft animate animate-fadein btMiddleVertical\"  ><div class=\"rowItemContent\" ><div class=\"bpgPhoto btTextCenter btSimpleHoverType\" ><div class=\"btImage\"><img decoding=\"async\" src=\"https:\/\/groupflorence.com\/sv\/wp-content\/uploads\/2020\/08\/img-florence2-320x460-1.jpg\" alt=\"\" title=\"\"><\/div><\/div><div class=\"btClear btSeparator bottomSemiSpaced noBorder bt_bb_hidden_md bt_bb_hidden_lg\" ><hr><\/div><\/div><\/div><div class=\"rowItem col-md-8 col-ms-12 btTextLeft animate animate-fadein btMiddleVertical btDoublePadding\"  ><div class=\"rowItemContent\" ><div class=\"btClear btSeparator bottomSmallSpaced noBorder\" ><hr><\/div><header class=\"header btClear extralarge btDash bottomDash  btAlternateDash\" ><div class=\"dash\"><h1><span class=\"headline\"><b class=\"animate\">V\u00e5r historia<\/b><\/span><\/h1><\/div><\/header><div class=\"btText\" ><div class=\"btText\">\n<p>70-talet minns som en tidsperiod d\u00e5 turkiska medborgare brukade resa utomlands f\u00f6r sofistikerade behandlingar som \u00f6ppna hj\u00e4rtoperationer och cancerbehandlingar.<\/p>\n<p>Tillsammans med en grupp av sina l\u00e4karv\u00e4nner som delade samma vision och beslutsamhet, har prof. Cem&#8217;i Demiro\u011flu grundat Haseki Cardiology Institute vid Cerrahpa\u015fa Medical Faculty 1974. Under \u00e5ren har detta institut tillhandah\u00e5llit viktiga tj\u00e4nster till Turkiet och format b\u00f6rjan p\u00e5 en framg\u00e5ngsrik resa.<\/p>\n<\/div>\n<\/div><div class=\"btClear btSeparator topExtraSmallSpaced bottomSmallSpaced noBorder\" ><hr><\/div><\/div><\/div><\/div><\/div><div class=\"boldRow  \" ><div class=\"boldRowInner\"><div class=\"rowItem col-md-12 col-ms-12  btTextLeft animate animate-fadein inherit\"  ><div class=\"rowItemContent\" ><div class=\"btClear btSeparator topSemiSpaced bottomSemiSpaced border\" ><hr><\/div><\/div><\/div><\/div><\/div><div class=\"boldRow  \" ><div class=\"boldRowInner\"><div class=\"rowItem col-md-12 col-ms-12  btTextCenter animate animate-fadein btMiddleVertical btDoublePadding\"  ><div class=\"rowItemContent\" ><header class=\"header btClear large btDash bottomDash  btAccentDash\" ><div class=\"dash\"><h2><span class=\"headline\"><em>Florence Nightingale Hospital<\/em><\/span><\/h2><\/div><\/header><div class=\"btClear btSeparator bottomExtraSmallSpaced noBorder\" ><hr><\/div><div class=\"btText\" ><div class=\"btText\">\n<p>Florence Nightingale Hospital etablerades 1989 som en liten och ambiti\u00f6s sjukv\u00e5rdsinstitution med 50 b\u00e4ddar och en \u00e5rlig kapacitet p\u00e5 250 \u00f6ppna hj\u00e4rtoperationer. Tack vare det st\u00e4ndigt \u00f6kande st\u00f6det, sj\u00e4lvf\u00f6rtroendet och det framg\u00e5ngsrika arbetet ut\u00f6kade Florence Nightingale sina anl\u00e4ggningar i enlighet med internationella standarder och \u00e5tg\u00e4rder till 302 b\u00e4ddar, d\u00e4r mer \u00e4n 2000 \u00f6ppna hj\u00e4rtoperationer kunde utf\u00f6ras \u00e5rligen.<\/p>\n<p>Avrupa Florence Nightingale Hospital, det andra sjukhuset i Group Florence Nightingale, blev en av de st\u00f6rsta h\u00e4lsov\u00e5rdsinstitutionerna i Turkiet, och betj\u00e4nade aktivt inom alla medicinska grenar inklusive pediatrik, tand- och k\u00e4kkirurgi, gynekologi och oftalmologi.<\/p>\n<p>Gayrettepe Florence Nightingale Hospital och dess Comprehensive Cancer Center \u00f6ppnades 1997 av ett joint venture med amerikanska partners. Infrastrukturen m\u00f6jligg\u00f6r ocks\u00e5 de aldrig s\u00e5 viktiga gemensamma styrelserna och konferenserna med internationella motsvarigheter via telemedicin.<\/p>\n<p>I linje med framg\u00e5ngsrika resultat och erfarenheter som vunnits under de g\u00e5ngna \u00e5ren, etablerade Florence Nightingale ett universitet 1998 som fick namnet Istanbul Bilim University 2006. Det \u00e4r det f\u00f6rsta tematiska h\u00e4lsouniversitetet i Turkiet. Det registrerar f\u00f6r n\u00e4rvarande \u00f6ver 3000 studenter.<\/p>\n<\/div>\n<\/div><div class=\"btClear btSeparator topExtraSmallSpaced bottomSmallSpaced noBorder\" ><hr><\/div><div class=\"btText\" ><div class=\"wpb_text_column wpb_content_element large margin-top-10\">\n<div class=\"wpb_wrapper\">\n<p>Group Florence Nightingale Hospitals har vuxit under de senaste \u00e5ren och blivit en av de ledande h\u00e4lsov\u00e5rdsgrupperna b\u00e5de i Turkiet och regionen. Samtidigt som vi g\u00f6r det g\u00e5r vi fram\u00e5t genom att placera patientupplevelsen i k\u00e4rnan av alla v\u00e5ra tj\u00e4nster utan att kompromissa med kvalitet, etik eller vetenskap.<\/p>\n<p>Vi \u00e4r stolta \u00f6ver att patienter har satt stort f\u00f6rtroende f\u00f6r turkiska l\u00e4kare och sjukhus, och d\u00e4rf\u00f6r i dag gynnar v\u00e5rdinr\u00e4ttningar i Turkiet framf\u00f6r behandling utomlands. Vi avser att dela med oss av v\u00e5ra erfarenheter och kunnande p\u00e5 nationell och internationell niv\u00e5 genom partnerskap och samarbeten.<\/p>\n<p>St\u00f6det fr\u00e5n er \u2013 v\u00e5ra uppskattade patienter \u2013 under v\u00e5r 30-\u00e5riga resa \u00e4r det som ger oss f\u00f6rtroende och motivation att forts\u00e4tta ta hand om er med st\u00f6rsta omsorg.<\/p>\n<p>Idag har Group Florence Nightingale fem sjukhus och tv\u00e5 v\u00e5rdcentraler. S\u00e4ngkapaciteten har \u00f6kat till 800 som \u00e4r utrustade med den senaste tekniken. D\u00e4rf\u00f6r har Group Florence Nightingale nominerats till en av de globala destinationerna inom sjukv\u00e5rd.<\/p>\n<\/div>\n<\/div>\n<\/div><div class=\"btClear btSeparator topExtraSmallSpaced bottomSmallSpaced noBorder\" ><hr><\/div><\/div><\/div><\/div><\/div><\/div><\/div><\/div><\/section>","protected":false},"excerpt":{"rendered":"","protected":false},"author":1,"featured_media":0,"parent":2548,"menu_order":0,"comment_status":"closed","ping_status":"closed","template":"","meta":{"footnotes":""},"class_list":["post-2047","page","type-page","status-publish","hentry"],"yoast_head":"<!-- This site is optimized with the Yoast SEO plugin v22.2 - https:\/\/yoast.com\/wordpress\/plugins\/seo\/ -->\n<title>Our History - Group Florence Nightingale Hospitals<\/title>\n<meta name=\"robots\" content=\"index, follow, max-snippet:-1, max-image-preview:large, max-video-preview:-1\" \/>\n<link rel=\"canonical\" href=\"https:\/\/groupflorence.com\/sv\/why-choose-us\/our-history\/\" \/>\n<meta property=\"og:locale\" content=\"en_US\" \/>\n<meta property=\"og:type\" content=\"article\" \/>\n<meta property=\"og:title\" content=\"Our History - Group Florence Nightingale Hospitals\" \/>\n<meta property=\"og:url\" content=\"https:\/\/groupflorence.com\/sv\/why-choose-us\/our-history\/\" \/>\n<meta property=\"og:site_name\" content=\"Group Florence Nightingale Hospitals\" \/>\n<meta property=\"article:publisher\" content=\"https:\/\/www.facebook.com\/groupflorence\" \/>\n<meta property=\"article:modified_time\" content=\"2022-12-05T07:27:47+00:00\" \/>\n<meta name=\"twitter:card\" content=\"summary_large_image\" \/>\n<meta name=\"twitter:label1\" content=\"Est. reading time\" \/>\n\t<meta name=\"twitter:data1\" content=\"5 minutes\" \/>\n<script type=\"application\/ld+json\" class=\"yoast-schema-graph\">{\"@context\":\"https:\/\/schema.org\",\"@graph\":[{\"@type\":\"WebPage\",\"@id\":\"https:\/\/groupflorence.com\/sv\/why-choose-us\/our-history\/\",\"url\":\"https:\/\/groupflorence.com\/sv\/why-choose-us\/our-history\/\",\"name\":\"Our History - Group Florence Nightingale Hospitals\",\"isPartOf\":{\"@id\":\"https:\/\/groupflorence.com\/sv\/#website\"},\"datePublished\":\"2020-08-12T18:24:07+00:00\",\"dateModified\":\"2022-12-05T07:27:47+00:00\",\"breadcrumb\":{\"@id\":\"https:\/\/groupflorence.com\/sv\/why-choose-us\/our-history\/#breadcrumb\"},\"inLanguage\":\"en-US\",\"potentialAction\":[{\"@type\":\"ReadAction\",\"target\":[\"https:\/\/groupflorence.com\/sv\/why-choose-us\/our-history\/\"]}]},{\"@type\":\"BreadcrumbList\",\"@id\":\"https:\/\/groupflorence.com\/sv\/why-choose-us\/our-history\/#breadcrumb\",\"itemListElement\":[{\"@type\":\"ListItem\",\"position\":1,\"name\":\"Home\",\"item\":\"https:\/\/groupflorence.com\/sv\/\"},{\"@type\":\"ListItem\",\"position\":2,\"name\":\"Why Choose Us\",\"item\":\"https:\/\/groupflorence.com\/sv\/why-choose-us\/\"},{\"@type\":\"ListItem\",\"position\":3,\"name\":\"Our History\"}]},{\"@type\":\"WebSite\",\"@id\":\"https:\/\/groupflorence.com\/sv\/#website\",\"url\":\"https:\/\/groupflorence.com\/sv\/\",\"name\":\"Group Florence Nightingale Hospitals\",\"description\":\"\",\"publisher\":{\"@id\":\"https:\/\/groupflorence.com\/sv\/#organization\"},\"potentialAction\":[{\"@type\":\"SearchAction\",\"target\":{\"@type\":\"EntryPoint\",\"urlTemplate\":\"https:\/\/groupflorence.com\/sv\/?s={search_term_string}\"},\"query-input\":\"required name=search_term_string\"}],\"inLanguage\":\"en-US\"},{\"@type\":\"Organization\",\"@id\":\"https:\/\/groupflorence.com\/sv\/#organization\",\"name\":\"Group Florence Nightingale Hospitals\",\"url\":\"https:\/\/groupflorence.com\/sv\/\",\"logo\":{\"@type\":\"ImageObject\",\"inLanguage\":\"en-US\",\"@id\":\"https:\/\/groupflorence.com\/sv\/#\/schema\/logo\/image\/\",\"url\":\"https:\/\/groupflorence.com\/en\/wp-content\/uploads\/2021\/01\/gf-logotype-transparent-miniversion.png\",\"contentUrl\":\"https:\/\/groupflorence.com\/en\/wp-content\/uploads\/2021\/01\/gf-logotype-transparent-miniversion.png\",\"width\":245,\"height\":55,\"caption\":\"Group Florence Nightingale Hospitals\"},\"image\":{\"@id\":\"https:\/\/groupflorence.com\/sv\/#\/schema\/logo\/image\/\"},\"sameAs\":[\"https:\/\/www.facebook.com\/groupflorence\",\"https:\/\/www.instagram.com\/group_florence\/\",\"https:\/\/www.youtube.com\/channel\/UC_nlE9Up7N9T68unmJYEnfg\"]}]}<\/script>\n<!-- \/ Yoast SEO plugin. -->","yoast_head_json":{"title":"Our History - Group Florence Nightingale Hospitals","robots":{"index":"index","follow":"follow","max-snippet":"max-snippet:-1","max-image-preview":"max-image-preview:large","max-video-preview":"max-video-preview:-1"},"canonical":"https:\/\/groupflorence.com\/sv\/why-choose-us\/our-history\/","og_locale":"en_US","og_type":"article","og_title":"Our History - Group Florence Nightingale Hospitals","og_url":"https:\/\/groupflorence.com\/sv\/why-choose-us\/our-history\/","og_site_name":"Group Florence Nightingale Hospitals","article_publisher":"https:\/\/www.facebook.com\/groupflorence","article_modified_time":"2022-12-05T07:27:47+00:00","twitter_card":"summary_large_image","twitter_misc":{"Est. reading time":"5 minutes"},"schema":{"@context":"https:\/\/schema.org","@graph":[{"@type":"WebPage","@id":"https:\/\/groupflorence.com\/sv\/why-choose-us\/our-history\/","url":"https:\/\/groupflorence.com\/sv\/why-choose-us\/our-history\/","name":"Our History - Group Florence Nightingale Hospitals","isPartOf":{"@id":"https:\/\/groupflorence.com\/sv\/#website"},"datePublished":"2020-08-12T18:24:07+00:00","dateModified":"2022-12-05T07:27:47+00:00","breadcrumb":{"@id":"https:\/\/groupflorence.com\/sv\/why-choose-us\/our-history\/#breadcrumb"},"inLanguage":"en-US","potentialAction":[{"@type":"ReadAction","target":["https:\/\/groupflorence.com\/sv\/why-choose-us\/our-history\/"]}]},{"@type":"BreadcrumbList","@id":"https:\/\/groupflorence.com\/sv\/why-choose-us\/our-history\/#breadcrumb","itemListElement":[{"@type":"ListItem","position":1,"name":"Home","item":"https:\/\/groupflorence.com\/sv\/"},{"@type":"ListItem","position":2,"name":"Why Choose Us","item":"https:\/\/groupflorence.com\/sv\/why-choose-us\/"},{"@type":"ListItem","position":3,"name":"Our History"}]},{"@type":"WebSite","@id":"https:\/\/groupflorence.com\/sv\/#website","url":"https:\/\/groupflorence.com\/sv\/","name":"Group Florence Nightingale Hospitals","description":"","publisher":{"@id":"https:\/\/groupflorence.com\/sv\/#organization"},"potentialAction":[{"@type":"SearchAction","target":{"@type":"EntryPoint","urlTemplate":"https:\/\/groupflorence.com\/sv\/?s={search_term_string}"},"query-input":"required name=search_term_string"}],"inLanguage":"en-US"},{"@type":"Organization","@id":"https:\/\/groupflorence.com\/sv\/#organization","name":"Group Florence Nightingale Hospitals","url":"https:\/\/groupflorence.com\/sv\/","logo":{"@type":"ImageObject","inLanguage":"en-US","@id":"https:\/\/groupflorence.com\/sv\/#\/schema\/logo\/image\/","url":"https:\/\/groupflorence.com\/en\/wp-content\/uploads\/2021\/01\/gf-logotype-transparent-miniversion.png","contentUrl":"https:\/\/groupflorence.com\/en\/wp-content\/uploads\/2021\/01\/gf-logotype-transparent-miniversion.png","width":245,"height":55,"caption":"Group Florence Nightingale Hospitals"},"image":{"@id":"https:\/\/groupflorence.com\/sv\/#\/schema\/logo\/image\/"},"sameAs":["https:\/\/www.facebook.com\/groupflorence","https:\/\/www.instagram.com\/group_florence\/","https:\/\/www.youtube.com\/channel\/UC_nlE9Up7N9T68unmJYEnfg"]}]}},"_links":{"self":[{"href":"https:\/\/groupflorence.com\/sv\/wp-json\/wp\/v2\/pages\/2047","targetHints":{"allow":["GET"]}}],"collection":[{"href":"https:\/\/groupflorence.com\/sv\/wp-json\/wp\/v2\/pages"}],"about":[{"href":"https:\/\/groupflorence.com\/sv\/wp-json\/wp\/v2\/types\/page"}],"author":[{"embeddable":true,"href":"https:\/\/groupflorence.com\/sv\/wp-json\/wp\/v2\/users\/1"}],"replies":[{"embeddable":true,"href":"https:\/\/groupflorence.com\/sv\/wp-json\/wp\/v2\/comments?post=2047"}],"version-history":[{"count":3,"href":"https:\/\/groupflorence.com\/sv\/wp-json\/wp\/v2\/pages\/2047\/revisions"}],"predecessor-version":[{"id":6730,"href":"https:\/\/groupflorence.com\/sv\/wp-json\/wp\/v2\/pages\/2047\/revisions\/6730"}],"up":[{"embeddable":true,"href":"https:\/\/groupflorence.com\/sv\/wp-json\/wp\/v2\/pages\/2548"}],"wp:attachment":[{"href":"https:\/\/groupflorence.com\/sv\/wp-json\/wp\/v2\/media?parent=2047"}],"curies":[{"name":"wp","href":"https:\/\/api.w.org\/{rel}","templated":true}]}}