{"id":5566,"date":"2020-11-09T15:41:48","date_gmt":"2020-11-09T12:41:48","guid":{"rendered":"https:\/\/groupflorence.com\/ro\/?page_id=5566"},"modified":"2020-12-17T12:34:45","modified_gmt":"2020-12-17T09:34:45","slug":"terms-of-use","status":"publish","type":"page","link":"https:\/\/groupflorence.com\/ro\/terms-of-use\/","title":{"rendered":"Termeni de utilizare"},"content":{"rendered":"<section id=\"bt_section69eb92467378c\"  class=\"boldSection gutter\" ><div class=\"port\"><div class=\"boldCell\"><div class=\"boldCellInner\"><div class=\"boldRow  \" ><div class=\"boldRowInner\"><div class=\"rowItem col-md-12 col-ms-12  btTextLeft\"  ><div class=\"rowItemContent\" ><div class=\"btClear btSeparator topSmallSpaced bottomSmallSpaced noBorder\" ><hr><\/div><header class=\"header btClear large  btNormalDash\" ><div class=\"dash\"><h2><span class=\"headline\"><b class=\"animate\">Condi\u021bii de utilizare<\/b><\/span><\/h2><\/div><\/header><div class=\"btClear btSeparator topSmallSpaced bottomSmallSpaced noBorder\" ><hr><\/div><div class=\"btText\" ><\/p>\n<h3>Generale<\/h3>\n<p>Viziunea Grupului Florence Nightingale este de a fi una dintre cele mai importante facilit\u0103\u021bi medicale \u0219i de formare din \u00eentreaga regiune. Legat de viziune este o viziune web; Site-ul \u0219i serviciile Grupului Florence Nightingale sunt un instrument strategic important pentru eficacitatea Grupului Florence Nightingale \u0219i dezvoltarea viitoare a Grupului Florence Nightingale.<\/p>\n<p>Grupul Florence Nightingale de\u0163ine site-ul www.groupflorence.com. Pute\u021bi accesa \u0219i utiliza acest site (\u201eSite-ul web al Grupului Florence Nightingale\u201d) dac\u0103 sunte\u021bi de acord s\u0103 respecta\u021bi termenii prezenta\u021bi mai jos \u0219i contextul juridic prezentat \u00een linkul \u201eLEGAL\u201d de pe acest site web. Dac\u0103 nu sunte\u021bi de acord s\u0103 respecta\u021bi ace\u0219ti termeni, v\u0103 rug\u0103m s\u0103 nu accesa\u021bi \u0219i\/sau s\u0103 utiliza\u021bi site-ul web al Grupului Florence Nightingale.<\/p>\n<p>Este posibil s\u0103 modific\u0103m site-ul web al Grupului Florence Nightingale, inclusiv ace\u0219ti termeni, \u00een orice moment.<\/p>\n<h3>Contextul informa\u0163iilor medicale pe site-ul Grupului Florence Nightingale<\/h3>\n<p>Site-ul Grupului Florence Nightingale ofer\u0103 informa\u021bii medicale pentru a fi utilizate ca informa\u021bii sau \u00een scopuri educa\u021bionale. Nu garant\u0103m c\u0103 informa\u021biile pe care le furniz\u0103m vor \u00eendeplini cerin\u021bele dumneavoastr\u0103 de s\u0103n\u0103tate sau de s\u0103n\u0103tate. Depinde de dumneavoastr\u0103 s\u0103 contacta\u021bi un profesionist din domeniul s\u0103n\u0103t\u0103\u021bii dac\u0103 sunte\u021bi preocupat de s\u0103n\u0103tatea dumneavoastr\u0103: site-ul Grupului Florence Nightingale nu este conceput ca un substitut sau \u00eenlocuitor pentru a solicita sfatul medicului de la un expert medical instruit la unul dintre spitalele Grupului Florence Nightingale.<\/p>\n<p>Site-ul Grupului Florence Nightingale nu ofer\u0103 sfaturi medicale \u00een leg\u0103tur\u0103 cu niciun caz individual sau pacient, nici site-ul Grupului Florence Nightingale nu ofer\u0103 servicii medicale sau de diagnosticare.<\/p>\n<p>Dac\u0103 sunte\u021bi un medic sau un profesionist \u00een domeniul s\u0103n\u0103t\u0103\u021bii, atunci sunte\u021bi \u00eencurajat s\u0103 utiliza\u021bi site-ul web al Grupului Florence Nightingale \u00een scopuri de informare general\u0103. Cu toate acestea, nu trebuie s\u0103 v\u0103 baza\u021bi pe materialele incluse pe site-ul web al Grupului Florence Nightingale, iar noi nu accept\u0103m nicio responsabilitate dac\u0103 o face\u021bi.<\/p>\n<h3>Utilizarea datelor de contact<\/h3>\n<p>Dac\u0103 transmite\u0163i orice informa\u0163ii de contact pe site-ul web al Grupului Florence Nightingale, aceste date pot fi utilizate de Grupul Florence Nightingale \u00een scopuri de marketing.<\/p>\n<p>Site-uri ale ter\u021bilor<br \/>\nNu monitoriz\u0103m con\u021binutul site-urilor web ale unor ter\u021be p\u0103r\u021bi. Orice link furnizat pe site-ul Grupului Florence Nightingale este exclusiv pentru confortul dumneavoastr\u0103. Nu ne asum\u0103m nicio responsabilitate pentru niciun site web ter\u021b.<\/p>\n<h3>Terminare<\/h3>\n<p>\u00cen m\u0103sura \u00een care suntem practic capabili s\u0103 facem acest lucru, este posibil s\u0103 v\u0103 anul\u0103m accesul la orice parte a site-ului web al Grupului Florence Nightingale \u00een orice moment, f\u0103r\u0103 notificare prealabil\u0103, dac\u0103 \u00eenc\u0103lca\u021bi oricare dintre termeni.<\/p>\n<h3>Drepturile de proprietate intelectual\u0103<\/h3>\n<p>Pentru uz necomercial, inclusiv pentru uz personal, sau pentru utilizarea de c\u0103tre o organiza\u021bie de caritate \u00eenregistrat\u0103, o organiza\u021bie non-profit sau un organism din sectorul public, pute\u021bi copia, desc\u0103rca, adapta sau imprima copii ale materialelor, informa\u021biilor, datelor \u0219i altor con\u021binuturi incluse pe site-ul web al Grupului Florence Nightingale. Va trebui s\u0103 ob\u0163ine\u0163i permisiunea \u00een scris de la noi \u00eenainte de a utiliza orice alt\u0103 utilizare a con\u0163inutului site-ului Grupului Florence Nightingale.<\/p>\n<p>Drepturile asupra imaginilor, m\u0103rcilor comerciale, denumirilor comerciale, logourilor incluse pe site-ul web al Grupului Florence Nightingale sunt de\u021binute de noi \u0219i\/sau de ter\u021be p\u0103r\u021bi. Va trebui s\u0103 ob\u021bine\u021bi permisiunea \u00een scris de la proprietar \u00eenainte de a putea utiliza aceste imagini, m\u0103rci comerciale, denumiri comerciale, logo-uri \u00een orice fel.<\/p>\n<p>Videoclipurile \u0219i instrumentele interactive ale site-ului Grupului Florence Nightingale sunt puse la dispozi\u021bie pentru a \u00eencorpora pe alte site-uri web de c\u0103tre Grupul Florence Nightingale, ac\u021bion\u00e2nd prin intermediul site-ului Grupului Florence Nightingale. Prin utilizarea codurilor de \u00eencorporare pentru videoclipurile \u0219i instrumentele site-ului Group Florence Nightingale accepta\u021bi \u0219i sunte\u021bi de acord cu urm\u0103torii termeni:<\/p>\n<ol>\n<li>Nu trebuie s\u0103 modifica\u021bi, s\u0103 adapta\u021bi, s\u0103 edita\u021bi, s\u0103 \u00eencorpora\u021bi, s\u0103 modifica\u021bi sau s\u0103 traduce\u021bi videoclipul sau instrumentul \u00een niciun fel.<\/li>\n<li>Nu trebuie s\u0103 modifica\u0163i, s\u0103 adapta\u0163i, s\u0103 edita\u0163i, s\u0103 modifica\u0163i sau s\u0103 elimina\u0163i brandingul site-ului Group Florence Nightingale.<\/li>\n<li>Nu trebuie s\u0103 utiliza\u021bi videoclipul sau instrumentul \u00een scopuri care sunt ilegale, derogatorii sau altfel inacceptabile sau care aduc site-ul Grupului Florence Nightingale sau orice ter\u021b\u0103 parte \u00een dizreputa\u021bie.<\/li>\n<li>Nu ave\u021bi dreptul s\u0103 taxa\u021bi indirect sau direct utilizatorii \u00een mod specific pentru accesarea videoclipului sau a instrumentului sau s\u0103 comercializa\u021bi \u00een alt mod astfel de con\u021binut \u0219i nici s\u0103 \u00eencerca\u021bi s\u0103 revinde\u021bi con\u021binutul site-ului Grupului Florence Nightingale \u00een niciun fel.<\/li>\n<li>Nu pute\u021bi sugera \u00een mod direct sau indirect orice aprobare sau aprobare de c\u0103tre site-ul Grupului Florence Nightingale a site-ului dvs. sau orice entitate non&#8211; Group Florence Nightingale site-ul, produs sau con\u021binut sau orice opinii exprimate \u00een site-ul sau serviciul dvs.<\/li>\n<li>Site-ul Grupului Florence Nightingale are control editorial absolut asupra tuturor videoclipurilor \u0219i instrumentelor site-ului Grupului Florence Nightingale.<\/li>\n<li>Ar trebui s\u0103 re\u00eemprosp\u0103ta\u021bi con\u021binutul memorat \u00een cache la fiecare 24 de ore pentru a v\u0103 asigura c\u0103 ave\u021bi cea mai actualizat\u0103 versiune.<\/li>\n<li>Site-ul web al Grupului Florence Nightingale \u00ee\u0219i rezerv\u0103 dreptul de a modifica, adapta, edita, modifica sau restric\u021biona disponibilitatea videoclipurilor pentru a fi utilizate pe site-uri ter\u021be.<\/li>\n<\/ol>\n<p>Ace\u0219ti termeni pot fi actualiza\u021bi periodic de site-ul web al Grupului Florence Nightingale. V\u0103 rug\u0103m s\u0103 le examina\u021bi de fiecare dat\u0103 c\u00e2nd ob\u021bine\u021bi noul cod de \u00eencorporare a grupului Florence Nightingale.<\/p>\n<p>Toate titlurile, drepturile de proprietate \u0219i drepturile de proprietate intelectual\u0103 \u00een \u0219i la pagina web a Grupului Florence Nightingale vor r\u0103m\u00e2ne proprietatea Grupului Florence Nightingale.<\/p>\n<h3>R\u0103spundere<\/h3>\n<p>Excludem orice responsabilitate fa\u0163\u0103 de dumneavoastr\u0103 \u00een cazul \u00een care site-ul Grupului Florence Nightingale nu este disponibil la un moment dat.<\/p>\n<p>Nu ne asum\u0103m nicio r\u0103spundere fa\u021b\u0103 de dvs. pentru oricare dintre urm\u0103toarele tipuri de pierderi sau daune (pe care le pute\u021bi suferi ca urmare a utiliz\u0103rii site-ului Grupului Florence Nightingale) dac\u0103 pierderile au fost prev\u0103zute, previzibile, neprev\u0103zute, imprevizibile, cunoscute, necunoscute sau altfel:<\/p>\n<ul>\n<li>pierderea care a ap\u0103rut atunci c\u00e2nd a\u021bi accesat sau \u00eenregistrat pentru prima dat\u0103 pentru a utiliza site-ul web al Grupului Florence Nightingale (chiar dac\u0103 aceast\u0103 pierdere rezult\u0103 din nerespectarea acestor termeni sau din neglijen\u021ba noastr\u0103);<\/li>\n<li>orice pierdere de afaceri pe care o pute\u021bi suferi, inclusiv pierderea veniturilor, pierderea profiturilor sau pierderea economiilor anticipate (indiferent dac\u0103 aceste pierderi sunt rezultatul direct sau indirect al ne\u00eendeplinirii obliga\u021biilor noastre);<\/li>\n<li>pierderea pe care o suferi\u021bi, alta dec\u00e2t ca urmare a nerespect\u0103rii acestor termeni sau a neglijen\u021bei noastre sau a \u00eenc\u0103lc\u0103rii obliga\u021biilor legale;<\/li>\n<li>orice pierdere suferit\u0103 ca urmare a ne\u00eendeplinirii obliga\u021biilor de plat\u0103 a oric\u0103rei p\u0103r\u021bi \u00een afar\u0103 de noi.<\/li>\n<\/ul>\n<p>Nu garant\u0103m c\u0103 site-ul web al Grupului Florence Nightingale sau orice con\u021binut va fi disponibil ne\u00eentrerupt sau f\u0103r\u0103 erori, c\u0103 defectele vor fi corectate sau c\u0103 site-ul Grupului Florence Nightingale sau sistemele sale de sprijin nu con\u021bin viru\u0219i sau bug-uri.<\/p>\n<p>Nu ne asum\u0103m nicio r\u0103spundere fa\u021b\u0103 de dumneavoastr\u0103 dac\u0103 e\u0219u\u0103m sau suntem \u00eentrerupe\u021bi sau \u00eent\u00e2rzia\u021bi \u00een \u00eendeplinirea oric\u0103rei obliga\u021bii din cauza:<\/p>\n<ul>\n<li>indisponibilitatea sau defectarea oric\u0103ror servicii, sisteme, echipamente sau software de telecomunica\u021bii sau informatice operate sau furnizate de dvs. sau de orice ter\u021b\u0103 parte;<\/li>\n<li>orice alt eveniment care nu se afl\u0103 \u00een mod rezonabil sub controlul nostru.<\/li>\n<\/ul>\n<p>Nu ne asum\u0103m angajamente \u0219i nu ne asum\u0103m nicio r\u0103spundere fa\u021b\u0103 de dvs. \u00een ceea ce prive\u0219te con\u021binutul site-ului Group Florence Nightingale furnizat de al\u021bi utilizatori ai site-ului sau de ter\u021be p\u0103r\u021bi.<\/p>\n<h3>jurisdic\u021bia<\/h3>\n<p>\u00cen cazul \u00een care oricare dintre ace\u0219ti termeni este considerat\u0103 ilegal\u0103, invalid\u0103 sau inaplicabil\u0103 \u00een alt mod, atunci termenii r\u0103ma\u0219i r\u0103m\u00e2n \u00een vigoare.<\/p>\n<p>Ace\u0219ti termeni sunt guverna\u021bi \u0219i interpreta\u021bi \u00een conformitate cu legisla\u021bia Republicii Turcia.<\/p>\n<p>\n<\/div><\/div><\/div><\/div><\/div><\/div><\/div><\/div><\/section>\n","protected":false},"excerpt":{"rendered":"","protected":false},"author":1,"featured_media":0,"parent":0,"menu_order":0,"comment_status":"closed","ping_status":"closed","template":"","meta":{"footnotes":""},"class_list":["post-5566","page","type-page","status-publish","hentry"],"_links":{"self":[{"href":"https:\/\/groupflorence.com\/ro\/wp-json\/wp\/v2\/pages\/5566","targetHints":{"allow":["GET"]}}],"collection":[{"href":"https:\/\/groupflorence.com\/ro\/wp-json\/wp\/v2\/pages"}],"about":[{"href":"https:\/\/groupflorence.com\/ro\/wp-json\/wp\/v2\/types\/page"}],"author":[{"embeddable":true,"href":"https:\/\/groupflorence.com\/ro\/wp-json\/wp\/v2\/users\/1"}],"replies":[{"embeddable":true,"href":"https:\/\/groupflorence.com\/ro\/wp-json\/wp\/v2\/comments?post=5566"}],"version-history":[{"count":6,"href":"https:\/\/groupflorence.com\/ro\/wp-json\/wp\/v2\/pages\/5566\/revisions"}],"predecessor-version":[{"id":6209,"href":"https:\/\/groupflorence.com\/ro\/wp-json\/wp\/v2\/pages\/5566\/revisions\/6209"}],"wp:attachment":[{"href":"https:\/\/groupflorence.com\/ro\/wp-json\/wp\/v2\/media?parent=5566"}],"curies":[{"name":"wp","href":"https:\/\/api.w.org\/{rel}","templated":true}]}}