{"id":5408,"date":"2020-11-05T04:09:01","date_gmt":"2020-11-05T01:09:01","guid":{"rendered":"https:\/\/groupflorence.com\/ro\/?page_id=5408"},"modified":"2020-11-05T06:38:55","modified_gmt":"2020-11-05T03:38:55","slug":"hair-transplant","status":"publish","type":"page","link":"https:\/\/groupflorence.com\/ro\/hair-transplant\/","title":{"rendered":"Hair Transplant"},"content":{"rendered":"<p><section id=\"bt_section69f38cd738187\"  class=\"boldSection gutter\" ><div class=\"port\"><div class=\"boldCell\"><div class=\"boldCellInner\"><div class=\"boldRow  \" ><div class=\"boldRowInner\"><div class=\"rowItem col-md-12 col-ms-12  btTextCenter inherit\"  ><div class=\"rowItemContent\" ><div class=\"btClear btSeparator topSemiSpaced noBorder\" ><hr><\/div><header class=\"header btClear large btDash bottomDash  btAccentDash\" ><div class=\"dash\"><h2><span class=\"headline\"><b class=\"animate\">Hair Transplant<\/b><\/span><\/h2><\/div><\/header><div class=\"btClear btSeparator topSpaced noBorder\" ><hr><\/div><\/div><\/div><\/div><\/div><\/div><\/div><\/div><\/section><section id=\"bt_section69f38cd738472\"  class=\"boldSection gutter\" ><div class=\"port\"><div class=\"boldCell\"><div class=\"boldCellInner\"><div class=\"boldRow  \" ><div class=\"boldRowInner\"><div class=\"rowItem col-md-6 col-sm-12 btTextCenter btMiddleVertical btDoublePadding\"  ><div class=\"rowItemContent\" ><header class=\"header btClear large  btAccentDash\" ><div class=\"dash\"><h2><span class=\"headline\"><b class=\"animate\">Package<\/b><\/span><\/h2><\/div><\/header><div class=\"btClear btSeparator topSmallSpaced noBorder\" ><hr><\/div><header class=\"header btClear medium btDash bottomDash  btAccentDash\" ><div class=\"dash\"><h3><span class=\"headline\"><em>Hair Transplantation<\/em><\/span><\/h3><\/div><\/header><div class=\"btClear btSeparator topExtraSmallSpaced noBorder\" ><hr><\/div><header class=\"header btClear medium btDash bottomDash  btAccentDash\" ><div class=\"dash\"><h3><span class=\"headline\"><em>PRP Treatment<\/em><\/span><\/h3><\/div><\/header><div class=\"btClear btSeparator topExtraSmallSpaced noBorder\" ><hr><\/div><header class=\"header btClear medium btDash bottomDash  btAccentDash\" ><div class=\"dash\"><h3><span class=\"headline\"><em> Transportation <\/em><\/span><\/h3><\/div><\/header><div class=\"btClear btSeparator topExtraSmallSpaced noBorder\" ><hr><\/div><header class=\"header btClear medium btDash bottomDash  btAccentDash\" ><div class=\"dash\"><h3><span class=\"headline\"><em>Free doctor consultation<\/em><\/span><\/h3><\/div><\/header><div class=\"btClear btSeparator topExtraSmallSpaced noBorder\" ><hr><\/div><header class=\"header btClear medium btDash bottomDash  btAccentDash\" ><div class=\"dash\"><h3><span class=\"headline\"><em>Interpreter<\/em><\/span><\/h3><\/div><\/header><div class=\"btClear btSeparator topExtraSmallSpaced noBorder\" ><hr><\/div><header class=\"header btClear medium btDash bottomDash  btAccentDash\" ><div class=\"dash\"><h3><span class=\"headline\"><em>Medications for post operation<\/em><\/span><\/h3><\/div><\/header><\/div><\/div><div class=\"rowItem col-md-6 col-sm-12 btTextLeft btMiddleVertical btDoublePadding\"  ><div class=\"rowItemContent\" ><div class=\"bpgPhoto btTextCenter\"  style=\"border-radius: 12px;\"><div class=\"btImage\"><img decoding=\"async\" src=\"\" alt=\"\" title=\"\"><\/div><\/div><\/div><\/div><\/div><\/div><div class=\"boldRow  \" ><div class=\"boldRowInner\"><div class=\"rowItem col-md-12 col-ms-12  btTextLeft\"  ><div class=\"rowItemContent\" ><div class=\"btClear btSeparator topSpaced noBorder\" ><hr><\/div><\/div><\/div><\/div><\/div><\/div><\/div><\/div><\/section><section id=\"bt_section69f38cd738eda\"  class=\"boldSection gutter inherit\" style=\"background-color:#f7f7f7;\"><div class=\"port\"><div class=\"boldCell\"><div class=\"boldCellInner\"><div class=\"boldRow  \" ><div class=\"boldRowInner\"><div class=\"rowItem col-md-12 col-ms-12  btTextLeft\"  ><div class=\"rowItemContent\" ><div class=\"btClear btSeparator topSpaced noBorder\" ><hr><\/div><\/div><\/div><\/div><\/div><div class=\"boldRow  \" ><div class=\"boldRowInner\"><div class=\"rowItem btRightBorder col-md-3 col-sm-6 col-ms-12 btTextCenter inherit btDoublePadding\"  ><div class=\"rowItemContent\" ><div class=\"boldRow boldInnerRow  bt_bb_hidden_lg\" ><div class=\"rowItem rowInnerItem col-md-12  btTextLeft inherit\" style=\"background-color: rgba(221, 33, 33, 1);\" ><div class=\"rowItemContent\"><div class=\"btText\" ><\/p>\n<h3 style=\"text-align: center;\"><span style=\"color: #ffffff;\">Contracted Accommodation<\/span><\/h3>\n<p>\n<\/div><\/div><\/div><\/div><header class=\"header btClear medium btDash bottomDash  btAccentDash\" ><div class=\"dash\"><h3><span class=\"headline\"><em>Contracted Accommodation<\/em><\/span><\/h3><\/div><\/header><div class=\"btClear btSeparator topSmallSpaced noBorder\" ><hr><\/div><div class=\"btText\" ><\/p>\n<p>Ramada \u015ei\u015fli<br \/>\nMari Suite<br \/>\nGrand Cevahir Otel<br \/>\nMariott<br \/>\nRadisson Blu \u015ei\u015fli<br \/>\nHoliday Inn \u015ei\u015fli<br \/>\nThe Marmara \u015ei\u015fli<br \/>\nTitanic Taksim<br \/>\nHilton Conrad<br \/>\nS\u00fcrmeli Otel<br \/>\nTitanic Comfort \u015ei\u015fli<br \/>\nDivan City<br \/>\nHilton Istanbul Bomonti<br \/>\nDouble Tree By Hilton<br \/>\nPoint Otel Barbaros<br \/>\nSwiss Otel<br \/>\nThe Ritz Clarton<br \/>\n\u00c7\u0131ra\u011fan Palace Kempinski<br \/>\nShangri-La<\/p>\n<p>\n<\/div><\/div><\/div><div class=\"rowItem btRightBorder col-md-3 col-sm-6 col-ms-12 btTextCenter inherit btDoublePadding\"  ><div class=\"rowItemContent\" ><div class=\"boldRow boldInnerRow  bt_bb_hidden_lg\" ><div class=\"rowItem rowInnerItem col-md-12  btTextLeft inherit\" style=\"background-color: rgba(221, 33, 33, 1);\" ><div class=\"rowItemContent\"><div class=\"btText\" ><\/p>\n<h3 style=\"text-align: center;\"><span style=\"color: #ffffff;\">Contracted Accommodation<\/span><\/h3>\n<p>\n<\/div><\/div><\/div><\/div><header class=\"header btClear medium btDash bottomDash  btAccentDash\" ><div class=\"dash\"><h3><span class=\"headline\"><em>Package Includes<\/em><\/span><\/h3><\/div><\/header><div class=\"btClear btSeparator topSmallSpaced noBorder\" ><hr><\/div><div class=\"btText\" ><\/p>\n<p>Hair Transplantation<br \/>\nPRP Treatment<br \/>\nTransportation<br \/>\nFree doctor consultation<br \/>\nInterpreter<br \/>\nMedications for post operation<\/p>\n<p>\n<\/div><\/div><\/div><div class=\"rowItem btRightBorder col-md-3 col-sm-6 col-ms-12 btTextCenter inherit btDoublePadding\"  ><div class=\"rowItemContent\" ><div class=\"boldRow boldInnerRow  bt_bb_hidden_lg\" ><div class=\"rowItem rowInnerItem col-md-12  btTextLeft inherit\" style=\"background-color: rgba(221, 33, 33, 1);\" ><div class=\"rowItemContent\"><div class=\"btText\" ><\/p>\n<h3 style=\"text-align: center;\"><span style=\"color: #ffffff;\">Contracted Accommodation<\/span><\/h3>\n<p>\n<\/div><\/div><\/div><\/div><header class=\"header btClear medium btDash bottomDash  btAccentDash\" ><div class=\"dash\"><h3><span class=\"headline\"><em>4 Day Treatment Plan<\/em><\/span><\/h3><\/div><\/header><div class=\"btClear btSeparator topSmallSpaced noBorder\" ><hr><\/div><div class=\"btText\" ><\/p>\n<p>1. Allocate a minimum of 2 or 3 days for hair transplant and plan the date.<\/p>\n<p>2. Buy your flight tickets to Istanbul.<\/p>\n<p>3. Email your flight tickets to\u00a0 <a href=\"mailto:info@groupflorence.co.uk\">info@groupflorence.co.uk<\/a><\/p>\n<p>\n<\/div><\/div><\/div><div class=\"rowItem btRightBorder col-md-3 col-sm-6 col-ms-12 btTextCenter inherit btDoublePadding\"  ><div class=\"rowItemContent\" ><div class=\"boldRow boldInnerRow  bt_bb_hidden_lg\" ><div class=\"rowItem rowInnerItem col-md-12  btTextLeft inherit\" style=\"background-color: rgba(221, 33, 33, 1);\" ><div class=\"rowItemContent\"><div class=\"btText\" ><\/p>\n<h3 style=\"text-align: center;\"><span style=\"color: #ffffff;\">Contracted Accommodation<\/span><\/h3>\n<p>\n<\/div><\/div><\/div><\/div><header class=\"header btClear medium btDash bottomDash  btAccentDash\" ><div class=\"dash\"><h3><span class=\"headline\"><em>Hair Treatment Package<\/em><\/span><\/h3><\/div><\/header><div class=\"btClear btSeparator topSmallSpaced noBorder\" ><hr><\/div><div class=\"btText\" ><\/p>\n<p><strong>Day 1:<\/strong> Arrival<\/p>\n<p><strong>Day 2:<\/strong> Hair Transplant<\/p>\n<p><strong>Day 3:<\/strong> Rest Day<\/p>\n<p><strong>Day 4:<\/strong> Follow up &amp; Consultaion \u2013 Hair Wash &amp; Departure<\/p>\n<p>\n<\/div><\/div><\/div><\/div><\/div><div class=\"boldRow  \" ><div class=\"boldRowInner\"><div class=\"rowItem col-md-12 col-ms-12  btTextLeft\"  ><div class=\"rowItemContent\" ><div class=\"btClear btSeparator topSpaced noBorder\" ><hr><\/div><\/div><\/div><\/div><\/div><\/div><\/div><\/div><\/section><section id=\"bt_section69f38cd739d80\"  class=\"boldSection gutter\" ><div class=\"port\"><div class=\"boldCell\"><div class=\"boldCellInner\"><div class=\"boldRow  \" ><div class=\"boldRowInner\"><div class=\"rowItem col-md-12 col-ms-12  btTextLeft\"  ><div class=\"rowItemContent\" ><div class=\"btClear btSeparator topSemiSpaced noBorder\" ><hr><\/div><\/div><\/div><\/div><\/div><div class=\"boldRow  \" ><div class=\"boldRowInner\"><div class=\"rowItem btRightBorder col-md-4 col-ms-12 btTextCenter inherit btDoublePadding\"  ><div class=\"rowItemContent\" ><div class=\"boldRow boldInnerRow  \" ><div class=\"rowItem rowInnerItem col-md-12  btTextLeft inherit\" style=\"background-color: rgba(221, 33, 33, 1);\" ><div class=\"rowItemContent\"><div class=\"btText\" ><\/p>\n<h3 style=\"text-align: center;\"><span style=\"color: #ffffff;\">FUE<\/span><\/h3>\n<p>\n<\/div><\/div><\/div><\/div><header class=\"header btClear medium  btNormalDash\" ><div class=\"dash\"><h3><span class=\"headline\"><em>Maximum 4500 grafts<\/em><\/span><\/h3><\/div><\/header><\/div><\/div><div class=\"rowItem btRightBorder col-md-4 col-ms-12 btTextCenter inherit btDoublePadding\"  ><div class=\"rowItemContent\" ><div class=\"boldRow boldInnerRow  \" ><div class=\"rowItem rowInnerItem col-md-12  btTextLeft inherit\" style=\"background-color: rgba(221, 33, 33, 1);\" ><div class=\"rowItemContent\"><div class=\"btText\" ><\/p>\n<h3 style=\"text-align: center;\"><span style=\"color: #ffffff;\">London Florence<\/span><\/h3>\n<p>\n<\/div><\/div><\/div><\/div><header class=\"header btClear medium  btNormalDash\" ><div class=\"dash\"><h3><span class=\"headline\"><em>From: \u00a3 1,290<\/em><\/span><\/h3><\/div><\/header><\/div><\/div><div class=\"rowItem col-md-4 col-ms-12 btTextCenter inherit btDoublePadding\"  ><div class=\"rowItemContent\" ><div class=\"boldRow boldInnerRow  \" ><div class=\"rowItem rowInnerItem col-md-12  btTextLeft inherit\" style=\"background-color: rgba(221, 33, 33, 1);\" ><div class=\"rowItemContent\"><div class=\"btText\" ><\/p>\n<h3 style=\"text-align: center;\"><span style=\"color: #ffffff;\">Typical UK Price<\/span><\/h3>\n<p>\n<\/div><\/div><\/div><\/div><header class=\"header btClear medium  btNormalDash\" ><div class=\"dash\"><h3><span class=\"headline\"><em>From: \u00a3 5,500<\/em><\/span><\/h3><\/div><\/header><\/div><\/div><\/div><\/div><div class=\"boldRow  \" ><div class=\"boldRowInner\"><div class=\"rowItem col-md-12 col-ms-12  btTextLeft\"  ><div class=\"rowItemContent\" ><div class=\"btClear btSeparator topSemiSpaced noBorder\" ><hr><\/div><\/div><\/div><\/div><\/div><div class=\"boldRow  \" ><div class=\"boldRowInner\"><div class=\"rowItem btRightBorder col-md-4 col-ms-12 btTextCenter inherit btDoublePadding\"  ><div class=\"rowItemContent\" ><div class=\"boldRow boldInnerRow  \" ><div class=\"rowItem rowInnerItem col-md-12  btTextLeft inherit\" style=\"background-color: rgba(221, 33, 33, 1);\" ><div class=\"rowItemContent\"><div class=\"btText\" ><\/p>\n<h3 style=\"text-align: center;\"><span style=\"color: #ffffff;\">Implanter Pen<\/span><\/h3>\n<p>\n<\/div><\/div><\/div><\/div><header class=\"header btClear medium  btNormalDash\" ><div class=\"dash\"><h3><span class=\"headline\"><em>Maximum 3500 grafts<\/em><\/span><\/h3><\/div><\/header><\/div><\/div><div class=\"rowItem btRightBorder col-md-4 col-ms-12 btTextCenter inherit btDoublePadding\"  ><div class=\"rowItemContent\" ><div class=\"boldRow boldInnerRow  \" ><div class=\"rowItem rowInnerItem col-md-12  btTextLeft inherit\" style=\"background-color: rgba(221, 33, 33, 1);\" ><div class=\"rowItemContent\"><div class=\"btText\" ><\/p>\n<h3 style=\"text-align: center;\"><span style=\"color: #ffffff;\">London Florence<\/span><\/h3>\n<p>\n<\/div><\/div><\/div><\/div><header class=\"header btClear medium  btNormalDash\" ><div class=\"dash\"><h3><span class=\"headline\"><em>From: \u00a3 1,800<\/em><\/span><\/h3><\/div><\/header><\/div><\/div><div class=\"rowItem col-md-4 col-ms-12 btTextCenter inherit btDoublePadding\"  ><div class=\"rowItemContent\" ><div class=\"boldRow boldInnerRow  \" ><div class=\"rowItem rowInnerItem col-md-12  btTextLeft inherit\" style=\"background-color: rgba(221, 33, 33, 1);\" ><div class=\"rowItemContent\"><div class=\"btText\" ><\/p>\n<h3 style=\"text-align: center;\"><span style=\"color: #ffffff;\">Typical UK Price<\/span><\/h3>\n<p>\n<\/div><\/div><\/div><\/div><header class=\"header btClear medium  btNormalDash\" ><div class=\"dash\"><h3><span class=\"headline\"><em>From: \u00a3 12,000<\/em><\/span><\/h3><\/div><\/header><\/div><\/div><\/div><\/div><div class=\"boldRow  \" ><div class=\"boldRowInner\"><div class=\"rowItem col-md-12 col-ms-12  btTextLeft\"  ><div class=\"rowItemContent\" ><div class=\"btClear btSeparator topExtraSpaced noBorder\" ><hr><\/div><\/div><\/div><\/div><\/div><\/div><\/div><\/div><\/section><\/p>\n","protected":false},"excerpt":{"rendered":"","protected":false},"author":1,"featured_media":0,"parent":0,"menu_order":0,"comment_status":"closed","ping_status":"closed","template":"","meta":{"footnotes":""},"class_list":["post-5408","page","type-page","status-publish","hentry"],"_links":{"self":[{"href":"https:\/\/groupflorence.com\/ro\/wp-json\/wp\/v2\/pages\/5408","targetHints":{"allow":["GET"]}}],"collection":[{"href":"https:\/\/groupflorence.com\/ro\/wp-json\/wp\/v2\/pages"}],"about":[{"href":"https:\/\/groupflorence.com\/ro\/wp-json\/wp\/v2\/types\/page"}],"author":[{"embeddable":true,"href":"https:\/\/groupflorence.com\/ro\/wp-json\/wp\/v2\/users\/1"}],"replies":[{"embeddable":true,"href":"https:\/\/groupflorence.com\/ro\/wp-json\/wp\/v2\/comments?post=5408"}],"version-history":[{"count":50,"href":"https:\/\/groupflorence.com\/ro\/wp-json\/wp\/v2\/pages\/5408\/revisions"}],"predecessor-version":[{"id":5519,"href":"https:\/\/groupflorence.com\/ro\/wp-json\/wp\/v2\/pages\/5408\/revisions\/5519"}],"wp:attachment":[{"href":"https:\/\/groupflorence.com\/ro\/wp-json\/wp\/v2\/media?parent=5408"}],"curies":[{"name":"wp","href":"https:\/\/api.w.org\/{rel}","templated":true}]}}