{"id":5372,"date":"2020-11-05T02:04:14","date_gmt":"2020-11-04T23:04:14","guid":{"rendered":"https:\/\/groupflorence.com\/ro\/?page_id=5372"},"modified":"2020-12-17T02:32:26","modified_gmt":"2020-12-16T23:32:26","slug":"cosmetic-surgery","status":"publish","type":"page","link":"https:\/\/groupflorence.com\/ro\/group-florence-london\/cosmetic-surgery\/","title":{"rendered":"Chirurgie Plastic\u0103"},"content":{"rendered":"<section id=\"bt_section69ebbead41277\"  class=\"boldSection gutter\" ><div class=\"port\"><div class=\"boldCell\"><div class=\"boldCellInner\"><div class=\"boldRow  \" ><div class=\"boldRowInner\"><div class=\"rowItem col-md-4 col-ms-12 btTextLeft\"  ><div class=\"rowItemContent\" ><div class=\"btClear btSeparator topSpaced noBorder\" ><hr><\/div><div class=\"btCustomMenu treatment-sidebar\" ><div class=\"menu-london-container\"><ul id=\"menu-london\" class=\"menu\"><li id=\"menu-item-5389\" class=\"menu-item menu-item-type-post_type menu-item-object-page menu-item-has-children menu-item-5389\"><a href=\"https:\/\/groupflorence.com\/ro\/group-florence-london\/\">Group Florence London<\/a><ul class=\"sub-menu\"><li id=\"menu-item-5392\" class=\"menu-item menu-item-type-post_type menu-item-object-page menu-item-5392\"><a href=\"https:\/\/groupflorence.com\/ro\/group-florence-london\/beauty-clinic\/\">Clinica de Frumuse\u021be<\/a><\/li><li id=\"menu-item-5391\" class=\"menu-item menu-item-type-post_type menu-item-object-page menu-item-5391\"><a href=\"https:\/\/groupflorence.com\/ro\/group-florence-london\/hair-transplant\/\">Transplant de Par<\/a><\/li><li id=\"menu-item-5390\" class=\"menu-item menu-item-type-post_type menu-item-object-page menu-item-5390\"><a href=\"https:\/\/groupflorence.com\/ro\/group-florence-london\/cosmetic-surgery\/\">Chirurgie Plastic\u0103<\/a><\/li><\/ul><\/li>\n<\/ul><\/div><\/div><div class=\"btClear btSeparator topSemiSpaced noBorder\" ><hr><\/div><div class=\"boldRow boldInnerRow  bt_bb_hidden_xs bt_bb_hidden_ms bt_bb_hidden_sm\" ><div class=\"rowItem rowInnerItem col-md-12  btTextCenter btMiddleVertical\"  ><div class=\"rowItemContent\"><div class=\"bpgPhoto btTextCenter\" > \r\n\t\t\t\t\t<a href=\"https:\/\/groupflorence.com\/ro\/patient-guide\/covid-19-precautions\/\" target=\"_blank\" title=\"\"><\/a>\r\n\t\t\t\t\t<div class=\"boldPhotoBox\"><div class=\"bpbItem\"><div class = \"btImage\"><img decoding=\"async\" src=\"https:\/\/groupflorence.com\/ro\/wp-content\/uploads\/2020\/12\/covid-safe-sidebar-320x186.jpg\" alt=\"\" title=\"\" ><\/div><\/div><\/div>\r\n\t\t\t\t\t<div class=\"captionPane\">\r\n\t\t\t\t\t\t<div class=\"captionTable\">\r\n\t\t\t\t\t\t\t<div class=\"captionCell\">\r\n\t\t\t\t\t\t\t\t<div class=\"captionTxt\"><\/div>\r\n\t\t\t\t\t\t\t<\/div>\r\n\t\t\t\t\t\t<\/div>\r\n\t\t\t\t\t<\/div><\/div><div class=\"btClear btSeparator topSmallSpaced bottomSmallSpaced border\" ><hr><\/div><a href=\"https:\/\/groupflorence.com\/ro\/contact-us\/\" class=\"btBtn btBtn btnFilledStyle btnAccentColor btnBig btnNormalWidth btnLeftPosition btnNoIcon\" ><span class=\"btnInnerText\">Ask A Question<\/span><\/a><\/div><\/div><\/div><\/div><\/div><div class=\"rowItem col-md-8 col-ms-12 btTextLeft\"  ><div class=\"rowItemContent\" ><div class=\"btClear btSeparator topSemiSpaced noBorder\" ><hr><\/div><header class=\"header btClear medium btDash bottomDash  btNormalDash\" ><div class=\"dash\"><h3><span class=\"headline\"><b class=\"animate\">Chirurgie Plastic\u0103<\/b><\/span><\/h3><\/div><\/header><div class=\"btClear btSeparator topExtraSmallSpaced noBorder\" ><hr><\/div><div class=\"btText\" ><\/p>\n<p>Centrul de Chirurgie Plastic\u0103 \u0219i Reconstructiv\u0103 ofer\u0103 standarde de v\u00e2rf \u00een industrie de chirurgie estetic\u0103 cuprinz\u0103toare \u0219i, de asemenea, \u00eembun\u0103t\u0103\u021biri non-chirurgicale, pun\u00e2nd accentul pe \u00eengrijirea personalizat\u0103 a pacientului \u0219i aten\u021bia individual\u0103. Clinica noastra ofera pacientilor cu asistenta medicala de inalta calitate intr-un cadru cald si primitor.<\/p>\n<p>\n<\/div><div class=\"btClear btSeparator topSemiSpaced noBorder\" ><hr><\/div><div class=\"boldRow boldInnerRow  \" ><div class=\"rowItem rowInnerItem col-md-6  btTextCenter btMiddleVertical\"  ><div class=\"rowItemContent\"><div class=\"bpgPhoto btTextCenter\" ><div class=\"btImage\"><img decoding=\"async\" src=\"https:\/\/groupflorence.com\/ro\/wp-content\/uploads\/2020\/11\/Breast-Implants-min.jpg\" alt=\"\" title=\"\"><\/div><\/div><\/div><\/div><div class=\"rowItem rowInnerItem col-md-6  btTextCenter btMiddleVertical\"  ><div class=\"rowItemContent\"><div class=\"btText\" ><\/p>\n<p><strong>M\u0103rirea s\u00e2nilor<\/strong><br \/>\nM\u0103rirea s\u00e2nilor este efectuat\u0103 pentru a compensa dezvoltarea insuficient\u0103 a \u021besutului mamar; fie de la adolescen\u021b\u0103, fie pentru pierderea volumului din motive cum ar fi sarcina, sc\u0103derea \u00een greutate sau modific\u0103rile hormonale. Volumul insuficient poate fi, de asemenea, \u00eenso\u021bit de c\u0103derea s\u00e2nului. Chirurgia de marire a sanilor cu implant poate fi efectuata pentru toate varstele peste 18 ani.<\/p>\n<p>Ast\u0103zi, cea mai utilizat\u0103 \u0219i cea mai sigur\u0103 metod\u0103 de m\u0103rire a s\u00e2nilor este augmentarea cu implanturi. De\u0219i implanturile siliconice sunt cele mai frecvent utilizate, sunt disponibile \u0219i implanturi umplute cu solu\u021bie salin\u0103 sau hidrogel. Cu toate acestea, indiferent de con\u021binut, peretele exterior al tuturor implanturilor este fabricat din silicon. Implanturile siliconice au fost folosite f\u0103r\u0103 probleme de peste 40 de ani de milioane de femei.<\/p>\n<p>Implanturile cele mai utilizate pe scar\u0103 larg\u0103 \u0219i nou\u0103 genera\u021bie de ast\u0103zi sunt implanturile siliconice cu gel de silicon coeziv interior. Noua genera\u021bie de implanturi sunt sigure nu numai \u00een ceea ce prive\u0219te con\u021binutul lor, dar, de asemenea, peretele exterior, care nu provoac\u0103 nici o scurgere. \u00cen spitalele noastre, chirurgii no\u015ftri folosesc cele mai bune implanturi siliconice, Mentor, din SUA.<\/p>\n<p>Opera\u021bia de m\u0103rire a s\u00e2nilor se efectueaz\u0103 sub generalanestezie \u0219i durata interven\u021biei chirurgicale este de 1 p\u00e2n\u0103 la 1,5 ore. \u00cen general, este necesar\u0103 o noapte de spitalizare. Dup\u0103 opera\u021bie, pacientului i se recomand\u0103 s\u0103 poarte sutien sport, care nu include arm\u0103turi metalice.<\/p>\n<p>\n<\/div><\/div><\/div><\/div><div class=\"btClear btSeparator topSemiSpaced noBorder\" ><hr><\/div><div class=\"boldRow boldInnerRow  \" ><div class=\"rowItem rowInnerItem col-md-6  btTextCenter btMiddleVertical\"  ><div class=\"rowItemContent\"><div class=\"btText\" ><\/p>\n<p><strong>RINOPLASTIA<\/strong><br \/>\nRinoplastia, de asemenea, cunoscut sub numele de nas de locuri de munc\u0103 este o interven\u021bie chirurgical\u0103 delicat\u0103 care trebuie s\u0103 abordeze armonia facial\u0103 \u0219i estetica, precum \u0219i c\u0103ile respiratorii nazale fiziologice. De\u0219i sun\u0103 ca o procedur\u0103 standard, nu este. Mai degrab\u0103 o familie de interven\u021bii chirurgicale \u00een func\u021bie de nevoile pacien\u021bilor, cum ar fi:<\/p>\n<p>Sfat Rhioplastie \u00een scopuri estetice (doar v\u00e2rful nasului)<br \/>\nRinoplastia \u00een scopuri estetice (toate nasul)<br \/>\nSeptorhinoplastia (inclusiv septul nazal (perdea medie\/peretele nasului) pentru restabilirea pasajului nazal al al aerului<br \/>\nChirurgia valvei nazale (pentru restabilirea respira\u021biei nazale fiziologice<br \/>\nAceste interven\u021bii pot fi combinate sau modificate \u00een func\u021bie de nevoile pacien\u021bilor folosind abordarea deschis\u0103 (incizie pe piele) sau \u00eenchis\u0103 (doar incizie mucoas\u0103).<br \/>\nPrefer\u0103m abordarea deschis\u0103 dac\u0103 trebuie s\u0103 schimb\u0103m propor\u021biile intrinseci ale v\u00e2rfului nazal \u00een cazurile cu v\u00e2rfuri bulboase sau boxy \u00een form\u0103 de minge, precum \u0219i soiuri etnice nazale.<\/p>\n<p>Dac\u0103 ave\u021bi o \u00een\u021belegere ra\u021bional\u0103 despre deformarea nasului sau ave\u021bi a\u0219tept\u0103ri rezonabile cu privire la aspectul dvs.; sunte\u021bi un candidat bun. Contraindica\u021biile medicale sunt relative \u0219i pot fi un risc \u00een cazul \u00een care nu au avut grij\u0103 de; inclusiv, alergii la medicamente, boli autoimune, fumat etc&#8230;<\/p>\n<p>\n<\/div><\/div><\/div><div class=\"rowItem rowInnerItem col-md-6  btTextCenter btMiddleVertical\"  ><div class=\"rowItemContent\"><div class=\"bpgPhoto btTextCenter\" ><div class=\"btImage\"><img decoding=\"async\" src=\"https:\/\/groupflorence.com\/ro\/wp-content\/uploads\/2020\/11\/rinoplastia-min.jpg\" alt=\"\" title=\"\"><\/div><\/div><\/div><\/div><\/div><div class=\"btClear btSeparator topSemiSpaced noBorder\" ><hr><\/div><div class=\"boldRow boldInnerRow  \" ><div class=\"rowItem rowInnerItem col-md-6  btTextCenter btMiddleVertical\"  ><div class=\"rowItemContent\"><div class=\"bpgPhoto btTextCenter\" ><div class=\"btImage\"><img decoding=\"async\" src=\"https:\/\/groupflorence.com\/ro\/wp-content\/uploads\/2020\/11\/unnamed.jpg\" alt=\"\" title=\"\"><\/div><\/div><\/div><\/div><div class=\"rowItem rowInnerItem col-md-6  btTextCenter btMiddleVertical\"  ><div class=\"rowItemContent\"><div class=\"btText\" ><\/p>\n<p><strong>BLEFAROPLASTI<\/strong><br \/>\nBlefaroplastia se efectueaz\u0103 pentru a elimina tulbur\u0103rile estetice ale pleoapelor care exist\u0103 structural sau care apar din cauza \u00eemb\u0103tr\u00e2nirii. Numai superioare sau inferioare sau toate cele patru pleoape pot fi operate \u00een aceea\u0219i opera\u021bie. Blefaroplastia poate fi efectuat\u0103 singur\u0103, dar poate fi combinat\u0103 cu alte interven\u021bii de re\u00eennoire a fe\u021bei, cum ar fi ridicarea fe\u021bei g\u00e2tului, peeling, laser, umplere.<\/p>\n<p>Excesul de piele \u0219i gr\u0103sime de pe pleoapa superioar\u0103 pot fi \u00eendep\u0103rtate \u0219i ridurile \u0219i pungile de ochi de pe pleoapa inferioar\u0103 pot fi reparate \u00een aceast\u0103 opera\u021bie. Prin urmare, ochii vor ob\u021bine o expresie mai t\u00e2n\u0103r\u0103 \u0219i mai odihnit\u0103.<\/p>\n<p>Ridurile din partea exterioar\u0103 a ochilor nu sunt corectate cu blefaroplastie. Aplicarea Botox se poate face la aceste riduri fine. Injec\u021bia de gr\u0103sime poate fi aplicat\u0103 dac\u0103 exist\u0103 s\u00e2mburi pe pleoapa inferioar\u0103 sau superioar\u0103.<\/p>\n<p>Blefaroplastia este o opera\u021bie care poate fi efectuat\u0103 at\u00e2t la femei, c\u00e2t \u0219i la b\u0103rba\u021bi. De\u0219i tulbur\u0103rile estetice legate de \u00eemb\u0103tr\u00e2nire sunt operate \u00een general dup\u0103 40 de ani, tulbur\u0103rile structurale pot fi operate la v\u00e2rste mai mici. Cut pentru blefaroplastia superioar\u0103 se g\u0103se\u0219te la pliurile pielii pleoapei superioare, cu toate acestea t\u0103iate pentru pleoapa inferioar\u0103 se g\u0103se\u0219te 1-2mm sub gene. Opera\u021biile pleoapelor superioare \u0219i inferioare nu las\u0103 un semn semnificativ de t\u0103iere.<\/p>\n<p>\n<\/div><\/div><\/div><\/div><div class=\"btClear btSeparator topSemiSpaced noBorder\" ><hr><\/div><div class=\"boldRow boldInnerRow  \" ><div class=\"rowItem rowInnerItem col-md-6  btTextCenter btMiddleVertical\"  ><div class=\"rowItemContent\"><div class=\"btText\" ><\/p>\n<p><strong>LIFT \u0218I G\u00c2T<\/strong><br \/>\nChirurgia de ridicare a fe\u0163ei \u015fi a g\u00e2tului \u00eembun\u0103t\u0103\u0163e\u015fte pielea sl\u0103bit\u0103 legat\u0103 de v\u00e2rst\u0103, \u0163esutul subcutanat \u015fi mu\u015fchiul de la tempele la g\u00e2t \u015fi restabile\u015fte forma oval\u0103 afectat\u0103 a fe\u0163ei. Scopul opera\u021biilor de lifting facial \u0219i de ridicare a g\u00e2tului nu este de a schimba expresiile faciale, ci de a pune \u00eenapoi structurile anatomice, care se sl\u0103besc din cauza \u00eemb\u0103tr\u00e2nirii,,, \u00een locul lor potrivit \u0219i de a face fa\u021b\u0103 rec\u00e2\u0219tiga aspectul pe care a avut mul\u021bi ani \u00een urm\u0103.<\/p>\n<p>\u00cen opera\u021bia de ridicare, nu numai pielea fe\u021bei, ci \u0219i \u021besuturile profunde sub piele sunt intervenite \u0219i, prin urmare, rezultatele devin mai eficiente \u0219i dureaz\u0103 mul\u021bi ani.<\/p>\n<p>Este posibil s\u0103 elimina\u021bi excesul de gr\u0103sime de sub b\u0103rbie \u0219i partea superioar\u0103 a g\u00e2tului prin liposuc\u021bie \u00een timpul acestei interven\u021bii chirurgicale. Pe de alt\u0103 parte, este posibil\u0103 injectarea de gr\u0103sime \u00een regiunile necesare pentru a restabili ovalitatea fe\u021bei \u0219i pentru a rec\u00e2\u0219tiga vitalitatea, \u00een timpul ridic\u0103rii. Deoarece aceast\u0103 opera\u021bie este efectuat\u0103 pentru \u021besuturile libere de pe fa\u021b\u0103 \u0219i g\u00e2t, aceasta nu are nici un efect asupra ridurilor fine de pe fa\u021b\u0103 \u0219i sub ochi. Metodele cosmetice non-chirurgicale pot fi utilizate pentru aceste riduri fine \u00een plus fa\u021b\u0103 de facelift. Ridicarea poate fi efectuat\u0103 singur, dar de cele mai multe ori este combinat\u0103 cu alte metode, cum ar fi blefaroplastia, aplicatii cu laser, Botox, peeling, umpluturi de acid hialuronic.<br \/>\nInciziile necesare pentru ridicare se afl\u0103 \u00een zona templului \u0219i \u00een ceaf\u0103, incizii r\u0103mase sunt \u00een interiorul urechii, din fa\u021b\u0103 \u0219i din spate a urechii. Adic\u0103, inciziile sunt ascunse \u00eentr-un mod care nu este vizibil.<\/p>\n<p>\n<\/div><\/div><\/div><div class=\"rowItem rowInnerItem col-md-6  btTextCenter btMiddleVertical\"  ><div class=\"rowItemContent\"><div class=\"bpgPhoto btTextCenter\" ><div class=\"btImage\"><img decoding=\"async\" src=\"https:\/\/groupflorence.com\/ro\/wp-content\/uploads\/2020\/11\/lift-min.jpg\" alt=\"\" title=\"\"><\/div><\/div><\/div><\/div><\/div><div class=\"btClear btSeparator topSpaced noBorder\" ><hr><\/div><header class=\"header btClear medium btDash bottomDash  btAccentDash\" ><div class=\"dash\"><h3><span class=\"headline\"><em>Contact Us Now<\/em><\/span><\/h3><\/div><\/header><div class=\"btClear btSeparator bottomSmallSpaced noBorder\" ><hr><\/div><div class=\"btText\" >\n<div class=\"wpcf7 no-js\" id=\"wpcf7-f2891-o1\" lang=\"tr-TR\" dir=\"ltr\" data-wpcf7-id=\"2891\">\n<div class=\"screen-reader-response\"><p role=\"status\" aria-live=\"polite\" aria-atomic=\"true\"><\/p> <ul><\/ul><\/div>\n<form action=\"\/ro\/wp-json\/wp\/v2\/pages\/5372#wpcf7-f2891-o1\" method=\"post\" class=\"wpcf7-form init wpcf7-acceptance-as-validation\" aria-label=\"\u0130leti\u015fim Formu\" novalidate=\"novalidate\" data-status=\"init\">\n<fieldset class=\"hidden-fields-container\"><input type=\"hidden\" name=\"_wpcf7\" value=\"2891\" \/><input type=\"hidden\" name=\"_wpcf7_version\" value=\"6.1.5\" \/><input type=\"hidden\" name=\"_wpcf7_locale\" value=\"tr_TR\" \/><input type=\"hidden\" name=\"_wpcf7_unit_tag\" value=\"wpcf7-f2891-o1\" \/><input type=\"hidden\" name=\"_wpcf7_container_post\" value=\"0\" \/><input type=\"hidden\" name=\"_wpcf7_posted_data_hash\" value=\"\" \/>\n<\/fieldset>\n<p style=\"margin-bottom:30px !important;\">\u00cen timp ce completa\u021bi formularul de contact de mai jos, pute\u021bi, de asemenea, s\u0103 ne trimite\u021bi fi\u0219ierele medicale ale pacientului\/dumneavoastr\u0103 prin <strong>transfer<\/strong>. A doua opinie medical\u0103 v\u0103 va fi prezentat\u0103 \u00een termen de 48 de ore.\n<\/p>\n<div class=\"boldRow boldInnerRow  \">\n\t<div class=\"rowItem rowInnerItem col-md-6  btTextLeft\">\n\t\t<div class=\"rowItemContent\">\n\t\t\t<p><label><span class=\"bt_bb_required\">Numele t\u0103u<\/span><br \/>\n<span class=\"wpcf7-form-control-wrap\" data-name=\"your-name\"><input size=\"40\" maxlength=\"400\" class=\"wpcf7-form-control wpcf7-text wpcf7-validates-as-required\" aria-required=\"true\" aria-invalid=\"false\" value=\"\" type=\"text\" name=\"your-name\" \/><\/span> <\/label>\n\t\t\t<\/p>\n\t\t\t<p><label><span class=\"bt_bb_required\">E-mailul dvs.<\/span><br \/>\n<span class=\"wpcf7-form-control-wrap\" data-name=\"your-email\"><input size=\"40\" maxlength=\"400\" class=\"wpcf7-form-control wpcf7-email wpcf7-validates-as-required wpcf7-text wpcf7-validates-as-email\" aria-required=\"true\" aria-invalid=\"false\" value=\"\" type=\"email\" name=\"your-email\" \/><\/span> <\/label>\n\t\t\t<\/p>\n\t\t\t<p><label><span class=\"bt_bb_required\">Telefonul dvs.<\/span><br \/>\n<span class=\"wpcf7-form-control-wrap\" data-name=\"your-phone\"><input size=\"40\" class=\"wpcf7-form-control wpcf7-phonetext wpcf7-text wpcf7-validates-as-phonetext\" id=\"int_phone\" aria-invalid=\"false\" value=\"\" type=\"text\" name=\"your-phone\" \/><input type=\"hidden\" name=\"your-phone-country-code\" class=\"wpcf7-phonetext-country-code\" \/><\/span> <\/label>\n\t\t\t<\/p>\n\t\t\t<p><label><span class=\"bt_bb_required\">Mesajul dvs.<\/span><br \/>\n<span class=\"wpcf7-form-control-wrap\" data-name=\"your-message\"><textarea cols=\"40\" rows=\"10\" maxlength=\"2000\" class=\"wpcf7-form-control wpcf7-textarea wpcf7-validates-as-required\" aria-required=\"true\" aria-invalid=\"false\" name=\"your-message\"><\/textarea><\/span> <\/label>\n\t\t\t<\/p>\n\t\t\t<p><label><span class=\"bt_bb_required\" style=\"margin-top:25px !important;\"><span class=\"wpcf7-form-control-wrap\" data-name=\"accept-this-1\"><span class=\"wpcf7-form-control wpcf7-acceptance\"><span class=\"wpcf7-list-item\"><label><input type=\"checkbox\" name=\"accept-this-1\" value=\"1\" aria-invalid=\"false\" \/><span class=\"wpcf7-list-item-label\">Sunt de acord cu <a target=\"_blank\" href=\"https:\/\/groupflorence.com\/ro\/terms-of-use\/\">Termenii \u0219i Serviciile<\/a>.<\/span><\/label><\/span><\/span><\/span><\/span><\/label>\n\t\t\t<\/p>\n\t\t\t<p><input class=\"wpcf7-form-control wpcf7-submit has-spinner contact_button_int\" type=\"submit\" value=\"TRIMITE MESAJ\" \/>\n\t\t\t<\/p>\n\t\t<\/div>\n\t<\/div>\n\t<div class=\"rowItem rowInnerItem col-md-6  btTextLeft\">\n\t\t<div class=\"rowItemContent\">\n\t\t\t<p align=\"center\" style=\"margin-top:30px;\"><br \/>\n<a href=\"http:\/\/florencenightingale.wetransfer.com\/\" target=\"_blank\" title=\"Click Here To Transfer Your Documents via WeTransfer\"><img decoding=\"async\"  align=\"center\" style=\"max-width:250px !important;\" class=\"lazy loaded\" src=\"https:\/\/groupflorence.com\/ro\/wp-content\/uploads\/2020\/08\/89130-wetransfer-default-logo-rgb-original-1365619064-e1599162229581.png\" data-src=\"https:\/\/groupflorence.com\/ro\/wp-content\/uploads\/2020\/08\/89130-wetransfer-default-logo-rgb-original-1365619064-e1599162229581.png\" alt=\"Click Here To Transfer Your Documents via WeTransfer\" title=\"Click Here To Transfer Your Documents via WeTransfer\" data-was-processed=\"true\" \/><\/a>\n\t\t\t<\/p>\n\t\t\t<h3 align=\"center\"><a href=\"http:\/\/florencenightingale.wetransfer.com\/\" target=\"_blank\" title=\"Click Here To Transfer Your Documents via WeTransfer\">Trimite prin WeTransfer<\/a>\n\t\t\t<\/h3>\n\t\t\t<p align=\"center\">Pute\u021bi trimite documentele dvs. medicale supradimensionate (\u00eenregistr\u0103ri RMN, rezultate de laborator, imagini etc.) folosind contul nostru WeTransfer. Este u\u0219or, rapid \u0219i sigur.\n\t\t\t<\/p>\n\t\t<\/div>\n\t\t<center>\n\t\t\t<p><a href=\"http:\/\/florencenightingale.wetransfer.com\/\" class=\"btBtn btBtn btnFilledStyle btnAccentColor btnSmall btnNormalWidth btnRightPosition btnNoIcon\" target=\"_blank\"><span class=\"btnInnerText\">Trimite acum<\/span><\/a>\n\t\t\t<\/p>\n\t\t<\/center>\n\t<\/div>\n<\/div><div class=\"wpcf7-response-output\" aria-hidden=\"true\"><\/div>\n<\/form>\n<\/div>\n<\/div><div class=\"btClear btSeparator topSpaced noBorder\" ><hr><\/div><\/div><\/div><\/div><\/div><\/div><\/div><\/div><\/section>\n","protected":false},"excerpt":{"rendered":"","protected":false},"author":1,"featured_media":0,"parent":5239,"menu_order":3,"comment_status":"closed","ping_status":"closed","template":"","meta":{"footnotes":""},"class_list":["post-5372","page","type-page","status-publish","hentry"],"_links":{"self":[{"href":"https:\/\/groupflorence.com\/ro\/wp-json\/wp\/v2\/pages\/5372","targetHints":{"allow":["GET"]}}],"collection":[{"href":"https:\/\/groupflorence.com\/ro\/wp-json\/wp\/v2\/pages"}],"about":[{"href":"https:\/\/groupflorence.com\/ro\/wp-json\/wp\/v2\/types\/page"}],"author":[{"embeddable":true,"href":"https:\/\/groupflorence.com\/ro\/wp-json\/wp\/v2\/users\/1"}],"replies":[{"embeddable":true,"href":"https:\/\/groupflorence.com\/ro\/wp-json\/wp\/v2\/comments?post=5372"}],"version-history":[{"count":6,"href":"https:\/\/groupflorence.com\/ro\/wp-json\/wp\/v2\/pages\/5372\/revisions"}],"predecessor-version":[{"id":6165,"href":"https:\/\/groupflorence.com\/ro\/wp-json\/wp\/v2\/pages\/5372\/revisions\/6165"}],"up":[{"embeddable":true,"href":"https:\/\/groupflorence.com\/ro\/wp-json\/wp\/v2\/pages\/5239"}],"wp:attachment":[{"href":"https:\/\/groupflorence.com\/ro\/wp-json\/wp\/v2\/media?parent=5372"}],"curies":[{"name":"wp","href":"https:\/\/api.w.org\/{rel}","templated":true}]}}