{"id":5353,"date":"2020-11-05T01:55:44","date_gmt":"2020-11-04T22:55:44","guid":{"rendered":"https:\/\/groupflorence.com\/ro\/?page_id=5353"},"modified":"2020-12-17T02:31:04","modified_gmt":"2020-12-16T23:31:04","slug":"hair-transplant","status":"publish","type":"page","link":"https:\/\/groupflorence.com\/ro\/group-florence-london\/hair-transplant\/","title":{"rendered":"Transplant de Par"},"content":{"rendered":"<p><section id=\"bt_section69ec2499594e8\"  class=\"boldSection gutter\" ><div class=\"port\"><div class=\"boldCell\"><div class=\"boldCellInner\"><div class=\"boldRow  \" ><div class=\"boldRowInner\"><div class=\"rowItem col-md-4 col-ms-12 btTextLeft\"  ><div class=\"rowItemContent\" ><div class=\"btClear btSeparator topSpaced noBorder\" ><hr><\/div><div class=\"btCustomMenu treatment-sidebar\" ><div class=\"menu-london-container\"><ul id=\"menu-london\" class=\"menu\"><li id=\"menu-item-5389\" class=\"menu-item menu-item-type-post_type menu-item-object-page menu-item-has-children menu-item-5389\"><a href=\"https:\/\/groupflorence.com\/ro\/group-florence-london\/\">Group Florence London<\/a><ul class=\"sub-menu\"><li id=\"menu-item-5392\" class=\"menu-item menu-item-type-post_type menu-item-object-page menu-item-5392\"><a href=\"https:\/\/groupflorence.com\/ro\/group-florence-london\/beauty-clinic\/\">Clinica de Frumuse\u021be<\/a><\/li><li id=\"menu-item-5391\" class=\"menu-item menu-item-type-post_type menu-item-object-page menu-item-5391\"><a href=\"https:\/\/groupflorence.com\/ro\/group-florence-london\/hair-transplant\/\">Transplant de Par<\/a><\/li><li id=\"menu-item-5390\" class=\"menu-item menu-item-type-post_type menu-item-object-page menu-item-5390\"><a href=\"https:\/\/groupflorence.com\/ro\/group-florence-london\/cosmetic-surgery\/\">Chirurgie Plastic\u0103<\/a><\/li><\/ul><\/li>\n<\/ul><\/div><\/div><div class=\"btClear btSeparator topSemiSpaced noBorder\" ><hr><\/div><div class=\"boldRow boldInnerRow  bt_bb_hidden_xs bt_bb_hidden_ms bt_bb_hidden_sm\" ><div class=\"rowItem rowInnerItem col-md-12  btTextCenter btMiddleVertical\"  ><div class=\"rowItemContent\"><div class=\"bpgPhoto btTextCenter\" > \r\n\t\t\t\t\t<a href=\"https:\/\/groupflorence.com\/ro\/patient-guide\/covid-19-precautions\/\" target=\"_blank\" title=\"\"><\/a>\r\n\t\t\t\t\t<div class=\"boldPhotoBox\"><div class=\"bpbItem\"><div class = \"btImage\"><img decoding=\"async\" src=\"https:\/\/groupflorence.com\/ro\/wp-content\/uploads\/2020\/12\/covid-safe-sidebar-320x186.jpg\" alt=\"\" title=\"\" ><\/div><\/div><\/div>\r\n\t\t\t\t\t<div class=\"captionPane\">\r\n\t\t\t\t\t\t<div class=\"captionTable\">\r\n\t\t\t\t\t\t\t<div class=\"captionCell\">\r\n\t\t\t\t\t\t\t\t<div class=\"captionTxt\"><\/div>\r\n\t\t\t\t\t\t\t<\/div>\r\n\t\t\t\t\t\t<\/div>\r\n\t\t\t\t\t<\/div><\/div><div class=\"btClear btSeparator topSmallSpaced bottomSmallSpaced border\" ><hr><\/div><a href=\"https:\/\/groupflorence.com\/ro\/contact-us\/\" class=\"btBtn btBtn btnFilledStyle btnAccentColor btnBig btnNormalWidth btnLeftPosition btnNoIcon\" ><span class=\"btnInnerText\">Ask A Question<\/span><\/a><\/div><\/div><\/div><\/div><\/div><div class=\"rowItem col-md-8 col-ms-12 btTextLeft\"  ><div class=\"rowItemContent\" ><div class=\"btClear btSeparator topSemiSpaced noBorder\" ><hr><\/div><header class=\"header btClear medium btDash bottomDash  btNormalDash\" ><div class=\"dash\"><h3><span class=\"headline\"><b class=\"animate\">Transplant de Par<\/b><\/span><\/h3><\/div><\/header><div class=\"btClear btSeparator topExtraSmallSpaced noBorder\" ><hr><\/div><div class=\"btText\" ><\/p>\n<p>Pentru cei care au nevoie de servicii de transplant de p\u0103r, g\u0103sirea celui mai bun furnizor la o rat\u0103 accesibil\u0103 nu este o sarcin\u0103 mic\u0103, motiv pentru care Grupul Florence Hospitals este at\u00e2t de m\u00e2ndru de ceea ce fac.<\/p>\n<p>\n<\/div><div class=\"btClear btSeparator topSemiSpaced noBorder\" ><hr><\/div><div class=\"boldRow boldInnerRow  \" ><div class=\"rowItem rowInnerItem col-md-6  btTextCenter btMiddleVertical\"  ><div class=\"rowItemContent\"><div class=\"bpgPhoto btTextCenter\" ><div class=\"btImage\"><img decoding=\"async\" src=\"https:\/\/groupflorence.com\/ro\/wp-content\/uploads\/2020\/11\/hair-1-min.jpg\" alt=\"\" title=\"\"><\/div><\/div><\/div><\/div><div class=\"rowItem rowInnerItem col-md-6  btTextLeft btMiddleVertical\"  ><div class=\"rowItemContent\"><div class=\"btText\" ><\/p>\n<h3 class=\"cmsmasters_heading\">Pachet Tratament pentru Transplant<\/h3>\n<ul>\n<li>Transplantul de p\u0103r<\/li>\n<li>Tratamentul PRP<\/li>\n<li>Transport<\/li>\n<li>Consultarea gratuit\u0103 a medicului<\/li>\n<li>Interpret<\/li>\n<li>Medicamente pentru post-opera\u021bie<\/li>\n<\/ul>\n<p>\n<\/div><\/div><\/div><\/div><div class=\"btClear btSeparator topSemiSpaced noBorder\" ><hr><\/div><div class=\"boldRow boldInnerRow  \" ><div class=\"rowItem rowInnerItem col-md-6  btTextLeft btTopVertical\"  ><div class=\"rowItemContent\"><div class=\"btText\" ><\/p>\n<h3>Pachetul include<\/h3>\n<ul>\n<li>Transplantul de p\u0103r<\/li>\n<li>Tratamentul PRP<\/li>\n<li>Transport<\/li>\n<li>Consultarea gratuit\u0103 a medicului<\/li>\n<li>Interpret<\/li>\n<li>Medicamente pentru post-opera\u021bie<\/li>\n<\/ul>\n<p>\n<\/div><\/div><\/div><div class=\"rowItem rowInnerItem col-md-6  btTextLeft btTopVertical\"  ><div class=\"rowItemContent\"><div class=\"btText\" ><\/p>\n<h3>Pachet de Tratament<\/h3>\n<ul>\n<li>Ziua 1: Sosire<\/li>\n<li>Ziua 2: Transplantul de p\u0103r<\/li>\n<li>Ziua 3: Ziua de odihn\u0103<\/li>\n<li>Ziua 4: Urm\u0103rire &amp; Consultaion \u2014 Sp\u0103larea p\u0103rului \u0219i plecarea<\/li>\n<\/ul>\n<p>\n<\/div><\/div><\/div><\/div><div class=\"btClear btSeparator topSemiSpaced noBorder\" ><hr><\/div><div class=\"boldRow boldInnerRow  \" ><div class=\"rowItem rowInnerItem col-md-12  btTextLeft btTopVertical\"  ><div class=\"rowItemContent\"><div class=\"btText\" ><\/p>\n<h3 style=\"text-align: center;\">Planul de tratament pe 4 zile<\/h3>\n<p style=\"text-align: center;\">Aloca\u021bi un minim de 2 sau 3 zile pentru transplantul de p\u0103r \u0219i planifica\u021bi data.<\/p>\n<p style=\"text-align: center;\">Cump\u0103r\u0103-\u0163i biletele de avion spre Istanbul.<\/p>\n<p style=\"text-align: center;\">Trimite\u021bi prin e-mail biletele de avion la <a href=\"mailto:info@groupflorence.co.uk\">info@groupflorence.co.uk<\/a><\/p>\n<p>\n<\/div><\/div><\/div><\/div><div class=\"btClear btSeparator topSemiSpaced noBorder\" ><hr><\/div><div class=\"btClear btSeparator topSemiSpaced noBorder\" ><hr><\/div><header class=\"header btClear medium btDash bottomDash  btAccentDash\" ><div class=\"dash\"><h3><span class=\"headline\"><em>Contact Us Now<\/em><\/span><\/h3><\/div><\/header><div class=\"btClear btSeparator bottomSmallSpaced noBorder\" ><hr><\/div><div class=\"btText\" >\n<div class=\"wpcf7 no-js\" id=\"wpcf7-f2891-o1\" lang=\"tr-TR\" dir=\"ltr\" data-wpcf7-id=\"2891\">\n<div class=\"screen-reader-response\"><p role=\"status\" aria-live=\"polite\" aria-atomic=\"true\"><\/p> <ul><\/ul><\/div>\n<form action=\"\/ro\/wp-json\/wp\/v2\/pages\/5353#wpcf7-f2891-o1\" method=\"post\" class=\"wpcf7-form init wpcf7-acceptance-as-validation\" aria-label=\"\u0130leti\u015fim Formu\" novalidate=\"novalidate\" data-status=\"init\">\n<fieldset class=\"hidden-fields-container\"><input type=\"hidden\" name=\"_wpcf7\" value=\"2891\" \/><input type=\"hidden\" name=\"_wpcf7_version\" value=\"6.1.5\" \/><input type=\"hidden\" name=\"_wpcf7_locale\" value=\"tr_TR\" \/><input type=\"hidden\" name=\"_wpcf7_unit_tag\" value=\"wpcf7-f2891-o1\" \/><input type=\"hidden\" name=\"_wpcf7_container_post\" value=\"0\" \/><input type=\"hidden\" name=\"_wpcf7_posted_data_hash\" value=\"\" \/>\n<\/fieldset>\n<p style=\"margin-bottom:30px !important;\">\u00cen timp ce completa\u021bi formularul de contact de mai jos, pute\u021bi, de asemenea, s\u0103 ne trimite\u021bi fi\u0219ierele medicale ale pacientului\/dumneavoastr\u0103 prin <strong>transfer<\/strong>. A doua opinie medical\u0103 v\u0103 va fi prezentat\u0103 \u00een termen de 48 de ore.\n<\/p>\n<div class=\"boldRow boldInnerRow  \">\n\t<div class=\"rowItem rowInnerItem col-md-6  btTextLeft\">\n\t\t<div class=\"rowItemContent\">\n\t\t\t<p><label><span class=\"bt_bb_required\">Numele t\u0103u<\/span><br \/>\n<span class=\"wpcf7-form-control-wrap\" data-name=\"your-name\"><input size=\"40\" maxlength=\"400\" class=\"wpcf7-form-control wpcf7-text wpcf7-validates-as-required\" aria-required=\"true\" aria-invalid=\"false\" value=\"\" type=\"text\" name=\"your-name\" \/><\/span> <\/label>\n\t\t\t<\/p>\n\t\t\t<p><label><span class=\"bt_bb_required\">E-mailul dvs.<\/span><br \/>\n<span class=\"wpcf7-form-control-wrap\" data-name=\"your-email\"><input size=\"40\" maxlength=\"400\" class=\"wpcf7-form-control wpcf7-email wpcf7-validates-as-required wpcf7-text wpcf7-validates-as-email\" aria-required=\"true\" aria-invalid=\"false\" value=\"\" type=\"email\" name=\"your-email\" \/><\/span> <\/label>\n\t\t\t<\/p>\n\t\t\t<p><label><span class=\"bt_bb_required\">Telefonul dvs.<\/span><br \/>\n<span class=\"wpcf7-form-control-wrap\" data-name=\"your-phone\"><input size=\"40\" class=\"wpcf7-form-control wpcf7-phonetext wpcf7-text wpcf7-validates-as-phonetext\" id=\"int_phone\" aria-invalid=\"false\" value=\"\" type=\"text\" name=\"your-phone\" \/><input type=\"hidden\" name=\"your-phone-country-code\" class=\"wpcf7-phonetext-country-code\" \/><\/span> <\/label>\n\t\t\t<\/p>\n\t\t\t<p><label><span class=\"bt_bb_required\">Mesajul dvs.<\/span><br \/>\n<span class=\"wpcf7-form-control-wrap\" data-name=\"your-message\"><textarea cols=\"40\" rows=\"10\" maxlength=\"2000\" class=\"wpcf7-form-control wpcf7-textarea wpcf7-validates-as-required\" aria-required=\"true\" aria-invalid=\"false\" name=\"your-message\"><\/textarea><\/span> <\/label>\n\t\t\t<\/p>\n\t\t\t<p><label><span class=\"bt_bb_required\" style=\"margin-top:25px !important;\"><span class=\"wpcf7-form-control-wrap\" data-name=\"accept-this-1\"><span class=\"wpcf7-form-control wpcf7-acceptance\"><span class=\"wpcf7-list-item\"><label><input type=\"checkbox\" name=\"accept-this-1\" value=\"1\" aria-invalid=\"false\" \/><span class=\"wpcf7-list-item-label\">Sunt de acord cu <a target=\"_blank\" href=\"https:\/\/groupflorence.com\/ro\/terms-of-use\/\">Termenii \u0219i Serviciile<\/a>.<\/span><\/label><\/span><\/span><\/span><\/span><\/label>\n\t\t\t<\/p>\n\t\t\t<p><input class=\"wpcf7-form-control wpcf7-submit has-spinner contact_button_int\" type=\"submit\" value=\"TRIMITE MESAJ\" \/>\n\t\t\t<\/p>\n\t\t<\/div>\n\t<\/div>\n\t<div class=\"rowItem rowInnerItem col-md-6  btTextLeft\">\n\t\t<div class=\"rowItemContent\">\n\t\t\t<p align=\"center\" style=\"margin-top:30px;\"><br \/>\n<a href=\"http:\/\/florencenightingale.wetransfer.com\/\" target=\"_blank\" title=\"Click Here To Transfer Your Documents via WeTransfer\"><img decoding=\"async\"  align=\"center\" style=\"max-width:250px !important;\" class=\"lazy loaded\" src=\"https:\/\/groupflorence.com\/ro\/wp-content\/uploads\/2020\/08\/89130-wetransfer-default-logo-rgb-original-1365619064-e1599162229581.png\" data-src=\"https:\/\/groupflorence.com\/ro\/wp-content\/uploads\/2020\/08\/89130-wetransfer-default-logo-rgb-original-1365619064-e1599162229581.png\" alt=\"Click Here To Transfer Your Documents via WeTransfer\" title=\"Click Here To Transfer Your Documents via WeTransfer\" data-was-processed=\"true\" \/><\/a>\n\t\t\t<\/p>\n\t\t\t<h3 align=\"center\"><a href=\"http:\/\/florencenightingale.wetransfer.com\/\" target=\"_blank\" title=\"Click Here To Transfer Your Documents via WeTransfer\">Trimite prin WeTransfer<\/a>\n\t\t\t<\/h3>\n\t\t\t<p align=\"center\">Pute\u021bi trimite documentele dvs. medicale supradimensionate (\u00eenregistr\u0103ri RMN, rezultate de laborator, imagini etc.) folosind contul nostru WeTransfer. Este u\u0219or, rapid \u0219i sigur.\n\t\t\t<\/p>\n\t\t<\/div>\n\t\t<center>\n\t\t\t<p><a href=\"http:\/\/florencenightingale.wetransfer.com\/\" class=\"btBtn btBtn btnFilledStyle btnAccentColor btnSmall btnNormalWidth btnRightPosition btnNoIcon\" target=\"_blank\"><span class=\"btnInnerText\">Trimite acum<\/span><\/a>\n\t\t\t<\/p>\n\t\t<\/center>\n\t<\/div>\n<\/div><div class=\"wpcf7-response-output\" aria-hidden=\"true\"><\/div>\n<\/form>\n<\/div>\n<\/div><div class=\"btClear btSeparator topSpaced noBorder\" ><hr><\/div><\/div><\/div><\/div><\/div><\/div><\/div><\/div><\/section><section id=\"bt_section69ec24995f0c0\"  class=\"boldSection gutter\" ><div class=\"port\"><div class=\"boldCell\"><div class=\"boldCellInner\"><\/div><\/div><\/div><\/section><section id=\"bt_section69ec24995f0e8\"  class=\"boldSection gutter\" ><div class=\"port\"><div class=\"boldCell\"><div class=\"boldCellInner\"><\/div><\/div><\/div><\/section><\/p>\n","protected":false},"excerpt":{"rendered":"","protected":false},"author":1,"featured_media":0,"parent":5239,"menu_order":2,"comment_status":"closed","ping_status":"closed","template":"","meta":{"footnotes":""},"class_list":["post-5353","page","type-page","status-publish","hentry"],"_links":{"self":[{"href":"https:\/\/groupflorence.com\/ro\/wp-json\/wp\/v2\/pages\/5353","targetHints":{"allow":["GET"]}}],"collection":[{"href":"https:\/\/groupflorence.com\/ro\/wp-json\/wp\/v2\/pages"}],"about":[{"href":"https:\/\/groupflorence.com\/ro\/wp-json\/wp\/v2\/types\/page"}],"author":[{"embeddable":true,"href":"https:\/\/groupflorence.com\/ro\/wp-json\/wp\/v2\/users\/1"}],"replies":[{"embeddable":true,"href":"https:\/\/groupflorence.com\/ro\/wp-json\/wp\/v2\/comments?post=5353"}],"version-history":[{"count":12,"href":"https:\/\/groupflorence.com\/ro\/wp-json\/wp\/v2\/pages\/5353\/revisions"}],"predecessor-version":[{"id":6163,"href":"https:\/\/groupflorence.com\/ro\/wp-json\/wp\/v2\/pages\/5353\/revisions\/6163"}],"up":[{"embeddable":true,"href":"https:\/\/groupflorence.com\/ro\/wp-json\/wp\/v2\/pages\/5239"}],"wp:attachment":[{"href":"https:\/\/groupflorence.com\/ro\/wp-json\/wp\/v2\/media?parent=5353"}],"curies":[{"name":"wp","href":"https:\/\/api.w.org\/{rel}","templated":true}]}}