{"id":5320,"date":"2020-11-05T01:19:05","date_gmt":"2020-11-04T22:19:05","guid":{"rendered":"https:\/\/groupflorence.com\/ro\/?page_id=5320"},"modified":"2020-12-17T02:29:31","modified_gmt":"2020-12-16T23:29:31","slug":"beauty-clinic","status":"publish","type":"page","link":"https:\/\/groupflorence.com\/ro\/group-florence-london\/beauty-clinic\/","title":{"rendered":"Clinica de Frumuse\u021be"},"content":{"rendered":"<section id=\"bt_section69eba7b61584a\"  class=\"boldSection gutter\" ><div class=\"port\"><div class=\"boldCell\"><div class=\"boldCellInner\"><div class=\"boldRow  \" ><div class=\"boldRowInner\"><div class=\"rowItem col-md-4 col-ms-12 btTextLeft\"  ><div class=\"rowItemContent\" ><div class=\"btClear btSeparator topSpaced noBorder\" ><hr><\/div><div class=\"btCustomMenu treatment-sidebar\" ><div class=\"menu-london-container\"><ul id=\"menu-london\" class=\"menu\"><li id=\"menu-item-5389\" class=\"menu-item menu-item-type-post_type menu-item-object-page menu-item-has-children menu-item-5389\"><a href=\"https:\/\/groupflorence.com\/ro\/group-florence-london\/\">Group Florence London<\/a><ul class=\"sub-menu\"><li id=\"menu-item-5392\" class=\"menu-item menu-item-type-post_type menu-item-object-page menu-item-5392\"><a href=\"https:\/\/groupflorence.com\/ro\/group-florence-london\/beauty-clinic\/\">Clinica de Frumuse\u021be<\/a><\/li><li id=\"menu-item-5391\" class=\"menu-item menu-item-type-post_type menu-item-object-page menu-item-5391\"><a href=\"https:\/\/groupflorence.com\/ro\/group-florence-london\/hair-transplant\/\">Transplant de Par<\/a><\/li><li id=\"menu-item-5390\" class=\"menu-item menu-item-type-post_type menu-item-object-page menu-item-5390\"><a href=\"https:\/\/groupflorence.com\/ro\/group-florence-london\/cosmetic-surgery\/\">Chirurgie Plastic\u0103<\/a><\/li><\/ul><\/li>\n<\/ul><\/div><\/div><div class=\"btClear btSeparator topSemiSpaced noBorder\" ><hr><\/div><div class=\"boldRow boldInnerRow  bt_bb_hidden_xs bt_bb_hidden_ms bt_bb_hidden_sm\" ><div class=\"rowItem rowInnerItem col-md-12  btTextCenter btMiddleVertical\"  ><div class=\"rowItemContent\"><div class=\"bpgPhoto btTextCenter\" > \r\n\t\t\t\t\t<a href=\"https:\/\/groupflorence.com\/ro\/patient-guide\/covid-19-precautions\/\" target=\"_blank\" title=\"\"><\/a>\r\n\t\t\t\t\t<div class=\"boldPhotoBox\"><div class=\"bpbItem\"><div class = \"btImage\"><img decoding=\"async\" src=\"https:\/\/groupflorence.com\/ro\/wp-content\/uploads\/2020\/12\/covid-safe-sidebar-320x186.jpg\" alt=\"\" title=\"\" ><\/div><\/div><\/div>\r\n\t\t\t\t\t<div class=\"captionPane\">\r\n\t\t\t\t\t\t<div class=\"captionTable\">\r\n\t\t\t\t\t\t\t<div class=\"captionCell\">\r\n\t\t\t\t\t\t\t\t<div class=\"captionTxt\"><\/div>\r\n\t\t\t\t\t\t\t<\/div>\r\n\t\t\t\t\t\t<\/div>\r\n\t\t\t\t\t<\/div><\/div><div class=\"btClear btSeparator topSmallSpaced bottomSmallSpaced border\" ><hr><\/div><a href=\"https:\/\/groupflorence.com\/ro\/contact-us\/\" class=\"btBtn btBtn btnFilledStyle btnAccentColor btnBig btnNormalWidth btnLeftPosition btnNoIcon\" ><span class=\"btnInnerText\">Ask A Question<\/span><\/a><\/div><\/div><\/div><\/div><\/div><div class=\"rowItem col-md-8 col-ms-12 btTextLeft\"  ><div class=\"rowItemContent\" ><div class=\"btClear btSeparator topSemiSpaced noBorder\" ><hr><\/div><header class=\"header btClear medium btDash bottomDash  btNormalDash\" ><div class=\"dash\"><h3><span class=\"headline\"><b class=\"animate\">Clinica de Frumuse\u021be<\/b><\/span><\/h3><\/div><\/header><div class=\"btClear btSeparator topExtraSmallSpaced noBorder\" ><hr><\/div><div class=\"btText\" ><\/p>\n<p>Centru de wellness dedicat frumuse\u021bii \u0219i \u00eengrijirii printr-o aten\u021bie unic\u0103 \u0219i personalizat\u0103. Un nou concept de centru de frumusete profesionist.<\/p>\n<p>\n<\/div><div class=\"btClear btSeparator topSemiSpaced noBorder\" ><hr><\/div><div class=\"boldRow boldInnerRow  \" ><div class=\"rowItem rowInnerItem col-md-6  btTextCenter btMiddleVertical\"  ><div class=\"rowItemContent\"><div class=\"bpgPhoto btTextCenter\" ><div class=\"btImage\"><img decoding=\"async\" src=\"https:\/\/groupflorence.com\/ro\/wp-content\/uploads\/2020\/11\/Microdermabrasion_web-min.jpg\" alt=\"\" title=\"\"><\/div><\/div><\/div><\/div><div class=\"rowItem rowInnerItem col-md-6  btTextCenter btMiddleVertical\"  ><div class=\"rowItemContent\"><div class=\"btText\" ><\/p>\n<h3>MICRODERMABRAZION<\/h3>\n<p>Microdermabraziunea este o procedur\u0103 minim invaziv\u0103 utilizat\u0103 pentru a re\u00eennoi tonul \u0219i textura general\u0103 a pielii. Acesta poate \u00eembun\u0103t\u0103\u021bi aspectul de daune solare, riduri, linii fine, pete de v\u00e2rst\u0103, cicatrici acnee, melasma, \u0219i alte preocup\u0103ri \u0219i condi\u021bii legate de piele.<\/p>\n<p>Procedura utilizeaz\u0103 un aplicator special cu o suprafa\u021b\u0103 abraziv\u0103 pentru a \u00eendep\u0103rta u\u0219or stratul exterior gros al pielii pentru ao \u00eentineri.<\/p>\n<p>\n<\/div><\/div><\/div><\/div><div class=\"btClear btSeparator topSemiSpaced noBorder\" ><hr><\/div><div class=\"boldRow boldInnerRow  \" ><div class=\"rowItem rowInnerItem col-md-6  btTextCenter btMiddleVertical\"  ><div class=\"rowItemContent\"><div class=\"btText\" ><\/p>\n<h3>RADIOFRECTIE RF<\/h3>\n<p>Tehnologia revolu\u021bionar\u0103 Dynamic Radio Frequency, modul ideal de a v\u0103 \u00eentineri pielea!<\/p>\n<p>Str\u00e2ngerea pielii cu frecven\u021b\u0103 radio este o tehnic\u0103 estetic\u0103 care utilizeaz\u0103 energia de radiofrecven\u021b\u0103 (RF) pentru \u00eenc\u0103lzirea pielii cu scopul de a stimula produc\u021bia cutanat\u0103 de colagen, elastin\u0103 \u0219i acid hialuronic, \u00een scopul de a reduce aspectul liniilor fine, ridurilor, pielii sl\u0103bite \u0219i c\u0103zute.<\/p>\n<p>\n<\/div><\/div><\/div><div class=\"rowItem rowInnerItem col-md-6  btTextCenter btMiddleVertical\"  ><div class=\"rowItemContent\"><div class=\"bpgPhoto btTextCenter\" ><div class=\"btImage\"><img decoding=\"async\" src=\"https:\/\/groupflorence.com\/ro\/wp-content\/uploads\/2020\/11\/rf_web-min.jpg\" alt=\"\" title=\"\"><\/div><\/div><\/div><\/div><\/div><div class=\"btClear btSeparator topSemiSpaced noBorder\" ><hr><\/div><div class=\"boldRow boldInnerRow  \" ><div class=\"rowItem rowInnerItem col-md-6  btTextCenter btMiddleVertical\"  ><div class=\"rowItemContent\"><div class=\"bpgPhoto btTextCenter\" ><div class=\"btImage\"><img decoding=\"async\" src=\"https:\/\/groupflorence.com\/ro\/wp-content\/uploads\/2020\/11\/hifu_web-min.jpg\" alt=\"\" title=\"\"><\/div><\/div><\/div><\/div><div class=\"rowItem rowInnerItem col-md-6  btTextCenter btMiddleVertical\"  ><div class=\"rowItemContent\"><div class=\"btText\" ><\/p>\n<h3>HIFU<\/h3>\n<p>Standuri pentru \u201eEcografie focalizat\u0103 de \u00eenalt\u0103 intensitate\u201d, acest tratament poate viza diferite ad\u00e2ncimi ale fe\u021bei \u0219i \u021besutului corpului pentru str\u00e2ngerea pielii, ridicarea pielii \u0219i conturarea corpului. Complet non-invazive, HIFU func\u021bioneaz\u0103 prin direc\u021bionarea straturi ad\u00e2nci \u00een piele \u2014 stimuleaz\u0103 produc\u021bia de colagen nou \u0219i regenerarea colagenului chiar la surs\u0103. Tehnologia este unic\u0103 \u00een capacitatea sa de a penetra derma \u0219i stratul superficial al sistemului aponeurotic muscular (SMAS). Nicio alt\u0103 tehnologie nu poate viza aceste straturi ad\u00e2nci \u00een piele \u00eentr-o procedur\u0103 neinvaziv\u0103. SMAS este acela\u0219i strat care este str\u00e2ns \u00een timpul interven\u021biei chirurgicale faciale conven\u021bionale.<\/p>\n<p>HIFU se nume\u0219te \u201eLiftul de fa\u021b\u0103 al pr\u00e2nzului\u201d deoarece tratamentul este rapid, foarte tolerabil \u0219i nu are perioade de nefunc\u021bionare.<\/p>\n<p>\n<\/div><\/div><\/div><\/div><div class=\"btClear btSeparator topSemiSpaced noBorder\" ><hr><\/div><div class=\"boldRow boldInnerRow  \" ><div class=\"rowItem rowInnerItem col-md-6  btTextCenter btMiddleVertical\"  ><div class=\"rowItemContent\"><div class=\"btText\" ><\/p>\n<h3>Mezoterapia f\u0103r\u0103 ac<\/h3>\n<p>Ofer\u0103 hidratare imediat\u0103, \u00eembun\u0103t\u0103\u021be\u0219te vitalitatea \u0219i tonusul pielii \u0219i reduce ridurile fine cauzate de foto\u00eemb\u0103tr\u00e2nire f\u0103r\u0103 a provoca irita\u021bii \u0219i disconfort. Folosind o moned\u0103 u\u0219oar\u0103 de joas\u0103 frecven\u021b\u0103 \u00eempreun\u0103 cu ultrasunete, serurile naturale sunt transportate prin canale mici prin suprafa\u021ba pieilor \u0219i ad\u00e2nc \u00een jos \u00een nivel celular. Prin utilizarea de ingrediente naturale, cum ar fi antioxidanti, vitamine, peptide si acid hialuronic pielea pare mai sanatoasa, mai fina, tonifiata si mai tineresc.<\/p>\n<p>\n<\/div><\/div><\/div><div class=\"rowItem rowInnerItem col-md-6  btTextCenter btMiddleVertical\"  ><div class=\"rowItemContent\"><div class=\"bpgPhoto btTextCenter\" ><div class=\"btImage\"><img decoding=\"async\" src=\"https:\/\/groupflorence.com\/ro\/wp-content\/uploads\/2020\/11\/NEEDLE_web-min.jpg\" alt=\"\" title=\"\"><\/div><\/div><\/div><\/div><\/div><div class=\"btClear btSeparator topSemiSpaced noBorder\" ><hr><\/div><header class=\"header btClear medium btDash bottomDash  btAccentDash\" ><div class=\"dash\"><h3><span class=\"headline\"><em>Contact Us Now<\/em><\/span><\/h3><\/div><\/header><div class=\"btClear btSeparator bottomSmallSpaced noBorder\" ><hr><\/div><div class=\"btText\" >\n<div class=\"wpcf7 no-js\" id=\"wpcf7-f2891-o1\" lang=\"tr-TR\" dir=\"ltr\" data-wpcf7-id=\"2891\">\n<div class=\"screen-reader-response\"><p role=\"status\" aria-live=\"polite\" aria-atomic=\"true\"><\/p> <ul><\/ul><\/div>\n<form action=\"\/ro\/wp-json\/wp\/v2\/pages\/5320#wpcf7-f2891-o1\" method=\"post\" class=\"wpcf7-form init wpcf7-acceptance-as-validation\" aria-label=\"\u0130leti\u015fim Formu\" novalidate=\"novalidate\" data-status=\"init\">\n<fieldset class=\"hidden-fields-container\"><input type=\"hidden\" name=\"_wpcf7\" value=\"2891\" \/><input type=\"hidden\" name=\"_wpcf7_version\" value=\"6.1.5\" \/><input type=\"hidden\" name=\"_wpcf7_locale\" value=\"tr_TR\" \/><input type=\"hidden\" name=\"_wpcf7_unit_tag\" value=\"wpcf7-f2891-o1\" \/><input type=\"hidden\" name=\"_wpcf7_container_post\" value=\"0\" \/><input type=\"hidden\" name=\"_wpcf7_posted_data_hash\" value=\"\" \/>\n<\/fieldset>\n<p style=\"margin-bottom:30px !important;\">\u00cen timp ce completa\u021bi formularul de contact de mai jos, pute\u021bi, de asemenea, s\u0103 ne trimite\u021bi fi\u0219ierele medicale ale pacientului\/dumneavoastr\u0103 prin <strong>transfer<\/strong>. A doua opinie medical\u0103 v\u0103 va fi prezentat\u0103 \u00een termen de 48 de ore.\n<\/p>\n<div class=\"boldRow boldInnerRow  \">\n\t<div class=\"rowItem rowInnerItem col-md-6  btTextLeft\">\n\t\t<div class=\"rowItemContent\">\n\t\t\t<p><label><span class=\"bt_bb_required\">Numele t\u0103u<\/span><br \/>\n<span class=\"wpcf7-form-control-wrap\" data-name=\"your-name\"><input size=\"40\" maxlength=\"400\" class=\"wpcf7-form-control wpcf7-text wpcf7-validates-as-required\" aria-required=\"true\" aria-invalid=\"false\" value=\"\" type=\"text\" name=\"your-name\" \/><\/span> <\/label>\n\t\t\t<\/p>\n\t\t\t<p><label><span class=\"bt_bb_required\">E-mailul dvs.<\/span><br \/>\n<span class=\"wpcf7-form-control-wrap\" data-name=\"your-email\"><input size=\"40\" maxlength=\"400\" class=\"wpcf7-form-control wpcf7-email wpcf7-validates-as-required wpcf7-text wpcf7-validates-as-email\" aria-required=\"true\" aria-invalid=\"false\" value=\"\" type=\"email\" name=\"your-email\" \/><\/span> <\/label>\n\t\t\t<\/p>\n\t\t\t<p><label><span class=\"bt_bb_required\">Telefonul dvs.<\/span><br \/>\n<span class=\"wpcf7-form-control-wrap\" data-name=\"your-phone\"><input size=\"40\" class=\"wpcf7-form-control wpcf7-phonetext wpcf7-text wpcf7-validates-as-phonetext\" id=\"int_phone\" aria-invalid=\"false\" value=\"\" type=\"text\" name=\"your-phone\" \/><input type=\"hidden\" name=\"your-phone-country-code\" class=\"wpcf7-phonetext-country-code\" \/><\/span> <\/label>\n\t\t\t<\/p>\n\t\t\t<p><label><span class=\"bt_bb_required\">Mesajul dvs.<\/span><br \/>\n<span class=\"wpcf7-form-control-wrap\" data-name=\"your-message\"><textarea cols=\"40\" rows=\"10\" maxlength=\"2000\" class=\"wpcf7-form-control wpcf7-textarea wpcf7-validates-as-required\" aria-required=\"true\" aria-invalid=\"false\" name=\"your-message\"><\/textarea><\/span> <\/label>\n\t\t\t<\/p>\n\t\t\t<p><label><span class=\"bt_bb_required\" style=\"margin-top:25px !important;\"><span class=\"wpcf7-form-control-wrap\" data-name=\"accept-this-1\"><span class=\"wpcf7-form-control wpcf7-acceptance\"><span class=\"wpcf7-list-item\"><label><input type=\"checkbox\" name=\"accept-this-1\" value=\"1\" aria-invalid=\"false\" \/><span class=\"wpcf7-list-item-label\">Sunt de acord cu <a target=\"_blank\" href=\"https:\/\/groupflorence.com\/ro\/terms-of-use\/\">Termenii \u0219i Serviciile<\/a>.<\/span><\/label><\/span><\/span><\/span><\/span><\/label>\n\t\t\t<\/p>\n\t\t\t<p><input class=\"wpcf7-form-control wpcf7-submit has-spinner contact_button_int\" type=\"submit\" value=\"TRIMITE MESAJ\" \/>\n\t\t\t<\/p>\n\t\t<\/div>\n\t<\/div>\n\t<div class=\"rowItem rowInnerItem col-md-6  btTextLeft\">\n\t\t<div class=\"rowItemContent\">\n\t\t\t<p align=\"center\" style=\"margin-top:30px;\"><br \/>\n<a href=\"http:\/\/florencenightingale.wetransfer.com\/\" target=\"_blank\" title=\"Click Here To Transfer Your Documents via WeTransfer\"><img decoding=\"async\"  align=\"center\" style=\"max-width:250px !important;\" class=\"lazy loaded\" src=\"https:\/\/groupflorence.com\/ro\/wp-content\/uploads\/2020\/08\/89130-wetransfer-default-logo-rgb-original-1365619064-e1599162229581.png\" data-src=\"https:\/\/groupflorence.com\/ro\/wp-content\/uploads\/2020\/08\/89130-wetransfer-default-logo-rgb-original-1365619064-e1599162229581.png\" alt=\"Click Here To Transfer Your Documents via WeTransfer\" title=\"Click Here To Transfer Your Documents via WeTransfer\" data-was-processed=\"true\" \/><\/a>\n\t\t\t<\/p>\n\t\t\t<h3 align=\"center\"><a href=\"http:\/\/florencenightingale.wetransfer.com\/\" target=\"_blank\" title=\"Click Here To Transfer Your Documents via WeTransfer\">Trimite prin WeTransfer<\/a>\n\t\t\t<\/h3>\n\t\t\t<p align=\"center\">Pute\u021bi trimite documentele dvs. medicale supradimensionate (\u00eenregistr\u0103ri RMN, rezultate de laborator, imagini etc.) folosind contul nostru WeTransfer. Este u\u0219or, rapid \u0219i sigur.\n\t\t\t<\/p>\n\t\t<\/div>\n\t\t<center>\n\t\t\t<p><a href=\"http:\/\/florencenightingale.wetransfer.com\/\" class=\"btBtn btBtn btnFilledStyle btnAccentColor btnSmall btnNormalWidth btnRightPosition btnNoIcon\" target=\"_blank\"><span class=\"btnInnerText\">Trimite acum<\/span><\/a>\n\t\t\t<\/p>\n\t\t<\/center>\n\t<\/div>\n<\/div><div class=\"wpcf7-response-output\" aria-hidden=\"true\"><\/div>\n<\/form>\n<\/div>\n<\/div><div class=\"btClear btSeparator topSpaced noBorder\" ><hr><\/div><\/div><\/div><\/div><\/div><\/div><\/div><\/div><\/section>\n","protected":false},"excerpt":{"rendered":"","protected":false},"author":1,"featured_media":0,"parent":5239,"menu_order":1,"comment_status":"closed","ping_status":"closed","template":"","meta":{"footnotes":""},"class_list":["post-5320","page","type-page","status-publish","hentry"],"_links":{"self":[{"href":"https:\/\/groupflorence.com\/ro\/wp-json\/wp\/v2\/pages\/5320","targetHints":{"allow":["GET"]}}],"collection":[{"href":"https:\/\/groupflorence.com\/ro\/wp-json\/wp\/v2\/pages"}],"about":[{"href":"https:\/\/groupflorence.com\/ro\/wp-json\/wp\/v2\/types\/page"}],"author":[{"embeddable":true,"href":"https:\/\/groupflorence.com\/ro\/wp-json\/wp\/v2\/users\/1"}],"replies":[{"embeddable":true,"href":"https:\/\/groupflorence.com\/ro\/wp-json\/wp\/v2\/comments?post=5320"}],"version-history":[{"count":7,"href":"https:\/\/groupflorence.com\/ro\/wp-json\/wp\/v2\/pages\/5320\/revisions"}],"predecessor-version":[{"id":6161,"href":"https:\/\/groupflorence.com\/ro\/wp-json\/wp\/v2\/pages\/5320\/revisions\/6161"}],"up":[{"embeddable":true,"href":"https:\/\/groupflorence.com\/ro\/wp-json\/wp\/v2\/pages\/5239"}],"wp:attachment":[{"href":"https:\/\/groupflorence.com\/ro\/wp-json\/wp\/v2\/media?parent=5320"}],"curies":[{"name":"wp","href":"https:\/\/api.w.org\/{rel}","templated":true}]}}