{"id":5239,"date":"2020-11-04T16:47:52","date_gmt":"2020-11-04T13:47:52","guid":{"rendered":"https:\/\/groupflorence.com\/ro\/?page_id=5239"},"modified":"2023-09-06T15:41:13","modified_gmt":"2023-09-06T12:41:13","slug":"group-florence-london","status":"publish","type":"page","link":"https:\/\/groupflorence.com\/ro\/group-florence-london\/","title":{"rendered":"Group Florence London Clinica de Frumuse\u021be"},"content":{"rendered":"<p><section id=\"bt_section69eb7e43ca5c6\"  class=\"boldSection gutter\" ><div class=\"port\"><div class=\"boldCell\"><div class=\"boldCellInner\"><div class=\"boldRow  \" ><div class=\"boldRowInner\"><div class=\"rowItem col-md-12 col-ms-12  btTextCenter inherit\"  ><div class=\"rowItemContent\" ><div class=\"btClear btSeparator topSemiSpaced noBorder\" ><hr><\/div><header class=\"header btClear large btDash bottomDash  btAccentDash\" ><div class=\"dash\"><h2><span class=\"headline\"><b class=\"animate\">Group Florence Nightingale Hospitals Ltd UK<\/b><\/span><\/h2><\/div><\/header><div class=\"btClear btSeparator topSemiSpaced noBorder\" ><hr><\/div><\/div><\/div><\/div><\/div><div class=\"boldRow  \" ><div class=\"boldRowInner\"><div class=\"rowItem col-md-6 col-sm-12 btTextCenter btMiddleVertical btDoublePadding\"  ><div class=\"rowItemContent\" ><div class=\"btText\" ><\/p>\n<p>TOATE PROCEDURI au loc la Spitalul Florence Nightingale din Istanbul, Turcia. (Spitalul nostru contractat)<\/p>\n<p>Spitalul reprezint\u0103 o tehnologie de ultim\u0103 or\u0103 \u00een \u00eengrijirea medical\u0103 de la cea mai sofisticat\u0103 robotic\u0103 chirurgical\u0103 \u0219i monitorizarea wireless de 24 de ore p\u00e2n\u0103 la paturile inteligente ale pacien\u021bilor \u0219i un mediu reglementat conceput pentru a oferi pacien\u021bilor no\u0219tri interna\u021bionali un tratament holistic \u0219i pachet de \u00eengrijire nu doar la \u2014 ci dincolo de \u2014 standardele JCI acceptate la nivel interna\u021bional.<\/p>\n<p><strong>Adresa: <\/strong><a href=\"https:\/\/goo.gl\/maps\/LYHGPFYnjqBWKsbu7\" target=\"_blank\" rel=\"noopener noreferrer\"><em>42 Harley Street London W1G 9PR<\/em><\/a><\/p>\n<p><strong><span style=\"color: #339966;\">Linie Whatsapp<\/span>: <a href=\"https:\/\/api.whatsapp.com\/send?phone=+447470063715\" target=\"_blank\" rel=\"noopener noreferrer\" data-content=\"https:\/\/api.whatsapp.com\/send?phone=+447470063715\" data-type=\"external\">+44 7470 06 37 15<\/a><\/strong><\/p>\n<p>\n<\/div><\/div><\/div><div class=\"rowItem col-md-6 col-sm-12 btTextCenter btMiddleVertical btDoublePadding\"  ><div class=\"rowItemContent\" ><div class=\"btClear btSeparator topSemiSpaced noBorder bt_bb_hidden_sm bt_bb_hidden_md bt_bb_hidden_lg\" ><hr><\/div><div class=\"btText\" ><\/p>\n<p><iframe loading=\"lazy\" title=\"Florencell Aesthetics &amp; Beauty Clinic at London (HD)\" width=\"1200\" height=\"675\" src=\"https:\/\/www.youtube.com\/embed\/oLy1T0k-_5I?feature=oembed\" frameborder=\"0\" allow=\"accelerometer; autoplay; clipboard-write; encrypted-media; gyroscope; picture-in-picture; web-share\" allowfullscreen><\/iframe><\/p>\n<p>\n<\/div><\/div><\/div><\/div><\/div><div class=\"boldRow  \" ><div class=\"boldRowInner\"><\/div><\/div><div class=\"boldRow  \" ><div class=\"boldRowInner\"><div class=\"rowItem col-md-12 col-ms-12  btTextCenter inherit\"  ><div class=\"rowItemContent\" ><div class=\"btClear btSeparator topSpaced noBorder\" ><hr><\/div><header class=\"header btClear large btDash bottomDash  btAccentDash\" ><div class=\"dash\"><h2><span class=\"headline\"><b class=\"animate\">Servicii<\/b><\/span><\/h2><\/div><\/header><div class=\"btClear btSeparator topSemiSpaced noBorder\" ><hr><\/div><\/div><\/div><\/div><\/div><div class=\"boldRow  \" ><div class=\"boldRowInner\"><div class=\"rowItem col-md-4 col-ms-12 btTextCenter inherit btDoublePadding\"  ><div class=\"rowItemContent\" ><div class=\"bpgPhoto btTextCenter\" > \r\n\t\t\t\t\t<a href=\"https:\/\/groupflorence.com\/ro\/group-florence-london\/beauty-clinic\/\" target=\"_blank\" title=\"\"><\/a>\r\n\t\t\t\t\t<div class=\"boldPhotoBox\"><div class=\"bpbItem\"><div class = \"btImage\"><img decoding=\"async\" src=\"https:\/\/groupflorence.com\/ro\/wp-content\/uploads\/2020\/11\/Beauty-Clinic_web2-300x169-1.jpg\" alt=\"\" title=\"\" ><\/div><\/div><\/div>\r\n\t\t\t\t\t<div class=\"captionPane\">\r\n\t\t\t\t\t\t<div class=\"captionTable\">\r\n\t\t\t\t\t\t\t<div class=\"captionCell\">\r\n\t\t\t\t\t\t\t\t<div class=\"captionTxt\"><\/div>\r\n\t\t\t\t\t\t\t<\/div>\r\n\t\t\t\t\t\t<\/div>\r\n\t\t\t\t\t<\/div><\/div><div class=\"btClear btSeparator topSmallSpaced noBorder\" ><hr><\/div><div class=\"btText\" ><\/p>\n<h3 style=\"text-align: center;\"><a href=\"https:\/\/groupflorence.com\/ro\/group-florence-london\/beauty-clinic\/\">Clinica de Frumuse\u021be<\/a><\/h3>\n<p>\n<\/div><div class=\"btClear btSeparator topExtraSmallSpaced noBorder\" ><hr><\/div><div class=\"btText\" ><\/p>\n<p style=\"text-align: center;\">Centru de wellness dedicat frumuse\u021bii \u0219i \u00eengrijirii printr-o aten\u021bie unic\u0103 \u0219i personalizat\u0103.<\/p>\n<p>\n<\/div><div class=\"btClear btSeparator topSmallSpaced noBorder\" ><hr><\/div><a href=\"https:\/\/groupflorence.com\/ro\/group-florence-london\/beauty-clinic\/\" class=\"btBtn btBtn btnOutlineStyle btnAccentColor btnExtraSmall btnNormalWidth btnRightPosition btnNoIcon\"  target=\"_blank\"><span class=\"btnInnerText\">More&#8230;<\/span><\/a><\/div><\/div><div class=\"rowItem col-md-4 col-ms-12 btTextCenter inherit btDoublePadding\"  ><div class=\"rowItemContent\" ><div class=\"bpgPhoto btTextCenter\" > \r\n\t\t\t\t\t<a href=\"https:\/\/groupflorence.com\/ro\/group-florence-london\/hair-transplant\/\" target=\"_self\" title=\"\"><\/a>\r\n\t\t\t\t\t<div class=\"boldPhotoBox\"><div class=\"bpbItem\"><div class = \"btImage\"><img decoding=\"async\" src=\"https:\/\/groupflorence.com\/ro\/wp-content\/uploads\/2020\/11\/hair_web.jpg\" alt=\"\" title=\"\" ><\/div><\/div><\/div>\r\n\t\t\t\t\t<div class=\"captionPane\">\r\n\t\t\t\t\t\t<div class=\"captionTable\">\r\n\t\t\t\t\t\t\t<div class=\"captionCell\">\r\n\t\t\t\t\t\t\t\t<div class=\"captionTxt\"><\/div>\r\n\t\t\t\t\t\t\t<\/div>\r\n\t\t\t\t\t\t<\/div>\r\n\t\t\t\t\t<\/div><\/div><div class=\"btClear btSeparator topSmallSpaced noBorder\" ><hr><\/div><div class=\"btText\" ><\/p>\n<h3 style=\"text-align: center;\"><a href=\"https:\/\/groupflorence.com\/ro\/group-florence-london\/hair-transplant\/\">Transplant de Par<\/a><\/h3>\n<p>\n<\/div><div class=\"btClear btSeparator topExtraSmallSpaced noBorder\" ><hr><\/div><div class=\"btText\" ><\/p>\n<p style=\"text-align: center;\">G\u0103sirea centrului de transplant de p\u0103r la o rat\u0103 accesibil\u0103 nu este o sarcin\u0103 mic\u0103.<\/p>\n<p>\n<\/div><div class=\"btClear btSeparator topSmallSpaced noBorder\" ><hr><\/div><a href=\"https:\/\/groupflorence.com\/ro\/group-florence-london\/hair-transplant\/\" class=\"btBtn btBtn btnOutlineStyle btnAccentColor btnExtraSmall btnNormalWidth btnRightPosition btnNoIcon\"  target=\"_blank\"><span class=\"btnInnerText\">More&#8230;<\/span><\/a><\/div><\/div><div class=\"rowItem col-md-4 col-ms-12 btTextCenter inherit btDoublePadding\"  ><div class=\"rowItemContent\" ><div class=\"bpgPhoto btTextCenter\" > \r\n\t\t\t\t\t<a href=\"https:\/\/groupflorence.com\/ro\/group-florence-london\/cosmetic-surgery\/\" target=\"_self\" title=\"\"><\/a>\r\n\t\t\t\t\t<div class=\"boldPhotoBox\"><div class=\"bpbItem\"><div class = \"btImage\"><img decoding=\"async\" src=\"https:\/\/groupflorence.com\/ro\/wp-content\/uploads\/2020\/11\/Cosmetic-Surgery_web.jpg\" alt=\"\" title=\"\" ><\/div><\/div><\/div>\r\n\t\t\t\t\t<div class=\"captionPane\">\r\n\t\t\t\t\t\t<div class=\"captionTable\">\r\n\t\t\t\t\t\t\t<div class=\"captionCell\">\r\n\t\t\t\t\t\t\t\t<div class=\"captionTxt\"><\/div>\r\n\t\t\t\t\t\t\t<\/div>\r\n\t\t\t\t\t\t<\/div>\r\n\t\t\t\t\t<\/div><\/div><div class=\"btClear btSeparator topSmallSpaced noBorder\" ><hr><\/div><div class=\"btText\" ><\/p>\n<h3 style=\"text-align: center;\"><a href=\"https:\/\/groupflorence.com\/ro\/group-florence-london\/cosmetic-surgery\/\">Chirurgie Plastic\u0103<\/a><\/h3>\n<p>\n<\/div><div class=\"btClear btSeparator topExtraSmallSpaced noBorder\" ><hr><\/div><div class=\"btText\" ><\/p>\n<p style=\"text-align: center;\">Furnizarea de standarde de v\u00e2rf \u00een industrie de chirurgie estetic\u0103 cuprinz\u0103toare.<\/p>\n<p>\n<\/div><div class=\"btClear btSeparator topSmallSpaced noBorder\" ><hr><\/div><a href=\"https:\/\/groupflorence.com\/ro\/group-florence-london\/cosmetic-surgery\/\" class=\"btBtn btBtn btnOutlineStyle btnAccentColor btnExtraSmall btnNormalWidth btnRightPosition btnNoIcon\"  target=\"_blank\"><span class=\"btnInnerText\">More&#8230;<\/span><\/a><\/div><\/div><\/div><\/div><div class=\"boldRow  \" ><div class=\"boldRowInner\"><div class=\"rowItem col-md-12 col-ms-12  btTextLeft\"  ><div class=\"rowItemContent\" ><div class=\"btClear btSeparator topSpaced noBorder\" ><hr><\/div><\/div><\/div><\/div><\/div><\/div><\/div><\/div><\/section><section id=\"bt_section69eb7e43cc051\"  class=\"boldSection gutter inherit\" style=\"background-color:#f4f4f4;\"><div class=\"port\"><div class=\"boldCell\"><div class=\"boldCellInner\"><div class=\"boldRow  \" ><div class=\"boldRowInner\"><div class=\"rowItem col-md-12 col-ms-12  btTextLeft\"  ><div class=\"rowItemContent\" ><div class=\"btClear btSeparator topSpaced noBorder\" ><hr><\/div><\/div><\/div><\/div><\/div><div class=\"boldRow  bt_bb_hidden_xs bt_bb_hidden_ms bt_bb_hidden_sm bt_bb_hidden_md bt_bb_hidden_lg\" ><div class=\"boldRowInner\"><div class=\"rowItem col-md-4 col-ms-12 btTextCenter inherit\"  ><div class=\"rowItemContent\" ><header class=\"header btClear medium  btAccentDash\" ><div class=\"dash\"><h3><span class=\"headline\">Ne uit\u0103m dup\u0103 ce \u00eencepi s\u0103 te sf\u00e2r\u015fe\u015fti<\/span><\/h3><\/div><\/header><div class=\"btClear btSeparator topExtraSmallSpaced noBorder\" ><hr><\/div><div class=\"btText\" ><\/p>\n<p>Centrul nostru pentru Pacien\u021bi Interna\u021bionali este dedicat pentru a oferi servicii one-stop de la \u00eenceput p\u00e2n\u0103 la sf\u00e2r\u0219it, 24 de ore pe zi, 7 zile pe s\u0103pt\u0103m\u00e2n\u0103, cu o echip\u0103 complet instruit\u0103 \u0219i experimentat\u0103 de consilieri \u0219i interpre\u021bi pentru a v\u0103 coordona toate nevoile medicale, c\u0103l\u0103toriile, cazarea, petrecerea timpului liber \u0219i alte nevoi f\u0103r\u0103 probleme \u0219i profesional.<\/p>\n<p>\n<\/div><\/div><\/div><div class=\"rowItem col-md-4 col-ms-12 btTextCenter inherit\"  ><div class=\"rowItemContent\" ><header class=\"header btClear medium  btAccentDash\" ><div class=\"dash\"><h3><span class=\"headline\">30 de ani de experien\u021b\u0103<\/span><\/h3><\/div><\/header><div class=\"btClear btSeparator topExtraSmallSpaced noBorder\" ><hr><\/div><div class=\"btText\" ><\/p>\n<p>Grupul Florence Nightingale se afl\u0103 \u00een fruntea industriei de s\u0103n\u0103tate din regiune din 1989. Grupul Florence Nightingale a dezvoltat \u201eCentrele de Excelen\u0163\u0103\u201d cu capacit\u0103\u0163i de tratament expert, chirurgie \u015fi diagnostic \u00een cadrul celor cinci spitale \u015fi trei centre medicale ale Grupului, fiecare centru fiind recunoscut \u00een specializarea sa nu numai \u00een Turcia, ci \u015fi \u00een \u00eentreaga regiune.<\/p>\n<p>\n<\/div><\/div><\/div><div class=\"rowItem col-md-4 col-ms-12 btTextCenter inherit\"  ><div class=\"rowItemContent\" ><header class=\"header btClear medium  btAccentDash\" ><div class=\"dash\"><h3><span class=\"headline\">Un record dovedit de excelen\u0163\u0103<\/span><\/h3><\/div><\/header><div class=\"btClear btSeparator topExtraSmallSpaced noBorder\" ><hr><\/div><div class=\"btText\" ><\/p>\n<p>Ast\u0103zi, Grupul Florence Nightingale reprezint\u0103 anual 70.000 de interna\u0163i \u015fi 250.000 de ambulatori, o capacitate de pat 804 pacien\u0163i, 141 de paturi ATI \u015fi 40 de s\u0103li de opera\u0163ie.<\/p>\n<p>\n<\/div><\/div><\/div><\/div><\/div><div class=\"boldRow  bt_bb_hidden_xs bt_bb_hidden_ms bt_bb_hidden_sm bt_bb_hidden_md bt_bb_hidden_lg\" ><div class=\"boldRowInner\"><div class=\"rowItem col-md-12 col-ms-12  btTextLeft\"  ><div class=\"rowItemContent\" ><div class=\"btClear btSeparator topSpaced noBorder\" ><hr><\/div><\/div><\/div><\/div><\/div><div class=\"boldRow  \" ><div class=\"boldRowInner\"><div class=\"rowItem col-md-4 col-ms-12 btTextCenter inherit\"  ><div class=\"rowItemContent\" ><header class=\"header btClear medium  btAccentDash\" ><div class=\"dash\"><h3><span class=\"headline\">Recunoscut \u0219i acreditat pe plan interna\u021bional<\/span><\/h3><\/div><\/header><div class=\"btClear btSeparator topExtraSmallSpaced noBorder\" ><hr><\/div><div class=\"btText\" ><\/p>\n<p>Grupul Florence Nightingale a fost unul dintre primele spitale turce\u015fti acreditate de Joint Commission International (JCI), bra\u0163ul interna\u0163ional al organiza\u0163iei care examineaz\u0103 \u015fi acrediteaz\u0103 spitalele americane.<\/p>\n<p>\n<\/div><\/div><\/div><div class=\"rowItem col-md-4 col-ms-12 btTextCenter inherit\"  ><div class=\"rowItemContent\" ><header class=\"header btClear medium  btAccentDash\" ><div class=\"dash\"><h3><span class=\"headline\">Exper\u0163i medicali cu experien\u0163\u0103, instrui\u0163i la nivel<\/span><\/h3><\/div><\/header><div class=\"btClear btSeparator topExtraSmallSpaced noBorder\" ><hr><\/div><div class=\"btText\" ><\/p>\n<p>To\u0163i medicii din Grupul Florence Nightingale sunt autoriza\u0163i pe deplin de Consiliul Medical Turc pentru a-\u015fi practica specialitatea \u00een Turcia. \u00cen plus, mul\u021bi sunt Certified Board \u00een specialitatea lor \u00een SUA, Australia sau Europa.<\/p>\n<p>\n<\/div><\/div><\/div><div class=\"rowItem col-md-4 col-ms-12 btTextCenter inherit\"  ><div class=\"rowItemContent\" ><header class=\"header btClear medium  btAccentDash\" ><div class=\"dash\"><h3><span class=\"headline\">Tehnologie \u0219i echipamente de ultim\u0103 genera\u021bie<\/span><\/h3><\/div><\/header><div class=\"btClear btSeparator topExtraSmallSpaced noBorder\" ><hr><\/div><div class=\"btText\" ><\/p>\n<p>Au fost f\u0103cute progrese uimitoare \u00een domeniul \u0219tiin\u021bei medicale \u0219i al tehnologiei utilizate pentru a oferi tratament pacien\u021bilor din toate domeniile de specializare, \u00een ultimii ani.<\/p>\n<p>\n<\/div><\/div><\/div><\/div><\/div><div class=\"boldRow  \" ><div class=\"boldRowInner\"><div class=\"rowItem col-md-12 col-ms-12  btTextLeft\"  ><div class=\"rowItemContent\" ><div class=\"btClear btSeparator topSpaced noBorder\" ><hr><\/div><\/div><\/div><\/div><\/div><\/div><\/div><\/div><\/section><section id=\"bt_section69eb7e43cc9ed\"  class=\"boldSection gutter\" ><div class=\"port\"><div class=\"boldCell\"><div class=\"boldCellInner\"><div class=\"boldRow  \" ><div class=\"boldRowInner\"><div class=\"rowItem col-md-12 col-ms-12  btTextCenter inherit\"  ><div class=\"rowItemContent\" ><div class=\"btClear btSeparator topSpaced noBorder\" ><hr><\/div><header class=\"header btClear large btDash bottomDash  btAccentDash\" ><div class=\"dash\"><h2><span class=\"headline\"><b class=\"animate\">Echipa noastr\u0103<\/b><\/span><\/h2><\/div><\/header><div class=\"btClear btSeparator topSemiSpaced noBorder\" ><hr><\/div><\/div><\/div><\/div><\/div><div class=\"boldRow  \" ><div class=\"boldRowInner\"><div class=\"rowItem col-md-4 col-ms-12 btTextCenter inherit btDoublePadding\"  ><div class=\"rowItemContent\" ><div class=\"bpgPhoto btTextCenter\" ><div class=\"btImage\"><img decoding=\"async\" src=\"https:\/\/groupflorence.com\/ro\/wp-content\/uploads\/2022\/11\/Ali-Uzpak-200_223.jpg\" alt=\"\" title=\"\"><\/div><\/div><div class=\"btClear btSeparator topSemiSpaced noBorder\" ><hr><\/div><header class=\"header btClear small btDash bottomDash  btNormalDash\" ><div class=\"dash\"><h4><span class=\"headline\">Ali Uzpak, M.D.<\/span><\/h4><\/div><div class=\"btSubTitle\">Orthopedics and Traumatology<\/div><\/header><div class=\"btClear btSeparator noBorder\" ><hr><\/div><\/div><\/div><div class=\"rowItem col-md-4 col-ms-12 btTextCenter inherit btDoublePadding\"  ><div class=\"rowItemContent\" ><div class=\"bpgPhoto btTextCenter\" ><div class=\"btImage\"><img decoding=\"async\" src=\"https:\/\/groupflorence.com\/ro\/wp-content\/uploads\/2020\/11\/Behruz.jpg\" alt=\"\" title=\"\"><\/div><\/div><div class=\"btClear btSeparator topSemiSpaced noBorder\" ><hr><\/div><header class=\"header btClear small btDash bottomDash  btNormalDash\" ><div class=\"dash\"><h4><span class=\"headline\">Behruz Uysal, M.D.<\/span><\/h4><\/div><div class=\"btSubTitle\">Hair Transplant Surgeon<\/div><\/header><div class=\"btClear btSeparator noBorder\" ><hr><\/div><\/div><\/div><div class=\"rowItem col-md-4 col-ms-12 btTextCenter inherit btDoublePadding\"  ><div class=\"rowItemContent\" ><div class=\"bpgPhoto btTextCenter\" ><div class=\"btImage\"><img decoding=\"async\" src=\"https:\/\/groupflorence.com\/ro\/wp-content\/uploads\/2023\/09\/g9CUjNRc.webp\" alt=\"\" title=\"\"><\/div><\/div><div class=\"btClear btSeparator topSemiSpaced noBorder\" ><hr><\/div><header class=\"header btClear small btDash bottomDash  btNormalDash\" ><div class=\"dash\"><h4><span class=\"headline\">\u00d6zlem \u00c7OLAK, M.D.<\/span><\/h4><\/div><div class=\"btSubTitle\">Aesthetic &amp; Plastic Surgery<\/div><\/header><div class=\"btClear btSeparator noBorder\" ><hr><\/div><\/div><\/div><\/div><\/div><div class=\"boldRow  \" ><div class=\"boldRowInner\"><div class=\"rowItem col-md-12 col-ms-12  btTextLeft\"  ><div class=\"rowItemContent\" ><div class=\"btClear btSeparator topExtraSpaced noBorder\" ><hr><\/div><\/div><\/div><\/div><\/div><\/div><\/div><\/div><\/section><\/p>\n","protected":false},"excerpt":{"rendered":"","protected":false},"author":1,"featured_media":0,"parent":0,"menu_order":0,"comment_status":"closed","ping_status":"closed","template":"","meta":{"footnotes":""},"class_list":["post-5239","page","type-page","status-publish","hentry"],"_links":{"self":[{"href":"https:\/\/groupflorence.com\/ro\/wp-json\/wp\/v2\/pages\/5239","targetHints":{"allow":["GET"]}}],"collection":[{"href":"https:\/\/groupflorence.com\/ro\/wp-json\/wp\/v2\/pages"}],"about":[{"href":"https:\/\/groupflorence.com\/ro\/wp-json\/wp\/v2\/types\/page"}],"author":[{"embeddable":true,"href":"https:\/\/groupflorence.com\/ro\/wp-json\/wp\/v2\/users\/1"}],"replies":[{"embeddable":true,"href":"https:\/\/groupflorence.com\/ro\/wp-json\/wp\/v2\/comments?post=5239"}],"version-history":[{"count":79,"href":"https:\/\/groupflorence.com\/ro\/wp-json\/wp\/v2\/pages\/5239\/revisions"}],"predecessor-version":[{"id":6336,"href":"https:\/\/groupflorence.com\/ro\/wp-json\/wp\/v2\/pages\/5239\/revisions\/6336"}],"wp:attachment":[{"href":"https:\/\/groupflorence.com\/ro\/wp-json\/wp\/v2\/media?parent=5239"}],"curies":[{"name":"wp","href":"https:\/\/api.w.org\/{rel}","templated":true}]}}