{"id":4979,"date":"2020-10-29T18:36:29","date_gmt":"2020-10-29T15:36:29","guid":{"rendered":"https:\/\/groupflorence.com\/ro\/?page_id=4979"},"modified":"2020-12-17T01:42:06","modified_gmt":"2020-12-16T22:42:06","slug":"general-surgery","status":"publish","type":"page","link":"https:\/\/groupflorence.com\/ro\/centers-treatments\/general-surgery\/","title":{"rendered":"Chirurgie Generala"},"content":{"rendered":"<section id=\"bt_section69ec0ffa265e5\"  class=\"boldSection gutter\" ><div class=\"port\"><div class=\"boldCell\"><div class=\"boldCellInner\"><div class=\"boldRow  \" ><div class=\"boldRowInner\"><div class=\"rowItem col-md-4 col-ms-12 btTextLeft\"  ><div class=\"rowItemContent\" ><div class=\"btClear btSeparator topSpaced noBorder\" ><hr><\/div><div class=\"btCustomMenu treatment-sidebar\" ><div class=\"menu-general-surgery-container\"><ul id=\"menu-general-surgery\" class=\"menu\"><li id=\"menu-item-4996\" class=\"menu-item menu-item-type-post_type menu-item-object-page menu-item-has-children menu-item-4996\"><a href=\"https:\/\/groupflorence.com\/ro\/centers-treatments\/\">Centre &#038; Departamente<\/a><ul class=\"sub-menu\"><li id=\"menu-item-4997\" class=\"menu-item menu-item-type-post_type menu-item-object-page menu-item-4997\"><a href=\"https:\/\/groupflorence.com\/ro\/centers-treatments\/general-surgery\/\">Chirurgie Generala<\/a><\/li><\/ul><\/li>\n<\/ul><\/div><\/div><div class=\"btClear btSeparator topSemiSpaced noBorder\" ><hr><\/div><div class=\"boldRow boldInnerRow  bt_bb_hidden_xs bt_bb_hidden_ms bt_bb_hidden_sm\" ><div class=\"rowItem rowInnerItem col-md-12  btTextCenter btMiddleVertical\"  ><div class=\"rowItemContent\"><div class=\"bpgPhoto btTextCenter\" > \r\n\t\t\t\t\t<a href=\"https:\/\/groupflorence.com\/ro\/patient-guide\/covid-19-precautions\/\" target=\"_blank\" title=\"\"><\/a>\r\n\t\t\t\t\t<div class=\"boldPhotoBox\"><div class=\"bpbItem\"><div class = \"btImage\"><img decoding=\"async\" src=\"https:\/\/groupflorence.com\/ro\/wp-content\/uploads\/2020\/12\/covid-safe-sidebar-320x186.jpg\" alt=\"\" title=\"\" ><\/div><\/div><\/div>\r\n\t\t\t\t\t<div class=\"captionPane\">\r\n\t\t\t\t\t\t<div class=\"captionTable\">\r\n\t\t\t\t\t\t\t<div class=\"captionCell\">\r\n\t\t\t\t\t\t\t\t<div class=\"captionTxt\"><\/div>\r\n\t\t\t\t\t\t\t<\/div>\r\n\t\t\t\t\t\t<\/div>\r\n\t\t\t\t\t<\/div><\/div><div class=\"btClear btSeparator topSmallSpaced bottomSmallSpaced border\" ><hr><\/div><a href=\"https:\/\/groupflorence.com\/ro\/contact-us\/\" class=\"btBtn btBtn btnFilledStyle btnAccentColor btnBig btnNormalWidth btnLeftPosition btnNoIcon\" ><span class=\"btnInnerText\">Ask A Question<\/span><\/a><\/div><\/div><\/div><\/div><\/div><div class=\"rowItem col-md-8 col-ms-12 btTextLeft\"  ><div class=\"rowItemContent\" ><div class=\"btClear btSeparator topSemiSpaced noBorder\" ><hr><\/div><header class=\"header btClear medium btDash bottomDash  btNormalDash\" ><div class=\"dash\"><h3><span class=\"headline\"><b class=\"animate\">Chirurgie Generala<\/b><\/span><\/h3><\/div><\/header><div class=\"btClear btSeparator topExtraSmallSpaced noBorder\" ><hr><\/div><div class=\"btText\" ><\/p>\n<p><strong>Grupul Florence Nightingale Spitale, Departamentul de Chirurgie General\u0103<\/strong> ofer\u0103 toate metodele de tratament acceptate \u0219i recente pacien\u021bilor no\u0219tri.<\/p>\n<p>Principiile de baz\u0103 ale <strong>Grupului Florence Nightingale Spitalelor, Departamentul de Chirurgie General\u0103 sunt<\/strong>;<\/p>\n<ul>\n<li>Abordare holistic\u0103<\/li>\n<li>Munca \u00een echip\u0103<\/li>\n<li>Sub-specializare<\/li>\n<li>Abordare minim invaziv\u0103 (abordare chirurgical\u0103 laparoscopic\u0103 \u0219i robotizat\u0103)<\/li>\n<\/ul>\n<p><strong>Ce este abordarea holistic\u0103?<\/strong><\/p>\n<p>Exper\u021bii no\u0219tri nu se concentreaz\u0103 numai asupra organului care urmeaz\u0103 s\u0103 fie operat, ci \u0219i asupra bun\u0103st\u0103rii pacientului \u00een toate sensurile. Prin urmare, echipa noastr\u0103<\/p>\n<ul>\n<li>\u00ee\u0219i propune s\u0103 reduc\u0103 la minimum complica\u021biile oferind \u00een acela\u0219i timp beneficii maxime pacien\u021bilor no\u0219tri.<\/li>\n<li>prezint\u0103 un serviciu de s\u0103n\u0103tate eficient \u0219i sigur.<\/li>\n<\/ul>\n<p><strong>Munca \u00een echip\u0103<\/strong><\/p>\n<p>Credem c\u0103 fiecare opera\u021bie depinde de o munc\u0103 \u00een echip\u0103 f\u0103r\u0103 probleme, iar munca de echip\u0103 reu\u0219it\u0103 aduce perfec\u021biunea unei orchestre simfonice.<\/p>\n<p>Cea mai important\u0103 parte a echipei chirurgicale este echipa de anestezie \u0219i terapie intensiv\u0103. Institu\u021bia noastr\u0103 ofer\u0103 acelea\u0219i servicii de \u00eenalt\u0103 calitate ca \u0219i serviciile \u00een multe \u021b\u0103ri dezvoltate.<\/p>\n<p>Deoarece spitalul nostru este una dintre cele mai importante institu\u021bii ale \u021b\u0103rii noastre \u00een cardiologie (boli de inima), suportul cardiologie pentru echipele chirurgicale este extrem de avansat.<\/p>\n<p>\u00cen plus, echipa noastr\u0103 chirurgical\u0103 general\u0103 este obi\u0219nuit\u0103 s\u0103 colaboreze cu alte discipline medicale, cum ar fi bolile interne, gastroenterologia, bolile toracice, urologia, ginecologia, oncologia, radiologia \u0219i radiologia interven\u021bional\u0103 \u00een func\u021bie de nevoile pacientului.<\/p>\n<p><strong>Sub-specializare<\/strong><\/p>\n<p>\u00cen lumea medical\u0103 de ast\u0103zi, medicii care pretind c\u0103 \u201efac totul\u201d sunt \u00een afara. Deoarece progresele \u00een tehnologia medical\u0103 \u0219i literatura sunt at\u00e2t de proeminente, subspecializarea a devenit necesar\u0103.<\/p>\n<p>Domenii de subspecializare \u00een chirurgie general\u0103<\/p>\n<ul>\n<li>Chirurgie gastrointestinal\u0103<\/li>\n<li>Chirurgie colorectal\u0103 (intestinul gros \u015fi anusul)<\/li>\n<li>Chirurgie hepatobiliar\u0103 \u015fi pancreatic\u0103 (ficat, tractul biliar \u015fi pancreas)<\/li>\n<li>Chirurgie endocrin\u0103 (tiroid\u0103, gland\u0103 suprarenal\u0103, paratiroid\u0103)<\/li>\n<li>Chirurgie<\/li>\n<li>Operatie de obezitate<\/li>\n<\/ul>\n<p><strong>Abordare minim invaziv\u0103<\/strong><\/p>\n<p>Tehnologia medical\u0103 avansat\u0103 ne-a permis s\u0103 lucr\u0103m prin mici incizii \u00een multe tipuri de opera\u021bii. Aplica\u021biile chirurgiei laparoscopice, endoscopice sau robotizate, \u0219i anume chirurgia minim invaziv\u0103, au fost din ce \u00een ce mai r\u0103sp\u00e2ndite.<\/p>\n<p>\u00centreaga noastr\u0103 echip\u0103 este foarte experimentat\u0103 \u00een chirurgia minim invaziv\u0103; \u00een ultimii 5 ani, 93% din apendictomii \u0219i 97% din opera\u021biile de colecistectomie ale vezicii biliare) sunt efectuate prin metoda laparoscopic\u0103.<\/p>\n<p>Alte opera\u021bii \u00een care folosim laparoscopia sunt;<\/p>\n<ul>\n<li>Hernia inghinal\u0103 \u0219i ombilical\u0103<\/li>\n<li>Herniile de stomac<\/li>\n<li>Boli \u0219i tumori ale colonului (intestinul gros)<\/li>\n<li>Punc\u021bii ulceroase<\/li>\n<li>Bolile chistice ale ficatului<\/li>\n<li>Opera\u021bii ale splinei<\/li>\n<li>Biopsii intra-abdominale<\/li>\n<\/ul>\n<p>Chirurgia minim invaziv\u0103 ofer\u0103 recuperare rapid\u0103, mai pu\u021bin\u0103 durere \u0219i revenirea timpurie la via\u021ba de zi cu zi. Mai mult dec\u00e2t at\u00e2t, riscul de complica\u021bii dup\u0103 interven\u021bia chirurgical\u0103 este semnificativ sc\u0103zut. Cu fermitate ata\u0219at la principiile medicale de baz\u0103, efectu\u0103m o interven\u021bie chirurgical\u0103 minim invaziv\u0103 numai \u00een cazuri adecvate.<\/p>\n<p>\n<\/div><div class=\"btClear btSeparator topSemiSpaced noBorder\" ><hr><\/div><div class=\"boldRow boldInnerRow  \" ><div class=\"rowItem rowInnerItem col-md-4  btTextCenter inherit btNoPadding\" style=\"border: 1px solid #999;background-color: rgba(241, 241, 241, 1);\" ><div class=\"rowItemContent\"><div class=\"bpgPhoto btTextCenter\" ><div class=\"btImage\"><img decoding=\"async\" src=\"https:\/\/groupflorence.com\/ro\/wp-content\/uploads\/2020\/10\/Cengiz-Dibekog_lu.jpg\" alt=\"\" title=\"\"><\/div><\/div><div class=\"btIconImageRow btIconsHalfHoverPosition\" ><\/div><div class=\"btClear btSeparator topSmallSpaced noBorder\" ><hr><\/div><div class=\"btText\" ><\/p>\n<h4><a href=\"https:\/\/groupflorence.com\/ro\/doctors\/cengiz-dibekoglu\/\">Cengiz Dibeko\u011flu, MD<\/a><\/h4>\n<p>\n<\/div><div class=\"btClear btSeparator bottomExtraSmallSpaced noBorder\" ><hr><\/div><a href=\"https:\/\/groupflorence.com\/ro\/doctors\/cengiz-dibekoglu\/\" class=\"btBtn btBtn btnFilledStyle btnLightColor btnSmall btnNormalWidth btnRightPosition btnNoIcon\"  target=\"_blank\"><span class=\"btnInnerText\">VIEW CV<\/span><\/a><div class=\"btClear btSeparator topExtraSmallSpaced bottomSmallSpaced noBorder\" ><hr><\/div><\/div><\/div><div class=\"rowItem rowInnerItem col-md-4  btTextCenter inherit btNoPadding\" style=\"border: 1px solid #999;background-color: rgba(241, 241, 241, 1);\" ><div class=\"rowItemContent\"><div class=\"bpgPhoto btTextCenter\" ><div class=\"btImage\"><img decoding=\"async\" src=\"https:\/\/groupflorence.com\/ro\/wp-content\/uploads\/2020\/10\/Mehmet-Hakan-Tekeliog_lu.jpg\" alt=\"\" title=\"\"><\/div><\/div><div class=\"btIconImageRow btIconsHalfHoverPosition\" ><\/div><div class=\"btClear btSeparator topSmallSpaced noBorder\" ><hr><\/div><div class=\"btText\" ><\/p>\n<h4><a href=\"https:\/\/groupflorence.com\/ro\/doctors\/mehmet-hakan-tekelioglu\/\">Mehmet Hakan Tekelio\u011flu, MD<\/a><\/h4>\n<p>\n<\/div><div class=\"btClear btSeparator bottomExtraSmallSpaced noBorder\" ><hr><\/div><a href=\"https:\/\/groupflorence.com\/ro\/doctors\/mehmet-hakan-tekelioglu\/\" class=\"btBtn btBtn btnFilledStyle btnLightColor btnSmall btnNormalWidth btnRightPosition btnNoIcon\"  target=\"_blank\"><span class=\"btnInnerText\">VIEW CV<\/span><\/a><div class=\"btClear btSeparator topExtraSmallSpaced bottomSmallSpaced noBorder\" ><hr><\/div><\/div><\/div><div class=\"rowItem rowInnerItem col-md-4  btTextCenter inherit btNoPadding\" style=\"border: 1px solid #999;background-color: rgba(241, 241, 241, 1);\" ><div class=\"rowItemContent\"><div class=\"bpgPhoto btTextCenter\" ><div class=\"btImage\"><img decoding=\"async\" src=\"https:\/\/groupflorence.com\/ro\/wp-content\/uploads\/2020\/10\/Yas_ar-Su_mer-Yamaner-1.jpg\" alt=\"\" title=\"\"><\/div><\/div><div class=\"btIconImageRow btIconsHalfHoverPosition\" ><\/div><div class=\"btClear btSeparator topSmallSpaced noBorder\" ><hr><\/div><div class=\"btText\" ><\/p>\n<h4><a href=\"https:\/\/groupflorence.com\/ro\/doctors\/yasar-sumer-yamaner\/\">Prof. Ya\u015far S\u00fcmer Yamaner, MD<\/a><\/h4>\n<p>\n<\/div><div class=\"btClear btSeparator bottomExtraSmallSpaced noBorder\" ><hr><\/div><a href=\"https:\/\/groupflorence.com\/ro\/doctors\/yasar-sumer-yamaner\/\" class=\"btBtn btBtn btnFilledStyle btnLightColor btnSmall btnNormalWidth btnRightPosition btnNoIcon\"  target=\"_blank\"><span class=\"btnInnerText\">VIEW CV<\/span><\/a><div class=\"btClear btSeparator topExtraSmallSpaced bottomSmallSpaced noBorder\" ><hr><\/div><\/div><\/div><\/div><div class=\"btClear btSeparator topSemiSpaced noBorder\" ><hr><\/div><header class=\"header btClear medium btDash bottomDash  btAccentDash\" ><div class=\"dash\"><h3><span class=\"headline\"><em>Contact Us Now<\/em><\/span><\/h3><\/div><\/header><div class=\"btClear btSeparator bottomSmallSpaced noBorder\" ><hr><\/div><div class=\"btText\" >\n<div class=\"wpcf7 no-js\" id=\"wpcf7-f2891-o1\" lang=\"tr-TR\" dir=\"ltr\" data-wpcf7-id=\"2891\">\n<div class=\"screen-reader-response\"><p role=\"status\" aria-live=\"polite\" aria-atomic=\"true\"><\/p> <ul><\/ul><\/div>\n<form action=\"\/ro\/wp-json\/wp\/v2\/pages\/4979#wpcf7-f2891-o1\" method=\"post\" class=\"wpcf7-form init wpcf7-acceptance-as-validation\" aria-label=\"\u0130leti\u015fim Formu\" novalidate=\"novalidate\" data-status=\"init\">\n<fieldset class=\"hidden-fields-container\"><input type=\"hidden\" name=\"_wpcf7\" value=\"2891\" \/><input type=\"hidden\" name=\"_wpcf7_version\" value=\"6.1.5\" \/><input type=\"hidden\" name=\"_wpcf7_locale\" value=\"tr_TR\" \/><input type=\"hidden\" name=\"_wpcf7_unit_tag\" value=\"wpcf7-f2891-o1\" \/><input type=\"hidden\" name=\"_wpcf7_container_post\" value=\"0\" \/><input type=\"hidden\" name=\"_wpcf7_posted_data_hash\" value=\"\" \/>\n<\/fieldset>\n<p style=\"margin-bottom:30px !important;\">\u00cen timp ce completa\u021bi formularul de contact de mai jos, pute\u021bi, de asemenea, s\u0103 ne trimite\u021bi fi\u0219ierele medicale ale pacientului\/dumneavoastr\u0103 prin <strong>transfer<\/strong>. A doua opinie medical\u0103 v\u0103 va fi prezentat\u0103 \u00een termen de 48 de ore.\n<\/p>\n<div class=\"boldRow boldInnerRow  \">\n\t<div class=\"rowItem rowInnerItem col-md-6  btTextLeft\">\n\t\t<div class=\"rowItemContent\">\n\t\t\t<p><label><span class=\"bt_bb_required\">Numele t\u0103u<\/span><br \/>\n<span class=\"wpcf7-form-control-wrap\" data-name=\"your-name\"><input size=\"40\" maxlength=\"400\" class=\"wpcf7-form-control wpcf7-text wpcf7-validates-as-required\" aria-required=\"true\" aria-invalid=\"false\" value=\"\" type=\"text\" name=\"your-name\" \/><\/span> <\/label>\n\t\t\t<\/p>\n\t\t\t<p><label><span class=\"bt_bb_required\">E-mailul dvs.<\/span><br \/>\n<span class=\"wpcf7-form-control-wrap\" data-name=\"your-email\"><input size=\"40\" maxlength=\"400\" class=\"wpcf7-form-control wpcf7-email wpcf7-validates-as-required wpcf7-text wpcf7-validates-as-email\" aria-required=\"true\" aria-invalid=\"false\" value=\"\" type=\"email\" name=\"your-email\" \/><\/span> <\/label>\n\t\t\t<\/p>\n\t\t\t<p><label><span class=\"bt_bb_required\">Telefonul dvs.<\/span><br \/>\n<span class=\"wpcf7-form-control-wrap\" data-name=\"your-phone\"><input size=\"40\" class=\"wpcf7-form-control wpcf7-phonetext wpcf7-text wpcf7-validates-as-phonetext\" id=\"int_phone\" aria-invalid=\"false\" value=\"\" type=\"text\" name=\"your-phone\" \/><input type=\"hidden\" name=\"your-phone-country-code\" class=\"wpcf7-phonetext-country-code\" \/><\/span> <\/label>\n\t\t\t<\/p>\n\t\t\t<p><label><span class=\"bt_bb_required\">Mesajul dvs.<\/span><br \/>\n<span class=\"wpcf7-form-control-wrap\" data-name=\"your-message\"><textarea cols=\"40\" rows=\"10\" maxlength=\"2000\" class=\"wpcf7-form-control wpcf7-textarea wpcf7-validates-as-required\" aria-required=\"true\" aria-invalid=\"false\" name=\"your-message\"><\/textarea><\/span> <\/label>\n\t\t\t<\/p>\n\t\t\t<p><label><span class=\"bt_bb_required\" style=\"margin-top:25px !important;\"><span class=\"wpcf7-form-control-wrap\" data-name=\"accept-this-1\"><span class=\"wpcf7-form-control wpcf7-acceptance\"><span class=\"wpcf7-list-item\"><label><input type=\"checkbox\" name=\"accept-this-1\" value=\"1\" aria-invalid=\"false\" \/><span class=\"wpcf7-list-item-label\">Sunt de acord cu <a target=\"_blank\" href=\"https:\/\/groupflorence.com\/ro\/terms-of-use\/\">Termenii \u0219i Serviciile<\/a>.<\/span><\/label><\/span><\/span><\/span><\/span><\/label>\n\t\t\t<\/p>\n\t\t\t<p><input class=\"wpcf7-form-control wpcf7-submit has-spinner contact_button_int\" type=\"submit\" value=\"TRIMITE MESAJ\" \/>\n\t\t\t<\/p>\n\t\t<\/div>\n\t<\/div>\n\t<div class=\"rowItem rowInnerItem col-md-6  btTextLeft\">\n\t\t<div class=\"rowItemContent\">\n\t\t\t<p align=\"center\" style=\"margin-top:30px;\"><br \/>\n<a href=\"http:\/\/florencenightingale.wetransfer.com\/\" target=\"_blank\" title=\"Click Here To Transfer Your Documents via WeTransfer\"><img decoding=\"async\"  align=\"center\" style=\"max-width:250px !important;\" class=\"lazy loaded\" src=\"https:\/\/groupflorence.com\/ro\/wp-content\/uploads\/2020\/08\/89130-wetransfer-default-logo-rgb-original-1365619064-e1599162229581.png\" data-src=\"https:\/\/groupflorence.com\/ro\/wp-content\/uploads\/2020\/08\/89130-wetransfer-default-logo-rgb-original-1365619064-e1599162229581.png\" alt=\"Click Here To Transfer Your Documents via WeTransfer\" title=\"Click Here To Transfer Your Documents via WeTransfer\" data-was-processed=\"true\" \/><\/a>\n\t\t\t<\/p>\n\t\t\t<h3 align=\"center\"><a href=\"http:\/\/florencenightingale.wetransfer.com\/\" target=\"_blank\" title=\"Click Here To Transfer Your Documents via WeTransfer\">Trimite prin WeTransfer<\/a>\n\t\t\t<\/h3>\n\t\t\t<p align=\"center\">Pute\u021bi trimite documentele dvs. medicale supradimensionate (\u00eenregistr\u0103ri RMN, rezultate de laborator, imagini etc.) folosind contul nostru WeTransfer. Este u\u0219or, rapid \u0219i sigur.\n\t\t\t<\/p>\n\t\t<\/div>\n\t\t<center>\n\t\t\t<p><a href=\"http:\/\/florencenightingale.wetransfer.com\/\" class=\"btBtn btBtn btnFilledStyle btnAccentColor btnSmall btnNormalWidth btnRightPosition btnNoIcon\" target=\"_blank\"><span class=\"btnInnerText\">Trimite acum<\/span><\/a>\n\t\t\t<\/p>\n\t\t<\/center>\n\t<\/div>\n<\/div><div class=\"wpcf7-response-output\" aria-hidden=\"true\"><\/div>\n<\/form>\n<\/div>\n<\/div><div class=\"btClear btSeparator topSpaced noBorder\" ><hr><\/div><\/div><\/div><\/div><\/div><\/div><\/div><\/div><\/section>\n","protected":false},"excerpt":{"rendered":"","protected":false},"author":1,"featured_media":0,"parent":2306,"menu_order":0,"comment_status":"closed","ping_status":"closed","template":"","meta":{"footnotes":""},"class_list":["post-4979","page","type-page","status-publish","hentry"],"_links":{"self":[{"href":"https:\/\/groupflorence.com\/ro\/wp-json\/wp\/v2\/pages\/4979","targetHints":{"allow":["GET"]}}],"collection":[{"href":"https:\/\/groupflorence.com\/ro\/wp-json\/wp\/v2\/pages"}],"about":[{"href":"https:\/\/groupflorence.com\/ro\/wp-json\/wp\/v2\/types\/page"}],"author":[{"embeddable":true,"href":"https:\/\/groupflorence.com\/ro\/wp-json\/wp\/v2\/users\/1"}],"replies":[{"embeddable":true,"href":"https:\/\/groupflorence.com\/ro\/wp-json\/wp\/v2\/comments?post=4979"}],"version-history":[{"count":2,"href":"https:\/\/groupflorence.com\/ro\/wp-json\/wp\/v2\/pages\/4979\/revisions"}],"predecessor-version":[{"id":6128,"href":"https:\/\/groupflorence.com\/ro\/wp-json\/wp\/v2\/pages\/4979\/revisions\/6128"}],"up":[{"embeddable":true,"href":"https:\/\/groupflorence.com\/ro\/wp-json\/wp\/v2\/pages\/2306"}],"wp:attachment":[{"href":"https:\/\/groupflorence.com\/ro\/wp-json\/wp\/v2\/media?parent=4979"}],"curies":[{"name":"wp","href":"https:\/\/api.w.org\/{rel}","templated":true}]}}