{"id":4972,"date":"2020-10-29T18:30:09","date_gmt":"2020-10-29T15:30:09","guid":{"rendered":"https:\/\/groupflorence.com\/ro\/?page_id=4972"},"modified":"2020-12-17T01:36:29","modified_gmt":"2020-12-16T22:36:29","slug":"pediatric-surgery","status":"publish","type":"page","link":"https:\/\/groupflorence.com\/ro\/centers-treatments\/pediatric-surgery\/","title":{"rendered":"Chirurgie Pediatric\u0103"},"content":{"rendered":"<section id=\"bt_section69eba7a8407c6\"  class=\"boldSection gutter\" ><div class=\"port\"><div class=\"boldCell\"><div class=\"boldCellInner\"><div class=\"boldRow  \" ><div class=\"boldRowInner\"><div class=\"rowItem col-md-4 col-ms-12 btTextLeft\"  ><div class=\"rowItemContent\" ><div class=\"btClear btSeparator topSpaced noBorder\" ><hr><\/div><div class=\"btCustomMenu treatment-sidebar\" ><div class=\"menu-pediatric-surgery-container\"><ul id=\"menu-pediatric-surgery\" class=\"menu\"><li id=\"menu-item-4992\" class=\"menu-item menu-item-type-post_type menu-item-object-page menu-item-has-children menu-item-4992\"><a href=\"https:\/\/groupflorence.com\/ro\/centers-treatments\/\">Centre &#038; Departamente<\/a><ul class=\"sub-menu\"><li id=\"menu-item-4989\" class=\"menu-item menu-item-type-post_type menu-item-object-page menu-item-has-children menu-item-4989\"><a href=\"https:\/\/groupflorence.com\/ro\/centers-treatments\/pediatric-surgery\/\">Chirurgie Pediatric\u0103<\/a><ul class=\"sub-menu\"><li id=\"menu-item-4990\" class=\"menu-item menu-item-type-post_type menu-item-object-page menu-item-4990\"><a href=\"https:\/\/groupflorence.com\/ro\/centers-treatments\/pediatric-surgery\/pediatric-urology\/\">Urologie Pediatric\u0103<\/a><\/li><\/ul><\/li><\/ul><\/li>\n<\/ul><\/div><\/div><div class=\"btClear btSeparator topSemiSpaced noBorder\" ><hr><\/div><div class=\"boldRow boldInnerRow  bt_bb_hidden_xs bt_bb_hidden_ms bt_bb_hidden_sm\" ><div class=\"rowItem rowInnerItem col-md-12  btTextCenter btMiddleVertical\"  ><div class=\"rowItemContent\"><div class=\"bpgPhoto btTextCenter\" > \r\n\t\t\t\t\t<a href=\"https:\/\/groupflorence.com\/ro\/patient-guide\/covid-19-precautions\/\" target=\"_blank\" title=\"\"><\/a>\r\n\t\t\t\t\t<div class=\"boldPhotoBox\"><div class=\"bpbItem\"><div class = \"btImage\"><img decoding=\"async\" src=\"https:\/\/groupflorence.com\/ro\/wp-content\/uploads\/2020\/12\/covid-safe-sidebar-320x186.jpg\" alt=\"\" title=\"\" ><\/div><\/div><\/div>\r\n\t\t\t\t\t<div class=\"captionPane\">\r\n\t\t\t\t\t\t<div class=\"captionTable\">\r\n\t\t\t\t\t\t\t<div class=\"captionCell\">\r\n\t\t\t\t\t\t\t\t<div class=\"captionTxt\"><\/div>\r\n\t\t\t\t\t\t\t<\/div>\r\n\t\t\t\t\t\t<\/div>\r\n\t\t\t\t\t<\/div><\/div><div class=\"btClear btSeparator topSmallSpaced bottomSmallSpaced border\" ><hr><\/div><a href=\"https:\/\/groupflorence.com\/ro\/contact-us\/\" class=\"btBtn btBtn btnFilledStyle btnAccentColor btnBig btnNormalWidth btnLeftPosition btnNoIcon\" ><span class=\"btnInnerText\">Ask A Question<\/span><\/a><\/div><\/div><\/div><\/div><\/div><div class=\"rowItem col-md-8 col-ms-12 btTextLeft\"  ><div class=\"rowItemContent\" ><div class=\"btClear btSeparator topSemiSpaced noBorder\" ><hr><\/div><header class=\"header btClear medium btDash bottomDash  btNormalDash\" ><div class=\"dash\"><h3><span class=\"headline\"><b class=\"animate\">Chirurgie Pediatric\u0103<\/b><\/span><\/h3><\/div><\/header><div class=\"btClear btSeparator topExtraSmallSpaced noBorder\" ><hr><\/div><div class=\"btText\" ><\/p>\n<p>Chirurgia pediatric\u0103 este disciplina medical\u0103 care diagnosticheaz\u0103 \u0219i efectueaz\u0103 interven\u021bii chirurgicale \u00een problemele medicale la copii \u00eenainte de na\u0219tere p\u00e2n\u0103 la v\u00e2rsta de 18 ani. Echipa noastr\u0103 de chirurgie pediatric\u0103 (chirurgi pentru copii) care lucreaz\u0103 la <strong>Departamentul de Chirurgie Pediatric\u0103 din cadrul Grupului Florence Nightingale Spitalelor<\/strong>, este \u00een colaborare cu Departamentul S\u0103n\u0103t\u0103\u021bii \u0219i Bolilor Copilului, Universitatea Demioglu Bilim din 2010.<\/p>\n<p>\u00cen 2011, Unitatea Urodinamic\u0103 Pediatric\u0103 este \u00eenfiin\u021bat\u0103 \u00een cadrul Departamentului de Chirurgie Pediatric\u0103 din cadrul Grupului Florence Nightingale Spitalelor. De atunci am ini\u021biat diagnosticarea, urm\u0103rirea \u0219i tratarea bolilor sistemului urinar \u00eenainte de na\u0219terea copilului (intrauterin).<\/p>\n<p><strong>Exist\u0103 o diferen\u021b\u0103 \u00eentre Chirurgia Pediatric\u0103 \u0219i chirurgia adul\u021bilor?<\/strong><\/p>\n<p>Principalul motiv pentru diferen\u021ba dintre chirurgia pediatric\u0103 \u0219i chirurgia adul\u021bilor sunt diferen\u021bele fiziologice \u0219i psihologice.<\/p>\n<ul>\n<li>Deoarece reglarea hormonal\u0103 la nou-n\u0103scu\u021bi tocmai a \u00eenceput, metabolismul lor este diferit.<\/li>\n<li>\u0218i, de asemenea, sistemele imunitar nu sunt \u00eenc\u0103 suficient de dezvoltate, iar copiii sunt mai predispu\u0219i la infec\u021bii.<\/li>\n<li>Anomalii congenitale ale diferitelor sisteme de organe sunt cel mai frecvent observate \u00een aceast\u0103 grup\u0103 de v\u00e2rst\u0103.<\/li>\n<li>Rata de regenerare celular\u0103 la copii este mai mare dec\u00e2t adul\u021bii, astfel \u00eenc\u00e2t timpii de recuperare dup\u0103 interven\u021bii chirurgicale \u0219i traumele sunt mai scur\u021bi.<\/li>\n<li>Departamentul de Chirurgie Pediatric\u0103 lucreaz\u0103 \u00een general \u00een colaborare cu Unitatea Neonatal\u0103, Unitatea de Terapie Intensiv\u0103 Neonatal\u0103, Imagistic\u0103, Urologie Pediatric\u0103 \u0219i Oncologie.<\/li>\n<\/ul>\n<p><strong> Echipa noastr\u0103 de Chirurgie Pediatric\u0103 nu se axeaz\u0103 doar pe \u00eembun\u0103t\u0103\u021birea bolii, ci \u0219i pe protejarea s\u0103n\u0103t\u0103\u021bii \u0219i dezvolt\u0103rii psihologice a copiilor <\/strong><\/p>\n<p><strong> Ce boli sunt tratate prin Chirurgie Pediatric\u0103?<\/strong><\/p>\n<ul>\n<li>Anomalii congenitale<\/li>\n<li>Herniile \u00een zona inghinal\u0103, abdomen \u0219i ombilic, hidrocel<\/li>\n<li>Testicul nedescendent (dou\u0103 sau unul dintre testicule nu coboar\u0103 \u00een pung\u0103)<\/li>\n<li>Absen\u021ba g\u0103urii urinare \u00een loc<\/li>\n<li>Aderen\u021ba preputului<\/li>\n<li>Anomalii structurale \u00een spate sau stern<\/li>\n<li>Hemangiomul \u0219i limfangiomul (tumori benigne de culoare ro\u0219ie, care pot fi v\u0103zute \u00een multe p\u0103r\u021bi ale corpului)<\/li>\n<li>Tumorile benigne \u0219i maligne din copil\u0103rie care apar cu masa vizibil\u0103 pe organele interne<\/li>\n<li>Toate durerile abdominale, \u00een special apendicita, care pot ap\u0103rea fie congenitale, fie ulterior<\/li>\n<li>Interven\u021bii de urgen\u021b\u0103 \u0219i post cauzate de accidente cum ar fi c\u0103deri, umfl\u0103turi, arsuri, leziuni, \u00eenghi\u021bire corp str\u0103in<\/li>\n<li>Gusa (boala glandei tiroide)<\/li>\n<li>Hemoroizi, fisuri anale, abces anal<\/li>\n<li>constipatie<\/li>\n<li>Megacolon<\/li>\n<li>Chisturi renale, abcese \u0219i tumori<\/li>\n<li>Chisturi, abcese \u0219i tumori ale ficatului \u0219i tractului biliar<\/li>\n<li>Chisturi, abcese \u0219i tumori ale pancreasului<\/li>\n<li>Chisturi pulmonare, abcese \u0219i tumori<\/li>\n<li>Chisturi ovariene, abcese \u0219i tumori<\/li>\n<li>Tumorile glandei suprarenale<\/li>\n<li>Stenoza anusului, malpozi\u021bia anusului<\/li>\n<li>Tulbur\u0103ri ale sistemului urinar, reflux urinar, hipospadias, epispadias<\/li>\n<li>Defecte de dezvoltare a genului \u0219i multe altele.<\/li>\n<\/ul>\n<p>\n<\/div><div class=\"btClear btSeparator topSemiSpaced noBorder\" ><hr><\/div><div class=\"boldRow boldInnerRow  \" ><div class=\"rowItem rowInnerItem col-md-4  btTextCenter inherit btNoPadding\" style=\"border: 1px solid #999;background-color: rgba(241, 241, 241, 1);\" ><div class=\"rowItemContent\"><div class=\"bpgPhoto btTextCenter\" ><div class=\"btImage\"><img decoding=\"async\" src=\"https:\/\/groupflorence.com\/ro\/wp-content\/uploads\/2020\/10\/Alaettin_Celik.jpg\" alt=\"\" title=\"\"><\/div><\/div><div class=\"btIconImageRow btIconsHalfHoverPosition\" ><\/div><div class=\"btClear btSeparator topSmallSpaced noBorder\" ><hr><\/div><div class=\"btText\" ><\/p>\n<h4><a href=\"https:\/\/groupflorence.com\/ro\/doctors\/alaettin-cevik\/\">Prof. Alaettin \u00c7evik, MD<\/a><\/h4>\n<p>\n<\/div><div class=\"btClear btSeparator bottomExtraSmallSpaced noBorder\" ><hr><\/div><a href=\"https:\/\/groupflorence.com\/ro\/doctors\/alaettin-cevik\/\" class=\"btBtn btBtn btnFilledStyle btnLightColor btnSmall btnNormalWidth btnRightPosition btnNoIcon\"  target=\"_blank\"><span class=\"btnInnerText\">VIEW CV<\/span><\/a><div class=\"btClear btSeparator topExtraSmallSpaced bottomSmallSpaced noBorder\" ><hr><\/div><\/div><\/div><div class=\"rowItem rowInnerItem col-md-4  btTextCenter inherit btNoPadding\" style=\"background-color: rgba(241, 241, 241, 1);\" ><div class=\"rowItemContent\"><\/div><\/div><div class=\"rowItem rowInnerItem col-md-4  btTextCenter inherit btNoPadding\" style=\"background-color: rgba(241, 241, 241, 1);\" ><div class=\"rowItemContent\"><\/div><\/div><\/div><div class=\"btClear btSeparator topSemiSpaced noBorder\" ><hr><\/div><header class=\"header btClear medium btDash bottomDash  btAccentDash\" ><div class=\"dash\"><h3><span class=\"headline\"><em>Contact Us Now<\/em><\/span><\/h3><\/div><\/header><div class=\"btClear btSeparator bottomSmallSpaced noBorder\" ><hr><\/div><div class=\"btText\" >\n<div class=\"wpcf7 no-js\" id=\"wpcf7-f2891-o1\" lang=\"tr-TR\" dir=\"ltr\" data-wpcf7-id=\"2891\">\n<div class=\"screen-reader-response\"><p role=\"status\" aria-live=\"polite\" aria-atomic=\"true\"><\/p> <ul><\/ul><\/div>\n<form action=\"\/ro\/wp-json\/wp\/v2\/pages\/4972#wpcf7-f2891-o1\" method=\"post\" class=\"wpcf7-form init wpcf7-acceptance-as-validation\" aria-label=\"\u0130leti\u015fim Formu\" novalidate=\"novalidate\" data-status=\"init\">\n<fieldset class=\"hidden-fields-container\"><input type=\"hidden\" name=\"_wpcf7\" value=\"2891\" \/><input type=\"hidden\" name=\"_wpcf7_version\" value=\"6.1.5\" \/><input type=\"hidden\" name=\"_wpcf7_locale\" value=\"tr_TR\" \/><input type=\"hidden\" name=\"_wpcf7_unit_tag\" value=\"wpcf7-f2891-o1\" \/><input type=\"hidden\" name=\"_wpcf7_container_post\" value=\"0\" \/><input type=\"hidden\" name=\"_wpcf7_posted_data_hash\" value=\"\" \/>\n<\/fieldset>\n<p style=\"margin-bottom:30px !important;\">\u00cen timp ce completa\u021bi formularul de contact de mai jos, pute\u021bi, de asemenea, s\u0103 ne trimite\u021bi fi\u0219ierele medicale ale pacientului\/dumneavoastr\u0103 prin <strong>transfer<\/strong>. A doua opinie medical\u0103 v\u0103 va fi prezentat\u0103 \u00een termen de 48 de ore.\n<\/p>\n<div class=\"boldRow boldInnerRow  \">\n\t<div class=\"rowItem rowInnerItem col-md-6  btTextLeft\">\n\t\t<div class=\"rowItemContent\">\n\t\t\t<p><label><span class=\"bt_bb_required\">Numele t\u0103u<\/span><br \/>\n<span class=\"wpcf7-form-control-wrap\" data-name=\"your-name\"><input size=\"40\" maxlength=\"400\" class=\"wpcf7-form-control wpcf7-text wpcf7-validates-as-required\" aria-required=\"true\" aria-invalid=\"false\" value=\"\" type=\"text\" name=\"your-name\" \/><\/span> <\/label>\n\t\t\t<\/p>\n\t\t\t<p><label><span class=\"bt_bb_required\">E-mailul dvs.<\/span><br \/>\n<span class=\"wpcf7-form-control-wrap\" data-name=\"your-email\"><input size=\"40\" maxlength=\"400\" class=\"wpcf7-form-control wpcf7-email wpcf7-validates-as-required wpcf7-text wpcf7-validates-as-email\" aria-required=\"true\" aria-invalid=\"false\" value=\"\" type=\"email\" name=\"your-email\" \/><\/span> <\/label>\n\t\t\t<\/p>\n\t\t\t<p><label><span class=\"bt_bb_required\">Telefonul dvs.<\/span><br \/>\n<span class=\"wpcf7-form-control-wrap\" data-name=\"your-phone\"><input size=\"40\" class=\"wpcf7-form-control wpcf7-phonetext wpcf7-text wpcf7-validates-as-phonetext\" id=\"int_phone\" aria-invalid=\"false\" value=\"\" type=\"text\" name=\"your-phone\" \/><input type=\"hidden\" name=\"your-phone-country-code\" class=\"wpcf7-phonetext-country-code\" \/><\/span> <\/label>\n\t\t\t<\/p>\n\t\t\t<p><label><span class=\"bt_bb_required\">Mesajul dvs.<\/span><br \/>\n<span class=\"wpcf7-form-control-wrap\" data-name=\"your-message\"><textarea cols=\"40\" rows=\"10\" maxlength=\"2000\" class=\"wpcf7-form-control wpcf7-textarea wpcf7-validates-as-required\" aria-required=\"true\" aria-invalid=\"false\" name=\"your-message\"><\/textarea><\/span> <\/label>\n\t\t\t<\/p>\n\t\t\t<p><label><span class=\"bt_bb_required\" style=\"margin-top:25px !important;\"><span class=\"wpcf7-form-control-wrap\" data-name=\"accept-this-1\"><span class=\"wpcf7-form-control wpcf7-acceptance\"><span class=\"wpcf7-list-item\"><label><input type=\"checkbox\" name=\"accept-this-1\" value=\"1\" aria-invalid=\"false\" \/><span class=\"wpcf7-list-item-label\">Sunt de acord cu <a target=\"_blank\" href=\"https:\/\/groupflorence.com\/ro\/terms-of-use\/\">Termenii \u0219i Serviciile<\/a>.<\/span><\/label><\/span><\/span><\/span><\/span><\/label>\n\t\t\t<\/p>\n\t\t\t<p><input class=\"wpcf7-form-control wpcf7-submit has-spinner contact_button_int\" type=\"submit\" value=\"TRIMITE MESAJ\" \/>\n\t\t\t<\/p>\n\t\t<\/div>\n\t<\/div>\n\t<div class=\"rowItem rowInnerItem col-md-6  btTextLeft\">\n\t\t<div class=\"rowItemContent\">\n\t\t\t<p align=\"center\" style=\"margin-top:30px;\"><br \/>\n<a href=\"http:\/\/florencenightingale.wetransfer.com\/\" target=\"_blank\" title=\"Click Here To Transfer Your Documents via WeTransfer\"><img decoding=\"async\"  align=\"center\" style=\"max-width:250px !important;\" class=\"lazy loaded\" src=\"https:\/\/groupflorence.com\/ro\/wp-content\/uploads\/2020\/08\/89130-wetransfer-default-logo-rgb-original-1365619064-e1599162229581.png\" data-src=\"https:\/\/groupflorence.com\/ro\/wp-content\/uploads\/2020\/08\/89130-wetransfer-default-logo-rgb-original-1365619064-e1599162229581.png\" alt=\"Click Here To Transfer Your Documents via WeTransfer\" title=\"Click Here To Transfer Your Documents via WeTransfer\" data-was-processed=\"true\" \/><\/a>\n\t\t\t<\/p>\n\t\t\t<h3 align=\"center\"><a href=\"http:\/\/florencenightingale.wetransfer.com\/\" target=\"_blank\" title=\"Click Here To Transfer Your Documents via WeTransfer\">Trimite prin WeTransfer<\/a>\n\t\t\t<\/h3>\n\t\t\t<p align=\"center\">Pute\u021bi trimite documentele dvs. medicale supradimensionate (\u00eenregistr\u0103ri RMN, rezultate de laborator, imagini etc.) folosind contul nostru WeTransfer. Este u\u0219or, rapid \u0219i sigur.\n\t\t\t<\/p>\n\t\t<\/div>\n\t\t<center>\n\t\t\t<p><a href=\"http:\/\/florencenightingale.wetransfer.com\/\" class=\"btBtn btBtn btnFilledStyle btnAccentColor btnSmall btnNormalWidth btnRightPosition btnNoIcon\" target=\"_blank\"><span class=\"btnInnerText\">Trimite acum<\/span><\/a>\n\t\t\t<\/p>\n\t\t<\/center>\n\t<\/div>\n<\/div><div class=\"wpcf7-response-output\" aria-hidden=\"true\"><\/div>\n<\/form>\n<\/div>\n<\/div><div class=\"btClear btSeparator topSpaced noBorder\" ><hr><\/div><\/div><\/div><\/div><\/div><\/div><\/div><\/div><\/section>\n","protected":false},"excerpt":{"rendered":"","protected":false},"author":1,"featured_media":0,"parent":2306,"menu_order":0,"comment_status":"closed","ping_status":"closed","template":"","meta":{"footnotes":""},"class_list":["post-4972","page","type-page","status-publish","hentry"],"_links":{"self":[{"href":"https:\/\/groupflorence.com\/ro\/wp-json\/wp\/v2\/pages\/4972","targetHints":{"allow":["GET"]}}],"collection":[{"href":"https:\/\/groupflorence.com\/ro\/wp-json\/wp\/v2\/pages"}],"about":[{"href":"https:\/\/groupflorence.com\/ro\/wp-json\/wp\/v2\/types\/page"}],"author":[{"embeddable":true,"href":"https:\/\/groupflorence.com\/ro\/wp-json\/wp\/v2\/users\/1"}],"replies":[{"embeddable":true,"href":"https:\/\/groupflorence.com\/ro\/wp-json\/wp\/v2\/comments?post=4972"}],"version-history":[{"count":2,"href":"https:\/\/groupflorence.com\/ro\/wp-json\/wp\/v2\/pages\/4972\/revisions"}],"predecessor-version":[{"id":6124,"href":"https:\/\/groupflorence.com\/ro\/wp-json\/wp\/v2\/pages\/4972\/revisions\/6124"}],"up":[{"embeddable":true,"href":"https:\/\/groupflorence.com\/ro\/wp-json\/wp\/v2\/pages\/2306"}],"wp:attachment":[{"href":"https:\/\/groupflorence.com\/ro\/wp-json\/wp\/v2\/media?parent=4972"}],"curies":[{"name":"wp","href":"https:\/\/api.w.org\/{rel}","templated":true}]}}