{"id":4968,"date":"2020-10-29T18:06:01","date_gmt":"2020-10-29T15:06:01","guid":{"rendered":"https:\/\/groupflorence.com\/ro\/?page_id=4968"},"modified":"2020-12-17T01:31:40","modified_gmt":"2020-12-16T22:31:40","slug":"algology","status":"publish","type":"page","link":"https:\/\/groupflorence.com\/ro\/centers-treatments\/algology\/","title":{"rendered":"Algologie"},"content":{"rendered":"<section id=\"bt_section69eb9267a4d83\"  class=\"boldSection gutter\" ><div class=\"port\"><div class=\"boldCell\"><div class=\"boldCellInner\"><div class=\"boldRow  \" ><div class=\"boldRowInner\"><div class=\"rowItem col-md-4 col-ms-12 btTextLeft\"  ><div class=\"rowItemContent\" ><div class=\"btClear btSeparator topSpaced noBorder\" ><hr><\/div><div class=\"btCustomMenu treatment-sidebar\" ><div class=\"menu-algology-container\"><ul id=\"menu-algology\" class=\"menu\"><li id=\"menu-item-4986\" class=\"menu-item menu-item-type-post_type menu-item-object-page menu-item-has-children menu-item-4986\"><a href=\"https:\/\/groupflorence.com\/ro\/centers-treatments\/\">Centre &#038; Departamente<\/a><ul class=\"sub-menu\"><li id=\"menu-item-4985\" class=\"menu-item menu-item-type-post_type menu-item-object-page menu-item-4985\"><a href=\"https:\/\/groupflorence.com\/ro\/centers-treatments\/algology\/\">Algologie<\/a><\/li><\/ul><\/li>\n<\/ul><\/div><\/div><div class=\"btClear btSeparator topSemiSpaced noBorder\" ><hr><\/div><div class=\"boldRow boldInnerRow  bt_bb_hidden_xs bt_bb_hidden_ms bt_bb_hidden_sm\" ><div class=\"rowItem rowInnerItem col-md-12  btTextCenter btMiddleVertical\"  ><div class=\"rowItemContent\"><div class=\"bpgPhoto btTextCenter\" > \r\n\t\t\t\t\t<a href=\"https:\/\/groupflorence.com\/ro\/patient-guide\/covid-19-precautions\/\" target=\"_blank\" title=\"\"><\/a>\r\n\t\t\t\t\t<div class=\"boldPhotoBox\"><div class=\"bpbItem\"><div class = \"btImage\"><img decoding=\"async\" src=\"https:\/\/groupflorence.com\/ro\/wp-content\/uploads\/2020\/12\/covid-safe-sidebar-320x186.jpg\" alt=\"\" title=\"\" ><\/div><\/div><\/div>\r\n\t\t\t\t\t<div class=\"captionPane\">\r\n\t\t\t\t\t\t<div class=\"captionTable\">\r\n\t\t\t\t\t\t\t<div class=\"captionCell\">\r\n\t\t\t\t\t\t\t\t<div class=\"captionTxt\"><\/div>\r\n\t\t\t\t\t\t\t<\/div>\r\n\t\t\t\t\t\t<\/div>\r\n\t\t\t\t\t<\/div><\/div><div class=\"btClear btSeparator topSmallSpaced bottomSmallSpaced border\" ><hr><\/div><a href=\"https:\/\/groupflorence.com\/ro\/contact-us\/\" class=\"btBtn btBtn btnFilledStyle btnAccentColor btnBig btnNormalWidth btnLeftPosition btnNoIcon\" ><span class=\"btnInnerText\">Ask A Question<\/span><\/a><\/div><\/div><\/div><\/div><\/div><div class=\"rowItem col-md-8 col-ms-12 btTextLeft\"  ><div class=\"rowItemContent\" ><div class=\"btClear btSeparator topSemiSpaced noBorder\" ><hr><\/div><header class=\"header btClear medium btDash bottomDash  btNormalDash\" ><div class=\"dash\"><h3><span class=\"headline\"><b class=\"animate\">Algologie<\/b><\/span><\/h3><\/div><\/header><div class=\"btClear btSeparator topExtraSmallSpaced noBorder\" ><hr><\/div><div class=\"btText\" ><\/p>\n<p><strong>Interven\u021bii de terapie a durerii \u00eempotriva cancerului<\/strong><\/p>\n<ul>\n<li>Blocuri nervoase: Tratamentul durerii se efectueaz\u0103 prin dezactivarea nervilor care duc la zona \u00een care \u021besutul canceros este presat.<\/li>\n<li>Aplica\u021bii permanente pentru cateter \u0219i port: \u00cen cazul durerilor de cancer care nu r\u0103spund la alte metode de tratament, cateterul \u0219i porturile sunt plasate \u00een m\u0103duva spin\u0103rii sau \u00een zona conex\u0103. Tratamentul durerii cu aceste sisteme are mai mult succes.<\/li>\n<\/ul>\n<p><strong>Durere de la venele<\/strong><\/p>\n<p>La fum\u0103torii grei sau diabetici, regurgitarea vaselor care duc la bra\u021be \u0219i picioare poate ap\u0103rea dup\u0103 accidente rutiere grave. \u00cen acest caz, nervii care merg la bra\u021be \u0219i picioare \u0219i se numesc nervi simpatici sunt dezactiva\u021bi sub imagistic\u0103.<\/p>\n<p><strong>Tratamentul durerii cu metode avansate<\/strong><\/p>\n<p><u>Baterii maduvei spinarii<\/u>: Pacien\u021bii care au suferit o interven\u021bie chirurgical\u0103 de hernie intervertebral\u0103 de mai multe ori \u00eenainte, paralizie ca urmare a leziunilor m\u0103duvei spin\u0103rii, de\u0219i durerea persist\u0103, durerea sever\u0103 cauzat\u0103 de vase pentru a preveni stimulii de a ajunge la creier de la nivelul m\u0103duvei spin\u0103rii \u00een durerea pe care o numim neuropatie din cauza distrugerii nervoase, \u00een coloana vertebral\u0103, stimulator cardiac ca baterii, \u00een scopul de a preveni durerea de la a ajunge la creier. plasat.<\/p>\n<p><u>Pompe maduva spinarii<\/u>: La pacien\u021bii non-cancer cu cancer pentru a se asigura c\u0103 morfina \u0219i medicamente similare pot fi administrate de zece p\u00e2n\u0103 la o sut\u0103 de ori mai puternic dec\u00e2t doza oral\u0103, f\u0103r\u0103 a provoca dependen\u021b\u0103 pompe pot fi plasate la nivelul m\u0103duvei spin\u0103rii. Pompele spinale sunt plasate numai la pacien\u021bii care nu beneficiaz\u0103 de medicamente \u0219i alte metode de tratament.<\/p>\n<p><strong>Metode interven\u0163ionale pentru regiunea \u015fef\u0103<\/strong><\/p>\n<ul>\n<li>Nevralgie: Durerile foarte severe care apar \u00een zona fe\u021bei, cum ar fi sp\u0103larea fe\u021bei, b\u0103rbieritul, m\u00e2ncarea, se numesc nevralgie. \u00cen astfel de cazuri, pacien\u021bii care nu r\u0103spund la terapia medicamentoas\u0103 sunt trata\u021bi prin metoda de radiofrecven\u021b\u0103, \u00een care sunt trimise curen\u021bi asem\u0103n\u0103tori undelor radio.<\/li>\n<li>Dureri de cap severe: blocurile neuronale \u0219i metodele de radiofrecven\u021b\u0103 care nu r\u0103spund la tratamentul medicamentos, \u00een special \u00een durerile de cap de tip cluster \u00eenso\u021bite de ultrasunete \u0219i domeniul de aplicare sunt sub controlul durerilor \u00eencearc\u0103 s\u0103 fie luate.<\/li>\n<li>Dureri de cap provin din probleme ale g\u00e2tului: Dureri de cap cauzate de articula\u021biile g\u00e2tului, \u00eenso\u021bite de diverse metode de tratament \u0219i metode avansate de imagistic\u0103 pentru cauza durerii.<\/li>\n<\/ul>\n<p><strong>Serviciile noastre:<\/strong><\/p>\n<ul>\n<li>Determinarea cauzei durerii<\/li>\n<li>Tratamentul durerii<\/li>\n<li>Antrenamentul post-tratament al pacientului<\/li>\n<li>Monitorizarea prelungit\u0103 a pacientului<\/li>\n<li>Direc\u021bia pacientului c\u0103tre medicul potrivit<\/li>\n<li>Educa\u021bia public\u0103 despre durere<\/li>\n<\/ul>\n<p>Pacien\u021bii se aplic\u0103 la Algologie frecvent pentru:<\/p>\n<ul>\n<li>Durere \u00een partea inferioar\u0103 a spatelui \u0219i a piciorului, hernie lombar\u0103 \u0219i alte cauze,<\/li>\n<li>Dureri de g\u00e2t \u0219i bra\u021b, hernie de g\u00e2t \u0219i alte cauze, dureri de um\u0103r,<\/li>\n<li>Dureri de cap: migren\u0103, dureri de cap tip tensiune \u0219i altele,<\/li>\n<li>Durere facial\u0103: nevralgie,<\/li>\n<li>Durerea care rezult\u0103 din sistemul musculo-scheletic: dureri miofasciale,<\/li>\n<li>Durerea neuropatic\u0103: Durerea cauzat\u0103 de epava anumitor zone ale sistemului nervos,<\/li>\n<li>Durerea care rezult\u0103 din vene,<\/li>\n<li>Dureri care apar \u0219i nu trec dup\u0103 opera\u021bie,<\/li>\n<li>Dureri de cancer,<\/li>\n<li>Durerea, a c\u0103rei cauz\u0103 nu este clar\u0103.<\/li>\n<\/ul>\n<p><strong>Care sunt Metodele Interven\u021bionale?<\/strong><\/p>\n<p>Pentru tratamentul durerii cronice \u00een <strong>Departamentul de Algologie<\/strong>, se aplic\u0103 diferite metode de droguri \u0219i non-medicament. Dac\u0103 este necesar, ideile despre durere sunt schimbate cu alte ramuri ale medicinei. Pentru durerile care nu pot fi tratate cu medicamente \u0219i metode similare, se refer\u0103 la \u201eMetodele interven\u021bionale\u201d.<\/p>\n<p>Metodele interven\u021bionale sunt metodele aplicate pentru eliminarea sursei de durere la pacien\u021bi \u0219i tratamentul durerii, care s-au dezvoltat semnificativ \u00een ultimii 20 de ani \u0219i nu necesit\u0103 interven\u021bie chirurgical\u0103. Scopul metodelor interven\u021bionale este de a elimina cauza durerii, cu o deteriorare minim\u0103 a corpului pacientului. Metodele interven\u021bionale \u00een controlul durerii sunt aplicate numai de c\u0103tre medici instrui\u021bi \u00een acest sens. Ramura medicinei care d\u0103 aceast\u0103 educa\u021bie se nume\u0219te Algologie.<\/p>\n<p><strong>Metode interven\u021bionale \u00een func\u021bie de tipurile de durere<\/strong><\/p>\n<ul>\n<li>Injec\u021biile epidurale cervicale \u0219i lombare: Medicamente numite steroizi, anestezie local\u0103 \u0219i enzime \u00een zonele de disc care nu necesit\u0103 interven\u021bie chirurgical\u0103, \u00een hernia lombar\u0103 \u0219i g\u00e2t, care preseaz\u0103 nervul se bazeaz\u0103 pe aplicarea medicamentelor care vindec\u0103 \u021besuturile. \u00cen acela\u0219i timp, se fac \u00eencerc\u0103ri de reducere a herniei. Aplicat\u0103 la pacien\u021bii f\u0103r\u0103 pierdere de senza\u021bie \u0219i for\u021b\u0103 \u00een bra\u021be \u0219i picioare, durerea este \u00een prim plan.<\/li>\n<\/ul>\n<p>\u00cen s\u0103lile de opera\u021bie \u0219i prin utilizarea dispozitivelor de imagistic\u0103, zonele care cauzeaz\u0103 durere pot fi atinse cu catetere asem\u0103n\u0103toare acului. Tratamentul se efectueaz\u0103 \u00een conformitate cu diagnosticul pacientului. Dup\u0103 astfel de injec\u021bii cu m\u00e2ini experimentate, \u00eenso\u021bite de metode avansate de imagistic\u0103, practic nu exist\u0103 efecte secundare. Apoi, pacien\u021bii sunt sf\u0103tui\u021bi s\u0103 fie elevi ai \u0219colii lombare \u0219i g\u00e2tului. Instruirea necesar\u0103 este dat\u0103 sau direc\u021bionat\u0103 c\u0103tre unitatea relevant\u0103. \u00cen timpul acestei antrenamente, pacientul este \u00eenv\u0103\u021bat diverse mi\u0219c\u0103ri \u0219i cum s\u0103 foloseasc\u0103 g\u00e2tul lombar.<\/p>\n<ul>\n<li>Interven\u021bii \u00eempotriva durerii de la \u00eembin\u0103rile fa\u021betei: Vertebrele sunt aliniate unul pe cel\u0103lalt \u0219i formeaz\u0103 o articula\u021bie. Aceste articula\u021bii au propriile lor nervi. \u00cen timpul presiunii excesive asupra g\u00e2tului \u0219i taliei, apar dureri, care sunt confundate cu herniile lombare \u0219i g\u00e2tului, ca urmare a distrugerii articula\u021biilor. \u00cen tratamentul acestui tip de durere, se aplic\u0103 diferite metode interven\u021bionale care vizeaz\u0103 nervii articula\u021biilor fa\u021bete.<\/li>\n<li>Interven\u021bii dup\u0103 chirurgia lombar\u0103 e\u0219uat\u0103: La unii pacien\u021bi, aderen\u021bele apar \u00een zona chirurgical\u0103 dup\u0103 interven\u021bia chirurgical\u0103 lombar\u0103, iar la ace\u0219ti pacien\u021bi exist\u0103 diferite, apar dureri continue \u0219i severe. \u00cen acest caz, \u201eNeuroplastia epidural\u0103\u201d se aplic\u0103 pentru dizolvarea aderen\u021belor. Aceasta \u00eenseamn\u0103 c\u0103 cateterele sub\u021biri sunt trimise \u00een zona de aderen\u021b\u0103 \u0219i aderen\u021bele sunt date regiunii cu densitate mare de medicamente, cum ar fi steroizii fiziologici serici \u0219i hialuronidaza.<\/li>\n<li>Aplica\u021bii de ozon: Se utilizeaz\u0103 \u00een tratamentul multor dureri, \u00een special aplica\u021bii intraherniale, care este un medicament sigur datorit\u0103 efectelor sale antiinflamatorii \u0219i bactericide.<\/li>\n<\/ul>\n<p><strong>Durerea cronic\u0103 ar trebui considerat\u0103 ca o boal\u0103, un sindrom<\/strong><\/p>\n<p>Durerea este o afec\u021biune cauzat\u0103 de experien\u021bele trecute ale unei persoane \u0219i de \u021besuturile deteriorate. <strong>Grupul Florence Nightingale Spitale, Departamentul de Algologie<\/strong> ofer\u0103 toate metodele actuale de diagnostic care nu sunt legate de o anumit\u0103 boal\u0103 sau leziuni tisulare, dar nu pot fi vindecate, sau tratate de alte ramuri produce solu\u021bii la dureri.<\/p>\n<p>De asemenea, se angajeaz\u0103 tratamentul pacien\u021bilor a c\u0103ror problem\u0103 const\u0103 \u00een durere \u00een sine, precum \u0219i durerea care \u00eenso\u021be\u0219te alte boli.<\/p>\n<p>Pentru a trata pacien\u021bii durero\u0219i, inclusiv pacien\u021bii diagnostica\u021bi cu durere cronic\u0103, majoritatea acestora nu vor fi posibile prin metode simple de tratament a durerii. \u00cen astfel de cazuri, metodele de tratare a durerii interven\u021bionale sunt practicate cu succes la departamentul nostru.<\/p>\n<p>Fiecare persoan\u0103 are un prag diferit de senza\u021bie de durere \u0219i de a rezista durerii. O caracteristic\u0103 important\u0103 a durerii este c\u0103, \u00een plus fa\u021b\u0103 de faptul c\u0103 este un fenomen obiectiv purtat de fibrele nervoase, are \u0219i un caracter senzorial. Aceste propriet\u0103\u021bi fac durerea, specific\u0103 persoanei.<\/p>\n<p><strong>Grupul Florence Nightingale Spitale Departamentul de Algologie<\/strong> aplic\u0103 cu succes metode personalizate de tratare a durerii adecvate pentru tratamentul eficient al durerilor f\u0103r\u0103 a deveni permanente.<\/p>\n<p><strong>\u00cen cazul \u00een care doare, este posibil s\u0103 ob\u021bine\u021bi un tratament special?<\/strong><\/p>\n<p>\u00cen zilele noastre, durerea poate fi u\u0219urat\u0103 prin afectarea proceselor de percep\u021bie, transport \u0219i prelucrare a durerii prin metode interven\u021bionale de tratare a durerii. Mai ales \u00een cazul aplica\u021biilor de radiofrecven\u021b\u0103 \u0219i ozon, pot fi tratate osteochondroza, durerile de cap \u0219i g\u00e2t, durerile postoperatorii \u0219i durerile de cancer.<\/p>\n<p><strong>Cum trat\u0103m ce tip de durere?<\/strong><\/p>\n<p>Durerile postoperatorii pot fi tratate prin aplicarea unor doze mici de analgezice din regiunea lombar\u0103, de asemenea, neutralizeaz\u0103 nervul care transport\u0103 durerea \u00een centrul unde durerea este sim\u021bit\u0103, de asemenea, capabil\u0103 s\u0103 trateze durerile prin aducerea lor.<\/p>\n<p>Durerea cauzat\u0103 de hernia coloanei vertebrale lombare \u0219i tulbur\u0103ri ale coloanei vertebrale, provoc\u00e2nd presiune \u0219i arsur\u0103 asupra nervilor din g\u00e2t sau spate, provoc\u00e2nd durere. Medicamentele antiinflamatorii sunt aplicate \u00een zonele \u00eenconjur\u0103toare ale nervilor prin utilizarea unor sisteme speciale de imagistic\u0103. De asemenea, se fac \u00eencerc\u0103ri de a reduce volumul discului care se afl\u0103 \u00eentre oasele coloanei vertebrale. Acelea\u0219i metode pot fi utilizate pentru durerile de cancer \u0219i non-cancer.<\/p>\n<p>\n<\/div><div class=\"btClear btSeparator topSemiSpaced noBorder\" ><hr><\/div><div class=\"boldRow boldInnerRow  \" ><div class=\"rowItem rowInnerItem col-md-4  btTextCenter inherit btNoPadding\" style=\"border: 1px solid #999;background-color: rgba(241, 241, 241, 1);\" ><div class=\"rowItemContent\"><div class=\"bpgPhoto btTextCenter\" ><div class=\"btImage\"><img decoding=\"async\" src=\"https:\/\/groupflorence.com\/ro\/wp-content\/uploads\/2020\/10\/Savas_-C_o_mlek.jpg\" alt=\"\" title=\"\"><\/div><\/div><div class=\"btIconImageRow btIconsHalfHoverPosition\" ><\/div><div class=\"btClear btSeparator topSmallSpaced noBorder\" ><hr><\/div><div class=\"btText\" ><\/p>\n<h4><a href=\"https:\/\/groupflorence.com\/ro\/doctors\/savas-comlek\/\">Dr. Sava\u015f \u00c7\u00f6mlek, MD<\/a><\/h4>\n<p>\n<\/div><div class=\"btClear btSeparator bottomExtraSmallSpaced noBorder\" ><hr><\/div><a href=\"https:\/\/groupflorence.com\/ro\/doctors\/savas-comlek\/\" class=\"btBtn btBtn btnFilledStyle btnLightColor btnSmall btnNormalWidth btnRightPosition btnNoIcon\"  target=\"_blank\"><span class=\"btnInnerText\">VIEW CV<\/span><\/a><div class=\"btClear btSeparator topExtraSmallSpaced bottomSmallSpaced noBorder\" ><hr><\/div><\/div><\/div><div class=\"rowItem rowInnerItem col-md-4  btTextCenter inherit btNoPadding\" style=\"background-color: rgba(241, 241, 241, 1);\" ><div class=\"rowItemContent\"><\/div><\/div><div class=\"rowItem rowInnerItem col-md-4  btTextCenter inherit btNoPadding\" style=\"background-color: rgba(241, 241, 241, 1);\" ><div class=\"rowItemContent\"><\/div><\/div><\/div><div class=\"btClear btSeparator topSemiSpaced noBorder\" ><hr><\/div><header class=\"header btClear medium btDash bottomDash  btAccentDash\" ><div class=\"dash\"><h3><span class=\"headline\"><em>Contact Us Now<\/em><\/span><\/h3><\/div><\/header><div class=\"btClear btSeparator bottomSmallSpaced noBorder\" ><hr><\/div><div class=\"btText\" >\n<div class=\"wpcf7 no-js\" id=\"wpcf7-f2891-o1\" lang=\"tr-TR\" dir=\"ltr\" data-wpcf7-id=\"2891\">\n<div class=\"screen-reader-response\"><p role=\"status\" aria-live=\"polite\" aria-atomic=\"true\"><\/p> <ul><\/ul><\/div>\n<form action=\"\/ro\/wp-json\/wp\/v2\/pages\/4968#wpcf7-f2891-o1\" method=\"post\" class=\"wpcf7-form init wpcf7-acceptance-as-validation\" aria-label=\"\u0130leti\u015fim Formu\" novalidate=\"novalidate\" data-status=\"init\">\n<fieldset class=\"hidden-fields-container\"><input type=\"hidden\" name=\"_wpcf7\" value=\"2891\" \/><input type=\"hidden\" name=\"_wpcf7_version\" value=\"6.1.5\" \/><input type=\"hidden\" name=\"_wpcf7_locale\" value=\"tr_TR\" \/><input type=\"hidden\" name=\"_wpcf7_unit_tag\" value=\"wpcf7-f2891-o1\" \/><input type=\"hidden\" name=\"_wpcf7_container_post\" value=\"0\" \/><input type=\"hidden\" name=\"_wpcf7_posted_data_hash\" value=\"\" \/>\n<\/fieldset>\n<p style=\"margin-bottom:30px !important;\">\u00cen timp ce completa\u021bi formularul de contact de mai jos, pute\u021bi, de asemenea, s\u0103 ne trimite\u021bi fi\u0219ierele medicale ale pacientului\/dumneavoastr\u0103 prin <strong>transfer<\/strong>. A doua opinie medical\u0103 v\u0103 va fi prezentat\u0103 \u00een termen de 48 de ore.\n<\/p>\n<div class=\"boldRow boldInnerRow  \">\n\t<div class=\"rowItem rowInnerItem col-md-6  btTextLeft\">\n\t\t<div class=\"rowItemContent\">\n\t\t\t<p><label><span class=\"bt_bb_required\">Numele t\u0103u<\/span><br \/>\n<span class=\"wpcf7-form-control-wrap\" data-name=\"your-name\"><input size=\"40\" maxlength=\"400\" class=\"wpcf7-form-control wpcf7-text wpcf7-validates-as-required\" aria-required=\"true\" aria-invalid=\"false\" value=\"\" type=\"text\" name=\"your-name\" \/><\/span> <\/label>\n\t\t\t<\/p>\n\t\t\t<p><label><span class=\"bt_bb_required\">E-mailul dvs.<\/span><br \/>\n<span class=\"wpcf7-form-control-wrap\" data-name=\"your-email\"><input size=\"40\" maxlength=\"400\" class=\"wpcf7-form-control wpcf7-email wpcf7-validates-as-required wpcf7-text wpcf7-validates-as-email\" aria-required=\"true\" aria-invalid=\"false\" value=\"\" type=\"email\" name=\"your-email\" \/><\/span> <\/label>\n\t\t\t<\/p>\n\t\t\t<p><label><span class=\"bt_bb_required\">Telefonul dvs.<\/span><br \/>\n<span class=\"wpcf7-form-control-wrap\" data-name=\"your-phone\"><input size=\"40\" class=\"wpcf7-form-control wpcf7-phonetext wpcf7-text wpcf7-validates-as-phonetext\" id=\"int_phone\" aria-invalid=\"false\" value=\"\" type=\"text\" name=\"your-phone\" \/><input type=\"hidden\" name=\"your-phone-country-code\" class=\"wpcf7-phonetext-country-code\" \/><\/span> <\/label>\n\t\t\t<\/p>\n\t\t\t<p><label><span class=\"bt_bb_required\">Mesajul dvs.<\/span><br \/>\n<span class=\"wpcf7-form-control-wrap\" data-name=\"your-message\"><textarea cols=\"40\" rows=\"10\" maxlength=\"2000\" class=\"wpcf7-form-control wpcf7-textarea wpcf7-validates-as-required\" aria-required=\"true\" aria-invalid=\"false\" name=\"your-message\"><\/textarea><\/span> <\/label>\n\t\t\t<\/p>\n\t\t\t<p><label><span class=\"bt_bb_required\" style=\"margin-top:25px !important;\"><span class=\"wpcf7-form-control-wrap\" data-name=\"accept-this-1\"><span class=\"wpcf7-form-control wpcf7-acceptance\"><span class=\"wpcf7-list-item\"><label><input type=\"checkbox\" name=\"accept-this-1\" value=\"1\" aria-invalid=\"false\" \/><span class=\"wpcf7-list-item-label\">Sunt de acord cu <a target=\"_blank\" href=\"https:\/\/groupflorence.com\/ro\/terms-of-use\/\">Termenii \u0219i Serviciile<\/a>.<\/span><\/label><\/span><\/span><\/span><\/span><\/label>\n\t\t\t<\/p>\n\t\t\t<p><input class=\"wpcf7-form-control wpcf7-submit has-spinner contact_button_int\" type=\"submit\" value=\"TRIMITE MESAJ\" \/>\n\t\t\t<\/p>\n\t\t<\/div>\n\t<\/div>\n\t<div class=\"rowItem rowInnerItem col-md-6  btTextLeft\">\n\t\t<div class=\"rowItemContent\">\n\t\t\t<p align=\"center\" style=\"margin-top:30px;\"><br \/>\n<a href=\"http:\/\/florencenightingale.wetransfer.com\/\" target=\"_blank\" title=\"Click Here To Transfer Your Documents via WeTransfer\"><img decoding=\"async\"  align=\"center\" style=\"max-width:250px !important;\" class=\"lazy loaded\" src=\"https:\/\/groupflorence.com\/ro\/wp-content\/uploads\/2020\/08\/89130-wetransfer-default-logo-rgb-original-1365619064-e1599162229581.png\" data-src=\"https:\/\/groupflorence.com\/ro\/wp-content\/uploads\/2020\/08\/89130-wetransfer-default-logo-rgb-original-1365619064-e1599162229581.png\" alt=\"Click Here To Transfer Your Documents via WeTransfer\" title=\"Click Here To Transfer Your Documents via WeTransfer\" data-was-processed=\"true\" \/><\/a>\n\t\t\t<\/p>\n\t\t\t<h3 align=\"center\"><a href=\"http:\/\/florencenightingale.wetransfer.com\/\" target=\"_blank\" title=\"Click Here To Transfer Your Documents via WeTransfer\">Trimite prin WeTransfer<\/a>\n\t\t\t<\/h3>\n\t\t\t<p align=\"center\">Pute\u021bi trimite documentele dvs. medicale supradimensionate (\u00eenregistr\u0103ri RMN, rezultate de laborator, imagini etc.) folosind contul nostru WeTransfer. Este u\u0219or, rapid \u0219i sigur.\n\t\t\t<\/p>\n\t\t<\/div>\n\t\t<center>\n\t\t\t<p><a href=\"http:\/\/florencenightingale.wetransfer.com\/\" class=\"btBtn btBtn btnFilledStyle btnAccentColor btnSmall btnNormalWidth btnRightPosition btnNoIcon\" target=\"_blank\"><span class=\"btnInnerText\">Trimite acum<\/span><\/a>\n\t\t\t<\/p>\n\t\t<\/center>\n\t<\/div>\n<\/div><div class=\"wpcf7-response-output\" aria-hidden=\"true\"><\/div>\n<\/form>\n<\/div>\n<\/div><div class=\"btClear btSeparator topSpaced noBorder\" ><hr><\/div><\/div><\/div><\/div><\/div><\/div><\/div><\/div><\/section>\n","protected":false},"excerpt":{"rendered":"","protected":false},"author":1,"featured_media":0,"parent":2306,"menu_order":0,"comment_status":"closed","ping_status":"closed","template":"","meta":{"footnotes":""},"class_list":["post-4968","page","type-page","status-publish","hentry"],"_links":{"self":[{"href":"https:\/\/groupflorence.com\/ro\/wp-json\/wp\/v2\/pages\/4968","targetHints":{"allow":["GET"]}}],"collection":[{"href":"https:\/\/groupflorence.com\/ro\/wp-json\/wp\/v2\/pages"}],"about":[{"href":"https:\/\/groupflorence.com\/ro\/wp-json\/wp\/v2\/types\/page"}],"author":[{"embeddable":true,"href":"https:\/\/groupflorence.com\/ro\/wp-json\/wp\/v2\/users\/1"}],"replies":[{"embeddable":true,"href":"https:\/\/groupflorence.com\/ro\/wp-json\/wp\/v2\/comments?post=4968"}],"version-history":[{"count":3,"href":"https:\/\/groupflorence.com\/ro\/wp-json\/wp\/v2\/pages\/4968\/revisions"}],"predecessor-version":[{"id":6120,"href":"https:\/\/groupflorence.com\/ro\/wp-json\/wp\/v2\/pages\/4968\/revisions\/6120"}],"up":[{"embeddable":true,"href":"https:\/\/groupflorence.com\/ro\/wp-json\/wp\/v2\/pages\/2306"}],"wp:attachment":[{"href":"https:\/\/groupflorence.com\/ro\/wp-json\/wp\/v2\/media?parent=4968"}],"curies":[{"name":"wp","href":"https:\/\/api.w.org\/{rel}","templated":true}]}}