{"id":4950,"date":"2020-10-29T16:09:35","date_gmt":"2020-10-29T13:09:35","guid":{"rendered":"https:\/\/groupflorence.com\/ro\/?page_id=4950"},"modified":"2020-12-16T17:32:44","modified_gmt":"2020-12-16T14:32:44","slug":"radiation-oncology","status":"publish","type":"page","link":"https:\/\/groupflorence.com\/ro\/centers-treatments\/oncology-center\/radiation-oncology\/","title":{"rendered":"Radia\u021bii Oncologie"},"content":{"rendered":"<section id=\"bt_section69eb58e24c3a9\"  class=\"boldSection gutter\" ><div class=\"port\"><div class=\"boldCell\"><div class=\"boldCellInner\"><div class=\"boldRow  \" ><div class=\"boldRowInner\"><div class=\"rowItem col-md-4 col-ms-12 btTextLeft\"  ><div class=\"rowItemContent\" ><div class=\"btClear btSeparator topSpaced noBorder\" ><hr><\/div><div class=\"btCustomMenu treatment-sidebar\" ><div class=\"menu-oncology-center-container\"><ul id=\"menu-oncology-center\" class=\"menu\"><li id=\"menu-item-3501\" class=\"menu-item menu-item-type-post_type menu-item-object-page menu-item-has-children menu-item-3501\"><a href=\"https:\/\/groupflorence.com\/ro\/centers-treatments\/\">Centre &#038; Departamente<\/a><ul class=\"sub-menu\"><li id=\"menu-item-3497\" class=\"menu-item menu-item-type-post_type menu-item-object-page menu-item-has-children menu-item-3497\"><a href=\"https:\/\/groupflorence.com\/ro\/centers-treatments\/oncology-center\/\">Centrul de Oncologie Cuprinz\u0103toare<\/a><ul class=\"sub-menu\"><li id=\"menu-item-4380\" class=\"menu-item menu-item-type-post_type menu-item-object-page menu-item-4380\"><a href=\"https:\/\/groupflorence.com\/ro\/centers-treatments\/oncology-center\/nuclear-oncology-nuclear-medicine\/\">Oncologie Nuclear\u0103 (Medicin\u0103 Nuclear\u0103)<\/a><\/li><li id=\"menu-item-4832\" class=\"menu-item menu-item-type-post_type menu-item-object-page menu-item-4832\"><a href=\"https:\/\/groupflorence.com\/ro\/centers-treatments\/oncology-center\/molecular-oncology-and-genetics\/\">Oncologie Molecular\u0103 \u015fi Genetic\u0103<\/a><\/li><li id=\"menu-item-4376\" class=\"menu-item menu-item-type-post_type menu-item-object-page menu-item-4376\"><a href=\"https:\/\/groupflorence.com\/ro\/centers-treatments\/oncology-center\/medical-oncology-and-immunotherapy\/\">Oncologie Medicala si Imunoterapie<\/a><\/li><li id=\"menu-item-4952\" class=\"menu-item menu-item-type-post_type menu-item-object-page menu-item-4952\"><a href=\"https:\/\/groupflorence.com\/ro\/centers-treatments\/oncology-center\/radiation-oncology\/\">Radia\u021bii Oncologie<\/a><\/li><li id=\"menu-item-4373\" class=\"menu-item menu-item-type-post_type menu-item-object-page menu-item-4373\"><a href=\"https:\/\/groupflorence.com\/ro\/centers-treatments\/oncology-center\/interventional-radiology-in-oncology\/\">Radiologie Interven\u021bional\u0103 \u00een Oncologie<\/a><\/li><li id=\"menu-item-3513\" class=\"menu-item menu-item-type-post_type menu-item-object-page menu-item-3513\"><a href=\"https:\/\/groupflorence.com\/ro\/centers-treatments\/oncology-center\/why-florence-nightingale-oncology-center\/\">De ce Centrul Oncologic Florence Nightingale?<\/a><\/li><li id=\"menu-item-3506\" class=\"menu-item menu-item-type-post_type menu-item-object-page menu-item-3506\"><a href=\"https:\/\/groupflorence.com\/ro\/centers-treatments\/oncology-center\/multidisciplinary-tumor-board\/\">Consiliul de Tumoare Multidisciplinar\u0103<\/a><\/li><\/ul><\/li><\/ul><\/li>\n<\/ul><\/div><\/div><div class=\"btClear btSeparator topSemiSpaced noBorder\" ><hr><\/div><div class=\"boldRow boldInnerRow  bt_bb_hidden_xs bt_bb_hidden_ms bt_bb_hidden_sm\" ><div class=\"rowItem rowInnerItem col-md-12  btTextCenter btMiddleVertical\"  ><div class=\"rowItemContent\"><div class=\"bpgPhoto btTextCenter\" > \r\n\t\t\t\t\t<a href=\"https:\/\/groupflorence.com\/ro\/patient-guide\/covid-19-precautions\/\" target=\"_blank\" title=\"\"><\/a>\r\n\t\t\t\t\t<div class=\"boldPhotoBox\"><div class=\"bpbItem\"><div class = \"btImage\"><img decoding=\"async\" src=\"https:\/\/groupflorence.com\/ro\/wp-content\/uploads\/2020\/12\/covid-safe-sidebar-320x186.jpg\" alt=\"\" title=\"\" ><\/div><\/div><\/div>\r\n\t\t\t\t\t<div class=\"captionPane\">\r\n\t\t\t\t\t\t<div class=\"captionTable\">\r\n\t\t\t\t\t\t\t<div class=\"captionCell\">\r\n\t\t\t\t\t\t\t\t<div class=\"captionTxt\"><\/div>\r\n\t\t\t\t\t\t\t<\/div>\r\n\t\t\t\t\t\t<\/div>\r\n\t\t\t\t\t<\/div><\/div><div class=\"btClear btSeparator topSmallSpaced bottomSmallSpaced border\" ><hr><\/div><a href=\"https:\/\/groupflorence.com\/ro\/contact-us\/\" class=\"btBtn btBtn btnFilledStyle btnAccentColor btnBig btnNormalWidth btnLeftPosition btnNoIcon\" ><span class=\"btnInnerText\">Ask A Question<\/span><\/a><\/div><\/div><\/div><\/div><\/div><div class=\"rowItem col-md-8 col-ms-12 btTextLeft\"  ><div class=\"rowItemContent\" ><div class=\"btClear btSeparator topSemiSpaced noBorder\" ><hr><\/div><header class=\"header btClear medium btDash bottomDash  btNormalDash\" ><div class=\"dash\"><h3><span class=\"headline\"><b class=\"animate\">Radia\u021bii Oncologie<\/b><\/span><\/h3><\/div><\/header><div class=\"btClear btSeparator topSemiSpaced noBorder\" ><hr><\/div><div class=\"btText\" ><\/p>\n<p>La <strong>Grupul Florence Nightingale Spitale Departamentul de Radia\u021bii Oncologie<\/strong>, credem c\u0103 includerea dispozitivelor moderne standard este absolut necesar\u0103, dar nu suficient\u0103. Experien\u0163a e cea care face diferen\u0163a.<\/p>\n<p><strong>Radioterapia este un loc de munc\u0103 \u00een echip\u0103, \u0219i avem o echip\u0103 experimentat\u0103 oncologie radiologic\u0103.<\/strong><\/p>\n<p>Departamentul nostru a fost primul din Turcia care a efectuat tehnica de radioterapie conform\u0103 3-D \u00een 1998. Dup\u0103 ce am acumulat o vast\u0103 experien\u021b\u0103 \u00een tehnica de radioterapie conform\u0103, am avut un rol de pionierat \u00een utilizarea tehnicii de radioterapie ajustat\u0103 \u00een densitate (YART) \u00een Turcia \u00een 2005. Suntem m\u00e2ndri s\u0103 fim Departamentul Oncologie, care are cea mai vast\u0103 experien\u021b\u0103 \u00een YART \u00een \u021bara noastr\u0103.<\/p>\n<p><strong>Departamentul de Radia\u021bii Oncologie<\/strong> , care a \u00eenceput s\u0103 aplice radioterapia cu ajustarea densit\u0103\u021bii radiometrice cu dispozitivul RapidArc din 2010, timpul de tratament al pacien\u021bilor no\u0219tri cu aceast\u0103 metod\u0103 este destul de scurt \u0219i durata sc\u0103zut\u0103 a \u0219ederii pacientului \u00een dispozitivul de tratament. Scurtarea acestei perioade minimizeaz\u0103, de asemenea, schimb\u0103rile de pozi\u021bie datorit\u0103 prelungirii \u0219ederii pacientului la mas\u0103, permi\u021b\u00e2nd cre\u0219terea preciziei de setare \u0219i cre\u0219terea eficacit\u0103\u021bii tratamentului.<\/p>\n<p>La departamentul nostru, celelalte dispozitive de \u00eenalt\u0103 tehnologie remarcabile sunt;<\/p>\n<ul>\n<li><strong>IMRT (Radioterapia modulat\u0103 de intensitate)<\/strong>, doza de radia\u021bie se formeaz\u0103 la volumul \u021bint\u0103, \u00een timp ce doza administrat\u0103 de \u021besuturile normale este redus\u0103. De asemenea, este posibil s\u0103 se administreze doze diferite la diferite volume de tratament \u00een aceea\u015fi zi, care se nume\u015fte <strong>Simultan Integrated Boost (SIB)<\/strong>.<\/li>\n<li><strong>IGRT (Image Guided Radioterapie),<\/strong> este un tip de radioterapie conformal\u0103. Radioterapia conformal\u0103 formeaz\u0103 razele radia\u021biilor \u00een func\u021bie de forma \u021besutului canceros.<\/li>\n<li>IGRT ia imagini tomografice computerizate folosind raze X (\u00eenainte \u0219i \u00een timpul tratamentului). Imaginile cu raze X \u0219i tomografie arat\u0103 pozi\u021bia \u0219i forma \u021besutului canceros \u00eempreun\u0103 cu osul \u00eenconjur\u0103tor \u0219i \u021besuturile moi.<\/li>\n<li><strong>TrueBeam STx,<\/strong> este un dispozitiv avansat de radioterapie. Este adesea folosit cu succes \u00een tratamentul tumorilor \u00een zone greu accesibile. Ceea ce face ca TrueBeam STx s\u0103 fie diferit de tehnologiile similare este c\u0103 datorit\u0103 capacit\u0103\u021bii sale de a atinge viteza mare a dozei, este capabil s\u0103 administreze o doz\u0103 mai mare \u00een mult mai pu\u021bin timp \u0219i, prin urmare, \u00een mod semnificativ este faptul c\u0103 ofer\u0103 procese de tratament de \u00eenalt\u0103 performan\u021b\u0103 care reduc.<\/li>\n<li>Sistemul de <strong>management al pozi\u0163iei \u00een timp real (RPM)<\/strong> este un sistem de imagistic\u0103 non-invaziv bazat pe video. Cu acest sistem, imaginile de calitate pot fi ob\u021binute \u00een pl\u0103m\u00e2ni, \u00een piept \u0219i \u00een zonele abdomenului superior.<\/li>\n<\/ul>\n<p>\u00cen plus, facem radioterapie cu markeri aurii timp de 10 ani, \u00een special \u00een radioterapia cancerului de prostat\u0103. Monitoriz\u0103m mi\u0219carea prostatei \u00een timpul tratamentului cu transmi\u021b\u0103tor electromagnetic introdus \u00een prostat\u0103 \u0219i oprim terapia atunci c\u00e2nd se observ\u0103 mi\u0219c\u0103ri excesive \u00een timpul tratamentului cancerului de prostat\u0103 milimetric. Acest lucru este avantajos, deoarece dozele mari de radioterapie pot fi administrate mai eficient \u00eentr-un timp mai scurt.<\/p>\n<p>\u00cen ultimii 2 ani, am reu\u0219it s\u0103 \u00eendep\u0103rt\u0103m rectul (intestinul) din norul de doz\u0103 mare cu gel injectat \u00eentre rect \u0219i prostat\u0103 \u0219i multe efecte secundare intestinale ale radioterapiei sunt dep\u0103\u0219ite.<\/p>\n<p>\n<\/div><div class=\"btClear btSeparator topSmallSpaced noBorder\" ><hr><\/div><div class=\"boldRow boldInnerRow  \" ><div class=\"rowItem rowInnerItem col-md-4  btTextCenter inherit btNoPadding\" style=\"border: 1px solid #999;background-color: rgba(241, 241, 241, 1);\" ><div class=\"rowItemContent\"><div class=\"bpgPhoto btTextCenter\" ><div class=\"btImage\"><img decoding=\"async\" src=\"https:\/\/groupflorence.com\/ro\/wp-content\/uploads\/2020\/10\/S_efik-I_g_dem.jpg\" alt=\"\" title=\"\"><\/div><\/div><div class=\"btIconImageRow btIconsHalfHoverPosition\" ><\/div><div class=\"btClear btSeparator topSmallSpaced noBorder\" ><hr><\/div><div class=\"btText\" ><\/p>\n<h4><a href=\"https:\/\/groupflorence.com\/ro\/doctors\/sefik-igdem\/\">Prof. \u015eefik \u0130\u011fdem, MD<\/a><\/h4>\n<p>\n<\/div><div class=\"btClear btSeparator bottomExtraSmallSpaced noBorder\" ><hr><\/div><a href=\"https:\/\/groupflorence.com\/ro\/doctors\/sefik-igdem\/\" class=\"btBtn btBtn btnFilledStyle btnLightColor btnSmall btnNormalWidth btnRightPosition btnNoIcon\"  target=\"_blank\"><span class=\"btnInnerText\">VIEW CV<\/span><\/a><div class=\"btClear btSeparator topExtraSmallSpaced bottomSmallSpaced noBorder\" ><hr><\/div><\/div><\/div><div class=\"rowItem rowInnerItem col-md-4  btTextCenter inherit btNoPadding\" style=\"background-color: rgba(241, 241, 241, 1);\" ><div class=\"rowItemContent\"><\/div><\/div><div class=\"rowItem rowInnerItem col-md-4  btTextCenter inherit btNoPadding\" style=\"background-color: rgba(241, 241, 241, 1);\" ><div class=\"rowItemContent\"><\/div><\/div><\/div><div class=\"btClear btSeparator topSemiSpaced noBorder\" ><hr><\/div><header class=\"header btClear medium btDash bottomDash  btAccentDash\" ><div class=\"dash\"><h3><span class=\"headline\"><em>Contact Us Now<\/em><\/span><\/h3><\/div><\/header><div class=\"btClear btSeparator bottomSmallSpaced noBorder\" ><hr><\/div><div class=\"btText\" >\n<div class=\"wpcf7 no-js\" id=\"wpcf7-f2891-o1\" lang=\"tr-TR\" dir=\"ltr\" data-wpcf7-id=\"2891\">\n<div class=\"screen-reader-response\"><p role=\"status\" aria-live=\"polite\" aria-atomic=\"true\"><\/p> <ul><\/ul><\/div>\n<form action=\"\/ro\/wp-json\/wp\/v2\/pages\/4950#wpcf7-f2891-o1\" method=\"post\" class=\"wpcf7-form init wpcf7-acceptance-as-validation\" aria-label=\"\u0130leti\u015fim Formu\" novalidate=\"novalidate\" data-status=\"init\">\n<fieldset class=\"hidden-fields-container\"><input type=\"hidden\" name=\"_wpcf7\" value=\"2891\" \/><input type=\"hidden\" name=\"_wpcf7_version\" value=\"6.1.5\" \/><input type=\"hidden\" name=\"_wpcf7_locale\" value=\"tr_TR\" \/><input type=\"hidden\" name=\"_wpcf7_unit_tag\" value=\"wpcf7-f2891-o1\" \/><input type=\"hidden\" name=\"_wpcf7_container_post\" value=\"0\" \/><input type=\"hidden\" name=\"_wpcf7_posted_data_hash\" value=\"\" \/>\n<\/fieldset>\n<p style=\"margin-bottom:30px !important;\">\u00cen timp ce completa\u021bi formularul de contact de mai jos, pute\u021bi, de asemenea, s\u0103 ne trimite\u021bi fi\u0219ierele medicale ale pacientului\/dumneavoastr\u0103 prin <strong>transfer<\/strong>. A doua opinie medical\u0103 v\u0103 va fi prezentat\u0103 \u00een termen de 48 de ore.\n<\/p>\n<div class=\"boldRow boldInnerRow  \">\n\t<div class=\"rowItem rowInnerItem col-md-6  btTextLeft\">\n\t\t<div class=\"rowItemContent\">\n\t\t\t<p><label><span class=\"bt_bb_required\">Numele t\u0103u<\/span><br \/>\n<span class=\"wpcf7-form-control-wrap\" data-name=\"your-name\"><input size=\"40\" maxlength=\"400\" class=\"wpcf7-form-control wpcf7-text wpcf7-validates-as-required\" aria-required=\"true\" aria-invalid=\"false\" value=\"\" type=\"text\" name=\"your-name\" \/><\/span> <\/label>\n\t\t\t<\/p>\n\t\t\t<p><label><span class=\"bt_bb_required\">E-mailul dvs.<\/span><br \/>\n<span class=\"wpcf7-form-control-wrap\" data-name=\"your-email\"><input size=\"40\" maxlength=\"400\" class=\"wpcf7-form-control wpcf7-email wpcf7-validates-as-required wpcf7-text wpcf7-validates-as-email\" aria-required=\"true\" aria-invalid=\"false\" value=\"\" type=\"email\" name=\"your-email\" \/><\/span> <\/label>\n\t\t\t<\/p>\n\t\t\t<p><label><span class=\"bt_bb_required\">Telefonul dvs.<\/span><br \/>\n<span class=\"wpcf7-form-control-wrap\" data-name=\"your-phone\"><input size=\"40\" class=\"wpcf7-form-control wpcf7-phonetext wpcf7-text wpcf7-validates-as-phonetext\" id=\"int_phone\" aria-invalid=\"false\" value=\"\" type=\"text\" name=\"your-phone\" \/><input type=\"hidden\" name=\"your-phone-country-code\" class=\"wpcf7-phonetext-country-code\" \/><\/span> <\/label>\n\t\t\t<\/p>\n\t\t\t<p><label><span class=\"bt_bb_required\">Mesajul dvs.<\/span><br \/>\n<span class=\"wpcf7-form-control-wrap\" data-name=\"your-message\"><textarea cols=\"40\" rows=\"10\" maxlength=\"2000\" class=\"wpcf7-form-control wpcf7-textarea wpcf7-validates-as-required\" aria-required=\"true\" aria-invalid=\"false\" name=\"your-message\"><\/textarea><\/span> <\/label>\n\t\t\t<\/p>\n\t\t\t<p><label><span class=\"bt_bb_required\" style=\"margin-top:25px !important;\"><span class=\"wpcf7-form-control-wrap\" data-name=\"accept-this-1\"><span class=\"wpcf7-form-control wpcf7-acceptance\"><span class=\"wpcf7-list-item\"><label><input type=\"checkbox\" name=\"accept-this-1\" value=\"1\" aria-invalid=\"false\" \/><span class=\"wpcf7-list-item-label\">Sunt de acord cu <a target=\"_blank\" href=\"https:\/\/groupflorence.com\/ro\/terms-of-use\/\">Termenii \u0219i Serviciile<\/a>.<\/span><\/label><\/span><\/span><\/span><\/span><\/label>\n\t\t\t<\/p>\n\t\t\t<p><input class=\"wpcf7-form-control wpcf7-submit has-spinner contact_button_int\" type=\"submit\" value=\"TRIMITE MESAJ\" \/>\n\t\t\t<\/p>\n\t\t<\/div>\n\t<\/div>\n\t<div class=\"rowItem rowInnerItem col-md-6  btTextLeft\">\n\t\t<div class=\"rowItemContent\">\n\t\t\t<p align=\"center\" style=\"margin-top:30px;\"><br \/>\n<a href=\"http:\/\/florencenightingale.wetransfer.com\/\" target=\"_blank\" title=\"Click Here To Transfer Your Documents via WeTransfer\"><img decoding=\"async\"  align=\"center\" style=\"max-width:250px !important;\" class=\"lazy loaded\" src=\"https:\/\/groupflorence.com\/ro\/wp-content\/uploads\/2020\/08\/89130-wetransfer-default-logo-rgb-original-1365619064-e1599162229581.png\" data-src=\"https:\/\/groupflorence.com\/ro\/wp-content\/uploads\/2020\/08\/89130-wetransfer-default-logo-rgb-original-1365619064-e1599162229581.png\" alt=\"Click Here To Transfer Your Documents via WeTransfer\" title=\"Click Here To Transfer Your Documents via WeTransfer\" data-was-processed=\"true\" \/><\/a>\n\t\t\t<\/p>\n\t\t\t<h3 align=\"center\"><a href=\"http:\/\/florencenightingale.wetransfer.com\/\" target=\"_blank\" title=\"Click Here To Transfer Your Documents via WeTransfer\">Trimite prin WeTransfer<\/a>\n\t\t\t<\/h3>\n\t\t\t<p align=\"center\">Pute\u021bi trimite documentele dvs. medicale supradimensionate (\u00eenregistr\u0103ri RMN, rezultate de laborator, imagini etc.) folosind contul nostru WeTransfer. Este u\u0219or, rapid \u0219i sigur.\n\t\t\t<\/p>\n\t\t<\/div>\n\t\t<center>\n\t\t\t<p><a href=\"http:\/\/florencenightingale.wetransfer.com\/\" class=\"btBtn btBtn btnFilledStyle btnAccentColor btnSmall btnNormalWidth btnRightPosition btnNoIcon\" target=\"_blank\"><span class=\"btnInnerText\">Trimite acum<\/span><\/a>\n\t\t\t<\/p>\n\t\t<\/center>\n\t<\/div>\n<\/div><div class=\"wpcf7-response-output\" aria-hidden=\"true\"><\/div>\n<\/form>\n<\/div>\n<\/div><div class=\"btClear btSeparator topSpaced noBorder\" ><hr><\/div><\/div><\/div><\/div><\/div><\/div><\/div><\/div><\/section>\n","protected":false},"excerpt":{"rendered":"","protected":false},"author":1,"featured_media":0,"parent":2331,"menu_order":0,"comment_status":"closed","ping_status":"closed","template":"","meta":{"footnotes":""},"class_list":["post-4950","page","type-page","status-publish","hentry"],"_links":{"self":[{"href":"https:\/\/groupflorence.com\/ro\/wp-json\/wp\/v2\/pages\/4950","targetHints":{"allow":["GET"]}}],"collection":[{"href":"https:\/\/groupflorence.com\/ro\/wp-json\/wp\/v2\/pages"}],"about":[{"href":"https:\/\/groupflorence.com\/ro\/wp-json\/wp\/v2\/types\/page"}],"author":[{"embeddable":true,"href":"https:\/\/groupflorence.com\/ro\/wp-json\/wp\/v2\/users\/1"}],"replies":[{"embeddable":true,"href":"https:\/\/groupflorence.com\/ro\/wp-json\/wp\/v2\/comments?post=4950"}],"version-history":[{"count":3,"href":"https:\/\/groupflorence.com\/ro\/wp-json\/wp\/v2\/pages\/4950\/revisions"}],"predecessor-version":[{"id":6042,"href":"https:\/\/groupflorence.com\/ro\/wp-json\/wp\/v2\/pages\/4950\/revisions\/6042"}],"up":[{"embeddable":true,"href":"https:\/\/groupflorence.com\/ro\/wp-json\/wp\/v2\/pages\/2331"}],"wp:attachment":[{"href":"https:\/\/groupflorence.com\/ro\/wp-json\/wp\/v2\/media?parent=4950"}],"curies":[{"name":"wp","href":"https:\/\/api.w.org\/{rel}","templated":true}]}}