{"id":4628,"date":"2020-10-22T23:18:18","date_gmt":"2020-10-22T20:18:18","guid":{"rendered":"https:\/\/groupflorence.com\/ro\/?page_id=4628"},"modified":"2021-03-05T15:54:27","modified_gmt":"2021-03-05T12:54:27","slug":"percutaneous-mitral-balloon-valvuloplasty","status":"publish","type":"page","link":"https:\/\/groupflorence.com\/ro\/centers-treatments\/heart-center\/percutaneous-mitral-balloon-valvuloplasty\/","title":{"rendered":"Valvuloplastie cu Balon Mitral Percutanat"},"content":{"rendered":"<section id=\"bt_section69eb5aa461129\"  class=\"boldSection gutter\" ><div class=\"port\"><div class=\"boldCell\"><div class=\"boldCellInner\"><div class=\"boldRow  \" ><div class=\"boldRowInner\"><div class=\"rowItem col-md-4 col-ms-12 btTextLeft\"  ><div class=\"rowItemContent\" ><div class=\"btClear btSeparator topSpaced noBorder\" ><hr><\/div><div class=\"btCustomMenu treatment-sidebar\" ><div class=\"menu-heart-center-container\"><ul id=\"menu-heart-center\" class=\"menu\"><li id=\"menu-item-4478\" class=\"menu-item menu-item-type-post_type menu-item-object-page menu-item-has-children menu-item-4478\"><a href=\"https:\/\/groupflorence.com\/ro\/centers-treatments\/\">Centre &#038; Departamente<\/a><ul class=\"sub-menu\"><li id=\"menu-item-4475\" class=\"menu-item menu-item-type-post_type menu-item-object-page menu-item-has-children menu-item-4475\"><a href=\"https:\/\/groupflorence.com\/ro\/centers-treatments\/heart-center\/\">Centrul de Inima<\/a><ul class=\"sub-menu\"><li id=\"menu-item-4613\" class=\"menu-item menu-item-type-post_type menu-item-object-page menu-item-4613\"><a href=\"https:\/\/groupflorence.com\/ro\/centers-treatments\/heart-center\/cardiology\/\">Cardiologie<\/a><\/li><li id=\"menu-item-4607\" class=\"menu-item menu-item-type-post_type menu-item-object-page menu-item-4607\"><a href=\"https:\/\/groupflorence.com\/ro\/centers-treatments\/heart-center\/pediatric-heart-diseases\/\">Boli Cardiace Pediatrice<\/a><\/li><li id=\"menu-item-4477\" class=\"menu-item menu-item-type-post_type menu-item-object-page menu-item-4477\"><a href=\"https:\/\/groupflorence.com\/ro\/centers-treatments\/heart-center\/congenital-heart-diseases\/\">Boli Cardiace Congenitale<\/a><\/li><li id=\"menu-item-4483\" class=\"menu-item menu-item-type-post_type menu-item-object-page menu-item-4483\"><a href=\"https:\/\/groupflorence.com\/ro\/centers-treatments\/heart-center\/arrhythmia\/\">Aritmii<\/a><\/li><li id=\"menu-item-4495\" class=\"menu-item menu-item-type-post_type menu-item-object-page menu-item-4495\"><a href=\"https:\/\/groupflorence.com\/ro\/centers-treatments\/heart-center\/interventional-cardiology\/\">Cardiologie Interventionala<\/a><\/li><li id=\"menu-item-4629\" class=\"menu-item menu-item-type-post_type menu-item-object-page menu-item-4629\"><a href=\"https:\/\/groupflorence.com\/ro\/centers-treatments\/heart-center\/cardiac-catheterization-and-angiography\/\">Cateterizarea Cardiac\u0103 \u0219i Angiografia<\/a><\/li><li id=\"menu-item-4633\" class=\"menu-item menu-item-type-post_type menu-item-object-page menu-item-4633\"><a href=\"https:\/\/groupflorence.com\/ro\/centers-treatments\/heart-center\/percutaneous-mitral-balloon-valvuloplasty\/\">Valvuloplastie cu Balon Mitral Percutanat<\/a><\/li><li id=\"menu-item-4615\" class=\"menu-item menu-item-type-post_type menu-item-object-page menu-item-4615\"><a href=\"https:\/\/groupflorence.com\/ro\/centers-treatments\/heart-center\/cardiovascular-surgery\/\">Chirurgie Cardiovascular\u0103<\/a><\/li><li id=\"menu-item-4601\" class=\"menu-item menu-item-type-post_type menu-item-object-page menu-item-4601\"><a href=\"https:\/\/groupflorence.com\/ro\/centers-treatments\/heart-center\/processes-of-a-heart-surgery\/\">Procesele unei Chirurgicale Cardiace<\/a><\/li><li id=\"menu-item-4493\" class=\"menu-item menu-item-type-post_type menu-item-object-page menu-item-4493\"><a href=\"https:\/\/groupflorence.com\/ro\/centers-treatments\/heart-center\/coronary-artery-bypass-graft\/\">Bypass Coronarian Greft<\/a><\/li><li id=\"menu-item-4604\" class=\"menu-item menu-item-type-post_type menu-item-object-page menu-item-4604\"><a href=\"https:\/\/groupflorence.com\/ro\/centers-treatments\/heart-center\/vascular-surgery\/\">Chirurgie Vascular<\/a><\/li><\/ul><\/li><\/ul><\/li>\n<\/ul><\/div><\/div><div class=\"btClear btSeparator topSemiSpaced noBorder\" ><hr><\/div><div class=\"boldRow boldInnerRow  bt_bb_hidden_xs bt_bb_hidden_ms bt_bb_hidden_sm\" ><div class=\"rowItem rowInnerItem col-md-12  btTextCenter btMiddleVertical\"  ><div class=\"rowItemContent\"><div class=\"bpgPhoto btTextCenter\" > \r\n\t\t\t\t\t<a href=\"https:\/\/groupflorence.com\/ro\/patient-guide\/covid-19-precautions\/\" target=\"_blank\" title=\"\"><\/a>\r\n\t\t\t\t\t<div class=\"boldPhotoBox\"><div class=\"bpbItem\"><div class = \"btImage\"><img decoding=\"async\" src=\"https:\/\/groupflorence.com\/ro\/wp-content\/uploads\/2020\/12\/covid-safe-sidebar-320x186.jpg\" alt=\"\" title=\"\" ><\/div><\/div><\/div>\r\n\t\t\t\t\t<div class=\"captionPane\">\r\n\t\t\t\t\t\t<div class=\"captionTable\">\r\n\t\t\t\t\t\t\t<div class=\"captionCell\">\r\n\t\t\t\t\t\t\t\t<div class=\"captionTxt\"><\/div>\r\n\t\t\t\t\t\t\t<\/div>\r\n\t\t\t\t\t\t<\/div>\r\n\t\t\t\t\t<\/div><\/div><div class=\"btClear btSeparator topSmallSpaced bottomSmallSpaced border\" ><hr><\/div><a href=\"https:\/\/groupflorence.com\/ro\/contact-us\/\" class=\"btBtn btBtn btnFilledStyle btnAccentColor btnBig btnNormalWidth btnLeftPosition btnNoIcon\" ><span class=\"btnInnerText\">Ask A Question<\/span><\/a><\/div><\/div><\/div><\/div><\/div><div class=\"rowItem col-md-8 col-ms-12 btTextLeft\"  ><div class=\"rowItemContent\" ><div class=\"btClear btSeparator topSemiSpaced noBorder\" ><hr><\/div><header class=\"header btClear medium btDash bottomDash  btNormalDash\" ><div class=\"dash\"><h3><span class=\"headline\"><b class=\"animate\">Valvuloplastie cu Balon Mitral Percutanat<\/b><\/span><\/h3><\/div><\/header><div class=\"btClear btSeparator topSemiSpaced noBorder\" ><hr><\/div><div class=\"btText\" ><\/p>\n<p>Stenoza mitral\u0103 este o boal\u0103 a valvei cardiace dezvoltat\u0103 asociat\u0103 cu febra reumatic\u0103 acut\u0103 suferit\u0103 \u00een copil\u0103rie. Valva mitral\u0103 este situat\u0103 \u00eentre atriul st\u00e2ng \u0219i ventriculul st\u00e2ng. Are dou\u0103 pliante. Stenoza mitral\u0103 apare atunci c\u00e2nd dou\u0103 pliante ale supapei se \u00eengroa\u0219\u0103 \u0219i se ata\u0219eaz\u0103 unul la cel\u0103lalt \u0219i se caracterizeaz\u0103 prin supap\u0103 \u00eengust\u0103 ca urmare a mu\u0219chilor \u0219i fibrelor \u00eengro\u0219ate \u0219i care de\u021bin valva mitral\u0103. Diagnosticul stenozei mitrale este stabilit printr-o ecocardiogram\u0103 dup\u0103 ce a ascultat pl\u00e2ngerile pacientului \u0219i dup\u0103 o examinare. Auscultarea rareori nu dezv\u0103luie nici un simptom. Diagnosticul final se face prin ecou.<\/p>\n<p>Stenoza mitral\u0103 \u00eempiedic\u0103 s\u00e2ngele oxigenat care provine din pl\u0103m\u00e2ni s\u0103 treac\u0103 de la atriul st\u00e2ng la ventriculul st\u00e2ng. Prin urmare, atriul st\u00e2ng este primul care se m\u0103reasc\u0103, apoi s\u00e2ngele \u00eencepe s\u0103 se acumuleze \u00een pl\u0103m\u00e2ni. Presiunea intrapulmonic\u0103 este crescut\u0103 de s\u00e2ngele acumulat \u00een pl\u0103m\u00e2ni, iar pacien\u021bii vor avea pl\u00e2ngeri de dificult\u0103\u021bi de respira\u021bie, tuse, inim\u0103, \u0219i \u00een stadiile avansate pot ap\u0103rea hemoptizie (edem pulmonar sau congestie pulmonar\u0103). Valva mitral\u0103 acoper\u0103 \u00een mod normal o suprafa\u021b\u0103 de 2-3 cm\u00b2. Dac\u0103 valva mitral\u0103 este mai mic\u0103 de 1,5 cm\u00b2, este necesar un tratament, deoarece de data aceasta partea dreapt\u0103 a inimii este afectat\u0103 ca urmare a acumul\u0103rii de s\u00e2nge \u00een pl\u0103m\u00e2ni \u0219i cre\u0219terea presiunii intrapulmonice datorit\u0103 supapei \u00eenguste (mai mic\u0103 de 1,5 cm\u00b2). Insuficien\u021ba cardiac\u0103 dreapt\u0103 \u0219i boala valvei tricuspidiene apar \u00eentr-un stadiu avansat.<\/p>\n<p>Tratamentul stenozei mitrale variaz\u0103 \u00een func\u021bie de severitatea stenozei. Farmacoterapia trebuie s\u0103 fie suficient\u0103 pentru stenoz\u0103 u\u0219oar\u0103. Diureticele vor fi utile pentru a preveni acumularea \u00een pl\u0103m\u00e2ni, iar beta-blocantele vor fi utile pentru inim\u0103. Cu stenoza progresat\u0103, se efectueaz\u0103 valvuloplastia cu balon mitral percutanat (PMBV) sau interven\u021bia chirurgical\u0103 pe cord deschis (repararea chirurgical\u0103 sau \u00eenlocuirea valvei mitrale).<\/p>\n<p>Valvuloplastia cu balon mitral\u0103 este utilizat\u0103 pentru a m\u0103ri valva mitral\u0103 \u00eengust\u0103 cu un balon. C\u00e2nd se efectueaz\u0103 pe pacien\u021bi adecva\u021bi, valvuloplastia cu balon mitral are multe avantaje fa\u021b\u0103 de chirurgia pe cord deschis. Cel mai important avantaj este c\u0103 pacientul nu prime\u0219te anestezie general\u0103, iar cutia toracic\u0103 nu este deschis\u0103. Astfel, pacientul este con\u0219tient \u00een timpul procedurii \u0219i nu necesit\u0103 terapie intensiv\u0103 dup\u0103 procedur\u0103. \u00cen plus, pacien\u021bii sunt capabili s\u0103 se recupereze \u00een timp scurt \u0219i mai ales evacua\u021bi \u00een ziua urm\u0103toare. Un alt avantaj important este faptul c\u0103 un num\u0103r mare de pacien\u021bi, care au primit o valvuloplastie cu balon mitral\u0103, nu este necesar s\u0103 se utilizeze medicamente anticoagulante \u00een cazul \u00een care nu exist\u0103 aritmie, \u00een timp ce pacien\u021bii care au suferit o interven\u021bie chirurgical\u0103 pe cord deschis \u0219i implantat artificiale (protez\u0103) supap\u0103, trebuie s\u0103 utilizeze anticoagulant medicamente (Coumadin-Warfarin\u0103) pentru o via\u021b\u0103.<\/p>\n<p>Procedura de valvuloplastie cu balon mitral este efectuat\u0103 de cardiologi interven\u021bionali la laboratorul de angiografie. Regiunea inghinal\u0103 este cur\u0103\u021bat\u0103 cu o solu\u021bie antiseptic\u0103 pentru a aplica un anestezic local \u00eenainte de procedur\u0103. O canul\u0103 este plasat\u0103 \u00een artera inghinal\u0103 \u0219i ven\u0103 \u0219i ghidat\u0103 \u00een atriul drept al inimii printr-un cateter, apoi peretele dintre atriul drept \u0219i cel st\u00e2ng al inimii este perforat de un ac specific pentru a ajunge \u00een atriul st\u00e2ng. Cateterul cu balon este ghidat de la atriul st\u00e2ng la ventriculul st\u00e2ng printr-un fir specific, apoi umflat la valva mitral\u0103 pentru a m\u0103ri valva c\u00e2t mai mult posibil.<\/p>\n<p>Aceast\u0103 cifr\u0103 demonstreaz\u0103 modul \u00een care balonul trece de-a lungul valvei mitrale, apoi este umflat pe valva mitral\u0103.<\/p>\n<p>S\u00e2rma \u0219i cateterul cu balon sunt \u00eendep\u0103rtate dup\u0103 procedur\u0103 \u0219i se aplic\u0103 un bandaj pe regiunea inghinal\u0103. Pacientului i se recomand\u0103 s\u0103 se odihneasc\u0103 \u00een pat \u015fi s\u0103 fie externat a doua zi dac\u0103 nu apare nicio problem\u0103 \u00een timpul urm\u0103ririi. Rata de succes a valvuloplastiei cu balon mitral este mai mare de 90%. Majoritatea pacien\u021bilor vor avea o bun\u0103stare timp de aproximativ 20 de ani. Procedura de valvuloplastie cu balon mitral poate fi repetat\u0103, dac\u0103 este necesar, c\u00e2nd valva mitral\u0103 devine \u00eengust\u0103 din nou. Procedura de valvuloplastie a balonului mitral a fost efectuat\u0103 de mul\u021bi ani la spitalul nostru. Suntem cel mai important spital cu o grav\u0103 de 1200 de cazuri \u00een lume \u0219i \u00een \u021bar\u0103. Realiz\u0103m valvuloplastia cu balon mitral \u00een siguran\u021b\u0103.<\/p>\n<p>Valvuloplastia cu balon mitral percutanat prezint\u0103 riscuri ca \u00een cazul oric\u0103rei proceduri invazive. Astfel de riscuri devin afectate de anumi\u021bi factori, de exemplu v\u00e2rsta pacientului \u0219i prezen\u021ba altor boli.<\/p>\n<p>De\u015fi aceste evenimente sunt monitorizate mai pu\u0163in \u00een centrele experimentate, urm\u0103toarele reac\u0163ii adverse pot ap\u0103rea \u00een timpul procedurii sau \u00een primele 12- 24 ore.<\/p>\n<ol>\n<li>O ruptur\u0103 grav\u0103 poate ap\u0103rea pe supap\u0103 (2 -10%) \u0219i poate fi necesar\u0103 o interven\u021bie chirurgical\u0103 cardiac\u0103 pentru a repara ruptura.<\/li>\n<li>Un defect grav poate ap\u0103rea \u00eentre camerele mici ale inimii (atriu)<\/li>\n<li>\u00cen timpul septostomiei, se poate dezvolta o tamponad\u0103 pericardic\u0103 din s\u00e2ngele acumulat \u00een pliantele pericardice din cauza peretelui inimii perforat, care poate duce la deces (posibilitatea este de 1 -2%).<\/li>\n<li>Se poate produce hemoragie inghinal\u0103 care poate duce la v\u00e2n\u0103t\u0103i inghinale sau pseudoanevrism \u0219i necesit\u0103 o interven\u021bie chirurgical\u0103.<\/li>\n<li>Accident vascular cerebral poate s\u0103 apar\u0103 (0%, 5-5), ceea ce poate duce la pierderea func\u0163iei \u00eentr-o jum\u0103tate a corpului \u015fi la invaliditate permanent\u0103.<\/li>\n<\/ol>\n<p>\n<\/div><div class=\"btClear btSeparator topSemiSpaced noBorder\" ><hr><\/div><div class=\"boldRow boldInnerRow  \" ><div class=\"rowItem rowInnerItem col-md-6  btTextCenter inherit btNoPadding\" style=\"background-color: rgba(241, 241, 241, 1);\" ><div class=\"rowItemContent\"><\/div><\/div><div class=\"rowItem rowInnerItem col-md-6  btTextCenter inherit btNoPadding\" style=\"background-color: rgba(241, 241, 241, 1);\" ><div class=\"rowItemContent\"><\/div><\/div><\/div><div class=\"btClear btSeparator topSemiSpaced noBorder\" ><hr><\/div><header class=\"header btClear medium btDash bottomDash  btAccentDash\" ><div class=\"dash\"><h3><span class=\"headline\"><em>Contact Us Now<\/em><\/span><\/h3><\/div><\/header><div class=\"btClear btSeparator bottomSmallSpaced noBorder\" ><hr><\/div><div class=\"btText\" >\n<div class=\"wpcf7 no-js\" id=\"wpcf7-f2891-o1\" lang=\"tr-TR\" dir=\"ltr\" data-wpcf7-id=\"2891\">\n<div class=\"screen-reader-response\"><p role=\"status\" aria-live=\"polite\" aria-atomic=\"true\"><\/p> <ul><\/ul><\/div>\n<form action=\"\/ro\/wp-json\/wp\/v2\/pages\/4628#wpcf7-f2891-o1\" method=\"post\" class=\"wpcf7-form init wpcf7-acceptance-as-validation\" aria-label=\"\u0130leti\u015fim Formu\" novalidate=\"novalidate\" data-status=\"init\">\n<fieldset class=\"hidden-fields-container\"><input type=\"hidden\" name=\"_wpcf7\" value=\"2891\" \/><input type=\"hidden\" name=\"_wpcf7_version\" value=\"6.1.5\" \/><input type=\"hidden\" name=\"_wpcf7_locale\" value=\"tr_TR\" \/><input type=\"hidden\" name=\"_wpcf7_unit_tag\" value=\"wpcf7-f2891-o1\" \/><input type=\"hidden\" name=\"_wpcf7_container_post\" value=\"0\" \/><input type=\"hidden\" name=\"_wpcf7_posted_data_hash\" value=\"\" \/>\n<\/fieldset>\n<p style=\"margin-bottom:30px !important;\">\u00cen timp ce completa\u021bi formularul de contact de mai jos, pute\u021bi, de asemenea, s\u0103 ne trimite\u021bi fi\u0219ierele medicale ale pacientului\/dumneavoastr\u0103 prin <strong>transfer<\/strong>. A doua opinie medical\u0103 v\u0103 va fi prezentat\u0103 \u00een termen de 48 de ore.\n<\/p>\n<div class=\"boldRow boldInnerRow  \">\n\t<div class=\"rowItem rowInnerItem col-md-6  btTextLeft\">\n\t\t<div class=\"rowItemContent\">\n\t\t\t<p><label><span class=\"bt_bb_required\">Numele t\u0103u<\/span><br \/>\n<span class=\"wpcf7-form-control-wrap\" data-name=\"your-name\"><input size=\"40\" maxlength=\"400\" class=\"wpcf7-form-control wpcf7-text wpcf7-validates-as-required\" aria-required=\"true\" aria-invalid=\"false\" value=\"\" type=\"text\" name=\"your-name\" \/><\/span> <\/label>\n\t\t\t<\/p>\n\t\t\t<p><label><span class=\"bt_bb_required\">E-mailul dvs.<\/span><br \/>\n<span class=\"wpcf7-form-control-wrap\" data-name=\"your-email\"><input size=\"40\" maxlength=\"400\" class=\"wpcf7-form-control wpcf7-email wpcf7-validates-as-required wpcf7-text wpcf7-validates-as-email\" aria-required=\"true\" aria-invalid=\"false\" value=\"\" type=\"email\" name=\"your-email\" \/><\/span> <\/label>\n\t\t\t<\/p>\n\t\t\t<p><label><span class=\"bt_bb_required\">Telefonul dvs.<\/span><br \/>\n<span class=\"wpcf7-form-control-wrap\" data-name=\"your-phone\"><input size=\"40\" class=\"wpcf7-form-control wpcf7-phonetext wpcf7-text wpcf7-validates-as-phonetext\" id=\"int_phone\" aria-invalid=\"false\" value=\"\" type=\"text\" name=\"your-phone\" \/><input type=\"hidden\" name=\"your-phone-country-code\" class=\"wpcf7-phonetext-country-code\" \/><\/span> <\/label>\n\t\t\t<\/p>\n\t\t\t<p><label><span class=\"bt_bb_required\">Mesajul dvs.<\/span><br \/>\n<span class=\"wpcf7-form-control-wrap\" data-name=\"your-message\"><textarea cols=\"40\" rows=\"10\" maxlength=\"2000\" class=\"wpcf7-form-control wpcf7-textarea wpcf7-validates-as-required\" aria-required=\"true\" aria-invalid=\"false\" name=\"your-message\"><\/textarea><\/span> <\/label>\n\t\t\t<\/p>\n\t\t\t<p><label><span class=\"bt_bb_required\" style=\"margin-top:25px !important;\"><span class=\"wpcf7-form-control-wrap\" data-name=\"accept-this-1\"><span class=\"wpcf7-form-control wpcf7-acceptance\"><span class=\"wpcf7-list-item\"><label><input type=\"checkbox\" name=\"accept-this-1\" value=\"1\" aria-invalid=\"false\" \/><span class=\"wpcf7-list-item-label\">Sunt de acord cu <a target=\"_blank\" href=\"https:\/\/groupflorence.com\/ro\/terms-of-use\/\">Termenii \u0219i Serviciile<\/a>.<\/span><\/label><\/span><\/span><\/span><\/span><\/label>\n\t\t\t<\/p>\n\t\t\t<p><input class=\"wpcf7-form-control wpcf7-submit has-spinner contact_button_int\" type=\"submit\" value=\"TRIMITE MESAJ\" \/>\n\t\t\t<\/p>\n\t\t<\/div>\n\t<\/div>\n\t<div class=\"rowItem rowInnerItem col-md-6  btTextLeft\">\n\t\t<div class=\"rowItemContent\">\n\t\t\t<p align=\"center\" style=\"margin-top:30px;\"><br \/>\n<a href=\"http:\/\/florencenightingale.wetransfer.com\/\" target=\"_blank\" title=\"Click Here To Transfer Your Documents via WeTransfer\"><img decoding=\"async\"  align=\"center\" style=\"max-width:250px !important;\" class=\"lazy loaded\" src=\"https:\/\/groupflorence.com\/ro\/wp-content\/uploads\/2020\/08\/89130-wetransfer-default-logo-rgb-original-1365619064-e1599162229581.png\" data-src=\"https:\/\/groupflorence.com\/ro\/wp-content\/uploads\/2020\/08\/89130-wetransfer-default-logo-rgb-original-1365619064-e1599162229581.png\" alt=\"Click Here To Transfer Your Documents via WeTransfer\" title=\"Click Here To Transfer Your Documents via WeTransfer\" data-was-processed=\"true\" \/><\/a>\n\t\t\t<\/p>\n\t\t\t<h3 align=\"center\"><a href=\"http:\/\/florencenightingale.wetransfer.com\/\" target=\"_blank\" title=\"Click Here To Transfer Your Documents via WeTransfer\">Trimite prin WeTransfer<\/a>\n\t\t\t<\/h3>\n\t\t\t<p align=\"center\">Pute\u021bi trimite documentele dvs. medicale supradimensionate (\u00eenregistr\u0103ri RMN, rezultate de laborator, imagini etc.) folosind contul nostru WeTransfer. Este u\u0219or, rapid \u0219i sigur.\n\t\t\t<\/p>\n\t\t<\/div>\n\t\t<center>\n\t\t\t<p><a href=\"http:\/\/florencenightingale.wetransfer.com\/\" class=\"btBtn btBtn btnFilledStyle btnAccentColor btnSmall btnNormalWidth btnRightPosition btnNoIcon\" target=\"_blank\"><span class=\"btnInnerText\">Trimite acum<\/span><\/a>\n\t\t\t<\/p>\n\t\t<\/center>\n\t<\/div>\n<\/div><div class=\"wpcf7-response-output\" aria-hidden=\"true\"><\/div>\n<\/form>\n<\/div>\n<\/div><div class=\"btClear btSeparator topSpaced noBorder\" ><hr><\/div><\/div><\/div><\/div><\/div><\/div><\/div><\/div><\/section>\n","protected":false},"excerpt":{"rendered":"","protected":false},"author":1,"featured_media":0,"parent":4469,"menu_order":0,"comment_status":"closed","ping_status":"closed","template":"","meta":{"footnotes":""},"class_list":["post-4628","page","type-page","status-publish","hentry"],"_links":{"self":[{"href":"https:\/\/groupflorence.com\/ro\/wp-json\/wp\/v2\/pages\/4628","targetHints":{"allow":["GET"]}}],"collection":[{"href":"https:\/\/groupflorence.com\/ro\/wp-json\/wp\/v2\/pages"}],"about":[{"href":"https:\/\/groupflorence.com\/ro\/wp-json\/wp\/v2\/types\/page"}],"author":[{"embeddable":true,"href":"https:\/\/groupflorence.com\/ro\/wp-json\/wp\/v2\/users\/1"}],"replies":[{"embeddable":true,"href":"https:\/\/groupflorence.com\/ro\/wp-json\/wp\/v2\/comments?post=4628"}],"version-history":[{"count":4,"href":"https:\/\/groupflorence.com\/ro\/wp-json\/wp\/v2\/pages\/4628\/revisions"}],"predecessor-version":[{"id":6250,"href":"https:\/\/groupflorence.com\/ro\/wp-json\/wp\/v2\/pages\/4628\/revisions\/6250"}],"up":[{"embeddable":true,"href":"https:\/\/groupflorence.com\/ro\/wp-json\/wp\/v2\/pages\/4469"}],"wp:attachment":[{"href":"https:\/\/groupflorence.com\/ro\/wp-json\/wp\/v2\/media?parent=4628"}],"curies":[{"name":"wp","href":"https:\/\/api.w.org\/{rel}","templated":true}]}}