{"id":4490,"date":"2020-10-22T16:37:56","date_gmt":"2020-10-22T13:37:56","guid":{"rendered":"https:\/\/groupflorence.com\/ro\/?page_id=4490"},"modified":"2021-05-31T10:59:54","modified_gmt":"2021-05-31T07:59:54","slug":"coronary-artery-bypass-graft","status":"publish","type":"page","link":"https:\/\/groupflorence.com\/ro\/centers-treatments\/heart-center\/coronary-artery-bypass-graft\/","title":{"rendered":"Bypass Coronarian Greft"},"content":{"rendered":"<section id=\"bt_section69eb8944a07df\"  class=\"boldSection gutter\" ><div class=\"port\"><div class=\"boldCell\"><div class=\"boldCellInner\"><div class=\"boldRow  \" ><div class=\"boldRowInner\"><div class=\"rowItem col-md-4 col-ms-12 btTextLeft\"  ><div class=\"rowItemContent\" ><div class=\"btClear btSeparator topSpaced noBorder\" ><hr><\/div><div class=\"btCustomMenu treatment-sidebar\" ><div class=\"menu-heart-center-container\"><ul id=\"menu-heart-center\" class=\"menu\"><li id=\"menu-item-4478\" class=\"menu-item menu-item-type-post_type menu-item-object-page menu-item-has-children menu-item-4478\"><a href=\"https:\/\/groupflorence.com\/ro\/centers-treatments\/\">Centre &#038; Departamente<\/a><ul class=\"sub-menu\"><li id=\"menu-item-4475\" class=\"menu-item menu-item-type-post_type menu-item-object-page menu-item-has-children menu-item-4475\"><a href=\"https:\/\/groupflorence.com\/ro\/centers-treatments\/heart-center\/\">Centrul de Inima<\/a><ul class=\"sub-menu\"><li id=\"menu-item-4613\" class=\"menu-item menu-item-type-post_type menu-item-object-page menu-item-4613\"><a href=\"https:\/\/groupflorence.com\/ro\/centers-treatments\/heart-center\/cardiology\/\">Cardiologie<\/a><\/li><li id=\"menu-item-4607\" class=\"menu-item menu-item-type-post_type menu-item-object-page menu-item-4607\"><a href=\"https:\/\/groupflorence.com\/ro\/centers-treatments\/heart-center\/pediatric-heart-diseases\/\">Boli Cardiace Pediatrice<\/a><\/li><li id=\"menu-item-4477\" class=\"menu-item menu-item-type-post_type menu-item-object-page menu-item-4477\"><a href=\"https:\/\/groupflorence.com\/ro\/centers-treatments\/heart-center\/congenital-heart-diseases\/\">Boli Cardiace Congenitale<\/a><\/li><li id=\"menu-item-4483\" class=\"menu-item menu-item-type-post_type menu-item-object-page menu-item-4483\"><a href=\"https:\/\/groupflorence.com\/ro\/centers-treatments\/heart-center\/arrhythmia\/\">Aritmii<\/a><\/li><li id=\"menu-item-4495\" class=\"menu-item menu-item-type-post_type menu-item-object-page menu-item-4495\"><a href=\"https:\/\/groupflorence.com\/ro\/centers-treatments\/heart-center\/interventional-cardiology\/\">Cardiologie Interventionala<\/a><\/li><li id=\"menu-item-4629\" class=\"menu-item menu-item-type-post_type menu-item-object-page menu-item-4629\"><a href=\"https:\/\/groupflorence.com\/ro\/centers-treatments\/heart-center\/cardiac-catheterization-and-angiography\/\">Cateterizarea Cardiac\u0103 \u0219i Angiografia<\/a><\/li><li id=\"menu-item-4633\" class=\"menu-item menu-item-type-post_type menu-item-object-page menu-item-4633\"><a href=\"https:\/\/groupflorence.com\/ro\/centers-treatments\/heart-center\/percutaneous-mitral-balloon-valvuloplasty\/\">Valvuloplastie cu Balon Mitral Percutanat<\/a><\/li><li id=\"menu-item-4615\" class=\"menu-item menu-item-type-post_type menu-item-object-page menu-item-4615\"><a href=\"https:\/\/groupflorence.com\/ro\/centers-treatments\/heart-center\/cardiovascular-surgery\/\">Chirurgie Cardiovascular\u0103<\/a><\/li><li id=\"menu-item-4601\" class=\"menu-item menu-item-type-post_type menu-item-object-page menu-item-4601\"><a href=\"https:\/\/groupflorence.com\/ro\/centers-treatments\/heart-center\/processes-of-a-heart-surgery\/\">Procesele unei Chirurgicale Cardiace<\/a><\/li><li id=\"menu-item-4493\" class=\"menu-item menu-item-type-post_type menu-item-object-page menu-item-4493\"><a href=\"https:\/\/groupflorence.com\/ro\/centers-treatments\/heart-center\/coronary-artery-bypass-graft\/\">Bypass Coronarian Greft<\/a><\/li><li id=\"menu-item-4604\" class=\"menu-item menu-item-type-post_type menu-item-object-page menu-item-4604\"><a href=\"https:\/\/groupflorence.com\/ro\/centers-treatments\/heart-center\/vascular-surgery\/\">Chirurgie Vascular<\/a><\/li><\/ul><\/li><\/ul><\/li>\n<\/ul><\/div><\/div><div class=\"btClear btSeparator topSemiSpaced noBorder\" ><hr><\/div><div class=\"boldRow boldInnerRow  bt_bb_hidden_xs bt_bb_hidden_ms bt_bb_hidden_sm\" ><div class=\"rowItem rowInnerItem col-md-12  btTextCenter btMiddleVertical\"  ><div class=\"rowItemContent\"><div class=\"bpgPhoto btTextCenter\" > \r\n\t\t\t\t\t<a href=\"https:\/\/groupflorence.com\/ro\/patient-guide\/covid-19-precautions\/\" target=\"_blank\" title=\"\"><\/a>\r\n\t\t\t\t\t<div class=\"boldPhotoBox\"><div class=\"bpbItem\"><div class = \"btImage\"><img decoding=\"async\" src=\"https:\/\/groupflorence.com\/ro\/wp-content\/uploads\/2020\/12\/covid-safe-sidebar-320x186.jpg\" alt=\"\" title=\"\" ><\/div><\/div><\/div>\r\n\t\t\t\t\t<div class=\"captionPane\">\r\n\t\t\t\t\t\t<div class=\"captionTable\">\r\n\t\t\t\t\t\t\t<div class=\"captionCell\">\r\n\t\t\t\t\t\t\t\t<div class=\"captionTxt\"><\/div>\r\n\t\t\t\t\t\t\t<\/div>\r\n\t\t\t\t\t\t<\/div>\r\n\t\t\t\t\t<\/div><\/div><div class=\"btClear btSeparator topSmallSpaced bottomSmallSpaced border\" ><hr><\/div><a href=\"https:\/\/groupflorence.com\/ro\/contact-us\/\" class=\"btBtn btBtn btnFilledStyle btnAccentColor btnBig btnNormalWidth btnLeftPosition btnNoIcon\" ><span class=\"btnInnerText\">Ask A Question<\/span><\/a><\/div><\/div><\/div><\/div><\/div><div class=\"rowItem col-md-8 col-ms-12 btTextLeft\"  ><div class=\"rowItemContent\" ><div class=\"btClear btSeparator topSemiSpaced noBorder\" ><hr><\/div><header class=\"header btClear medium btDash bottomDash  btAccentDash\" ><div class=\"dash\"><h3><span class=\"headline\"><b class=\"animate\">Bypass Coronarian Greft<\/b><\/span><\/h3><\/div><\/header><div class=\"btClear btSeparator topExtraSmallSpaced noBorder\" ><hr><\/div><div class=\"btText\" ><\/p>\n<p><strong>Grupul Florence Nightingale Hospital<\/strong> <strong>Heart Center<\/strong> ofer\u0103 servicii cu o experien\u021b\u0103 de 30 de ani, o echip\u0103 medical\u0103 puternic\u0103 de exper\u021bi \u0219i cardiologi cu experien\u021b\u0103, precum \u0219i echipamente avansate.<\/p>\n<p>La <strong>Centrul<\/strong> nostru <strong>Heart, multe boli cardiace<\/strong> de la hipertensiune la sindromul metabolic \u0219i de la bolile coronariene la tulbur\u0103rile de ritm cardiac sunt tratate cu succes.<\/p>\n<p>Cardiologii no\u0219tri experimenta\u021bi \u0219i chirurgii cardiovasculari evalueaz\u0103, diagnosticheaz\u0103 \u0219i trateaz\u0103 bolile cardiovasculare prin utilizarea diferitelor modalit\u0103\u021bi, cum ar fi<\/p>\n<ul>\n<li>examenul electrofiziologic;<\/li>\n<li>ecocardiografie;<\/li>\n<li>cateterism cardiac,<\/li>\n<li>angiografie coronarian\u0103, c<\/li>\n<li>procedura cu balonul oronar\/stent,<\/li>\n<li>alte proceduri de cardiologie interventionala.<\/li>\n<\/ul>\n<h2><strong>Ceea ce facem este o garan\u021bie a ceea ce vom face!<\/strong><\/h2>\n<p>De la data \u00eenfiin\u021b\u0103rii, opera\u021biunile efectuate includ<\/p>\n<ul>\n<li>671 interven\u0163ii chirurgicale pe cord,<\/li>\n<li>919 angiografii \u015fi proceduri PTCA.<\/li>\n<li>Efectu\u0103m o medie de 2000 de interven\u021bii chirurgicale cardiovasculare \u00eentr-un an.<\/li>\n<\/ul>\n<p>Principalele opera\u021bii cardiovasculare sunt:<\/p>\n<ul>\n<li>Bypass coronarian<\/li>\n<li>Chirurgie invaziv\u0103<\/li>\n<li>Opera\u021biuni de<\/li>\n<li>Chirurgie aritmie\/Fibrila\u0163ie<\/li>\n<li>Chirurgie Robotic<\/li>\n<li>Chirurgie<\/li>\n<li>Chirurgii vasculare majore (anevrism, disec\u021bie)<\/li>\n<li>Chirurgia arterei carotide<\/li>\n<li>Bolile venei<\/li>\n<li>Probleme vasculare la nivelul piciorului diabetic<\/li>\n<\/ul>\n<h2><strong>Ce este bypass coronarian Graft (CABG)?<\/strong><\/h2>\n<p>Dac\u0103 exist\u0103 constric\u021bie sau congestie \u00een arterele coronare, atunci mu\u0219chii inimii sunt oxigena\u021bi inadecvat, duc\u00e2nd astfel la sc\u0103derea performan\u021bei cardiace. Oamenii se pl\u00e2ng de dureri \u00een piept, iar riscul de atac de cord este crescut.<\/p>\n<h3><strong>Ce este \u201ebypass\u201d?<\/strong><\/h3>\n<p>\u00cen bypass coronarian coronarian (CABG), arterele coronare obstruc\u021bionate sunt \u00eenlocuite cu vasele prelevate din diferite p\u0103r\u021bi ale corpului. CABG, definit\u0103 \u0219i ca \u201echirurgie de leg\u0103tur\u0103\u201d, asigur\u0103 o cantitate suficient\u0103 de s\u00e2nge pentru mu\u0219chii inimii relevan\u021bi.<\/p>\n<h3><strong>Cum efectu\u0103m CABG?<\/strong><\/h3>\n<p>Chirurgia by-pass coronarian poate fi efectuat\u0103 \u00een dou\u0103 forme:<\/p>\n<ul>\n<li>\u00centr-o inim\u0103 oprit\u0103: Inima este complet oprit\u0103 \u0219i circula\u021bia \u00een organism este men\u021binut\u0103 de o pomp\u0103 de inim\u0103, \u00een timp ce se efectueaz\u0103 legarea vaselor. Pompa de inim\u0103 \u00ee\u0219i asum\u0103 \u00eendatoririle pl\u0103m\u00e2nilor \u0219i inimii pacientului \u00een timpul interven\u021biei chirurgicale, permi\u021b\u00e2nd pomparea s\u00e2ngelui \u00een creier \u0219i \u00een alte organe vitale.<\/li>\n<li>\u00cen inima de lucru: Chirurgia se efectueaz\u0103 f\u0103r\u0103 a opri inima \u0219i necesitatea unei pompe de inim\u0103. Pentru poduri, se utilizeaz\u0103 vase cum ar fi artera piciorului pacientului, artera antebra\u021bului, artera toracic\u0103.<\/li>\n<\/ul>\n<p><strong>Grupul Florence Nightingale Hospital<\/strong> a fost primul care a adus sistemul de chirurgie robotic\u0103 Da Vinci \u00een Turcia. Chirurgia robotizat\u0103 este \u00eenc\u0103 considerat\u0103 a fi cel mai \u00eenalt punct tehnologic al chirurgiei cardiace. Echipa noastr\u0103 cardiovascular\u0103 efectueaz\u0103 o interven\u021bie chirurgical\u0103 robotizat\u0103 pe cazuri eligibile pentru o perioad\u0103 de recuperare mai confortabil\u0103 pentru pacien\u021bi.<\/p>\n<p><em>Prin completarea formularului de <\/em><strong><em>contact <\/em><\/strong> de<em>mai jos, pute\u021bi pune \u00eentreb\u0103ri \u0219i\/sau solicita mai multe informa\u021bii de la exper\u021bii no\u0219tri despre coronarian Bypass Graft (CABG) la Grupul Florence Nightingale Hospital.<\/em><\/p>\n<p>\n<\/div><div class=\"btClear btSeparator topSemiSpaced noBorder\" ><hr><\/div><div class=\"boldRow boldInnerRow  \" ><div class=\"rowItem rowInnerItem col-md-4  btTextCenter inherit btNoPadding\" style=\"border: 1px solid #999;background-color: rgba(241, 241, 241, 1);\" ><div class=\"rowItemContent\"><div class=\"bpgPhoto btTextCenter\" ><div class=\"btImage\"><img decoding=\"async\" src=\"https:\/\/groupflorence.com\/ro\/wp-content\/uploads\/2021\/05\/mehmet-ezelsoy.jpg\" alt=\"\" title=\"\"><\/div><\/div><div class=\"btIconImageRow btIconsHalfHoverPosition\" ><\/div><div class=\"btClear btSeparator topSmallSpaced noBorder\" ><hr><\/div><div class=\"btText\" ><\/p>\n<h4><a href=\"https:\/\/groupflorence.com\/en\/doctors\/mehmet-ezelsoy-m-d\/\" target=\"_blank\" rel=\"noopener\">Mehmet Ezelsoy, MD<\/a><\/h4>\n<p>\n<\/div><div class=\"btClear btSeparator bottomExtraSmallSpaced noBorder\" ><hr><\/div><a href=\"https:\/\/groupflorence.com\/en\/doctors\/mehmet-ezelsoy-m-d\/\" class=\"btBtn btBtn btnFilledStyle btnLightColor btnSmall btnNormalWidth btnRightPosition btnNoIcon\"  target=\"_blank\"><span class=\"btnInnerText\">VIEW CV<\/span><\/a><div class=\"btClear btSeparator topExtraSmallSpaced bottomSmallSpaced noBorder\" ><hr><\/div><\/div><\/div><div class=\"rowItem rowInnerItem col-md-4  btTextCenter inherit btNoPadding\" style=\"border: 1px solid #999;background-color: rgba(241, 241, 241, 1);\" ><div class=\"rowItemContent\"><div class=\"bpgPhoto btTextCenter\" ><div class=\"btImage\"><img decoding=\"async\" src=\"https:\/\/groupflorence.com\/ro\/wp-content\/uploads\/2020\/10\/Ertan-Sag_bas_.jpg\" alt=\"\" title=\"\"><\/div><\/div><div class=\"btIconImageRow btIconsHalfHoverPosition\" ><\/div><div class=\"btClear btSeparator topSmallSpaced noBorder\" ><hr><\/div><div class=\"btText\" ><\/p>\n<h4><a href=\"https:\/\/groupflorence.com\/ro\/doctors\/ertan-sagbas\/\">Prof. Ertan Sa\u011fba\u015f, MD<\/a><\/h4>\n<p>\n<\/div><div class=\"btClear btSeparator bottomExtraSmallSpaced noBorder\" ><hr><\/div><a href=\"https:\/\/groupflorence.com\/ro\/doctors\/ertan-sagbas\/\" class=\"btBtn btBtn btnFilledStyle btnLightColor btnSmall btnNormalWidth btnRightPosition btnNoIcon\"  target=\"_blank\"><span class=\"btnInnerText\">VIEW CV<\/span><\/a><div class=\"btClear btSeparator topExtraSmallSpaced bottomSmallSpaced noBorder\" ><hr><\/div><\/div><\/div><div class=\"rowItem rowInnerItem col-md-4  btTextCenter inherit btNoPadding\" style=\"background-color: rgba(241, 241, 241, 1);\" ><div class=\"rowItemContent\"><\/div><\/div><\/div><div class=\"btClear btSeparator topSemiSpaced noBorder\" ><hr><\/div><header class=\"header btClear medium btDash bottomDash  btAccentDash\" ><div class=\"dash\"><h3><span class=\"headline\"><em>Contact Us Now<\/em><\/span><\/h3><\/div><\/header><div class=\"btClear btSeparator bottomSmallSpaced noBorder\" ><hr><\/div><div class=\"btText\" >\n<div class=\"wpcf7 no-js\" id=\"wpcf7-f2891-o1\" lang=\"tr-TR\" dir=\"ltr\" data-wpcf7-id=\"2891\">\n<div class=\"screen-reader-response\"><p role=\"status\" aria-live=\"polite\" aria-atomic=\"true\"><\/p> <ul><\/ul><\/div>\n<form action=\"\/ro\/wp-json\/wp\/v2\/pages\/4490#wpcf7-f2891-o1\" method=\"post\" class=\"wpcf7-form init wpcf7-acceptance-as-validation\" aria-label=\"\u0130leti\u015fim Formu\" novalidate=\"novalidate\" data-status=\"init\">\n<fieldset class=\"hidden-fields-container\"><input type=\"hidden\" name=\"_wpcf7\" value=\"2891\" \/><input type=\"hidden\" name=\"_wpcf7_version\" value=\"6.1.5\" \/><input type=\"hidden\" name=\"_wpcf7_locale\" value=\"tr_TR\" \/><input type=\"hidden\" name=\"_wpcf7_unit_tag\" value=\"wpcf7-f2891-o1\" \/><input type=\"hidden\" name=\"_wpcf7_container_post\" value=\"0\" \/><input type=\"hidden\" name=\"_wpcf7_posted_data_hash\" value=\"\" \/>\n<\/fieldset>\n<p style=\"margin-bottom:30px !important;\">\u00cen timp ce completa\u021bi formularul de contact de mai jos, pute\u021bi, de asemenea, s\u0103 ne trimite\u021bi fi\u0219ierele medicale ale pacientului\/dumneavoastr\u0103 prin <strong>transfer<\/strong>. A doua opinie medical\u0103 v\u0103 va fi prezentat\u0103 \u00een termen de 48 de ore.\n<\/p>\n<div class=\"boldRow boldInnerRow  \">\n\t<div class=\"rowItem rowInnerItem col-md-6  btTextLeft\">\n\t\t<div class=\"rowItemContent\">\n\t\t\t<p><label><span class=\"bt_bb_required\">Numele t\u0103u<\/span><br \/>\n<span class=\"wpcf7-form-control-wrap\" data-name=\"your-name\"><input size=\"40\" maxlength=\"400\" class=\"wpcf7-form-control wpcf7-text wpcf7-validates-as-required\" aria-required=\"true\" aria-invalid=\"false\" value=\"\" type=\"text\" name=\"your-name\" \/><\/span> <\/label>\n\t\t\t<\/p>\n\t\t\t<p><label><span class=\"bt_bb_required\">E-mailul dvs.<\/span><br \/>\n<span class=\"wpcf7-form-control-wrap\" data-name=\"your-email\"><input size=\"40\" maxlength=\"400\" class=\"wpcf7-form-control wpcf7-email wpcf7-validates-as-required wpcf7-text wpcf7-validates-as-email\" aria-required=\"true\" aria-invalid=\"false\" value=\"\" type=\"email\" name=\"your-email\" \/><\/span> <\/label>\n\t\t\t<\/p>\n\t\t\t<p><label><span class=\"bt_bb_required\">Telefonul dvs.<\/span><br \/>\n<span class=\"wpcf7-form-control-wrap\" data-name=\"your-phone\"><input size=\"40\" class=\"wpcf7-form-control wpcf7-phonetext wpcf7-text wpcf7-validates-as-phonetext\" id=\"int_phone\" aria-invalid=\"false\" value=\"\" type=\"text\" name=\"your-phone\" \/><input type=\"hidden\" name=\"your-phone-country-code\" class=\"wpcf7-phonetext-country-code\" \/><\/span> <\/label>\n\t\t\t<\/p>\n\t\t\t<p><label><span class=\"bt_bb_required\">Mesajul dvs.<\/span><br \/>\n<span class=\"wpcf7-form-control-wrap\" data-name=\"your-message\"><textarea cols=\"40\" rows=\"10\" maxlength=\"2000\" class=\"wpcf7-form-control wpcf7-textarea wpcf7-validates-as-required\" aria-required=\"true\" aria-invalid=\"false\" name=\"your-message\"><\/textarea><\/span> <\/label>\n\t\t\t<\/p>\n\t\t\t<p><label><span class=\"bt_bb_required\" style=\"margin-top:25px !important;\"><span class=\"wpcf7-form-control-wrap\" data-name=\"accept-this-1\"><span class=\"wpcf7-form-control wpcf7-acceptance\"><span class=\"wpcf7-list-item\"><label><input type=\"checkbox\" name=\"accept-this-1\" value=\"1\" aria-invalid=\"false\" \/><span class=\"wpcf7-list-item-label\">Sunt de acord cu <a target=\"_blank\" href=\"https:\/\/groupflorence.com\/ro\/terms-of-use\/\">Termenii \u0219i Serviciile<\/a>.<\/span><\/label><\/span><\/span><\/span><\/span><\/label>\n\t\t\t<\/p>\n\t\t\t<p><input class=\"wpcf7-form-control wpcf7-submit has-spinner contact_button_int\" type=\"submit\" value=\"TRIMITE MESAJ\" \/>\n\t\t\t<\/p>\n\t\t<\/div>\n\t<\/div>\n\t<div class=\"rowItem rowInnerItem col-md-6  btTextLeft\">\n\t\t<div class=\"rowItemContent\">\n\t\t\t<p align=\"center\" style=\"margin-top:30px;\"><br \/>\n<a href=\"http:\/\/florencenightingale.wetransfer.com\/\" target=\"_blank\" title=\"Click Here To Transfer Your Documents via WeTransfer\"><img decoding=\"async\"  align=\"center\" style=\"max-width:250px !important;\" class=\"lazy loaded\" src=\"https:\/\/groupflorence.com\/ro\/wp-content\/uploads\/2020\/08\/89130-wetransfer-default-logo-rgb-original-1365619064-e1599162229581.png\" data-src=\"https:\/\/groupflorence.com\/ro\/wp-content\/uploads\/2020\/08\/89130-wetransfer-default-logo-rgb-original-1365619064-e1599162229581.png\" alt=\"Click Here To Transfer Your Documents via WeTransfer\" title=\"Click Here To Transfer Your Documents via WeTransfer\" data-was-processed=\"true\" \/><\/a>\n\t\t\t<\/p>\n\t\t\t<h3 align=\"center\"><a href=\"http:\/\/florencenightingale.wetransfer.com\/\" target=\"_blank\" title=\"Click Here To Transfer Your Documents via WeTransfer\">Trimite prin WeTransfer<\/a>\n\t\t\t<\/h3>\n\t\t\t<p align=\"center\">Pute\u021bi trimite documentele dvs. medicale supradimensionate (\u00eenregistr\u0103ri RMN, rezultate de laborator, imagini etc.) folosind contul nostru WeTransfer. Este u\u0219or, rapid \u0219i sigur.\n\t\t\t<\/p>\n\t\t<\/div>\n\t\t<center>\n\t\t\t<p><a href=\"http:\/\/florencenightingale.wetransfer.com\/\" class=\"btBtn btBtn btnFilledStyle btnAccentColor btnSmall btnNormalWidth btnRightPosition btnNoIcon\" target=\"_blank\"><span class=\"btnInnerText\">Trimite acum<\/span><\/a>\n\t\t\t<\/p>\n\t\t<\/center>\n\t<\/div>\n<\/div><div class=\"wpcf7-response-output\" aria-hidden=\"true\"><\/div>\n<\/form>\n<\/div>\n<\/div><div class=\"btClear btSeparator topSpaced noBorder\" ><hr><\/div><\/div><\/div><\/div><\/div><\/div><\/div><\/div><\/section>\n","protected":false},"excerpt":{"rendered":"","protected":false},"author":1,"featured_media":0,"parent":4469,"menu_order":4,"comment_status":"closed","ping_status":"closed","template":"","meta":{"footnotes":""},"class_list":["post-4490","page","type-page","status-publish","hentry"],"_links":{"self":[{"href":"https:\/\/groupflorence.com\/ro\/wp-json\/wp\/v2\/pages\/4490","targetHints":{"allow":["GET"]}}],"collection":[{"href":"https:\/\/groupflorence.com\/ro\/wp-json\/wp\/v2\/pages"}],"about":[{"href":"https:\/\/groupflorence.com\/ro\/wp-json\/wp\/v2\/types\/page"}],"author":[{"embeddable":true,"href":"https:\/\/groupflorence.com\/ro\/wp-json\/wp\/v2\/users\/1"}],"replies":[{"embeddable":true,"href":"https:\/\/groupflorence.com\/ro\/wp-json\/wp\/v2\/comments?post=4490"}],"version-history":[{"count":5,"href":"https:\/\/groupflorence.com\/ro\/wp-json\/wp\/v2\/pages\/4490\/revisions"}],"predecessor-version":[{"id":6279,"href":"https:\/\/groupflorence.com\/ro\/wp-json\/wp\/v2\/pages\/4490\/revisions\/6279"}],"up":[{"embeddable":true,"href":"https:\/\/groupflorence.com\/ro\/wp-json\/wp\/v2\/pages\/4469"}],"wp:attachment":[{"href":"https:\/\/groupflorence.com\/ro\/wp-json\/wp\/v2\/media?parent=4490"}],"curies":[{"name":"wp","href":"https:\/\/api.w.org\/{rel}","templated":true}]}}