{"id":4480,"date":"2020-10-22T16:26:58","date_gmt":"2020-10-22T13:26:58","guid":{"rendered":"https:\/\/groupflorence.com\/ro\/?page_id=4480"},"modified":"2020-12-16T15:04:24","modified_gmt":"2020-12-16T12:04:24","slug":"arrhythmia","status":"publish","type":"page","link":"https:\/\/groupflorence.com\/ro\/centers-treatments\/heart-center\/arrhythmia\/","title":{"rendered":"Aritmii"},"content":{"rendered":"<section id=\"bt_section69eba619e625e\"  class=\"boldSection gutter\" ><div class=\"port\"><div class=\"boldCell\"><div class=\"boldCellInner\"><div class=\"boldRow  \" ><div class=\"boldRowInner\"><div class=\"rowItem col-md-4 col-ms-12 btTextLeft\"  ><div class=\"rowItemContent\" ><div class=\"btClear btSeparator topSpaced noBorder\" ><hr><\/div><div class=\"btCustomMenu treatment-sidebar\" ><div class=\"menu-heart-center-container\"><ul id=\"menu-heart-center\" class=\"menu\"><li id=\"menu-item-4478\" class=\"menu-item menu-item-type-post_type menu-item-object-page menu-item-has-children menu-item-4478\"><a href=\"https:\/\/groupflorence.com\/ro\/centers-treatments\/\">Centre &#038; Departamente<\/a><ul class=\"sub-menu\"><li id=\"menu-item-4475\" class=\"menu-item menu-item-type-post_type menu-item-object-page menu-item-has-children menu-item-4475\"><a href=\"https:\/\/groupflorence.com\/ro\/centers-treatments\/heart-center\/\">Centrul de Inima<\/a><ul class=\"sub-menu\"><li id=\"menu-item-4613\" class=\"menu-item menu-item-type-post_type menu-item-object-page menu-item-4613\"><a href=\"https:\/\/groupflorence.com\/ro\/centers-treatments\/heart-center\/cardiology\/\">Cardiologie<\/a><\/li><li id=\"menu-item-4607\" class=\"menu-item menu-item-type-post_type menu-item-object-page menu-item-4607\"><a href=\"https:\/\/groupflorence.com\/ro\/centers-treatments\/heart-center\/pediatric-heart-diseases\/\">Boli Cardiace Pediatrice<\/a><\/li><li id=\"menu-item-4477\" class=\"menu-item menu-item-type-post_type menu-item-object-page menu-item-4477\"><a href=\"https:\/\/groupflorence.com\/ro\/centers-treatments\/heart-center\/congenital-heart-diseases\/\">Boli Cardiace Congenitale<\/a><\/li><li id=\"menu-item-4483\" class=\"menu-item menu-item-type-post_type menu-item-object-page menu-item-4483\"><a href=\"https:\/\/groupflorence.com\/ro\/centers-treatments\/heart-center\/arrhythmia\/\">Aritmii<\/a><\/li><li id=\"menu-item-4495\" class=\"menu-item menu-item-type-post_type menu-item-object-page menu-item-4495\"><a href=\"https:\/\/groupflorence.com\/ro\/centers-treatments\/heart-center\/interventional-cardiology\/\">Cardiologie Interventionala<\/a><\/li><li id=\"menu-item-4629\" class=\"menu-item menu-item-type-post_type menu-item-object-page menu-item-4629\"><a href=\"https:\/\/groupflorence.com\/ro\/centers-treatments\/heart-center\/cardiac-catheterization-and-angiography\/\">Cateterizarea Cardiac\u0103 \u0219i Angiografia<\/a><\/li><li id=\"menu-item-4633\" class=\"menu-item menu-item-type-post_type menu-item-object-page menu-item-4633\"><a href=\"https:\/\/groupflorence.com\/ro\/centers-treatments\/heart-center\/percutaneous-mitral-balloon-valvuloplasty\/\">Valvuloplastie cu Balon Mitral Percutanat<\/a><\/li><li id=\"menu-item-4615\" class=\"menu-item menu-item-type-post_type menu-item-object-page menu-item-4615\"><a href=\"https:\/\/groupflorence.com\/ro\/centers-treatments\/heart-center\/cardiovascular-surgery\/\">Chirurgie Cardiovascular\u0103<\/a><\/li><li id=\"menu-item-4601\" class=\"menu-item menu-item-type-post_type menu-item-object-page menu-item-4601\"><a href=\"https:\/\/groupflorence.com\/ro\/centers-treatments\/heart-center\/processes-of-a-heart-surgery\/\">Procesele unei Chirurgicale Cardiace<\/a><\/li><li id=\"menu-item-4493\" class=\"menu-item menu-item-type-post_type menu-item-object-page menu-item-4493\"><a href=\"https:\/\/groupflorence.com\/ro\/centers-treatments\/heart-center\/coronary-artery-bypass-graft\/\">Bypass Coronarian Greft<\/a><\/li><li id=\"menu-item-4604\" class=\"menu-item menu-item-type-post_type menu-item-object-page menu-item-4604\"><a href=\"https:\/\/groupflorence.com\/ro\/centers-treatments\/heart-center\/vascular-surgery\/\">Chirurgie Vascular<\/a><\/li><\/ul><\/li><\/ul><\/li>\n<\/ul><\/div><\/div><div class=\"btClear btSeparator topSemiSpaced noBorder\" ><hr><\/div><div class=\"boldRow boldInnerRow  bt_bb_hidden_xs bt_bb_hidden_ms bt_bb_hidden_sm\" ><div class=\"rowItem rowInnerItem col-md-12  btTextCenter btMiddleVertical\"  ><div class=\"rowItemContent\"><div class=\"bpgPhoto btTextCenter\" > \r\n\t\t\t\t\t<a href=\"https:\/\/groupflorence.com\/ro\/patient-guide\/covid-19-precautions\/\" target=\"_blank\" title=\"\"><\/a>\r\n\t\t\t\t\t<div class=\"boldPhotoBox\"><div class=\"bpbItem\"><div class = \"btImage\"><img decoding=\"async\" src=\"https:\/\/groupflorence.com\/ro\/wp-content\/uploads\/2020\/12\/covid-safe-sidebar-320x186.jpg\" alt=\"\" title=\"\" ><\/div><\/div><\/div>\r\n\t\t\t\t\t<div class=\"captionPane\">\r\n\t\t\t\t\t\t<div class=\"captionTable\">\r\n\t\t\t\t\t\t\t<div class=\"captionCell\">\r\n\t\t\t\t\t\t\t\t<div class=\"captionTxt\"><\/div>\r\n\t\t\t\t\t\t\t<\/div>\r\n\t\t\t\t\t\t<\/div>\r\n\t\t\t\t\t<\/div><\/div><div class=\"btClear btSeparator topSmallSpaced bottomSmallSpaced border\" ><hr><\/div><a href=\"https:\/\/groupflorence.com\/ro\/contact-us\/\" class=\"btBtn btBtn btnFilledStyle btnAccentColor btnBig btnNormalWidth btnLeftPosition btnNoIcon\" ><span class=\"btnInnerText\">Ask A Question<\/span><\/a><\/div><\/div><\/div><\/div><\/div><div class=\"rowItem col-md-8 col-ms-12 btTextLeft\"  ><div class=\"rowItemContent\" ><div class=\"btClear btSeparator topSemiSpaced noBorder\" ><hr><\/div><header class=\"header btClear medium btDash bottomDash  btAccentDash\" ><div class=\"dash\"><h3><span class=\"headline\"><b class=\"animate\">Aritmii<\/b><\/span><\/h3><\/div><\/header><div class=\"btClear btSeparator topExtraSmallSpaced noBorder\" ><hr><\/div><div class=\"btText\" ><\/p>\n<h3><strong>Ce este Aritmia?<\/strong><\/h3>\n<p>Aritmia se refer\u0103 la ritmul cardiac neregulat, adic\u0103 ritmul cardiac anormal. Cu alte cuvinte, \u00eenseamn\u0103 tulbur\u0103ri de ritm, b\u0103t\u0103i neregulate ale inimii. Aritmia poate fi anormal de rapid\u0103 (tahicardie) sau anormal de lent\u0103 (bradicardie). Aritmiile pot avea o ordine intern\u0103 sau pot fi total neregulate la ritmul cardiac normal, rapid sau lent.<\/p>\n<h3><strong>Care sunt pl\u00e2ngerile pacien\u021bilor cu aritmie?<\/strong><\/h3>\n<ul>\n<li>Reclama\u021biile tahicardiei includ adesea inima, m\u0103gulirea, rularea unei pneuri sau o senza\u021bie de flopping \u00een piept.<\/li>\n<li>Reclama\u021biile de bradicardie includ adesea ame\u021beli, ame\u021beal\u0103, le\u0219in, puls lent, oboseal\u0103, oboseal\u0103 sau sl\u0103biciune.<\/li>\n<\/ul>\n<p>Dac\u0103 bradicardia sau tahicardia are o neregularitate intern\u0103, at\u00e2t b\u0103t\u0103ile inimii, c\u00e2t \u0219i pulsul sunt neregulate \u00een plus fa\u021b\u0103 de simptomele de mai sus.<\/p>\n<p>Unele aritmii pot fi simple \u0219i nesemnificative, \u00een timp ce unele pot fi alarmante \u0219i fatale. Poate duce la o moarte subit\u0103.<\/p>\n<h3><strong>Care sunt cauzele aritmiei?<\/strong><\/h3>\n<p>Cele legate de inima:<\/p>\n<ul>\n<li>Boala coronarian\u0103 (boal\u0103 cardiac\u0103 ischemic\u0103), atac de cord (infarct miocardic acut sau anterior) sau, \u00een general, ateroscleroza,<\/li>\n<li>Boala cardiac\u0103 congenital\u0103 (sindromul QT lung),<\/li>\n<li>Deformarea sau disfunc\u021bia inimii, de exemplu cardiomiopatie,<\/li>\n<li>Bolile valvelor<\/li>\n<li>Insuficien\u0163\u0103 cardiac\u0103,<\/li>\n<li>Efectul drogurilor.<\/li>\n<\/ul>\n<p>Alte cauze ale aritmiei care nu au leg\u0103tur\u0103 cu inima:<\/p>\n<ul>\n<li>Fumatul,<\/li>\n<li>Consumul de alcool,<\/li>\n<li>Consumul de b\u0103uturi cofeinizate (prea mult ceai, cafea, ciocolat\u0103, cocs \u0219i b\u0103uturi energizante),<\/li>\n<li>Nedormirea,<\/li>\n<li>Stres sever,<\/li>\n<li>Gripa, de exemplu tuse \u0219i catarrhie,<\/li>\n<li>Tulbur\u0103ri electrolitice;<\/li>\n<li>Hipertiroidismul (glanda tiroid\u0103 hiperactiv\u0103, gusa toxic\u0103),<\/li>\n<li>Esofagit\u0103 de reflux (hernie gastric\u0103 \u015fi reflux c\u0103tre esofag),<\/li>\n<li>Medicamente (medicamente pentru astm, cataral\u0103 \u0219i grip\u0103, medicamente f\u0103r\u0103 prescrip\u021bie medical\u0103 pentru sc\u0103derea \u00een greutate),<\/li>\n<li>Abuzul de droguri\/substan\u021be (de exemplu cocain\u0103 \u0219i marijuana).<\/li>\n<\/ul>\n<p>Pacien\u021bii cu aritmie trebuie examina\u021bi pentru<\/p>\n<ul>\n<li>boal\u0103 coronarian\u0103,<\/li>\n<li>tulbur\u0103ri valvulare,<\/li>\n<li>Insuficien\u0163\u0103 cardiac\u0103.<\/li>\n<\/ul>\n<p>Una dintre cauzele aritmiei care trebuie investigat\u0103 \u00een special la tineri este c\u0103 exist\u0103 anomalii cardiace. Utilizarea oric\u0103ror medicamente, abuzul de droguri, b\u0103uturile cu cofein\u0103 sau energizante \u0219i stresul nu trebuie trecute cu vederea.<\/p>\n<h3><strong>Cum este diagnosticat\u0103 aritmia? <\/strong><\/h3>\n<p>Dac\u0103 suspecta\u021bi aceast\u0103 boal\u0103, trebuie s\u0103 vizita\u021bi ini\u021bial un cardiolog. Dup\u0103 ce a\u021bi ascultat pl\u00e2ngerile, medicul v\u0103 va auscula inima \u0219i v\u0103 va verifica pulsul \u00een timpul examin\u0103rii pentru a detecta b\u0103t\u0103ile neregulate ale inimii.<\/p>\n<p>Apoi sunt necesare unele teste, care \u00eencep cu electrocardiografie (ECG). ECG ofer\u0103 informa\u021bii generale despre sistemul electric al inimii \u0219i aritmii. ECG poate fi complet normal sau captura aritmia curent\u0103. Dac\u0103 ECG nu dezv\u0103luie semne de aritmie, acest lucru este complet normal, deoarece pacientul nu are aritmie sau pentru c\u0103 au aritmie, care nu a fost \u00een m\u0103sur\u0103 s\u0103 capteze la momentul respectiv.<\/p>\n<p>Dac\u0103 se suspecteaz\u0103 aritmie \u00een ciuda faptului c\u0103 ECG este normal, medicul dumneavoastr\u0103 v\u0103 va cere s\u0103 transporta\u0163i dispozitivul holter timp de 24 de ore pentru a m\u0103sura ritmul cardiac. Deoarece dispozitivul Holter va fi ata\u0219at la corpul dumneavoastr\u0103 timp de cel pu\u021bin 24 de ore, este foarte posibil s\u0103 se detecteze orice aritmii \u00een aceast\u0103 perioad\u0103 \u0219i arat\u0103 cursul aritmiilor actuale \u00een timpul vie\u021bii de zi cu zi \u0219i dac\u0103 aritmii sunt asociate cu simptomele dumneavoastr\u0103. Un record de 24 de ore este realizat de 7 electrozi prin 3 canale.<\/p>\n<p>Dac\u0103 perioada de 24 de ore nu este suficient\u0103 pentru a detecta aritmia, dispozitivele Holter pe termen lung sau \u00eenregistratoarele de evenimente, de exemplu \u00eenregistratoarele cu bucl\u0103 de evenimente \u015fi ECG transtelefonic sunt folosite pentru a \u00eenregistra ritmurile cardiace necesare.<\/p>\n<h3><strong>Ce sunt Event Recorder, Loop Recorder \u0219i sistemul ECG transtelefonic?<\/strong><\/h3>\n<p>\u00cenregistrator de evenimente; \u00eenregistreaz\u0103 evenimentele timp de o lun\u0103 numai atunci c\u00e2nd butonul este ap\u0103sat \u00een momentul simptomului<\/p>\n<p>Loop Recorder; \u00eenregistreaz\u0103 \u00een mod constant \u0219i automat timp de 8 zile printr-un singur canal \u0219i stocheaz\u0103 \u00een memorie bucl\u0103.<\/p>\n<p>ECG transtelefonic; transmite evenimente instantanee, precum \u0219i evenimente \u00een memorie timp de 1 zi \u2014 1 lun\u0103 prin telefon.<\/p>\n<h3><strong>Ce este Vitaphone 3300 BT Recorder-ECG transtelefonic?<\/strong><\/h3>\n<p>Este un dispozitiv care \u00eenregistreaz\u0103 automat toate evenimentele de la 1 zi la 1 lun\u0103 prin 3 canale \u0219i evenimente indicate \u00een momentul simptomului \u0219i stocheaz\u0103 \u00een memoria buclei. \u00centre timp, acesta transmite instantaneu fiecare eveniment \u00eenregistrat prin telefon prin po\u0219t\u0103 la Centrul apoi la cabinetul medicului prin po\u0219t\u0103 din nou.<\/p>\n<ul>\n<li>De asemenea, mineralele din s\u00e2nge, elementele, hormonii tiroidieni \u0219i num\u0103rul de s\u00e2nge sunt examinate prin teste de s\u00e2nge.<\/li>\n<li>Cu testul de efort, r\u0103spunsul dvs. la efort, dac\u0103 aritmia este provocat\u0103 \u0219i starea dvs. de efort sunt examinate.<\/li>\n<li>Ecocardiografia ofer\u0103 informa\u021bii despre starea structural\u0103 \u0219i func\u021biile inimii.<\/li>\n<\/ul>\n<p>\n<\/div><div class=\"btClear btSeparator topSemiSpaced noBorder\" ><hr><\/div><div class=\"boldRow boldInnerRow  \" ><div class=\"rowItem rowInnerItem col-md-4  btTextCenter inherit btNoPadding\" style=\"border: 1px solid #999;background-color: rgba(241, 241, 241, 1);\" ><div class=\"rowItemContent\"><div class=\"bpgPhoto btTextCenter\" ><div class=\"btImage\"><img decoding=\"async\" src=\"https:\/\/groupflorence.com\/ro\/wp-content\/uploads\/2020\/10\/Demet-Erciyes.jpg\" alt=\"\" title=\"\"><\/div><\/div><div class=\"btIconImageRow btIconsHalfHoverPosition\" ><\/div><div class=\"btClear btSeparator topSmallSpaced noBorder\" ><hr><\/div><div class=\"btText\" ><\/p>\n<h4><a href=\"https:\/\/groupflorence.com\/ro\/doctors\/demet-erciyes\/\">Demet Erciyes, MD<\/a><\/h4>\n<p>\n<\/div><div class=\"btClear btSeparator bottomExtraSmallSpaced noBorder\" ><hr><\/div><a href=\"https:\/\/groupflorence.com\/ro\/doctors\/demet-erciyes\/\" class=\"btBtn btBtn btnFilledStyle btnLightColor btnSmall btnNormalWidth btnRightPosition btnNoIcon\"  target=\"_blank\"><span class=\"btnInnerText\">VIEW CV<\/span><\/a><div class=\"btClear btSeparator topExtraSmallSpaced bottomSmallSpaced noBorder\" ><hr><\/div><\/div><\/div><div class=\"rowItem rowInnerItem col-md-4  btTextCenter inherit btNoPadding\" style=\"border: 1px solid #999;background-color: rgba(241, 241, 241, 1);\" ><div class=\"rowItemContent\"><div class=\"bpgPhoto btTextCenter\" ><div class=\"btImage\"><img decoding=\"async\" src=\"https:\/\/groupflorence.com\/ro\/wp-content\/uploads\/2020\/10\/Murat-Gu_lbaran.jpg\" alt=\"\" title=\"\"><\/div><\/div><div class=\"btIconImageRow btIconsHalfHoverPosition\" ><\/div><div class=\"btClear btSeparator topSmallSpaced noBorder\" ><hr><\/div><div class=\"btText\" ><\/p>\n<h4><a href=\"https:\/\/groupflorence.com\/ro\/doctors\/murat-gulbaran\/\">Prof. Murat G\u00fclbaran, MD<\/a><\/h4>\n<p>\n<\/div><div class=\"btClear btSeparator bottomExtraSmallSpaced noBorder\" ><hr><\/div><a href=\"https:\/\/groupflorence.com\/ro\/doctors\/murat-gulbaran\/\" class=\"btBtn btBtn btnFilledStyle btnLightColor btnSmall btnNormalWidth btnRightPosition btnNoIcon\"  target=\"_blank\"><span class=\"btnInnerText\">VIEW CV<\/span><\/a><div class=\"btClear btSeparator topExtraSmallSpaced bottomSmallSpaced noBorder\" ><hr><\/div><\/div><\/div><div class=\"rowItem rowInnerItem col-md-4  btTextCenter inherit btNoPadding\" style=\"background-color: rgba(241, 241, 241, 1);\" ><div class=\"rowItemContent\"><\/div><\/div><\/div><div class=\"btClear btSeparator topSemiSpaced noBorder\" ><hr><\/div><header class=\"header btClear medium btDash bottomDash  btAccentDash\" ><div class=\"dash\"><h3><span class=\"headline\"><em>Contact Us Now<\/em><\/span><\/h3><\/div><\/header><div class=\"btClear btSeparator bottomSmallSpaced noBorder\" ><hr><\/div><div class=\"btText\" >\n<div class=\"wpcf7 no-js\" id=\"wpcf7-f2891-o1\" lang=\"tr-TR\" dir=\"ltr\" data-wpcf7-id=\"2891\">\n<div class=\"screen-reader-response\"><p role=\"status\" aria-live=\"polite\" aria-atomic=\"true\"><\/p> <ul><\/ul><\/div>\n<form action=\"\/ro\/wp-json\/wp\/v2\/pages\/4480#wpcf7-f2891-o1\" method=\"post\" class=\"wpcf7-form init wpcf7-acceptance-as-validation\" aria-label=\"\u0130leti\u015fim Formu\" novalidate=\"novalidate\" data-status=\"init\">\n<fieldset class=\"hidden-fields-container\"><input type=\"hidden\" name=\"_wpcf7\" value=\"2891\" \/><input type=\"hidden\" name=\"_wpcf7_version\" value=\"6.1.5\" \/><input type=\"hidden\" name=\"_wpcf7_locale\" value=\"tr_TR\" \/><input type=\"hidden\" name=\"_wpcf7_unit_tag\" value=\"wpcf7-f2891-o1\" \/><input type=\"hidden\" name=\"_wpcf7_container_post\" value=\"0\" \/><input type=\"hidden\" name=\"_wpcf7_posted_data_hash\" value=\"\" \/>\n<\/fieldset>\n<p style=\"margin-bottom:30px !important;\">\u00cen timp ce completa\u021bi formularul de contact de mai jos, pute\u021bi, de asemenea, s\u0103 ne trimite\u021bi fi\u0219ierele medicale ale pacientului\/dumneavoastr\u0103 prin <strong>transfer<\/strong>. A doua opinie medical\u0103 v\u0103 va fi prezentat\u0103 \u00een termen de 48 de ore.\n<\/p>\n<div class=\"boldRow boldInnerRow  \">\n\t<div class=\"rowItem rowInnerItem col-md-6  btTextLeft\">\n\t\t<div class=\"rowItemContent\">\n\t\t\t<p><label><span class=\"bt_bb_required\">Numele t\u0103u<\/span><br \/>\n<span class=\"wpcf7-form-control-wrap\" data-name=\"your-name\"><input size=\"40\" maxlength=\"400\" class=\"wpcf7-form-control wpcf7-text wpcf7-validates-as-required\" aria-required=\"true\" aria-invalid=\"false\" value=\"\" type=\"text\" name=\"your-name\" \/><\/span> <\/label>\n\t\t\t<\/p>\n\t\t\t<p><label><span class=\"bt_bb_required\">E-mailul dvs.<\/span><br \/>\n<span class=\"wpcf7-form-control-wrap\" data-name=\"your-email\"><input size=\"40\" maxlength=\"400\" class=\"wpcf7-form-control wpcf7-email wpcf7-validates-as-required wpcf7-text wpcf7-validates-as-email\" aria-required=\"true\" aria-invalid=\"false\" value=\"\" type=\"email\" name=\"your-email\" \/><\/span> <\/label>\n\t\t\t<\/p>\n\t\t\t<p><label><span class=\"bt_bb_required\">Telefonul dvs.<\/span><br \/>\n<span class=\"wpcf7-form-control-wrap\" data-name=\"your-phone\"><input size=\"40\" class=\"wpcf7-form-control wpcf7-phonetext wpcf7-text wpcf7-validates-as-phonetext\" id=\"int_phone\" aria-invalid=\"false\" value=\"\" type=\"text\" name=\"your-phone\" \/><input type=\"hidden\" name=\"your-phone-country-code\" class=\"wpcf7-phonetext-country-code\" \/><\/span> <\/label>\n\t\t\t<\/p>\n\t\t\t<p><label><span class=\"bt_bb_required\">Mesajul dvs.<\/span><br \/>\n<span class=\"wpcf7-form-control-wrap\" data-name=\"your-message\"><textarea cols=\"40\" rows=\"10\" maxlength=\"2000\" class=\"wpcf7-form-control wpcf7-textarea wpcf7-validates-as-required\" aria-required=\"true\" aria-invalid=\"false\" name=\"your-message\"><\/textarea><\/span> <\/label>\n\t\t\t<\/p>\n\t\t\t<p><label><span class=\"bt_bb_required\" style=\"margin-top:25px !important;\"><span class=\"wpcf7-form-control-wrap\" data-name=\"accept-this-1\"><span class=\"wpcf7-form-control wpcf7-acceptance\"><span class=\"wpcf7-list-item\"><label><input type=\"checkbox\" name=\"accept-this-1\" value=\"1\" aria-invalid=\"false\" \/><span class=\"wpcf7-list-item-label\">Sunt de acord cu <a target=\"_blank\" href=\"https:\/\/groupflorence.com\/ro\/terms-of-use\/\">Termenii \u0219i Serviciile<\/a>.<\/span><\/label><\/span><\/span><\/span><\/span><\/label>\n\t\t\t<\/p>\n\t\t\t<p><input class=\"wpcf7-form-control wpcf7-submit has-spinner contact_button_int\" type=\"submit\" value=\"TRIMITE MESAJ\" \/>\n\t\t\t<\/p>\n\t\t<\/div>\n\t<\/div>\n\t<div class=\"rowItem rowInnerItem col-md-6  btTextLeft\">\n\t\t<div class=\"rowItemContent\">\n\t\t\t<p align=\"center\" style=\"margin-top:30px;\"><br \/>\n<a href=\"http:\/\/florencenightingale.wetransfer.com\/\" target=\"_blank\" title=\"Click Here To Transfer Your Documents via WeTransfer\"><img decoding=\"async\"  align=\"center\" style=\"max-width:250px !important;\" class=\"lazy loaded\" src=\"https:\/\/groupflorence.com\/ro\/wp-content\/uploads\/2020\/08\/89130-wetransfer-default-logo-rgb-original-1365619064-e1599162229581.png\" data-src=\"https:\/\/groupflorence.com\/ro\/wp-content\/uploads\/2020\/08\/89130-wetransfer-default-logo-rgb-original-1365619064-e1599162229581.png\" alt=\"Click Here To Transfer Your Documents via WeTransfer\" title=\"Click Here To Transfer Your Documents via WeTransfer\" data-was-processed=\"true\" \/><\/a>\n\t\t\t<\/p>\n\t\t\t<h3 align=\"center\"><a href=\"http:\/\/florencenightingale.wetransfer.com\/\" target=\"_blank\" title=\"Click Here To Transfer Your Documents via WeTransfer\">Trimite prin WeTransfer<\/a>\n\t\t\t<\/h3>\n\t\t\t<p align=\"center\">Pute\u021bi trimite documentele dvs. medicale supradimensionate (\u00eenregistr\u0103ri RMN, rezultate de laborator, imagini etc.) folosind contul nostru WeTransfer. Este u\u0219or, rapid \u0219i sigur.\n\t\t\t<\/p>\n\t\t<\/div>\n\t\t<center>\n\t\t\t<p><a href=\"http:\/\/florencenightingale.wetransfer.com\/\" class=\"btBtn btBtn btnFilledStyle btnAccentColor btnSmall btnNormalWidth btnRightPosition btnNoIcon\" target=\"_blank\"><span class=\"btnInnerText\">Trimite acum<\/span><\/a>\n\t\t\t<\/p>\n\t\t<\/center>\n\t<\/div>\n<\/div><div class=\"wpcf7-response-output\" aria-hidden=\"true\"><\/div>\n<\/form>\n<\/div>\n<\/div><div class=\"btClear btSeparator topSpaced noBorder\" ><hr><\/div><\/div><\/div><\/div><\/div><\/div><\/div><\/div><\/section>\n","protected":false},"excerpt":{"rendered":"","protected":false},"author":1,"featured_media":0,"parent":4469,"menu_order":3,"comment_status":"closed","ping_status":"closed","template":"","meta":{"footnotes":""},"class_list":["post-4480","page","type-page","status-publish","hentry"],"_links":{"self":[{"href":"https:\/\/groupflorence.com\/ro\/wp-json\/wp\/v2\/pages\/4480","targetHints":{"allow":["GET"]}}],"collection":[{"href":"https:\/\/groupflorence.com\/ro\/wp-json\/wp\/v2\/pages"}],"about":[{"href":"https:\/\/groupflorence.com\/ro\/wp-json\/wp\/v2\/types\/page"}],"author":[{"embeddable":true,"href":"https:\/\/groupflorence.com\/ro\/wp-json\/wp\/v2\/users\/1"}],"replies":[{"embeddable":true,"href":"https:\/\/groupflorence.com\/ro\/wp-json\/wp\/v2\/comments?post=4480"}],"version-history":[{"count":4,"href":"https:\/\/groupflorence.com\/ro\/wp-json\/wp\/v2\/pages\/4480\/revisions"}],"predecessor-version":[{"id":6013,"href":"https:\/\/groupflorence.com\/ro\/wp-json\/wp\/v2\/pages\/4480\/revisions\/6013"}],"up":[{"embeddable":true,"href":"https:\/\/groupflorence.com\/ro\/wp-json\/wp\/v2\/pages\/4469"}],"wp:attachment":[{"href":"https:\/\/groupflorence.com\/ro\/wp-json\/wp\/v2\/media?parent=4480"}],"curies":[{"name":"wp","href":"https:\/\/api.w.org\/{rel}","templated":true}]}}