{"id":4469,"date":"2020-10-22T15:06:05","date_gmt":"2020-10-22T12:06:05","guid":{"rendered":"https:\/\/groupflorence.com\/ro\/?page_id=4469"},"modified":"2021-05-31T11:02:07","modified_gmt":"2021-05-31T08:02:07","slug":"heart-center","status":"publish","type":"page","link":"https:\/\/groupflorence.com\/ro\/centers-treatments\/heart-center\/","title":{"rendered":"Centrul de Inima"},"content":{"rendered":"<section id=\"bt_section69eb56c759686\"  class=\"boldSection gutter\" ><div class=\"port\"><div class=\"boldCell\"><div class=\"boldCellInner\"><div class=\"boldRow  \" ><div class=\"boldRowInner\"><div class=\"rowItem col-md-4 col-ms-12 btTextLeft\"  ><div class=\"rowItemContent\" ><div class=\"btClear btSeparator topSpaced noBorder\" ><hr><\/div><div class=\"btCustomMenu treatment-sidebar\" ><div class=\"menu-heart-center-container\"><ul id=\"menu-heart-center\" class=\"menu\"><li id=\"menu-item-4478\" class=\"menu-item menu-item-type-post_type menu-item-object-page menu-item-has-children menu-item-4478\"><a href=\"https:\/\/groupflorence.com\/ro\/centers-treatments\/\">Centre &#038; Departamente<\/a><ul class=\"sub-menu\"><li id=\"menu-item-4475\" class=\"menu-item menu-item-type-post_type menu-item-object-page menu-item-has-children menu-item-4475\"><a href=\"https:\/\/groupflorence.com\/ro\/centers-treatments\/heart-center\/\">Centrul de Inima<\/a><ul class=\"sub-menu\"><li id=\"menu-item-4613\" class=\"menu-item menu-item-type-post_type menu-item-object-page menu-item-4613\"><a href=\"https:\/\/groupflorence.com\/ro\/centers-treatments\/heart-center\/cardiology\/\">Cardiologie<\/a><\/li><li id=\"menu-item-4607\" class=\"menu-item menu-item-type-post_type menu-item-object-page menu-item-4607\"><a href=\"https:\/\/groupflorence.com\/ro\/centers-treatments\/heart-center\/pediatric-heart-diseases\/\">Boli Cardiace Pediatrice<\/a><\/li><li id=\"menu-item-4477\" class=\"menu-item menu-item-type-post_type menu-item-object-page menu-item-4477\"><a href=\"https:\/\/groupflorence.com\/ro\/centers-treatments\/heart-center\/congenital-heart-diseases\/\">Boli Cardiace Congenitale<\/a><\/li><li id=\"menu-item-4483\" class=\"menu-item menu-item-type-post_type menu-item-object-page menu-item-4483\"><a href=\"https:\/\/groupflorence.com\/ro\/centers-treatments\/heart-center\/arrhythmia\/\">Aritmii<\/a><\/li><li id=\"menu-item-4495\" class=\"menu-item menu-item-type-post_type menu-item-object-page menu-item-4495\"><a href=\"https:\/\/groupflorence.com\/ro\/centers-treatments\/heart-center\/interventional-cardiology\/\">Cardiologie Interventionala<\/a><\/li><li id=\"menu-item-4629\" class=\"menu-item menu-item-type-post_type menu-item-object-page menu-item-4629\"><a href=\"https:\/\/groupflorence.com\/ro\/centers-treatments\/heart-center\/cardiac-catheterization-and-angiography\/\">Cateterizarea Cardiac\u0103 \u0219i Angiografia<\/a><\/li><li id=\"menu-item-4633\" class=\"menu-item menu-item-type-post_type menu-item-object-page menu-item-4633\"><a href=\"https:\/\/groupflorence.com\/ro\/centers-treatments\/heart-center\/percutaneous-mitral-balloon-valvuloplasty\/\">Valvuloplastie cu Balon Mitral Percutanat<\/a><\/li><li id=\"menu-item-4615\" class=\"menu-item menu-item-type-post_type menu-item-object-page menu-item-4615\"><a href=\"https:\/\/groupflorence.com\/ro\/centers-treatments\/heart-center\/cardiovascular-surgery\/\">Chirurgie Cardiovascular\u0103<\/a><\/li><li id=\"menu-item-4601\" class=\"menu-item menu-item-type-post_type menu-item-object-page menu-item-4601\"><a href=\"https:\/\/groupflorence.com\/ro\/centers-treatments\/heart-center\/processes-of-a-heart-surgery\/\">Procesele unei Chirurgicale Cardiace<\/a><\/li><li id=\"menu-item-4493\" class=\"menu-item menu-item-type-post_type menu-item-object-page menu-item-4493\"><a href=\"https:\/\/groupflorence.com\/ro\/centers-treatments\/heart-center\/coronary-artery-bypass-graft\/\">Bypass Coronarian Greft<\/a><\/li><li id=\"menu-item-4604\" class=\"menu-item menu-item-type-post_type menu-item-object-page menu-item-4604\"><a href=\"https:\/\/groupflorence.com\/ro\/centers-treatments\/heart-center\/vascular-surgery\/\">Chirurgie Vascular<\/a><\/li><\/ul><\/li><\/ul><\/li>\n<\/ul><\/div><\/div><div class=\"btClear btSeparator topSemiSpaced noBorder\" ><hr><\/div><div class=\"boldRow boldInnerRow  bt_bb_hidden_xs bt_bb_hidden_ms bt_bb_hidden_sm\" ><div class=\"rowItem rowInnerItem col-md-12  btTextCenter btMiddleVertical\"  ><div class=\"rowItemContent\"><div class=\"bpgPhoto btTextCenter\" > \r\n\t\t\t\t\t<a href=\"https:\/\/groupflorence.com\/ro\/patient-guide\/covid-19-precautions\/\" target=\"_blank\" title=\"\"><\/a>\r\n\t\t\t\t\t<div class=\"boldPhotoBox\"><div class=\"bpbItem\"><div class = \"btImage\"><img decoding=\"async\" src=\"https:\/\/groupflorence.com\/ro\/wp-content\/uploads\/2020\/12\/covid-safe-sidebar-320x186.jpg\" alt=\"\" title=\"\" ><\/div><\/div><\/div>\r\n\t\t\t\t\t<div class=\"captionPane\">\r\n\t\t\t\t\t\t<div class=\"captionTable\">\r\n\t\t\t\t\t\t\t<div class=\"captionCell\">\r\n\t\t\t\t\t\t\t\t<div class=\"captionTxt\"><\/div>\r\n\t\t\t\t\t\t\t<\/div>\r\n\t\t\t\t\t\t<\/div>\r\n\t\t\t\t\t<\/div><\/div><div class=\"btClear btSeparator topSmallSpaced bottomSmallSpaced border\" ><hr><\/div><a href=\"https:\/\/groupflorence.com\/ro\/contact-us\/\" class=\"btBtn btBtn btnFilledStyle btnAccentColor btnBig btnNormalWidth btnLeftPosition btnNoIcon\" ><span class=\"btnInnerText\">Ask A Question<\/span><\/a><\/div><\/div><\/div><\/div><\/div><div class=\"rowItem col-md-8 col-ms-12 btTextLeft\"  ><div class=\"rowItemContent\" ><div class=\"btClear btSeparator topSemiSpaced noBorder\" ><hr><\/div><header class=\"header btClear medium btDash bottomDash  btNormalDash\" ><div class=\"dash\"><h3><span class=\"headline\"><b class=\"animate\">Centrul de Inima<\/b><\/span><\/h3><\/div><\/header><div class=\"btClear btSeparator topExtraSmallSpaced noBorder\" ><hr><\/div><div class=\"btText\" ><\/p>\n<p><strong>La Grupul Florence Nightingale Hospital, Heart Center<\/strong>, o echip\u0103 mare format\u0103 din cardiologi \u0219i chirurgi cardiovasculari lucreaz\u0103 pentru a trata diferite boli de inima la copii \u0219i adul\u021bi.<\/p>\n<blockquote>\n<p><strong>Procedura de cateterizare cardiac\u0103 \u0219i angiografie la mai mult de 5000 de copii!<\/strong><\/p>\n<\/blockquote>\n<p><strong>Centrul nostru de Diagnostic \u0219i Tratament pentru Bolile de Inim\u0103 la Copii<\/strong> v\u0103 ofer\u0103 servicii cu o echip\u0103 experimentat\u0103 \u0219i receptiv\u0103. Pe l\u00e2ng\u0103 directorii <strong>Prof. Yal\u0131m Yal\u00e7\u0131n, MD<\/strong> \u0219i <strong>Chirurg B\u00fclent Polat<\/strong> , ceilal\u021bi membri sunt cardiolog pediatric Assoc. Prof. Cenap Zeybek, chirurg cardiovascular Dr. \u00d6zg\u00fcr Y\u0131ld\u0131r\u0131m, anestezist \u00een chirurgie cardiac\u0103 Dr. Sinem Bahar \u00c7elebi \u0219i medic pediatru G\u00fcnay Cant\u00fcrk.<\/p>\n<p>\u00cen calitate de <strong>Echipa de Cardiologie Pediatric\u0103 (speciali\u0219ti \u00een boli de inim\u0103)<\/strong>; obiectivul nostru este<\/p>\n<ul>\n<li>pentru a oferi copiilor cu boli de inim\u0103 cu facilit\u0103\u021bi de diagnosticare \u0219i tratament standard ridicat;<\/li>\n<li>pentru a instrui cardiologi pediatri bine educa\u021bi \u0219i experimenta\u021bi, chirurgi cardiace congenitale, anestezi\u0219ti cu experien\u021b\u0103 \u00een bolile de inim\u0103 \u0219i pediatri,<\/li>\n<li>pentru a contribui la literatura de cardiologie pediatric\u0103.<\/li>\n<\/ul>\n<h2><strong>Ce este \u201eboala cardiac\u0103\u201d la copii?<\/strong><\/h2>\n<ul>\n<li>Orice probleme cardiace la copiii cu v\u00e2rsta de p\u00e2n\u0103 la 18 ani sunt \u00eengrijite \u00een centrul nostru, inclusiv fetu\u0219ii.<\/li>\n<li>Obstetricienii efectueaz\u0103 ecocardiografie fetal\u0103 pentru fetu\u0219i cu o boal\u0103 cardiac\u0103 congenital\u0103 suspectat\u0103, urm\u0103resc ace\u0219ti fetu\u0219i \u0219i fac interven\u021bii \u00een uter atunci c\u00e2nd este necesar.<\/li>\n<li>Echipa se asigur\u0103 c\u0103 fetu\u0219ii care au fost diagnostica\u021bi cu o boal\u0103 cardiac\u0103 congenital\u0103 au condi\u021bii optime la na\u0219tere \u0219i dup\u0103 na\u0219tere.<\/li>\n<li>Toate evalu\u0103rile de diagnostic necesare pe partea de pat sunt efectuate \u00een unit\u0103\u021bile de terapie intensiv\u0103, iar tratamentele necesare sunt imediat ini\u021biate.<\/li>\n<li>\u00cen plus, adul\u021bii cu o boal\u0103 cardiac\u0103 congenital\u0103 sunt urm\u0103ri\u021bi \u0219i trata\u021bi de echipa noastr\u0103.<\/li>\n<\/ul>\n<h2><strong>Ce facem ast\u0103zi pe cei dragi? <\/strong><\/h2>\n<ul>\n<li>Opera\u021biile angiografice sunt efectuate cu succes la unitatea noastr\u0103 de angiografie pentru pacien\u021bii pediatrici, inclusiv nou-n\u0103scu\u021bi. Astfel de opera\u021bii pot fi \u00een scopuri de diagnosticare sau tratament.<\/li>\n<li>\u00cen prezent, 4514 pacien\u021bi pediatrici au suferit o cateterizare cardiac\u0103 \u0219i angiografie la centrul nostru.<\/li>\n<li>Dintre ace\u0219ti pacien\u021bi, aproximativ 2804 sunt pentru opera\u021bii terapeutice. Astfel de opera\u021bii includ \u00eenchiderea g\u0103urilor din inim\u0103 care sunt numite <strong>ASD<\/strong> (defect septal atrial) \u0219i <strong>VSD<\/strong> (defect septal ventricular), repararea stenozei cu ajutorul unui balon, extinderea stenozei venelor majore folosind un balon sau un stent \u0219i \u00eenchiderea spa\u021biilor dintre venele care cauzeaz\u0103 anvelope cardiace.<\/li>\n<li>Orice opera\u021bii terapeutice efectuate \u00een prezent \u00een \u00eentreaga lume sunt aplicate cu succes la centrul nostru.<\/li>\n<\/ul>\n<h2><strong>Cum ne evalu\u0103m pacien\u0163ii?<\/strong><\/h2>\n<p>Cazurile care necesit\u0103 o opera\u021bie sunt evaluate de c\u0103tre <strong>Consiliul Chirurgical<\/strong> pentru a planifica cea mai potrivit\u0103 opera\u021bie \u0219i pentru a aplica f\u0103r\u0103 probleme. \u00cen perioada postoperatorie \u0219i \u00een timpul \u0219i dup\u0103 perioada de urm\u0103rire a unit\u0103\u021bii de terapie intensiv\u0103, chirurgii, anestezi\u0219tii \u0219i speciali\u0219tii \u00een inim\u0103 pediatric\u0103 lucreaz\u0103 \u00een coordonare.<\/p>\n<ul>\n<li>P\u00e2n\u0103 \u00een prezent, 4311 de copii au suferit o interven\u021bie chirurgical\u0103 cardiac\u0103 la centrul nostru.<\/li>\n<\/ul>\n<p>La centrul nostru, 5.000 de copii au suferit interven\u0163ii chirurgicale pe cord p\u00e2n\u0103 acum.<\/p>\n<p>Scopul nostru este de a oferi standarde \u00eenalte de diagnostic \u0219i tratament pentru copiii cu boli de inima, cardiologi bine instrui\u021bi \u0219i cu experien\u021b\u0103 pentru copii, chirurgi cardiace congenitale, chirurgi cardiace congenitale pentru a transporta pacien\u021bii \u0219i familiile noastre m\u00e2ine s\u0103n\u0103tos cu echipa noastr\u0103 de anestezi\u0219ti \u0219i pediatri cu experien\u0163\u0103 \u00een boli.<\/p>\n<p>\u00cen <strong>centrul nostru de chirurgie cardiovascular\u0103<\/strong> efectu\u0103m;<\/p>\n<ul>\n<li>Chirurgie by-pass coronarian<\/li>\n<li>Chirurgie la<\/li>\n<li>Chirurgie de anevrism aortic<\/li>\n<li>Chirurgia bolilor arteriale \u0219i vasculare pentru pacien\u021bii adul\u021bi.<\/li>\n<\/ul>\n<p><strong>Centrul nostru de Chirurgie Cardiovascular\u0103<\/strong>, care dezvolt\u0103 un program special de \u00eengrijire a pacien\u021bilor pentru to\u021bi pacien\u021bii s\u0103i cu o abordare multidisciplinar\u0103, trateaz\u0103 cu succes pacien\u021bii cu inim\u0103 cu risc ridicat. Echipa noastr\u0103, care lucreaz\u0103 \u00een str\u00e2ns\u0103 cooperare cu <strong>Departamentul de Cardiologie, de<\/strong>asemenea, cu <strong>Centrul nostru de Diagnostic \u0219i Tratament pentru boli de inima la copii<\/strong>, precum \u0219i <strong>transplantul de inim\u0103 \u0219i dispozitive cardioasistate<\/strong>.<\/p>\n<h3><strong>De ce Florence Nightingale Centrul de Chirurgie<\/strong><\/h3>\n<ul>\n<li>Ratele infec\u021biilor \u0219i complica\u021biilor coincid cu primele 10 spitale din Statele Unite, \u00een timp ce rata mortalit\u0103\u021bii este mai mic\u0103 de 1%.<\/li>\n<li>Centrul nostru este \u00een colaborare cu departamentele de Chirurgie Cardiovasculara, cum ar fi <strong>Spitalul Cleveland<\/strong> (SUA), <strong>Methodist Houston<\/strong> (SUA), <strong>Columbia Presbyterian<\/strong> (SUA) \u0219i <strong>OLV Hospital Aalst<\/strong> (Belgia).<\/li>\n<li><strong>Grupul Florence Nightingale Spitale, Centrul de Chirurgie Cardiovasculara<\/strong> ofera programe de instruire pentru chirurgi straini in chirurgie cardiaca minim invaziva si chirurgie aritmie.<\/li>\n<li>Centrul nostru a implementat cu succes programul minim invaziv de chirurgie cardiaca din 1999.<\/li>\n<li>Programul nostru de chirurgie robotic\u0103 \u015fi chirurgie pentru aritmie, care a fost aplicat pentru prima dat\u0103 \u00een Turcia, continu\u0103 cu succes din 2004.<\/li>\n<li>Programul non-chirurgical de schimb al valvei cardiace (TAVI), pe care l-am \u00eencheiat \u00een parteneriat cu <strong>Departamentul nostru de Cardiologie<\/strong> din 2009, permite un tratament de succes pentru pacien\u021bii no\u0219tri cu risc opera\u021bional ridicat.<\/li>\n<li>Numeroase publica\u021bii na\u021bionale \u0219i interna\u021bionale realizate de chirurgii no\u0219tri cardiovasculari recunosc succesul centrului nostru.<\/li>\n<li>Centrul nostru de Chirurgie Cardiovasculara a acceptat copii cu boli de inima din strainatate inca din 2011 si a efectuat multe operatii cardiace de succes.<\/li>\n<\/ul>\n<p>\n<\/div><div class=\"btClear btSeparator topSemiSpaced noBorder\" ><hr><\/div><div class=\"boldRow boldInnerRow  \" ><div class=\"rowItem rowInnerItem col-md-4  btTextCenter inherit btNoPadding\" style=\"border: 1px solid #999;background-color: rgba(241, 241, 241, 1);\" ><div class=\"rowItemContent\"><div class=\"bpgPhoto btTextCenter\" ><div class=\"btImage\"><img decoding=\"async\" src=\"https:\/\/groupflorence.com\/ro\/wp-content\/uploads\/2020\/10\/Demet-Erciyes.jpg\" alt=\"\" title=\"\"><\/div><\/div><div class=\"btIconImageRow btIconsHalfHoverPosition\" ><\/div><div class=\"btClear btSeparator topSmallSpaced noBorder\" ><hr><\/div><div class=\"btText\" ><\/p>\n<h4><a href=\"https:\/\/groupflorence.com\/ro\/doctors\/demet-erciyes\/\">Demet Erciyes, MD<\/a><\/h4>\n<p>\n<\/div><div class=\"btClear btSeparator bottomExtraSmallSpaced noBorder\" ><hr><\/div><a href=\"https:\/\/groupflorence.com\/ro\/doctors\/demet-erciyes\/\" class=\"btBtn btBtn btnFilledStyle btnLightColor btnSmall btnNormalWidth btnRightPosition btnNoIcon\"  target=\"_blank\"><span class=\"btnInnerText\">VIEW CV<\/span><\/a><div class=\"btClear btSeparator topExtraSmallSpaced bottomSmallSpaced noBorder\" ><hr><\/div><\/div><\/div><div class=\"rowItem rowInnerItem col-md-4  btTextCenter inherit btNoPadding\" style=\"border: 1px solid #999;background-color: rgba(241, 241, 241, 1);\" ><div class=\"rowItemContent\"><div class=\"bpgPhoto btTextCenter\" ><div class=\"btImage\"><img decoding=\"async\" src=\"https:\/\/groupflorence.com\/ro\/wp-content\/uploads\/2020\/10\/Murat-Gu_lbaran.jpg\" alt=\"\" title=\"\"><\/div><\/div><div class=\"btIconImageRow btIconsHalfHoverPosition\" ><\/div><div class=\"btClear btSeparator topSmallSpaced noBorder\" ><hr><\/div><div class=\"btText\" ><\/p>\n<h4><a href=\"https:\/\/groupflorence.com\/ro\/doctors\/murat-gulbaran\/\">Prof. Murat G\u00fclbaran, MD<\/a><\/h4>\n<p>\n<\/div><div class=\"btClear btSeparator bottomExtraSmallSpaced noBorder\" ><hr><\/div><a href=\"https:\/\/groupflorence.com\/ro\/doctors\/murat-gulbaran\/\" class=\"btBtn btBtn btnFilledStyle btnLightColor btnSmall btnNormalWidth btnRightPosition btnNoIcon\"  target=\"_blank\"><span class=\"btnInnerText\">VIEW CV<\/span><\/a><div class=\"btClear btSeparator topExtraSmallSpaced bottomSmallSpaced noBorder\" ><hr><\/div><\/div><\/div><div class=\"rowItem rowInnerItem col-md-4  btTextCenter inherit btNoPadding\" style=\"border: 1px solid #999;background-color: rgba(241, 241, 241, 1);\" ><div class=\"rowItemContent\"><div class=\"bpgPhoto btTextCenter\" ><div class=\"btImage\"><img decoding=\"async\" src=\"https:\/\/groupflorence.com\/ro\/wp-content\/uploads\/2021\/05\/mehmet-ezelsoy.jpg\" alt=\"\" title=\"\"><\/div><\/div><div class=\"btIconImageRow btIconsHalfHoverPosition\" ><\/div><div class=\"btClear btSeparator topSmallSpaced noBorder\" ><hr><\/div><div class=\"btText\" ><\/p>\n<h4><a href=\"https:\/\/groupflorence.com\/en\/doctors\/mehmet-ezelsoy-m-d\/\" target=\"_blank\" rel=\"noopener\">Mehmet Ezelsoy, MD<\/a><\/h4>\n<p>\n<\/div><div class=\"btClear btSeparator bottomExtraSmallSpaced noBorder\" ><hr><\/div><a href=\"https:\/\/groupflorence.com\/en\/doctors\/mehmet-ezelsoy-m-d\/\" class=\"btBtn btBtn btnFilledStyle btnLightColor btnSmall btnNormalWidth btnRightPosition btnNoIcon\"  target=\"_blank\"><span class=\"btnInnerText\">VIEW CV<\/span><\/a><div class=\"btClear btSeparator topExtraSmallSpaced bottomSmallSpaced noBorder\" ><hr><\/div><\/div><\/div><\/div><div class=\"btClear btSeparator topSemiSpaced noBorder\" ><hr><\/div><div class=\"boldRow boldInnerRow  \" ><div class=\"rowItem rowInnerItem col-md-4  btTextCenter inherit btNoPadding\" style=\"border: 1px solid #999;background-color: rgba(241, 241, 241, 1);\" ><div class=\"rowItemContent\"><div class=\"bpgPhoto btTextCenter\" ><div class=\"btImage\"><img decoding=\"async\" src=\"https:\/\/groupflorence.com\/ro\/wp-content\/uploads\/2020\/10\/Bu_lent-Polat.jpg\" alt=\"\" title=\"\"><\/div><\/div><div class=\"btIconImageRow btIconsHalfHoverPosition\" ><\/div><div class=\"btClear btSeparator topSmallSpaced noBorder\" ><hr><\/div><div class=\"btText\" ><\/p>\n<h4><a href=\"https:\/\/groupflorence.com\/ro\/doctors\/bulent-polat\/\">B\u00fclent Polat, MD<\/a><\/h4>\n<p>\n<\/div><div class=\"btClear btSeparator bottomExtraSmallSpaced noBorder\" ><hr><\/div><a href=\"https:\/\/groupflorence.com\/ro\/doctors\/bulent-polat\/\" class=\"btBtn btBtn btnFilledStyle btnLightColor btnSmall btnNormalWidth btnRightPosition btnNoIcon\"  target=\"_blank\"><span class=\"btnInnerText\">VIEW CV<\/span><\/a><div class=\"btClear btSeparator topExtraSmallSpaced bottomSmallSpaced noBorder\" ><hr><\/div><\/div><\/div><div class=\"rowItem rowInnerItem col-md-4  btTextCenter inherit btNoPadding\" style=\"border: 1px solid #999;background-color: rgba(241, 241, 241, 1);\" ><div class=\"rowItemContent\"><div class=\"bpgPhoto btTextCenter\" ><div class=\"btImage\"><img decoding=\"async\" src=\"https:\/\/groupflorence.com\/ro\/wp-content\/uploads\/2020\/10\/Ertan-Sag_bas_.jpg\" alt=\"\" title=\"\"><\/div><\/div><div class=\"btIconImageRow btIconsHalfHoverPosition\" ><\/div><div class=\"btClear btSeparator topSmallSpaced noBorder\" ><hr><\/div><div class=\"btText\" ><\/p>\n<h4><a href=\"https:\/\/groupflorence.com\/ro\/doctors\/ertan-sagbas\/\">Prof. Ertan Sa\u011fba\u015f, MD<\/a><\/h4>\n<p>\n<\/div><div class=\"btClear btSeparator bottomExtraSmallSpaced noBorder\" ><hr><\/div><a href=\"https:\/\/groupflorence.com\/ro\/doctors\/ertan-sagbas\/\" class=\"btBtn btBtn btnFilledStyle btnLightColor btnSmall btnNormalWidth btnRightPosition btnNoIcon\"  target=\"_blank\"><span class=\"btnInnerText\">VIEW CV<\/span><\/a><div class=\"btClear btSeparator topExtraSmallSpaced bottomSmallSpaced noBorder\" ><hr><\/div><\/div><\/div><div class=\"rowItem rowInnerItem col-md-4  btTextCenter inherit btNoPadding\" style=\"border: 1px solid #999;background-color: rgba(241, 241, 241, 1);\" ><div class=\"rowItemContent\"><div class=\"bpgPhoto btTextCenter\" ><div class=\"btImage\"><img decoding=\"async\" src=\"https:\/\/groupflorence.com\/ro\/wp-content\/uploads\/2020\/10\/Yal_m-Yalc__n.jpg\" alt=\"\" title=\"\"><\/div><\/div><div class=\"btIconImageRow btIconsHalfHoverPosition\" ><\/div><div class=\"btClear btSeparator topSmallSpaced noBorder\" ><hr><\/div><div class=\"btText\" ><\/p>\n<h4><a href=\"https:\/\/groupflorence.com\/ro\/doctors\/yalim-yalcin\/\">Prof. Yal\u0131m Yal\u00e7\u0131n, MD<\/a><\/h4>\n<p>\n<\/div><div class=\"btClear btSeparator bottomExtraSmallSpaced noBorder\" ><hr><\/div><a href=\"https:\/\/groupflorence.com\/ro\/doctors\/yalim-yalcin\/\" class=\"btBtn btBtn btnFilledStyle btnLightColor btnSmall btnNormalWidth btnRightPosition btnNoIcon\"  target=\"_blank\"><span class=\"btnInnerText\">VIEW CV<\/span><\/a><div class=\"btClear btSeparator topExtraSmallSpaced bottomSmallSpaced noBorder\" ><hr><\/div><\/div><\/div><\/div><div class=\"btClear btSeparator topSemiSpaced noBorder\" ><hr><\/div><header class=\"header btClear medium btDash bottomDash  btAccentDash\" ><div class=\"dash\"><h3><span class=\"headline\"><em>Contact Us Now<\/em><\/span><\/h3><\/div><\/header><div class=\"btClear btSeparator bottomSmallSpaced noBorder\" ><hr><\/div><div class=\"btText\" >\n<div class=\"wpcf7 no-js\" id=\"wpcf7-f2891-o1\" lang=\"tr-TR\" dir=\"ltr\" data-wpcf7-id=\"2891\">\n<div class=\"screen-reader-response\"><p role=\"status\" aria-live=\"polite\" aria-atomic=\"true\"><\/p> <ul><\/ul><\/div>\n<form action=\"\/ro\/wp-json\/wp\/v2\/pages\/4469#wpcf7-f2891-o1\" method=\"post\" class=\"wpcf7-form init wpcf7-acceptance-as-validation\" aria-label=\"\u0130leti\u015fim Formu\" novalidate=\"novalidate\" data-status=\"init\">\n<fieldset class=\"hidden-fields-container\"><input type=\"hidden\" name=\"_wpcf7\" value=\"2891\" \/><input type=\"hidden\" name=\"_wpcf7_version\" value=\"6.1.5\" \/><input type=\"hidden\" name=\"_wpcf7_locale\" value=\"tr_TR\" \/><input type=\"hidden\" name=\"_wpcf7_unit_tag\" value=\"wpcf7-f2891-o1\" \/><input type=\"hidden\" name=\"_wpcf7_container_post\" value=\"0\" \/><input type=\"hidden\" name=\"_wpcf7_posted_data_hash\" value=\"\" \/>\n<\/fieldset>\n<p style=\"margin-bottom:30px !important;\">\u00cen timp ce completa\u021bi formularul de contact de mai jos, pute\u021bi, de asemenea, s\u0103 ne trimite\u021bi fi\u0219ierele medicale ale pacientului\/dumneavoastr\u0103 prin <strong>transfer<\/strong>. A doua opinie medical\u0103 v\u0103 va fi prezentat\u0103 \u00een termen de 48 de ore.\n<\/p>\n<div class=\"boldRow boldInnerRow  \">\n\t<div class=\"rowItem rowInnerItem col-md-6  btTextLeft\">\n\t\t<div class=\"rowItemContent\">\n\t\t\t<p><label><span class=\"bt_bb_required\">Numele t\u0103u<\/span><br \/>\n<span class=\"wpcf7-form-control-wrap\" data-name=\"your-name\"><input size=\"40\" maxlength=\"400\" class=\"wpcf7-form-control wpcf7-text wpcf7-validates-as-required\" aria-required=\"true\" aria-invalid=\"false\" value=\"\" type=\"text\" name=\"your-name\" \/><\/span> <\/label>\n\t\t\t<\/p>\n\t\t\t<p><label><span class=\"bt_bb_required\">E-mailul dvs.<\/span><br \/>\n<span class=\"wpcf7-form-control-wrap\" data-name=\"your-email\"><input size=\"40\" maxlength=\"400\" class=\"wpcf7-form-control wpcf7-email wpcf7-validates-as-required wpcf7-text wpcf7-validates-as-email\" aria-required=\"true\" aria-invalid=\"false\" value=\"\" type=\"email\" name=\"your-email\" \/><\/span> <\/label>\n\t\t\t<\/p>\n\t\t\t<p><label><span class=\"bt_bb_required\">Telefonul dvs.<\/span><br \/>\n<span class=\"wpcf7-form-control-wrap\" data-name=\"your-phone\"><input size=\"40\" class=\"wpcf7-form-control wpcf7-phonetext wpcf7-text wpcf7-validates-as-phonetext\" id=\"int_phone\" aria-invalid=\"false\" value=\"\" type=\"text\" name=\"your-phone\" \/><input type=\"hidden\" name=\"your-phone-country-code\" class=\"wpcf7-phonetext-country-code\" \/><\/span> <\/label>\n\t\t\t<\/p>\n\t\t\t<p><label><span class=\"bt_bb_required\">Mesajul dvs.<\/span><br \/>\n<span class=\"wpcf7-form-control-wrap\" data-name=\"your-message\"><textarea cols=\"40\" rows=\"10\" maxlength=\"2000\" class=\"wpcf7-form-control wpcf7-textarea wpcf7-validates-as-required\" aria-required=\"true\" aria-invalid=\"false\" name=\"your-message\"><\/textarea><\/span> <\/label>\n\t\t\t<\/p>\n\t\t\t<p><label><span class=\"bt_bb_required\" style=\"margin-top:25px !important;\"><span class=\"wpcf7-form-control-wrap\" data-name=\"accept-this-1\"><span class=\"wpcf7-form-control wpcf7-acceptance\"><span class=\"wpcf7-list-item\"><label><input type=\"checkbox\" name=\"accept-this-1\" value=\"1\" aria-invalid=\"false\" \/><span class=\"wpcf7-list-item-label\">Sunt de acord cu <a target=\"_blank\" href=\"https:\/\/groupflorence.com\/ro\/terms-of-use\/\">Termenii \u0219i Serviciile<\/a>.<\/span><\/label><\/span><\/span><\/span><\/span><\/label>\n\t\t\t<\/p>\n\t\t\t<p><input class=\"wpcf7-form-control wpcf7-submit has-spinner contact_button_int\" type=\"submit\" value=\"TRIMITE MESAJ\" \/>\n\t\t\t<\/p>\n\t\t<\/div>\n\t<\/div>\n\t<div class=\"rowItem rowInnerItem col-md-6  btTextLeft\">\n\t\t<div class=\"rowItemContent\">\n\t\t\t<p align=\"center\" style=\"margin-top:30px;\"><br \/>\n<a href=\"http:\/\/florencenightingale.wetransfer.com\/\" target=\"_blank\" title=\"Click Here To Transfer Your Documents via WeTransfer\"><img decoding=\"async\"  align=\"center\" style=\"max-width:250px !important;\" class=\"lazy loaded\" src=\"https:\/\/groupflorence.com\/ro\/wp-content\/uploads\/2020\/08\/89130-wetransfer-default-logo-rgb-original-1365619064-e1599162229581.png\" data-src=\"https:\/\/groupflorence.com\/ro\/wp-content\/uploads\/2020\/08\/89130-wetransfer-default-logo-rgb-original-1365619064-e1599162229581.png\" alt=\"Click Here To Transfer Your Documents via WeTransfer\" title=\"Click Here To Transfer Your Documents via WeTransfer\" data-was-processed=\"true\" \/><\/a>\n\t\t\t<\/p>\n\t\t\t<h3 align=\"center\"><a href=\"http:\/\/florencenightingale.wetransfer.com\/\" target=\"_blank\" title=\"Click Here To Transfer Your Documents via WeTransfer\">Trimite prin WeTransfer<\/a>\n\t\t\t<\/h3>\n\t\t\t<p align=\"center\">Pute\u021bi trimite documentele dvs. medicale supradimensionate (\u00eenregistr\u0103ri RMN, rezultate de laborator, imagini etc.) folosind contul nostru WeTransfer. Este u\u0219or, rapid \u0219i sigur.\n\t\t\t<\/p>\n\t\t<\/div>\n\t\t<center>\n\t\t\t<p><a href=\"http:\/\/florencenightingale.wetransfer.com\/\" class=\"btBtn btBtn btnFilledStyle btnAccentColor btnSmall btnNormalWidth btnRightPosition btnNoIcon\" target=\"_blank\"><span class=\"btnInnerText\">Trimite acum<\/span><\/a>\n\t\t\t<\/p>\n\t\t<\/center>\n\t<\/div>\n<\/div><div class=\"wpcf7-response-output\" aria-hidden=\"true\"><\/div>\n<\/form>\n<\/div>\n<\/div><div class=\"btClear btSeparator topSpaced noBorder\" ><hr><\/div><\/div><\/div><\/div><\/div><\/div><\/div><\/div><\/section>\n","protected":false},"excerpt":{"rendered":"","protected":false},"author":1,"featured_media":0,"parent":2306,"menu_order":0,"comment_status":"closed","ping_status":"closed","template":"","meta":{"footnotes":""},"class_list":["post-4469","page","type-page","status-publish","hentry"],"_links":{"self":[{"href":"https:\/\/groupflorence.com\/ro\/wp-json\/wp\/v2\/pages\/4469","targetHints":{"allow":["GET"]}}],"collection":[{"href":"https:\/\/groupflorence.com\/ro\/wp-json\/wp\/v2\/pages"}],"about":[{"href":"https:\/\/groupflorence.com\/ro\/wp-json\/wp\/v2\/types\/page"}],"author":[{"embeddable":true,"href":"https:\/\/groupflorence.com\/ro\/wp-json\/wp\/v2\/users\/1"}],"replies":[{"embeddable":true,"href":"https:\/\/groupflorence.com\/ro\/wp-json\/wp\/v2\/comments?post=4469"}],"version-history":[{"count":13,"href":"https:\/\/groupflorence.com\/ro\/wp-json\/wp\/v2\/pages\/4469\/revisions"}],"predecessor-version":[{"id":6281,"href":"https:\/\/groupflorence.com\/ro\/wp-json\/wp\/v2\/pages\/4469\/revisions\/6281"}],"up":[{"embeddable":true,"href":"https:\/\/groupflorence.com\/ro\/wp-json\/wp\/v2\/pages\/2306"}],"wp:attachment":[{"href":"https:\/\/groupflorence.com\/ro\/wp-json\/wp\/v2\/media?parent=4469"}],"curies":[{"name":"wp","href":"https:\/\/api.w.org\/{rel}","templated":true}]}}