{"id":4377,"date":"2020-10-16T02:26:48","date_gmt":"2020-10-15T23:26:48","guid":{"rendered":"https:\/\/groupflorence.com\/ro\/?page_id=4377"},"modified":"2020-12-16T17:24:05","modified_gmt":"2020-12-16T14:24:05","slug":"nuclear-oncology-nuclear-medicine","status":"publish","type":"page","link":"https:\/\/groupflorence.com\/ro\/centers-treatments\/oncology-center\/nuclear-oncology-nuclear-medicine\/","title":{"rendered":"Oncologie Nuclear\u0103 (Medicin\u0103 Nuclear\u0103)"},"content":{"rendered":"<section id=\"bt_section69eb5c43b3895\"  class=\"boldSection gutter\" ><div class=\"port\"><div class=\"boldCell\"><div class=\"boldCellInner\"><div class=\"boldRow  \" ><div class=\"boldRowInner\"><div class=\"rowItem col-md-4 col-ms-12 btTextLeft\"  ><div class=\"rowItemContent\" ><div class=\"btClear btSeparator topSpaced noBorder\" ><hr><\/div><div class=\"btCustomMenu treatment-sidebar\" ><div class=\"menu-oncology-center-container\"><ul id=\"menu-oncology-center\" class=\"menu\"><li id=\"menu-item-3501\" class=\"menu-item menu-item-type-post_type menu-item-object-page menu-item-has-children menu-item-3501\"><a href=\"https:\/\/groupflorence.com\/ro\/centers-treatments\/\">Centre &#038; Departamente<\/a><ul class=\"sub-menu\"><li id=\"menu-item-3497\" class=\"menu-item menu-item-type-post_type menu-item-object-page menu-item-has-children menu-item-3497\"><a href=\"https:\/\/groupflorence.com\/ro\/centers-treatments\/oncology-center\/\">Centrul de Oncologie Cuprinz\u0103toare<\/a><ul class=\"sub-menu\"><li id=\"menu-item-4380\" class=\"menu-item menu-item-type-post_type menu-item-object-page menu-item-4380\"><a href=\"https:\/\/groupflorence.com\/ro\/centers-treatments\/oncology-center\/nuclear-oncology-nuclear-medicine\/\">Oncologie Nuclear\u0103 (Medicin\u0103 Nuclear\u0103)<\/a><\/li><li id=\"menu-item-4832\" class=\"menu-item menu-item-type-post_type menu-item-object-page menu-item-4832\"><a href=\"https:\/\/groupflorence.com\/ro\/centers-treatments\/oncology-center\/molecular-oncology-and-genetics\/\">Oncologie Molecular\u0103 \u015fi Genetic\u0103<\/a><\/li><li id=\"menu-item-4376\" class=\"menu-item menu-item-type-post_type menu-item-object-page menu-item-4376\"><a href=\"https:\/\/groupflorence.com\/ro\/centers-treatments\/oncology-center\/medical-oncology-and-immunotherapy\/\">Oncologie Medicala si Imunoterapie<\/a><\/li><li id=\"menu-item-4952\" class=\"menu-item menu-item-type-post_type menu-item-object-page menu-item-4952\"><a href=\"https:\/\/groupflorence.com\/ro\/centers-treatments\/oncology-center\/radiation-oncology\/\">Radia\u021bii Oncologie<\/a><\/li><li id=\"menu-item-4373\" class=\"menu-item menu-item-type-post_type menu-item-object-page menu-item-4373\"><a href=\"https:\/\/groupflorence.com\/ro\/centers-treatments\/oncology-center\/interventional-radiology-in-oncology\/\">Radiologie Interven\u021bional\u0103 \u00een Oncologie<\/a><\/li><li id=\"menu-item-3513\" class=\"menu-item menu-item-type-post_type menu-item-object-page menu-item-3513\"><a href=\"https:\/\/groupflorence.com\/ro\/centers-treatments\/oncology-center\/why-florence-nightingale-oncology-center\/\">De ce Centrul Oncologic Florence Nightingale?<\/a><\/li><li id=\"menu-item-3506\" class=\"menu-item menu-item-type-post_type menu-item-object-page menu-item-3506\"><a href=\"https:\/\/groupflorence.com\/ro\/centers-treatments\/oncology-center\/multidisciplinary-tumor-board\/\">Consiliul de Tumoare Multidisciplinar\u0103<\/a><\/li><\/ul><\/li><\/ul><\/li>\n<\/ul><\/div><\/div><div class=\"btClear btSeparator topSemiSpaced noBorder\" ><hr><\/div><div class=\"boldRow boldInnerRow  bt_bb_hidden_xs bt_bb_hidden_ms bt_bb_hidden_sm\" ><div class=\"rowItem rowInnerItem col-md-12  btTextCenter btMiddleVertical\"  ><div class=\"rowItemContent\"><div class=\"bpgPhoto btTextCenter\" > \r\n\t\t\t\t\t<a href=\"https:\/\/groupflorence.com\/ro\/patient-guide\/covid-19-precautions\/\" target=\"_blank\" title=\"\"><\/a>\r\n\t\t\t\t\t<div class=\"boldPhotoBox\"><div class=\"bpbItem\"><div class = \"btImage\"><img decoding=\"async\" src=\"https:\/\/groupflorence.com\/ro\/wp-content\/uploads\/2020\/12\/covid-safe-sidebar-320x186.jpg\" alt=\"\" title=\"\" ><\/div><\/div><\/div>\r\n\t\t\t\t\t<div class=\"captionPane\">\r\n\t\t\t\t\t\t<div class=\"captionTable\">\r\n\t\t\t\t\t\t\t<div class=\"captionCell\">\r\n\t\t\t\t\t\t\t\t<div class=\"captionTxt\"><\/div>\r\n\t\t\t\t\t\t\t<\/div>\r\n\t\t\t\t\t\t<\/div>\r\n\t\t\t\t\t<\/div><\/div><div class=\"btClear btSeparator topSmallSpaced bottomSmallSpaced border\" ><hr><\/div><a href=\"https:\/\/groupflorence.com\/ro\/contact-us\/\" class=\"btBtn btBtn btnFilledStyle btnAccentColor btnBig btnNormalWidth btnLeftPosition btnNoIcon\" ><span class=\"btnInnerText\">Ask A Question<\/span><\/a><\/div><\/div><\/div><\/div><\/div><div class=\"rowItem col-md-8 col-ms-12 btTextLeft\"  ><div class=\"rowItemContent\" ><div class=\"btClear btSeparator topSemiSpaced noBorder\" ><hr><\/div><header class=\"header btClear medium btDash bottomDash  btNormalDash\" ><div class=\"dash\"><h3><span class=\"headline\"><b class=\"animate\">Oncologie Nuclear\u0103 (Medicin\u0103 Nuclear\u0103)<\/b><\/span><\/h3><\/div><\/header><div class=\"btClear btSeparator topSemiSpaced noBorder\" ><hr><\/div><div class=\"btText\" ><\/p>\n<p>Aplica\u021biile <strong>Medicinei Nucleare<\/strong> \u00een oncologie acoper\u0103 din ce \u00een ce mai mult aplica\u021biile de diagnostic \u0219i tratament care au fost specializate \u00een diferite tipuri de cancer. Regizat de <strong>Prof. C\u00fcneyt T\u00fcrkmen<\/strong>, echipa noastr\u0103 de <strong>oncologie nuclear\u0103<\/strong>este binecunoscut\u0103 \u00een realizarea unor abord\u0103ri noi \u00een condi\u021bii dificile, la o rat\u0103 de succes ridicat\u0103.<\/p>\n<ul>\n<li><strong>Tomografia cu emisie de pozitroni (PET-BT si PET-MR)<\/strong>, care este acum metoda standard pentru imagistica multe tipuri de cancer, ofera avantajele imagisticii moleculare in diagnosticul si tratamentul cancerului. Aceste beneficii ofer\u0103 contribu\u021bii semnificative la cre\u0219terea speran\u021bei de via\u021b\u0103 a pacien\u021bilor, de la diagnosticarea precoce a cancerului la managementul tratamentului.<\/li>\n<\/ul>\n<p>Evolu\u021biile din domeniul imagisticii moleculare au condus, de asemenea, la r\u0103sp\u00e2ndirea tratamentelor individualizate cu radionuclizi definite de conceptul de \u201eteranostic\u0103\u201d pentru fiecare pacient.<\/p>\n<p>\n<\/div><div class=\"btClear btSeparator topSmallSpaced noBorder\" ><hr><\/div><header class=\"header btClear medium btDash bottomDash  btAccentDash\" ><div class=\"dash\"><h3><span class=\"headline\">Ce este abordarea \u201eteranostic\u0103\u201d?<\/span><\/h3><\/div><\/header><div class=\"btClear btSeparator topExtraSmallSpaced noBorder\" ><hr><\/div><div class=\"btText\" ><\/p>\n<p><em>Teranostismul <\/em>este un nou domeniu de medicin\u0103 care combin\u0103 diagnosticul \u0219i tratamentul specific pacientului \u0219i orientat. Acesta este derivat din cuvintele \u201eTerapie\u201d \u0219i \u201eDiagnostic\u201d. Detectarea zonelor bolnave folosind molecule vizate \u00een <strong>abordarea teranostic\u0103<\/strong>\u0219i apoi cu ajutorul agen\u021bilor terapeutici, celulele canceroase f\u0103r\u0103 prea multe deterior\u0103ri ale altor \u021besuturi destinate distrugerii. Testele de diagnostic arat\u0103 prezen\u021ba receptorului\/moleculei pe \u021besutul \u021bint\u0103, ceea ce duce la utilizarea agen\u021bilor terapeutici specifici. Ulterior, este de asemenea posibil s\u0103 se monitorizeze r\u0103spunsul la tratament.<\/p>\n<p>\u00cen <strong>abordarea teranostic\u0103<\/strong> cu radionuclizi (radioizotopi), se inten\u021bioneaz\u0103 detectarea tumorii folosind c\u0103i biologice unice, urmat\u0103 de iradierea celular\u0103 a tumorii cu un radionuclid terapeutic. Aceast\u0103 abordare ofer\u0103 un tratament eficient pentru pacient la momentul potrivit, la doza potrivit\u0103 \u0219i \u021bint\u0103.<\/p>\n<p>177-lutesium\/ 90- octreotat de ytriu pentru tumori neuroendocrine \u00een domeniul <strong>oncologiei nucleare<\/strong>teranostice, 177-Lutesiu PSMA pentru cancer de prostat\u0103 metastatic sau rezistent la tratament, cancer hepatic metastatic Pentru 90-Ytriu SIRT, iod 131 pentru cancerul tiroidian \u0219i tratamente Radium-223 sunt utilizate pe scar\u0103 larg\u0103 pentru pacien\u021bii cu cancer de prostat\u0103 cu metastaze osoase.<\/p>\n<p>\n<\/div><div class=\"btClear btSeparator topSmallSpaced noBorder\" ><hr><\/div><header class=\"header btClear medium btDash bottomDash  btAccentDash\" ><div class=\"dash\"><h3><span class=\"headline\">Transarterialradioembolizarea (TARE)<\/span><\/h3><\/div><\/header><div class=\"btClear btSeparator topExtraSmallSpaced noBorder\" ><hr><\/div><div class=\"btText\" ><\/p>\n<p>(Y-90) radioembolizarea transarterial\u0103 (TARE) cu microsfere \u00eenc\u0103rcate a intrat \u00een paradigma de gestionare a afec\u0163iunilor maligne hepatice primare sau metastatice care nu au \u015fanse de rezec\u0163ie \u015fi fiecare dintre ele este o metod\u0103 important\u0103 de tratament, care a devenit larg r\u0103sp\u00e2ndit\u0103 zilele trecute. Acesta poate fi interpretat ca o form\u0103 intra-arterial\u0103 de brahiterapie, o form\u0103 de radioterapie, \u00een care sursele radioactive sunt plasate \u00een interiorul sau \u00een apropierea tumorii.<\/p>\n<h3><strong>Cine sunt candida\u021bii pentru TARE?<\/strong><\/h3>\n<p>Este necesar s\u0103 se decid\u0103 dac\u0103 pacien\u021bii sunt potrivi\u021bi pentru tratamentul TARE \u00eentr-un Consiliu multidisciplinar al tumorilor format din chirurg general, radiolog interven\u021bional, specialist \u00een medicin\u0103 nuclear\u0103, medic oncolog \u0219i gastroenterolog.<\/p>\n<p>Pacien\u0163i cu<\/p>\n<ul>\n<li>Eastern Cooperative Oncology Group (ECOG) scala 2 de performan\u021b\u0103 este localizat\u0103 numai \u00een ficat sau dominant,<\/li>\n<li>f\u0103r\u0103 nici o \u0219ans\u0103 de func\u021bionare,<\/li>\n<li>speran\u021ba de via\u021b\u0103 a\u0219teptat\u0103 este de peste 12 s\u0103pt\u0103m\u00e2ni, este considerat\u0103 candida\u021bii potrivi\u021bi pentru tratamentul TARE.<\/li>\n<\/ul>\n<h3><strong>Cum efectu\u0103m TARE?<\/strong><\/h3>\n<ul>\n<li>Distribu\u021bia \u0219i volumul tumorii se calculeaz\u0103 prin utilizarea CT sau RMN.<\/li>\n<li>Prima angiografie demonstreaz\u0103 structura vascular\u0103 a ficatului. Unele artere pot fi \u00eenfundate \u00eenainte de procedura final\u0103.<\/li>\n<li>Medicamentul de testare este utilizat pentru a determina cantitatea sc\u0103pat\u0103 \u00een pl\u0103m\u00e2ni.<\/li>\n<li>Dup\u0103 15 zile, a doua angiografie se efectueaz\u0103 prin vena inghinal\u0103.<\/li>\n<li>Microsferele sunt introduse \u00een vasele tumorale \u0219i\/sau \u00een vasele care alimenteaz\u0103 tumora.<\/li>\n<\/ul>\n<p><em>Prin completarea formularului de<strong><em>contact <\/em><\/strong> de <\/em><em>mai jos, pute\u021bi pune \u00eentreb\u0103ri \u0219i\/sau solicita mai multe informa\u021bii de la exper\u021bii no\u0219tri despre Medicina Nuclear\u0103 (Oncologie Nuclear\u0103) la Grupul Florence Nightingale Hospital.<\/em><\/p>\n<p>\n<\/div><div class=\"btClear btSeparator topSemiSpaced noBorder\" ><hr><\/div><header class=\"header btClear medium btDash bottomDash  btAccentDash\" ><div class=\"dash\"><h3><span class=\"headline\"><em>Contact Us Now<\/em><\/span><\/h3><\/div><\/header><div class=\"btClear btSeparator bottomSmallSpaced noBorder\" ><hr><\/div><div class=\"btText\" >\n<div class=\"wpcf7 no-js\" id=\"wpcf7-f2891-o1\" lang=\"tr-TR\" dir=\"ltr\" data-wpcf7-id=\"2891\">\n<div class=\"screen-reader-response\"><p role=\"status\" aria-live=\"polite\" aria-atomic=\"true\"><\/p> <ul><\/ul><\/div>\n<form action=\"\/ro\/wp-json\/wp\/v2\/pages\/4377#wpcf7-f2891-o1\" method=\"post\" class=\"wpcf7-form init wpcf7-acceptance-as-validation\" aria-label=\"\u0130leti\u015fim Formu\" novalidate=\"novalidate\" data-status=\"init\">\n<fieldset class=\"hidden-fields-container\"><input type=\"hidden\" name=\"_wpcf7\" value=\"2891\" \/><input type=\"hidden\" name=\"_wpcf7_version\" value=\"6.1.5\" \/><input type=\"hidden\" name=\"_wpcf7_locale\" value=\"tr_TR\" \/><input type=\"hidden\" name=\"_wpcf7_unit_tag\" value=\"wpcf7-f2891-o1\" \/><input type=\"hidden\" name=\"_wpcf7_container_post\" value=\"0\" \/><input type=\"hidden\" name=\"_wpcf7_posted_data_hash\" value=\"\" \/>\n<\/fieldset>\n<p style=\"margin-bottom:30px !important;\">\u00cen timp ce completa\u021bi formularul de contact de mai jos, pute\u021bi, de asemenea, s\u0103 ne trimite\u021bi fi\u0219ierele medicale ale pacientului\/dumneavoastr\u0103 prin <strong>transfer<\/strong>. A doua opinie medical\u0103 v\u0103 va fi prezentat\u0103 \u00een termen de 48 de ore.\n<\/p>\n<div class=\"boldRow boldInnerRow  \">\n\t<div class=\"rowItem rowInnerItem col-md-6  btTextLeft\">\n\t\t<div class=\"rowItemContent\">\n\t\t\t<p><label><span class=\"bt_bb_required\">Numele t\u0103u<\/span><br \/>\n<span class=\"wpcf7-form-control-wrap\" data-name=\"your-name\"><input size=\"40\" maxlength=\"400\" class=\"wpcf7-form-control wpcf7-text wpcf7-validates-as-required\" aria-required=\"true\" aria-invalid=\"false\" value=\"\" type=\"text\" name=\"your-name\" \/><\/span> <\/label>\n\t\t\t<\/p>\n\t\t\t<p><label><span class=\"bt_bb_required\">E-mailul dvs.<\/span><br \/>\n<span class=\"wpcf7-form-control-wrap\" data-name=\"your-email\"><input size=\"40\" maxlength=\"400\" class=\"wpcf7-form-control wpcf7-email wpcf7-validates-as-required wpcf7-text wpcf7-validates-as-email\" aria-required=\"true\" aria-invalid=\"false\" value=\"\" type=\"email\" name=\"your-email\" \/><\/span> <\/label>\n\t\t\t<\/p>\n\t\t\t<p><label><span class=\"bt_bb_required\">Telefonul dvs.<\/span><br \/>\n<span class=\"wpcf7-form-control-wrap\" data-name=\"your-phone\"><input size=\"40\" class=\"wpcf7-form-control wpcf7-phonetext wpcf7-text wpcf7-validates-as-phonetext\" id=\"int_phone\" aria-invalid=\"false\" value=\"\" type=\"text\" name=\"your-phone\" \/><input type=\"hidden\" name=\"your-phone-country-code\" class=\"wpcf7-phonetext-country-code\" \/><\/span> <\/label>\n\t\t\t<\/p>\n\t\t\t<p><label><span class=\"bt_bb_required\">Mesajul dvs.<\/span><br \/>\n<span class=\"wpcf7-form-control-wrap\" data-name=\"your-message\"><textarea cols=\"40\" rows=\"10\" maxlength=\"2000\" class=\"wpcf7-form-control wpcf7-textarea wpcf7-validates-as-required\" aria-required=\"true\" aria-invalid=\"false\" name=\"your-message\"><\/textarea><\/span> <\/label>\n\t\t\t<\/p>\n\t\t\t<p><label><span class=\"bt_bb_required\" style=\"margin-top:25px !important;\"><span class=\"wpcf7-form-control-wrap\" data-name=\"accept-this-1\"><span class=\"wpcf7-form-control wpcf7-acceptance\"><span class=\"wpcf7-list-item\"><label><input type=\"checkbox\" name=\"accept-this-1\" value=\"1\" aria-invalid=\"false\" \/><span class=\"wpcf7-list-item-label\">Sunt de acord cu <a target=\"_blank\" href=\"https:\/\/groupflorence.com\/ro\/terms-of-use\/\">Termenii \u0219i Serviciile<\/a>.<\/span><\/label><\/span><\/span><\/span><\/span><\/label>\n\t\t\t<\/p>\n\t\t\t<p><input class=\"wpcf7-form-control wpcf7-submit has-spinner contact_button_int\" type=\"submit\" value=\"TRIMITE MESAJ\" \/>\n\t\t\t<\/p>\n\t\t<\/div>\n\t<\/div>\n\t<div class=\"rowItem rowInnerItem col-md-6  btTextLeft\">\n\t\t<div class=\"rowItemContent\">\n\t\t\t<p align=\"center\" style=\"margin-top:30px;\"><br \/>\n<a href=\"http:\/\/florencenightingale.wetransfer.com\/\" target=\"_blank\" title=\"Click Here To Transfer Your Documents via WeTransfer\"><img decoding=\"async\"  align=\"center\" style=\"max-width:250px !important;\" class=\"lazy loaded\" src=\"https:\/\/groupflorence.com\/ro\/wp-content\/uploads\/2020\/08\/89130-wetransfer-default-logo-rgb-original-1365619064-e1599162229581.png\" data-src=\"https:\/\/groupflorence.com\/ro\/wp-content\/uploads\/2020\/08\/89130-wetransfer-default-logo-rgb-original-1365619064-e1599162229581.png\" alt=\"Click Here To Transfer Your Documents via WeTransfer\" title=\"Click Here To Transfer Your Documents via WeTransfer\" data-was-processed=\"true\" \/><\/a>\n\t\t\t<\/p>\n\t\t\t<h3 align=\"center\"><a href=\"http:\/\/florencenightingale.wetransfer.com\/\" target=\"_blank\" title=\"Click Here To Transfer Your Documents via WeTransfer\">Trimite prin WeTransfer<\/a>\n\t\t\t<\/h3>\n\t\t\t<p align=\"center\">Pute\u021bi trimite documentele dvs. medicale supradimensionate (\u00eenregistr\u0103ri RMN, rezultate de laborator, imagini etc.) folosind contul nostru WeTransfer. Este u\u0219or, rapid \u0219i sigur.\n\t\t\t<\/p>\n\t\t<\/div>\n\t\t<center>\n\t\t\t<p><a href=\"http:\/\/florencenightingale.wetransfer.com\/\" class=\"btBtn btBtn btnFilledStyle btnAccentColor btnSmall btnNormalWidth btnRightPosition btnNoIcon\" target=\"_blank\"><span class=\"btnInnerText\">Trimite acum<\/span><\/a>\n\t\t\t<\/p>\n\t\t<\/center>\n\t<\/div>\n<\/div><div class=\"wpcf7-response-output\" aria-hidden=\"true\"><\/div>\n<\/form>\n<\/div>\n<\/div><div class=\"btClear btSeparator topSpaced noBorder\" ><hr><\/div><\/div><\/div><\/div><\/div><\/div><\/div><\/div><\/section>\n","protected":false},"excerpt":{"rendered":"","protected":false},"author":1,"featured_media":0,"parent":2331,"menu_order":6,"comment_status":"closed","ping_status":"closed","template":"","meta":{"footnotes":""},"class_list":["post-4377","page","type-page","status-publish","hentry"],"_links":{"self":[{"href":"https:\/\/groupflorence.com\/ro\/wp-json\/wp\/v2\/pages\/4377","targetHints":{"allow":["GET"]}}],"collection":[{"href":"https:\/\/groupflorence.com\/ro\/wp-json\/wp\/v2\/pages"}],"about":[{"href":"https:\/\/groupflorence.com\/ro\/wp-json\/wp\/v2\/types\/page"}],"author":[{"embeddable":true,"href":"https:\/\/groupflorence.com\/ro\/wp-json\/wp\/v2\/users\/1"}],"replies":[{"embeddable":true,"href":"https:\/\/groupflorence.com\/ro\/wp-json\/wp\/v2\/comments?post=4377"}],"version-history":[{"count":3,"href":"https:\/\/groupflorence.com\/ro\/wp-json\/wp\/v2\/pages\/4377\/revisions"}],"predecessor-version":[{"id":6037,"href":"https:\/\/groupflorence.com\/ro\/wp-json\/wp\/v2\/pages\/4377\/revisions\/6037"}],"up":[{"embeddable":true,"href":"https:\/\/groupflorence.com\/ro\/wp-json\/wp\/v2\/pages\/2331"}],"wp:attachment":[{"href":"https:\/\/groupflorence.com\/ro\/wp-json\/wp\/v2\/media?parent=4377"}],"curies":[{"name":"wp","href":"https:\/\/api.w.org\/{rel}","templated":true}]}}