{"id":4374,"date":"2020-10-16T02:23:34","date_gmt":"2020-10-15T23:23:34","guid":{"rendered":"https:\/\/groupflorence.com\/ro\/?page_id=4374"},"modified":"2020-12-16T17:28:13","modified_gmt":"2020-12-16T14:28:13","slug":"medical-oncology-and-immunotherapy","status":"publish","type":"page","link":"https:\/\/groupflorence.com\/ro\/centers-treatments\/oncology-center\/medical-oncology-and-immunotherapy\/","title":{"rendered":"Oncologie Medicala si Imunoterapie"},"content":{"rendered":"<section id=\"bt_section69eb8b45f2e44\"  class=\"boldSection gutter\" ><div class=\"port\"><div class=\"boldCell\"><div class=\"boldCellInner\"><div class=\"boldRow  \" ><div class=\"boldRowInner\"><div class=\"rowItem col-md-4 col-ms-12 btTextLeft\"  ><div class=\"rowItemContent\" ><div class=\"btClear btSeparator topSpaced noBorder\" ><hr><\/div><div class=\"btCustomMenu treatment-sidebar\" ><div class=\"menu-oncology-center-container\"><ul id=\"menu-oncology-center\" class=\"menu\"><li id=\"menu-item-3501\" class=\"menu-item menu-item-type-post_type menu-item-object-page menu-item-has-children menu-item-3501\"><a href=\"https:\/\/groupflorence.com\/ro\/centers-treatments\/\">Centre &#038; Departamente<\/a><ul class=\"sub-menu\"><li id=\"menu-item-3497\" class=\"menu-item menu-item-type-post_type menu-item-object-page menu-item-has-children menu-item-3497\"><a href=\"https:\/\/groupflorence.com\/ro\/centers-treatments\/oncology-center\/\">Centrul de Oncologie Cuprinz\u0103toare<\/a><ul class=\"sub-menu\"><li id=\"menu-item-4380\" class=\"menu-item menu-item-type-post_type menu-item-object-page menu-item-4380\"><a href=\"https:\/\/groupflorence.com\/ro\/centers-treatments\/oncology-center\/nuclear-oncology-nuclear-medicine\/\">Oncologie Nuclear\u0103 (Medicin\u0103 Nuclear\u0103)<\/a><\/li><li id=\"menu-item-4832\" class=\"menu-item menu-item-type-post_type menu-item-object-page menu-item-4832\"><a href=\"https:\/\/groupflorence.com\/ro\/centers-treatments\/oncology-center\/molecular-oncology-and-genetics\/\">Oncologie Molecular\u0103 \u015fi Genetic\u0103<\/a><\/li><li id=\"menu-item-4376\" class=\"menu-item menu-item-type-post_type menu-item-object-page menu-item-4376\"><a href=\"https:\/\/groupflorence.com\/ro\/centers-treatments\/oncology-center\/medical-oncology-and-immunotherapy\/\">Oncologie Medicala si Imunoterapie<\/a><\/li><li id=\"menu-item-4952\" class=\"menu-item menu-item-type-post_type menu-item-object-page menu-item-4952\"><a href=\"https:\/\/groupflorence.com\/ro\/centers-treatments\/oncology-center\/radiation-oncology\/\">Radia\u021bii Oncologie<\/a><\/li><li id=\"menu-item-4373\" class=\"menu-item menu-item-type-post_type menu-item-object-page menu-item-4373\"><a href=\"https:\/\/groupflorence.com\/ro\/centers-treatments\/oncology-center\/interventional-radiology-in-oncology\/\">Radiologie Interven\u021bional\u0103 \u00een Oncologie<\/a><\/li><li id=\"menu-item-3513\" class=\"menu-item menu-item-type-post_type menu-item-object-page menu-item-3513\"><a href=\"https:\/\/groupflorence.com\/ro\/centers-treatments\/oncology-center\/why-florence-nightingale-oncology-center\/\">De ce Centrul Oncologic Florence Nightingale?<\/a><\/li><li id=\"menu-item-3506\" class=\"menu-item menu-item-type-post_type menu-item-object-page menu-item-3506\"><a href=\"https:\/\/groupflorence.com\/ro\/centers-treatments\/oncology-center\/multidisciplinary-tumor-board\/\">Consiliul de Tumoare Multidisciplinar\u0103<\/a><\/li><\/ul><\/li><\/ul><\/li>\n<\/ul><\/div><\/div><div class=\"btClear btSeparator topSemiSpaced noBorder\" ><hr><\/div><div class=\"boldRow boldInnerRow  bt_bb_hidden_xs bt_bb_hidden_ms bt_bb_hidden_sm\" ><div class=\"rowItem rowInnerItem col-md-12  btTextCenter btMiddleVertical\"  ><div class=\"rowItemContent\"><div class=\"bpgPhoto btTextCenter\" > \r\n\t\t\t\t\t<a href=\"https:\/\/groupflorence.com\/ro\/patient-guide\/covid-19-precautions\/\" target=\"_blank\" title=\"\"><\/a>\r\n\t\t\t\t\t<div class=\"boldPhotoBox\"><div class=\"bpbItem\"><div class = \"btImage\"><img decoding=\"async\" src=\"https:\/\/groupflorence.com\/ro\/wp-content\/uploads\/2020\/12\/covid-safe-sidebar-320x186.jpg\" alt=\"\" title=\"\" ><\/div><\/div><\/div>\r\n\t\t\t\t\t<div class=\"captionPane\">\r\n\t\t\t\t\t\t<div class=\"captionTable\">\r\n\t\t\t\t\t\t\t<div class=\"captionCell\">\r\n\t\t\t\t\t\t\t\t<div class=\"captionTxt\"><\/div>\r\n\t\t\t\t\t\t\t<\/div>\r\n\t\t\t\t\t\t<\/div>\r\n\t\t\t\t\t<\/div><\/div><div class=\"btClear btSeparator topSmallSpaced bottomSmallSpaced border\" ><hr><\/div><a href=\"https:\/\/groupflorence.com\/ro\/contact-us\/\" class=\"btBtn btBtn btnFilledStyle btnAccentColor btnBig btnNormalWidth btnLeftPosition btnNoIcon\" ><span class=\"btnInnerText\">Ask A Question<\/span><\/a><\/div><\/div><\/div><\/div><\/div><div class=\"rowItem col-md-8 col-ms-12 btTextLeft\"  ><div class=\"rowItemContent\" ><div class=\"btClear btSeparator topSemiSpaced noBorder\" ><hr><\/div><header class=\"header btClear medium btDash bottomDash  btNormalDash\" ><div class=\"dash\"><h3><span class=\"headline\"><b class=\"animate\">COC &#8211; Oncologie Medicala si Imunoterapie<\/b><\/span><\/h3><\/div><\/header><div class=\"btClear btSeparator topSemiSpaced noBorder\" ><hr><\/div><div class=\"btText\" ><\/p>\n<p>Oferind servicii <strong>medicale de \u00eencredere din 1997, Centrul Medical Oncology <\/strong>din <strong>cadrul Grupului Florence Nightingale Spitalele <\/strong>a adoptat ca misiune principiul \u201eFiecare pacient este special\u201d. Regizat de <strong>Prof. Co\u0219kun Tecimer, MD<\/strong>, echipa noastr\u0103 de oncologie medical\u0103 ofer\u0103 o abordare f\u0103r\u0103 probleme orientat\u0103 spre pacient fiec\u0103rui pacient care se adreseaz\u0103 Centrului nostru. Echipa experimentat\u0103 de <strong>Oncologie Medical\u0103 <\/strong>ofer\u0103 o gam\u0103 larg\u0103 de oportunit\u0103\u021bi de tratament cu tehnologia sa medical\u0103 avansat\u0103.<\/p>\n<p>\n<\/div><div class=\"btClear btSeparator topSmallSpaced noBorder\" ><hr><\/div><header class=\"header btClear medium btDash bottomDash  btAccentDash\" ><div class=\"dash\"><h3><span class=\"headline\">Cum ne evalu\u0103m pacien\u0163ii?<\/span><\/h3><\/div><\/header><div class=\"btClear btSeparator topExtraSmallSpaced noBorder\" ><hr><\/div><div class=\"btText\" ><\/p>\n<p>Pacien\u0163ii cu cancer sunt evalua\u0163i pentru prima dat\u0103 multidisciplinar \u00een <strong>Consiliul tumorilor<\/strong> format din speciali\u015fti \u00een domeniul<\/p>\n<ul>\n<li>Oncologie Medical\u0103,<\/li>\n<li>Radia\u021bii Oncologie,<\/li>\n<li>Chirurgie general\u0103<\/li>\n<li>Radiologie Interven\u021bional\u0103;<\/li>\n<li>Patologie,<\/li>\n<li>Medicin\u0103 nuclear\u0103,<\/li>\n<li>Genetic\u0103 medical\u0103.<\/li>\n<\/ul>\n<p>Centrul nostru se distinge prin tehnici avansate \u0219i tehnologii moderne, cum ar fi TrueBeamstX, Rapid Arc, IMRT, PET-RMN \u0219i dispozitive de secven\u021b\u0103 a doua genera\u021bie.<\/p>\n<p>P\u00e2n\u0103 la zi;<\/p>\n<ul>\n<li>000 de cazuri de cancer<\/li>\n<li>000 sesiuni de chimioterapie<\/li>\n<li>000 de sesiuni de radioterapie au fost gestionate la <strong>Centrul Medical de Oncologie<\/strong> din cadrul <strong>Grupului Florence Nightingale Hospital<\/strong> .<\/li>\n<\/ul>\n<p>\n<\/div><div class=\"btClear btSeparator topSmallSpaced noBorder\" ><hr><\/div><header class=\"header btClear medium btDash bottomDash  btAccentDash\" ><div class=\"dash\"><h3><span class=\"headline\">Abordarea multidisciplinar\u0103 a pacien\u021bilor no\u0219tri<\/span><\/h3><\/div><\/header><div class=\"btClear btSeparator topExtraSmallSpaced noBorder\" ><hr><\/div><div class=\"btText\" ><\/p>\n<p>La <strong>Centrul nostru Medical de Oncologie<\/strong>, ne-am specializat \u00een<\/p>\n<ul>\n<li>oncologie medical\u0103;<\/li>\n<li>oncologie radiologic\u0103;<\/li>\n<li>imagistica oncologic\u0103 avansat\u0103,<\/li>\n<li>oncologie interven\u021bional\u0103;<\/li>\n<li>chirurgie hepatobiliar\u0103;<\/li>\n<li>chirurgie la s\u00e2n;<\/li>\n<li>neurochirurgie;<\/li>\n<li>oncologie urologic\u0103 \u0219i ginecologic\u0103,<\/li>\n<li>medicina nuclear\u0103;<\/li>\n<li>radiologie;<\/li>\n<li>patologie;<\/li>\n<li>genetica medicala. Nursing, nutri\u021bie \u0219i dietetic\u0103, departamentele de psihologie oncologic\u0103 lucreaz\u0103 \u00eempreun\u0103 pentru pacien\u021bi \u0219i to\u021bi pacien\u021bii sunt trata\u021bi cu o munc\u0103 \u00een echip\u0103 multidisciplinar\u0103.<\/li>\n<\/ul>\n<p>Tratamentele pentru cancer se desf\u0103\u0219oar\u0103 sub supravegherea oamenilor de \u0219tiin\u021b\u0103 no\u0219tri care au c\u00e2\u0219tigat succes \u00een arena interna\u021bional\u0103 \u0219i personal medical cu experien\u021b\u0103 condus de medicii no\u0219tri stima\u021bi \u0219i membri ai facult\u0103\u021bii de consultan\u021b\u0103.<\/p>\n<p>\n<\/div><div class=\"btClear btSeparator topSmallSpaced noBorder\" ><hr><\/div><header class=\"header btClear medium btDash bottomDash  btAccentDash\" ><div class=\"dash\"><h3><span class=\"headline\">Tratamentul Personalizat al Cancerului<\/span><\/h3><\/div><\/header><div class=\"btClear btSeparator topExtraSmallSpaced noBorder\" ><hr><\/div><div class=\"btText\" ><\/p>\n<p>Sunt selectate medicamente adecvate caracteristicilor genetice ale persoanei \u0219i tumorii.<\/p>\n<ul>\n<li>Utilizarea medicamentelor potrivite pentru schimbarea genetic\u0103 a celulei canceroase duce la o eficien\u021b\u0103 ridicat\u0103 a tratamentului.<\/li>\n<li>Testele farmacogenetice permit selectarea medicamentelor adecvate structurii genetice a indivizilor \u0219i utilizarea dozelor adecvate de medicamente.<\/li>\n<\/ul>\n<p>Astfel, vor exista mai pu\u021bine efecte secundare ale medicamentului. Mai mult confort este oferit pacientului.<\/p>\n<p>Testele genetice la cancer au devenit specificate la persoan\u0103 (personalizate). Testele genetice pot fi folosite pentru a ajuta la diagnostic, modificarea procedurii de urm\u0103rire, predic\u021bia prognosticului \u0219i selectarea medicamentului potrivit pentru pacien\u021bii oncologici. Tulbur\u0103rile care cauzeaz\u0103 cancer, muta\u021bii genetice, cre\u0219terea genelor, \u0219tergerea, translocarea \u0219i alte anomalii sunt detectate cu teste genetice.<\/p>\n<p>La <strong>Centrul nostru de Diagnostic pentru<\/strong> <strong>Boli Genetice,<\/strong> licen\u021biat de Ministerul S\u0103n\u0103t\u0103\u021bii \u0219i a primit certificate de la <strong>Serviciul Na\u021bional de Evaluare a Calit\u0103\u021bii Externe a Regatului Unit (UKNEQAS)<\/strong> , <strong>Universitatea Ludwig Maximilian (LMU)<\/strong> , toate testele citogenetice, molecule-citogenetice, \u0219i moleculare genetice pentru cancer sunt efectuate \u00een diagnosticul, tratamentul \u0219i prognosticul cancerului.<\/p>\n<p>\n<\/div><div class=\"btClear btSeparator topSmallSpaced noBorder\" ><hr><\/div><header class=\"header btClear medium btDash bottomDash  btAccentDash\" ><div class=\"dash\"><h3><span class=\"headline\">Teste genetice personalizate\/personalizate<\/span><\/h3><\/div><\/header><div class=\"btClear btSeparator topExtraSmallSpaced noBorder\" ><hr><\/div><div class=\"btText\" ><\/p>\n<ul>\n<li>Teste genetice hemato-oncologice: Toate anomaliile cromozomiale, transloc\u0103rile, \u0219tergerile care cauzeaz\u0103 cancer hematologic sunt detectate prin metode citogenetice \u0219i citomoleculare conven\u021bionale.<\/li>\n<li>Analiza muta\u021biilor evidente \u0219i neclare poate fi efectuat\u0103 prin utilizarea unei noi metode PCR de genera\u021bie; secven\u021bierea direct\u0103.<\/li>\n<\/ul>\n<p>\u00cen centrul nostru, acoperim majoritatea panourilor genetice \u00een screening-ul \u0219i diagnosticarea<\/p>\n<ul>\n<li>Cancer la s\u00e2n,<\/li>\n<li>Cancer colorectal,<\/li>\n<li>Cancer pulmonar,<\/li>\n<li>Cancerul de prostat\u0103 \u015fi mai mult.<\/li>\n<\/ul>\n<p>\n<\/div><div class=\"btClear btSeparator topSmallSpaced noBorder\" ><hr><\/div><header class=\"header btClear medium btDash bottomDash  btAccentDash\" ><div class=\"dash\"><h3><span class=\"headline\">Ce este imunoterapia \u00een oncologie?<\/span><\/h3><\/div><\/header><div class=\"btClear btSeparator topExtraSmallSpaced noBorder\" ><hr><\/div><div class=\"btText\" ><\/p>\n<p>Urm\u00e2nd \u00eendeaproape literatura de specialitate actual\u0103 \u0219i posed\u00e2nd tehnologiile medicale actuale esen\u021biale, <strong>Centrul nostru<\/strong> se afl\u0103 \u00een prima linie, efectu\u00e2nd imunoterapie la pacien\u021bii cu cancer de ani de zile.<\/p>\n<p>Imunoterapia este o metod\u0103 de tratament care este utilizat\u0103 \u00een tratamentul cancerului, ca o completare la radioterapie \u0219i chimioterapie. Aceast\u0103 metod\u0103 sus\u021bine rezisten\u021ba corpului persoanei care transport\u0103 celula canceroas\u0103, cre\u0219te imunitatea \u0219i \u00eencearc\u0103 s\u0103 distrug\u0103 celulele canceroase \u00een acest fel.<\/p>\n<ul>\n<li><strong>Tratamentul oncolitic<\/strong><\/li>\n<\/ul>\n<p>Imunoterapia \u00een oncologie vizeaz\u0103 uciderea viru\u0219ilor \u0219i a celulelor canceroase. Scopul acestei metode este de a se asigura c\u0103 sistemul imunitar din corpul persoanei face atacuri mai precise \u0219i mai eficiente \u00eempotriva celulelor canceroase.<\/p>\n<p>Astfel, este posibil\u0103 eliminarea complet\u0103 a cancerului, prevenind \u00een acela\u0219i timp cre\u0219terea \u0219i r\u0103sp\u00e2ndirea celulelor canceroase.<\/p>\n<p>La unii pacien\u021bi, recuperarea complet\u0103 poate fi ob\u021binut\u0103 datorit\u0103 acestei metode de imunoterapie.<\/p>\n<p>Medicamentele de imunoterapie aprobate de institu\u021biile medicale din \u021b\u0103rile europene \u0219i Statele Unite au fost utilizate \u00een mod eficient \u00een \u021bara noastr\u0103 recent.<\/p>\n<p><em>Complet\u00e2nd formularul de <\/em><strong><em>contact <\/em><\/strong> de<em>mai jos, pute\u021bi pune \u00eentreb\u0103ri \u0219i\/sau solicita mai multe informa\u021bii de la exper\u021bii no\u0219tri despre Oncologie Medical\u0103 \u0219i Imunoterapie (Oncologie) la Grupul Florence Nightingale Hospital.<\/em><\/p>\n<p>\n<\/div><div class=\"btClear btSeparator topSemiSpaced noBorder\" ><hr><\/div><div class=\"boldRow boldInnerRow  \" ><div class=\"rowItem rowInnerItem col-md-4  btTextCenter inherit btNoPadding\" style=\"border: 1px solid #999;background-color: rgba(241, 241, 241, 1);\" ><div class=\"rowItemContent\"><div class=\"bpgPhoto btTextCenter\" ><div class=\"btImage\"><img decoding=\"async\" src=\"https:\/\/groupflorence.com\/ro\/wp-content\/uploads\/2020\/10\/Sezer-Sag_lam.jpg\" alt=\"\" title=\"\"><\/div><\/div><div class=\"btIconImageRow btIconsHalfHoverPosition\" ><\/div><div class=\"btClear btSeparator topSmallSpaced noBorder\" ><hr><\/div><div class=\"btText\" ><\/p>\n<h4><a href=\"https:\/\/groupflorence.com\/ro\/doctors\/sezer-saglam\/\">Prof. Sezer Sa\u011flam, MD<\/a><\/h4>\n<p>\n<\/div><div class=\"btClear btSeparator bottomExtraSmallSpaced noBorder\" ><hr><\/div><a href=\"https:\/\/groupflorence.com\/ro\/doctors\/sezer-saglam\/\" class=\"btBtn btBtn btnFilledStyle btnLightColor btnSmall btnNormalWidth btnRightPosition btnNoIcon\"  target=\"_blank\"><span class=\"btnInnerText\">VIEW CV<\/span><\/a><div class=\"btClear btSeparator topExtraSmallSpaced bottomSmallSpaced noBorder\" ><hr><\/div><\/div><\/div><div class=\"rowItem rowInnerItem col-md-4  btTextCenter inherit btNoPadding\" style=\"background-color: rgba(241, 241, 241, 1);\" ><div class=\"rowItemContent\"><\/div><\/div><div class=\"rowItem rowInnerItem col-md-4  btTextCenter inherit btNoPadding\" style=\"background-color: rgba(241, 241, 241, 1);\" ><div class=\"rowItemContent\"><\/div><\/div><\/div><div class=\"btClear btSeparator topSemiSpaced noBorder\" ><hr><\/div><header class=\"header btClear medium btDash bottomDash  btAccentDash\" ><div class=\"dash\"><h3><span class=\"headline\"><em>Contact Us Now<\/em><\/span><\/h3><\/div><\/header><div class=\"btClear btSeparator bottomSmallSpaced noBorder\" ><hr><\/div><div class=\"btText\" >\n<div class=\"wpcf7 no-js\" id=\"wpcf7-f2891-o1\" lang=\"tr-TR\" dir=\"ltr\" data-wpcf7-id=\"2891\">\n<div class=\"screen-reader-response\"><p role=\"status\" aria-live=\"polite\" aria-atomic=\"true\"><\/p> <ul><\/ul><\/div>\n<form action=\"\/ro\/wp-json\/wp\/v2\/pages\/4374#wpcf7-f2891-o1\" method=\"post\" class=\"wpcf7-form init wpcf7-acceptance-as-validation\" aria-label=\"\u0130leti\u015fim Formu\" novalidate=\"novalidate\" data-status=\"init\">\n<fieldset class=\"hidden-fields-container\"><input type=\"hidden\" name=\"_wpcf7\" value=\"2891\" \/><input type=\"hidden\" name=\"_wpcf7_version\" value=\"6.1.5\" \/><input type=\"hidden\" name=\"_wpcf7_locale\" value=\"tr_TR\" \/><input type=\"hidden\" name=\"_wpcf7_unit_tag\" value=\"wpcf7-f2891-o1\" \/><input type=\"hidden\" name=\"_wpcf7_container_post\" value=\"0\" \/><input type=\"hidden\" name=\"_wpcf7_posted_data_hash\" value=\"\" \/>\n<\/fieldset>\n<p style=\"margin-bottom:30px !important;\">\u00cen timp ce completa\u021bi formularul de contact de mai jos, pute\u021bi, de asemenea, s\u0103 ne trimite\u021bi fi\u0219ierele medicale ale pacientului\/dumneavoastr\u0103 prin <strong>transfer<\/strong>. A doua opinie medical\u0103 v\u0103 va fi prezentat\u0103 \u00een termen de 48 de ore.\n<\/p>\n<div class=\"boldRow boldInnerRow  \">\n\t<div class=\"rowItem rowInnerItem col-md-6  btTextLeft\">\n\t\t<div class=\"rowItemContent\">\n\t\t\t<p><label><span class=\"bt_bb_required\">Numele t\u0103u<\/span><br \/>\n<span class=\"wpcf7-form-control-wrap\" data-name=\"your-name\"><input size=\"40\" maxlength=\"400\" class=\"wpcf7-form-control wpcf7-text wpcf7-validates-as-required\" aria-required=\"true\" aria-invalid=\"false\" value=\"\" type=\"text\" name=\"your-name\" \/><\/span> <\/label>\n\t\t\t<\/p>\n\t\t\t<p><label><span class=\"bt_bb_required\">E-mailul dvs.<\/span><br \/>\n<span class=\"wpcf7-form-control-wrap\" data-name=\"your-email\"><input size=\"40\" maxlength=\"400\" class=\"wpcf7-form-control wpcf7-email wpcf7-validates-as-required wpcf7-text wpcf7-validates-as-email\" aria-required=\"true\" aria-invalid=\"false\" value=\"\" type=\"email\" name=\"your-email\" \/><\/span> <\/label>\n\t\t\t<\/p>\n\t\t\t<p><label><span class=\"bt_bb_required\">Telefonul dvs.<\/span><br \/>\n<span class=\"wpcf7-form-control-wrap\" data-name=\"your-phone\"><input size=\"40\" class=\"wpcf7-form-control wpcf7-phonetext wpcf7-text wpcf7-validates-as-phonetext\" id=\"int_phone\" aria-invalid=\"false\" value=\"\" type=\"text\" name=\"your-phone\" \/><input type=\"hidden\" name=\"your-phone-country-code\" class=\"wpcf7-phonetext-country-code\" \/><\/span> <\/label>\n\t\t\t<\/p>\n\t\t\t<p><label><span class=\"bt_bb_required\">Mesajul dvs.<\/span><br \/>\n<span class=\"wpcf7-form-control-wrap\" data-name=\"your-message\"><textarea cols=\"40\" rows=\"10\" maxlength=\"2000\" class=\"wpcf7-form-control wpcf7-textarea wpcf7-validates-as-required\" aria-required=\"true\" aria-invalid=\"false\" name=\"your-message\"><\/textarea><\/span> <\/label>\n\t\t\t<\/p>\n\t\t\t<p><label><span class=\"bt_bb_required\" style=\"margin-top:25px !important;\"><span class=\"wpcf7-form-control-wrap\" data-name=\"accept-this-1\"><span class=\"wpcf7-form-control wpcf7-acceptance\"><span class=\"wpcf7-list-item\"><label><input type=\"checkbox\" name=\"accept-this-1\" value=\"1\" aria-invalid=\"false\" \/><span class=\"wpcf7-list-item-label\">Sunt de acord cu <a target=\"_blank\" href=\"https:\/\/groupflorence.com\/ro\/terms-of-use\/\">Termenii \u0219i Serviciile<\/a>.<\/span><\/label><\/span><\/span><\/span><\/span><\/label>\n\t\t\t<\/p>\n\t\t\t<p><input class=\"wpcf7-form-control wpcf7-submit has-spinner contact_button_int\" type=\"submit\" value=\"TRIMITE MESAJ\" \/>\n\t\t\t<\/p>\n\t\t<\/div>\n\t<\/div>\n\t<div class=\"rowItem rowInnerItem col-md-6  btTextLeft\">\n\t\t<div class=\"rowItemContent\">\n\t\t\t<p align=\"center\" style=\"margin-top:30px;\"><br \/>\n<a href=\"http:\/\/florencenightingale.wetransfer.com\/\" target=\"_blank\" title=\"Click Here To Transfer Your Documents via WeTransfer\"><img decoding=\"async\"  align=\"center\" style=\"max-width:250px !important;\" class=\"lazy loaded\" src=\"https:\/\/groupflorence.com\/ro\/wp-content\/uploads\/2020\/08\/89130-wetransfer-default-logo-rgb-original-1365619064-e1599162229581.png\" data-src=\"https:\/\/groupflorence.com\/ro\/wp-content\/uploads\/2020\/08\/89130-wetransfer-default-logo-rgb-original-1365619064-e1599162229581.png\" alt=\"Click Here To Transfer Your Documents via WeTransfer\" title=\"Click Here To Transfer Your Documents via WeTransfer\" data-was-processed=\"true\" \/><\/a>\n\t\t\t<\/p>\n\t\t\t<h3 align=\"center\"><a href=\"http:\/\/florencenightingale.wetransfer.com\/\" target=\"_blank\" title=\"Click Here To Transfer Your Documents via WeTransfer\">Trimite prin WeTransfer<\/a>\n\t\t\t<\/h3>\n\t\t\t<p align=\"center\">Pute\u021bi trimite documentele dvs. medicale supradimensionate (\u00eenregistr\u0103ri RMN, rezultate de laborator, imagini etc.) folosind contul nostru WeTransfer. Este u\u0219or, rapid \u0219i sigur.\n\t\t\t<\/p>\n\t\t<\/div>\n\t\t<center>\n\t\t\t<p><a href=\"http:\/\/florencenightingale.wetransfer.com\/\" class=\"btBtn btBtn btnFilledStyle btnAccentColor btnSmall btnNormalWidth btnRightPosition btnNoIcon\" target=\"_blank\"><span class=\"btnInnerText\">Trimite acum<\/span><\/a>\n\t\t\t<\/p>\n\t\t<\/center>\n\t<\/div>\n<\/div><div class=\"wpcf7-response-output\" aria-hidden=\"true\"><\/div>\n<\/form>\n<\/div>\n<\/div><div class=\"btClear btSeparator topSpaced noBorder\" ><hr><\/div><\/div><\/div><\/div><\/div><\/div><\/div><\/div><\/section>\n","protected":false},"excerpt":{"rendered":"","protected":false},"author":1,"featured_media":0,"parent":2331,"menu_order":5,"comment_status":"closed","ping_status":"closed","template":"","meta":{"footnotes":""},"class_list":["post-4374","page","type-page","status-publish","hentry"],"_links":{"self":[{"href":"https:\/\/groupflorence.com\/ro\/wp-json\/wp\/v2\/pages\/4374","targetHints":{"allow":["GET"]}}],"collection":[{"href":"https:\/\/groupflorence.com\/ro\/wp-json\/wp\/v2\/pages"}],"about":[{"href":"https:\/\/groupflorence.com\/ro\/wp-json\/wp\/v2\/types\/page"}],"author":[{"embeddable":true,"href":"https:\/\/groupflorence.com\/ro\/wp-json\/wp\/v2\/users\/1"}],"replies":[{"embeddable":true,"href":"https:\/\/groupflorence.com\/ro\/wp-json\/wp\/v2\/comments?post=4374"}],"version-history":[{"count":3,"href":"https:\/\/groupflorence.com\/ro\/wp-json\/wp\/v2\/pages\/4374\/revisions"}],"predecessor-version":[{"id":6040,"href":"https:\/\/groupflorence.com\/ro\/wp-json\/wp\/v2\/pages\/4374\/revisions\/6040"}],"up":[{"embeddable":true,"href":"https:\/\/groupflorence.com\/ro\/wp-json\/wp\/v2\/pages\/2331"}],"wp:attachment":[{"href":"https:\/\/groupflorence.com\/ro\/wp-json\/wp\/v2\/media?parent=4374"}],"curies":[{"name":"wp","href":"https:\/\/api.w.org\/{rel}","templated":true}]}}