{"id":4221,"date":"2020-10-15T21:41:38","date_gmt":"2020-10-15T18:41:38","guid":{"rendered":"https:\/\/groupflorence.com\/ro\/?page_id=4221"},"modified":"2020-12-17T02:58:47","modified_gmt":"2020-12-16T23:58:47","slug":"center-of-international-patients","status":"publish","type":"page","link":"https:\/\/groupflorence.com\/ro\/why-choose-us\/center-of-international-patients\/","title":{"rendered":"Centrul de Pacien\u021bi Interna\u021bionali"},"content":{"rendered":"<section id=\"bt_section69eb7f9bb7c74\"  class=\"boldSection gutter\" ><div class=\"port\"><div class=\"boldCell\"><div class=\"boldCellInner\"><div class=\"boldRow  \" ><div class=\"boldRowInner\"><div class=\"rowItem col-md-12 col-ms-12  btTextLeft\"  ><div class=\"rowItemContent\" ><div class=\"btClear btSeparator topSemiSpaced noBorder\" ><hr><\/div><header class=\"header btClear medium  btNormalDash\" ><div class=\"dash\"><h3><span class=\"headline\"><b class=\"animate\">Centrul de Pacien\u021bi Interna\u021bionali (CIP)<\/b><\/span><\/h3><\/div><\/header><div class=\"btClear btSeparator topSmallSpaced noBorder\" ><hr><\/div><div class=\"btText\" ><\/p>\n<p>Turismul medical a devenit cunoscut recent \u00een Turcia, cu o cre\u0219tere anual\u0103 a num\u0103rului de pacien\u021bi str\u0103ini pentru a alege pachete medicale care ofer\u0103 o combina\u021bie de tratament, vacan\u021b\u0103 \u0219i transport. Costurile ridicate de tratament \u0219i listele lungi de a\u0219teptare din unele \u021b\u0103ri str\u0103ine au determinat oamenii s\u0103 caute \u021b\u0103ri \u00een care pot beneficia de tratament de \u00eenalt\u0103 calitate, precum \u0219i de o vizit\u0103 pentru o vacan\u021b\u0103.<\/p>\n<p><strong>Principalele motive pentru selectarea Turciei pentru tratament includ:<\/strong><\/p>\n<ul>\n<li>capacitatea de servicii de \u00eenalt\u0103 calitate;<\/li>\n<li>pre\u021buri relativ sc\u0103zute pentru acela\u0219i serviciu \u00een \u021bara de origine a pacientului;<\/li>\n<li>medici bine recunoscu\u0163i,<\/li>\n<li>tehnologie medical\u0103 de \u00eenalt\u0103 tehnologie;<\/li>\n<li>Reputa\u0163ia Turciei ca destina\u0163ie turistic\u0103.<\/li>\n<\/ul>\n<p>Grupul Florence Nightingale se afl\u0103 \u00een fruntea industriei de s\u0103n\u0103tate din regiune din 1989. Grupul Florence Nightingale a dezvoltat \u201eCentrele de Excelen\u021b\u0103\u201d cu capacit\u0103\u021bi de tratament, chirurgie \u0219i diagnostic expert \u00een cele patru spitale \u0219i dou\u0103 centre medicale ale Grupului, fiecare centru fiind recunoscut \u00een specializarea sa nu numai \u00een Turcia, ci \u0219i \u00een \u00eentreaga regiune.<\/p>\n<p>\u00cen conformitate cu principiul <strong>Centrului pentru Pacien\u021bi Interna\u021bionali (CIP)<\/strong> al Angajat pentru Excelen\u021b\u0103, echipa dedicat\u0103 de GFN serve\u0219te pacien\u021bi din \u00eentreaga lume, inclusiv, dar f\u0103r\u0103 a se limita la <strong>Orientul Mijlociu \u0219i Golful<\/strong> , <strong>Africa de Nord<\/strong> , <strong>Asia Central\u0103 \u0219i Caucazieni<\/strong>, <strong>Balcani \u015fi Europa de Est<\/strong>.<\/p>\n<p><img loading=\"lazy\" decoding=\"async\" class=\"aligncenter size-full wp-image-4315\" src=\"https:\/\/groupflorence.com\/ro\/wp-content\/uploads\/2020\/10\/Uluslararsi_1-2.jpg\" alt=\"\" width=\"1200\" height=\"744\" srcset=\"https:\/\/groupflorence.com\/ro\/wp-content\/uploads\/2020\/10\/Uluslararsi_1-2.jpg 1200w, https:\/\/groupflorence.com\/ro\/wp-content\/uploads\/2020\/10\/Uluslararsi_1-2-320x198.jpg 320w, https:\/\/groupflorence.com\/ro\/wp-content\/uploads\/2020\/10\/Uluslararsi_1-2-768x476.jpg 768w, https:\/\/groupflorence.com\/ro\/wp-content\/uploads\/2020\/10\/Uluslararsi_1-2-540x335.jpg 540w\" sizes=\"auto, (max-width: 1200px) 100vw, 1200px\" \/><\/p>\n<h3 style=\"text-align: center;\"><strong>\u00cen calitate de echip\u0103 CIP, ne str\u0103duim pentru confortul \u0219i bun\u0103starea pacien\u021bilor no\u0219tri!<\/strong><\/h3>\n<p>Pornind de la ancheta ini\u0163ial\u0103, <strong>membrii CIP<\/strong> planific\u0103 \u015fi furnizeaz\u0103 analize medicale ale dosarelor medicale, contacteaz\u0103 pacien\u0163ii \u015fi rudele pentru proceduri ulterioare, aranjeaz\u0103 transferul lor \u00een Turcia \u015fi detalii despre \u015federea <strong>spitalului la Grupul Florence Nightingale<\/strong> Hospital.<\/p>\n<p>Realiz\u00e2nd provoc\u0103rile de a fi sau de a avea un pacient \u00eentr-o \u021bar\u0103 str\u0103in\u0103, traduc\u0103torii multilingvi nativi din <strong>echipa CIP<\/strong> se \u00eent\u00e2lnesc cu pacien\u021bii \u0219i \u00eenso\u021bitorii lor din str\u0103in\u0103tate imediat ce ajung la spitalele noastre \u0219i ofer\u0103 asisten\u021b\u0103 direct\u0103 <strong>24\/7<\/strong> at\u00e2t pentru medicin\u0103, c\u00e2t \u0219i pentru nevoile nemedicale \u00eentr-o manier\u0103 sensibil\u0103 din punct de vedere cultural.<\/p>\n<p>Serviciile medicale \u0219i de concierge sunt personalizate pentru nevoile \u0219i a\u0219tept\u0103rile fiec\u0103rui pacient.<\/p>\n<ul>\n<li>\u00cen cazuri critice sau urgente, <strong>echipa CIP<\/strong> asigur\u0103 imediat, privilegiat medical al doilea aviz \u0219i proceduri de numire, care garanteaz\u0103 o aten\u021bie imediat\u0103, toate \u00eentreb\u0103rile fiind r\u0103spuns <strong>\u00een termen de 24 de ore<\/strong> .<\/li>\n<\/ul>\n<p><strong>Echipa CIP<\/strong> ofer\u0103 servicii profesionale de cea mai \u00eenalt\u0103 calitate, bazate pe principiile principale de ghidare:<\/p>\n<ul>\n<li><strong>Calitate \u0219i succes<\/strong>,<\/li>\n<li><strong>Transparen\u021b\u0103<\/strong><\/li>\n<li><strong>Rezultate rapide,<\/strong><\/li>\n<li><strong>Comoditate<\/strong>,<\/li>\n<li><strong>Servicii cuprinz\u0103toare<\/strong>.<\/li>\n<\/ul>\n<p><iframe loading=\"lazy\" src=\"https:\/\/www.youtube.com\/embed\/1O8nlV1Gm1U\" width=\"560\" height=\"315\" frameborder=\"0\" allowfullscreen=\"allowfullscreen\"><\/iframe><\/p>\n<h3 style=\"text-align: center;\">Suntem aici, chiar l\u00e2ng\u0103 tine pentru totdeauna!<\/h3>\n<p><strong>Centrul pentru Pacien\u021bi Interna\u021bionali<\/strong> v\u0103 asigur\u0103 c\u0103 v\u0103 st\u0103 la dispozi\u021bie 24\/7 cu urm\u0103toarele servicii:<\/p>\n<ul>\n<li>Programarea program\u0103rilor,<\/li>\n<li>Admiterea la spital,<\/li>\n<li>Regimul de c\u0103l\u0103torie \u0219i cazare;<\/li>\n<li>Asistarea la procedurile de viz\u0103,<\/li>\n<li>Asistenta cu asigurari internationale,<\/li>\n<li>Servicii de interpret \u00eentre medici \u0219i pacien\u021bi,<\/li>\n<li>Furnizarea estim\u0103rii costurilor testelor \u0219i tratamentelor;<\/li>\n<li>Urm\u0103rirea raportului medical dup\u0103 desc\u0103rcarea de gestiune \u0219i consult\u0103ri;<\/li>\n<li>Servicii de ambulan\u021b\u0103 aerian\u0103 \u0219i terestr\u0103;<\/li>\n<li>tranzac\u021bii financiare;<\/li>\n<li>Procesul de desc\u0103rcare de gestiune \u0219i \u00eengrijirea ulterioar\u0103.<\/li>\n<\/ul>\n<p><em>Pentru informa\u021bii mai detaliate, v\u0103 rug\u0103m s\u0103 vizita\u021bi <a href=\"https:\/\/groupflorence.com\/ro\/patient-guide\/\" target=\"_blank\" rel=\"noopener noreferrer\">\u201e<span style=\"color: #3366ff;\">Ghidul pacientului<\/span>\u201d<\/a><\/em><\/p>\n<p>\n<\/div><div class=\"btClear btSeparator bottomSpaced noBorder\" ><hr><\/div><\/div><\/div><\/div><\/div><\/div><\/div><\/div><\/section>\n","protected":false},"excerpt":{"rendered":"","protected":false},"author":1,"featured_media":0,"parent":2548,"menu_order":8,"comment_status":"closed","ping_status":"closed","template":"","meta":{"footnotes":""},"class_list":["post-4221","page","type-page","status-publish","hentry"],"_links":{"self":[{"href":"https:\/\/groupflorence.com\/ro\/wp-json\/wp\/v2\/pages\/4221","targetHints":{"allow":["GET"]}}],"collection":[{"href":"https:\/\/groupflorence.com\/ro\/wp-json\/wp\/v2\/pages"}],"about":[{"href":"https:\/\/groupflorence.com\/ro\/wp-json\/wp\/v2\/types\/page"}],"author":[{"embeddable":true,"href":"https:\/\/groupflorence.com\/ro\/wp-json\/wp\/v2\/users\/1"}],"replies":[{"embeddable":true,"href":"https:\/\/groupflorence.com\/ro\/wp-json\/wp\/v2\/comments?post=4221"}],"version-history":[{"count":10,"href":"https:\/\/groupflorence.com\/ro\/wp-json\/wp\/v2\/pages\/4221\/revisions"}],"predecessor-version":[{"id":6179,"href":"https:\/\/groupflorence.com\/ro\/wp-json\/wp\/v2\/pages\/4221\/revisions\/6179"}],"up":[{"embeddable":true,"href":"https:\/\/groupflorence.com\/ro\/wp-json\/wp\/v2\/pages\/2548"}],"wp:attachment":[{"href":"https:\/\/groupflorence.com\/ro\/wp-json\/wp\/v2\/media?parent=4221"}],"curies":[{"name":"wp","href":"https:\/\/api.w.org\/{rel}","templated":true}]}}