{"id":3861,"date":"2020-10-02T01:57:45","date_gmt":"2020-10-01T22:57:45","guid":{"rendered":"https:\/\/groupflorence.com\/ro\/?page_id=3861"},"modified":"2020-12-17T02:24:58","modified_gmt":"2020-12-16T23:24:58","slug":"pet-ct","status":"publish","type":"page","link":"https:\/\/groupflorence.com\/ro\/centers-treatments\/pet-ct\/","title":{"rendered":"PET-CT"},"content":{"rendered":"<section id=\"bt_section69d1ca38e32d9\"  class=\"boldSection gutter\" ><div class=\"port\"><div class=\"boldCell\"><div class=\"boldCellInner\"><div class=\"boldRow  \" ><div class=\"boldRowInner\"><div class=\"rowItem col-md-4 col-ms-12 btTextLeft\"  ><div class=\"rowItemContent\" ><div class=\"btClear btSeparator topSpaced noBorder\" ><hr><\/div><div class=\"btCustomMenu treatment-sidebar\" ><div class=\"menu-pet-ct-container\"><ul id=\"menu-pet-ct\" class=\"menu\"><li id=\"menu-item-3867\" class=\"menu-item menu-item-type-post_type menu-item-object-page menu-item-has-children menu-item-3867\"><a href=\"https:\/\/groupflorence.com\/ro\/centers-treatments\/\">Centre &#038; Departamente<\/a><ul class=\"sub-menu\"><li id=\"menu-item-3868\" class=\"menu-item menu-item-type-post_type menu-item-object-page menu-item-3868\"><a href=\"https:\/\/groupflorence.com\/ro\/centers-treatments\/pet-ct\/\">PET-CT<\/a><\/li><\/ul><\/li>\n<\/ul><\/div><\/div><div class=\"btClear btSeparator topSemiSpaced noBorder\" ><hr><\/div><div class=\"boldRow boldInnerRow  bt_bb_hidden_xs bt_bb_hidden_ms bt_bb_hidden_sm\" ><div class=\"rowItem rowInnerItem col-md-12  btTextCenter btMiddleVertical\"  ><div class=\"rowItemContent\"><div class=\"bpgPhoto btTextCenter\" > \r\n\t\t\t\t\t<a href=\"https:\/\/groupflorence.com\/ro\/patient-guide\/covid-19-precautions\/\" target=\"_blank\" title=\"\"><\/a>\r\n\t\t\t\t\t<div class=\"boldPhotoBox\"><div class=\"bpbItem\"><div class = \"btImage\"><img decoding=\"async\" src=\"https:\/\/groupflorence.com\/ro\/wp-content\/uploads\/2020\/12\/covid-safe-sidebar-320x186.jpg\" alt=\"\" title=\"\" ><\/div><\/div><\/div>\r\n\t\t\t\t\t<div class=\"captionPane\">\r\n\t\t\t\t\t\t<div class=\"captionTable\">\r\n\t\t\t\t\t\t\t<div class=\"captionCell\">\r\n\t\t\t\t\t\t\t\t<div class=\"captionTxt\"><\/div>\r\n\t\t\t\t\t\t\t<\/div>\r\n\t\t\t\t\t\t<\/div>\r\n\t\t\t\t\t<\/div><\/div><div class=\"btClear btSeparator topSmallSpaced bottomSmallSpaced border\" ><hr><\/div><a href=\"https:\/\/groupflorence.com\/ro\/contact-us\/\" class=\"btBtn btBtn btnFilledStyle btnAccentColor btnBig btnNormalWidth btnLeftPosition btnNoIcon\" ><span class=\"btnInnerText\">Ask A Question<\/span><\/a><\/div><\/div><\/div><\/div><\/div><div class=\"rowItem col-md-8 col-ms-12 btTextLeft\"  ><div class=\"rowItemContent\" ><div class=\"btClear btSeparator topSemiSpaced noBorder\" ><hr><\/div><header class=\"header btClear medium btDash bottomDash  btNormalDash\" ><div class=\"dash\"><h3><span class=\"headline\"><b class=\"animate\">PET-CT<\/b><\/span><\/h3><\/div><\/header><div class=\"btClear btSeparator topExtraSmallSpaced noBorder\" ><hr><\/div><div class=\"btText\" ><\/p>\n<p>PET-CT este o metod\u0103 de imagistic\u0103 molecular\u0103 \u00een care modific\u0103rile metabolice cauzate de bolile din organism sunt afi\u0219ate utiliz\u00e2nd compu\u0219i radioactivi (radiofarmaceutice). Diagnosticul precoce al cancerului, bolilor de inim\u0103 \u0219i a unor boli neurologice, identificarea \u0219i planificarea tratamentului adecvat aduc contribu\u021bii semnificative la evaluarea r\u0103spunsului la tratament. Modific\u0103rile func\u021bionale \u0219i structurale ale imagisticii PET-CT pot fi evaluate \u00eempreun\u0103.<\/p>\n<h3>Cum ac\u0163ioneaz\u0103 PET-CT?<\/h3>\n<p>PET-CT este o combina\u021bie de scanare cu emisie de pozitroni (PET) \u0219i scanare tomografie computerizat\u0103, ob\u021binut\u0103 cu un singur echipament la un moment dat. Scanarea PET ofer\u0103 informa\u021bii importante despre activitatea metabolic\u0103 \u0219i fiziologia organismului, \u00een timp ce imaginile CT permit identificarea modific\u0103rilor anatomice \u00een organism. Celulele canceroase au rate metabolice mai mari dec\u00e2t celulele normale, care apar ca zone mai dense \u00een screening-ul PET. Multe boli neurologice \u0219i boli de inim\u0103, \u00een special cancerul, schimb\u0103 procesele biologice ale corpului. PET poate descoperi adesea aceste modific\u0103ri \u00een stadiile incipiente \u00eenainte de apari\u021bia oric\u0103ror pl\u00e2ngeri (simptome).<\/p>\n<p>\u00cenainte de \u00eenceperea screeningului, se injecteaz\u0103 un pacient radiofarmaceutic.<br \/>\nSubstan\u021ba radioactiv\u0103 variaz\u0103 de obicei \u00een func\u021bie de tipul de cancer, dar cele mai frecvent utilizate medicamente radiofarmaceutice \u00een imagistica cancerului sunt fluorul 18-fluorodeoxiscoza (18F-FDG) \u0219i compu\u0219ii peptidici marca\u021bi Galliu-68 (GA-68 DOTA-TATE sau GA-68 PSMA).<br \/>\nScanerele PET detecteaz\u0103 \u0219i \u00eenregistreaz\u0103 semnalele emise de materialul radioactiv. Aceste semnale sunt apoi convertite \u00een imagini reale prin intermediul unui computer. Screening-ul dureaz\u0103 aproximativ 20 de minute pentru majoritatea pacien\u021bilor.<\/p>\n<h3>PET-CT \u00een oncologie<\/h3>\n<p>PET-CT este eficace pentru a determina dac\u0103 tipul de afinitate al cancerului este prezent la compu\u0219ii radioactivi utiliza\u021bi \u00een imagistic\u0103, r\u0103sp\u00e2ndirea acestuia \u00een organism \u0219i \u00een planificarea tratamentului \u0219i evaluarea r\u0103spunsului. Imagistica \u00eentregul corp cu o singur\u0103 imagistic\u0103 este un avantaj important.<\/p>\n<p>Sunt deosebit de eficiente cancerele pulmonare, capului \u0219i g\u00e2tului, cancerul de s\u00e2n, cancerele colorectale, esofag, cancer de stomac, cancer neuroendocrin, limfom, melanom, ginecologic Exist\u0103 cancere, sarcoame, vezic\u0103 urinar\u0103 \u0219i cancer de prostat\u0103. Este, de asemenea, utilizat \u00een multe alte tipuri de cancer \u00een diferite grupuri \u0219i perioade ale bolii. Cea mai important\u0103 contribu\u021bie la tratamentul cancerului este de a ghida alegerea celui mai potrivit tratament pentru pacient \u0219i de a preveni tratamentele inutile.<\/p>\n<p><strong>1.Diagnosticarea precoce<\/strong><\/p>\n<p>PET-CT ofer\u0103 o evaluare a activit\u0103\u021bii metabolice a anumitor \u021besuturi canceroase din corpul uman \u0219i caracterizarea tumorilor ca benigne sau maligne. \u00cen timp ce prevenirea proceselor de biopsie inutile \u00een \u021besuturile definite ca imagistic\u0103 benign\u0103, contribuie la diagnostic prin ghidarea biopsiei \u00een tumori care sunt foarte susceptibile de a fi maligne.<\/p>\n<p><strong>2 Stadionarea cancerului<\/strong><\/p>\n<p>Este extrem de eficient \u00een determinarea r\u0103sp\u00e2ndirii bolii \u00een organism \u00een multe tipuri de cancer. Confirmarea prezen\u021bei sau absen\u021bei bolii metastatice permite, de asemenea, alegerea tratamentului optim pentru pacient.<\/p>\n<p><strong>Detectarea recidivelor<\/strong><\/p>\n<p>\u00cen depistarea precoce a recidivelor la pacien\u021bii care au suferit un tratament de cancer, \u00een special dup\u0103 radioterapie \u0219i tratamente chirurgicale, cel mai mult este o tehnic\u0103 eficient\u0103 de imagistic\u0103. Acesta joac\u0103 un rol important \u00een detectarea recuren\u021bei \u0219i determinarea tratamentului adecvat la pacien\u021bii a c\u0103ror monitorizare a fost detectat\u0103, dar sursa de recuren\u021b\u0103 nu este detectat\u0103 prin tehnici de imagistic\u0103 conven\u021bionale.<\/p>\n<p><strong>4.Planificarea terapiei cu radioterapie<\/strong><\/p>\n<p>Suprafe\u021bele celulelor tumorale vii care vor fi iradiate \u00een radioterapie sau radioterapie pot fi determinate cu cea mai mare precizie prin imagistica PET-CT \u0219i \u00een mod inutil cre\u0219terea eficien\u021bei radia\u021biilor de tratament care pot fi administrate \u021besuturilor s\u0103n\u0103toase este prevenit\u0103, duc\u00e2nd la o sc\u0103dere a efectelor secundare.<\/p>\n<p><strong>5.Evaluarea eficacit\u0103\u021bii tratamentului<\/strong><\/p>\n<p>PET-CT este o metod\u0103 imagistic\u0103 care permite evaluarea eficacit\u0103\u0163ii tratamentului dup\u0103 tratamentul cancerului \u00eenaintea metodelor imagistice, cum ar fi CT sau RMN. Predominan\u021ba sa \u00een acest domeniu se datoreaz\u0103 detect\u0103rii modific\u0103rilor metabolice cauzate de moartea celulelor canceroase \u00eenainte de debutul contrac\u021biei structurale \u00een \u021besutul canceros. Modific\u0103rile legate de tratament \u00een \u0163esutul canceros pot fi diferen\u0163iate prin compararea imaginilor luate \u00eenainte, tratament \u015fi dup\u0103 tratament.<\/p>\n<h3>PET-CT \u00een neurologie<\/h3>\n<p>Capacitatea tehnologiei PET-CT de a identifica modific\u0103rile metabolice joac\u0103 un rol important \u00een localizarea focarelor epileptice \u00een creier, \u00een diagnosticul bolii Alzheimer \u0219i a altor tipuri de demen\u021b\u0103.<\/p>\n<h3>PET-CT \u00een bolile cardiovasculare<\/h3>\n<p>Detectarea zonelor cu flux sanguin redus cauzate de blocarea arterelor coronare, ar\u0103t\u00e2nd at\u00e2t perfuzia, c\u00e2t \u0219i activitatea metabolic\u0103 \u00een \u021besutul miocardic \u0219i deteriorarea mu\u0219chiului inimii pot fi utilizate \u00een determinarea. Aceste informa\u021bii sunt importante pentru pacien\u021bii care au suferit anterior infarct miocardic \u0219i sunt programa\u021bi pentru tratament.<\/p>\n<h3>PET-CT \u00een bolile de s\u00e2n<\/h3>\n<p>Tomografia cu emisie de pozitroni (PET) si Tomografia computerizata (CT) pentru prima data realizata in imagistica detaliata a corpului uman prin utilizarea celor doua sisteme imagistice cele mai superioare in acelasi timp Miracolul de high-tech PET-CT este ceea ce stim ca este folosit ca un drog.<\/p>\n<p>Zaharul este conectat prin radioizotopi, care \u00eentr-o cantitate foarte mic\u0103 semnaleaz\u0103 extern \u0219i este dat venei pacientului.<\/p>\n<p>Zah\u0103rul radioizotop are capacitatea de a intra \u00een celulele canceroase, chiar dac\u0103 s\u00e2nul este foarte mic. Deoarece celulele canceroase folosesc mult zah\u0103r. Acest lucru permite capturarea cancerului atunci c\u00e2nd este mult mai mic \u0219i mai u\u0219or de tratat.<\/p>\n<p>Sarcina CT \u00een acest sistem este de a ar\u0103ta unde, ca o hart\u0103, se afl\u0103 celulele canceroase foarte mici \u00een organism.<br \/>\nPET-CT este cel mai bun dintre ambele metode. Atunci c\u00e2nd dou\u0103 variante de imagistic\u0103 sunt combinate, cele mai bune detalii ale corpului sunt dezv\u0103luite.<\/p>\n<h3>Procesul de numire PET-CT<\/h3>\n<p>Medicamentele radiofarmaceutice utilizate pentru scan\u0103rile PET-CT sunt preg\u0103tite special pentru fiecare pacient \u0219i dispar rapid \u00een timp, deoarece devin substan\u021be de scurt\u0103 durat\u0103. De aceea este important s\u0103 veni\u021bi la scanare la timp.<\/p>\n<p>Evita\u021bi exerci\u021biile fizice epuizante sau activitatea fizic\u0103 cu o zi \u00eenainte de screening.<\/p>\n<p>Be\u021bi cel pu\u021bin 8-10 pahare de ap\u0103, cu excep\u021bia cazului \u00een care exist\u0103 o restric\u021bie de lichid de c\u0103tre medicul dumneavoastr\u0103.<\/p>\n<p>Dac\u0103 utiliza\u021bi insulin\u0103 \u0219i medicamente antidiabetice orale din cauza diabetului zaharat, informa\u021bi medicul dumneavoastr\u0103 atunci c\u00e2nd face\u021bi numirea.<\/p>\n<p>Trebuie s\u0103 v\u0103 fie foame timp de cel pu\u021bin 6 ore \u00eenainte de a filma 18F-FDG PET-CT. Este bine s\u0103 be\u021bi ap\u0103 \u00een acest timp. Timpul de \u00eenfometare va fi ajustat \u00een func\u021bie de timpul de programare.<\/p>\n<p>C\u00e2nd veni\u021bi pentru vizualizare, expunerea la frig v\u0103 poate afecta calitatea imaginii.<\/p>\n<p>PET-CT nu se aplic\u0103 la femeile gravide. Dac\u0103 al\u0103pta\u0163i, sunte\u0163i gravid\u0103 sau crede\u0163i c\u0103 a\u0163i putea fi gravid\u0103, v\u0103 rug\u0103m s\u0103 suna\u0163i la departamentul PET-BT \u00eenainte de programare. Aminti\u021bi-v\u0103 s\u0103 aduce\u021bi \u00eenapoi rapoarte \u0219i CD-uri ale imaginilor f\u0103cute anterior (CT, RMN, PET-CT) \u0219i rezultatele patologiei atunci c\u00e2nd ajunge\u021bi la \u00eent\u00e2lnire.<\/p>\n<h3>Procesul de imagistic\u0103 PET-CT<\/h3>\n<p>Asistenta medical\u0103 nuclear\u0103 v\u0103 va duce \u00een camera de injec\u0163ie \u015fi v\u0103 va cere s\u0103 citi\u0163i \u015fi s\u0103 semna\u0163i formularul de consim\u0163\u0103m\u00e2nt luminat ca s\u0103 pute\u0163i intra \u00een filmare. Vi se va cere apoi s\u0103 r\u0103spunde\u021bi la c\u00e2teva \u00eentreb\u0103ri pentru a afla istoricul medical.<br \/>\nNivelul zah\u0103rului din s\u00e2nge este m\u0103surat \u00eenainte de injectarea substan\u0163ei radioactive.<\/p>\n<p>Este necesar ca nivelul glucozei din s\u00e2nge s\u0103 fie \u00eentre 70mg\/dl \u0219i 200mg\/dl. Dac\u0103 nivelul zah\u0103rului din s\u00e2nge este \u00een afara nivelelor recomandate sau dac\u0103 nu a\u0163i urmat instruc\u0163iuni speciale \u00eenainte de test (regim alimentar special, medicamente, timp de repaus alimentar etc.), este posibil ca numirea dumneavoastr\u0103 s\u0103 fie reprogramat\u0103.<\/p>\n<p>Dup\u0103 injectare, este necesar s\u0103 a\u0219tepta\u021bi aproximativ 60 de minute \u00een camera de odihn\u0103 alocat\u0103 pentru dvs., astfel \u00eenc\u00e2t substan\u021ba radioactiv\u0103 s\u0103 fie dispersat\u0103 \u00een corpul dumneavoastr\u0103.<\/p>\n<h3>PET-CT post-imagistic\u0103<\/h3>\n<p>Produsele radiofarmaceutice utilizate \u00een PET-CT sunt de scurt\u0103 durat\u0103. Prin urmare, nu prezint\u0103 un risc serios pentru siguran\u021ba radia\u021biilor pentru familia dvs. \u0219i pentru cei din jurul dvs. Dar evita\u021bi contactul inutil pe termen lung cu copiii mici \u0219i femeile \u00eens\u0103rcinate, \u00een special cu cei care sunt expu\u0219i riscului de expunere la radia\u021bii timp de aproximativ 12 ore.<\/p>\n<p>Deoarece substan\u021ba radioactiv\u0103 este excretat\u0103 prin tractul urinar, sp\u0103la\u021bi toaleta de mai multe ori dup\u0103 utilizarea toaletei \u00een ziua imagistic\u0103 \u0219i sp\u0103la\u021bi-v\u0103 bine m\u00e2inile.<\/p>\n<p>Dup\u0103 vizionare, be\u021bi multe lichide \u0219i urina\u021bi des. Aceast\u0103 aplica\u021bie v\u0103 ajut\u0103 s\u0103 elimina\u021bi radioactivitatea r\u0103mas\u0103 \u00een corpul dumneavoastr\u0103 din corpul dumneavoastr\u0103.<\/p>\n<p>\n<\/div><div class=\"btClear btSeparator bottomSmallSpaced noBorder\" ><hr><\/div><div class=\"btText\" >\n<div class=\"wpcf7 no-js\" id=\"wpcf7-f2891-o1\" lang=\"tr-TR\" dir=\"ltr\" data-wpcf7-id=\"2891\">\n<div class=\"screen-reader-response\"><p role=\"status\" aria-live=\"polite\" aria-atomic=\"true\"><\/p> <ul><\/ul><\/div>\n<form action=\"\/ro\/wp-json\/wp\/v2\/pages\/3861#wpcf7-f2891-o1\" method=\"post\" class=\"wpcf7-form init wpcf7-acceptance-as-validation\" aria-label=\"\u0130leti\u015fim Formu\" novalidate=\"novalidate\" data-status=\"init\">\n<fieldset class=\"hidden-fields-container\"><input type=\"hidden\" name=\"_wpcf7\" value=\"2891\" \/><input type=\"hidden\" name=\"_wpcf7_version\" value=\"6.1.5\" \/><input type=\"hidden\" name=\"_wpcf7_locale\" value=\"tr_TR\" \/><input type=\"hidden\" name=\"_wpcf7_unit_tag\" value=\"wpcf7-f2891-o1\" \/><input type=\"hidden\" name=\"_wpcf7_container_post\" value=\"0\" \/><input type=\"hidden\" name=\"_wpcf7_posted_data_hash\" value=\"\" \/>\n<\/fieldset>\n<p style=\"margin-bottom:30px !important;\">\u00cen timp ce completa\u021bi formularul de contact de mai jos, pute\u021bi, de asemenea, s\u0103 ne trimite\u021bi fi\u0219ierele medicale ale pacientului\/dumneavoastr\u0103 prin <strong>transfer<\/strong>. A doua opinie medical\u0103 v\u0103 va fi prezentat\u0103 \u00een termen de 48 de ore.\n<\/p>\n<div class=\"boldRow boldInnerRow  \">\n\t<div class=\"rowItem rowInnerItem col-md-6  btTextLeft\">\n\t\t<div class=\"rowItemContent\">\n\t\t\t<p><label><span class=\"bt_bb_required\">Numele t\u0103u<\/span><br \/>\n<span class=\"wpcf7-form-control-wrap\" data-name=\"your-name\"><input size=\"40\" maxlength=\"400\" class=\"wpcf7-form-control wpcf7-text wpcf7-validates-as-required\" aria-required=\"true\" aria-invalid=\"false\" value=\"\" type=\"text\" name=\"your-name\" \/><\/span> <\/label>\n\t\t\t<\/p>\n\t\t\t<p><label><span class=\"bt_bb_required\">E-mailul dvs.<\/span><br \/>\n<span class=\"wpcf7-form-control-wrap\" data-name=\"your-email\"><input size=\"40\" maxlength=\"400\" class=\"wpcf7-form-control wpcf7-email wpcf7-validates-as-required wpcf7-text wpcf7-validates-as-email\" aria-required=\"true\" aria-invalid=\"false\" value=\"\" type=\"email\" name=\"your-email\" \/><\/span> <\/label>\n\t\t\t<\/p>\n\t\t\t<p><label><span class=\"bt_bb_required\">Telefonul dvs.<\/span><br \/>\n<span class=\"wpcf7-form-control-wrap\" data-name=\"your-phone\"><input size=\"40\" class=\"wpcf7-form-control wpcf7-phonetext wpcf7-text wpcf7-validates-as-phonetext\" id=\"int_phone\" aria-invalid=\"false\" value=\"\" type=\"text\" name=\"your-phone\" \/><input type=\"hidden\" name=\"your-phone-country-code\" class=\"wpcf7-phonetext-country-code\" \/><\/span> <\/label>\n\t\t\t<\/p>\n\t\t\t<p><label><span class=\"bt_bb_required\">Mesajul dvs.<\/span><br \/>\n<span class=\"wpcf7-form-control-wrap\" data-name=\"your-message\"><textarea cols=\"40\" rows=\"10\" maxlength=\"2000\" class=\"wpcf7-form-control wpcf7-textarea wpcf7-validates-as-required\" aria-required=\"true\" aria-invalid=\"false\" name=\"your-message\"><\/textarea><\/span> <\/label>\n\t\t\t<\/p>\n\t\t\t<p><label><span class=\"bt_bb_required\" style=\"margin-top:25px !important;\"><span class=\"wpcf7-form-control-wrap\" data-name=\"accept-this-1\"><span class=\"wpcf7-form-control wpcf7-acceptance\"><span class=\"wpcf7-list-item\"><label><input type=\"checkbox\" name=\"accept-this-1\" value=\"1\" aria-invalid=\"false\" \/><span class=\"wpcf7-list-item-label\">Sunt de acord cu <a target=\"_blank\" href=\"https:\/\/groupflorence.com\/ro\/terms-of-use\/\">Termenii \u0219i Serviciile<\/a>.<\/span><\/label><\/span><\/span><\/span><\/span><\/label>\n\t\t\t<\/p>\n\t\t\t<p><input class=\"wpcf7-form-control wpcf7-submit has-spinner contact_button_int\" type=\"submit\" value=\"TRIMITE MESAJ\" \/>\n\t\t\t<\/p>\n\t\t<\/div>\n\t<\/div>\n\t<div class=\"rowItem rowInnerItem col-md-6  btTextLeft\">\n\t\t<div class=\"rowItemContent\">\n\t\t\t<p align=\"center\" style=\"margin-top:30px;\"><br \/>\n<a href=\"http:\/\/florencenightingale.wetransfer.com\/\" target=\"_blank\" title=\"Click Here To Transfer Your Documents via WeTransfer\"><img decoding=\"async\"  align=\"center\" style=\"max-width:250px !important;\" class=\"lazy loaded\" src=\"https:\/\/groupflorence.com\/ro\/wp-content\/uploads\/2020\/08\/89130-wetransfer-default-logo-rgb-original-1365619064-e1599162229581.png\" data-src=\"https:\/\/groupflorence.com\/ro\/wp-content\/uploads\/2020\/08\/89130-wetransfer-default-logo-rgb-original-1365619064-e1599162229581.png\" alt=\"Click Here To Transfer Your Documents via WeTransfer\" title=\"Click Here To Transfer Your Documents via WeTransfer\" data-was-processed=\"true\" \/><\/a>\n\t\t\t<\/p>\n\t\t\t<h3 align=\"center\"><a href=\"http:\/\/florencenightingale.wetransfer.com\/\" target=\"_blank\" title=\"Click Here To Transfer Your Documents via WeTransfer\">Trimite prin WeTransfer<\/a>\n\t\t\t<\/h3>\n\t\t\t<p align=\"center\">Pute\u021bi trimite documentele dvs. medicale supradimensionate (\u00eenregistr\u0103ri RMN, rezultate de laborator, imagini etc.) folosind contul nostru WeTransfer. Este u\u0219or, rapid \u0219i sigur.\n\t\t\t<\/p>\n\t\t<\/div>\n\t\t<center>\n\t\t\t<p><a href=\"http:\/\/florencenightingale.wetransfer.com\/\" class=\"btBtn btBtn btnFilledStyle btnAccentColor btnSmall btnNormalWidth btnRightPosition btnNoIcon\" target=\"_blank\"><span class=\"btnInnerText\">Trimite acum<\/span><\/a>\n\t\t\t<\/p>\n\t\t<\/center>\n\t<\/div>\n<\/div><div class=\"wpcf7-response-output\" aria-hidden=\"true\"><\/div>\n<\/form>\n<\/div>\n<\/div><div class=\"btClear btSeparator topSpaced noBorder\" ><hr><\/div><\/div><\/div><\/div><\/div><\/div><\/div><\/div><\/section>\n","protected":false},"excerpt":{"rendered":"","protected":false},"author":1,"featured_media":0,"parent":2306,"menu_order":0,"comment_status":"closed","ping_status":"closed","template":"","meta":{"footnotes":""},"class_list":["post-3861","page","type-page","status-publish","hentry"],"_links":{"self":[{"href":"https:\/\/groupflorence.com\/ro\/wp-json\/wp\/v2\/pages\/3861","targetHints":{"allow":["GET"]}}],"collection":[{"href":"https:\/\/groupflorence.com\/ro\/wp-json\/wp\/v2\/pages"}],"about":[{"href":"https:\/\/groupflorence.com\/ro\/wp-json\/wp\/v2\/types\/page"}],"author":[{"embeddable":true,"href":"https:\/\/groupflorence.com\/ro\/wp-json\/wp\/v2\/users\/1"}],"replies":[{"embeddable":true,"href":"https:\/\/groupflorence.com\/ro\/wp-json\/wp\/v2\/comments?post=3861"}],"version-history":[{"count":3,"href":"https:\/\/groupflorence.com\/ro\/wp-json\/wp\/v2\/pages\/3861\/revisions"}],"predecessor-version":[{"id":6159,"href":"https:\/\/groupflorence.com\/ro\/wp-json\/wp\/v2\/pages\/3861\/revisions\/6159"}],"up":[{"embeddable":true,"href":"https:\/\/groupflorence.com\/ro\/wp-json\/wp\/v2\/pages\/2306"}],"wp:attachment":[{"href":"https:\/\/groupflorence.com\/ro\/wp-json\/wp\/v2\/media?parent=3861"}],"curies":[{"name":"wp","href":"https:\/\/api.w.org\/{rel}","templated":true}]}}