{"id":3764,"date":"2020-10-01T23:28:57","date_gmt":"2020-10-01T20:28:57","guid":{"rendered":"https:\/\/groupflorence.com\/ro\/?page_id=3764"},"modified":"2020-12-17T01:21:57","modified_gmt":"2020-12-16T22:21:57","slug":"what-is-the-role-of-pet-mri-in-oncology","status":"publish","type":"page","link":"https:\/\/groupflorence.com\/ro\/centers-treatments\/pet-mri\/what-is-the-role-of-pet-mri-in-oncology\/","title":{"rendered":"Care este Rolul PET \u2014 RMN \u00een Oncologie?"},"content":{"rendered":"<section id=\"bt_section69ec0bd7199ac\"  class=\"boldSection gutter\" ><div class=\"port\"><div class=\"boldCell\"><div class=\"boldCellInner\"><div class=\"boldRow  \" ><div class=\"boldRowInner\"><div class=\"rowItem col-md-4 col-ms-12 btTextLeft\"  ><div class=\"rowItemContent\" ><div class=\"btClear btSeparator topSpaced noBorder\" ><hr><\/div><div class=\"btCustomMenu treatment-sidebar\" ><div class=\"menu-pet-mri-container\"><ul id=\"menu-pet-mri\" class=\"menu\"><li id=\"menu-item-3769\" class=\"menu-item menu-item-type-post_type menu-item-object-page menu-item-has-children menu-item-3769\"><a href=\"https:\/\/groupflorence.com\/ro\/centers-treatments\/\">Centre &#038; Departamente<\/a><ul class=\"sub-menu\"><li id=\"menu-item-3770\" class=\"menu-item menu-item-type-post_type menu-item-object-page menu-item-has-children menu-item-3770\"><a href=\"https:\/\/groupflorence.com\/ro\/centers-treatments\/pet-mri\/\">PET \u2013 MRI<\/a><ul class=\"sub-menu\"><li id=\"menu-item-3771\" class=\"menu-item menu-item-type-post_type menu-item-object-page menu-item-3771\"><a href=\"https:\/\/groupflorence.com\/ro\/centers-treatments\/pet-mri\/what-is-the-role-of-pet-mri-in-oncology\/\">Care este Rolul PET \u2014 RMN \u00een Oncologie?<\/a><\/li><li id=\"menu-item-3774\" class=\"menu-item menu-item-type-post_type menu-item-object-page menu-item-3774\"><a href=\"https:\/\/groupflorence.com\/ro\/centers-treatments\/pet-mri\/what-is-the-role-of-pet-mri-in-cardiology\/\">Care este Rolul PET \u2014 RMN \u00een Cardiologie?<\/a><\/li><li id=\"menu-item-3779\" class=\"menu-item menu-item-type-post_type menu-item-object-page menu-item-3779\"><a href=\"https:\/\/groupflorence.com\/ro\/centers-treatments\/pet-mri\/what-is-the-role-of-pet-mri-in-neurology\/\">Care este Rolul PET-RMN \u00een Neurologie?<\/a><\/li><\/ul><\/li><\/ul><\/li>\n<\/ul><\/div><\/div><div class=\"btClear btSeparator topSemiSpaced noBorder\" ><hr><\/div><div class=\"boldRow boldInnerRow  bt_bb_hidden_xs bt_bb_hidden_ms bt_bb_hidden_sm\" ><div class=\"rowItem rowInnerItem col-md-12  btTextCenter btMiddleVertical\"  ><div class=\"rowItemContent\"><div class=\"bpgPhoto btTextCenter\" > \r\n\t\t\t\t\t<a href=\"https:\/\/groupflorence.com\/ro\/patient-guide\/covid-19-precautions\/\" target=\"_blank\" title=\"\"><\/a>\r\n\t\t\t\t\t<div class=\"boldPhotoBox\"><div class=\"bpbItem\"><div class = \"btImage\"><img decoding=\"async\" src=\"https:\/\/groupflorence.com\/ro\/wp-content\/uploads\/2020\/12\/covid-safe-sidebar-320x186.jpg\" alt=\"\" title=\"\" ><\/div><\/div><\/div>\r\n\t\t\t\t\t<div class=\"captionPane\">\r\n\t\t\t\t\t\t<div class=\"captionTable\">\r\n\t\t\t\t\t\t\t<div class=\"captionCell\">\r\n\t\t\t\t\t\t\t\t<div class=\"captionTxt\"><\/div>\r\n\t\t\t\t\t\t\t<\/div>\r\n\t\t\t\t\t\t<\/div>\r\n\t\t\t\t\t<\/div><\/div><div class=\"btClear btSeparator topSmallSpaced bottomSmallSpaced border\" ><hr><\/div><a href=\"https:\/\/groupflorence.com\/ro\/contact-us\/\" class=\"btBtn btBtn btnFilledStyle btnAccentColor btnBig btnNormalWidth btnLeftPosition btnNoIcon\" ><span class=\"btnInnerText\">Ask A Question<\/span><\/a><\/div><\/div><\/div><\/div><\/div><div class=\"rowItem col-md-8 col-ms-12 btTextLeft\"  ><div class=\"rowItemContent\" ><div class=\"btClear btSeparator topSemiSpaced noBorder\" ><hr><\/div><header class=\"header btClear medium btDash bottomDash  btNormalDash\" ><div class=\"dash\"><h3><span class=\"headline\"><b class=\"animate\">Care este Rolul PET \u2014 RMN \u00een Oncologie?<\/b><\/span><\/h3><\/div><\/header><div class=\"btClear btSeparator topSemiSpaced noBorder\" ><hr><\/div><header class=\"header btClear medium btDash bottomDash  btAccentDash\" ><div class=\"dash\"><h3><span class=\"headline\">Ce este PET \u2014 RMN?<\/span><\/h3><\/div><\/header><div class=\"btClear btSeparator topExtraSmallSpaced noBorder\" ><hr><\/div><div class=\"btText\" ><\/p>\n<h4>Beneficiile PET \u2014 RMN \u00een stadializarea oncologic\u0103<\/h4>\n<p>Dup\u0103 ce o tumoare este diagnosticat\u0103, pentru a planifica tratamentul precis \u0219i pentru a prezice supravie\u021buirea, trebuie efectuat\u0103 o a\u0219teptare local\u0103 \u0219i a \u00eentregului corp.<\/p>\n<p>RMN este cea mai superioar\u0103 metod\u0103 de imagistic\u0103 \u00een stadializarea local\u0103 (T). Deoarece rezolu\u021bia este crescut\u0103 cu examinarea 3-Tesla, se efectueaz\u0103 \u00een detaliu stadializarea local\u0103 a cancerului rectal, a tumorilor ginecologice, a tumorilor capului \u0219i g\u00e2tului \u0219i a neoplasmelor hepatobiliare.<\/p>\n<p>Chiar dac\u0103 ganglionii limfatici (N) pot fi evalua\u021bi \u00een ceea ce prive\u0219te dimensiunea cu RMN, examinarea PET este necesar\u0103 pentru a detecta care ganglioni limfatici con\u021bin depozite tumorale. Ganglionii limfatici care con\u021bin celule tumorale, \u00een ciuda dimensiunii lor normale, sunt, de asemenea, detecta\u021bi cu Pacientul este supus unei scan\u0103ri PET pentru detectarea metastazelor \u00eendep\u0103rtate (M).<\/p>\n<p>Deoarece absorb\u021bia FDG poate fi limitat\u0103 \u00een localiz\u0103ri cum ar fi sistemul nervos central, ficatul, m\u0103duva osoas\u0103 \u0219i \u00een tipuri de tumori, cum ar fi neoplasmele mucinoase \u0219i RCC \u00een PET, pacientul trebuie, de asemenea, scanat pentru patologii cerebrale, abdominale superioare \u0219i spinale \u00een RMN.<\/p>\n<p>Pentru o stadializare precis\u0103 a TNM, pacientul trebuie s\u0103 fie supus scan\u0103rii RMN \u015fi PET de mai multe ori. Acesta este un proces sup\u0103r\u0103tor \u0219i costisitor.<\/p>\n<p>Cu PET-RMN, stadializarea local\u0103 este efectuat\u0103 foarte precis; Ganglionii limfatici \u0219i metastazele \u00eendep\u0103rtate sunt afi\u0219ate simultan \u00een ansamblu, complet\u00e2ndu-se reciproc \u00een regiunile \u00een care ambele examin\u0103ri sunt puternice \u0219i nu este necesar\u0103 o examinare suplimentar\u0103.<\/p>\n<p><strong>Cu evaluarea rapid\u0103 a r\u0103spunsului la tratament;<\/strong><\/p>\n<ul>\n<li>\u00cen cazurile care nu r\u0103spund la tratament, schimbarea terapiei aduce o contribu\u021bie pozitiv\u0103 la evolu\u021bia bolii.<\/li>\n<li>Cu dovezile anterioare ale r\u0103spunsului terapeutic sau ale e\u0219ecului, tratamentul devine mai rentabil<\/li>\n<li>R\u0103spunsul la tratament nu poate fi evaluat dec\u00e2t \u00een ceea ce prive\u0219te modificarea observat\u0103 doar \u00een dimensiunea tumorii.<\/li>\n<\/ul>\n<p>In studiul RMN func\u021bional, perfuzia tumoral\u0103 (r\u0103spunsul tratamentului antiangiogenic), densitatea \u0219i metabolismul celulelor tumorale (RMN difuzie, MR Spectroscopie) \u0219i PET scanarea r\u0103spunsului metabolic al tumorii \u0219i viabilitatea celulelor tumorale sunt evaluate \u00een cel mai scurt interval de timp.<\/p>\n<p>PET &#8211; RMN asigur\u0103 cea mai timpurie \u0219i mai precis\u0103 evaluare a r\u0103spunsului la tratament prin afi\u0219area simultan\u0103 a modific\u0103rilor RMN func\u021bionale \u0219i a absorb\u021biei de marcatori PET. Acest lucru permite o focalizare precis\u0103 \u0219i rapid\u0103 pe planul de tratament al pacien\u021bilor.<\/p>\n<p>Combina\u0163ia PET \u2014 RMN joac\u0103 un rol important \u00een imagistica pacien\u0163ilor pediatrici \u015fi adolescen\u0163ilor care pot fi vindeca\u021bi. Doza eficace \u00eentr- o scanare PET \u2014 RMN este de numai 20% din cea a scan\u0103rii PET \u2014 CT echivalente.<\/p>\n<h4><strong>Tumorile cerebrale<\/strong><\/h4>\n<ul>\n<li>Duce la o mai bun\u0103 detectare a leziunilor cerebrale care pot fi subestimate sau ratate pe un PET\/CT.<\/li>\n<li>\u00cembun\u0103t\u0103\u021be\u0219te precizia diagnosticului \u0219i modific\u0103 cursul interven\u021biei chirurgicale \u0219i planific\u0103rii terapiei.<\/li>\n<li>Corecteaz\u0103 mi\u0219carea capului, ceea ce duce la o cre\u0219tere semnificativ\u0103 a rezolu\u021biei temporale.<\/li>\n<li>Diferen\u021biaz\u0103 \u00eentre zonele de necroz\u0103 \u0219i \u021besutul viabil dup\u0103 interven\u021bie chirurgical\u0103 \u0219i radioterapie.<\/li>\n<\/ul>\n<h4><strong>Cancerul de s\u00e2n<\/strong><\/h4>\n<p>Cre\u0219te specificitatea \u0219i scade negativ fals mai mult dec\u00e2t o scanare PET RMN sau FDG.<\/p>\n<p>\u00cembun\u0103t\u0103\u021be\u0219te evaluarea leziunilor hepatice mici, a ganglionilor limfatici \u0219i a metastazelor osoase datorit\u0103 contrastului ridicat al \u021besuturilor moi al RMN.<br \/>\nAsist\u0103 \u00een selectarea leziunilor la biopsie la femeile care prezint\u0103 leziuni multiple de cre\u0219tere pe o scanare MR.<\/p>\n<h4><strong>Cancerul de col<\/strong><\/h4>\n<ul>\n<li>Cre\u0219te \u00eencrederea diagnosticului prin furnizarea at\u00e2t a comportamentului biologic, c\u00e2t \u0219i a extinderii locale a tumorii \u00eentr-un singur test.<\/li>\n<li>Reduce erorile \u00een diagnosticarea \u0219i evaluarea r\u0103spunsului la tratament care pot fi cauzate de obstruc\u021bia vezicii urinare \u0219i a intestinului.<\/li>\n<\/ul>\n<h4><strong>Cancer colorectal<\/strong><\/h4>\n<ul>\n<li>Cre\u0219te detectarea recuren\u021bei tumorii \u0219i\/sau a metastazelor \u00eendep\u0103rtate recent dezvoltate.<\/li>\n<li>Distinge \u00eentre \u021besutul cicatricial \u0219i recuren\u021ba dup\u0103 tratament sau interven\u021bie chirurgical\u0103.<\/li>\n<\/ul>\n<h4><strong>Cancerul esofagian<\/strong><\/h4>\n<ul>\n<li>\u00cembun\u0103t\u0103\u021be\u0219te diagnosticul, \u0219i toate aspectele de evaluare ulterioar\u0103 folosind secven\u021be RMN care sunt capabile s\u0103 defineasc\u0103 straturile peretelui esofagian.<\/li>\n<li>Cre\u0219te evaluarea invaziei traheobron\u0219ice, aortice \u0219i pericardice.<\/li>\n<\/ul>\n<h4><strong>Cap &amp; G\u00e2t Cancer<\/strong><\/h4>\n<ul>\n<li>Combin\u0103 contrastul excelent al \u021besuturilor moi al RMN \u0219i evaluarea metabolic\u0103 a prezen\u021bei tumorii ganglionilor limfatici a PET pentru a \u00eembun\u0103t\u0103\u021bi diagnosticul \u0219i tratamentul cancerului de cap \u0219i g\u00e2t.<\/li>\n<li>Elimin\u0103 artefactele din implanturile dentare care pot ascunde tumorile din sau din jurul gurii.<\/li>\n<li>Cre\u0219te precizia localiz\u0103rii anatomice a maselor anormale.<\/li>\n<\/ul>\n<h4><strong>Afec\u0163iuni hepatice<\/strong><\/h4>\n<ul>\n<li>Deoarece ficatul este unul dintre cele mai comune zone pentru metastaze de diferite tipuri de cancer, inclusiv pl\u0103m\u00e2n, s\u00e2n \u0219i colorectal, RMN\/PET este un instrument mai bun pentru a pune \u00een scen\u0103 din cauza acestuia.<\/li>\n<li>\u00cembun\u0103t\u0103\u021be\u0219te detectarea leziunilor hepatice mici, care pot fi adesea prea mici pentru a fi caracterizate pe un PET\/CT.<\/li>\n<li>Cre\u0219te \u00eencrederea diagnostic\u0103 \u00een caracterizarea leziunilor hepatice.<\/li>\n<li>Diferen\u021biaz\u0103 \u00eentre \u021besutul hepatic normal \u0219i sarcina tumoral\u0103.<\/li>\n<\/ul>\n<h4><strong>Cancerul pulmonar<\/strong><\/h4>\n<ul>\n<li>\u00cembun\u0103t\u0103\u021be\u0219te diagnosticul, \u0219i toate aspectele de evaluare ulterioar\u0103 folosind secven\u021be RMN care sunt capabile s\u0103 defineasc\u0103 straturile peretelui esofagian.<\/li>\n<li>Cre\u0219te evaluarea invaziei traheobron\u0219ice, aortice \u0219i pericardice.<\/li>\n<\/ul>\n<h4><strong>Limfom<\/strong><\/h4>\n<p>RMN\/PET joac\u0103 un rol important \u00een toate aspectele evalu\u0103rii limfomului, deoarece:<\/p>\n<ul>\n<li>Reduce expunerea la radia\u0163ii pe o durat\u0103 de via\u0163\u0103 prin eliminarea radia\u0163iilor CT din scan\u0103rile PET\/CT repetitive.<\/li>\n<li>Cre\u0219te precizia detect\u0103rii prin ad\u0103ugarea de imagistic\u0103 ponderat\u0103 prin difuzie \u00een RMN.<\/li>\n<li>\u00cembun\u0103t\u0103\u021be\u0219te detectarea limfomului avid de grad sc\u0103zut sau mai pu\u021bin FDG.<\/li>\n<\/ul>\n<h4><strong>Melanom<\/strong><\/h4>\n<p>Studiile au demonstrat c\u0103 combina\u021bia dintre RMN \u0219i imaginile PET ponderate prin difuzie reprezint\u0103 un instrument puternic pentru a realiza stadializarea \u00eentregului corp \u0219i influen\u021ba abord\u0103rile terapeutice la pacien\u021bii cu melanom.<\/p>\n<h4><strong>Mielom<\/strong><\/h4>\n<p>Sensibilitatea crescut\u0103 a RMN \u0219i PET combinate poate ajuta la detectarea leziunilor infiltrative ale m\u0103duvei osoase.<\/p>\n<h4><strong>Tumorile neuroendocrine<\/strong><\/h4>\n<p>RMN\/PET cu FDG, precum \u0219i cu GA68-dotaoc are capacitatea de a pune \u00een scen\u0103 \u0219i de a monitoriza terapia la pacien\u021bii cu tumori neuroendocrine.<\/p>\n<h4><strong>Cancer ovarian<\/strong><\/h4>\n<p>Studiile demonstreaz\u0103 rezisten\u021ba combinat\u0103 a RMN \u0219i PET \u00een toate aspectele evalu\u0103rii oncologice ginecologice. \u00cen plus, RMN\/PET \u00eembun\u0103t\u0103\u021be\u0219te detectarea bolii \u00een pelvis.<\/p>\n<h4><strong>Cancerul pancreatic<\/strong><\/h4>\n<p>Studiile arat\u0103 c\u0103 RMN\/PET este superior PET\/CT \u00een caracterizarea tumorilor pancreatice deoarece:<\/p>\n<ul>\n<li>Por\u021biunea CT a PET\/CT poate avea o vizualizare limitat\u0103 a tumorilor pancreatice.<\/li>\n<li>Imaginile ponderate T1 din RMN sunt superioare CT.<\/li>\n<\/ul>\n<h4><strong>cancer de prostat\u0103<\/strong><\/h4>\n<p>Cre\u0219te certitudinea localiz\u0103rii datorit\u0103 capacit\u0103\u021bii sale de a distinge \u00eentre absorb\u021bia intestinului, vezicii urinare \u0219i ureter.<\/p>\n<ul>\n<li>\u00cembun\u0103t\u0103\u021be\u0219te evaluarea structurilor mici din pelvis folosind RMN de \u00eenalt\u0103 rezolu\u021bie.<\/li>\n<li>\u00cembun\u0103t\u0103\u021be\u0219te sensibilitatea \u00een detectarea metastazelor osoase; PET \u0219i RMN combinate au o sensibilitate mai mare \u00een acest cadru dec\u00e2t CT \u0219i Nuclear Medicine Bone scaneaz\u0103.<\/li>\n<\/ul>\n<h4><strong>Cancerul renal<\/strong><\/h4>\n<p>Leziunile primare \u0219i secundare ale rinichilor pot fi dificil de identificat pe PET\/CT, deoarece absorb\u021bia FDG poate fi interpretat\u0103 gre\u0219it ca activitate urinar\u0103. Cu toate acestea, atunci c\u00e2nd PET este fuzionat cu RMN, afec\u0163iunile maligne renale pot fi detectate mai bine.<\/p>\n<h4><strong>Sarcom<\/strong><\/h4>\n<p>RMN func\u021bional (urografie) poate ajuta \u00een continuare la \u00een\u021belegerea bloc\u0103rii uretrei care poate fi cauzat\u0103 de metastaze \u00eendep\u0103rtate.<\/p>\n<p>La pacien\u0163ii cu at\u00e2t \u0163esuturi moi, c\u00e2t \u015fi sarcoame osoase, RMN\/PET:<\/p>\n<ul>\n<li>M\u0103re\u015fte precizia diagnosticului pentru stadializarea T.<\/li>\n<li>\u00cembun\u0103t\u0103\u021be\u0219te evaluarea modific\u0103rii volumului tumorii dup\u0103 terapie.<\/li>\n<li>Corecteaz\u0103 mi\u0219carea capului, ceea ce duce la o cre\u0219tere semnificativ\u0103 a rezolu\u021biei temporale.<\/li>\n<li>Diferen\u021biaz\u0103 \u00eentre zonele de necroz\u0103 \u0219i \u021besutul viabil dup\u0103 interven\u021bie chirurgical\u0103 \u0219i radioterapie.<\/li>\n<li>Imagistica simultan\u0103 a RMN \u0219i PET are o calitate mai bun\u0103 a imaginii de cartografiere \u0219i fuziune dec\u00e2t PET \u0219i RMN separat<\/li>\n<\/ul>\n<h4><strong><br \/>\nCentrul testicular<\/strong><\/h4>\n<p>RMN\/PET ofer\u0103 beneficiile imagisticii PET \u0219i RMN, ambele cunoscute ca fiind instrumente puternice de diagnosticare \u00een cancerul testicular, f\u0103r\u0103 doza de radia\u021bie de CT de la PET\/CT.<\/p>\n<h4><strong>Cancerul tiroidian<\/strong><\/h4>\n<p>RMN\/PET combin\u0103 date structurale \u0219i func\u021bionale importante utile \u00een stadializarea, planificarea chirurgical\u0103, planificarea tratamentului cu iod radioactiv \u0219i urm\u0103rirea \u00een diferite tipuri de cancer tiroidian.<\/p>\n<ul>\n<li>Diagnosticarea tumorii \u00eentregului corp cu radia\u021bii sc\u0103zute<\/li>\n<li>Afi\u0219area tumorilor mucinoase, a cancerului de prostat\u0103, a RCC, a HCC \u0219i a cancerului bronhoalveolar \u00eentr-un singur examen<\/li>\n<li>Afi\u0219eaz\u0103 ficatul, creierul, m\u0103duva spin\u0103rii \u0219i tumorile osoase \u0219i metastazele lor \u00eentr-o singur\u0103 sesiune.<\/li>\n<li>Asigurarea integral\u0103 a TNM \u00eentr-o singur\u0103 sesiune<\/li>\n<li>Diagnosticarea tumorii orientat\u0103 spre \u021bint\u0103 cu metode de imagistic\u0103 func\u021bional\u0103 specific\u0103 celulelor \u0219i agen\u021bi PET specifici tumorii.<\/li>\n<li>Evaluarea mai rapid\u0103 a r\u0103spunsului la terapiile de nou\u0103 genera\u021bie<\/li>\n<li>Utilizarea sigur\u0103 cu radia\u021bii sc\u0103zute \u00een cazurile de oncologie pediatric\u0103<\/li>\n<\/ul>\n<p>\n<\/div><div class=\"btClear btSeparator topSemiSpaced noBorder\" ><hr><\/div><header class=\"header btClear medium btDash bottomDash  btAccentDash\" ><div class=\"dash\"><h3><span class=\"headline\"><em>Contact Us Now<\/em><\/span><\/h3><\/div><\/header><div class=\"btClear btSeparator bottomSmallSpaced noBorder\" ><hr><\/div><div class=\"btText\" >\n<div class=\"wpcf7 no-js\" id=\"wpcf7-f2891-o1\" lang=\"tr-TR\" dir=\"ltr\" data-wpcf7-id=\"2891\">\n<div class=\"screen-reader-response\"><p role=\"status\" aria-live=\"polite\" aria-atomic=\"true\"><\/p> <ul><\/ul><\/div>\n<form action=\"\/ro\/wp-json\/wp\/v2\/pages\/3764#wpcf7-f2891-o1\" method=\"post\" class=\"wpcf7-form init wpcf7-acceptance-as-validation\" aria-label=\"\u0130leti\u015fim Formu\" novalidate=\"novalidate\" data-status=\"init\">\n<fieldset class=\"hidden-fields-container\"><input type=\"hidden\" name=\"_wpcf7\" value=\"2891\" \/><input type=\"hidden\" name=\"_wpcf7_version\" value=\"6.1.5\" \/><input type=\"hidden\" name=\"_wpcf7_locale\" value=\"tr_TR\" \/><input type=\"hidden\" name=\"_wpcf7_unit_tag\" value=\"wpcf7-f2891-o1\" \/><input type=\"hidden\" name=\"_wpcf7_container_post\" value=\"0\" \/><input type=\"hidden\" name=\"_wpcf7_posted_data_hash\" value=\"\" \/>\n<\/fieldset>\n<p style=\"margin-bottom:30px !important;\">\u00cen timp ce completa\u021bi formularul de contact de mai jos, pute\u021bi, de asemenea, s\u0103 ne trimite\u021bi fi\u0219ierele medicale ale pacientului\/dumneavoastr\u0103 prin <strong>transfer<\/strong>. A doua opinie medical\u0103 v\u0103 va fi prezentat\u0103 \u00een termen de 48 de ore.\n<\/p>\n<div class=\"boldRow boldInnerRow  \">\n\t<div class=\"rowItem rowInnerItem col-md-6  btTextLeft\">\n\t\t<div class=\"rowItemContent\">\n\t\t\t<p><label><span class=\"bt_bb_required\">Numele t\u0103u<\/span><br \/>\n<span class=\"wpcf7-form-control-wrap\" data-name=\"your-name\"><input size=\"40\" maxlength=\"400\" class=\"wpcf7-form-control wpcf7-text wpcf7-validates-as-required\" aria-required=\"true\" aria-invalid=\"false\" value=\"\" type=\"text\" name=\"your-name\" \/><\/span> <\/label>\n\t\t\t<\/p>\n\t\t\t<p><label><span class=\"bt_bb_required\">E-mailul dvs.<\/span><br \/>\n<span class=\"wpcf7-form-control-wrap\" data-name=\"your-email\"><input size=\"40\" maxlength=\"400\" class=\"wpcf7-form-control wpcf7-email wpcf7-validates-as-required wpcf7-text wpcf7-validates-as-email\" aria-required=\"true\" aria-invalid=\"false\" value=\"\" type=\"email\" name=\"your-email\" \/><\/span> <\/label>\n\t\t\t<\/p>\n\t\t\t<p><label><span class=\"bt_bb_required\">Telefonul dvs.<\/span><br \/>\n<span class=\"wpcf7-form-control-wrap\" data-name=\"your-phone\"><input size=\"40\" class=\"wpcf7-form-control wpcf7-phonetext wpcf7-text wpcf7-validates-as-phonetext\" id=\"int_phone\" aria-invalid=\"false\" value=\"\" type=\"text\" name=\"your-phone\" \/><input type=\"hidden\" name=\"your-phone-country-code\" class=\"wpcf7-phonetext-country-code\" \/><\/span> <\/label>\n\t\t\t<\/p>\n\t\t\t<p><label><span class=\"bt_bb_required\">Mesajul dvs.<\/span><br \/>\n<span class=\"wpcf7-form-control-wrap\" data-name=\"your-message\"><textarea cols=\"40\" rows=\"10\" maxlength=\"2000\" class=\"wpcf7-form-control wpcf7-textarea wpcf7-validates-as-required\" aria-required=\"true\" aria-invalid=\"false\" name=\"your-message\"><\/textarea><\/span> <\/label>\n\t\t\t<\/p>\n\t\t\t<p><label><span class=\"bt_bb_required\" style=\"margin-top:25px !important;\"><span class=\"wpcf7-form-control-wrap\" data-name=\"accept-this-1\"><span class=\"wpcf7-form-control wpcf7-acceptance\"><span class=\"wpcf7-list-item\"><label><input type=\"checkbox\" name=\"accept-this-1\" value=\"1\" aria-invalid=\"false\" \/><span class=\"wpcf7-list-item-label\">Sunt de acord cu <a target=\"_blank\" href=\"https:\/\/groupflorence.com\/ro\/terms-of-use\/\">Termenii \u0219i Serviciile<\/a>.<\/span><\/label><\/span><\/span><\/span><\/span><\/label>\n\t\t\t<\/p>\n\t\t\t<p><input class=\"wpcf7-form-control wpcf7-submit has-spinner contact_button_int\" type=\"submit\" value=\"TRIMITE MESAJ\" \/>\n\t\t\t<\/p>\n\t\t<\/div>\n\t<\/div>\n\t<div class=\"rowItem rowInnerItem col-md-6  btTextLeft\">\n\t\t<div class=\"rowItemContent\">\n\t\t\t<p align=\"center\" style=\"margin-top:30px;\"><br \/>\n<a href=\"http:\/\/florencenightingale.wetransfer.com\/\" target=\"_blank\" title=\"Click Here To Transfer Your Documents via WeTransfer\"><img decoding=\"async\"  align=\"center\" style=\"max-width:250px !important;\" class=\"lazy loaded\" src=\"https:\/\/groupflorence.com\/ro\/wp-content\/uploads\/2020\/08\/89130-wetransfer-default-logo-rgb-original-1365619064-e1599162229581.png\" data-src=\"https:\/\/groupflorence.com\/ro\/wp-content\/uploads\/2020\/08\/89130-wetransfer-default-logo-rgb-original-1365619064-e1599162229581.png\" alt=\"Click Here To Transfer Your Documents via WeTransfer\" title=\"Click Here To Transfer Your Documents via WeTransfer\" data-was-processed=\"true\" \/><\/a>\n\t\t\t<\/p>\n\t\t\t<h3 align=\"center\"><a href=\"http:\/\/florencenightingale.wetransfer.com\/\" target=\"_blank\" title=\"Click Here To Transfer Your Documents via WeTransfer\">Trimite prin WeTransfer<\/a>\n\t\t\t<\/h3>\n\t\t\t<p align=\"center\">Pute\u021bi trimite documentele dvs. medicale supradimensionate (\u00eenregistr\u0103ri RMN, rezultate de laborator, imagini etc.) folosind contul nostru WeTransfer. Este u\u0219or, rapid \u0219i sigur.\n\t\t\t<\/p>\n\t\t<\/div>\n\t\t<center>\n\t\t\t<p><a href=\"http:\/\/florencenightingale.wetransfer.com\/\" class=\"btBtn btBtn btnFilledStyle btnAccentColor btnSmall btnNormalWidth btnRightPosition btnNoIcon\" target=\"_blank\"><span class=\"btnInnerText\">Trimite acum<\/span><\/a>\n\t\t\t<\/p>\n\t\t<\/center>\n\t<\/div>\n<\/div><div class=\"wpcf7-response-output\" aria-hidden=\"true\"><\/div>\n<\/form>\n<\/div>\n<\/div><div class=\"btClear btSeparator topSpaced noBorder\" ><hr><\/div><\/div><\/div><\/div><\/div><\/div><\/div><\/div><\/section>\n","protected":false},"excerpt":{"rendered":"","protected":false},"author":1,"featured_media":0,"parent":2454,"menu_order":2,"comment_status":"closed","ping_status":"closed","template":"","meta":{"footnotes":""},"class_list":["post-3764","page","type-page","status-publish","hentry"],"_links":{"self":[{"href":"https:\/\/groupflorence.com\/ro\/wp-json\/wp\/v2\/pages\/3764","targetHints":{"allow":["GET"]}}],"collection":[{"href":"https:\/\/groupflorence.com\/ro\/wp-json\/wp\/v2\/pages"}],"about":[{"href":"https:\/\/groupflorence.com\/ro\/wp-json\/wp\/v2\/types\/page"}],"author":[{"embeddable":true,"href":"https:\/\/groupflorence.com\/ro\/wp-json\/wp\/v2\/users\/1"}],"replies":[{"embeddable":true,"href":"https:\/\/groupflorence.com\/ro\/wp-json\/wp\/v2\/comments?post=3764"}],"version-history":[{"count":3,"href":"https:\/\/groupflorence.com\/ro\/wp-json\/wp\/v2\/pages\/3764\/revisions"}],"predecessor-version":[{"id":6110,"href":"https:\/\/groupflorence.com\/ro\/wp-json\/wp\/v2\/pages\/3764\/revisions\/6110"}],"up":[{"embeddable":true,"href":"https:\/\/groupflorence.com\/ro\/wp-json\/wp\/v2\/pages\/2454"}],"wp:attachment":[{"href":"https:\/\/groupflorence.com\/ro\/wp-json\/wp\/v2\/media?parent=3764"}],"curies":[{"name":"wp","href":"https:\/\/api.w.org\/{rel}","templated":true}]}}