{"id":3728,"date":"2020-10-01T22:17:08","date_gmt":"2020-10-01T19:17:08","guid":{"rendered":"https:\/\/groupflorence.com\/ro\/?page_id=3728"},"modified":"2020-12-16T23:38:50","modified_gmt":"2020-12-16T20:38:50","slug":"spondylosis-and-spondylolisthesis","status":"publish","type":"page","link":"https:\/\/groupflorence.com\/ro\/centers-treatments\/spine-center-orthopedics\/spondylosis-and-spondylolisthesis\/","title":{"rendered":"Spondiloz\u0103 \u0219i Spondilolistez\u0103"},"content":{"rendered":"<section id=\"bt_section69eb8b7e239a1\"  class=\"boldSection gutter\" ><div class=\"port\"><div class=\"boldCell\"><div class=\"boldCellInner\"><div class=\"boldRow  \" ><div class=\"boldRowInner\"><div class=\"rowItem col-md-4 col-ms-12 btTextLeft\"  ><div class=\"rowItemContent\" ><div class=\"btClear btSeparator topSpaced noBorder\" ><hr><\/div><div class=\"btCustomMenu treatment-sidebar\" ><div class=\"menu-spine-center-container\"><ul id=\"menu-spine-center\" class=\"menu\"><li id=\"menu-item-3705\" class=\"menu-item menu-item-type-post_type menu-item-object-page menu-item-has-children menu-item-3705\"><a href=\"https:\/\/groupflorence.com\/ro\/centers-treatments\/\">Centre &#038; Departamente<\/a><ul class=\"sub-menu\"><li id=\"menu-item-3706\" class=\"menu-item menu-item-type-post_type menu-item-object-page menu-item-has-children menu-item-3706\"><a href=\"https:\/\/groupflorence.com\/ro\/centers-treatments\/spine-center-orthopedics\/\">Centrul Coloanei Vertebrale &#038; Ortopedie<\/a><ul class=\"sub-menu\"><li id=\"menu-item-3709\" class=\"menu-item menu-item-type-post_type menu-item-object-page menu-item-3709\"><a href=\"https:\/\/groupflorence.com\/ro\/centers-treatments\/spine-center-orthopedics\/scoliosis\/\">Scolioz\u0103<\/a><\/li><li id=\"menu-item-3713\" class=\"menu-item menu-item-type-post_type menu-item-object-page menu-item-3713\"><a href=\"https:\/\/groupflorence.com\/ro\/centers-treatments\/spine-center-orthopedics\/eos-ultra-low-dose-2d-3d-orthopedic-imager\/\">Imager Ortopedic 2D\/3D cu Doz\u0103 Ultra-mic\u0103<\/a><\/li><li id=\"menu-item-3717\" class=\"menu-item menu-item-type-post_type menu-item-object-page menu-item-3717\"><a href=\"https:\/\/groupflorence.com\/ro\/centers-treatments\/spine-center-orthopedics\/kyphosis\/\">Cifoz\u0103<\/a><\/li><li id=\"menu-item-3727\" class=\"menu-item menu-item-type-post_type menu-item-object-page menu-item-3727\"><a href=\"https:\/\/groupflorence.com\/ro\/centers-treatments\/spine-center-orthopedics\/lumbar-disc-hernia\/\">Hernie de Disc Lombar<\/a><\/li><li id=\"menu-item-3733\" class=\"menu-item menu-item-type-post_type menu-item-object-page menu-item-3733\"><a href=\"https:\/\/groupflorence.com\/ro\/centers-treatments\/spine-center-orthopedics\/spondylosis-and-spondylolisthesis\/\">Spondiloz\u0103 \u0219i Spondilolistez\u0103<\/a><\/li><\/ul><\/li><\/ul><\/li>\n<\/ul><\/div><\/div><div class=\"btClear btSeparator topSemiSpaced noBorder\" ><hr><\/div><div class=\"boldRow boldInnerRow  bt_bb_hidden_xs bt_bb_hidden_ms bt_bb_hidden_sm\" ><div class=\"rowItem rowInnerItem col-md-12  btTextCenter btMiddleVertical\"  ><div class=\"rowItemContent\"><div class=\"bpgPhoto btTextCenter\" > \r\n\t\t\t\t\t<a href=\"https:\/\/groupflorence.com\/ro\/patient-guide\/covid-19-precautions\/\" target=\"_blank\" title=\"\"><\/a>\r\n\t\t\t\t\t<div class=\"boldPhotoBox\"><div class=\"bpbItem\"><div class = \"btImage\"><img decoding=\"async\" src=\"https:\/\/groupflorence.com\/ro\/wp-content\/uploads\/2020\/12\/covid-safe-sidebar-320x186.jpg\" alt=\"\" title=\"\" ><\/div><\/div><\/div>\r\n\t\t\t\t\t<div class=\"captionPane\">\r\n\t\t\t\t\t\t<div class=\"captionTable\">\r\n\t\t\t\t\t\t\t<div class=\"captionCell\">\r\n\t\t\t\t\t\t\t\t<div class=\"captionTxt\"><\/div>\r\n\t\t\t\t\t\t\t<\/div>\r\n\t\t\t\t\t\t<\/div>\r\n\t\t\t\t\t<\/div><\/div><div class=\"btClear btSeparator topSmallSpaced bottomSmallSpaced border\" ><hr><\/div><a href=\"https:\/\/groupflorence.com\/ro\/contact-us\/\" class=\"btBtn btBtn btnFilledStyle btnAccentColor btnBig btnNormalWidth btnLeftPosition btnNoIcon\" ><span class=\"btnInnerText\">Ask A Question<\/span><\/a><\/div><\/div><\/div><\/div><\/div><div class=\"rowItem col-md-8 col-ms-12 btTextLeft\"  ><div class=\"rowItemContent\" ><div class=\"btClear btSeparator topSemiSpaced noBorder\" ><hr><\/div><header class=\"header btClear medium btDash bottomDash  btNormalDash\" ><div class=\"dash\"><h3><span class=\"headline\"><b class=\"animate\">Spondiloz\u0103 \u0219i Spondilolistez\u0103<\/b><\/span><\/h3><\/div><\/header><div class=\"btClear btSeparator topExtraSmallSpaced noBorder\" ><hr><\/div><div class=\"btText\" ><\/p>\n<p>Oasele spinale sunt aliniate fiind una peste alta \u00eentr-o ordine. \u00cen mod normal, marginile din fa\u021b\u0103 \u0219i din spate ale vertebrelor sunt \u00een aceea\u0219i aliniere cu marginile vertebrelor anterioare \u0219i urm\u0103toare. Vertebrele sunt ata\u0219ate \u00eentre ele prin discuri la articula\u021biile din fa\u021b\u0103 \u0219i fa\u021betele din spate. Multe ligamente formeaz\u0103 o punte \u00eentre oase pentru a spori rezisten\u021ba acestei alinieri. Spondilolisteza \u00eenseamn\u0103 deplasarea \u00eenainte a unei vertebre peste vertebra de mai jos. Cu alunecare, m\u0103duva spin\u0103rii la nivelul coloanei vertebrale este comprimat\u0103, duc\u00e2nd la durere, amor\u021beal\u0103 \u0219i senza\u021bie de arsur\u0103 la nivelul picioarelor. Acesta este clasificat \u00een cinci tipuri diferite.<\/p>\n<p>Cele mai frecvente includ alunecarea legat\u0103 de degenerare la v\u00e2rste \u00eenaintate; alunecarea sa dezvoltat postoperator \u0219i alunecarea legat\u0103 de problemele congenitale ale vertebrelor \u00een copil\u0103rie. 5% dintre persoane au o fractur\u0103 de dezvoltare pe sec\u021biunea osoas\u0103 ata\u0219\u00e2nd articula\u021biile superioare \u0219i inferioare (articula\u021biile fa\u021betelor) ale vertebrelor situate pe Spatele de jos. Aceast\u0103 fractur\u0103 se nume\u0219te \u201espondiloliz\u0103\u201d. Fracturile sunt \u00een mare parte incapabile s\u0103 se uneasc\u0103, deoarece aceast\u0103 zon\u0103 este foarte mi\u015fc\u0103toare.<\/p>\n<p>Cu toate acestea, aceast\u0103 fractur\u0103 cauzeaz\u0103, de obicei, durere \u00een perioada adolescen\u021bei, dar nu poate duce la probleme grave \u00een perioada de maturitate. La unii pacien\u021bi, vertebra superioar\u0103 este deplasat\u0103 \u00eenainte peste vertebra de mai jos datorit\u0103 fracturii. Aceasta este denumit\u0103 \u201ealunecarea lombar\u0103\u201d sau \u201espondilolistez\u0103\u201d. Spondilolisteza poate duce la probleme mai grave, \u00een func\u021bie de m\u0103rimea alunec\u0103rii. Acest tip de alunec\u0103ri lombare legate de fractur\u0103 este numit medical \u201espondilolistez\u0103 isthmic\u0103\u201d. Un alt tip de alunecare lombar\u0103 se datoreaz\u0103 uzurii ligamentelor din \u0219i din jurul coloanei vertebrale datorit\u0103 \u00eemb\u0103tr\u00e2nirii. Aceast\u0103 problem\u0103 care apare adesea peste 40 de ani este men\u021bionat\u0103 ca \u201espondilolistez\u0103 degenerativ\u0103\u201d. Scurgerile lombare degenerative sunt de obicei \u00eenso\u021bite de canalul \u00eengustat. Fracturile de stres (spondiloliz\u0103) nu pot fi \u00eentotdeauna prezentate cu semne clinice.<\/p>\n<p>Uneori este descoperit\u0103 \u00eent\u00e2mpl\u0103tor printr-o radiografie lombar\u0103 luat\u0103 din alte motive. Dac\u0103 patologia devine simptomatic\u0103, pl\u00e2ngerea ini\u021bial\u0103 este adesea durerea lombar\u0103. Este posibil ca alunecarea lombar\u0103 s\u0103 nu prezinte semne chiar \u0219i dup\u0103 ani de apari\u021bie a alunec\u0103rii. Simptomele includ dureri de spate \u0219i de \u0219old; amor\u021beal\u0103, durere, tulpin\u0103 muscular\u0103, sl\u0103biciune la nivelul picioarelor; curbur\u0103 lombar\u0103 crescut\u0103 sau dificultate la mers. Chiar dac\u0103 odihna poate oferi o u\u0219urare temporar\u0103 a acestor simptome, durerea este de obicei crescut\u0103 cu ridicarea \u00een picioare, mersul pe jos \u0219i alte activit\u0103\u021bi.<\/p>\n<p>\n<\/div><div class=\"btClear btSeparator topSmallSpaced noBorder\" ><hr><\/div><header class=\"header btClear medium btDash bottomDash  btAccentDash\" ><div class=\"dash\"><h3><span class=\"headline\">Diagnosticul<\/span><\/h3><\/div><\/header><div class=\"btClear btSeparator topExtraSmallSpaced noBorder\" ><hr><\/div><div class=\"btText\" ><\/p>\n<p>Diagnosticul implic\u0103 o examinare fizic\u0103 detaliat\u0103 a pacien\u021bilor. \u00cen cazul alunec\u0103rilor care cauzeaz\u0103 compresia nervilor, istoricul durerii \u0219i amor\u021beal\u0103 a pacien\u021bilor va ajuta medicii cu experien\u021b\u0103 cu diagnostic. Din nou, examinarea neurologic\u0103 a pacien\u021bilor ofer\u0103 informa\u021bii despre regiunea de alunecare.<\/p>\n<p>Testele radiografice sunt foarte importante \u00een diagnosticarea alunec\u0103rilor lombare. Dac\u0103 alunecarea este redus\u0103 sau crescut\u0103 cu mi\u0219c\u0103ri lombare este semnificativ\u0103 pentru medici pentru a determina metoda de tratament. Acest lucru este identificat prin radiografiile luate cu pacien\u021bi care se \u00eendoaie \u00eenainte sau \u00eenapoi.<\/p>\n<p>Fracturile de stres nu sunt adesea posibile pentru a fi identificate printr-o radiografie simpl\u0103. O tomografie computerizat\u0103 va fi potrivit\u0103 pentru cazurile suspectate. Diagnosticul final al compresiei nervoase legate de alunecarea \u0219i stenoza canalului spinal se face prin RMN (rezonan\u021b\u0103 magnetic\u0103). Medicul dumneavoastr\u0103 poate solicita testul EMG (electromiografie), dac\u0103 este necesar.<\/p>\n<p>\n<\/div><div class=\"btClear btSeparator topSmallSpaced noBorder\" ><hr><\/div><header class=\"header btClear medium btDash bottomDash  btAccentDash\" ><div class=\"dash\"><h3><span class=\"headline\">Tratament<\/span><\/h3><\/div><\/header><div class=\"btClear btSeparator topExtraSmallSpaced noBorder\" ><hr><\/div><div class=\"btText\" ><\/p>\n<p>Fracturile de stres \u0219i alunec\u0103rile lombare care nu cauzeaz\u0103 o pl\u00e2ngere trebuie urmate. \u00cen cazul alunec\u0103rilor u\u0219oare, pl\u00e2ngerile vor fi u\u0219urate prin una sau mai multe dintre metodele cum ar fi odihna, analgezicele \u0219i medicamentele antiinflamatorii, utilizarea temporar\u0103 a unui corset \u0219i terapia fizic\u0103. Dac\u0103 durerea de spate este \u00eenso\u021bit\u0103 de dureri la nivelul picioarelor \u0219i amor\u021beal\u0103 asociat\u0103 cu compresia nervilor, pot fi luate \u00een considerare injec\u021biile epidurale sau foraminale.<\/p>\n<p>Dac\u0103 fracturile de stres din adolescen\u021b\u0103 duc la durere \u0219i restric\u021bioneaz\u0103 activitatea minorilor, acestea trebuie s\u0103 aib\u0103 un tratament chirurgical. Metoda cea mai potrivit\u0103 este determinat\u0103 de medicul dumneavoastr\u0103. Metoda preferat\u0103 este, de obicei, de a sus\u021bine cu grefe osoase proaspete pentru fuziunea zonei fracturate \u0219i de a fixa cu \u0219uruburi \u0219i c\u00e2rlige. Medicii experimenta\u021bi de la clinica noastr\u0103 vor efectua aceast\u0103 opera\u021bie chiar \u0219i pentru o singur\u0103 vertebr\u0103. Astfel, se realizeaz\u0103 recuperarea pe termen scurt, iar pacien\u021bii no\u0219tri \u00ee\u0219i desf\u0103\u0219oar\u0103 activit\u0103\u021bile obi\u0219nuite f\u0103r\u0103 restric\u021bii ale mi\u0219c\u0103rilor lombare.<\/p>\n<p>\u00cen cazul alunec\u0103rii la v\u00e2rste \u00eenaintate, dac\u0103 boala provoac\u0103 pl\u00e2ngeri care nu pot fi reduse prin medica\u021bie, produce semne de compresie a nervilor (c\u0103dere de picior, incontinen\u021b\u0103 urinar\u0103&#8230;) \u0219i progreseaz\u0103, este necesar un tratament chirurgical. Nervii din regiunea de alunecare sunt elibera\u021bi prin tratament chirurgical \u0219i vertebrele sunt fixate \u00eentre ele pentru a evita progresia alunec\u0103rii. Opera\u021bia poate fi din fa\u021b\u0103 sau din spate sau din oricare dintre laturi. Procesul de recuperare este sus\u021binut de programe de reabilitare postoperatorie. Echipa de speciali\u0219ti de fizioterapeu\u021bi din spitalul nostru \u00eencepe reabilitarea pacien\u021bilor din prima zi dup\u0103 opera\u021bie. \u00cenainte de externare din spital, pacien\u021bii sunt instrui\u021bi \u00een detaliu activit\u0103\u021bile zilnice, de exemplu cum s\u0103 se ridice din pat, cum s\u0103 mearg\u0103 \u0219i s\u0103 urce sc\u0103rile.<\/p>\n<p>\n<\/div><div class=\"btClear btSeparator topSemiSpaced noBorder\" ><hr><\/div><header class=\"header btClear medium btDash bottomDash  btAccentDash\" ><div class=\"dash\"><h3><span class=\"headline\"><em>Contact Us Now<\/em><\/span><\/h3><\/div><\/header><div class=\"btClear btSeparator bottomSmallSpaced noBorder\" ><hr><\/div><div class=\"btText\" >\n<div class=\"wpcf7 no-js\" id=\"wpcf7-f2891-o1\" lang=\"tr-TR\" dir=\"ltr\" data-wpcf7-id=\"2891\">\n<div class=\"screen-reader-response\"><p role=\"status\" aria-live=\"polite\" aria-atomic=\"true\"><\/p> <ul><\/ul><\/div>\n<form action=\"\/ro\/wp-json\/wp\/v2\/pages\/3728#wpcf7-f2891-o1\" method=\"post\" class=\"wpcf7-form init wpcf7-acceptance-as-validation\" aria-label=\"\u0130leti\u015fim Formu\" novalidate=\"novalidate\" data-status=\"init\">\n<fieldset class=\"hidden-fields-container\"><input type=\"hidden\" name=\"_wpcf7\" value=\"2891\" \/><input type=\"hidden\" name=\"_wpcf7_version\" value=\"6.1.5\" \/><input type=\"hidden\" name=\"_wpcf7_locale\" value=\"tr_TR\" \/><input type=\"hidden\" name=\"_wpcf7_unit_tag\" value=\"wpcf7-f2891-o1\" \/><input type=\"hidden\" name=\"_wpcf7_container_post\" value=\"0\" \/><input type=\"hidden\" name=\"_wpcf7_posted_data_hash\" value=\"\" \/>\n<\/fieldset>\n<p style=\"margin-bottom:30px !important;\">\u00cen timp ce completa\u021bi formularul de contact de mai jos, pute\u021bi, de asemenea, s\u0103 ne trimite\u021bi fi\u0219ierele medicale ale pacientului\/dumneavoastr\u0103 prin <strong>transfer<\/strong>. A doua opinie medical\u0103 v\u0103 va fi prezentat\u0103 \u00een termen de 48 de ore.\n<\/p>\n<div class=\"boldRow boldInnerRow  \">\n\t<div class=\"rowItem rowInnerItem col-md-6  btTextLeft\">\n\t\t<div class=\"rowItemContent\">\n\t\t\t<p><label><span class=\"bt_bb_required\">Numele t\u0103u<\/span><br \/>\n<span class=\"wpcf7-form-control-wrap\" data-name=\"your-name\"><input size=\"40\" maxlength=\"400\" class=\"wpcf7-form-control wpcf7-text wpcf7-validates-as-required\" aria-required=\"true\" aria-invalid=\"false\" value=\"\" type=\"text\" name=\"your-name\" \/><\/span> <\/label>\n\t\t\t<\/p>\n\t\t\t<p><label><span class=\"bt_bb_required\">E-mailul dvs.<\/span><br \/>\n<span class=\"wpcf7-form-control-wrap\" data-name=\"your-email\"><input size=\"40\" maxlength=\"400\" class=\"wpcf7-form-control wpcf7-email wpcf7-validates-as-required wpcf7-text wpcf7-validates-as-email\" aria-required=\"true\" aria-invalid=\"false\" value=\"\" type=\"email\" name=\"your-email\" \/><\/span> <\/label>\n\t\t\t<\/p>\n\t\t\t<p><label><span class=\"bt_bb_required\">Telefonul dvs.<\/span><br \/>\n<span class=\"wpcf7-form-control-wrap\" data-name=\"your-phone\"><input size=\"40\" class=\"wpcf7-form-control wpcf7-phonetext wpcf7-text wpcf7-validates-as-phonetext\" id=\"int_phone\" aria-invalid=\"false\" value=\"\" type=\"text\" name=\"your-phone\" \/><input type=\"hidden\" name=\"your-phone-country-code\" class=\"wpcf7-phonetext-country-code\" \/><\/span> <\/label>\n\t\t\t<\/p>\n\t\t\t<p><label><span class=\"bt_bb_required\">Mesajul dvs.<\/span><br \/>\n<span class=\"wpcf7-form-control-wrap\" data-name=\"your-message\"><textarea cols=\"40\" rows=\"10\" maxlength=\"2000\" class=\"wpcf7-form-control wpcf7-textarea wpcf7-validates-as-required\" aria-required=\"true\" aria-invalid=\"false\" name=\"your-message\"><\/textarea><\/span> <\/label>\n\t\t\t<\/p>\n\t\t\t<p><label><span class=\"bt_bb_required\" style=\"margin-top:25px !important;\"><span class=\"wpcf7-form-control-wrap\" data-name=\"accept-this-1\"><span class=\"wpcf7-form-control wpcf7-acceptance\"><span class=\"wpcf7-list-item\"><label><input type=\"checkbox\" name=\"accept-this-1\" value=\"1\" aria-invalid=\"false\" \/><span class=\"wpcf7-list-item-label\">Sunt de acord cu <a target=\"_blank\" href=\"https:\/\/groupflorence.com\/ro\/terms-of-use\/\">Termenii \u0219i Serviciile<\/a>.<\/span><\/label><\/span><\/span><\/span><\/span><\/label>\n\t\t\t<\/p>\n\t\t\t<p><input class=\"wpcf7-form-control wpcf7-submit has-spinner contact_button_int\" type=\"submit\" value=\"TRIMITE MESAJ\" \/>\n\t\t\t<\/p>\n\t\t<\/div>\n\t<\/div>\n\t<div class=\"rowItem rowInnerItem col-md-6  btTextLeft\">\n\t\t<div class=\"rowItemContent\">\n\t\t\t<p align=\"center\" style=\"margin-top:30px;\"><br \/>\n<a href=\"http:\/\/florencenightingale.wetransfer.com\/\" target=\"_blank\" title=\"Click Here To Transfer Your Documents via WeTransfer\"><img decoding=\"async\"  align=\"center\" style=\"max-width:250px !important;\" class=\"lazy loaded\" src=\"https:\/\/groupflorence.com\/ro\/wp-content\/uploads\/2020\/08\/89130-wetransfer-default-logo-rgb-original-1365619064-e1599162229581.png\" data-src=\"https:\/\/groupflorence.com\/ro\/wp-content\/uploads\/2020\/08\/89130-wetransfer-default-logo-rgb-original-1365619064-e1599162229581.png\" alt=\"Click Here To Transfer Your Documents via WeTransfer\" title=\"Click Here To Transfer Your Documents via WeTransfer\" data-was-processed=\"true\" \/><\/a>\n\t\t\t<\/p>\n\t\t\t<h3 align=\"center\"><a href=\"http:\/\/florencenightingale.wetransfer.com\/\" target=\"_blank\" title=\"Click Here To Transfer Your Documents via WeTransfer\">Trimite prin WeTransfer<\/a>\n\t\t\t<\/h3>\n\t\t\t<p align=\"center\">Pute\u021bi trimite documentele dvs. medicale supradimensionate (\u00eenregistr\u0103ri RMN, rezultate de laborator, imagini etc.) folosind contul nostru WeTransfer. Este u\u0219or, rapid \u0219i sigur.\n\t\t\t<\/p>\n\t\t<\/div>\n\t\t<center>\n\t\t\t<p><a href=\"http:\/\/florencenightingale.wetransfer.com\/\" class=\"btBtn btBtn btnFilledStyle btnAccentColor btnSmall btnNormalWidth btnRightPosition btnNoIcon\" target=\"_blank\"><span class=\"btnInnerText\">Trimite acum<\/span><\/a>\n\t\t\t<\/p>\n\t\t<\/center>\n\t<\/div>\n<\/div><div class=\"wpcf7-response-output\" aria-hidden=\"true\"><\/div>\n<\/form>\n<\/div>\n<\/div><div class=\"btClear btSeparator topSpaced noBorder\" ><hr><\/div><\/div><\/div><\/div><\/div><\/div><\/div><\/div><\/section>\n","protected":false},"excerpt":{"rendered":"","protected":false},"author":1,"featured_media":0,"parent":2463,"menu_order":8,"comment_status":"closed","ping_status":"closed","template":"","meta":{"footnotes":""},"class_list":["post-3728","page","type-page","status-publish","hentry"],"_links":{"self":[{"href":"https:\/\/groupflorence.com\/ro\/wp-json\/wp\/v2\/pages\/3728","targetHints":{"allow":["GET"]}}],"collection":[{"href":"https:\/\/groupflorence.com\/ro\/wp-json\/wp\/v2\/pages"}],"about":[{"href":"https:\/\/groupflorence.com\/ro\/wp-json\/wp\/v2\/types\/page"}],"author":[{"embeddable":true,"href":"https:\/\/groupflorence.com\/ro\/wp-json\/wp\/v2\/users\/1"}],"replies":[{"embeddable":true,"href":"https:\/\/groupflorence.com\/ro\/wp-json\/wp\/v2\/comments?post=3728"}],"version-history":[{"count":3,"href":"https:\/\/groupflorence.com\/ro\/wp-json\/wp\/v2\/pages\/3728\/revisions"}],"predecessor-version":[{"id":6058,"href":"https:\/\/groupflorence.com\/ro\/wp-json\/wp\/v2\/pages\/3728\/revisions\/6058"}],"up":[{"embeddable":true,"href":"https:\/\/groupflorence.com\/ro\/wp-json\/wp\/v2\/pages\/2463"}],"wp:attachment":[{"href":"https:\/\/groupflorence.com\/ro\/wp-json\/wp\/v2\/media?parent=3728"}],"curies":[{"name":"wp","href":"https:\/\/api.w.org\/{rel}","templated":true}]}}