{"id":3714,"date":"2020-10-01T22:07:41","date_gmt":"2020-10-01T19:07:41","guid":{"rendered":"https:\/\/groupflorence.com\/ro\/?page_id=3714"},"modified":"2020-12-16T23:35:31","modified_gmt":"2020-12-16T20:35:31","slug":"kyphosis","status":"publish","type":"page","link":"https:\/\/groupflorence.com\/ro\/centers-treatments\/spine-center-orthopedics\/kyphosis\/","title":{"rendered":"Cifoz\u0103"},"content":{"rendered":"<section id=\"bt_section69ebacf926113\"  class=\"boldSection gutter\" ><div class=\"port\"><div class=\"boldCell\"><div class=\"boldCellInner\"><div class=\"boldRow  \" ><div class=\"boldRowInner\"><div class=\"rowItem col-md-4 col-ms-12 btTextLeft\"  ><div class=\"rowItemContent\" ><div class=\"btClear btSeparator topSpaced noBorder\" ><hr><\/div><div class=\"btCustomMenu treatment-sidebar\" ><div class=\"menu-spine-center-container\"><ul id=\"menu-spine-center\" class=\"menu\"><li id=\"menu-item-3705\" class=\"menu-item menu-item-type-post_type menu-item-object-page menu-item-has-children menu-item-3705\"><a href=\"https:\/\/groupflorence.com\/ro\/centers-treatments\/\">Centre &#038; Departamente<\/a><ul class=\"sub-menu\"><li id=\"menu-item-3706\" class=\"menu-item menu-item-type-post_type menu-item-object-page menu-item-has-children menu-item-3706\"><a href=\"https:\/\/groupflorence.com\/ro\/centers-treatments\/spine-center-orthopedics\/\">Centrul Coloanei Vertebrale &#038; Ortopedie<\/a><ul class=\"sub-menu\"><li id=\"menu-item-3709\" class=\"menu-item menu-item-type-post_type menu-item-object-page menu-item-3709\"><a href=\"https:\/\/groupflorence.com\/ro\/centers-treatments\/spine-center-orthopedics\/scoliosis\/\">Scolioz\u0103<\/a><\/li><li id=\"menu-item-3713\" class=\"menu-item menu-item-type-post_type menu-item-object-page menu-item-3713\"><a href=\"https:\/\/groupflorence.com\/ro\/centers-treatments\/spine-center-orthopedics\/eos-ultra-low-dose-2d-3d-orthopedic-imager\/\">Imager Ortopedic 2D\/3D cu Doz\u0103 Ultra-mic\u0103<\/a><\/li><li id=\"menu-item-3717\" class=\"menu-item menu-item-type-post_type menu-item-object-page menu-item-3717\"><a href=\"https:\/\/groupflorence.com\/ro\/centers-treatments\/spine-center-orthopedics\/kyphosis\/\">Cifoz\u0103<\/a><\/li><li id=\"menu-item-3727\" class=\"menu-item menu-item-type-post_type menu-item-object-page menu-item-3727\"><a href=\"https:\/\/groupflorence.com\/ro\/centers-treatments\/spine-center-orthopedics\/lumbar-disc-hernia\/\">Hernie de Disc Lombar<\/a><\/li><li id=\"menu-item-3733\" class=\"menu-item menu-item-type-post_type menu-item-object-page menu-item-3733\"><a href=\"https:\/\/groupflorence.com\/ro\/centers-treatments\/spine-center-orthopedics\/spondylosis-and-spondylolisthesis\/\">Spondiloz\u0103 \u0219i Spondilolistez\u0103<\/a><\/li><\/ul><\/li><\/ul><\/li>\n<\/ul><\/div><\/div><div class=\"btClear btSeparator topSemiSpaced noBorder\" ><hr><\/div><div class=\"boldRow boldInnerRow  bt_bb_hidden_xs bt_bb_hidden_ms bt_bb_hidden_sm\" ><div class=\"rowItem rowInnerItem col-md-12  btTextCenter btMiddleVertical\"  ><div class=\"rowItemContent\"><div class=\"bpgPhoto btTextCenter\" > \r\n\t\t\t\t\t<a href=\"https:\/\/groupflorence.com\/ro\/patient-guide\/covid-19-precautions\/\" target=\"_blank\" title=\"\"><\/a>\r\n\t\t\t\t\t<div class=\"boldPhotoBox\"><div class=\"bpbItem\"><div class = \"btImage\"><img decoding=\"async\" src=\"https:\/\/groupflorence.com\/ro\/wp-content\/uploads\/2020\/12\/covid-safe-sidebar-320x186.jpg\" alt=\"\" title=\"\" ><\/div><\/div><\/div>\r\n\t\t\t\t\t<div class=\"captionPane\">\r\n\t\t\t\t\t\t<div class=\"captionTable\">\r\n\t\t\t\t\t\t\t<div class=\"captionCell\">\r\n\t\t\t\t\t\t\t\t<div class=\"captionTxt\"><\/div>\r\n\t\t\t\t\t\t\t<\/div>\r\n\t\t\t\t\t\t<\/div>\r\n\t\t\t\t\t<\/div><\/div><div class=\"btClear btSeparator topSmallSpaced bottomSmallSpaced border\" ><hr><\/div><a href=\"https:\/\/groupflorence.com\/ro\/contact-us\/\" class=\"btBtn btBtn btnFilledStyle btnAccentColor btnBig btnNormalWidth btnLeftPosition btnNoIcon\" ><span class=\"btnInnerText\">Ask A Question<\/span><\/a><\/div><\/div><\/div><\/div><\/div><div class=\"rowItem col-md-8 col-ms-12 btTextLeft\"  ><div class=\"rowItemContent\" ><div class=\"btClear btSeparator topSemiSpaced noBorder\" ><hr><\/div><header class=\"header btClear medium btDash bottomDash  btNormalDash\" ><div class=\"dash\"><h3><span class=\"headline\"><b class=\"animate\"> Cifoz\u0103 <\/b><\/span><\/h3><\/div><\/header><div class=\"btClear btSeparator topExtraSmallSpaced noBorder\" ><hr><\/div><div class=\"btText\" ><\/p>\n<p>Coloana vertebral\u0103 normal\u0103 pare s\u0103 fie o linie dreapt\u0103 pe vederea din spate. Pe o vedere lateral\u0103, pot fi v\u0103zute dou\u0103 curburi. Partea superioar\u0103 a spatelui care se \u00eentinde de la umeri p\u00e2n\u0103 la cu\u0219ca toracic\u0103 are o curbur\u0103 numit\u0103 \u201ecifoz\u0103\u201d, dimpotriv\u0103, zona lombar\u0103 are o curbur\u0103 numit\u0103 \u201elordoz\u0103 lombar\u0103\u201d. Aceste curburi permit capul \u0219i partea superioar\u0103 a corpului s\u0103 stea echilibrat peste pelvis.<\/p>\n<p>Coloana vertebral\u0103 toracic\u0103 normal\u0103 are o u\u0219oar\u0103 cifoz\u0103 \u00eentre vertebrele 1 \u0219i 12 cu un unghi de 20 p\u00e2n\u0103 la 45. Se nume\u0219te \u201ehipercifoz\u0103\u201d atunci c\u00e2nd curbura coloanei vertebrale superioare este mai mare de 45 de grade. Cifoza lui Scheurmann este o hiper-cifoz\u0103 tipic\u0103 \u0219i format\u0103 ca urmare a \u00eendoirii vertebrelor \u00een adolescen\u021b\u0103. Cauza r\u0103m\u00e2ne necunoscut\u0103, dar este considerat\u0103 a fi multi-factorial\u0103 \u0219i este mai frecvent\u0103 la b\u0103rba\u021bi.<\/p>\n<p>\n<\/div><div class=\"btClear btSeparator topSmallSpaced noBorder\" ><hr><\/div><header class=\"header btClear medium btDash bottomDash  btAccentDash\" ><div class=\"dash\"><h3><span class=\"headline\">Cifoz\u0103 congenital\u0103<\/span><\/h3><\/div><\/header><div class=\"btClear btSeparator topExtraSmallSpaced noBorder\" ><hr><\/div><div class=\"btText\" ><\/p>\n<p>Vederea lateral\u0103 a coloanei vertebrale normale pe radiografia direct\u0103 este similar\u0103 cu o form\u0103 dreptunghiular\u0103. Partea anterioar\u0103 a vertebrelor coloanei vertebrale toracice este mai mic\u0103 dec\u00e2t cea posterioar\u0103 (pentru a forma o cifoz\u0103). Vertebra lombar\u0103 are o structur\u0103 invers\u0103 pentru a forma o lordoz\u0103. \u00cen cazul cifozei congenitale, curbura este mai mare dec\u00e2t cifoza local\u0103 a\u0219teptat\u0103.<\/p>\n<p>Pacien\u021bii cu cifoz\u0103 congenital\u0103 \u0219i scolioz\u0103 sunt susceptibili de a avea un defect \u00een alte sisteme de organe. Dup\u0103 verificarea diagnosticului pe radiografie, pot fi necesare teste suplimentare pentru a investiga anomaliile m\u0103duvei spin\u0103rii, sistemului cardiac \u0219i gastrointestinal. RMN (rezonan\u021b\u0103 magnetic\u0103) este util pentru a evalua poten\u021bialul anormal de cre\u0219tere \u0219i dezvoltarea deform\u0103rii coloanei vertebrale.<\/p>\n<p>Rezisten\u021ba piciorului copilului \u0219i modul \u00een care se plimb\u0103 trebuie evaluate clinic. Cifoza progresiv\u0103 determin\u0103 o presiune puternic\u0103 asupra m\u0103duvei spin\u0103rii \u0219i poate duce la comprimarea r\u0103d\u0103cinilor nervoase din m\u0103duva spin\u0103rii \u0219i mielopatia (deformarea structurii m\u0103duvei spin\u0103rii). Copiii cu compresie nervoas\u0103 pot fi \u00eent\u00e2rzia\u021bi pentru a \u00eencepe mersul pe jos.<\/p>\n<p>Pacien\u021bii cu cifoz\u0103 congenital\u0103 au defect de segmentare a vertebrelor sau defect de formare. Deformarea progreseaz\u0103 adesea pe m\u0103sur\u0103 ce copilul cre\u0219te. Progresia deform\u0103rii este mai mare \u00een primul an de via\u021b\u0103, \u00een special \u00een func\u021bie de dezvoltarea rapid\u0103 a dezvolt\u0103rii scheletice. Defectul de segmentare are un progres mai mic \u0219i poate s\u0103 nu necesite o interven\u021bie chirurgical\u0103 p\u00e2n\u0103 \u00een perioada adolescen\u021bei.<\/p>\n<h4>Tratament<\/h4>\n<p><strong>Observa\u021bie: <\/strong>Observarea este metoda de tratament de prim\u0103 linie la copiii cu deformare spinal\u0103. Diferen\u021ba dintre radiografiile directe este m\u0103surat\u0103 \u0219i se \u00eenregistreaz\u0103 modific\u0103ri semnificative ori de c\u00e2te ori pacientul viziteaz\u0103 pentru examinare. Deform\u0103rile congenitale grave \u0219i progresive ale cifozei care sunt mai mari de 45 de grade sau cazurile de cifoz\u0103 \u00eenso\u021bite de sl\u0103biciune neurologic\u0103 necesit\u0103 adesea tratament chirurgical. Abordarea chirurgical\u0103 timpurie ofer\u0103, de obicei, cel mai bun rezultat \u0219i previne progresia curburii. Procedura de interven\u021bie chirurgical\u0103 care trebuie efectuat\u0103 se modific\u0103 \u00een func\u021bie de natura deform\u0103rii<\/p>\n<p><strong>Corsetarea: <\/strong>Corsetarea nu este recomandat\u0103 pentru tratamentul cifozei congenitale. Studiile clinice nu reu\u0219esc s\u0103 evalueze rezultatele pacien\u021bilor care au primit acest tip de tratament.<\/p>\n<p><strong>Fuziunea in situ: <\/strong>Op\u021biunea chirurgical\u0103 pentru deformarea cifotic\u0103 progresiv\u0103 este fuziunea complet\u0103 sau artrodeza vertebrelor deformate (unirea vertebrelor). Fuziunea ar trebui s\u0103 includ\u0103 \u0219i cele dou\u0103 vertebre normale, cea de mai jos \u0219i cea de mai sus. Grefa osoas\u0103 de la pacient sau banca de \u021besut este plasat\u0103 posterior (pe spate). \u00cen cazul unei curburi grav \u00eenclinate, grefa osoas\u0103 suplimentar\u0103 poate fi plasat\u0103 anterior (pe fa\u021b\u0103). Sunt necesare 4-6 s\u0103pt\u0103m\u00e2ni p\u00e2n\u0103 c\u00e2nd \u021besutul complet de fuziune este format din grefa osoas\u0103. Pacientul trebuie sus\u021binut cu tencuial\u0103 sau corset \u00een aceast\u0103 perioad\u0103 p\u00e2n\u0103 c\u00e2nd fuziunea complet\u0103 este finalizat\u0103.<\/p>\n<p><strong>Fuziunea instrumentat\u0103 \u0219i osteotomia: <\/strong>Deform\u0103rile cifotice progresive pot necesita instrumente (tije, c\u00e2rlige \u0219i \u0219uruburi) la copiii mai mari. Dac\u0103 m\u0103duva spin\u0103rii nu poate tolera tehnici de prelungire a coloanei vertebrale, se poate lua \u00een considerare \u00eendep\u0103rtarea vertebrelor care cauzeaz\u0103 deformarea. Utilizarea postoperatorie a corsetului \u0219i a tencuielii este aceea\u0219i p\u00e2n\u0103 c\u00e2nd fuziunea este detectat\u0103 pe radiografiile directe luate periodic.<\/p>\n<p>Chirurgul poate recomanda, de asemenea, o osteotomie pentru a re-alinia coloana vertebral\u0103. \u201ePedincule sc\u0103dere osteotomie\u201d asigur\u0103 corectarea prin \u00eendep\u0103rtarea osului \u00een partea din spate a vertebrei. Ostetomia rezec\u021biei vertebrale poate fi aplicat\u0103 pentru a \u00eendep\u0103rta partea din fa\u021b\u0103 \u0219i din spate a vertebrei din partea posterioar\u0103. Chirurgul dumneavoastr\u0103 poate recomanda, de asemenea, diferite interven\u0163ii chirurgicale, inclusiv din partea din fa\u0163\u0103 \u015fi din spate a coloanei vertebrale. Centrul nostru are o experien\u021b\u0103 cunoscut\u0103 \u00een \u00eentreaga lume \u00een interven\u021biile de \u00eendep\u0103rtare a vertebrei din spate.<\/p>\n<p>\n<\/div><div class=\"btClear btSeparator topSmallSpaced noBorder\" ><hr><\/div><header class=\"header btClear medium btDash bottomDash  btAccentDash\" ><div class=\"dash\"><h3><span class=\"headline\">Cifoza de dezvoltare<\/span><\/h3><\/div><\/header><div class=\"btClear btSeparator topExtraSmallSpaced noBorder\" ><hr><\/div><div class=\"btText\" ><\/p>\n<p>Hipercifoza (\u00eendoirea \u00eenainte a vertebrelor toracice dincolo de limitele normale) este clasificat\u0103 ca postural\u0103 sau structural\u0103. Cifoza postural\u0103 se va corecta atunci c\u00e2nd pacientul se ridic\u0103 drept. Pacien\u021bii cu cifoz\u0103 postural\u0103 nu au anomalii \u00een forma vertebrelor.<br \/>\n\u201eCifoza lui Scheuremann este definit\u0103 ca cifoz\u0103 rigid\u0103 (structural\u0103). Acesta este cel mai frecvent \u00een v\u00e2rstele cuprinse \u00eentre 12 \u0219i 15 ani. Cifoza anormal\u0103 este cel mai bine v\u0103zut\u0103 din lateral \u00een pozi\u021bia de \u00eendoire \u00eenainte.<\/p>\n<p>Pacien\u021bii cu \u201eboala lui Scheuremann\u201d prezint\u0103 adesea cu postur\u0103 proast\u0103 \u0219i pl\u00e2ngeri de dureri de spate. Durerea de spate este cea mai frecvent\u0103 pl\u00e2ngere \u00een timpul perioadei de adolescen\u021b\u0103 timpurie \u0219i scade pe m\u0103sur\u0103 ce se apropie de v\u00e2rsta adult\u0103. Durerea se agraveaz\u0103 cu activit\u0103\u021bile zilnice. Cifoza este, de obicei, simptomatic\u0103, iar v\u00e2rful este \u00een spatele mediu-jos \u00een loc de partea superioar\u0103 a spatelui.<\/p>\n<h4>Tratament<\/h4>\n<p><strong>Observa\u021bie: <\/strong>Observarea este adesea recomandat\u0103 \u00een urm\u0103toarele cazuri:<\/p>\n<p><strong>Hiper-cifoz\u0103 postural\u0103<\/strong><br \/>\nCurburi mai mici de 60 de grade \u00een adolescen\u021b\u0103<br \/>\nCurburi cu 60-80 grade \u00een adolescen\u021b\u0103 incomplet\u0103<\/p>\n<p>Controlul implic\u0103 radiografiile luate pe caseta scolioz\u0103 lung\u0103 la fiecare \u0219ase luni, atunci c\u00e2nd pozi\u021bia \u00een picioare. Un program de exerci\u021bii va fi recomandat dac\u0103 copilul sufer\u0103 de durere.<\/p>\n<p><strong>Tratamentul corsetului: <\/strong>Dac\u0103 deformarea este moderat sever\u0103 (60-80) \u0219i dac\u0103 pacientul nu a finalizat dezvoltarea scheletului, tratamentul cu corsete poate fi recomandat cu un program de exerci\u021bii fizice. Utilizarea pe tot parcursul zilei a (20 h pe zi) a corsetului este recomandat\u0103 p\u00e2n\u0103 la atingerea corec\u021biei maxime. Utilizarea corsetului poate fi redus\u0103 la 12-14 ore pe zi \u00een ultimul an \u00een timpul procesului de finalizare a dezvolt\u0103rii scheletice. Corsetul trebuie utilizat timp de cel pu\u021bin 18 luni pentru a ob\u021bine o corec\u021bie total\u0103 \u0219i permanent\u0103.<\/p>\n<p><strong>Fuziunea spinal\u0103: <\/strong>Tratamentul chirurgical poate fi recomandat dac\u0103 deformarea cifotic\u0103 este grav\u0103 (mai mare de 80 de grade) \u0219i dac\u0103 durerea de spate a pacientului cre\u0219te. Tratamentul chirurgical asigur\u0103 o corec\u021bie semnificativ\u0103 \u0219i nu este necesar\u0103 utilizarea postoperatorie a corsetului. Coloana vertebral\u0103 este corectat\u0103 \u0219i prelungit\u0103 prin fixarea \u0219uruburilor plasate \u00een vertebre cu tije. Opera\u021biile se fac adesea din spate. Pacien\u0163ii pot reveni la activit\u0103\u0163ile zilnice normale \u00een decurs de 4-6 luni. Schimbarea f\u0103cut\u0103 prin corec\u021bia chirurgical\u0103 este vizibil\u0103.<\/p>\n<p>\n<\/div><div class=\"btClear btSeparator topSemiSpaced noBorder\" ><hr><\/div><div class=\"boldRow boldInnerRow  \" ><div class=\"rowItem rowInnerItem col-md-4  btTextCenter inherit btNoPadding\" style=\"border: 1px solid #999;background-color: rgba(241, 241, 241, 1);\" ><div class=\"rowItemContent\"><div class=\"bpgPhoto btTextCenter\" ><div class=\"btImage\"><img decoding=\"async\" src=\"https:\/\/groupflorence.com\/ro\/wp-content\/uploads\/2020\/10\/Eyu\u0308p-Bakmaz.jpg\" alt=\"\" title=\"\"><\/div><\/div><div class=\"btIconImageRow btIconsHalfHoverPosition\" ><\/div><div class=\"btClear btSeparator topSmallSpaced noBorder\" ><hr><\/div><div class=\"btText\" ><\/p>\n<h4><a href=\"https:\/\/groupflorence.com\/ro\/doctors\/eyup-bakmaz\/\">Ey\u00fcp Bakmaz, MD<\/a><\/h4>\n<p>\n<\/div><div class=\"btClear btSeparator bottomExtraSmallSpaced noBorder\" ><hr><\/div><a href=\"https:\/\/groupflorence.com\/ro\/doctors\/eyup-bakmaz\/\" class=\"btBtn btBtn btnFilledStyle btnLightColor btnSmall btnNormalWidth btnRightPosition btnNoIcon\"  target=\"_blank\"><span class=\"btnInnerText\">VIEW CV<\/span><\/a><div class=\"btClear btSeparator topExtraSmallSpaced bottomSmallSpaced noBorder\" ><hr><\/div><\/div><\/div><div class=\"rowItem rowInnerItem col-md-4  btTextCenter inherit btNoPadding\" style=\"border: 1px solid #999;background-color: rgba(241, 241, 241, 1);\" ><div class=\"rowItemContent\"><div class=\"bpgPhoto btTextCenter\" ><div class=\"btImage\"><img decoding=\"async\" src=\"https:\/\/groupflorence.com\/ro\/wp-content\/uploads\/2020\/10\/Sinan-Kahraman.jpg\" alt=\"\" title=\"\"><\/div><\/div><div class=\"btIconImageRow btIconsHalfHoverPosition\" ><\/div><div class=\"btClear btSeparator topSmallSpaced noBorder\" ><hr><\/div><div class=\"btText\" ><\/p>\n<h4><a href=\"https:\/\/groupflorence.com\/ro\/doctors\/sinan-kahraman\/\">Assoc. Prof. Sinan Kahraman, MD<\/a><\/h4>\n<p>\n<\/div><div class=\"btClear btSeparator bottomExtraSmallSpaced noBorder\" ><hr><\/div><a href=\"https:\/\/groupflorence.com\/ro\/doctors\/sinan-kahraman\/\" class=\"btBtn btBtn btnFilledStyle btnLightColor btnSmall btnNormalWidth btnRightPosition btnNoIcon\"  target=\"_blank\"><span class=\"btnInnerText\">VIEW CV<\/span><\/a><div class=\"btClear btSeparator topExtraSmallSpaced bottomSmallSpaced noBorder\" ><hr><\/div><\/div><\/div><div class=\"rowItem rowInnerItem col-md-4  btTextCenter inherit btNoPadding\" style=\"background-color: rgba(241, 241, 241, 1);\" ><div class=\"rowItemContent\"><\/div><\/div><\/div><div class=\"btClear btSeparator topSemiSpaced noBorder\" ><hr><\/div><header class=\"header btClear medium btDash bottomDash  btAccentDash\" ><div class=\"dash\"><h3><span class=\"headline\"><em>Contact Us Now<\/em><\/span><\/h3><\/div><\/header><div class=\"btClear btSeparator bottomSmallSpaced noBorder\" ><hr><\/div><div class=\"btText\" >\n<div class=\"wpcf7 no-js\" id=\"wpcf7-f2891-o1\" lang=\"tr-TR\" dir=\"ltr\" data-wpcf7-id=\"2891\">\n<div class=\"screen-reader-response\"><p role=\"status\" aria-live=\"polite\" aria-atomic=\"true\"><\/p> <ul><\/ul><\/div>\n<form action=\"\/ro\/wp-json\/wp\/v2\/pages\/3714#wpcf7-f2891-o1\" method=\"post\" class=\"wpcf7-form init wpcf7-acceptance-as-validation\" aria-label=\"\u0130leti\u015fim Formu\" novalidate=\"novalidate\" data-status=\"init\">\n<fieldset class=\"hidden-fields-container\"><input type=\"hidden\" name=\"_wpcf7\" value=\"2891\" \/><input type=\"hidden\" name=\"_wpcf7_version\" value=\"6.1.5\" \/><input type=\"hidden\" name=\"_wpcf7_locale\" value=\"tr_TR\" \/><input type=\"hidden\" name=\"_wpcf7_unit_tag\" value=\"wpcf7-f2891-o1\" \/><input type=\"hidden\" name=\"_wpcf7_container_post\" value=\"0\" \/><input type=\"hidden\" name=\"_wpcf7_posted_data_hash\" value=\"\" \/>\n<\/fieldset>\n<p style=\"margin-bottom:30px !important;\">\u00cen timp ce completa\u021bi formularul de contact de mai jos, pute\u021bi, de asemenea, s\u0103 ne trimite\u021bi fi\u0219ierele medicale ale pacientului\/dumneavoastr\u0103 prin <strong>transfer<\/strong>. A doua opinie medical\u0103 v\u0103 va fi prezentat\u0103 \u00een termen de 48 de ore.\n<\/p>\n<div class=\"boldRow boldInnerRow  \">\n\t<div class=\"rowItem rowInnerItem col-md-6  btTextLeft\">\n\t\t<div class=\"rowItemContent\">\n\t\t\t<p><label><span class=\"bt_bb_required\">Numele t\u0103u<\/span><br \/>\n<span class=\"wpcf7-form-control-wrap\" data-name=\"your-name\"><input size=\"40\" maxlength=\"400\" class=\"wpcf7-form-control wpcf7-text wpcf7-validates-as-required\" aria-required=\"true\" aria-invalid=\"false\" value=\"\" type=\"text\" name=\"your-name\" \/><\/span> <\/label>\n\t\t\t<\/p>\n\t\t\t<p><label><span class=\"bt_bb_required\">E-mailul dvs.<\/span><br \/>\n<span class=\"wpcf7-form-control-wrap\" data-name=\"your-email\"><input size=\"40\" maxlength=\"400\" class=\"wpcf7-form-control wpcf7-email wpcf7-validates-as-required wpcf7-text wpcf7-validates-as-email\" aria-required=\"true\" aria-invalid=\"false\" value=\"\" type=\"email\" name=\"your-email\" \/><\/span> <\/label>\n\t\t\t<\/p>\n\t\t\t<p><label><span class=\"bt_bb_required\">Telefonul dvs.<\/span><br \/>\n<span class=\"wpcf7-form-control-wrap\" data-name=\"your-phone\"><input size=\"40\" class=\"wpcf7-form-control wpcf7-phonetext wpcf7-text wpcf7-validates-as-phonetext\" id=\"int_phone\" aria-invalid=\"false\" value=\"\" type=\"text\" name=\"your-phone\" \/><input type=\"hidden\" name=\"your-phone-country-code\" class=\"wpcf7-phonetext-country-code\" \/><\/span> <\/label>\n\t\t\t<\/p>\n\t\t\t<p><label><span class=\"bt_bb_required\">Mesajul dvs.<\/span><br \/>\n<span class=\"wpcf7-form-control-wrap\" data-name=\"your-message\"><textarea cols=\"40\" rows=\"10\" maxlength=\"2000\" class=\"wpcf7-form-control wpcf7-textarea wpcf7-validates-as-required\" aria-required=\"true\" aria-invalid=\"false\" name=\"your-message\"><\/textarea><\/span> <\/label>\n\t\t\t<\/p>\n\t\t\t<p><label><span class=\"bt_bb_required\" style=\"margin-top:25px !important;\"><span class=\"wpcf7-form-control-wrap\" data-name=\"accept-this-1\"><span class=\"wpcf7-form-control wpcf7-acceptance\"><span class=\"wpcf7-list-item\"><label><input type=\"checkbox\" name=\"accept-this-1\" value=\"1\" aria-invalid=\"false\" \/><span class=\"wpcf7-list-item-label\">Sunt de acord cu <a target=\"_blank\" href=\"https:\/\/groupflorence.com\/ro\/terms-of-use\/\">Termenii \u0219i Serviciile<\/a>.<\/span><\/label><\/span><\/span><\/span><\/span><\/label>\n\t\t\t<\/p>\n\t\t\t<p><input class=\"wpcf7-form-control wpcf7-submit has-spinner contact_button_int\" type=\"submit\" value=\"TRIMITE MESAJ\" \/>\n\t\t\t<\/p>\n\t\t<\/div>\n\t<\/div>\n\t<div class=\"rowItem rowInnerItem col-md-6  btTextLeft\">\n\t\t<div class=\"rowItemContent\">\n\t\t\t<p align=\"center\" style=\"margin-top:30px;\"><br \/>\n<a href=\"http:\/\/florencenightingale.wetransfer.com\/\" target=\"_blank\" title=\"Click Here To Transfer Your Documents via WeTransfer\"><img decoding=\"async\"  align=\"center\" style=\"max-width:250px !important;\" class=\"lazy loaded\" src=\"https:\/\/groupflorence.com\/ro\/wp-content\/uploads\/2020\/08\/89130-wetransfer-default-logo-rgb-original-1365619064-e1599162229581.png\" data-src=\"https:\/\/groupflorence.com\/ro\/wp-content\/uploads\/2020\/08\/89130-wetransfer-default-logo-rgb-original-1365619064-e1599162229581.png\" alt=\"Click Here To Transfer Your Documents via WeTransfer\" title=\"Click Here To Transfer Your Documents via WeTransfer\" data-was-processed=\"true\" \/><\/a>\n\t\t\t<\/p>\n\t\t\t<h3 align=\"center\"><a href=\"http:\/\/florencenightingale.wetransfer.com\/\" target=\"_blank\" title=\"Click Here To Transfer Your Documents via WeTransfer\">Trimite prin WeTransfer<\/a>\n\t\t\t<\/h3>\n\t\t\t<p align=\"center\">Pute\u021bi trimite documentele dvs. medicale supradimensionate (\u00eenregistr\u0103ri RMN, rezultate de laborator, imagini etc.) folosind contul nostru WeTransfer. Este u\u0219or, rapid \u0219i sigur.\n\t\t\t<\/p>\n\t\t<\/div>\n\t\t<center>\n\t\t\t<p><a href=\"http:\/\/florencenightingale.wetransfer.com\/\" class=\"btBtn btBtn btnFilledStyle btnAccentColor btnSmall btnNormalWidth btnRightPosition btnNoIcon\" target=\"_blank\"><span class=\"btnInnerText\">Trimite acum<\/span><\/a>\n\t\t\t<\/p>\n\t\t<\/center>\n\t<\/div>\n<\/div><div class=\"wpcf7-response-output\" aria-hidden=\"true\"><\/div>\n<\/form>\n<\/div>\n<\/div><div class=\"btClear btSeparator topSpaced noBorder\" ><hr><\/div><\/div><\/div><\/div><\/div><\/div><\/div><\/div><\/section>\n","protected":false},"excerpt":{"rendered":"","protected":false},"author":1,"featured_media":0,"parent":2463,"menu_order":4,"comment_status":"closed","ping_status":"closed","template":"","meta":{"footnotes":""},"class_list":["post-3714","page","type-page","status-publish","hentry"],"_links":{"self":[{"href":"https:\/\/groupflorence.com\/ro\/wp-json\/wp\/v2\/pages\/3714","targetHints":{"allow":["GET"]}}],"collection":[{"href":"https:\/\/groupflorence.com\/ro\/wp-json\/wp\/v2\/pages"}],"about":[{"href":"https:\/\/groupflorence.com\/ro\/wp-json\/wp\/v2\/types\/page"}],"author":[{"embeddable":true,"href":"https:\/\/groupflorence.com\/ro\/wp-json\/wp\/v2\/users\/1"}],"replies":[{"embeddable":true,"href":"https:\/\/groupflorence.com\/ro\/wp-json\/wp\/v2\/comments?post=3714"}],"version-history":[{"count":2,"href":"https:\/\/groupflorence.com\/ro\/wp-json\/wp\/v2\/pages\/3714\/revisions"}],"predecessor-version":[{"id":6054,"href":"https:\/\/groupflorence.com\/ro\/wp-json\/wp\/v2\/pages\/3714\/revisions\/6054"}],"up":[{"embeddable":true,"href":"https:\/\/groupflorence.com\/ro\/wp-json\/wp\/v2\/pages\/2463"}],"wp:attachment":[{"href":"https:\/\/groupflorence.com\/ro\/wp-json\/wp\/v2\/media?parent=3714"}],"curies":[{"name":"wp","href":"https:\/\/api.w.org\/{rel}","templated":true}]}}