{"id":3704,"date":"2020-10-01T22:02:25","date_gmt":"2020-10-01T19:02:25","guid":{"rendered":"https:\/\/groupflorence.com\/ro\/?page_id=3704"},"modified":"2020-12-16T23:33:10","modified_gmt":"2020-12-16T20:33:10","slug":"scoliosis","status":"publish","type":"page","link":"https:\/\/groupflorence.com\/ro\/centers-treatments\/spine-center-orthopedics\/scoliosis\/","title":{"rendered":"Scolioz\u0103"},"content":{"rendered":"<section id=\"bt_section69ebb590465a9\"  class=\"boldSection gutter\" ><div class=\"port\"><div class=\"boldCell\"><div class=\"boldCellInner\"><div class=\"boldRow  \" ><div class=\"boldRowInner\"><div class=\"rowItem col-md-4 col-ms-12 btTextLeft\"  ><div class=\"rowItemContent\" ><div class=\"btClear btSeparator topSpaced noBorder\" ><hr><\/div><div class=\"btCustomMenu treatment-sidebar\" ><div class=\"menu-spine-center-container\"><ul id=\"menu-spine-center\" class=\"menu\"><li id=\"menu-item-3705\" class=\"menu-item menu-item-type-post_type menu-item-object-page menu-item-has-children menu-item-3705\"><a href=\"https:\/\/groupflorence.com\/ro\/centers-treatments\/\">Centre &#038; Departamente<\/a><ul class=\"sub-menu\"><li id=\"menu-item-3706\" class=\"menu-item menu-item-type-post_type menu-item-object-page menu-item-has-children menu-item-3706\"><a href=\"https:\/\/groupflorence.com\/ro\/centers-treatments\/spine-center-orthopedics\/\">Centrul Coloanei Vertebrale &#038; Ortopedie<\/a><ul class=\"sub-menu\"><li id=\"menu-item-3709\" class=\"menu-item menu-item-type-post_type menu-item-object-page menu-item-3709\"><a href=\"https:\/\/groupflorence.com\/ro\/centers-treatments\/spine-center-orthopedics\/scoliosis\/\">Scolioz\u0103<\/a><\/li><li id=\"menu-item-3713\" class=\"menu-item menu-item-type-post_type menu-item-object-page menu-item-3713\"><a href=\"https:\/\/groupflorence.com\/ro\/centers-treatments\/spine-center-orthopedics\/eos-ultra-low-dose-2d-3d-orthopedic-imager\/\">Imager Ortopedic 2D\/3D cu Doz\u0103 Ultra-mic\u0103<\/a><\/li><li id=\"menu-item-3717\" class=\"menu-item menu-item-type-post_type menu-item-object-page menu-item-3717\"><a href=\"https:\/\/groupflorence.com\/ro\/centers-treatments\/spine-center-orthopedics\/kyphosis\/\">Cifoz\u0103<\/a><\/li><li id=\"menu-item-3727\" class=\"menu-item menu-item-type-post_type menu-item-object-page menu-item-3727\"><a href=\"https:\/\/groupflorence.com\/ro\/centers-treatments\/spine-center-orthopedics\/lumbar-disc-hernia\/\">Hernie de Disc Lombar<\/a><\/li><li id=\"menu-item-3733\" class=\"menu-item menu-item-type-post_type menu-item-object-page menu-item-3733\"><a href=\"https:\/\/groupflorence.com\/ro\/centers-treatments\/spine-center-orthopedics\/spondylosis-and-spondylolisthesis\/\">Spondiloz\u0103 \u0219i Spondilolistez\u0103<\/a><\/li><\/ul><\/li><\/ul><\/li>\n<\/ul><\/div><\/div><div class=\"btClear btSeparator topSemiSpaced noBorder\" ><hr><\/div><div class=\"boldRow boldInnerRow  bt_bb_hidden_xs bt_bb_hidden_ms bt_bb_hidden_sm\" ><div class=\"rowItem rowInnerItem col-md-12  btTextCenter btMiddleVertical\"  ><div class=\"rowItemContent\"><div class=\"bpgPhoto btTextCenter\" > \r\n\t\t\t\t\t<a href=\"https:\/\/groupflorence.com\/ro\/patient-guide\/covid-19-precautions\/\" target=\"_blank\" title=\"\"><\/a>\r\n\t\t\t\t\t<div class=\"boldPhotoBox\"><div class=\"bpbItem\"><div class = \"btImage\"><img decoding=\"async\" src=\"https:\/\/groupflorence.com\/ro\/wp-content\/uploads\/2020\/12\/covid-safe-sidebar-320x186.jpg\" alt=\"\" title=\"\" ><\/div><\/div><\/div>\r\n\t\t\t\t\t<div class=\"captionPane\">\r\n\t\t\t\t\t\t<div class=\"captionTable\">\r\n\t\t\t\t\t\t\t<div class=\"captionCell\">\r\n\t\t\t\t\t\t\t\t<div class=\"captionTxt\"><\/div>\r\n\t\t\t\t\t\t\t<\/div>\r\n\t\t\t\t\t\t<\/div>\r\n\t\t\t\t\t<\/div><\/div><div class=\"btClear btSeparator topSmallSpaced bottomSmallSpaced border\" ><hr><\/div><a href=\"https:\/\/groupflorence.com\/ro\/contact-us\/\" class=\"btBtn btBtn btnFilledStyle btnAccentColor btnBig btnNormalWidth btnLeftPosition btnNoIcon\" ><span class=\"btnInnerText\">Ask A Question<\/span><\/a><\/div><\/div><\/div><\/div><\/div><div class=\"rowItem col-md-8 col-ms-12 btTextLeft\"  ><div class=\"rowItemContent\" ><div class=\"btClear btSeparator topSemiSpaced noBorder\" ><hr><\/div><header class=\"header btClear medium btDash bottomDash  btNormalDash\" ><div class=\"dash\"><h3><span class=\"headline\"><b class=\"animate\"> Scolioz\u0103 <\/b><\/span><\/h3><\/div><\/header><div class=\"btClear btSeparator topExtraSmallSpaced noBorder\" ><hr><\/div><div class=\"btText\" ><\/p>\n<p>Scolioza este o deviere semnificativ\u0103 a coloanei vertebrale \u00een lateral \u0219i\/sau devia\u021bia de rota\u021bie \u00een trei dimensiuni care pot fi v\u0103zute \u00een partea superioar\u0103 \u0219i\/sau inferioar\u0103 a spatelui. Vertebrele se afl\u0103 pe o linie vertical\u0103 dreapt\u0103 \u00eentr-o persoan\u0103 normal\u0103 \u0219i s\u0103n\u0103toas\u0103. \u00cen cazul scoliozelor, coloana vertebral\u0103 este curbat\u0103 spre dreapta sau spre st\u00e2nga \u0219i, de asemenea, rotit\u0103 \u00een jurul axei sale. Astfel de curbe poate fi o loca\u021bie a coloanei vertebrale, dar ar putea fi, de asemenea, \u00een mai multe loca\u021bii \u00een direc\u021bii diferite.<\/p>\n<h3><strong>Simptome<\/strong><\/h3>\n<p>Scolioza este mai frecvent\u0103 \u00een perioada adolescen\u021bei. Aceasta poate duce la daune cosmetice \u0219i irecuperabile ale inimii \u0219i sistemului respirator dac\u0103 nu este intervenit \u00een stadii incipiente. Este important pentru identificarea bolii pe care pacien\u021bii o observ\u0103 \u0219i forma corpului lor pentru a observa semnele.<\/p>\n<p>Aceste semne includ;<\/p>\n<ul>\n<li>Diferen\u021ba \u00een nivelul umerilor<\/li>\n<li>Proeminen\u021ba frontal\u0103 a unei p\u0103r\u021bi a coloanei vertebrale<\/li>\n<li>Oasele bombate pe o parte a spatelui (aspectul bulgy al scapulei)<\/li>\n<li>Abaterea dreapt\u0103 sau st\u00e2ng\u0103 \u00een echilibrul corpului<\/li>\n<\/ul>\n<h3><strong>Cum este diagnosticat\u0103? <\/strong><\/h3>\n<p>Diagnosticul se face printr-un film cu raze X care este luat cu pozi\u021bie \u00een picioare acoper\u0103 \u00eentreaga coloan\u0103 vertebral\u0103 \u0219i prin identificarea unuia sau mai multor semne de mai sus la examenul clinic. Este necesar\u0103 o examinare RMN pentru a identifica cauza dup\u0103 diagnosticarea scoliozelor. Unghiul este m\u0103surat \u00eentre vertebrele unde porne\u0219te curba \u0219i se termin\u0103 indicate pe radiografia coloanei vertebrale frontale, posterioare \u0219i laterale luate cu pozi\u021bie \u00een picioare. Acest unghi numit Cobb.<\/p>\n<h3><strong>Tipuri de scolioz\u0103<\/strong><\/h3>\n<p><strong>Scolioza con<\/strong><\/p>\n<p>Scolioza congenital\u0103 apare adesea la v\u00e2rste fragede \u0219i se dezvolt\u0103 asociat\u0103 cu un defect \u00een formarea coloanei vertebrale sau a unirii coastelor. Acesta trebuie identificat \u0219i tratat \u00een stadii incipiente. Poate ar\u0103ta o progresie rapid\u0103 \u00een func\u021bie de tipul de defect.<\/p>\n<p><strong>Scolioza neuromuscular\u0103<\/strong><\/p>\n<p>Acest lucru poate fi cauzat de paralizie muscular\u0103 asociat\u0103 cu boli neurologice, cum ar fi accident vascular cerebral, paralizie cerebral\u0103 sau distrofie muscular\u0103. Din nou, diagnosticarea precoce \u0219i tratamentul ar rezolva defectele progresive.<\/p>\n<p><strong>Scolioza idiopatic\u0103<\/strong><\/p>\n<p>Acest tip de scolioz\u0103 este cea mai comun\u0103 \u0219i viziunea predominant\u0103 convenit\u0103 recent \u00een publica\u021biile \u0219tiin\u021bifice este c\u0103 boala este ereditar\u0103. Se prezint\u0103 \u00een mod obi\u0219nuit la fete tinere \u00een perioada de dezvoltare rapid\u0103 a adolescen\u021bei. Scolioza adolescent\u0103 nu provoac\u0103 durere \u0219i este dificil de identificat. Astfel, scolioza poate fi \u00eenceput cu c\u00e2\u021biva ani \u00eenainte de identificare. Coloana vertebral\u0103 a copilului trebuie verificat\u0103 \u00een mod regulat p\u00e2n\u0103 c\u00e2nd cre\u0219terea este finalizat\u0103, deoarece scolioza poate ap\u0103rea oric\u00e2nd \u00een perioada adolescen\u021bei.<\/p>\n<h3><strong>Metode de tratament<\/strong><\/h3>\n<p>Se determin\u0103 pe baza dimensiunii curbei \u0219i \u00een ce stadiu este dezvoltarea osului. Cu c\u00e2t tratamentul este \u00eenceput mai devreme, cu at\u00e2t rata de succes este mai mare.<\/p>\n<p><strong>Observare<\/strong><\/p>\n<p>Numai observa\u021biile \u0219i controalele periodice trebuie s\u0103 fie suficiente la pacien\u021bii cu un grad mai mic de 20 \u0219i care au finalizat aproape dezvoltarea scheletului.<\/p>\n<p><strong>Aplicarea corsetului<\/strong><\/p>\n<p>Corsetul este destinat s\u0103 previn\u0103 cre\u0219terea curbei. Corsetul este deosebit de eficient \u00een cazul \u00een care curba este de aproximativ 30 de grade \u0219i la copiii care sunt \u00eenc\u0103 \u00een stadiul lor de dezvoltare. Efectul corsetului reduce \u00een cazul \u00een care curba este mai mare de 40 de grade \u0219i la copiii care au ani pentru a finaliza dezvoltarea scheletului. Curba poate fi crescut\u0103 \u00een ciuda tratamentului cu corsete. Rata acestui risc poate fi determinat\u0103 de 99% prin analiza genetic\u0103 din proba salivar\u0103, iar acest test este efectuat la centrul nostru.<\/p>\n<p><strong>Operatie<\/strong><\/p>\n<p>Tratamentul chirurgical este singura op\u021biune \u00een care curba este mai mare de 40 de grade \u0219i la pacien\u021bii care se afl\u0103 \u00eenc\u0103 \u00een stadiul lor de dezvoltare. Tratamentul chirurgical se efectueaz\u0103 cu succes cu implanturi (\u0219uruburi &#8211; bare) situate pe spate \u0219i spate. Monitorizarea (neuromonitorizarea) func\u0163iilor m\u0103duvei spin\u0103rii \u00een timpul interven\u0163iei chirurgicale este o metod\u0103 de cre\u015ftere a fiabilit\u0103\u0163ii opera\u0163iei pentru pacient \u015fi medic \u015fi utilizat\u0103 \u00een mod curent \u00een centrul nostru.<\/p>\n<p>Clinica noastr\u0103 este unul dintre centrele, care este indicat ca centru de referin\u021b\u0103 \u00een \u00eentreaga lume pentru opera\u021biile de scolioz\u0103. 65 de pacien\u021bi diagnostica\u021bi numai cu scolioz\u0103 idiopatic\u0103 adolescent\u0103 au suferit o interven\u021bie chirurgical\u0103 de scolioz\u0103 cu succes la spitalul nostru, \u00een 2012. Num\u0103rul de interven\u021bii chirurgicale aplicate pentru alte tipuri de scolioz\u0103 este destul de acela\u0219i.<\/p>\n<p>Procesul de chirurgie este organizat \u00eentr-o manier\u0103 extrem de profesionist\u0103 pentru confortul pacien\u021bilor. Metoda chirurgical\u0103 care trebuie aplicat\u0103 este determinat\u0103 de medicul dumneavoastr\u0103 pe baza tipului de scolioz\u0103 \u0219i vi se spune despre opera\u021bie \u00een detaliu. Doar o singur\u0103 opera\u0163ie este suficient\u0103 pentru ca 90% dintre pacien\u0163i s\u0103 ob\u0163in\u0103 un rezultat favorabil. Pacien\u0163ii s-au ridicat \u015fi au mers la o zi dup\u0103 opera\u0163ie. Durata spitaliz\u0103rii este de aproximativ 5 zile. Pacien\u021bii sunt, de obicei, capabili s\u0103 revin\u0103 la activit\u0103\u021bile lor zilnice \u00een trei s\u0103pt\u0103m\u00e2ni dup\u0103 opera\u021bie.<\/p>\n<p>\n<\/div><div class=\"btClear btSeparator topSemiSpaced noBorder\" ><hr><\/div><div class=\"boldRow boldInnerRow  \" ><div class=\"rowItem rowInnerItem col-md-4  btTextCenter inherit btNoPadding\" style=\"border: 1px solid #999;background-color: rgba(241, 241, 241, 1);\" ><div class=\"rowItemContent\"><div class=\"bpgPhoto btTextCenter\" ><div class=\"btImage\"><img decoding=\"async\" src=\"https:\/\/groupflorence.com\/ro\/wp-content\/uploads\/2020\/10\/Meric_-Ercan.jpg\" alt=\"\" title=\"\"><\/div><\/div><div class=\"btIconImageRow btIconsHalfHoverPosition\" ><\/div><div class=\"btClear btSeparator topSmallSpaced noBorder\" ><hr><\/div><div class=\"btText\" ><\/p>\n<h4><a href=\"https:\/\/groupflorence.com\/doctors\/meric-enercan\/\">Assoc. Prof. Meri\u00e7 Enercan, MD<\/a><\/h4>\n<p>\n<\/div><div class=\"btClear btSeparator bottomExtraSmallSpaced noBorder\" ><hr><\/div><a href=\"https:\/\/groupflorence.com\/doctors\/meric-enercan\/\" class=\"btBtn btBtn btnFilledStyle btnLightColor btnSmall btnNormalWidth btnRightPosition btnNoIcon\"  target=\"_blank\"><span class=\"btnInnerText\">VIEW CV<\/span><\/a><div class=\"btClear btSeparator topExtraSmallSpaced bottomSmallSpaced noBorder\" ><hr><\/div><\/div><\/div><div class=\"rowItem rowInnerItem col-md-4  btTextCenter inherit btNoPadding\" style=\"border: 1px solid #999;background-color: rgba(241, 241, 241, 1);\" ><div class=\"rowItemContent\"><div class=\"bpgPhoto btTextCenter\" ><div class=\"btImage\"><img decoding=\"async\" src=\"https:\/\/groupflorence.com\/ro\/wp-content\/uploads\/2020\/10\/Azmi-Hamzaog_lu.jpg\" alt=\"\" title=\"\"><\/div><\/div><div class=\"btIconImageRow btIconsHalfHoverPosition\" ><\/div><div class=\"btClear btSeparator topSmallSpaced noBorder\" ><hr><\/div><div class=\"btText\" ><\/p>\n<h4><a href=\"https:\/\/groupflorence.com\/ro\/doctors\/azmi-hamzaoglu\/\">Prof. Azmi Hamzao\u011flu, MD<\/a><\/h4>\n<p>\n<\/div><div class=\"btClear btSeparator bottomExtraSmallSpaced noBorder\" ><hr><\/div><a href=\"https:\/\/groupflorence.com\/ro\/doctors\/azmi-hamzaoglu\/\" class=\"btBtn btBtn btnFilledStyle btnLightColor btnSmall btnNormalWidth btnRightPosition btnNoIcon\"  target=\"_blank\"><span class=\"btnInnerText\">VIEW CV<\/span><\/a><div class=\"btClear btSeparator topExtraSmallSpaced bottomSmallSpaced noBorder\" ><hr><\/div><\/div><\/div><div class=\"rowItem rowInnerItem col-md-4  btTextCenter inherit btNoPadding\" style=\"background-color: rgba(241, 241, 241, 1);\" ><div class=\"rowItemContent\"><\/div><\/div><\/div><div class=\"btClear btSeparator topSemiSpaced noBorder\" ><hr><\/div><header class=\"header btClear medium btDash bottomDash  btAccentDash\" ><div class=\"dash\"><h3><span class=\"headline\"><em>Contact Us Now<\/em><\/span><\/h3><\/div><\/header><div class=\"btClear btSeparator bottomSmallSpaced noBorder\" ><hr><\/div><div class=\"btText\" >\n<div class=\"wpcf7 no-js\" id=\"wpcf7-f2891-o1\" lang=\"tr-TR\" dir=\"ltr\" data-wpcf7-id=\"2891\">\n<div class=\"screen-reader-response\"><p role=\"status\" aria-live=\"polite\" aria-atomic=\"true\"><\/p> <ul><\/ul><\/div>\n<form action=\"\/ro\/wp-json\/wp\/v2\/pages\/3704#wpcf7-f2891-o1\" method=\"post\" class=\"wpcf7-form init wpcf7-acceptance-as-validation\" aria-label=\"\u0130leti\u015fim Formu\" novalidate=\"novalidate\" data-status=\"init\">\n<fieldset class=\"hidden-fields-container\"><input type=\"hidden\" name=\"_wpcf7\" value=\"2891\" \/><input type=\"hidden\" name=\"_wpcf7_version\" value=\"6.1.5\" \/><input type=\"hidden\" name=\"_wpcf7_locale\" value=\"tr_TR\" \/><input type=\"hidden\" name=\"_wpcf7_unit_tag\" value=\"wpcf7-f2891-o1\" \/><input type=\"hidden\" name=\"_wpcf7_container_post\" value=\"0\" \/><input type=\"hidden\" name=\"_wpcf7_posted_data_hash\" value=\"\" \/>\n<\/fieldset>\n<p style=\"margin-bottom:30px !important;\">\u00cen timp ce completa\u021bi formularul de contact de mai jos, pute\u021bi, de asemenea, s\u0103 ne trimite\u021bi fi\u0219ierele medicale ale pacientului\/dumneavoastr\u0103 prin <strong>transfer<\/strong>. A doua opinie medical\u0103 v\u0103 va fi prezentat\u0103 \u00een termen de 48 de ore.\n<\/p>\n<div class=\"boldRow boldInnerRow  \">\n\t<div class=\"rowItem rowInnerItem col-md-6  btTextLeft\">\n\t\t<div class=\"rowItemContent\">\n\t\t\t<p><label><span class=\"bt_bb_required\">Numele t\u0103u<\/span><br \/>\n<span class=\"wpcf7-form-control-wrap\" data-name=\"your-name\"><input size=\"40\" maxlength=\"400\" class=\"wpcf7-form-control wpcf7-text wpcf7-validates-as-required\" aria-required=\"true\" aria-invalid=\"false\" value=\"\" type=\"text\" name=\"your-name\" \/><\/span> <\/label>\n\t\t\t<\/p>\n\t\t\t<p><label><span class=\"bt_bb_required\">E-mailul dvs.<\/span><br \/>\n<span class=\"wpcf7-form-control-wrap\" data-name=\"your-email\"><input size=\"40\" maxlength=\"400\" class=\"wpcf7-form-control wpcf7-email wpcf7-validates-as-required wpcf7-text wpcf7-validates-as-email\" aria-required=\"true\" aria-invalid=\"false\" value=\"\" type=\"email\" name=\"your-email\" \/><\/span> <\/label>\n\t\t\t<\/p>\n\t\t\t<p><label><span class=\"bt_bb_required\">Telefonul dvs.<\/span><br \/>\n<span class=\"wpcf7-form-control-wrap\" data-name=\"your-phone\"><input size=\"40\" class=\"wpcf7-form-control wpcf7-phonetext wpcf7-text wpcf7-validates-as-phonetext\" id=\"int_phone\" aria-invalid=\"false\" value=\"\" type=\"text\" name=\"your-phone\" \/><input type=\"hidden\" name=\"your-phone-country-code\" class=\"wpcf7-phonetext-country-code\" \/><\/span> <\/label>\n\t\t\t<\/p>\n\t\t\t<p><label><span class=\"bt_bb_required\">Mesajul dvs.<\/span><br \/>\n<span class=\"wpcf7-form-control-wrap\" data-name=\"your-message\"><textarea cols=\"40\" rows=\"10\" maxlength=\"2000\" class=\"wpcf7-form-control wpcf7-textarea wpcf7-validates-as-required\" aria-required=\"true\" aria-invalid=\"false\" name=\"your-message\"><\/textarea><\/span> <\/label>\n\t\t\t<\/p>\n\t\t\t<p><label><span class=\"bt_bb_required\" style=\"margin-top:25px !important;\"><span class=\"wpcf7-form-control-wrap\" data-name=\"accept-this-1\"><span class=\"wpcf7-form-control wpcf7-acceptance\"><span class=\"wpcf7-list-item\"><label><input type=\"checkbox\" name=\"accept-this-1\" value=\"1\" aria-invalid=\"false\" \/><span class=\"wpcf7-list-item-label\">Sunt de acord cu <a target=\"_blank\" href=\"https:\/\/groupflorence.com\/ro\/terms-of-use\/\">Termenii \u0219i Serviciile<\/a>.<\/span><\/label><\/span><\/span><\/span><\/span><\/label>\n\t\t\t<\/p>\n\t\t\t<p><input class=\"wpcf7-form-control wpcf7-submit has-spinner contact_button_int\" type=\"submit\" value=\"TRIMITE MESAJ\" \/>\n\t\t\t<\/p>\n\t\t<\/div>\n\t<\/div>\n\t<div class=\"rowItem rowInnerItem col-md-6  btTextLeft\">\n\t\t<div class=\"rowItemContent\">\n\t\t\t<p align=\"center\" style=\"margin-top:30px;\"><br \/>\n<a href=\"http:\/\/florencenightingale.wetransfer.com\/\" target=\"_blank\" title=\"Click Here To Transfer Your Documents via WeTransfer\"><img decoding=\"async\"  align=\"center\" style=\"max-width:250px !important;\" class=\"lazy loaded\" src=\"https:\/\/groupflorence.com\/ro\/wp-content\/uploads\/2020\/08\/89130-wetransfer-default-logo-rgb-original-1365619064-e1599162229581.png\" data-src=\"https:\/\/groupflorence.com\/ro\/wp-content\/uploads\/2020\/08\/89130-wetransfer-default-logo-rgb-original-1365619064-e1599162229581.png\" alt=\"Click Here To Transfer Your Documents via WeTransfer\" title=\"Click Here To Transfer Your Documents via WeTransfer\" data-was-processed=\"true\" \/><\/a>\n\t\t\t<\/p>\n\t\t\t<h3 align=\"center\"><a href=\"http:\/\/florencenightingale.wetransfer.com\/\" target=\"_blank\" title=\"Click Here To Transfer Your Documents via WeTransfer\">Trimite prin WeTransfer<\/a>\n\t\t\t<\/h3>\n\t\t\t<p align=\"center\">Pute\u021bi trimite documentele dvs. medicale supradimensionate (\u00eenregistr\u0103ri RMN, rezultate de laborator, imagini etc.) folosind contul nostru WeTransfer. Este u\u0219or, rapid \u0219i sigur.\n\t\t\t<\/p>\n\t\t<\/div>\n\t\t<center>\n\t\t\t<p><a href=\"http:\/\/florencenightingale.wetransfer.com\/\" class=\"btBtn btBtn btnFilledStyle btnAccentColor btnSmall btnNormalWidth btnRightPosition btnNoIcon\" target=\"_blank\"><span class=\"btnInnerText\">Trimite acum<\/span><\/a>\n\t\t\t<\/p>\n\t\t<\/center>\n\t<\/div>\n<\/div><div class=\"wpcf7-response-output\" aria-hidden=\"true\"><\/div>\n<\/form>\n<\/div>\n<\/div><div class=\"btClear btSeparator topSpaced noBorder\" ><hr><\/div><\/div><\/div><\/div><\/div><\/div><\/div><\/div><\/section>\n","protected":false},"excerpt":{"rendered":"","protected":false},"author":1,"featured_media":0,"parent":2463,"menu_order":2,"comment_status":"closed","ping_status":"closed","template":"","meta":{"footnotes":""},"class_list":["post-3704","page","type-page","status-publish","hentry"],"_links":{"self":[{"href":"https:\/\/groupflorence.com\/ro\/wp-json\/wp\/v2\/pages\/3704","targetHints":{"allow":["GET"]}}],"collection":[{"href":"https:\/\/groupflorence.com\/ro\/wp-json\/wp\/v2\/pages"}],"about":[{"href":"https:\/\/groupflorence.com\/ro\/wp-json\/wp\/v2\/types\/page"}],"author":[{"embeddable":true,"href":"https:\/\/groupflorence.com\/ro\/wp-json\/wp\/v2\/users\/1"}],"replies":[{"embeddable":true,"href":"https:\/\/groupflorence.com\/ro\/wp-json\/wp\/v2\/comments?post=3704"}],"version-history":[{"count":4,"href":"https:\/\/groupflorence.com\/ro\/wp-json\/wp\/v2\/pages\/3704\/revisions"}],"predecessor-version":[{"id":6052,"href":"https:\/\/groupflorence.com\/ro\/wp-json\/wp\/v2\/pages\/3704\/revisions\/6052"}],"up":[{"embeddable":true,"href":"https:\/\/groupflorence.com\/ro\/wp-json\/wp\/v2\/pages\/2463"}],"wp:attachment":[{"href":"https:\/\/groupflorence.com\/ro\/wp-json\/wp\/v2\/media?parent=3704"}],"curies":[{"name":"wp","href":"https:\/\/api.w.org\/{rel}","templated":true}]}}