{"id":3697,"date":"2020-10-01T21:45:22","date_gmt":"2020-10-01T18:45:22","guid":{"rendered":"https:\/\/groupflorence.com\/ro\/?page_id=3697"},"modified":"2020-12-17T01:16:37","modified_gmt":"2020-12-16T22:16:37","slug":"gamma-knife-and-open-surgery","status":"publish","type":"page","link":"https:\/\/groupflorence.com\/ro\/centers-treatments\/gamma-knife-center\/gamma-knife-and-open-surgery\/","title":{"rendered":"Gamma Knife vs Chirurgie Deschis\u0103"},"content":{"rendered":"<section id=\"bt_section69d15b92164e7\"  class=\"boldSection gutter\" ><div class=\"port\"><div class=\"boldCell\"><div class=\"boldCellInner\"><div class=\"boldRow  \" ><div class=\"boldRowInner\"><div class=\"rowItem col-md-4 col-ms-12 btTextLeft\"  ><div class=\"rowItemContent\" ><div class=\"btClear btSeparator topSpaced noBorder\" ><hr><\/div><div class=\"btCustomMenu treatment-sidebar\" ><div class=\"menu-gamma-knife-center-container\"><ul id=\"menu-gamma-knife-center\" class=\"menu\"><li id=\"menu-item-3340\" class=\"menu-item menu-item-type-post_type menu-item-object-page menu-item-has-children menu-item-3340\"><a href=\"https:\/\/groupflorence.com\/ro\/centers-treatments\/\">Centre &#038; Departamente<\/a><ul class=\"sub-menu\"><li id=\"menu-item-3341\" class=\"menu-item menu-item-type-post_type menu-item-object-page menu-item-has-children menu-item-3341\"><a href=\"https:\/\/groupflorence.com\/ro\/centers-treatments\/gamma-knife-center\/\">Centru de Gamma Knife<\/a><ul class=\"sub-menu\"><li id=\"menu-item-3686\" class=\"menu-item menu-item-type-post_type menu-item-object-page menu-item-3686\"><a href=\"https:\/\/groupflorence.com\/ro\/centers-treatments\/gamma-knife-center\/gamma-knife-center-brain-surgery\/\">Gamma Knife Center | Operatie pe Creier<\/a><\/li><li id=\"menu-item-3685\" class=\"menu-item menu-item-type-post_type menu-item-object-page menu-item-3685\"><a href=\"https:\/\/groupflorence.com\/ro\/centers-treatments\/gamma-knife-center\/what-is-gamma-knife-surgery\/\">Ce este Chirurgia Gamma Knife?<\/a><\/li><li id=\"menu-item-3692\" class=\"menu-item menu-item-type-post_type menu-item-object-page menu-item-3692\"><a href=\"https:\/\/groupflorence.com\/ro\/centers-treatments\/gamma-knife-center\/what-are-the-treatment-phases-of-gamma-knife-perfexion\/\">Etapele Tratamentul Gamma Knife<\/a><\/li><li id=\"menu-item-3696\" class=\"menu-item menu-item-type-post_type menu-item-object-page menu-item-3696\"><a href=\"https:\/\/groupflorence.com\/ro\/centers-treatments\/gamma-knife-center\/gamma-knife-application-areas\/\">Domenii de Aplicare Gamma Knife<\/a><\/li><li id=\"menu-item-3700\" class=\"menu-item menu-item-type-post_type menu-item-object-page menu-item-3700\"><a href=\"https:\/\/groupflorence.com\/ro\/centers-treatments\/gamma-knife-center\/gamma-knife-and-open-surgery\/\">Gamma Knife vs Chirurgie Deschis\u0103<\/a><\/li><\/ul><\/li><\/ul><\/li>\n<\/ul><\/div><\/div><div class=\"btClear btSeparator topSemiSpaced noBorder\" ><hr><\/div><div class=\"boldRow boldInnerRow  bt_bb_hidden_xs bt_bb_hidden_ms bt_bb_hidden_sm\" ><div class=\"rowItem rowInnerItem col-md-12  btTextCenter btMiddleVertical\"  ><div class=\"rowItemContent\"><div class=\"bpgPhoto btTextCenter\" > \r\n\t\t\t\t\t<a href=\"https:\/\/groupflorence.com\/ro\/patient-guide\/covid-19-precautions\/\" target=\"_blank\" title=\"\"><\/a>\r\n\t\t\t\t\t<div class=\"boldPhotoBox\"><div class=\"bpbItem\"><div class = \"btImage\"><img decoding=\"async\" src=\"https:\/\/groupflorence.com\/ro\/wp-content\/uploads\/2020\/12\/covid-safe-sidebar-320x186.jpg\" alt=\"\" title=\"\" ><\/div><\/div><\/div>\r\n\t\t\t\t\t<div class=\"captionPane\">\r\n\t\t\t\t\t\t<div class=\"captionTable\">\r\n\t\t\t\t\t\t\t<div class=\"captionCell\">\r\n\t\t\t\t\t\t\t\t<div class=\"captionTxt\"><\/div>\r\n\t\t\t\t\t\t\t<\/div>\r\n\t\t\t\t\t\t<\/div>\r\n\t\t\t\t\t<\/div><\/div><div class=\"btClear btSeparator topSmallSpaced bottomSmallSpaced border\" ><hr><\/div><a href=\"https:\/\/groupflorence.com\/ro\/contact-us\/\" class=\"btBtn btBtn btnFilledStyle btnAccentColor btnBig btnNormalWidth btnLeftPosition btnNoIcon\" ><span class=\"btnInnerText\">Ask A Question<\/span><\/a><\/div><\/div><\/div><\/div><\/div><div class=\"rowItem col-md-8 col-ms-12 btTextLeft\"  ><div class=\"rowItemContent\" ><div class=\"btClear btSeparator topSemiSpaced noBorder\" ><hr><\/div><header class=\"header btClear medium btDash bottomDash  btNormalDash\" ><div class=\"dash\"><h3><span class=\"headline\"><b class=\"animate\">Compararea Radiochirurgiei cu Gamma Knife cu Chirurgia Deschis\u0103<\/b><\/span><\/h3><\/div><\/header><div class=\"btClear btSeparator topSmallSpaced noBorder\" ><hr><\/div><header class=\"header btClear medium btDash bottomDash  btAccentDash\" ><div class=\"dash\"><h3><span class=\"headline\"> Avantajele radiochirurgiei cu cu\u021bit Gamma<\/span><\/h3><\/div><\/header><div class=\"btClear btSeparator topExtraSmallSpaced noBorder\" ><hr><\/div><div class=\"btText\" ><\/p>\n<ul>\n<li>Acesta este finalizat la o singur\u0103 sesiune \u00eentr-o zi.<\/li>\n<li>Ar putea fi aplicat\u0103 \u00een cazuri f\u0103r\u0103 posibilitate chirurgical\u0103.<\/li>\n<li>Metoda de sensibilitate ridicat\u0103 pentru direc\u021bionare.<\/li>\n<li>Risc minim comparativ cu chirurgia normal\u0103.<\/li>\n<li>Tratament u\u015for f\u0103r\u0103 durere.<\/li>\n<li>Pacientul s-ar putea \u00eentoarce imediat la rutina zilnic\u0103.<\/li>\n<li>Ar putea fi repetat\u0103 dup\u0103 cum este necesar.<\/li>\n<li>Nu exist\u0103 nici o \u00eendoial\u0103, o interven\u021bie chirurgical\u0103 deschis\u0103 nu a putut fi \u00eenlocuit\u0103 cu o interven\u021bie chirurgical\u0103 Gamma Knife \u0219i de fapt nu exist\u0103 un astfel de obiectiv, dimpotriv\u0103 acestea sunt metode chirurgicale care se completeaz\u0103 reciproc. Unele dintre leziuni sunt mai potrivite pentru Chirurgia Cu\u021bitului Gamma, \u00een timp ce unele sunt mai potrivite pentru o interven\u021bie chirurgical\u0103 deschis\u0103.<\/li>\n<\/ul>\n<p>\u00cen unele cazuri, ambele trebuie aplicate. De exemplu, \u00een cazul tumorilor mai mari, ar putea fi aplicat\u0103 o procedur\u0103 planificat\u0103 \u00een dou\u0103 etape, iar volumul leziunii ar putea sc\u0103dea, iar tumorile, inaccesibile sau irecevabile datorit\u0103 loca\u021biei lor, ar putea fi tratate cu Chirurgie Gamma Knife.<br \/>\n\u00cen cazurile \u00een care s-ar putea aplica Chirurgia Gamma Knife; \u00een ceea ce prive\u0219te costul pacien\u021bilor \u0219i cheltuielile de tretment, Chirurgia Gamm Knife este mai preferabil\u0103 \u00een compara\u021bie cu chirurgia deschis\u0103. Cu siguran\u021b\u0103, pacien\u021bii vor prefera o metod\u0103 non-s\u00e2nge, non-durere \u0219i non-anestemetoda de tratament<\/p>\n<p>\n<\/div><div class=\"btClear btSeparator topSmallSpaced noBorder\" ><hr><\/div><header class=\"header btClear medium btDash bottomDash  btAccentDash\" ><div class=\"dash\"><h3><span class=\"headline\">Indica\u021bii tratate cu tratamentul cu\u021bitului Gamma<\/span><\/h3><\/div><\/header><div class=\"btClear btSeparator topExtraSmallSpaced noBorder\" ><hr><\/div><div class=\"btText\" ><\/p>\n<h4>Hpofiza Adenoame<\/h4>\n<p>Hipofiza adenoamelor sunt tratate de Gamma Knife Perfexion. \u00cempreun\u0103 cu tumorile primare, \u00een tumorile reziduale \u0219i recurente, tratamentul ar putea fi planificat prin protejarea nervilor optici, tulpin\u0103 \u0219i \u021besuturi normale.Implicarea sinusului cavernos, care necesit\u0103 o interven\u021bie chirurgical\u0103 extrem de riscant\u0103, este prima preferin\u021b\u0103 \u00een special \u00een cazul adenoamelor de filtrare carotide.<\/p>\n<h4>Meningioame<\/h4>\n<p>Care rezult\u0103 din cortexul cerebral, cea mai mare parte tumori benigne care locuiesc \u00een zone riscante pentru \u00eendep\u0103rtarea chirurgical\u0103. Este posibil s\u0103 se trateze aceste tumori prin metoda Radiosurgery Gamma Knife Perfexion. \u00cen cazurile mari de meningiom, ca urmare a rezec\u021biei chirurgicale maxime, aplicarea Gamma Knife Perfexion Radiosurgery pe tumorile situate riscante a fost o metod\u0103 popular\u0103 \u00een ultimii ani, \u0219i acceptat ca complica\u021bie sc\u0103zut\u0103- metod\u0103. \u00cen plus, este utilizat \u00een mod activ \u00een tratamentul cazurilor recurente de meningiom.<\/p>\n<h4>Nevralgie de trigemen<\/h4>\n<p>Tratamentul nevralgiei trigeminale care cauzeaz\u0103 dureri faciale grave se poate face prin metoda Radiosurgery Gamma Knife Perfexion. Celelalte metode de terapie destinate acestei boli (decompresie microvascular\u0103, RF retrogazier percutanat \u0219i compresie, injec\u021bii locale etc.) sunt aplicate \u00een Grupul Florence Nightingale.<\/p>\n<p>\n<\/div><div class=\"btClear btSeparator bottomSmallSpaced noBorder\" ><hr><\/div><header class=\"header btClear medium btDash bottomDash  btAccentDash\" ><div class=\"dash\"><h3><span class=\"headline\"><em>Contact Us Now<\/em><\/span><\/h3><\/div><\/header><div class=\"btClear btSeparator bottomSmallSpaced noBorder\" ><hr><\/div><div class=\"btText\" >\n<div class=\"wpcf7 no-js\" id=\"wpcf7-f2891-o1\" lang=\"tr-TR\" dir=\"ltr\" data-wpcf7-id=\"2891\">\n<div class=\"screen-reader-response\"><p role=\"status\" aria-live=\"polite\" aria-atomic=\"true\"><\/p> <ul><\/ul><\/div>\n<form action=\"\/ro\/wp-json\/wp\/v2\/pages\/3697#wpcf7-f2891-o1\" method=\"post\" class=\"wpcf7-form init wpcf7-acceptance-as-validation\" aria-label=\"\u0130leti\u015fim Formu\" novalidate=\"novalidate\" data-status=\"init\">\n<fieldset class=\"hidden-fields-container\"><input type=\"hidden\" name=\"_wpcf7\" value=\"2891\" \/><input type=\"hidden\" name=\"_wpcf7_version\" value=\"6.1.5\" \/><input type=\"hidden\" name=\"_wpcf7_locale\" value=\"tr_TR\" \/><input type=\"hidden\" name=\"_wpcf7_unit_tag\" value=\"wpcf7-f2891-o1\" \/><input type=\"hidden\" name=\"_wpcf7_container_post\" value=\"0\" \/><input type=\"hidden\" name=\"_wpcf7_posted_data_hash\" value=\"\" \/>\n<\/fieldset>\n<p style=\"margin-bottom:30px !important;\">\u00cen timp ce completa\u021bi formularul de contact de mai jos, pute\u021bi, de asemenea, s\u0103 ne trimite\u021bi fi\u0219ierele medicale ale pacientului\/dumneavoastr\u0103 prin <strong>transfer<\/strong>. A doua opinie medical\u0103 v\u0103 va fi prezentat\u0103 \u00een termen de 48 de ore.\n<\/p>\n<div class=\"boldRow boldInnerRow  \">\n\t<div class=\"rowItem rowInnerItem col-md-6  btTextLeft\">\n\t\t<div class=\"rowItemContent\">\n\t\t\t<p><label><span class=\"bt_bb_required\">Numele t\u0103u<\/span><br \/>\n<span class=\"wpcf7-form-control-wrap\" data-name=\"your-name\"><input size=\"40\" maxlength=\"400\" class=\"wpcf7-form-control wpcf7-text wpcf7-validates-as-required\" aria-required=\"true\" aria-invalid=\"false\" value=\"\" type=\"text\" name=\"your-name\" \/><\/span> <\/label>\n\t\t\t<\/p>\n\t\t\t<p><label><span class=\"bt_bb_required\">E-mailul dvs.<\/span><br \/>\n<span class=\"wpcf7-form-control-wrap\" data-name=\"your-email\"><input size=\"40\" maxlength=\"400\" class=\"wpcf7-form-control wpcf7-email wpcf7-validates-as-required wpcf7-text wpcf7-validates-as-email\" aria-required=\"true\" aria-invalid=\"false\" value=\"\" type=\"email\" name=\"your-email\" \/><\/span> <\/label>\n\t\t\t<\/p>\n\t\t\t<p><label><span class=\"bt_bb_required\">Telefonul dvs.<\/span><br \/>\n<span class=\"wpcf7-form-control-wrap\" data-name=\"your-phone\"><input size=\"40\" class=\"wpcf7-form-control wpcf7-phonetext wpcf7-text wpcf7-validates-as-phonetext\" id=\"int_phone\" aria-invalid=\"false\" value=\"\" type=\"text\" name=\"your-phone\" \/><input type=\"hidden\" name=\"your-phone-country-code\" class=\"wpcf7-phonetext-country-code\" \/><\/span> <\/label>\n\t\t\t<\/p>\n\t\t\t<p><label><span class=\"bt_bb_required\">Mesajul dvs.<\/span><br \/>\n<span class=\"wpcf7-form-control-wrap\" data-name=\"your-message\"><textarea cols=\"40\" rows=\"10\" maxlength=\"2000\" class=\"wpcf7-form-control wpcf7-textarea wpcf7-validates-as-required\" aria-required=\"true\" aria-invalid=\"false\" name=\"your-message\"><\/textarea><\/span> <\/label>\n\t\t\t<\/p>\n\t\t\t<p><label><span class=\"bt_bb_required\" style=\"margin-top:25px !important;\"><span class=\"wpcf7-form-control-wrap\" data-name=\"accept-this-1\"><span class=\"wpcf7-form-control wpcf7-acceptance\"><span class=\"wpcf7-list-item\"><label><input type=\"checkbox\" name=\"accept-this-1\" value=\"1\" aria-invalid=\"false\" \/><span class=\"wpcf7-list-item-label\">Sunt de acord cu <a target=\"_blank\" href=\"https:\/\/groupflorence.com\/ro\/terms-of-use\/\">Termenii \u0219i Serviciile<\/a>.<\/span><\/label><\/span><\/span><\/span><\/span><\/label>\n\t\t\t<\/p>\n\t\t\t<p><input class=\"wpcf7-form-control wpcf7-submit has-spinner contact_button_int\" type=\"submit\" value=\"TRIMITE MESAJ\" \/>\n\t\t\t<\/p>\n\t\t<\/div>\n\t<\/div>\n\t<div class=\"rowItem rowInnerItem col-md-6  btTextLeft\">\n\t\t<div class=\"rowItemContent\">\n\t\t\t<p align=\"center\" style=\"margin-top:30px;\"><br \/>\n<a href=\"http:\/\/florencenightingale.wetransfer.com\/\" target=\"_blank\" title=\"Click Here To Transfer Your Documents via WeTransfer\"><img decoding=\"async\"  align=\"center\" style=\"max-width:250px !important;\" class=\"lazy loaded\" src=\"https:\/\/groupflorence.com\/ro\/wp-content\/uploads\/2020\/08\/89130-wetransfer-default-logo-rgb-original-1365619064-e1599162229581.png\" data-src=\"https:\/\/groupflorence.com\/ro\/wp-content\/uploads\/2020\/08\/89130-wetransfer-default-logo-rgb-original-1365619064-e1599162229581.png\" alt=\"Click Here To Transfer Your Documents via WeTransfer\" title=\"Click Here To Transfer Your Documents via WeTransfer\" data-was-processed=\"true\" \/><\/a>\n\t\t\t<\/p>\n\t\t\t<h3 align=\"center\"><a href=\"http:\/\/florencenightingale.wetransfer.com\/\" target=\"_blank\" title=\"Click Here To Transfer Your Documents via WeTransfer\">Trimite prin WeTransfer<\/a>\n\t\t\t<\/h3>\n\t\t\t<p align=\"center\">Pute\u021bi trimite documentele dvs. medicale supradimensionate (\u00eenregistr\u0103ri RMN, rezultate de laborator, imagini etc.) folosind contul nostru WeTransfer. Este u\u0219or, rapid \u0219i sigur.\n\t\t\t<\/p>\n\t\t<\/div>\n\t\t<center>\n\t\t\t<p><a href=\"http:\/\/florencenightingale.wetransfer.com\/\" class=\"btBtn btBtn btnFilledStyle btnAccentColor btnSmall btnNormalWidth btnRightPosition btnNoIcon\" target=\"_blank\"><span class=\"btnInnerText\">Trimite acum<\/span><\/a>\n\t\t\t<\/p>\n\t\t<\/center>\n\t<\/div>\n<\/div><div class=\"wpcf7-response-output\" aria-hidden=\"true\"><\/div>\n<\/form>\n<\/div>\n<\/div><div class=\"btClear btSeparator topSpaced noBorder\" ><hr><\/div><\/div><\/div><\/div><\/div><\/div><\/div><\/div><\/section>\n","protected":false},"excerpt":{"rendered":"","protected":false},"author":1,"featured_media":0,"parent":2421,"menu_order":6,"comment_status":"closed","ping_status":"closed","template":"","meta":{"footnotes":""},"class_list":["post-3697","page","type-page","status-publish","hentry"],"_links":{"self":[{"href":"https:\/\/groupflorence.com\/ro\/wp-json\/wp\/v2\/pages\/3697","targetHints":{"allow":["GET"]}}],"collection":[{"href":"https:\/\/groupflorence.com\/ro\/wp-json\/wp\/v2\/pages"}],"about":[{"href":"https:\/\/groupflorence.com\/ro\/wp-json\/wp\/v2\/types\/page"}],"author":[{"embeddable":true,"href":"https:\/\/groupflorence.com\/ro\/wp-json\/wp\/v2\/users\/1"}],"replies":[{"embeddable":true,"href":"https:\/\/groupflorence.com\/ro\/wp-json\/wp\/v2\/comments?post=3697"}],"version-history":[{"count":3,"href":"https:\/\/groupflorence.com\/ro\/wp-json\/wp\/v2\/pages\/3697\/revisions"}],"predecessor-version":[{"id":6105,"href":"https:\/\/groupflorence.com\/ro\/wp-json\/wp\/v2\/pages\/3697\/revisions\/6105"}],"up":[{"embeddable":true,"href":"https:\/\/groupflorence.com\/ro\/wp-json\/wp\/v2\/pages\/2421"}],"wp:attachment":[{"href":"https:\/\/groupflorence.com\/ro\/wp-json\/wp\/v2\/media?parent=3697"}],"curies":[{"name":"wp","href":"https:\/\/api.w.org\/{rel}","templated":true}]}}