{"id":3688,"date":"2020-10-01T21:39:38","date_gmt":"2020-10-01T18:39:38","guid":{"rendered":"https:\/\/groupflorence.com\/ro\/?page_id=3688"},"modified":"2020-12-17T01:13:22","modified_gmt":"2020-12-16T22:13:22","slug":"what-are-the-treatment-phases-of-gamma-knife-perfexion","status":"publish","type":"page","link":"https:\/\/groupflorence.com\/ro\/centers-treatments\/gamma-knife-center\/what-are-the-treatment-phases-of-gamma-knife-perfexion\/","title":{"rendered":"Etapele Tratamentul Gamma Knife"},"content":{"rendered":"<section id=\"bt_section69ec2515cb4e6\"  class=\"boldSection gutter\" ><div class=\"port\"><div class=\"boldCell\"><div class=\"boldCellInner\"><div class=\"boldRow  \" ><div class=\"boldRowInner\"><div class=\"rowItem col-md-4 col-ms-12 btTextLeft\"  ><div class=\"rowItemContent\" ><div class=\"btClear btSeparator topSpaced noBorder\" ><hr><\/div><div class=\"btCustomMenu treatment-sidebar\" ><div class=\"menu-gamma-knife-center-container\"><ul id=\"menu-gamma-knife-center\" class=\"menu\"><li id=\"menu-item-3340\" class=\"menu-item menu-item-type-post_type menu-item-object-page menu-item-has-children menu-item-3340\"><a href=\"https:\/\/groupflorence.com\/ro\/centers-treatments\/\">Centre &#038; Departamente<\/a><ul class=\"sub-menu\"><li id=\"menu-item-3341\" class=\"menu-item menu-item-type-post_type menu-item-object-page menu-item-has-children menu-item-3341\"><a href=\"https:\/\/groupflorence.com\/ro\/centers-treatments\/gamma-knife-center\/\">Centru de Gamma Knife<\/a><ul class=\"sub-menu\"><li id=\"menu-item-3686\" class=\"menu-item menu-item-type-post_type menu-item-object-page menu-item-3686\"><a href=\"https:\/\/groupflorence.com\/ro\/centers-treatments\/gamma-knife-center\/gamma-knife-center-brain-surgery\/\">Gamma Knife Center | Operatie pe Creier<\/a><\/li><li id=\"menu-item-3685\" class=\"menu-item menu-item-type-post_type menu-item-object-page menu-item-3685\"><a href=\"https:\/\/groupflorence.com\/ro\/centers-treatments\/gamma-knife-center\/what-is-gamma-knife-surgery\/\">Ce este Chirurgia Gamma Knife?<\/a><\/li><li id=\"menu-item-3692\" class=\"menu-item menu-item-type-post_type menu-item-object-page menu-item-3692\"><a href=\"https:\/\/groupflorence.com\/ro\/centers-treatments\/gamma-knife-center\/what-are-the-treatment-phases-of-gamma-knife-perfexion\/\">Etapele Tratamentul Gamma Knife<\/a><\/li><li id=\"menu-item-3696\" class=\"menu-item menu-item-type-post_type menu-item-object-page menu-item-3696\"><a href=\"https:\/\/groupflorence.com\/ro\/centers-treatments\/gamma-knife-center\/gamma-knife-application-areas\/\">Domenii de Aplicare Gamma Knife<\/a><\/li><li id=\"menu-item-3700\" class=\"menu-item menu-item-type-post_type menu-item-object-page menu-item-3700\"><a href=\"https:\/\/groupflorence.com\/ro\/centers-treatments\/gamma-knife-center\/gamma-knife-and-open-surgery\/\">Gamma Knife vs Chirurgie Deschis\u0103<\/a><\/li><\/ul><\/li><\/ul><\/li>\n<\/ul><\/div><\/div><div class=\"btClear btSeparator topSemiSpaced noBorder\" ><hr><\/div><div class=\"boldRow boldInnerRow  bt_bb_hidden_xs bt_bb_hidden_ms bt_bb_hidden_sm\" ><div class=\"rowItem rowInnerItem col-md-12  btTextCenter btMiddleVertical\"  ><div class=\"rowItemContent\"><div class=\"bpgPhoto btTextCenter\" > \r\n\t\t\t\t\t<a href=\"https:\/\/groupflorence.com\/ro\/patient-guide\/covid-19-precautions\/\" target=\"_blank\" title=\"\"><\/a>\r\n\t\t\t\t\t<div class=\"boldPhotoBox\"><div class=\"bpbItem\"><div class = \"btImage\"><img decoding=\"async\" src=\"https:\/\/groupflorence.com\/ro\/wp-content\/uploads\/2020\/12\/covid-safe-sidebar-320x186.jpg\" alt=\"\" title=\"\" ><\/div><\/div><\/div>\r\n\t\t\t\t\t<div class=\"captionPane\">\r\n\t\t\t\t\t\t<div class=\"captionTable\">\r\n\t\t\t\t\t\t\t<div class=\"captionCell\">\r\n\t\t\t\t\t\t\t\t<div class=\"captionTxt\"><\/div>\r\n\t\t\t\t\t\t\t<\/div>\r\n\t\t\t\t\t\t<\/div>\r\n\t\t\t\t\t<\/div><\/div><div class=\"btClear btSeparator topSmallSpaced bottomSmallSpaced border\" ><hr><\/div><a href=\"https:\/\/groupflorence.com\/ro\/contact-us\/\" class=\"btBtn btBtn btnFilledStyle btnAccentColor btnBig btnNormalWidth btnLeftPosition btnNoIcon\" ><span class=\"btnInnerText\">Ask A Question<\/span><\/a><\/div><\/div><\/div><\/div><\/div><div class=\"rowItem col-md-8 col-ms-12 btTextLeft\"  ><div class=\"rowItemContent\" ><div class=\"btClear btSeparator topSemiSpaced noBorder\" ><hr><\/div><header class=\"header btClear medium btDash bottomDash  btNormalDash\" ><div class=\"dash\"><h3><span class=\"headline\"><b class=\"animate\">Care sunt fazele de tratament ale Gamma Knife Perfexion?<\/b><\/span><\/h3><\/div><\/header><div class=\"btClear btSeparator topExtraSmallSpaced noBorder\" ><hr><\/div><div class=\"btText\" ><\/p>\n<p>Selectarea pacientului \u0219i pre-opera\u021bie: Decizia de radiochirurgie este luat\u0103 dup\u0103 evaluarea tuturor informa\u021biilor cu privire la pacient \u0219i un consens este fondat de un consiliu care const\u0103 dintr-un chirurg cerebral, radiooncolog \u0219i al\u021bi speciali\u0219ti. Consensul \u0219i posibilele metode alternative sunt transmise rudelor pacientului \u0219i pacientului. Acestea primesc informa\u021bii privind fazele de radiochirurgie \u0219i protocolul de urm\u0103rire. Deoarece aceast\u0103 metod\u0103 nu necesit\u0103 nici o incizie, t\u0103iere de p\u0103r sau anestezie general\u0103 \u0219i este o metod\u0103 minim invaziv\u0103, ace\u0219tia sunt informa\u021bi c\u0103 procedura va fi finalizat\u0103 \u00een timpul zilei \u0219i pacientul va fi acas\u0103 seara.<\/p>\n<p>\n<\/div><div class=\"btClear btSeparator topSmallSpaced noBorder\" ><hr><\/div><header class=\"header btClear medium btDash bottomDash  btAccentDash\" ><div class=\"dash\"><h3><span class=\"headline\">Plasarea cadrului<\/span><\/h3><\/div><\/header><div class=\"btClear btSeparator topExtraSmallSpaced noBorder\" ><hr><\/div><div class=\"btText\" ><\/p>\n<p>\u00cen Gamma Knife Radiosurgery, plasarea cadrului este etapa necesar\u0103 pentru a stabili \u021bint\u0103 pentru a fi lovit cu mare precizie. Cadrul este stabilizat rigid pe craniu prin \u0219uruburi pe patru puncte diferite, ceea ce permite un tratament real radiochirurgie streotactica, spre deosebire de multe alte metode de radioterapie.\u00cen timp ce sensibilitatea este luat\u0103 sub garan\u021bie de c\u0103tre Elekta Corporation p\u00e2n\u0103 la 0,5 mm, \u00een aplicarea zilnic\u0103, \u021binta este atins\u0103 cu o sensibilitate mai mare, \u00een medie de 0,15 mm.<\/p>\n<p>Cadrul este plasat pe punctele de stabilizare sub sedare u\u015foar\u0103, iar anestezia local\u0103 este dat\u0103 punctelor de stabilizare de pe capul pacientului. Singurul dezavantaj al acestei proceduri, de\u0219i este u\u0219or de tolerat de c\u0103tre pacien\u021bi, este limitarea c\u0103 nu a putut fi aplicat\u0103 sub copiii de 8 ani din cauza grosimii \u0219i durit\u0103\u021bii insuficiente a craniului.<\/p>\n<p>\n<\/div><div class=\"btClear btSeparator topSmallSpaced noBorder\" ><hr><\/div><header class=\"header btClear medium btDash bottomDash  btAccentDash\" ><div class=\"dash\"><h3><span class=\"headline\">Direc\u021bionarea direc\u021bion\u0103rii \u0219i planificarea dozei<\/span><\/h3><\/div><\/header><div class=\"btClear btSeparator topExtraSmallSpaced noBorder\" ><hr><\/div><div class=\"btText\" ><\/p>\n<p>Dup\u0103 imagistica radiologic\u0103, pacientul este dus \u00een camer\u0103 \u0219i are \u0219ansa de a se odihni, m\u00e2nca, bea etc. \u00een timpul perioadei de 1-2 ore de planificare a dozei. Imaginile radiologice, implicate \u00een volumul stereotactic, sunt utilizate \u00een programul de planificare a tratamentului. \u021ainta \u0219i grani\u021bele sale sunt identificate, doza care trebuie trimis\u0103 este determinat\u0103 \u0219i planificarea dozei se face pe \u021bint\u0103. Toate etapele sunt verificate individual de c\u0103tre echipa Gamma Knife.<\/p>\n<p>\n<\/div><div class=\"btClear btSeparator topSmallSpaced noBorder\" ><hr><\/div><header class=\"header btClear medium btDash bottomDash  btAccentDash\" ><div class=\"dash\"><h3><span class=\"headline\">Tratamentul radiochirurgical<\/span><\/h3><\/div><\/header><div class=\"btClear btSeparator topExtraSmallSpaced noBorder\" ><hr><\/div><div class=\"btText\" ><\/p>\n<p>Dup\u0103 finalizarea fazei de planificare, pacientul este luat \u00een unitatea de tratament. Perioada de timp de tratament se schimb\u0103 de la c\u00e2teva minute la c\u00e2teva ore \u00een func\u021bie de num\u0103rul \u0219i m\u0103rimea leziunilor. Unitatea de tratament este o zon\u0103 extrem de luminoas\u0103 \u0219i larg\u0103. Unitatea de iradiere este, de asemenea, extrem de larg\u0103 \u0219i, astfel, nu exist\u0103 nici o problem\u0103 pentru pacien\u021bii claustrofobi. Pacientul este urmat de un monitor \u0219i comunicat vocal prin perioada de tratament. \u00cen cazul oric\u0103rei probleme, este posibil s\u0103 se acorde o pauz\u0103 tratamentului \u0219i, apoi, s\u0103 se continue din acela\u0219i punct.<\/p>\n<p>\n<\/div><div class=\"btClear btSeparator topSmallSpaced noBorder\" ><hr><\/div><header class=\"header btClear medium btDash bottomDash  btAccentDash\" ><div class=\"dash\"><h3><span class=\"headline\">Postoperarea<\/span><\/h3><\/div><\/header><div class=\"btClear btSeparator topExtraSmallSpaced noBorder\" ><hr><\/div><div class=\"btText\" ><\/p>\n<p>Dup\u0103 tratament, cadrul este \u00eendep\u0103rtat din craniul pacientului. Un raport care include detaliile fazelor de terapie \u0219i planificare este dat rudelor pacientului sau pacientului. Pacientul este dus \u00een camer\u0103 s\u0103 se odihneasc\u0103 c\u00e2teva ore \u0219i eliberat mai t\u00e2rziu. Nu exist\u0103 complica\u021bii post-terapie sau efecte secundare observate.<\/p>\n<p>\n<\/div><div class=\"btClear btSeparator topSmallSpaced noBorder\" ><hr><\/div><header class=\"header btClear medium btDash bottomDash  btAccentDash\" ><div class=\"dash\"><h3><span class=\"headline\">Urm\u0103rire<\/span><\/h3><\/div><\/header><div class=\"btClear btSeparator topExtraSmallSpaced noBorder\" ><hr><\/div><div class=\"btText\" ><\/p>\n<p>Pacientul este controlat la anumite intervale de timp, \u00een func\u021bie de leziunile tratate \u0219i sunt luate periodic imagini radiologice orientate spre control.<\/p>\n<p>\n<\/div><div class=\"btClear btSeparator topSemiSpaced noBorder\" ><hr><\/div><header class=\"header btClear medium btDash bottomDash  btAccentDash\" ><div class=\"dash\"><h3><span class=\"headline\"><em>Contact Us Now<\/em><\/span><\/h3><\/div><\/header><div class=\"btClear btSeparator bottomSmallSpaced noBorder\" ><hr><\/div><div class=\"btText\" >\n<div class=\"wpcf7 no-js\" id=\"wpcf7-f2891-o1\" lang=\"tr-TR\" dir=\"ltr\" data-wpcf7-id=\"2891\">\n<div class=\"screen-reader-response\"><p role=\"status\" aria-live=\"polite\" aria-atomic=\"true\"><\/p> <ul><\/ul><\/div>\n<form action=\"\/ro\/wp-json\/wp\/v2\/pages\/3688#wpcf7-f2891-o1\" method=\"post\" class=\"wpcf7-form init wpcf7-acceptance-as-validation\" aria-label=\"\u0130leti\u015fim Formu\" novalidate=\"novalidate\" data-status=\"init\">\n<fieldset class=\"hidden-fields-container\"><input type=\"hidden\" name=\"_wpcf7\" value=\"2891\" \/><input type=\"hidden\" name=\"_wpcf7_version\" value=\"6.1.5\" \/><input type=\"hidden\" name=\"_wpcf7_locale\" value=\"tr_TR\" \/><input type=\"hidden\" name=\"_wpcf7_unit_tag\" value=\"wpcf7-f2891-o1\" \/><input type=\"hidden\" name=\"_wpcf7_container_post\" value=\"0\" \/><input type=\"hidden\" name=\"_wpcf7_posted_data_hash\" value=\"\" \/>\n<\/fieldset>\n<p style=\"margin-bottom:30px !important;\">\u00cen timp ce completa\u021bi formularul de contact de mai jos, pute\u021bi, de asemenea, s\u0103 ne trimite\u021bi fi\u0219ierele medicale ale pacientului\/dumneavoastr\u0103 prin <strong>transfer<\/strong>. A doua opinie medical\u0103 v\u0103 va fi prezentat\u0103 \u00een termen de 48 de ore.\n<\/p>\n<div class=\"boldRow boldInnerRow  \">\n\t<div class=\"rowItem rowInnerItem col-md-6  btTextLeft\">\n\t\t<div class=\"rowItemContent\">\n\t\t\t<p><label><span class=\"bt_bb_required\">Numele t\u0103u<\/span><br \/>\n<span class=\"wpcf7-form-control-wrap\" data-name=\"your-name\"><input size=\"40\" maxlength=\"400\" class=\"wpcf7-form-control wpcf7-text wpcf7-validates-as-required\" aria-required=\"true\" aria-invalid=\"false\" value=\"\" type=\"text\" name=\"your-name\" \/><\/span> <\/label>\n\t\t\t<\/p>\n\t\t\t<p><label><span class=\"bt_bb_required\">E-mailul dvs.<\/span><br \/>\n<span class=\"wpcf7-form-control-wrap\" data-name=\"your-email\"><input size=\"40\" maxlength=\"400\" class=\"wpcf7-form-control wpcf7-email wpcf7-validates-as-required wpcf7-text wpcf7-validates-as-email\" aria-required=\"true\" aria-invalid=\"false\" value=\"\" type=\"email\" name=\"your-email\" \/><\/span> <\/label>\n\t\t\t<\/p>\n\t\t\t<p><label><span class=\"bt_bb_required\">Telefonul dvs.<\/span><br \/>\n<span class=\"wpcf7-form-control-wrap\" data-name=\"your-phone\"><input size=\"40\" class=\"wpcf7-form-control wpcf7-phonetext wpcf7-text wpcf7-validates-as-phonetext\" id=\"int_phone\" aria-invalid=\"false\" value=\"\" type=\"text\" name=\"your-phone\" \/><input type=\"hidden\" name=\"your-phone-country-code\" class=\"wpcf7-phonetext-country-code\" \/><\/span> <\/label>\n\t\t\t<\/p>\n\t\t\t<p><label><span class=\"bt_bb_required\">Mesajul dvs.<\/span><br \/>\n<span class=\"wpcf7-form-control-wrap\" data-name=\"your-message\"><textarea cols=\"40\" rows=\"10\" maxlength=\"2000\" class=\"wpcf7-form-control wpcf7-textarea wpcf7-validates-as-required\" aria-required=\"true\" aria-invalid=\"false\" name=\"your-message\"><\/textarea><\/span> <\/label>\n\t\t\t<\/p>\n\t\t\t<p><label><span class=\"bt_bb_required\" style=\"margin-top:25px !important;\"><span class=\"wpcf7-form-control-wrap\" data-name=\"accept-this-1\"><span class=\"wpcf7-form-control wpcf7-acceptance\"><span class=\"wpcf7-list-item\"><label><input type=\"checkbox\" name=\"accept-this-1\" value=\"1\" aria-invalid=\"false\" \/><span class=\"wpcf7-list-item-label\">Sunt de acord cu <a target=\"_blank\" href=\"https:\/\/groupflorence.com\/ro\/terms-of-use\/\">Termenii \u0219i Serviciile<\/a>.<\/span><\/label><\/span><\/span><\/span><\/span><\/label>\n\t\t\t<\/p>\n\t\t\t<p><input class=\"wpcf7-form-control wpcf7-submit has-spinner contact_button_int\" type=\"submit\" value=\"TRIMITE MESAJ\" \/>\n\t\t\t<\/p>\n\t\t<\/div>\n\t<\/div>\n\t<div class=\"rowItem rowInnerItem col-md-6  btTextLeft\">\n\t\t<div class=\"rowItemContent\">\n\t\t\t<p align=\"center\" style=\"margin-top:30px;\"><br \/>\n<a href=\"http:\/\/florencenightingale.wetransfer.com\/\" target=\"_blank\" title=\"Click Here To Transfer Your Documents via WeTransfer\"><img decoding=\"async\"  align=\"center\" style=\"max-width:250px !important;\" class=\"lazy loaded\" src=\"https:\/\/groupflorence.com\/ro\/wp-content\/uploads\/2020\/08\/89130-wetransfer-default-logo-rgb-original-1365619064-e1599162229581.png\" data-src=\"https:\/\/groupflorence.com\/ro\/wp-content\/uploads\/2020\/08\/89130-wetransfer-default-logo-rgb-original-1365619064-e1599162229581.png\" alt=\"Click Here To Transfer Your Documents via WeTransfer\" title=\"Click Here To Transfer Your Documents via WeTransfer\" data-was-processed=\"true\" \/><\/a>\n\t\t\t<\/p>\n\t\t\t<h3 align=\"center\"><a href=\"http:\/\/florencenightingale.wetransfer.com\/\" target=\"_blank\" title=\"Click Here To Transfer Your Documents via WeTransfer\">Trimite prin WeTransfer<\/a>\n\t\t\t<\/h3>\n\t\t\t<p align=\"center\">Pute\u021bi trimite documentele dvs. medicale supradimensionate (\u00eenregistr\u0103ri RMN, rezultate de laborator, imagini etc.) folosind contul nostru WeTransfer. Este u\u0219or, rapid \u0219i sigur.\n\t\t\t<\/p>\n\t\t<\/div>\n\t\t<center>\n\t\t\t<p><a href=\"http:\/\/florencenightingale.wetransfer.com\/\" class=\"btBtn btBtn btnFilledStyle btnAccentColor btnSmall btnNormalWidth btnRightPosition btnNoIcon\" target=\"_blank\"><span class=\"btnInnerText\">Trimite acum<\/span><\/a>\n\t\t\t<\/p>\n\t\t<\/center>\n\t<\/div>\n<\/div><div class=\"wpcf7-response-output\" aria-hidden=\"true\"><\/div>\n<\/form>\n<\/div>\n<\/div><div class=\"btClear btSeparator topSpaced noBorder\" ><hr><\/div><\/div><\/div><\/div><\/div><\/div><\/div><\/div><\/section>\n","protected":false},"excerpt":{"rendered":"","protected":false},"author":1,"featured_media":0,"parent":2421,"menu_order":4,"comment_status":"closed","ping_status":"closed","template":"","meta":{"footnotes":""},"class_list":["post-3688","page","type-page","status-publish","hentry"],"_links":{"self":[{"href":"https:\/\/groupflorence.com\/ro\/wp-json\/wp\/v2\/pages\/3688","targetHints":{"allow":["GET"]}}],"collection":[{"href":"https:\/\/groupflorence.com\/ro\/wp-json\/wp\/v2\/pages"}],"about":[{"href":"https:\/\/groupflorence.com\/ro\/wp-json\/wp\/v2\/types\/page"}],"author":[{"embeddable":true,"href":"https:\/\/groupflorence.com\/ro\/wp-json\/wp\/v2\/users\/1"}],"replies":[{"embeddable":true,"href":"https:\/\/groupflorence.com\/ro\/wp-json\/wp\/v2\/comments?post=3688"}],"version-history":[{"count":3,"href":"https:\/\/groupflorence.com\/ro\/wp-json\/wp\/v2\/pages\/3688\/revisions"}],"predecessor-version":[{"id":6101,"href":"https:\/\/groupflorence.com\/ro\/wp-json\/wp\/v2\/pages\/3688\/revisions\/6101"}],"up":[{"embeddable":true,"href":"https:\/\/groupflorence.com\/ro\/wp-json\/wp\/v2\/pages\/2421"}],"wp:attachment":[{"href":"https:\/\/groupflorence.com\/ro\/wp-json\/wp\/v2\/media?parent=3688"}],"curies":[{"name":"wp","href":"https:\/\/api.w.org\/{rel}","templated":true}]}}