{"id":3626,"date":"2020-10-01T19:07:46","date_gmt":"2020-10-01T16:07:46","guid":{"rendered":"https:\/\/groupflorence.com\/ro\/?page_id=3626"},"modified":"2020-12-17T00:52:09","modified_gmt":"2020-12-16T21:52:09","slug":"patients-from-abroad","status":"publish","type":"page","link":"https:\/\/groupflorence.com\/ro\/centers-treatments\/kidney-transplantation-center\/patients-from-abroad\/","title":{"rendered":"Pacien\u0163i din Str\u0103in\u0103tate"},"content":{"rendered":"<section id=\"bt_section69eb980c9e1aa\"  class=\"boldSection gutter\" ><div class=\"port\"><div class=\"boldCell\"><div class=\"boldCellInner\"><div class=\"boldRow  \" ><div class=\"boldRowInner\"><div class=\"rowItem col-md-4 col-ms-12 btTextLeft\"  ><div class=\"rowItemContent\" ><div class=\"btClear btSeparator topSpaced noBorder\" ><hr><\/div><div class=\"btCustomMenu treatment-sidebar\" ><div class=\"menu-kidney-transplantation-container\"><ul id=\"menu-kidney-transplantation\" class=\"menu\"><li id=\"menu-item-3618\" class=\"menu-item menu-item-type-post_type menu-item-object-page menu-item-has-children menu-item-3618\"><a href=\"https:\/\/groupflorence.com\/ro\/centers-treatments\/\">Centre &#038; Departamente<\/a><ul class=\"sub-menu\"><li id=\"menu-item-3619\" class=\"menu-item menu-item-type-post_type menu-item-object-page menu-item-has-children menu-item-3619\"><a href=\"https:\/\/groupflorence.com\/ro\/centers-treatments\/kidney-transplantation-center\/\">Centrul de Transplantare a Rinichilor<\/a><ul class=\"sub-menu\"><li id=\"menu-item-3616\" class=\"menu-item menu-item-type-post_type menu-item-object-page menu-item-3616\"><a href=\"https:\/\/groupflorence.com\/ro\/centers-treatments\/kidney-transplantation-center\/who-can-be-a-kidney-transplant-donor\/\">Cine poate fi un donator de transplant de rinichi?<\/a><\/li><li id=\"menu-item-3615\" class=\"menu-item menu-item-type-post_type menu-item-object-page menu-item-3615\"><a href=\"https:\/\/groupflorence.com\/ro\/centers-treatments\/kidney-transplantation-center\/the-process-before-kidney-transplant\/\">Procesul \u00eenainte de transplantul de rinichi<\/a><\/li><li id=\"menu-item-3622\" class=\"menu-item menu-item-type-post_type menu-item-object-page menu-item-3622\"><a href=\"https:\/\/groupflorence.com\/ro\/centers-treatments\/kidney-transplantation-center\/kidney-transplant-process\/\">Transplantul de Rinichi<\/a><\/li><li id=\"menu-item-3629\" class=\"menu-item menu-item-type-post_type menu-item-object-page menu-item-3629\"><a href=\"https:\/\/groupflorence.com\/ro\/centers-treatments\/kidney-transplantation-center\/kidney-transplantation-in-children\/\">Transplantul de Rinichi la Copii<\/a><\/li><li id=\"menu-item-3628\" class=\"menu-item menu-item-type-post_type menu-item-object-page menu-item-3628\"><a href=\"https:\/\/groupflorence.com\/ro\/centers-treatments\/kidney-transplantation-center\/patients-from-abroad\/\">Pacien\u0163i din Str\u0103in\u0103tate<\/a><\/li><li id=\"menu-item-3634\" class=\"menu-item menu-item-type-post_type menu-item-object-page menu-item-3634\"><a href=\"https:\/\/groupflorence.com\/ro\/centers-treatments\/kidney-transplantation-center\/retroperitonoscopic-nephrectomy-for-donors\/\">Nefrectomie Retroperitonoscopic\u0103 pentru Donatori<\/a><\/li><\/ul><\/li><\/ul><\/li>\n<\/ul><\/div><\/div><div class=\"btClear btSeparator topSemiSpaced noBorder\" ><hr><\/div><div class=\"boldRow boldInnerRow  bt_bb_hidden_xs bt_bb_hidden_ms bt_bb_hidden_sm\" ><div class=\"rowItem rowInnerItem col-md-12  btTextCenter btMiddleVertical\"  ><div class=\"rowItemContent\"><div class=\"bpgPhoto btTextCenter\" > \r\n\t\t\t\t\t<a href=\"https:\/\/groupflorence.com\/ro\/patient-guide\/covid-19-precautions\/\" target=\"_blank\" title=\"\"><\/a>\r\n\t\t\t\t\t<div class=\"boldPhotoBox\"><div class=\"bpbItem\"><div class = \"btImage\"><img decoding=\"async\" src=\"https:\/\/groupflorence.com\/ro\/wp-content\/uploads\/2020\/12\/covid-safe-sidebar-320x186.jpg\" alt=\"\" title=\"\" ><\/div><\/div><\/div>\r\n\t\t\t\t\t<div class=\"captionPane\">\r\n\t\t\t\t\t\t<div class=\"captionTable\">\r\n\t\t\t\t\t\t\t<div class=\"captionCell\">\r\n\t\t\t\t\t\t\t\t<div class=\"captionTxt\"><\/div>\r\n\t\t\t\t\t\t\t<\/div>\r\n\t\t\t\t\t\t<\/div>\r\n\t\t\t\t\t<\/div><\/div><div class=\"btClear btSeparator topSmallSpaced bottomSmallSpaced border\" ><hr><\/div><a href=\"https:\/\/groupflorence.com\/ro\/contact-us\/\" class=\"btBtn btBtn btnFilledStyle btnAccentColor btnBig btnNormalWidth btnLeftPosition btnNoIcon\" ><span class=\"btnInnerText\">Ask A Question<\/span><\/a><\/div><\/div><\/div><\/div><\/div><div class=\"rowItem col-md-8 col-ms-12 btTextLeft\"  ><div class=\"rowItemContent\" ><div class=\"btClear btSeparator topSemiSpaced noBorder\" ><hr><\/div><header class=\"header btClear medium btDash bottomDash  btNormalDash\" ><div class=\"dash\"><h3><span class=\"headline\"><b class=\"animate\">Pacien\u0163i din Str\u0103in\u0103tate<\/b><\/span><\/h3><\/div><\/header><div class=\"btClear btSeparator topSemiSpaced noBorder\" ><hr><\/div><div class=\"btText\" ><\/p>\n<h4>Pentru a ajunge la centrul nostru de transplant de rinichi din alte \u021b\u0103ri<\/h4>\n<p>Pacien\u0163ii din str\u0103in\u0103tate se adreseaz\u0103 cel mai frecvent <strong>Centrului nostru de Transplant<\/strong> de Rinichi din Orientul Mijlociu, Europa de Est \u015fi alte republici turcice datorit\u0103 spitalice\u015fti de calitate \u015fi serviciilor medicale avansate din Turcia. Deoarece numai pacien\u021bilor turci li se permite s\u0103 aplice pentru Lista Na\u021bional\u0103 de Transplant de Rinichi Cadaverici, pacien\u021bii no\u0219tri din str\u0103in\u0103tate pot beneficia de transplant de rinichi \u00een via\u021b\u0103-donator.<\/p>\n<p>Ast\u0103zi, tratamentul cel mai de succes pentru insuficien\u021ba renal\u0103 este transplantul de rinichi. Transplantul de rinichi ofer\u0103 o via\u021b\u0103 lung\u0103 \u0219i s\u0103n\u0103toas\u0103. \u00cen toate \u021b\u0103rile dezvoltate, precum \u0219i \u00een \u021bara noastr\u0103, Ministerul S\u0103n\u0103t\u0103\u021bii recomand\u0103 transplantul de rinichi ca tratament \u00een prim\u0103 etap\u0103 \u0219i recomand\u0103 ca pacien\u021bii care \u00eencep dializa s\u0103 fie evalua\u021bi \u0219i pentru transplantul de rinichi la un centru de transplant de organe.<\/p>\n<h3><strong>Probleme care trebuie s\u0103 \u0219tie<\/strong><\/h3>\n<ul>\n<li><em>Cine nu poate fi transplantat?<br \/>\n<\/em>Pacien\u0163i, care sunt depistate boli cardiace severe, care nu pot suporta riscul interven\u0163iei chirurgicale; pacien\u0163i cu boli canceroase, pacien\u0163i cu boli infec\u0163ioase active.<\/li>\n<li><sup>Rudele pacien\u021bilor str\u0103ini, care vor fi donatori de rinichi, trebuie s\u0103 se afle \u00een apropierea gradului 4 de rudenie, dup\u0103 cum se specific\u0103 \u00een reglement\u0103rile privind transplantul de organe din \u021bara noastr\u0103.<\/sup> <sup>\u00een-lege rudenie este, de asemenea, acceptat\u0103 \u00een conformitate cu reglement\u0103rile din \u021bara noastr\u0103, gradul 4 de rudenie a so\u021bului sunt, de asemenea, considerate a fi rude apropiate.<\/sup><\/li>\n<li>\u00cen cazul \u00een care pacien\u021bii din str\u0103in\u0103tate prezint\u0103 neconformitate cu grupa de s\u00e2nge, evaluarea acestora \u00eentr-o list\u0103 de transplanturi \u00eencruci\u0219ate cu celelalte cupluri din centrul nostru poate oferi o \u0219ans\u0103 suplimentar\u0103 de transplant pacien\u021bilor str\u0103ini.<\/li>\n<li>Pacien\u021bii interna\u021bi \u00een centrul nostru sunt spitaliza\u021bi \u0219i evalua\u021bi rapid pentru eligibilitatea transplantului renal. Evalu\u0103rile medicului specialist, examin\u0103rile detaliate ale \u021besuturilor \u0219i \u00eencruci\u0219ate sunt finalizate. Procesul de preparare pentru transplantul de rinichi dureaz\u0103 de obicei 2-3 zile. \u00cen centrul nostru, prioritatea opera\u021biei este acordat\u0103 pacien\u021bilor oaspe\u021bi din str\u0103in\u0103tate.<\/li>\n<li>Dac\u0103 beneficiarul \u015fi donatorul sunt g\u0103si\u0163i eligibili pentru transplantul de rinichi, opera\u0163ia de transplant renal se efectueaz\u0103 \u00een aceea\u015fi s\u0103pt\u0103m\u00e2n\u0103.<\/li>\n<li>Pacien\u021bii din str\u0103in\u0103tate sunt urm\u0103ri\u021bi \u00een programul nostru de urm\u0103rire a transplantului de rinichi dup\u0103 transplant.<\/li>\n<\/ul>\n<p>Oamenii, care doresc s\u0103 doneze rinichi pentru rudele lor, sunt operate \u00een centrul nostru prin \u201etehnica retroperitoneoscopie\u201d, care este mult mai avansat \u0219i mai sigur mod \u201etehnica laparoscopic\u0103\u201d efectuate pe scar\u0103 larg\u0103 \u00een lume. \u00cen tehnica laparoscopic\u0103; riscul de a dezvolta leziuni ale organelor intra-abdominale, aderen\u021belor intestinale \u0219i chiar obstruc\u021biei intestinale \u00een timpul interven\u021biei chirurgicale este prezent datorit\u0103 \u00eendep\u0103rt\u0103rii rinichilor prin intrarea \u00een abdomen.<\/p>\n<h3><strong>Minimiz\u0103m riscurile, maximiz\u0103m siguran\u021ba pentru donatori!<\/strong><\/h3>\n<p>\u00cen centrul nostru, \u00eendep\u0103rtarea rinichilor este asigurat\u0103 printr-o mic\u0103 incizii chirurgicale sub camera f\u0103r\u0103 nici un contact cu organele intra-abdominale folosind tehnica retroperitoneoscopic\u0103. Prin utilizarea acestei tehnici chirurgicale avansate, putem evita aspectul negativ al tehnicii laparoscopice. Astfel, donatorii vor putea p\u0103r\u0103si spitalul \u00een 2-3 zile.<\/p>\n<h3><strong>Transplantul de rinichi \u00een condi\u021bii dificile<\/strong><\/h3>\n<p>Transplantul \u00eencruci\u0219at (fraternitatea rinichilor) este o metod\u0103 adecvat\u0103 pentru a dep\u0103\u0219i problema incompatibilit\u0103\u021bii grupului sanguin \u00eentre donator \u0219i beneficiar. \u00cen acest caz, schimbarea donatorului poate fi f\u0103cut\u0103 \u00eentre destinatarul cu grupa de s\u00e2nge A \u0219i cuplul donator cu grupa de s\u00e2nge B \u0219i destinatarul cu grupul de s\u00e2nge B \u0219i cuplul donator cu grupa sanguin\u0103 A; \u0219i ambele opera\u021bii pot fi efectuate prin admiterea pacien\u021bilor \u0219i a donatorilor \u00een acela\u0219i timp.<\/p>\n<h3><strong>Dup\u0103 depunerea candidaturii<\/strong><\/h3>\n<ul>\n<li>C\u00e2nd a\u021bi venit pentru prima dat\u0103 la centrul nostru, v\u0103 ve\u021bi \u00eent\u00e2lni cu coordonatorii, chirurgul transplantului de organe \u0219i specialistul \u00een nefrologie din echipa noastr\u0103 de transplant.<\/li>\n<li>Dup\u0103 efectuarea istoricului \u0219i a examin\u0103rii fizice \u00eentr-un mod detaliat, examenele curente vor fi evaluate \u0219i vor fi solicitate examin\u0103rile suplimentare necesare.<\/li>\n<li>Determinarea grupei sanguine, determinarea tipului de \u0163esut \u015fi examenele de determinare a nivelului de anticorpi vor fi efectuate \u00een acela\u015fi timp.<\/li>\n<li>Atunci c\u00e2nd este necesar, transferul de informa\u021bii reciproce este efectuat cu medicul dumneavoastr\u0103 \u00een urma bolii renale.<\/li>\n<li>V\u0103 recomand\u0103m insistent s\u0103 evalua\u021bi oportunit\u0103\u021bile dvs. \u00een special cu privire la transplantul de rinichi viu-donator \u00eenainte de a aplica la noi \u0219i s\u0103 \u00eentreba\u021bi dac\u0103 una dintre rudele dvs. este dispus\u0103 s\u0103 fie donatorul.<\/li>\n<li>C\u00e2nd v\u0103 adresa\u021bi la noi, boala dvs. de rinichi \u0219i alte probleme de s\u0103n\u0103tate vor fi evaluate \u00een detaliu.<\/li>\n<li>Evaluarea performan\u021bei cardiace la pacien\u021bii care vor fi supu\u0219i transplantului de rinichi este foarte important\u0103. Pacien\u021bii care vor fi supu\u0219i transplantului de rinichi de viu-donator sunt evalua\u021bi cu ecocardiografie sau test de stres \u00eenainte de opera\u021bie.<\/li>\n<li>Dac\u0103 donatorul dvs. este una dintre rudele dvs., donatorul dvs. va fi evaluat \u00een detaliu de specialistul \u00een nefrologie \u0219i de chirurgul transplantului.<\/li>\n<li>Dac\u0103 starea de s\u0103n\u0103tate a donatorului este bun\u0103, se efectueaz\u0103 teste de s\u00e2nge.<\/li>\n<li>Dac\u0103 testele sunt \u00een limite normale, atunci se efectueaz\u0103 tomografie computerizat\u0103 3D abdominal\u0103 pentru a controla structura \u0219i vascularizarea rinichilor.<\/li>\n<li>Dup\u0103 evaluarea minim\u0103 a condi\u021biilor de s\u0103n\u0103tate at\u00e2t a donatorului, c\u00e2t \u0219i a beneficiarului, iar rezultatele sunt normale, se efectueaz\u0103 transplantul de rinichi viu-donator.<\/li>\n<\/ul>\n<h3><strong>Ce teste sunt efectuate pe beneficiarii de rinichi?<\/strong><\/h3>\n<ul>\n<li>Testele de s\u00e2nge de rutin\u0103 \u0219i imagistic\u0103 care vor fi efectuate la persoanele care urmeaz\u0103 s\u0103 fie efectuate transplant de rinichi \u00eenainte de transplant sunt finalizate \u00een decurs de 2-3 zile.<\/li>\n<li>Se evalueaz\u0103 testele cardiologice, cum ar fi ecocardiografia efectuat\u0103 recent.<\/li>\n<li>\u00cen cazuri precum prezen\u021ba anterioar\u0103 a tuberculozei sau a unei boli infec\u021bioase similare, rinichii care cauzeaz\u0103 frecvent infec\u021bii, rinichi polichistic, prezen\u021ba hepatitei B sau C pot fi solicitate examin\u0103ri suplimentare.<\/li>\n<li>Bolile existente trebuie evaluate cu aten\u021bie \u00eenainte de transplant, pentru a se asigura c\u0103 totul merge bine dup\u0103 transplantul de rinichi.<\/li>\n<\/ul>\n<h3><strong>Ce teste sunt efectuate pe donatorii de rinichi?<\/strong><\/h3>\n<p>Preparatele f\u0103cute de persoana care dore\u0219te s\u0103 doneze rinichi, se efectueaz\u0103 cu<\/p>\n<ul>\n<li>teste de s\u00e2nge \u0219i urin\u0103;<\/li>\n<li>examin\u0103rile \u021besuturilor \u0219i \u00eencruci\u0219ate;<\/li>\n<li>evalu\u0103ri ale exper\u021bilor;<\/li>\n<li>tomografie computerizata la rinichi.<\/li>\n<\/ul>\n<p>Testele de s\u00e2nge \u0219i urin\u0103 ale donatorului de rinichi sunt efectuate mai \u00eent\u00e2i. Toate testele de s\u00e2nge \u0219i urin\u0103 rezult\u0103 \u00eentr-o zi. Pentru a colecta toat\u0103 urina \u00een 24 de ore este cerut pentru sumar de urina. Prin urmare, persoana donatoare trebuie s\u0103 \u00eenceap\u0103 s\u0103 acumuleze urin\u0103 cu o zi \u00eenainte de examinare. Lua\u021bi un recipient de ap\u0103 curat, gol, din plastic pentru colectarea urinei de 24 de ore. Este foarte valoros s\u0103 colecta\u021bi fiecare pic\u0103tur\u0103 de urin\u0103 pe care o face\u021bi \u00een ceea ce prive\u0219te rezultatul testului care trebuie efectuat.<\/p>\n<p>Pute\u021bi \u00eencepe colectarea urinei din momentul \u00een care v\u0103 trezi\u021bi \u00een mod normal diminea\u021ba. Se toarn\u0103 prima urin\u0103 dup\u0103 trezire la toalet\u0103. Str\u00e2nge\u021bi urina pe care o face\u021bi toat\u0103 ziua \u0219i peste noapte \u00een recipientul dat \u0219i, de asemenea, face\u021bi prima urin\u0103 diminea\u021ba urm\u0103toare \u00een recipientul pe care \u00eel acumula\u021bi urin\u0103. Procesul de colectare a urinei se va \u00eencheia atunci c\u00e2nd ad\u0103uga\u021bi prima urin\u0103 a zilei urm\u0103toare \u00een recipientul de colectare. Toat\u0103 urina colectat\u0103 trebuie prezentat\u0103 la laborator.<\/p>\n<p>\n<\/div><div class=\"btClear btSeparator topSemiSpaced noBorder\" ><hr><\/div><header class=\"header btClear medium btDash bottomDash  btAccentDash\" ><div class=\"dash\"><h3><span class=\"headline\"><em>Contact Us Now<\/em><\/span><\/h3><\/div><\/header><div class=\"btClear btSeparator bottomSmallSpaced noBorder\" ><hr><\/div><div class=\"btText\" >\n<div class=\"wpcf7 no-js\" id=\"wpcf7-f2891-o1\" lang=\"tr-TR\" dir=\"ltr\" data-wpcf7-id=\"2891\">\n<div class=\"screen-reader-response\"><p role=\"status\" aria-live=\"polite\" aria-atomic=\"true\"><\/p> <ul><\/ul><\/div>\n<form action=\"\/ro\/wp-json\/wp\/v2\/pages\/3626#wpcf7-f2891-o1\" method=\"post\" class=\"wpcf7-form init wpcf7-acceptance-as-validation\" aria-label=\"\u0130leti\u015fim Formu\" novalidate=\"novalidate\" data-status=\"init\">\n<fieldset class=\"hidden-fields-container\"><input type=\"hidden\" name=\"_wpcf7\" value=\"2891\" \/><input type=\"hidden\" name=\"_wpcf7_version\" value=\"6.1.5\" \/><input type=\"hidden\" name=\"_wpcf7_locale\" value=\"tr_TR\" \/><input type=\"hidden\" name=\"_wpcf7_unit_tag\" value=\"wpcf7-f2891-o1\" \/><input type=\"hidden\" name=\"_wpcf7_container_post\" value=\"0\" \/><input type=\"hidden\" name=\"_wpcf7_posted_data_hash\" value=\"\" \/>\n<\/fieldset>\n<p style=\"margin-bottom:30px !important;\">\u00cen timp ce completa\u021bi formularul de contact de mai jos, pute\u021bi, de asemenea, s\u0103 ne trimite\u021bi fi\u0219ierele medicale ale pacientului\/dumneavoastr\u0103 prin <strong>transfer<\/strong>. A doua opinie medical\u0103 v\u0103 va fi prezentat\u0103 \u00een termen de 48 de ore.\n<\/p>\n<div class=\"boldRow boldInnerRow  \">\n\t<div class=\"rowItem rowInnerItem col-md-6  btTextLeft\">\n\t\t<div class=\"rowItemContent\">\n\t\t\t<p><label><span class=\"bt_bb_required\">Numele t\u0103u<\/span><br \/>\n<span class=\"wpcf7-form-control-wrap\" data-name=\"your-name\"><input size=\"40\" maxlength=\"400\" class=\"wpcf7-form-control wpcf7-text wpcf7-validates-as-required\" aria-required=\"true\" aria-invalid=\"false\" value=\"\" type=\"text\" name=\"your-name\" \/><\/span> <\/label>\n\t\t\t<\/p>\n\t\t\t<p><label><span class=\"bt_bb_required\">E-mailul dvs.<\/span><br \/>\n<span class=\"wpcf7-form-control-wrap\" data-name=\"your-email\"><input size=\"40\" maxlength=\"400\" class=\"wpcf7-form-control wpcf7-email wpcf7-validates-as-required wpcf7-text wpcf7-validates-as-email\" aria-required=\"true\" aria-invalid=\"false\" value=\"\" type=\"email\" name=\"your-email\" \/><\/span> <\/label>\n\t\t\t<\/p>\n\t\t\t<p><label><span class=\"bt_bb_required\">Telefonul dvs.<\/span><br \/>\n<span class=\"wpcf7-form-control-wrap\" data-name=\"your-phone\"><input size=\"40\" class=\"wpcf7-form-control wpcf7-phonetext wpcf7-text wpcf7-validates-as-phonetext\" id=\"int_phone\" aria-invalid=\"false\" value=\"\" type=\"text\" name=\"your-phone\" \/><input type=\"hidden\" name=\"your-phone-country-code\" class=\"wpcf7-phonetext-country-code\" \/><\/span> <\/label>\n\t\t\t<\/p>\n\t\t\t<p><label><span class=\"bt_bb_required\">Mesajul dvs.<\/span><br \/>\n<span class=\"wpcf7-form-control-wrap\" data-name=\"your-message\"><textarea cols=\"40\" rows=\"10\" maxlength=\"2000\" class=\"wpcf7-form-control wpcf7-textarea wpcf7-validates-as-required\" aria-required=\"true\" aria-invalid=\"false\" name=\"your-message\"><\/textarea><\/span> <\/label>\n\t\t\t<\/p>\n\t\t\t<p><label><span class=\"bt_bb_required\" style=\"margin-top:25px !important;\"><span class=\"wpcf7-form-control-wrap\" data-name=\"accept-this-1\"><span class=\"wpcf7-form-control wpcf7-acceptance\"><span class=\"wpcf7-list-item\"><label><input type=\"checkbox\" name=\"accept-this-1\" value=\"1\" aria-invalid=\"false\" \/><span class=\"wpcf7-list-item-label\">Sunt de acord cu <a target=\"_blank\" href=\"https:\/\/groupflorence.com\/ro\/terms-of-use\/\">Termenii \u0219i Serviciile<\/a>.<\/span><\/label><\/span><\/span><\/span><\/span><\/label>\n\t\t\t<\/p>\n\t\t\t<p><input class=\"wpcf7-form-control wpcf7-submit has-spinner contact_button_int\" type=\"submit\" value=\"TRIMITE MESAJ\" \/>\n\t\t\t<\/p>\n\t\t<\/div>\n\t<\/div>\n\t<div class=\"rowItem rowInnerItem col-md-6  btTextLeft\">\n\t\t<div class=\"rowItemContent\">\n\t\t\t<p align=\"center\" style=\"margin-top:30px;\"><br \/>\n<a href=\"http:\/\/florencenightingale.wetransfer.com\/\" target=\"_blank\" title=\"Click Here To Transfer Your Documents via WeTransfer\"><img decoding=\"async\"  align=\"center\" style=\"max-width:250px !important;\" class=\"lazy loaded\" src=\"https:\/\/groupflorence.com\/ro\/wp-content\/uploads\/2020\/08\/89130-wetransfer-default-logo-rgb-original-1365619064-e1599162229581.png\" data-src=\"https:\/\/groupflorence.com\/ro\/wp-content\/uploads\/2020\/08\/89130-wetransfer-default-logo-rgb-original-1365619064-e1599162229581.png\" alt=\"Click Here To Transfer Your Documents via WeTransfer\" title=\"Click Here To Transfer Your Documents via WeTransfer\" data-was-processed=\"true\" \/><\/a>\n\t\t\t<\/p>\n\t\t\t<h3 align=\"center\"><a href=\"http:\/\/florencenightingale.wetransfer.com\/\" target=\"_blank\" title=\"Click Here To Transfer Your Documents via WeTransfer\">Trimite prin WeTransfer<\/a>\n\t\t\t<\/h3>\n\t\t\t<p align=\"center\">Pute\u021bi trimite documentele dvs. medicale supradimensionate (\u00eenregistr\u0103ri RMN, rezultate de laborator, imagini etc.) folosind contul nostru WeTransfer. Este u\u0219or, rapid \u0219i sigur.\n\t\t\t<\/p>\n\t\t<\/div>\n\t\t<center>\n\t\t\t<p><a href=\"http:\/\/florencenightingale.wetransfer.com\/\" class=\"btBtn btBtn btnFilledStyle btnAccentColor btnSmall btnNormalWidth btnRightPosition btnNoIcon\" target=\"_blank\"><span class=\"btnInnerText\">Trimite acum<\/span><\/a>\n\t\t\t<\/p>\n\t\t<\/center>\n\t<\/div>\n<\/div><div class=\"wpcf7-response-output\" aria-hidden=\"true\"><\/div>\n<\/form>\n<\/div>\n<\/div><div class=\"btClear btSeparator topSpaced noBorder\" ><hr><\/div><\/div><\/div><\/div><\/div><\/div><\/div><\/div><\/section>\n","protected":false},"excerpt":{"rendered":"","protected":false},"author":1,"featured_media":0,"parent":2308,"menu_order":8,"comment_status":"closed","ping_status":"closed","template":"","meta":{"footnotes":""},"class_list":["post-3626","page","type-page","status-publish","hentry"],"_links":{"self":[{"href":"https:\/\/groupflorence.com\/ro\/wp-json\/wp\/v2\/pages\/3626","targetHints":{"allow":["GET"]}}],"collection":[{"href":"https:\/\/groupflorence.com\/ro\/wp-json\/wp\/v2\/pages"}],"about":[{"href":"https:\/\/groupflorence.com\/ro\/wp-json\/wp\/v2\/types\/page"}],"author":[{"embeddable":true,"href":"https:\/\/groupflorence.com\/ro\/wp-json\/wp\/v2\/users\/1"}],"replies":[{"embeddable":true,"href":"https:\/\/groupflorence.com\/ro\/wp-json\/wp\/v2\/comments?post=3626"}],"version-history":[{"count":4,"href":"https:\/\/groupflorence.com\/ro\/wp-json\/wp\/v2\/pages\/3626\/revisions"}],"predecessor-version":[{"id":6084,"href":"https:\/\/groupflorence.com\/ro\/wp-json\/wp\/v2\/pages\/3626\/revisions\/6084"}],"up":[{"embeddable":true,"href":"https:\/\/groupflorence.com\/ro\/wp-json\/wp\/v2\/pages\/2308"}],"wp:attachment":[{"href":"https:\/\/groupflorence.com\/ro\/wp-json\/wp\/v2\/media?parent=3626"}],"curies":[{"name":"wp","href":"https:\/\/api.w.org\/{rel}","templated":true}]}}