{"id":3605,"date":"2020-10-01T18:56:11","date_gmt":"2020-10-01T15:56:11","guid":{"rendered":"https:\/\/groupflorence.com\/ro\/?page_id=3605"},"modified":"2022-12-08T15:56:20","modified_gmt":"2022-12-08T12:56:20","slug":"who-can-be-a-kidney-transplant-donor","status":"publish","type":"page","link":"https:\/\/groupflorence.com\/ro\/centers-treatments\/kidney-transplantation-center\/who-can-be-a-kidney-transplant-donor\/","title":{"rendered":"Cine poate fi un donator de transplant de rinichi?"},"content":{"rendered":"<section id=\"bt_section69ebc26a3a491\"  class=\"boldSection gutter\" ><div class=\"port\"><div class=\"boldCell\"><div class=\"boldCellInner\"><div class=\"boldRow  \" ><div class=\"boldRowInner\"><div class=\"rowItem col-md-4 col-ms-12 btTextLeft\"  ><div class=\"rowItemContent\" ><div class=\"btClear btSeparator topSpaced noBorder\" ><hr><\/div><div class=\"btCustomMenu treatment-sidebar\" ><div class=\"menu-kidney-transplantation-container\"><ul id=\"menu-kidney-transplantation\" class=\"menu\"><li id=\"menu-item-3618\" class=\"menu-item menu-item-type-post_type menu-item-object-page menu-item-has-children menu-item-3618\"><a href=\"https:\/\/groupflorence.com\/ro\/centers-treatments\/\">Centre &#038; Departamente<\/a><ul class=\"sub-menu\"><li id=\"menu-item-3619\" class=\"menu-item menu-item-type-post_type menu-item-object-page menu-item-has-children menu-item-3619\"><a href=\"https:\/\/groupflorence.com\/ro\/centers-treatments\/kidney-transplantation-center\/\">Centrul de Transplantare a Rinichilor<\/a><ul class=\"sub-menu\"><li id=\"menu-item-3616\" class=\"menu-item menu-item-type-post_type menu-item-object-page menu-item-3616\"><a href=\"https:\/\/groupflorence.com\/ro\/centers-treatments\/kidney-transplantation-center\/who-can-be-a-kidney-transplant-donor\/\">Cine poate fi un donator de transplant de rinichi?<\/a><\/li><li id=\"menu-item-3615\" class=\"menu-item menu-item-type-post_type menu-item-object-page menu-item-3615\"><a href=\"https:\/\/groupflorence.com\/ro\/centers-treatments\/kidney-transplantation-center\/the-process-before-kidney-transplant\/\">Procesul \u00eenainte de transplantul de rinichi<\/a><\/li><li id=\"menu-item-3622\" class=\"menu-item menu-item-type-post_type menu-item-object-page menu-item-3622\"><a href=\"https:\/\/groupflorence.com\/ro\/centers-treatments\/kidney-transplantation-center\/kidney-transplant-process\/\">Transplantul de Rinichi<\/a><\/li><li id=\"menu-item-3629\" class=\"menu-item menu-item-type-post_type menu-item-object-page menu-item-3629\"><a href=\"https:\/\/groupflorence.com\/ro\/centers-treatments\/kidney-transplantation-center\/kidney-transplantation-in-children\/\">Transplantul de Rinichi la Copii<\/a><\/li><li id=\"menu-item-3628\" class=\"menu-item menu-item-type-post_type menu-item-object-page menu-item-3628\"><a href=\"https:\/\/groupflorence.com\/ro\/centers-treatments\/kidney-transplantation-center\/patients-from-abroad\/\">Pacien\u0163i din Str\u0103in\u0103tate<\/a><\/li><li id=\"menu-item-3634\" class=\"menu-item menu-item-type-post_type menu-item-object-page menu-item-3634\"><a href=\"https:\/\/groupflorence.com\/ro\/centers-treatments\/kidney-transplantation-center\/retroperitonoscopic-nephrectomy-for-donors\/\">Nefrectomie Retroperitonoscopic\u0103 pentru Donatori<\/a><\/li><\/ul><\/li><\/ul><\/li>\n<\/ul><\/div><\/div><div class=\"btClear btSeparator topSemiSpaced noBorder\" ><hr><\/div><div class=\"boldRow boldInnerRow  bt_bb_hidden_xs bt_bb_hidden_ms bt_bb_hidden_sm\" ><div class=\"rowItem rowInnerItem col-md-12  btTextCenter btMiddleVertical\"  ><div class=\"rowItemContent\"><div class=\"bpgPhoto btTextCenter\" > \r\n\t\t\t\t\t<a href=\"https:\/\/groupflorence.com\/ro\/patient-guide\/covid-19-precautions\/\" target=\"_blank\" title=\"\"><\/a>\r\n\t\t\t\t\t<div class=\"boldPhotoBox\"><div class=\"bpbItem\"><div class = \"btImage\"><img decoding=\"async\" src=\"https:\/\/groupflorence.com\/ro\/wp-content\/uploads\/2020\/12\/covid-safe-sidebar-320x186.jpg\" alt=\"\" title=\"\" ><\/div><\/div><\/div>\r\n\t\t\t\t\t<div class=\"captionPane\">\r\n\t\t\t\t\t\t<div class=\"captionTable\">\r\n\t\t\t\t\t\t\t<div class=\"captionCell\">\r\n\t\t\t\t\t\t\t\t<div class=\"captionTxt\"><\/div>\r\n\t\t\t\t\t\t\t<\/div>\r\n\t\t\t\t\t\t<\/div>\r\n\t\t\t\t\t<\/div><\/div><div class=\"btClear btSeparator topSmallSpaced bottomSmallSpaced border\" ><hr><\/div><a href=\"https:\/\/groupflorence.com\/ro\/contact-us\/\" class=\"btBtn btBtn btnFilledStyle btnAccentColor btnBig btnNormalWidth btnLeftPosition btnNoIcon\" ><span class=\"btnInnerText\">Ask A Question<\/span><\/a><\/div><\/div><\/div><\/div><\/div><div class=\"rowItem col-md-8 col-ms-12 btTextLeft\"  ><div class=\"rowItemContent\" ><div class=\"btClear btSeparator topSemiSpaced noBorder\" ><hr><\/div><header class=\"header btClear medium btDash bottomDash  btNormalDash\" ><div class=\"dash\"><h3><span class=\"headline\"><b class=\"animate\">Cine poate fi un donator de transplant de rinichi?<\/b><\/span><\/h3><\/div><\/header><div class=\"btClear btSeparator topSemiSpaced noBorder\" ><hr><\/div><div class=\"btText\" ><\/p>\n<h4>Transplantul de rinichi donator viu<\/h4>\n<p>Deoarece ratele de donare de organe sunt foarte sc\u0103zute \u00een \u021bara noastr\u0103, transplanturile de donatori vii sunt de o importan\u021b\u0103 deosebit\u0103. Prin urmare, majoritatea transplanturilor de rinichi din Turcia sunt efectuate de la donatori de rinichi vii.<\/p>\n<p><sup>\u00cen \u021bara noastr\u0103, rudele pacientului, p\u00e2n\u0103 la gradul 4, pot fi donatori de rinichi vii.<\/sup> Dac\u0103 rudele mai \u00eendep\u0103rtate sau persoanele din afara rudelor doresc s\u0103 v\u0103 doneze un rinichi, dosarul preg\u0103tit va fi trimis Comitetului de Etic\u0103. Dup\u0103 aprobarea Comitetului de etic\u0103, se efectueaz\u0103 transplantul de rinichi. \u00cen caz contrar, transplantul nu va fi efectuat.<\/p>\n<p>Exist\u0103 peste 50.000 de pacien\u021bi cu insuficien\u021b\u0103 renal\u0103 \u00een \u021bara noastr\u0103 \u0219i jum\u0103tate dintre ace\u0219ti pacien\u021bi sunt pe lista de a\u0219teptare pentru transplantul de cadaveric. Din p\u0103cate, num\u0103rul dona\u021biilor de organe din \u021bara noastr\u0103 este destul de insuficient pentru a satisface aceast\u0103 cerere. \u00cen cazul \u00een care exist\u0103 un donator de rinichi adecvat pentru un pacient cu insuficien\u021b\u0103 renal\u0103, pacientul poate fi transplantat direct \u0219i poate avea o via\u021b\u0103 s\u0103n\u0103toas\u0103.<\/p>\n<p>\u00cen transplantul de rinichi viu-donator, una dintre primele priorit\u0103\u021bi este de a evita orice deteriorare a destinatarului. Prin urmare, se efectueaz\u0103 teste detaliate de s\u00e2nge \u0219i urin\u0103 \u0219i o scanare tomografie computerizat\u0103 abdominal\u0103 a donatorului de rinichi. Numai donatorii care se constat\u0103 c\u0103 sunt s\u0103n\u0103to\u0219i sunt lua\u021bi \u00een considerare pentru transplantul de rinichi.<\/p>\n<p>\u00cen Centrul nostru de Transplant de Rinichi, procesul de preg\u0103tire a beneficiarului \u0219i donatorului pentru transplantul de rinichi viu-donator poate fi finalizat \u00een decurs de o s\u0103pt\u0103m\u00e2n\u0103.<\/p>\n<p>Datorit\u0103 tehnicii de \u201eretroperitoneoscopie\u201d dezvoltat\u0103 de prof. Bar\u0131\u015f Akin, MD \u015fi implement\u0103rii sale cu succes la Centrul nostru de Transplant de Rinichi din 2009, acum este mai u\u015for s\u0103 dona\u0163i rinichi celor dragi.<\/p>\n<p>Prin aceast\u0103 nou\u0103 tehnic\u0103, \u00eendep\u0103rtarea rinichiului de la donatorii voluntari pentru transplant poate fi efectuat\u0103 \u00een condi\u021bii de siguran\u021b\u0103 \u0219i u\u0219or. \u00cen timpul tehnicii retroperitoneoscopie, se fac mici incizii chirurgicale sub \u00eendrumarea video. \u00cen acest fel, durerea postoperatorie a donatorului de rinichi poate fi minimizat\u0103 \u0219i pacientul poate fi desc\u0103rcat \u00een <span style=\"text-decoration: line-through;\">dou\u0103<\/span> zile 2.<\/p>\n<p>\n<\/div><div class=\"btClear btSeparator topSemiSpaced noBorder\" ><hr><\/div><div class=\"boldRow boldInnerRow  \" ><div class=\"rowItem rowInnerItem col-md-4  btTextCenter inherit btNoPadding\" style=\"border: 1px solid #999;background-color: rgba(241, 241, 241, 1);\" ><div class=\"rowItemContent\"><div class=\"bpgPhoto btTextCenter\" ><div class=\"btImage\"><img decoding=\"async\" src=\"https:\/\/groupflorence.com\/ro\/wp-content\/uploads\/2020\/10\/Baris_-Akin.jpg\" alt=\"\" title=\"\"><\/div><\/div><div class=\"btIconImageRow btIconsHalfHoverPosition\" ><\/div><div class=\"btClear btSeparator topSmallSpaced noBorder\" ><hr><\/div><div class=\"btText\" ><\/p>\n<h4><a href=\"https:\/\/groupflorence.com\/ro\/doctors\/baris-akin\/\">Prof. Bar\u0131\u015f Akin, MD<\/a><\/h4>\n<p>\n<\/div><div class=\"btClear btSeparator bottomExtraSmallSpaced noBorder\" ><hr><\/div><a href=\"https:\/\/groupflorence.com\/ro\/doctors\/baris-akin\/\" class=\"btBtn btBtn btnFilledStyle btnLightColor btnSmall btnNormalWidth btnRightPosition btnNoIcon\"  target=\"_blank\"><span class=\"btnInnerText\">VIEW CV<\/span><\/a><div class=\"btClear btSeparator topExtraSmallSpaced bottomSmallSpaced noBorder\" ><hr><\/div><\/div><\/div><div class=\"rowItem rowInnerItem col-md-4  btTextCenter inherit btNoPadding\" style=\"border: 1px solid #999;background-color: rgba(241, 241, 241, 1);\" ><div class=\"rowItemContent\"><div class=\"bpgPhoto btTextCenter\" ><div class=\"btImage\"><img decoding=\"async\" src=\"https:\/\/groupflorence.com\/ro\/wp-content\/uploads\/2020\/11\/Ayse-Sinangil-2.jpg\" alt=\"\" title=\"\"><\/div><\/div><div class=\"btIconImageRow btIconsHalfHoverPosition\" ><\/div><div class=\"btClear btSeparator topSmallSpaced noBorder\" ><hr><\/div><div class=\"btText\" ><\/p>\n<h4><a href=\"https:\/\/groupflorence.com\/ro\/doctors\/ayse-sinangil\/\">Ay\u015fe Sinangil, MD<\/a><\/h4>\n<p>\n<\/div><div class=\"btClear btSeparator bottomExtraSmallSpaced noBorder\" ><hr><\/div><a href=\"https:\/\/groupflorence.com\/ro\/doctors\/ayse-sinangil\/\" class=\"btBtn btBtn btnFilledStyle btnLightColor btnSmall btnNormalWidth btnRightPosition btnNoIcon\"  target=\"_blank\"><span class=\"btnInnerText\">VIEW CV<\/span><\/a><div class=\"btClear btSeparator topExtraSmallSpaced bottomSmallSpaced noBorder\" ><hr><\/div><\/div><\/div><div class=\"rowItem rowInnerItem col-md-4  btTextCenter inherit btNoPadding\" style=\"background-color: rgba(241, 241, 241, 1);\" ><div class=\"rowItemContent\"><\/div><\/div><\/div><div class=\"btClear btSeparator topSemiSpaced noBorder\" ><hr><\/div><header class=\"header btClear medium btDash bottomDash  btAccentDash\" ><div class=\"dash\"><h3><span class=\"headline\"><em>Contact Us Now<\/em><\/span><\/h3><\/div><\/header><div class=\"btClear btSeparator bottomSmallSpaced noBorder\" ><hr><\/div><div class=\"btText\" >\n<div class=\"wpcf7 no-js\" id=\"wpcf7-f2891-o1\" lang=\"tr-TR\" dir=\"ltr\" data-wpcf7-id=\"2891\">\n<div class=\"screen-reader-response\"><p role=\"status\" aria-live=\"polite\" aria-atomic=\"true\"><\/p> <ul><\/ul><\/div>\n<form action=\"\/ro\/wp-json\/wp\/v2\/pages\/3605#wpcf7-f2891-o1\" method=\"post\" class=\"wpcf7-form init wpcf7-acceptance-as-validation\" aria-label=\"\u0130leti\u015fim Formu\" novalidate=\"novalidate\" data-status=\"init\">\n<fieldset class=\"hidden-fields-container\"><input type=\"hidden\" name=\"_wpcf7\" value=\"2891\" \/><input type=\"hidden\" name=\"_wpcf7_version\" value=\"6.1.5\" \/><input type=\"hidden\" name=\"_wpcf7_locale\" value=\"tr_TR\" \/><input type=\"hidden\" name=\"_wpcf7_unit_tag\" value=\"wpcf7-f2891-o1\" \/><input type=\"hidden\" name=\"_wpcf7_container_post\" value=\"0\" \/><input type=\"hidden\" name=\"_wpcf7_posted_data_hash\" value=\"\" \/>\n<\/fieldset>\n<p style=\"margin-bottom:30px !important;\">\u00cen timp ce completa\u021bi formularul de contact de mai jos, pute\u021bi, de asemenea, s\u0103 ne trimite\u021bi fi\u0219ierele medicale ale pacientului\/dumneavoastr\u0103 prin <strong>transfer<\/strong>. A doua opinie medical\u0103 v\u0103 va fi prezentat\u0103 \u00een termen de 48 de ore.\n<\/p>\n<div class=\"boldRow boldInnerRow  \">\n\t<div class=\"rowItem rowInnerItem col-md-6  btTextLeft\">\n\t\t<div class=\"rowItemContent\">\n\t\t\t<p><label><span class=\"bt_bb_required\">Numele t\u0103u<\/span><br \/>\n<span class=\"wpcf7-form-control-wrap\" data-name=\"your-name\"><input size=\"40\" maxlength=\"400\" class=\"wpcf7-form-control wpcf7-text wpcf7-validates-as-required\" aria-required=\"true\" aria-invalid=\"false\" value=\"\" type=\"text\" name=\"your-name\" \/><\/span> <\/label>\n\t\t\t<\/p>\n\t\t\t<p><label><span class=\"bt_bb_required\">E-mailul dvs.<\/span><br \/>\n<span class=\"wpcf7-form-control-wrap\" data-name=\"your-email\"><input size=\"40\" maxlength=\"400\" class=\"wpcf7-form-control wpcf7-email wpcf7-validates-as-required wpcf7-text wpcf7-validates-as-email\" aria-required=\"true\" aria-invalid=\"false\" value=\"\" type=\"email\" name=\"your-email\" \/><\/span> <\/label>\n\t\t\t<\/p>\n\t\t\t<p><label><span class=\"bt_bb_required\">Telefonul dvs.<\/span><br \/>\n<span class=\"wpcf7-form-control-wrap\" data-name=\"your-phone\"><input size=\"40\" class=\"wpcf7-form-control wpcf7-phonetext wpcf7-text wpcf7-validates-as-phonetext\" id=\"int_phone\" aria-invalid=\"false\" value=\"\" type=\"text\" name=\"your-phone\" \/><input type=\"hidden\" name=\"your-phone-country-code\" class=\"wpcf7-phonetext-country-code\" \/><\/span> <\/label>\n\t\t\t<\/p>\n\t\t\t<p><label><span class=\"bt_bb_required\">Mesajul dvs.<\/span><br \/>\n<span class=\"wpcf7-form-control-wrap\" data-name=\"your-message\"><textarea cols=\"40\" rows=\"10\" maxlength=\"2000\" class=\"wpcf7-form-control wpcf7-textarea wpcf7-validates-as-required\" aria-required=\"true\" aria-invalid=\"false\" name=\"your-message\"><\/textarea><\/span> <\/label>\n\t\t\t<\/p>\n\t\t\t<p><label><span class=\"bt_bb_required\" style=\"margin-top:25px !important;\"><span class=\"wpcf7-form-control-wrap\" data-name=\"accept-this-1\"><span class=\"wpcf7-form-control wpcf7-acceptance\"><span class=\"wpcf7-list-item\"><label><input type=\"checkbox\" name=\"accept-this-1\" value=\"1\" aria-invalid=\"false\" \/><span class=\"wpcf7-list-item-label\">Sunt de acord cu <a target=\"_blank\" href=\"https:\/\/groupflorence.com\/ro\/terms-of-use\/\">Termenii \u0219i Serviciile<\/a>.<\/span><\/label><\/span><\/span><\/span><\/span><\/label>\n\t\t\t<\/p>\n\t\t\t<p><input class=\"wpcf7-form-control wpcf7-submit has-spinner contact_button_int\" type=\"submit\" value=\"TRIMITE MESAJ\" \/>\n\t\t\t<\/p>\n\t\t<\/div>\n\t<\/div>\n\t<div class=\"rowItem rowInnerItem col-md-6  btTextLeft\">\n\t\t<div class=\"rowItemContent\">\n\t\t\t<p align=\"center\" style=\"margin-top:30px;\"><br \/>\n<a href=\"http:\/\/florencenightingale.wetransfer.com\/\" target=\"_blank\" title=\"Click Here To Transfer Your Documents via WeTransfer\"><img decoding=\"async\"  align=\"center\" style=\"max-width:250px !important;\" class=\"lazy loaded\" src=\"https:\/\/groupflorence.com\/ro\/wp-content\/uploads\/2020\/08\/89130-wetransfer-default-logo-rgb-original-1365619064-e1599162229581.png\" data-src=\"https:\/\/groupflorence.com\/ro\/wp-content\/uploads\/2020\/08\/89130-wetransfer-default-logo-rgb-original-1365619064-e1599162229581.png\" alt=\"Click Here To Transfer Your Documents via WeTransfer\" title=\"Click Here To Transfer Your Documents via WeTransfer\" data-was-processed=\"true\" \/><\/a>\n\t\t\t<\/p>\n\t\t\t<h3 align=\"center\"><a href=\"http:\/\/florencenightingale.wetransfer.com\/\" target=\"_blank\" title=\"Click Here To Transfer Your Documents via WeTransfer\">Trimite prin WeTransfer<\/a>\n\t\t\t<\/h3>\n\t\t\t<p align=\"center\">Pute\u021bi trimite documentele dvs. medicale supradimensionate (\u00eenregistr\u0103ri RMN, rezultate de laborator, imagini etc.) folosind contul nostru WeTransfer. Este u\u0219or, rapid \u0219i sigur.\n\t\t\t<\/p>\n\t\t<\/div>\n\t\t<center>\n\t\t\t<p><a href=\"http:\/\/florencenightingale.wetransfer.com\/\" class=\"btBtn btBtn btnFilledStyle btnAccentColor btnSmall btnNormalWidth btnRightPosition btnNoIcon\" target=\"_blank\"><span class=\"btnInnerText\">Trimite acum<\/span><\/a>\n\t\t\t<\/p>\n\t\t<\/center>\n\t<\/div>\n<\/div><div class=\"wpcf7-response-output\" aria-hidden=\"true\"><\/div>\n<\/form>\n<\/div>\n<\/div><div class=\"btClear btSeparator topSpaced noBorder\" ><hr><\/div><\/div><\/div><\/div><\/div><\/div><\/div><\/div><\/section>\n","protected":false},"excerpt":{"rendered":"","protected":false},"author":1,"featured_media":0,"parent":2308,"menu_order":4,"comment_status":"closed","ping_status":"closed","template":"","meta":{"footnotes":""},"class_list":["post-3605","page","type-page","status-publish","hentry"],"_links":{"self":[{"href":"https:\/\/groupflorence.com\/ro\/wp-json\/wp\/v2\/pages\/3605","targetHints":{"allow":["GET"]}}],"collection":[{"href":"https:\/\/groupflorence.com\/ro\/wp-json\/wp\/v2\/pages"}],"about":[{"href":"https:\/\/groupflorence.com\/ro\/wp-json\/wp\/v2\/types\/page"}],"author":[{"embeddable":true,"href":"https:\/\/groupflorence.com\/ro\/wp-json\/wp\/v2\/users\/1"}],"replies":[{"embeddable":true,"href":"https:\/\/groupflorence.com\/ro\/wp-json\/wp\/v2\/comments?post=3605"}],"version-history":[{"count":3,"href":"https:\/\/groupflorence.com\/ro\/wp-json\/wp\/v2\/pages\/3605\/revisions"}],"predecessor-version":[{"id":6330,"href":"https:\/\/groupflorence.com\/ro\/wp-json\/wp\/v2\/pages\/3605\/revisions\/6330"}],"up":[{"embeddable":true,"href":"https:\/\/groupflorence.com\/ro\/wp-json\/wp\/v2\/pages\/2308"}],"wp:attachment":[{"href":"https:\/\/groupflorence.com\/ro\/wp-json\/wp\/v2\/media?parent=3605"}],"curies":[{"name":"wp","href":"https:\/\/api.w.org\/{rel}","templated":true}]}}