{"id":3542,"date":"2020-10-01T17:38:49","date_gmt":"2020-10-01T14:38:49","guid":{"rendered":"https:\/\/groupflorence.com\/ro\/?page_id=3542"},"modified":"2020-12-17T01:07:08","modified_gmt":"2020-12-16T22:07:08","slug":"brain-mri-spectroscopy","status":"publish","type":"page","link":"https:\/\/groupflorence.com\/ro\/centers-treatments\/neurological-sciences-center\/brain-mri-spectroscopy\/","title":{"rendered":"Spectroscopie RMN a Creierului"},"content":{"rendered":"<section id=\"bt_section69ec89f593e5f\"  class=\"boldSection gutter\" ><div class=\"port\"><div class=\"boldCell\"><div class=\"boldCellInner\"><div class=\"boldRow  \" ><div class=\"boldRowInner\"><div class=\"rowItem col-md-4 col-ms-12 btTextLeft\"  ><div class=\"rowItemContent\" ><div class=\"btClear btSeparator topSpaced noBorder\" ><hr><\/div><div class=\"btCustomMenu treatment-sidebar\" ><div class=\"menu-neurological-sciences-center-container\"><ul id=\"menu-neurological-sciences-center\" class=\"menu\"><li id=\"menu-item-3514\" class=\"menu-item menu-item-type-post_type menu-item-object-page menu-item-has-children menu-item-3514\"><a href=\"https:\/\/groupflorence.com\/ro\/centers-treatments\/\">Centre &#038; Departamente<\/a><ul class=\"sub-menu\"><li id=\"menu-item-3515\" class=\"menu-item menu-item-type-post_type menu-item-object-page menu-item-has-children menu-item-3515\"><a href=\"https:\/\/groupflorence.com\/ro\/centers-treatments\/neurological-sciences-center\/\">Centrul de \u0218tiin\u021be Neurologice<\/a><ul class=\"sub-menu\"><li id=\"menu-item-3521\" class=\"menu-item menu-item-type-post_type menu-item-object-page menu-item-3521\"><a href=\"https:\/\/groupflorence.com\/ro\/centers-treatments\/neurological-sciences-center\/whats-multiple-sclerosis\/\">Ce este Scleroza Multipl\u0103?<\/a><\/li><li id=\"menu-item-3527\" class=\"menu-item menu-item-type-post_type menu-item-object-page menu-item-3527\"><a href=\"https:\/\/groupflorence.com\/ro\/centers-treatments\/neurological-sciences-center\/aneurysm\/\">Anevrismul<\/a><\/li><li id=\"menu-item-3530\" class=\"menu-item menu-item-type-post_type menu-item-object-page menu-item-3530\"><a href=\"https:\/\/groupflorence.com\/ro\/centers-treatments\/neurological-sciences-center\/what-is-coil\/\">Ce este Coil?<\/a><\/li><li id=\"menu-item-3537\" class=\"menu-item menu-item-type-post_type menu-item-object-page menu-item-3537\"><a href=\"https:\/\/groupflorence.com\/ro\/centers-treatments\/neurological-sciences-center\/what-is-epilepsy\/\">Ce este Epilepsia?<\/a><\/li><li id=\"menu-item-3545\" class=\"menu-item menu-item-type-post_type menu-item-object-page menu-item-3545\"><a href=\"https:\/\/groupflorence.com\/ro\/centers-treatments\/neurological-sciences-center\/brain-mri-spectroscopy\/\">Spectroscopie RMN a Creierului<\/a><\/li><\/ul><\/li><\/ul><\/li>\n<\/ul><\/div><\/div><div class=\"btClear btSeparator topSemiSpaced noBorder\" ><hr><\/div><div class=\"boldRow boldInnerRow  bt_bb_hidden_xs bt_bb_hidden_ms bt_bb_hidden_sm\" ><div class=\"rowItem rowInnerItem col-md-12  btTextCenter btMiddleVertical\"  ><div class=\"rowItemContent\"><div class=\"bpgPhoto btTextCenter\" > \r\n\t\t\t\t\t<a href=\"https:\/\/groupflorence.com\/ro\/patient-guide\/covid-19-precautions\/\" target=\"_blank\" title=\"\"><\/a>\r\n\t\t\t\t\t<div class=\"boldPhotoBox\"><div class=\"bpbItem\"><div class = \"btImage\"><img decoding=\"async\" src=\"https:\/\/groupflorence.com\/ro\/wp-content\/uploads\/2020\/12\/covid-safe-sidebar-320x186.jpg\" alt=\"\" title=\"\" ><\/div><\/div><\/div>\r\n\t\t\t\t\t<div class=\"captionPane\">\r\n\t\t\t\t\t\t<div class=\"captionTable\">\r\n\t\t\t\t\t\t\t<div class=\"captionCell\">\r\n\t\t\t\t\t\t\t\t<div class=\"captionTxt\"><\/div>\r\n\t\t\t\t\t\t\t<\/div>\r\n\t\t\t\t\t\t<\/div>\r\n\t\t\t\t\t<\/div><\/div><div class=\"btClear btSeparator topSmallSpaced bottomSmallSpaced border\" ><hr><\/div><a href=\"https:\/\/groupflorence.com\/ro\/contact-us\/\" class=\"btBtn btBtn btnFilledStyle btnAccentColor btnBig btnNormalWidth btnLeftPosition btnNoIcon\" ><span class=\"btnInnerText\">Ask A Question<\/span><\/a><\/div><\/div><\/div><\/div><\/div><div class=\"rowItem col-md-8 col-ms-12 btTextLeft\"  ><div class=\"rowItemContent\" ><div class=\"btClear btSeparator topSemiSpaced noBorder\" ><hr><\/div><header class=\"header btClear medium btDash bottomDash  btNormalDash\" ><div class=\"dash\"><h3><span class=\"headline\"><b class=\"animate\">Spectroscopie RMN a Creierului<\/b><\/span><\/h3><\/div><\/header><div class=\"btClear btSeparator topExtraSmallSpaced noBorder\" ><hr><\/div><div class=\"btText\" ><\/p>\n<p>Spectroscopia prin rezonan\u021b\u0103 magnetic\u0103 este metoda RMN care m\u0103soar\u0103 cantitatea \u0219i distribu\u021bia metaboli\u021bilor \u00een creier. Diferen\u021bele dintre compozi\u021biile chimice ale acestor metaboli\u021bi sunt prezentate ca un grafic. Este o examinare foarte util\u0103 \u00een diferen\u021bierea maselor observate \u00een (tumori maligne, abcese, boal\u0103 demielinizant\u0103 etc.) Examene RMN cerebrale. Separarea acestor boli, determinarea gradului de malignitate a tumorilor este vital\u0103 \u00een ceea ce prive\u0219te planificarea tratamentului. \u00cen plus, joac\u0103 un rol critic \u00een managementul pacien\u021bilor care sunt trata\u021bi chirurgical \u0219i\/sau cu radioterapie \u0219i \u00een diferen\u021bierea recuren\u021bei tumorale sau a leziunilor radia\u021biilor.<\/p>\n<p><img decoding=\"async\" src=\"https:\/\/groupflorence.com\/backup\/xen\/Images\/UploadImages\/beyin-mr-01.jpg\" alt=\"\" \/><img decoding=\"async\" src=\"https:\/\/en.fnh-proje-test.com\/Images\/UploadImages\/beyin-mr-02.jpg\" alt=\"\" \/><\/p>\n<p>Pentru a ob\u021bine rezultate bune cu aceast\u0103 metod\u0103 sunt necesare dispozitive RMN (3 Tesla) cu o rezisten\u021b\u0103 ridicat\u0103 a c\u00e2mpului magnetic. Aici efectu\u0103m examin\u0103ri de spectroscopie RMN de \u00eenalt\u0103 calitate prin intermediul dispozitivului 3T GE HDx cu caracteristici tehnice re\u00eennoite instalate la spitalul nostru.<\/p>\n<p>\n<\/div><div class=\"btClear btSeparator topSmallSpaced noBorder\" ><hr><\/div><header class=\"header btClear medium btDash bottomDash  btAccentDash\" ><div class=\"dash\"><h3><span class=\"headline\">RMN pentru perfuzie<\/span><\/h3><\/div><\/header><div class=\"btClear btSeparator topExtraSmallSpaced noBorder\" ><hr><\/div><div class=\"btText\" ><\/p>\n<p>RMN de perfuzie este o metod\u0103 care arat\u0103 perfuzia creierului \u0219i joac\u0103 un rol important \u00een decizia de a trata vasele cerebrale ocluzate prin dizolvarea lor emergent\u0103 prin angiografie prin compararea cu examinarea RMN difuzie a pacien\u021bilor cu accident vascular cerebral. RMN prin perfuzie ofer\u0103, de asemenea, informa\u021bii foarte importante \u00een prezentarea gradului de malignitate \u00een tumorile cerebrale, \u00een urm\u0103rirea recuren\u021bei sau regresiei care se pot dezvolta \u00een urma unor metode precum chirurgia, radioterapia sau chimioterapia. \u00cen aceste examin\u0103ri, este cunoscut\u0103 superioritatea dispozitivului RMN cu putere 3 Tesla.<\/p>\n<p>\n<\/div><div class=\"btClear btSeparator topSmallSpaced noBorder\" ><hr><\/div><header class=\"header btClear medium btDash bottomDash  btAccentDash\" ><div class=\"dash\"><h3><span class=\"headline\">Tractografie RMN<\/span><\/h3><\/div><\/header><div class=\"btClear btSeparator topExtraSmallSpaced noBorder\" ><hr><\/div><div class=\"btText\" ><\/p>\n<p>Tractografia cu tensor de difuzie afi\u0219eaz\u0103 c\u0103ile av\u00e2nd func\u021bii speciale formate de celulele creierului care se conecteaz\u0103 \u00eentre ele. Demonararea adiacen\u021bei \u0219i a rela\u021biei dintre aceste c\u0103i cu tumori cerebrale este esen\u021bial\u0103 \u00een planificarea interven\u021biei chirurgicale tumorale \u0219i \u00eendep\u0103rtarea tumorii f\u0103r\u0103 a afecta pacientul. Este, de asemenea, utilizat \u00een prezentarea leziunilor m\u0103duvei spin\u0103rii \u00een accident vascular cerebral \u0219i scleroz\u0103 multipl\u0103.<\/p>\n<p><img decoding=\"async\" src=\"https:\/\/groupflorence.com\/backup\/xen\/Images\/UploadImages\/mr-traktografi.jpg\" alt=\"\" \/><\/p>\n<p>\n<\/div><div class=\"btClear btSeparator topSmallSpaced noBorder\" ><hr><\/div><header class=\"header btClear medium btDash bottomDash  btAccentDash\" ><div class=\"dash\"><h3><span class=\"headline\">RMN func\u021bional<\/span><\/h3><\/div><\/header><div class=\"btClear btSeparator topExtraSmallSpaced noBorder\" ><hr><\/div><div class=\"btText\" ><\/p>\n<p>Este metoda care arat\u0103 centrul unde se afl\u0103 unele func\u021bii ale creierului. Ca urmare a \u00eendeplinirii succesive a comenzilor predeterminate (cum ar fi num\u0103rarea degetelor, citirea imaginilor proiectate \u00een ochi \u00een lini\u0219te) fluxul sanguin \u00een centrul \u00een care apar\u021bine creierului cre\u0219te. Cre\u0219terea rezultat\u0103 a intensit\u0103\u021bii semnalului este afi\u0219at\u0103 prin colorare. Efectuarea acestuia pe dispozitive cu rezisten\u021b\u0103 ridicat\u0103 a c\u00e2mpului magnetic conduce la ob\u021binerea unor rezultate mai bune.<\/p>\n<p><img decoding=\"async\" src=\"https:\/\/groupflorence.com\/backup\/xen\/Images\/UploadImages\/fonksiyonel-mr.jpg\" alt=\"\" \/><\/p>\n<p>\n<\/div><div class=\"btClear btSeparator topSemiSpaced noBorder\" ><hr><\/div><header class=\"header btClear medium btDash bottomDash  btAccentDash\" ><div class=\"dash\"><h3><span class=\"headline\"><em>Contact Us Now<\/em><\/span><\/h3><\/div><\/header><div class=\"btClear btSeparator bottomSmallSpaced noBorder\" ><hr><\/div><div class=\"btText\" >\n<div class=\"wpcf7 no-js\" id=\"wpcf7-f2891-o1\" lang=\"tr-TR\" dir=\"ltr\" data-wpcf7-id=\"2891\">\n<div class=\"screen-reader-response\"><p role=\"status\" aria-live=\"polite\" aria-atomic=\"true\"><\/p> <ul><\/ul><\/div>\n<form action=\"\/ro\/wp-json\/wp\/v2\/pages\/3542#wpcf7-f2891-o1\" method=\"post\" class=\"wpcf7-form init wpcf7-acceptance-as-validation\" aria-label=\"\u0130leti\u015fim Formu\" novalidate=\"novalidate\" data-status=\"init\">\n<fieldset class=\"hidden-fields-container\"><input type=\"hidden\" name=\"_wpcf7\" value=\"2891\" \/><input type=\"hidden\" name=\"_wpcf7_version\" value=\"6.1.5\" \/><input type=\"hidden\" name=\"_wpcf7_locale\" value=\"tr_TR\" \/><input type=\"hidden\" name=\"_wpcf7_unit_tag\" value=\"wpcf7-f2891-o1\" \/><input type=\"hidden\" name=\"_wpcf7_container_post\" value=\"0\" \/><input type=\"hidden\" name=\"_wpcf7_posted_data_hash\" value=\"\" \/>\n<\/fieldset>\n<p style=\"margin-bottom:30px !important;\">\u00cen timp ce completa\u021bi formularul de contact de mai jos, pute\u021bi, de asemenea, s\u0103 ne trimite\u021bi fi\u0219ierele medicale ale pacientului\/dumneavoastr\u0103 prin <strong>transfer<\/strong>. A doua opinie medical\u0103 v\u0103 va fi prezentat\u0103 \u00een termen de 48 de ore.\n<\/p>\n<div class=\"boldRow boldInnerRow  \">\n\t<div class=\"rowItem rowInnerItem col-md-6  btTextLeft\">\n\t\t<div class=\"rowItemContent\">\n\t\t\t<p><label><span class=\"bt_bb_required\">Numele t\u0103u<\/span><br \/>\n<span class=\"wpcf7-form-control-wrap\" data-name=\"your-name\"><input size=\"40\" maxlength=\"400\" class=\"wpcf7-form-control wpcf7-text wpcf7-validates-as-required\" aria-required=\"true\" aria-invalid=\"false\" value=\"\" type=\"text\" name=\"your-name\" \/><\/span> <\/label>\n\t\t\t<\/p>\n\t\t\t<p><label><span class=\"bt_bb_required\">E-mailul dvs.<\/span><br \/>\n<span class=\"wpcf7-form-control-wrap\" data-name=\"your-email\"><input size=\"40\" maxlength=\"400\" class=\"wpcf7-form-control wpcf7-email wpcf7-validates-as-required wpcf7-text wpcf7-validates-as-email\" aria-required=\"true\" aria-invalid=\"false\" value=\"\" type=\"email\" name=\"your-email\" \/><\/span> <\/label>\n\t\t\t<\/p>\n\t\t\t<p><label><span class=\"bt_bb_required\">Telefonul dvs.<\/span><br \/>\n<span class=\"wpcf7-form-control-wrap\" data-name=\"your-phone\"><input size=\"40\" class=\"wpcf7-form-control wpcf7-phonetext wpcf7-text wpcf7-validates-as-phonetext\" id=\"int_phone\" aria-invalid=\"false\" value=\"\" type=\"text\" name=\"your-phone\" \/><input type=\"hidden\" name=\"your-phone-country-code\" class=\"wpcf7-phonetext-country-code\" \/><\/span> <\/label>\n\t\t\t<\/p>\n\t\t\t<p><label><span class=\"bt_bb_required\">Mesajul dvs.<\/span><br \/>\n<span class=\"wpcf7-form-control-wrap\" data-name=\"your-message\"><textarea cols=\"40\" rows=\"10\" maxlength=\"2000\" class=\"wpcf7-form-control wpcf7-textarea wpcf7-validates-as-required\" aria-required=\"true\" aria-invalid=\"false\" name=\"your-message\"><\/textarea><\/span> <\/label>\n\t\t\t<\/p>\n\t\t\t<p><label><span class=\"bt_bb_required\" style=\"margin-top:25px !important;\"><span class=\"wpcf7-form-control-wrap\" data-name=\"accept-this-1\"><span class=\"wpcf7-form-control wpcf7-acceptance\"><span class=\"wpcf7-list-item\"><label><input type=\"checkbox\" name=\"accept-this-1\" value=\"1\" aria-invalid=\"false\" \/><span class=\"wpcf7-list-item-label\">Sunt de acord cu <a target=\"_blank\" href=\"https:\/\/groupflorence.com\/ro\/terms-of-use\/\">Termenii \u0219i Serviciile<\/a>.<\/span><\/label><\/span><\/span><\/span><\/span><\/label>\n\t\t\t<\/p>\n\t\t\t<p><input class=\"wpcf7-form-control wpcf7-submit has-spinner contact_button_int\" type=\"submit\" value=\"TRIMITE MESAJ\" \/>\n\t\t\t<\/p>\n\t\t<\/div>\n\t<\/div>\n\t<div class=\"rowItem rowInnerItem col-md-6  btTextLeft\">\n\t\t<div class=\"rowItemContent\">\n\t\t\t<p align=\"center\" style=\"margin-top:30px;\"><br \/>\n<a href=\"http:\/\/florencenightingale.wetransfer.com\/\" target=\"_blank\" title=\"Click Here To Transfer Your Documents via WeTransfer\"><img decoding=\"async\"  align=\"center\" style=\"max-width:250px !important;\" class=\"lazy loaded\" src=\"https:\/\/groupflorence.com\/ro\/wp-content\/uploads\/2020\/08\/89130-wetransfer-default-logo-rgb-original-1365619064-e1599162229581.png\" data-src=\"https:\/\/groupflorence.com\/ro\/wp-content\/uploads\/2020\/08\/89130-wetransfer-default-logo-rgb-original-1365619064-e1599162229581.png\" alt=\"Click Here To Transfer Your Documents via WeTransfer\" title=\"Click Here To Transfer Your Documents via WeTransfer\" data-was-processed=\"true\" \/><\/a>\n\t\t\t<\/p>\n\t\t\t<h3 align=\"center\"><a href=\"http:\/\/florencenightingale.wetransfer.com\/\" target=\"_blank\" title=\"Click Here To Transfer Your Documents via WeTransfer\">Trimite prin WeTransfer<\/a>\n\t\t\t<\/h3>\n\t\t\t<p align=\"center\">Pute\u021bi trimite documentele dvs. medicale supradimensionate (\u00eenregistr\u0103ri RMN, rezultate de laborator, imagini etc.) folosind contul nostru WeTransfer. Este u\u0219or, rapid \u0219i sigur.\n\t\t\t<\/p>\n\t\t<\/div>\n\t\t<center>\n\t\t\t<p><a href=\"http:\/\/florencenightingale.wetransfer.com\/\" class=\"btBtn btBtn btnFilledStyle btnAccentColor btnSmall btnNormalWidth btnRightPosition btnNoIcon\" target=\"_blank\"><span class=\"btnInnerText\">Trimite acum<\/span><\/a>\n\t\t\t<\/p>\n\t\t<\/center>\n\t<\/div>\n<\/div><div class=\"wpcf7-response-output\" aria-hidden=\"true\"><\/div>\n<\/form>\n<\/div>\n<\/div><div class=\"btClear btSeparator topSpaced noBorder\" ><hr><\/div><\/div><\/div><\/div><\/div><\/div><\/div><\/div><\/section>\n","protected":false},"excerpt":{"rendered":"","protected":false},"author":1,"featured_media":0,"parent":2436,"menu_order":0,"comment_status":"closed","ping_status":"closed","template":"","meta":{"footnotes":""},"class_list":["post-3542","page","type-page","status-publish","hentry"],"_links":{"self":[{"href":"https:\/\/groupflorence.com\/ro\/wp-json\/wp\/v2\/pages\/3542","targetHints":{"allow":["GET"]}}],"collection":[{"href":"https:\/\/groupflorence.com\/ro\/wp-json\/wp\/v2\/pages"}],"about":[{"href":"https:\/\/groupflorence.com\/ro\/wp-json\/wp\/v2\/types\/page"}],"author":[{"embeddable":true,"href":"https:\/\/groupflorence.com\/ro\/wp-json\/wp\/v2\/users\/1"}],"replies":[{"embeddable":true,"href":"https:\/\/groupflorence.com\/ro\/wp-json\/wp\/v2\/comments?post=3542"}],"version-history":[{"count":3,"href":"https:\/\/groupflorence.com\/ro\/wp-json\/wp\/v2\/pages\/3542\/revisions"}],"predecessor-version":[{"id":6095,"href":"https:\/\/groupflorence.com\/ro\/wp-json\/wp\/v2\/pages\/3542\/revisions\/6095"}],"up":[{"embeddable":true,"href":"https:\/\/groupflorence.com\/ro\/wp-json\/wp\/v2\/pages\/2436"}],"wp:attachment":[{"href":"https:\/\/groupflorence.com\/ro\/wp-json\/wp\/v2\/media?parent=3542"}],"curies":[{"name":"wp","href":"https:\/\/api.w.org\/{rel}","templated":true}]}}