{"id":3534,"date":"2020-10-01T17:29:38","date_gmt":"2020-10-01T14:29:38","guid":{"rendered":"https:\/\/groupflorence.com\/ro\/?page_id=3534"},"modified":"2020-12-17T01:05:32","modified_gmt":"2020-12-16T22:05:32","slug":"what-is-epilepsy","status":"publish","type":"page","link":"https:\/\/groupflorence.com\/ro\/centers-treatments\/neurological-sciences-center\/what-is-epilepsy\/","title":{"rendered":"Ce este Epilepsia?"},"content":{"rendered":"<p><section id=\"bt_section69ec4def708b0\"  class=\"boldSection gutter\" ><div class=\"port\"><div class=\"boldCell\"><div class=\"boldCellInner\"><\/div><\/div><\/div><\/section><section id=\"bt_section69ec4def708fc\"  class=\"boldSection gutter\" ><div class=\"port\"><div class=\"boldCell\"><div class=\"boldCellInner\"><div class=\"boldRow  \" ><div class=\"boldRowInner\"><div class=\"rowItem col-md-4 col-ms-12 btTextLeft\"  ><div class=\"rowItemContent\" ><div class=\"btClear btSeparator topSpaced noBorder\" ><hr><\/div><div class=\"btCustomMenu treatment-sidebar\" ><div class=\"menu-neurological-sciences-center-container\"><ul id=\"menu-neurological-sciences-center\" class=\"menu\"><li id=\"menu-item-3514\" class=\"menu-item menu-item-type-post_type menu-item-object-page menu-item-has-children menu-item-3514\"><a href=\"https:\/\/groupflorence.com\/ro\/centers-treatments\/\">Centre &#038; Departamente<\/a><ul class=\"sub-menu\"><li id=\"menu-item-3515\" class=\"menu-item menu-item-type-post_type menu-item-object-page menu-item-has-children menu-item-3515\"><a href=\"https:\/\/groupflorence.com\/ro\/centers-treatments\/neurological-sciences-center\/\">Centrul de \u0218tiin\u021be Neurologice<\/a><ul class=\"sub-menu\"><li id=\"menu-item-3521\" class=\"menu-item menu-item-type-post_type menu-item-object-page menu-item-3521\"><a href=\"https:\/\/groupflorence.com\/ro\/centers-treatments\/neurological-sciences-center\/whats-multiple-sclerosis\/\">Ce este Scleroza Multipl\u0103?<\/a><\/li><li id=\"menu-item-3527\" class=\"menu-item menu-item-type-post_type menu-item-object-page menu-item-3527\"><a href=\"https:\/\/groupflorence.com\/ro\/centers-treatments\/neurological-sciences-center\/aneurysm\/\">Anevrismul<\/a><\/li><li id=\"menu-item-3530\" class=\"menu-item menu-item-type-post_type menu-item-object-page menu-item-3530\"><a href=\"https:\/\/groupflorence.com\/ro\/centers-treatments\/neurological-sciences-center\/what-is-coil\/\">Ce este Coil?<\/a><\/li><li id=\"menu-item-3537\" class=\"menu-item menu-item-type-post_type menu-item-object-page menu-item-3537\"><a href=\"https:\/\/groupflorence.com\/ro\/centers-treatments\/neurological-sciences-center\/what-is-epilepsy\/\">Ce este Epilepsia?<\/a><\/li><li id=\"menu-item-3545\" class=\"menu-item menu-item-type-post_type menu-item-object-page menu-item-3545\"><a href=\"https:\/\/groupflorence.com\/ro\/centers-treatments\/neurological-sciences-center\/brain-mri-spectroscopy\/\">Spectroscopie RMN a Creierului<\/a><\/li><\/ul><\/li><\/ul><\/li>\n<\/ul><\/div><\/div><div class=\"btClear btSeparator topSemiSpaced noBorder\" ><hr><\/div><div class=\"boldRow boldInnerRow  bt_bb_hidden_xs bt_bb_hidden_ms bt_bb_hidden_sm\" ><div class=\"rowItem rowInnerItem col-md-12  btTextCenter btMiddleVertical\"  ><div class=\"rowItemContent\"><div class=\"bpgPhoto btTextCenter\" > \r\n\t\t\t\t\t<a href=\"https:\/\/groupflorence.com\/ro\/patient-guide\/covid-19-precautions\/\" target=\"_blank\" title=\"\"><\/a>\r\n\t\t\t\t\t<div class=\"boldPhotoBox\"><div class=\"bpbItem\"><div class = \"btImage\"><img decoding=\"async\" src=\"https:\/\/groupflorence.com\/ro\/wp-content\/uploads\/2020\/12\/covid-safe-sidebar-320x186.jpg\" alt=\"\" title=\"\" ><\/div><\/div><\/div>\r\n\t\t\t\t\t<div class=\"captionPane\">\r\n\t\t\t\t\t\t<div class=\"captionTable\">\r\n\t\t\t\t\t\t\t<div class=\"captionCell\">\r\n\t\t\t\t\t\t\t\t<div class=\"captionTxt\"><\/div>\r\n\t\t\t\t\t\t\t<\/div>\r\n\t\t\t\t\t\t<\/div>\r\n\t\t\t\t\t<\/div><\/div><div class=\"btClear btSeparator topSmallSpaced bottomSmallSpaced border\" ><hr><\/div><a href=\"https:\/\/groupflorence.com\/ro\/contact-us\/\" class=\"btBtn btBtn btnFilledStyle btnAccentColor btnBig btnNormalWidth btnLeftPosition btnNoIcon\" ><span class=\"btnInnerText\">Ask A Question<\/span><\/a><\/div><\/div><\/div><\/div><\/div><div class=\"rowItem col-md-8 col-ms-12 btTextLeft\"  ><div class=\"rowItemContent\" ><div class=\"btClear btSeparator topSemiSpaced noBorder\" ><hr><\/div><header class=\"header btClear medium btDash bottomDash  btNormalDash\" ><div class=\"dash\"><h3><span class=\"headline\"><b class=\"animate\">Ce este Epilepsia?<\/b><\/span><\/h3><\/div><\/header><div class=\"btClear btSeparator topExtraSmallSpaced noBorder\" ><hr><\/div><div class=\"btText\" ><\/p>\n<p>Criza epileptic\u0103 este o afec\u021biune clinic\u0103 care rezult\u0103 din extinderea electric\u0103 anormal\u0103 temporar\u0103 a celulelor creierului. Tulbur\u0103rile legate de func\u021biile con\u0219tiin\u021bei, comportamentului, emo\u021biilor, mi\u0219c\u0103rilor sau percep\u021biei sunt observate clinic limitate la o perioad\u0103 de timp. Fiecare persoan\u0103 care sufer\u0103 de un atac de apoplexie nu \u00eenseamn\u0103 c\u0103 are epilepsie. Epilepsia este diagnosticat\u0103 dac\u0103 atacurile se repet\u0103 \u00een timp cu anumite caracteristici pentru fiecare pacient, uneori spontan \u0219i uneori pe baza factorilor declan\u0219atori.<\/p>\n<p>Epilepsia este cea mai frecvent\u0103 tulburare neurologic\u0103 a copil\u0103riei \u0219i adolescen\u021bei \u0219i a doua tulburare la v\u00e2rsta adult\u0103 dup\u0103 accident vascular cerebral. Inciden\u021ba \u00een \u021b\u0103rile dezvoltate este de 20-50\/100.000. Aceast\u0103 boal\u0103 este v\u0103zut\u0103 cu frecven\u021b\u0103 egal\u0103 la b\u0103rba\u021bi \u0219i femei din toate grupele de v\u00e2rst\u0103, dar este observat\u0103 \u00een cea mai mare parte \u00een grupurile cele mai tinere \u0219i mai vechi.<\/p>\n<p>Necesit\u0103 un tratament \u0219i o monitorizare pe termen lung, aceast\u0103 boal\u0103 afecteaz\u0103 \u00een mod semnificativ calitatea vie\u021bii. Convulsiile sunt controlate cu un tratament precis la majoritatea pacien\u021bilor, iar pacien\u021bii \u00ee\u0219i continu\u0103 via\u021ba normal\u0103. Astfel, este foarte important s\u0103 controla\u021bi convulsiile. Cu toate acestea, crizele nu pot fi controlate la 25% din pacient, \u00een ciuda utiliz\u0103rii adecvate a medicamentelor. Pacien\u0163ii care sunt rezisten\u0163i la terapia medicamentoas\u0103 sau care nu pot tolera tratamentul datorit\u0103 efectelor secundare ale terapiei antiepileptice sunt candida\u0163i la opera\u0163ia de epilepsie.<\/p>\n<p>\n<\/div><div class=\"btClear btSeparator topSmallSpaced noBorder\" ><hr><\/div><header class=\"header btClear medium btDash bottomDash  btAccentDash\" ><div class=\"dash\"><h3><span class=\"headline\">Cum este diagnosticat\u0103 epilepsia?<\/span><\/h3><\/div><\/header><div class=\"btClear btSeparator topExtraSmallSpaced noBorder\" ><hr><\/div><div class=\"btText\" ><\/p>\n<p>Epilepsia este o boal\u0103 diagnosticat\u0103 clinic. Determinarea dac\u0103 o criz\u0103 este epilepsie sau nu, dac\u0103 este epilepsie, observarea pacientului \u0219i\/sau a rudei pacientului \u0219i prezentarea exact\u0103 a acestuia la medic pentru a detecta tipul acesteia sunt foarte importante. Dup\u0103 diagnosticarea epilepsiei, determinarea tipului de epilepsie va fi util\u0103 cu privire la medicamentele epileptice care ar fi mai eficiente.<\/p>\n<p>\n<\/div><div class=\"btClear btSeparator topSmallSpaced noBorder\" ><hr><\/div><header class=\"header btClear medium btDash bottomDash  btAccentDash\" ><div class=\"dash\"><h3><span class=\"headline\">Testele pentru diagnosticarea epilepsiei<\/span><\/h3><\/div><\/header><div class=\"btClear btSeparator topExtraSmallSpaced noBorder\" ><hr><\/div><div class=\"btText\" ><\/p>\n<p><strong>Electroencefalografia:<\/strong> EEG constituie pilonul principal al \u015ftiin\u0163ei epilepsiei. EEG se bazeaz\u0103 pe principiul \u00eenregistr\u0103rii fluctua\u021biei activit\u0103\u021bii electrice a unui grup larg de celule nervoase. \u00cenregistrarea se face prin lipirea electrozilor pe scalp. Aceast\u0103 examinare nu este dureroas\u0103 sau d\u0103un\u0103toare s\u0103n\u0103t\u0103\u021bii. Nu exist\u0103 contact cu electricitatea. \u00cen plus fa\u021b\u0103 de dispozitivele EEG conven\u021bionale din ce \u00een ce mai dezvoltate cu sprijinul tehnologiei, examin\u0103rile telemetrice \u0219i examin\u0103rile de monitorizare video EEG, de asemenea, utile pentru o mai bun\u0103 evaluare a pacien\u021bilor cu epilepsie. Deoarece examinarea EEG este o evaluare pe termen scurt, tulburarea nu poate fi detectat\u0103 pentru prima evaluare. Examinarea EEG de mai multe ori sau chiar monitorizarea somnului pe termen lung \u015fi scurt prin men\u0163inerea st\u0103rii de veghe a pacientului poate fi necesar\u0103 \u00een cazuri suspectate clinic sau recurente<\/p>\n<p><strong>Imagistica prin rezonan\u021b\u0103 magnetic\u0103 (RMN): <\/strong>oferind cele mai bune informa\u021bii despre structura creierului, RMN se efectueaz\u0103 \u00een pozi\u021bie de sus \u00een interiorul unui magnet circular mare. De\u0219i nu este necesar pentru fiecare pacient, efectuarea RMN este foarte important\u0103 pentru a descoperi cauza principal\u0103, \u00een special la pacien\u021bii care sunt considera\u021bi a avea epilepsie focal\u0103.<\/p>\n<p><strong>Tomografie computerizat\u0103 (CT): <\/strong>De\u0219i nu este la fel de sensibil\u0103 ca RMN, CT este o metod\u0103 de analiz\u0103 utilizat\u0103 pentru imagistica leziunilor structurale care func\u021bioneaz\u0103 prin utilizarea razelor X. Acesta poate fi preferat \u00een absen\u021ba RMN.<\/p>\n<p><strong>Teste de s\u00e2nge:<\/strong> Poate fi necesar s\u0103 se evalueze starea general\u0103 de s\u0103n\u0103tate a pacientului cu o varietate de examin\u0103ri de s\u00e2nge \u0219i s\u0103 se examineze motivele care pot fi responsabile de epilepsie.<\/p>\n<p>\n<\/div><div class=\"btClear btSeparator topSmallSpaced noBorder\" ><hr><\/div><header class=\"header btClear medium btDash bottomDash  btAccentDash\" ><div class=\"dash\"><h3><span class=\"headline\">Tratamentul bolii epileptice<\/span><\/h3><\/div><\/header><div class=\"btClear btSeparator topExtraSmallSpaced noBorder\" ><hr><\/div><div class=\"btText\" ><\/p>\n<p>Epilepsia este o boal\u0103 care poate fi tratat\u0103. Primul pas \u00een tratamentul epilepsiei este diagnosticul precis \u0219i de a determina dac\u0103 tratamentul medical este necesar sau nu. Aproximativ o persoan\u0103 din 20 de persoane poate avea convulsii o dat\u0103 pe via\u021b\u0103 \u0219i o criz\u0103 poate s\u0103 nu se repete dup\u0103 o singur\u0103 criz\u0103. Astfel, \u00eenceperea medica\u021biei dup\u0103 prima criz\u0103 nu este preferat\u0103 \u00een cea mai mare parte.<\/p>\n<p>Dup\u0103 efectuarea diagnosticului precis \u0219i determinarea necesit\u0103\u021bii unui tratament, se ia decizia cu privire la terapia medicamentoas\u0103 care urmeaz\u0103 s\u0103 fie ini\u021biat\u0103. \u00cen general, se ini\u0163iaz\u0103 un singur medicament cu o doz\u0103 mic\u0103 \u015fi apoi doza cre\u015fte treptat. \u00centre timp, urm\u0103rirea de c\u0103tre medic continu\u0103 \u0219i medica\u021bie nivelurile sanguine care pot fi m\u0103surate prin ob\u021binerea probei de s\u00e2nge atunci c\u00e2nd este necesar sunt evaluate. Cooperarea pacientului este foarte important\u0103 \u00een ceea ce prive\u0219te adaptarea la tratamentul regulat care continu\u0103 de ani de zile.<br \/>\nPe l\u00e2ng\u0103 beneficiile fiec\u0103rui medicament, vor fi prezente \u0219i efecte secundare. Unele efecte secundare scad \u0219i dispar pe m\u0103sur\u0103 ce organismul se obi\u0219nuie\u0219te cu medicamentul. Cele mai frecvente efecte secundare sunt somnolen\u021ba, ame\u021belile \u0219i dezechilibrul. \u00cen cazul \u00een care acest tip de reac\u0163ii adverse preconizate a fi pierdute \u00een primele c\u00e2teva s\u0103pt\u0103m\u00e2ni continu\u0103, \u00een timp ce uneori reducerea dozei este suficient\u0103, alte op\u0163iuni medicamentoase pot fi \u00eencercate \u015fi \u00een anumite condi\u0163ii.<\/p>\n<p>\u00cen timp ce crizele epileptice la patru din cinci pacien\u0163i pot fi controlate prin utilizarea adecvat\u0103 a medicamentelor, convulsiile pot continua la un pacient. Aceast\u0103 afec\u021biune se nume\u0219te epilepsie rezistent\u0103 la medicamente. Ini\u021bial, medicamentul care a fost \u00eenceput \u00een primul r\u00e2nd este \u00eenlocuit sau se adaug\u0103 un al doilea medicament. Opera\u0163ia de epilepsie poate fi efectuat\u0103 la unii pacien\u0163i selecta\u0163i cu epilepsie rezistent\u0103. Evaluarea acestor pacien\u0163i de c\u0103tre medici specializa\u0163i \u00een epilepsie la centrele de epilepsie ar fi adecvat\u0103.<\/p>\n<p>\n<\/div><div class=\"btClear btSeparator topSmallSpaced noBorder\" ><hr><\/div><header class=\"header btClear medium btDash bottomDash  btAccentDash\" ><div class=\"dash\"><h3><span class=\"headline\">Centrul de epilepsie<\/span><\/h3><\/div><\/header><div class=\"btClear btSeparator topExtraSmallSpaced noBorder\" ><hr><\/div><div class=\"btText\" ><\/p>\n<p>Aproximativ 10 p\u00e2n\u0103 la 15% dintre persoanele cu epilepsie necesit\u0103 centru de epilepsie. Pacientul trebuie evaluat de c\u0103tre o echip\u0103 multidisciplinar\u0103 dac\u0103 crizele epileptice nu pot fi controlate \u00een decurs de 1-2 ani de la \u00eenceperea tratamentului, utilizarea medicamentelor combinate e\u0219ueaz\u0103, apar efecte secundare inacceptabile ale medicamentelor antiepileptice, exist\u0103 leziuni RMN, tipul de convulsii sau sindromul epilepsiei este incert, \u0219i \u00eenso\u021bitoare psihologice \u0219i\/sau boli psihice este prezent.<\/p>\n<p>\u00cen centrul nostru constituit \u00een cadrul Unit\u0103\u0163ii de Neurologie a Spitalului Florence Nightingale din Istanbul, cercet\u0103rile \u015fi tratamentele care necesit\u0103 tratament medical \u015fi chirurgical pot fi aplicate cu o abordare multidisciplinar\u0103 pentru pacien\u0163ii cu epilepsie. \u00cen centrul nostru lucreaz\u0103 \u00eempreun\u0103 exper\u021bi multidisciplinari, cum ar fi neurologi, neurochirurgie \u0219i neurochirurgie, psihiatri, neuropsihologi, terapeu\u021bi fizici specializa\u021bi \u00een epilepsie.<\/p>\n<h4>1. Clinica epilepsie<\/h4>\n<p>Programele avansate de diagnostic \u0219i tratament de ast\u0103zi sunt aplicate pacien\u021bilor care sunt referi\u021bi la aceast\u0103 clinic\u0103 din clinica de urgen\u021b\u0103 sau de neurologie general\u0103 datorit\u0103 diagnosticului preliminar sau diagnosticului de epilepsie. \u00cen cadrul acestui grup, pacien\u0163ii cu epilepsie rezistent\u0103 care sunt considera\u0163i candida\u0163i la opera\u0163ia de epilepsie sunt direc\u0163iona\u0163i c\u0103tre clinica de chirurgie pentru epilepsie \u015fi urm\u0103ri\u0163i conform preg\u0103tirii preoperatorii a opera\u0163iei de epilepsie. De asemenea, \u00een cadrul acestei clinici sunt programate consiliere pentru pacien\u0163i \u015fi rudele acestora cu privire la problemele sociale pe care pacien\u0163ii cu epilepsie le \u00eent\u00e2mpin\u0103 dificult\u0103\u0163i precum c\u0103s\u0103toria \u015fi av\u00e2nd copii, militari \u015fi educa\u0163ie; pacien\u0163ii sunt evalua\u0163i la clinic\u0103 psihiatric\u0103 atunci c\u00e2nd este necesar.<\/p>\n<h4>2. Clinica de chirurgie epilepsie<\/h4>\n<p>\u00cen aceste clinici sunt programate monitorizarea preoperatorie \u015fi postoperatorie a pacien\u0163ilor care sunt candida\u0163i pentru opera\u0163ii de epilepsie sau care au suferit interven\u0163ii chirurgicale de epilepsie. Pacien\u0163ii sunt spitaliza\u0163i \u015fi observa\u0163i timp de 1 p\u00e2n\u0103 la 7 zile, \u00een special pentru a efectua examin\u0103rile rapid \u015fi complet \u00een timpul perioadei de preg\u0103tire preoperatorie.<\/p>\n<h4>3. Laborator electroencefalo<\/h4>\n<p>Inclusiv 2 32 canale de dispozitiv EEG, laboratorul nostru are o unitate fix\u0103 \u0219i una portabil\u0103 \u0219i \u00een func\u021biune timp de 24 de ore\/7 zi. \u00cen prezent, se efectueaz\u0103 examin\u0103ri EEG pe termen scurt, dormit pe timp de noapte \u0219i video cu ajutorul dispozitivului nostru fix. Noptiera EEG este realizat\u0103 cu dispozitivul nostru EEG portabil, care nu pot veni la laborator.<\/p>\n<h4>4. Laborator de monitorizare EEG<\/h4>\n<p>Monitorizarea preoperatorie neinvaziva a pacientilor care sunt initial candidati la operatia de epilepsie sunt efectuate cu dispozitivul nostru EEG 128 de canale. Cel putin 5 ori de inregistrare clinica si electrofiziologica a crizelor sunt necesare pentru a lua o decizie sanatoasa. planificate pentru acest motiv. Reducerea medica\u021biei sau chiar \u00eentreruperea tratamentului atunci c\u00e2nd este necesar este o metod\u0103 practicat\u0103 \u00een centrul nostru la fel ca \u00een \u00eentreaga lume. \u00cen plus, unitatea de monitorizare video este singura metod\u0103 de diagnosticare pentru separarea sechestrului efectiv de pseudo-convulsii. \u00cen acest scop, se ofer\u0103 \u0219i servicii pacien\u021bilor care sunt trimi\u0219i de la clinica de cardiologie pentru diagnosticul diferen\u021bial al psihiatriei \u0219i sincop\u0103 \u00een special.<\/p>\n<p>\n<\/div><div class=\"btClear btSeparator topSemiSpaced noBorder\" ><hr><\/div><div class=\"boldRow boldInnerRow  \" ><div class=\"rowItem rowInnerItem col-md-4  btTextCenter inherit btNoPadding\" style=\"border: 1px solid #999;background-color: rgba(241, 241, 241, 1);\" ><div class=\"rowItemContent\"><div class=\"bpgPhoto btTextCenter\" ><div class=\"btImage\"><img decoding=\"async\" src=\"https:\/\/groupflorence.com\/ro\/wp-content\/uploads\/2020\/10\/Yasef-O_zsarfati.jpg\" alt=\"\" title=\"\"><\/div><\/div><div class=\"btIconImageRow btIconsHalfHoverPosition\" ><\/div><div class=\"btClear btSeparator topSmallSpaced noBorder\" ><hr><\/div><div class=\"btText\" ><\/p>\n<h4><a href=\"https:\/\/groupflorence.com\/ro\/doctors\/yasef-ozsarfati\/\">Prof. Yasef \u00d6zsarfati<\/a><\/h4>\n<p>\n<\/div><div class=\"btClear btSeparator bottomExtraSmallSpaced noBorder\" ><hr><\/div><a href=\"https:\/\/groupflorence.com\/ro\/doctors\/yasef-ozsarfati\/\" class=\"btBtn btBtn btnFilledStyle btnLightColor btnSmall btnNormalWidth btnRightPosition btnNoIcon\"  target=\"_blank\"><span class=\"btnInnerText\">VIEW CV<\/span><\/a><div class=\"btClear btSeparator topExtraSmallSpaced bottomSmallSpaced noBorder\" ><hr><\/div><\/div><\/div><div class=\"rowItem rowInnerItem col-md-4  btTextCenter inherit btNoPadding\" style=\"background-color: rgba(241, 241, 241, 1);\" ><div class=\"rowItemContent\"><\/div><\/div><div class=\"rowItem rowInnerItem col-md-4  btTextCenter inherit btNoPadding\" style=\"background-color: rgba(241, 241, 241, 1);\" ><div class=\"rowItemContent\"><\/div><\/div><\/div><div class=\"btClear btSeparator topSemiSpaced noBorder\" ><hr><\/div><header class=\"header btClear medium btDash bottomDash  btAccentDash\" ><div class=\"dash\"><h3><span class=\"headline\"><em>Contact Us Now<\/em><\/span><\/h3><\/div><\/header><div class=\"btClear btSeparator bottomSmallSpaced noBorder\" ><hr><\/div><div class=\"btText\" >\n<div class=\"wpcf7 no-js\" id=\"wpcf7-f2891-o1\" lang=\"tr-TR\" dir=\"ltr\" data-wpcf7-id=\"2891\">\n<div class=\"screen-reader-response\"><p role=\"status\" aria-live=\"polite\" aria-atomic=\"true\"><\/p> <ul><\/ul><\/div>\n<form action=\"\/ro\/wp-json\/wp\/v2\/pages\/3534#wpcf7-f2891-o1\" method=\"post\" class=\"wpcf7-form init wpcf7-acceptance-as-validation\" aria-label=\"\u0130leti\u015fim Formu\" novalidate=\"novalidate\" data-status=\"init\">\n<fieldset class=\"hidden-fields-container\"><input type=\"hidden\" name=\"_wpcf7\" value=\"2891\" \/><input type=\"hidden\" name=\"_wpcf7_version\" value=\"6.1.5\" \/><input type=\"hidden\" name=\"_wpcf7_locale\" value=\"tr_TR\" \/><input type=\"hidden\" name=\"_wpcf7_unit_tag\" value=\"wpcf7-f2891-o1\" \/><input type=\"hidden\" name=\"_wpcf7_container_post\" value=\"0\" \/><input type=\"hidden\" name=\"_wpcf7_posted_data_hash\" value=\"\" \/>\n<\/fieldset>\n<p style=\"margin-bottom:30px !important;\">\u00cen timp ce completa\u021bi formularul de contact de mai jos, pute\u021bi, de asemenea, s\u0103 ne trimite\u021bi fi\u0219ierele medicale ale pacientului\/dumneavoastr\u0103 prin <strong>transfer<\/strong>. A doua opinie medical\u0103 v\u0103 va fi prezentat\u0103 \u00een termen de 48 de ore.\n<\/p>\n<div class=\"boldRow boldInnerRow  \">\n\t<div class=\"rowItem rowInnerItem col-md-6  btTextLeft\">\n\t\t<div class=\"rowItemContent\">\n\t\t\t<p><label><span class=\"bt_bb_required\">Numele t\u0103u<\/span><br \/>\n<span class=\"wpcf7-form-control-wrap\" data-name=\"your-name\"><input size=\"40\" maxlength=\"400\" class=\"wpcf7-form-control wpcf7-text wpcf7-validates-as-required\" aria-required=\"true\" aria-invalid=\"false\" value=\"\" type=\"text\" name=\"your-name\" \/><\/span> <\/label>\n\t\t\t<\/p>\n\t\t\t<p><label><span class=\"bt_bb_required\">E-mailul dvs.<\/span><br \/>\n<span class=\"wpcf7-form-control-wrap\" data-name=\"your-email\"><input size=\"40\" maxlength=\"400\" class=\"wpcf7-form-control wpcf7-email wpcf7-validates-as-required wpcf7-text wpcf7-validates-as-email\" aria-required=\"true\" aria-invalid=\"false\" value=\"\" type=\"email\" name=\"your-email\" \/><\/span> <\/label>\n\t\t\t<\/p>\n\t\t\t<p><label><span class=\"bt_bb_required\">Telefonul dvs.<\/span><br \/>\n<span class=\"wpcf7-form-control-wrap\" data-name=\"your-phone\"><input size=\"40\" class=\"wpcf7-form-control wpcf7-phonetext wpcf7-text wpcf7-validates-as-phonetext\" id=\"int_phone\" aria-invalid=\"false\" value=\"\" type=\"text\" name=\"your-phone\" \/><input type=\"hidden\" name=\"your-phone-country-code\" class=\"wpcf7-phonetext-country-code\" \/><\/span> <\/label>\n\t\t\t<\/p>\n\t\t\t<p><label><span class=\"bt_bb_required\">Mesajul dvs.<\/span><br \/>\n<span class=\"wpcf7-form-control-wrap\" data-name=\"your-message\"><textarea cols=\"40\" rows=\"10\" maxlength=\"2000\" class=\"wpcf7-form-control wpcf7-textarea wpcf7-validates-as-required\" aria-required=\"true\" aria-invalid=\"false\" name=\"your-message\"><\/textarea><\/span> <\/label>\n\t\t\t<\/p>\n\t\t\t<p><label><span class=\"bt_bb_required\" style=\"margin-top:25px !important;\"><span class=\"wpcf7-form-control-wrap\" data-name=\"accept-this-1\"><span class=\"wpcf7-form-control wpcf7-acceptance\"><span class=\"wpcf7-list-item\"><label><input type=\"checkbox\" name=\"accept-this-1\" value=\"1\" aria-invalid=\"false\" \/><span class=\"wpcf7-list-item-label\">Sunt de acord cu <a target=\"_blank\" href=\"https:\/\/groupflorence.com\/ro\/terms-of-use\/\">Termenii \u0219i Serviciile<\/a>.<\/span><\/label><\/span><\/span><\/span><\/span><\/label>\n\t\t\t<\/p>\n\t\t\t<p><input class=\"wpcf7-form-control wpcf7-submit has-spinner contact_button_int\" type=\"submit\" value=\"TRIMITE MESAJ\" \/>\n\t\t\t<\/p>\n\t\t<\/div>\n\t<\/div>\n\t<div class=\"rowItem rowInnerItem col-md-6  btTextLeft\">\n\t\t<div class=\"rowItemContent\">\n\t\t\t<p align=\"center\" style=\"margin-top:30px;\"><br \/>\n<a href=\"http:\/\/florencenightingale.wetransfer.com\/\" target=\"_blank\" title=\"Click Here To Transfer Your Documents via WeTransfer\"><img decoding=\"async\"  align=\"center\" style=\"max-width:250px !important;\" class=\"lazy loaded\" src=\"https:\/\/groupflorence.com\/ro\/wp-content\/uploads\/2020\/08\/89130-wetransfer-default-logo-rgb-original-1365619064-e1599162229581.png\" data-src=\"https:\/\/groupflorence.com\/ro\/wp-content\/uploads\/2020\/08\/89130-wetransfer-default-logo-rgb-original-1365619064-e1599162229581.png\" alt=\"Click Here To Transfer Your Documents via WeTransfer\" title=\"Click Here To Transfer Your Documents via WeTransfer\" data-was-processed=\"true\" \/><\/a>\n\t\t\t<\/p>\n\t\t\t<h3 align=\"center\"><a href=\"http:\/\/florencenightingale.wetransfer.com\/\" target=\"_blank\" title=\"Click Here To Transfer Your Documents via WeTransfer\">Trimite prin WeTransfer<\/a>\n\t\t\t<\/h3>\n\t\t\t<p align=\"center\">Pute\u021bi trimite documentele dvs. medicale supradimensionate (\u00eenregistr\u0103ri RMN, rezultate de laborator, imagini etc.) folosind contul nostru WeTransfer. Este u\u0219or, rapid \u0219i sigur.\n\t\t\t<\/p>\n\t\t<\/div>\n\t\t<center>\n\t\t\t<p><a href=\"http:\/\/florencenightingale.wetransfer.com\/\" class=\"btBtn btBtn btnFilledStyle btnAccentColor btnSmall btnNormalWidth btnRightPosition btnNoIcon\" target=\"_blank\"><span class=\"btnInnerText\">Trimite acum<\/span><\/a>\n\t\t\t<\/p>\n\t\t<\/center>\n\t<\/div>\n<\/div><div class=\"wpcf7-response-output\" aria-hidden=\"true\"><\/div>\n<\/form>\n<\/div>\n<\/div><div class=\"btClear btSeparator topSpaced noBorder\" ><hr><\/div><\/div><\/div><\/div><\/div><\/div><\/div><\/div><\/section><\/p>\n","protected":false},"excerpt":{"rendered":"","protected":false},"author":1,"featured_media":0,"parent":2436,"menu_order":7,"comment_status":"closed","ping_status":"closed","template":"","meta":{"footnotes":""},"class_list":["post-3534","page","type-page","status-publish","hentry"],"_links":{"self":[{"href":"https:\/\/groupflorence.com\/ro\/wp-json\/wp\/v2\/pages\/3534","targetHints":{"allow":["GET"]}}],"collection":[{"href":"https:\/\/groupflorence.com\/ro\/wp-json\/wp\/v2\/pages"}],"about":[{"href":"https:\/\/groupflorence.com\/ro\/wp-json\/wp\/v2\/types\/page"}],"author":[{"embeddable":true,"href":"https:\/\/groupflorence.com\/ro\/wp-json\/wp\/v2\/users\/1"}],"replies":[{"embeddable":true,"href":"https:\/\/groupflorence.com\/ro\/wp-json\/wp\/v2\/comments?post=3534"}],"version-history":[{"count":4,"href":"https:\/\/groupflorence.com\/ro\/wp-json\/wp\/v2\/pages\/3534\/revisions"}],"predecessor-version":[{"id":6093,"href":"https:\/\/groupflorence.com\/ro\/wp-json\/wp\/v2\/pages\/3534\/revisions\/6093"}],"up":[{"embeddable":true,"href":"https:\/\/groupflorence.com\/ro\/wp-json\/wp\/v2\/pages\/2436"}],"wp:attachment":[{"href":"https:\/\/groupflorence.com\/ro\/wp-json\/wp\/v2\/media?parent=3534"}],"curies":[{"name":"wp","href":"https:\/\/api.w.org\/{rel}","templated":true}]}}